

{"id":4482,"date":"2020-03-04T15:58:13","date_gmt":"2020-03-04T14:58:13","guid":{"rendered":"https:\/\/www.gamapa.de\/kontakt\/"},"modified":"2025-08-07T12:36:20","modified_gmt":"2025-08-07T10:36:20","slug":"contact","status":"publish","type":"page","link":"https:\/\/www.gamapa.de\/fr\/contact\/","title":{"rendered":"Contact"},"content":{"rendered":"\n<h2 class=\"wp-block-heading\">Nous vous invitons \u00e0 nous contacter&nbsp;!<\/h2>\n\n\n\n<p><strong>Dr. Gantef\u00fchrer, Marquardt &amp; Partner mbB<\/strong> <br>Alte K\u00e4mmerei | Marktplatz 6<br>40213 D\u00fcsseldorf <br><br>T\u00e9l: + 49-(0)211-8989-0<br>Fax: + 49-(0)211-8989-150<br>E-Mail: <a href=\"mailto:mail@gamapa.de\">mail@gamapa.de<\/a><\/p>\n\n\n\n<p>Si vous venez en voiture, utilisez l\u2019un des parkings \u00e0 \u00e9tages \u00e0 proximit\u00e9.<\/p>\n\n\n\n<p>Vous pouvez \u00e9galement nous rejoindre avec toutes les lignes de m\u00e9tro qui desservent la Heinrich-Heine-Allee. Vous trouverez les horaires sur <a href=\"https:\/\/www.vrr.de\/\">www.vrr.de<\/a><\/p>\n\n\n\n<div class=\"wp-block-columns is-layout-flex wp-container-core-columns-is-layout-9d6595d7 wp-block-columns-is-layout-flex\"><\/div>\n","protected":false},"excerpt":{"rendered":"<p>Nous vous invitons \u00e0 nous contacter&nbsp;! Dr. Gantef\u00fchrer, Marquardt &amp; Partner mbB Alte K\u00e4mmerei | Marktplatz 640213 D\u00fcsseldorf T\u00e9l: + 49-(0)211-8989-0Fax: + 49-(0)211-8989-150E-Mail: mail@gamapa.de Si vous venez en voiture, utilisez l\u2019un des parkings \u00e0 \u00e9tages \u00e0 proximit\u00e9. Vous pouvez \u00e9galement nous rejoindre avec toutes les lignes de m\u00e9tro qui desservent la Heinrich-Heine-Allee. Vous trouverez les <a href=\"https:\/\/www.gamapa.de\/fr\/contact\/\">[\u2026]<\/a><\/p>\n","protected":false},"author":1,"featured_media":19960,"parent":0,"menu_order":7,"comment_status":"closed","ping_status":"closed","template":"templates\/template-kontakt.php","meta":{"_acf_changed":false,"_uag_custom_page_level_css":"","footnotes":""},"class_list":["post-4482","page","type-page","status-publish","has-post-thumbnail","hentry"],"acf":[],"yoast_head":"<!-- This site is optimized with the Yoast SEO plugin v27.5 - https:\/\/yoast.com\/product\/yoast-seo-wordpress\/ -->\n<title>Contact - GANTEF\u00dcHRER<\/title>\n<meta name=\"robots\" content=\"index, follow, max-snippet:-1, max-image-preview:large, max-video-preview:-1\" \/>\n<link rel=\"canonical\" href=\"https:\/\/www.gamapa.de\/fr\/contact\/\" \/>\n<meta property=\"og:locale\" content=\"fr_FR\" \/>\n<meta property=\"og:type\" content=\"article\" \/>\n<meta property=\"og:title\" content=\"Contact - GANTEF\u00dcHRER\" \/>\n<meta property=\"og:description\" content=\"Nous vous invitons \u00e0 nous contacter&nbsp;! Dr. Gantef\u00fchrer, Marquardt &amp; Partner mbB Alte K\u00e4mmerei | Marktplatz 640213 D\u00fcsseldorf T\u00e9l: + 49-(0)211-8989-0Fax: + 49-(0)211-8989-150E-Mail: mail@gamapa.de Si vous venez en voiture, utilisez l\u2019un des parkings \u00e0 \u00e9tages \u00e0 proximit\u00e9. Vous pouvez \u00e9galement nous rejoindre avec toutes les lignes de m\u00e9tro qui desservent la Heinrich-Heine-Allee. Vous trouverez les [\u2026]\" \/>\n<meta property=\"og:url\" content=\"https:\/\/www.gamapa.de\/fr\/contact\/\" \/>\n<meta property=\"og:site_name\" content=\"GANTEF\u00dcHRER\" \/>\n<meta property=\"article:modified_time\" content=\"2025-08-07T10:36:20+00:00\" \/>\n<meta property=\"og:image\" content=\"https:\/\/www.gamapa.de\/wp-content\/uploads\/2025\/06\/eingansbereich-schmalv3-scaled.jpg\" \/>\n\t<meta property=\"og:image:width\" content=\"2560\" \/>\n\t<meta property=\"og:image:height\" content=\"764\" \/>\n\t<meta property=\"og:image:type\" content=\"image\/jpeg\" \/>\n<meta name=\"twitter:card\" content=\"summary_large_image\" \/>\n<meta name=\"twitter:label1\" content=\"Dur\u00e9e de lecture estim\u00e9e\" \/>\n\t<meta name=\"twitter:data1\" content=\"1 minute\" \/>\n<script type=\"application\/ld+json\" class=\"yoast-schema-graph\">{\"@context\":\"https:\\\/\\\/schema.org\",\"@graph\":[{\"@type\":\"WebPage\",\"@id\":\"https:\\\/\\\/www.gamapa.de\\\/fr\\\/contact\\\/\",\"url\":\"https:\\\/\\\/www.gamapa.de\\\/fr\\\/contact\\\/\",\"name\":\"Contact - GANTEF\u00dcHRER\",\"isPartOf\":{\"@id\":\"https:\\\/\\\/www.gamapa.de\\\/fr\\\/#website\"},\"primaryImageOfPage\":{\"@id\":\"https:\\\/\\\/www.gamapa.de\\\/fr\\\/contact\\\/#primaryimage\"},\"image\":{\"@id\":\"https:\\\/\\\/www.gamapa.de\\\/fr\\\/contact\\\/#primaryimage\"},\"thumbnailUrl\":\"https:\\\/\\\/www.gamapa.de\\\/wp-content\\\/uploads\\\/2025\\\/06\\\/eingansbereich-schmalv3-scaled.jpg\",\"datePublished\":\"2020-03-04T14:58:13+00:00\",\"dateModified\":\"2025-08-07T10:36:20+00:00\",\"breadcrumb\":{\"@id\":\"https:\\\/\\\/www.gamapa.de\\\/fr\\\/contact\\\/#breadcrumb\"},\"inLanguage\":\"fr-FR\",\"potentialAction\":[{\"@type\":\"ReadAction\",\"target\":[\"https:\\\/\\\/www.gamapa.de\\\/fr\\\/contact\\\/\"]}]},{\"@type\":\"ImageObject\",\"inLanguage\":\"fr-FR\",\"@id\":\"https:\\\/\\\/www.gamapa.de\\\/fr\\\/contact\\\/#primaryimage\",\"url\":\"https:\\\/\\\/www.gamapa.de\\\/wp-content\\\/uploads\\\/2025\\\/06\\\/eingansbereich-schmalv3-scaled.jpg\",\"contentUrl\":\"https:\\\/\\\/www.gamapa.de\\\/wp-content\\\/uploads\\\/2025\\\/06\\\/eingansbereich-schmalv3-scaled.jpg\",\"width\":2560,\"height\":764,\"caption\":\"Besprechungsraum der Soziet\u00e4t Gantef\u00fchrer mit Bild an der Wand und Blick auf ein Office hinter Vorh\u00e4ngen\"},{\"@type\":\"BreadcrumbList\",\"@id\":\"https:\\\/\\\/www.gamapa.de\\\/fr\\\/contact\\\/#breadcrumb\",\"itemListElement\":[{\"@type\":\"ListItem\",\"position\":1,\"name\":\"Startseite\",\"item\":\"https:\\\/\\\/www.gamapa.de\\\/fr\\\/\"},{\"@type\":\"ListItem\",\"position\":2,\"name\":\"Contact\"}]},{\"@type\":\"WebSite\",\"@id\":\"https:\\\/\\\/www.gamapa.de\\\/fr\\\/#website\",\"url\":\"https:\\\/\\\/www.gamapa.de\\\/fr\\\/\",\"name\":\"GANTEF\u00dcHRER\",\"description\":\"Wirtschaftspr\u00fcfer, Steuerberater, Rechtsanw\u00e4lte\",\"publisher\":{\"@id\":\"https:\\\/\\\/www.gamapa.de\\\/fr\\\/#organization\"},\"potentialAction\":[{\"@type\":\"SearchAction\",\"target\":{\"@type\":\"EntryPoint\",\"urlTemplate\":\"https:\\\/\\\/www.gamapa.de\\\/fr\\\/?s={search_term_string}\"},\"query-input\":{\"@type\":\"PropertyValueSpecification\",\"valueRequired\":true,\"valueName\":\"search_term_string\"}}],\"inLanguage\":\"fr-FR\"},{\"@type\":\"Organization\",\"@id\":\"https:\\\/\\\/www.gamapa.de\\\/fr\\\/#organization\",\"name\":\"Gantef\u00fchrer Wirtschaftspr\u00fcfer, Steuerberater, Rechtsanw\u00e4lte\",\"url\":\"https:\\\/\\\/www.gamapa.de\\\/fr\\\/\",\"logo\":{\"@type\":\"ImageObject\",\"inLanguage\":\"fr-FR\",\"@id\":\"https:\\\/\\\/www.gamapa.de\\\/fr\\\/#\\\/schema\\\/logo\\\/image\\\/\",\"url\":\"https:\\\/\\\/www.gamapa.de\\\/wp-content\\\/uploads\\\/2026\\\/01\\\/Logo-Gantefuehrer.png\",\"contentUrl\":\"https:\\\/\\\/www.gamapa.de\\\/wp-content\\\/uploads\\\/2026\\\/01\\\/Logo-Gantefuehrer.png\",\"width\":767,\"height\":156,\"caption\":\"Gantef\u00fchrer Wirtschaftspr\u00fcfer, Steuerberater, Rechtsanw\u00e4lte\"},\"image\":{\"@id\":\"https:\\\/\\\/www.gamapa.de\\\/fr\\\/#\\\/schema\\\/logo\\\/image\\\/\"}}]}<\/script>\n<!-- \/ Yoast SEO plugin. -->","yoast_head_json":{"title":"Contact - GANTEF\u00dcHRER","robots":{"index":"index","follow":"follow","max-snippet":"max-snippet:-1","max-image-preview":"max-image-preview:large","max-video-preview":"max-video-preview:-1"},"canonical":"https:\/\/www.gamapa.de\/fr\/contact\/","og_locale":"fr_FR","og_type":"article","og_title":"Contact - GANTEF\u00dcHRER","og_description":"Nous vous invitons \u00e0 nous contacter&nbsp;! Dr. Gantef\u00fchrer, Marquardt &amp; Partner mbB Alte K\u00e4mmerei | Marktplatz 640213 D\u00fcsseldorf T\u00e9l: + 49-(0)211-8989-0Fax: + 49-(0)211-8989-150E-Mail: mail@gamapa.de Si vous venez en voiture, utilisez l\u2019un des parkings \u00e0 \u00e9tages \u00e0 proximit\u00e9. Vous pouvez \u00e9galement nous rejoindre avec toutes les lignes de m\u00e9tro qui desservent la Heinrich-Heine-Allee. Vous trouverez les [\u2026]","og_url":"https:\/\/www.gamapa.de\/fr\/contact\/","og_site_name":"GANTEF\u00dcHRER","article_modified_time":"2025-08-07T10:36:20+00:00","og_image":[{"width":2560,"height":764,"url":"https:\/\/www.gamapa.de\/wp-content\/uploads\/2025\/06\/eingansbereich-schmalv3-scaled.jpg","type":"image\/jpeg"}],"twitter_card":"summary_large_image","twitter_misc":{"Dur\u00e9e de lecture estim\u00e9e":"1 minute"},"schema":{"@context":"https:\/\/schema.org","@graph":[{"@type":"WebPage","@id":"https:\/\/www.gamapa.de\/fr\/contact\/","url":"https:\/\/www.gamapa.de\/fr\/contact\/","name":"Contact - GANTEF\u00dcHRER","isPartOf":{"@id":"https:\/\/www.gamapa.de\/fr\/#website"},"primaryImageOfPage":{"@id":"https:\/\/www.gamapa.de\/fr\/contact\/#primaryimage"},"image":{"@id":"https:\/\/www.gamapa.de\/fr\/contact\/#primaryimage"},"thumbnailUrl":"https:\/\/www.gamapa.de\/wp-content\/uploads\/2025\/06\/eingansbereich-schmalv3-scaled.jpg","datePublished":"2020-03-04T14:58:13+00:00","dateModified":"2025-08-07T10:36:20+00:00","breadcrumb":{"@id":"https:\/\/www.gamapa.de\/fr\/contact\/#breadcrumb"},"inLanguage":"fr-FR","potentialAction":[{"@type":"ReadAction","target":["https:\/\/www.gamapa.de\/fr\/contact\/"]}]},{"@type":"ImageObject","inLanguage":"fr-FR","@id":"https:\/\/www.gamapa.de\/fr\/contact\/#primaryimage","url":"https:\/\/www.gamapa.de\/wp-content\/uploads\/2025\/06\/eingansbereich-schmalv3-scaled.jpg","contentUrl":"https:\/\/www.gamapa.de\/wp-content\/uploads\/2025\/06\/eingansbereich-schmalv3-scaled.jpg","width":2560,"height":764,"caption":"Besprechungsraum der Soziet\u00e4t Gantef\u00fchrer mit Bild an der Wand und Blick auf ein Office hinter Vorh\u00e4ngen"},{"@type":"BreadcrumbList","@id":"https:\/\/www.gamapa.de\/fr\/contact\/#breadcrumb","itemListElement":[{"@type":"ListItem","position":1,"name":"Startseite","item":"https:\/\/www.gamapa.de\/fr\/"},{"@type":"ListItem","position":2,"name":"Contact"}]},{"@type":"WebSite","@id":"https:\/\/www.gamapa.de\/fr\/#website","url":"https:\/\/www.gamapa.de\/fr\/","name":"GANTEF\u00dcHRER","description":"Wirtschaftspr\u00fcfer, Steuerberater, Rechtsanw\u00e4lte","publisher":{"@id":"https:\/\/www.gamapa.de\/fr\/#organization"},"potentialAction":[{"@type":"SearchAction","target":{"@type":"EntryPoint","urlTemplate":"https:\/\/www.gamapa.de\/fr\/?s={search_term_string}"},"query-input":{"@type":"PropertyValueSpecification","valueRequired":true,"valueName":"search_term_string"}}],"inLanguage":"fr-FR"},{"@type":"Organization","@id":"https:\/\/www.gamapa.de\/fr\/#organization","name":"Gantef\u00fchrer Wirtschaftspr\u00fcfer, Steuerberater, Rechtsanw\u00e4lte","url":"https:\/\/www.gamapa.de\/fr\/","logo":{"@type":"ImageObject","inLanguage":"fr-FR","@id":"https:\/\/www.gamapa.de\/fr\/#\/schema\/logo\/image\/","url":"https:\/\/www.gamapa.de\/wp-content\/uploads\/2026\/01\/Logo-Gantefuehrer.png","contentUrl":"https:\/\/www.gamapa.de\/wp-content\/uploads\/2026\/01\/Logo-Gantefuehrer.png","width":767,"height":156,"caption":"Gantef\u00fchrer Wirtschaftspr\u00fcfer, Steuerberater, Rechtsanw\u00e4lte"},"image":{"@id":"https:\/\/www.gamapa.de\/fr\/#\/schema\/logo\/image\/"}}]}},"uagb_featured_image_src":{"full":["https:\/\/www.gamapa.de\/wp-content\/uploads\/2025\/06\/eingansbereich-schmalv3-scaled.jpg",2560,764,false],"thumbnail":["https:\/\/www.gamapa.de\/wp-content\/uploads\/2025\/06\/eingansbereich-schmalv3-150x150.jpg",150,150,true],"medium":["https:\/\/www.gamapa.de\/wp-content\/uploads\/2025\/06\/eingansbereich-schmalv3-600x179.jpg",600,179,true],"medium_large":["https:\/\/www.gamapa.de\/wp-content\/uploads\/2025\/06\/eingansbereich-schmalv3-768x229.jpg",580,173,true],"large":["https:\/\/www.gamapa.de\/wp-content\/uploads\/2025\/06\/eingansbereich-schmalv3-scaled.jpg",580,173,false],"gs-tiny":["https:\/\/www.gamapa.de\/wp-content\/uploads\/2025\/06\/eingansbereich-schmalv3-50x15.jpg",50,15,true],"xl":["https:\/\/www.gamapa.de\/wp-content\/uploads\/2025\/06\/eingansbereich-schmalv3-1600x477.jpg",1600,477,true],"xxl":["https:\/\/www.gamapa.de\/wp-content\/uploads\/2025\/06\/eingansbereich-schmalv3-2200x656.jpg",2200,656,true],"xxxl":["https:\/\/www.gamapa.de\/wp-content\/uploads\/2025\/06\/eingansbereich-schmalv3-2800x835.jpg",2800,835,true],"xxxxl":["https:\/\/www.gamapa.de\/wp-content\/uploads\/2025\/06\/eingansbereich-schmalv3-scaled.jpg",2560,764,false],"xxxxxl":["https:\/\/www.gamapa.de\/wp-content\/uploads\/2025\/06\/eingansbereich-schmalv3-scaled.jpg",2560,764,false],"1536x1536":["https:\/\/www.gamapa.de\/wp-content\/uploads\/2025\/06\/eingansbereich-schmalv3-1536x458.jpg",1536,458,true],"2048x2048":["https:\/\/www.gamapa.de\/wp-content\/uploads\/2025\/06\/eingansbereich-schmalv3-2048x611.jpg",2048,611,true],"post-thumbnail":["https:\/\/www.gamapa.de\/wp-content\/uploads\/2025\/06\/eingansbereich-schmalv3-scaled.jpg",2560,764,false],"twentytwenty-fullscreen":["https:\/\/www.gamapa.de\/wp-content\/uploads\/2025\/06\/eingansbereich-schmalv3-scaled.jpg",2560,764,false],"theme-slug-single-post":["https:\/\/www.gamapa.de\/wp-content\/uploads\/2025\/06\/eingansbereich-schmalv3-1600x400.jpg",1600,400,true]},"uagb_author_info":{"display_name":"linda","author_link":"https:\/\/www.gamapa.de\/fr\/author\/linda\/"},"uagb_comment_info":0,"uagb_excerpt":"Nous vous invitons \u00e0 nous contacter&nbsp;! Dr. Gantef\u00fchrer, Marquardt &amp; Partner mbB Alte K\u00e4mmerei | Marktplatz 640213 D\u00fcsseldorf T\u00e9l: + 49-(0)211-8989-0Fax: + 49-(0)211-8989-150E-Mail: mail@gamapa.de Si vous venez en voiture, utilisez l\u2019un des parkings \u00e0 \u00e9tages \u00e0 proximit\u00e9. Vous pouvez \u00e9galement nous rejoindre avec toutes les lignes de m\u00e9tro qui desservent la Heinrich-Heine-Allee. Vous trouverez les\u2026","_links":{"self":[{"href":"https:\/\/www.gamapa.de\/fr\/wp-json\/wp\/v2\/pages\/4482","targetHints":{"allow":["GET"]}}],"collection":[{"href":"https:\/\/www.gamapa.de\/fr\/wp-json\/wp\/v2\/pages"}],"about":[{"href":"https:\/\/www.gamapa.de\/fr\/wp-json\/wp\/v2\/types\/page"}],"author":[{"embeddable":true,"href":"https:\/\/www.gamapa.de\/fr\/wp-json\/wp\/v2\/users\/1"}],"replies":[{"embeddable":true,"href":"https:\/\/www.gamapa.de\/fr\/wp-json\/wp\/v2\/comments?post=4482"}],"version-history":[{"count":3,"href":"https:\/\/www.gamapa.de\/fr\/wp-json\/wp\/v2\/pages\/4482\/revisions"}],"predecessor-version":[{"id":21712,"href":"https:\/\/www.gamapa.de\/fr\/wp-json\/wp\/v2\/pages\/4482\/revisions\/21712"}],"wp:featuredmedia":[{"embeddable":true,"href":"https:\/\/www.gamapa.de\/fr\/wp-json\/wp\/v2\/media\/19960"}],"wp:attachment":[{"href":"https:\/\/www.gamapa.de\/fr\/wp-json\/wp\/v2\/media?parent=4482"}],"curies":[{"name":"wp","href":"https:\/\/api.w.org\/{rel}","templated":true}]}}