

{"id":4491,"date":"2020-03-11T10:07:25","date_gmt":"2020-03-11T09:07:25","guid":{"rendered":"https:\/\/www.gamapa.de\/domaines-de-services-de-conseil\/unternehmensberatung\/"},"modified":"2021-01-16T21:34:00","modified_gmt":"2021-01-16T20:34:00","slug":"conseil-en-gestion-dentreprise","status":"publish","type":"page","link":"https:\/\/www.gamapa.de\/fr\/domaines-de-services-de-conseil\/conseil-en-gestion-dentreprise\/","title":{"rendered":"Conseil en gestion d\u2019entreprise"},"content":{"rendered":"\n<h2 class=\"wp-block-heading\">\u00ab&nbsp;Celui qui veut r\u00e9ussir doit faire plus que les autres&nbsp;\u00bb<\/h2>\n\n\n\n<p class=\"inhalt\">G\u00e9rer et organiser une entreprise est un d\u00e9fi dans lequel nous soutenons nos clients gr\u00e2ce \u00e0 nos connaissances et \u00e0 notre exp\u00e9rience en mati\u00e8re de conseil en gestion. En tant que consultants qualifi\u00e9s, nous analysons et vous aidons \u00e0 r\u00e9soudre vos probl\u00e8mes financiers et d\u2019organisation.<\/p>\n\n\n\n<div style=\"height:30px\" aria-hidden=\"true\" class=\"wp-block-spacer 50\"><\/div>\n\n\n\n<div class=\"wp-block-columns is-layout-flex wp-container-core-columns-is-layout-9d6595d7 wp-block-columns-is-layout-flex\">\n<div class=\"wp-block-column is-layout-flow wp-block-column-is-layout-flow\">\n<div class=\"wp-block-button\"><a class=\"wp-block-button__link has-background\" href=\"https:\/\/www.gamapa.de\/fr\/domaines-de-services-de-conseil\/conseil-en-gestion-dentreprise\/controlling\/\" style=\"background-color:#003565\">Contr\u00f4le de gestion<\/a><\/div>\n<\/div>\n\n\n\n<div class=\"wp-block-column is-layout-flow wp-block-column-is-layout-flow\">\n<div class=\"wp-block-button\"><a class=\"wp-block-button__link has-background\" href=\"https:\/\/www.gamapa.de\/fr\/domaines-de-services-de-conseil\/conseil-en-gestion-dentreprise\/achat-et-vente-dentreprises\/\" style=\"background-color:#003565\">Achat et vente d&rsquo;entreprises<\/a><\/div>\n<\/div>\n<\/div>\n\n\n\n<div class=\"wp-block-columns is-layout-flex wp-container-core-columns-is-layout-9d6595d7 wp-block-columns-is-layout-flex\">\n<div class=\"wp-block-column is-layout-flow wp-block-column-is-layout-flow\">\n<div class=\"wp-block-button zweizeilig\"><a class=\"wp-block-button__link has-background\" href=\"https:\/\/www.gamapa.de\/fr\/domaines-de-services-de-conseil\/conseil-en-gestion-dentreprise\/evaluation-de-lentreprise\/\" style=\"background-color:#003565\">\u00c9valuation de l\u2019entreprise<\/a><\/div>\n<\/div>\n\n\n\n<div class=\"wp-block-column is-layout-flow wp-block-column-is-layout-flow\">\n<div class=\"wp-block-button\"><a class=\"wp-block-button__link has-background\" href=\"https:\/\/www.gamapa.de\/fr\/domaines-de-services-de-conseil\/conseil-en-gestion-dentreprise\/donnees-previsionnelles\/\" style=\"background-color:#003565\">Planification et donn\u00e9es pr\u00e9visionnelles<\/a><\/div>\n<\/div>\n<\/div>\n","protected":false},"excerpt":{"rendered":"<p>\u00ab&nbsp;Celui qui veut r\u00e9ussir doit faire plus que les autres&nbsp;\u00bb G\u00e9rer et organiser une entreprise est un d\u00e9fi dans lequel nous soutenons nos clients gr\u00e2ce \u00e0 nos connaissances et \u00e0 notre exp\u00e9rience en mati\u00e8re de conseil en gestion. En tant que consultants qualifi\u00e9s, nous analysons et vous aidons \u00e0 r\u00e9soudre vos probl\u00e8mes financiers et d\u2019organisation.<\/p>\n","protected":false},"author":1,"featured_media":19746,"parent":4484,"menu_order":1,"comment_status":"closed","ping_status":"closed","template":"templates\/template-full-width.php","meta":{"_acf_changed":false,"_uag_custom_page_level_css":"","footnotes":""},"class_list":["post-4491","page","type-page","status-publish","has-post-thumbnail","hentry"],"acf":[],"yoast_head":"<!-- This site is optimized with the Yoast SEO plugin v27.5 - https:\/\/yoast.com\/product\/yoast-seo-wordpress\/ -->\n<title>Conseil en gestion d\u2019entreprise - GANTEF\u00dcHRER<\/title>\n<meta name=\"robots\" content=\"index, follow, max-snippet:-1, max-image-preview:large, max-video-preview:-1\" \/>\n<link rel=\"canonical\" href=\"https:\/\/www.gamapa.de\/fr\/domaines-de-services-de-conseil\/conseil-en-gestion-dentreprise\/\" \/>\n<meta property=\"og:locale\" content=\"fr_FR\" \/>\n<meta property=\"og:type\" content=\"article\" \/>\n<meta property=\"og:title\" content=\"Conseil en gestion d\u2019entreprise - GANTEF\u00dcHRER\" \/>\n<meta property=\"og:description\" content=\"\u00ab&nbsp;Celui qui veut r\u00e9ussir doit faire plus que les autres&nbsp;\u00bb G\u00e9rer et organiser une entreprise est un d\u00e9fi dans lequel nous soutenons nos clients gr\u00e2ce \u00e0 nos connaissances et \u00e0 notre exp\u00e9rience en mati\u00e8re de conseil en gestion. En tant que consultants qualifi\u00e9s, nous analysons et vous aidons \u00e0 r\u00e9soudre vos probl\u00e8mes financiers et d\u2019organisation.\" \/>\n<meta property=\"og:url\" content=\"https:\/\/www.gamapa.de\/fr\/domaines-de-services-de-conseil\/conseil-en-gestion-dentreprise\/\" \/>\n<meta property=\"og:site_name\" content=\"GANTEF\u00dcHRER\" \/>\n<meta property=\"article:modified_time\" content=\"2021-01-16T20:34:00+00:00\" \/>\n<meta property=\"og:image\" content=\"https:\/\/www.gamapa.de\/wp-content\/uploads\/2020\/03\/Header-Betriebswirtschaftliche-Beratung-scaled.jpg\" \/>\n\t<meta property=\"og:image:width\" content=\"2560\" \/>\n\t<meta property=\"og:image:height\" content=\"764\" \/>\n\t<meta property=\"og:image:type\" content=\"image\/jpeg\" \/>\n<meta name=\"twitter:card\" content=\"summary_large_image\" \/>\n<script type=\"application\/ld+json\" class=\"yoast-schema-graph\">{\"@context\":\"https:\\\/\\\/schema.org\",\"@graph\":[{\"@type\":\"WebPage\",\"@id\":\"https:\\\/\\\/www.gamapa.de\\\/fr\\\/domaines-de-services-de-conseil\\\/conseil-en-gestion-dentreprise\\\/\",\"url\":\"https:\\\/\\\/www.gamapa.de\\\/fr\\\/domaines-de-services-de-conseil\\\/conseil-en-gestion-dentreprise\\\/\",\"name\":\"Conseil en gestion d\u2019entreprise - GANTEF\u00dcHRER\",\"isPartOf\":{\"@id\":\"https:\\\/\\\/www.gamapa.de\\\/fr\\\/#website\"},\"primaryImageOfPage\":{\"@id\":\"https:\\\/\\\/www.gamapa.de\\\/fr\\\/domaines-de-services-de-conseil\\\/conseil-en-gestion-dentreprise\\\/#primaryimage\"},\"image\":{\"@id\":\"https:\\\/\\\/www.gamapa.de\\\/fr\\\/domaines-de-services-de-conseil\\\/conseil-en-gestion-dentreprise\\\/#primaryimage\"},\"thumbnailUrl\":\"https:\\\/\\\/www.gamapa.de\\\/wp-content\\\/uploads\\\/2025\\\/06\\\/alter-konferenzraum-seitlich-schmal-scaled.jpg\",\"datePublished\":\"2020-03-11T09:07:25+00:00\",\"dateModified\":\"2021-01-16T20:34:00+00:00\",\"breadcrumb\":{\"@id\":\"https:\\\/\\\/www.gamapa.de\\\/fr\\\/domaines-de-services-de-conseil\\\/conseil-en-gestion-dentreprise\\\/#breadcrumb\"},\"inLanguage\":\"fr-FR\",\"potentialAction\":[{\"@type\":\"ReadAction\",\"target\":[\"https:\\\/\\\/www.gamapa.de\\\/fr\\\/domaines-de-services-de-conseil\\\/conseil-en-gestion-dentreprise\\\/\"]}]},{\"@type\":\"ImageObject\",\"inLanguage\":\"fr-FR\",\"@id\":\"https:\\\/\\\/www.gamapa.de\\\/fr\\\/domaines-de-services-de-conseil\\\/conseil-en-gestion-dentreprise\\\/#primaryimage\",\"url\":\"https:\\\/\\\/www.gamapa.de\\\/wp-content\\\/uploads\\\/2025\\\/06\\\/alter-konferenzraum-seitlich-schmal-scaled.jpg\",\"contentUrl\":\"https:\\\/\\\/www.gamapa.de\\\/wp-content\\\/uploads\\\/2025\\\/06\\\/alter-konferenzraum-seitlich-schmal-scaled.jpg\",\"width\":2560,\"height\":764,\"caption\":\"Alter Konferenzraum in der K\u00e4mmerei D\u00fcsseldorf mit breitem Holztisch, Holzw\u00e4nden und St\u00fchlen\"},{\"@type\":\"BreadcrumbList\",\"@id\":\"https:\\\/\\\/www.gamapa.de\\\/fr\\\/domaines-de-services-de-conseil\\\/conseil-en-gestion-dentreprise\\\/#breadcrumb\",\"itemListElement\":[{\"@type\":\"ListItem\",\"position\":1,\"name\":\"Startseite\",\"item\":\"https:\\\/\\\/www.gamapa.de\\\/fr\\\/\"},{\"@type\":\"ListItem\",\"position\":2,\"name\":\"Domaines de conseil\",\"item\":\"https:\\\/\\\/www.gamapa.de\\\/fr\\\/domaines-de-services-de-conseil\\\/\"},{\"@type\":\"ListItem\",\"position\":3,\"name\":\"Conseil en gestion d\u2019entreprise\"}]},{\"@type\":\"WebSite\",\"@id\":\"https:\\\/\\\/www.gamapa.de\\\/fr\\\/#website\",\"url\":\"https:\\\/\\\/www.gamapa.de\\\/fr\\\/\",\"name\":\"GANTEF\u00dcHRER\",\"description\":\"Wirtschaftspr\u00fcfer, Steuerberater, Rechtsanw\u00e4lte\",\"publisher\":{\"@id\":\"https:\\\/\\\/www.gamapa.de\\\/fr\\\/#organization\"},\"potentialAction\":[{\"@type\":\"SearchAction\",\"target\":{\"@type\":\"EntryPoint\",\"urlTemplate\":\"https:\\\/\\\/www.gamapa.de\\\/fr\\\/?s={search_term_string}\"},\"query-input\":{\"@type\":\"PropertyValueSpecification\",\"valueRequired\":true,\"valueName\":\"search_term_string\"}}],\"inLanguage\":\"fr-FR\"},{\"@type\":\"Organization\",\"@id\":\"https:\\\/\\\/www.gamapa.de\\\/fr\\\/#organization\",\"name\":\"Gantef\u00fchrer Wirtschaftspr\u00fcfer, Steuerberater, Rechtsanw\u00e4lte\",\"url\":\"https:\\\/\\\/www.gamapa.de\\\/fr\\\/\",\"logo\":{\"@type\":\"ImageObject\",\"inLanguage\":\"fr-FR\",\"@id\":\"https:\\\/\\\/www.gamapa.de\\\/fr\\\/#\\\/schema\\\/logo\\\/image\\\/\",\"url\":\"https:\\\/\\\/www.gamapa.de\\\/wp-content\\\/uploads\\\/2026\\\/01\\\/Logo-Gantefuehrer.png\",\"contentUrl\":\"https:\\\/\\\/www.gamapa.de\\\/wp-content\\\/uploads\\\/2026\\\/01\\\/Logo-Gantefuehrer.png\",\"width\":767,\"height\":156,\"caption\":\"Gantef\u00fchrer Wirtschaftspr\u00fcfer, Steuerberater, Rechtsanw\u00e4lte\"},\"image\":{\"@id\":\"https:\\\/\\\/www.gamapa.de\\\/fr\\\/#\\\/schema\\\/logo\\\/image\\\/\"}}]}<\/script>\n<!-- \/ Yoast SEO plugin. -->","yoast_head_json":{"title":"Conseil en gestion d\u2019entreprise - GANTEF\u00dcHRER","robots":{"index":"index","follow":"follow","max-snippet":"max-snippet:-1","max-image-preview":"max-image-preview:large","max-video-preview":"max-video-preview:-1"},"canonical":"https:\/\/www.gamapa.de\/fr\/domaines-de-services-de-conseil\/conseil-en-gestion-dentreprise\/","og_locale":"fr_FR","og_type":"article","og_title":"Conseil en gestion d\u2019entreprise - GANTEF\u00dcHRER","og_description":"\u00ab&nbsp;Celui qui veut r\u00e9ussir doit faire plus que les autres&nbsp;\u00bb G\u00e9rer et organiser une entreprise est un d\u00e9fi dans lequel nous soutenons nos clients gr\u00e2ce \u00e0 nos connaissances et \u00e0 notre exp\u00e9rience en mati\u00e8re de conseil en gestion. En tant que consultants qualifi\u00e9s, nous analysons et vous aidons \u00e0 r\u00e9soudre vos probl\u00e8mes financiers et d\u2019organisation.","og_url":"https:\/\/www.gamapa.de\/fr\/domaines-de-services-de-conseil\/conseil-en-gestion-dentreprise\/","og_site_name":"GANTEF\u00dcHRER","article_modified_time":"2021-01-16T20:34:00+00:00","og_image":[{"width":2560,"height":764,"url":"https:\/\/www.gamapa.de\/wp-content\/uploads\/2020\/03\/Header-Betriebswirtschaftliche-Beratung-scaled.jpg","type":"image\/jpeg"}],"twitter_card":"summary_large_image","schema":{"@context":"https:\/\/schema.org","@graph":[{"@type":"WebPage","@id":"https:\/\/www.gamapa.de\/fr\/domaines-de-services-de-conseil\/conseil-en-gestion-dentreprise\/","url":"https:\/\/www.gamapa.de\/fr\/domaines-de-services-de-conseil\/conseil-en-gestion-dentreprise\/","name":"Conseil en gestion d\u2019entreprise - GANTEF\u00dcHRER","isPartOf":{"@id":"https:\/\/www.gamapa.de\/fr\/#website"},"primaryImageOfPage":{"@id":"https:\/\/www.gamapa.de\/fr\/domaines-de-services-de-conseil\/conseil-en-gestion-dentreprise\/#primaryimage"},"image":{"@id":"https:\/\/www.gamapa.de\/fr\/domaines-de-services-de-conseil\/conseil-en-gestion-dentreprise\/#primaryimage"},"thumbnailUrl":"https:\/\/www.gamapa.de\/wp-content\/uploads\/2025\/06\/alter-konferenzraum-seitlich-schmal-scaled.jpg","datePublished":"2020-03-11T09:07:25+00:00","dateModified":"2021-01-16T20:34:00+00:00","breadcrumb":{"@id":"https:\/\/www.gamapa.de\/fr\/domaines-de-services-de-conseil\/conseil-en-gestion-dentreprise\/#breadcrumb"},"inLanguage":"fr-FR","potentialAction":[{"@type":"ReadAction","target":["https:\/\/www.gamapa.de\/fr\/domaines-de-services-de-conseil\/conseil-en-gestion-dentreprise\/"]}]},{"@type":"ImageObject","inLanguage":"fr-FR","@id":"https:\/\/www.gamapa.de\/fr\/domaines-de-services-de-conseil\/conseil-en-gestion-dentreprise\/#primaryimage","url":"https:\/\/www.gamapa.de\/wp-content\/uploads\/2025\/06\/alter-konferenzraum-seitlich-schmal-scaled.jpg","contentUrl":"https:\/\/www.gamapa.de\/wp-content\/uploads\/2025\/06\/alter-konferenzraum-seitlich-schmal-scaled.jpg","width":2560,"height":764,"caption":"Alter Konferenzraum in der K\u00e4mmerei D\u00fcsseldorf mit breitem Holztisch, Holzw\u00e4nden und St\u00fchlen"},{"@type":"BreadcrumbList","@id":"https:\/\/www.gamapa.de\/fr\/domaines-de-services-de-conseil\/conseil-en-gestion-dentreprise\/#breadcrumb","itemListElement":[{"@type":"ListItem","position":1,"name":"Startseite","item":"https:\/\/www.gamapa.de\/fr\/"},{"@type":"ListItem","position":2,"name":"Domaines de conseil","item":"https:\/\/www.gamapa.de\/fr\/domaines-de-services-de-conseil\/"},{"@type":"ListItem","position":3,"name":"Conseil en gestion d\u2019entreprise"}]},{"@type":"WebSite","@id":"https:\/\/www.gamapa.de\/fr\/#website","url":"https:\/\/www.gamapa.de\/fr\/","name":"GANTEF\u00dcHRER","description":"Wirtschaftspr\u00fcfer, Steuerberater, Rechtsanw\u00e4lte","publisher":{"@id":"https:\/\/www.gamapa.de\/fr\/#organization"},"potentialAction":[{"@type":"SearchAction","target":{"@type":"EntryPoint","urlTemplate":"https:\/\/www.gamapa.de\/fr\/?s={search_term_string}"},"query-input":{"@type":"PropertyValueSpecification","valueRequired":true,"valueName":"search_term_string"}}],"inLanguage":"fr-FR"},{"@type":"Organization","@id":"https:\/\/www.gamapa.de\/fr\/#organization","name":"Gantef\u00fchrer Wirtschaftspr\u00fcfer, Steuerberater, Rechtsanw\u00e4lte","url":"https:\/\/www.gamapa.de\/fr\/","logo":{"@type":"ImageObject","inLanguage":"fr-FR","@id":"https:\/\/www.gamapa.de\/fr\/#\/schema\/logo\/image\/","url":"https:\/\/www.gamapa.de\/wp-content\/uploads\/2026\/01\/Logo-Gantefuehrer.png","contentUrl":"https:\/\/www.gamapa.de\/wp-content\/uploads\/2026\/01\/Logo-Gantefuehrer.png","width":767,"height":156,"caption":"Gantef\u00fchrer Wirtschaftspr\u00fcfer, Steuerberater, Rechtsanw\u00e4lte"},"image":{"@id":"https:\/\/www.gamapa.de\/fr\/#\/schema\/logo\/image\/"}}]}},"uagb_featured_image_src":{"full":["https:\/\/www.gamapa.de\/wp-content\/uploads\/2025\/06\/alter-konferenzraum-seitlich-schmal-scaled.jpg",2560,764,false],"thumbnail":["https:\/\/www.gamapa.de\/wp-content\/uploads\/2025\/06\/alter-konferenzraum-seitlich-schmal-150x150.jpg",150,150,true],"medium":["https:\/\/www.gamapa.de\/wp-content\/uploads\/2025\/06\/alter-konferenzraum-seitlich-schmal-600x179.jpg",600,179,true],"medium_large":["https:\/\/www.gamapa.de\/wp-content\/uploads\/2025\/06\/alter-konferenzraum-seitlich-schmal-768x229.jpg",580,173,true],"large":["https:\/\/www.gamapa.de\/wp-content\/uploads\/2025\/06\/alter-konferenzraum-seitlich-schmal-scaled.jpg",580,173,false],"gs-tiny":["https:\/\/www.gamapa.de\/wp-content\/uploads\/2025\/06\/alter-konferenzraum-seitlich-schmal-50x15.jpg",50,15,true],"xl":["https:\/\/www.gamapa.de\/wp-content\/uploads\/2025\/06\/alter-konferenzraum-seitlich-schmal-1600x477.jpg",1600,477,true],"xxl":["https:\/\/www.gamapa.de\/wp-content\/uploads\/2025\/06\/alter-konferenzraum-seitlich-schmal-2200x656.jpg",2200,656,true],"xxxl":["https:\/\/www.gamapa.de\/wp-content\/uploads\/2025\/06\/alter-konferenzraum-seitlich-schmal-2800x835.jpg",2800,835,true],"xxxxl":["https:\/\/www.gamapa.de\/wp-content\/uploads\/2025\/06\/alter-konferenzraum-seitlich-schmal-scaled.jpg",2560,764,false],"xxxxxl":["https:\/\/www.gamapa.de\/wp-content\/uploads\/2025\/06\/alter-konferenzraum-seitlich-schmal-scaled.jpg",2560,764,false],"1536x1536":["https:\/\/www.gamapa.de\/wp-content\/uploads\/2025\/06\/alter-konferenzraum-seitlich-schmal-1536x458.jpg",1536,458,true],"2048x2048":["https:\/\/www.gamapa.de\/wp-content\/uploads\/2025\/06\/alter-konferenzraum-seitlich-schmal-2048x611.jpg",2048,611,true],"post-thumbnail":["https:\/\/www.gamapa.de\/wp-content\/uploads\/2025\/06\/alter-konferenzraum-seitlich-schmal-scaled.jpg",2560,764,false],"twentytwenty-fullscreen":["https:\/\/www.gamapa.de\/wp-content\/uploads\/2025\/06\/alter-konferenzraum-seitlich-schmal-scaled.jpg",2560,764,false],"theme-slug-single-post":["https:\/\/www.gamapa.de\/wp-content\/uploads\/2025\/06\/alter-konferenzraum-seitlich-schmal-1600x400.jpg",1600,400,true]},"uagb_author_info":{"display_name":"linda","author_link":"https:\/\/www.gamapa.de\/fr\/author\/linda\/"},"uagb_comment_info":0,"uagb_excerpt":"\u00ab&nbsp;Celui qui veut r\u00e9ussir doit faire plus que les autres&nbsp;\u00bb G\u00e9rer et organiser une entreprise est un d\u00e9fi dans lequel nous soutenons nos clients gr\u00e2ce \u00e0 nos connaissances et \u00e0 notre exp\u00e9rience en mati\u00e8re de conseil en gestion. En tant que consultants qualifi\u00e9s, nous analysons et vous aidons \u00e0 r\u00e9soudre vos probl\u00e8mes financiers et d\u2019organisation.","_links":{"self":[{"href":"https:\/\/www.gamapa.de\/fr\/wp-json\/wp\/v2\/pages\/4491","targetHints":{"allow":["GET"]}}],"collection":[{"href":"https:\/\/www.gamapa.de\/fr\/wp-json\/wp\/v2\/pages"}],"about":[{"href":"https:\/\/www.gamapa.de\/fr\/wp-json\/wp\/v2\/types\/page"}],"author":[{"embeddable":true,"href":"https:\/\/www.gamapa.de\/fr\/wp-json\/wp\/v2\/users\/1"}],"replies":[{"embeddable":true,"href":"https:\/\/www.gamapa.de\/fr\/wp-json\/wp\/v2\/comments?post=4491"}],"version-history":[{"count":5,"href":"https:\/\/www.gamapa.de\/fr\/wp-json\/wp\/v2\/pages\/4491\/revisions"}],"predecessor-version":[{"id":5361,"href":"https:\/\/www.gamapa.de\/fr\/wp-json\/wp\/v2\/pages\/4491\/revisions\/5361"}],"up":[{"embeddable":true,"href":"https:\/\/www.gamapa.de\/fr\/wp-json\/wp\/v2\/pages\/4484"}],"wp:featuredmedia":[{"embeddable":true,"href":"https:\/\/www.gamapa.de\/fr\/wp-json\/wp\/v2\/media\/19746"}],"wp:attachment":[{"href":"https:\/\/www.gamapa.de\/fr\/wp-json\/wp\/v2\/media?parent=4491"}],"curies":[{"name":"wp","href":"https:\/\/api.w.org\/{rel}","templated":true}]}}