

{"id":4495,"date":"2020-03-11T10:12:30","date_gmt":"2020-03-11T09:12:30","guid":{"rendered":"https:\/\/www.gamapa.de\/domaines-de-services-de-conseil\/commissariat-aux-comptes\/prueferische-durchsicht-und-sonderpruefung\/"},"modified":"2020-12-07T14:59:58","modified_gmt":"2020-12-07T13:59:58","slug":"revision-et-mission-daudit-contractuelles","status":"publish","type":"page","link":"https:\/\/www.gamapa.de\/fr\/domaines-de-services-de-conseil\/commissariat-aux-comptes\/revision-et-mission-daudit-contractuelles\/","title":{"rendered":"R\u00e9vision et mission d\u2019audit contractuelles"},"content":{"rendered":"\n<h2 class=\"wp-block-heading\">\u00ab&nbsp;Fiabilit\u00e9 des informations financi\u00e8res&nbsp;\u00bb<\/h2>\n\n\n\n<p>Il est parfois n\u00e9cessaire de pr\u00e9senter des comptes certifi\u00e9s ou de donner une confirmation \u00e9tablie par un commissaire aux comptes. C&rsquo;est pourquoi, en plus de l\u2019audit classique des comptes annuels, nous r\u00e9alisons \u00e9galement des missions d\u2019audit contractuel pour nos clients.<\/p>\n\n\n\n<p>Des missions d\u2019audit contractuel concernent les th\u00e8mes suivants&nbsp;:<\/p>\n\n\n\n<ul class=\"wp-block-list\"><li>Comptes semestriels<\/li><li>Plan de restructuration<\/li><li>Contr\u00f4le financier<\/li><li>Loi allemande sur les valeurs mobili\u00e8res (WpHG)<\/li><li>Ordonnance sur les devoirs des courtiers, des interm\u00e9diaires en pr\u00eat et en investissement, des conseillers en investissement, des promoteurs immobiliers et des inspecteurs de supervision de construction (MaBV)<\/li><li>Notification des droits de licence dus<\/li><\/ul>\n\n\n\n<p>La r\u00e9vision des comptes annuels a g\u00e9n\u00e9ralement un objectif&nbsp;principal : s\u2019assurer de la fiabilit\u00e9 et donc de la cr\u00e9dibilit\u00e9 des informations financi\u00e8res communiqu\u00e9e par l\u2018entreprise. Nous planifions et r\u00e9alisons de telles missions avec toute la diligence requise. Nous proc\u00e9dons \u00e0 une analyse critique des documents pr\u00e9sent\u00e9s et nous informons le client sans d\u00e9lai de toute anomalie significative constat\u00e9e.<\/p>\n\n\n\n<p>Enfin, nous fournissons \u00e9galement des services d\u2019audit dans le cas de cession ou achat d\u2019entreprises. Nous avons une large exp\u00e9rience des op\u00e9rations de cession d\u2018entreprises. Nous contribuons de mani\u00e8re active \u00e0 la r\u00e9alisation des acquisitions envisag\u00e9es et \u00e0 la validation des informations financi\u00e8res n\u00e9cessaires pour aider \u00e0 d\u00e9terminer le prix d\u2019achat.<\/p>\n\n\n\n<p><\/p>\n","protected":false},"excerpt":{"rendered":"<p>\u00ab&nbsp;Fiabilit\u00e9 des informations financi\u00e8res&nbsp;\u00bb Il est parfois n\u00e9cessaire de pr\u00e9senter des comptes certifi\u00e9s ou de donner une confirmation \u00e9tablie par un commissaire aux comptes. C&rsquo;est pourquoi, en plus de l\u2019audit classique des comptes annuels, nous r\u00e9alisons \u00e9galement des missions d\u2019audit contractuel pour nos clients. Des missions d\u2019audit contractuel concernent les th\u00e8mes suivants&nbsp;: Comptes semestriels Plan <a href=\"https:\/\/www.gamapa.de\/fr\/domaines-de-services-de-conseil\/commissariat-aux-comptes\/revision-et-mission-daudit-contractuelles\/\">[\u2026]<\/a><\/p>\n","protected":false},"author":1,"featured_media":19871,"parent":4486,"menu_order":3,"comment_status":"closed","ping_status":"closed","template":"templates\/template-simple-site.php","meta":{"_acf_changed":false,"_uag_custom_page_level_css":"","footnotes":""},"class_list":["post-4495","page","type-page","status-publish","has-post-thumbnail","hentry"],"acf":[],"yoast_head":"<!-- This site is optimized with the Yoast SEO plugin v27.3 - https:\/\/yoast.com\/product\/yoast-seo-wordpress\/ -->\n<title>R\u00e9vision et mission d\u2019audit contractuelles - GANTEF\u00dcHRER<\/title>\n<meta name=\"robots\" content=\"index, follow, max-snippet:-1, max-image-preview:large, max-video-preview:-1\" \/>\n<link rel=\"canonical\" href=\"https:\/\/www.gamapa.de\/fr\/domaines-de-services-de-conseil\/commissariat-aux-comptes\/revision-et-mission-daudit-contractuelles\/\" \/>\n<meta property=\"og:locale\" content=\"fr_FR\" \/>\n<meta property=\"og:type\" content=\"article\" \/>\n<meta property=\"og:title\" content=\"R\u00e9vision et mission d\u2019audit contractuelles - GANTEF\u00dcHRER\" \/>\n<meta property=\"og:description\" content=\"\u00ab&nbsp;Fiabilit\u00e9 des informations financi\u00e8res&nbsp;\u00bb Il est parfois n\u00e9cessaire de pr\u00e9senter des comptes certifi\u00e9s ou de donner une confirmation \u00e9tablie par un commissaire aux comptes. C&rsquo;est pourquoi, en plus de l\u2019audit classique des comptes annuels, nous r\u00e9alisons \u00e9galement des missions d\u2019audit contractuel pour nos clients. Des missions d\u2019audit contractuel concernent les th\u00e8mes suivants&nbsp;: Comptes semestriels Plan [\u2026]\" \/>\n<meta property=\"og:url\" content=\"https:\/\/www.gamapa.de\/fr\/domaines-de-services-de-conseil\/commissariat-aux-comptes\/revision-et-mission-daudit-contractuelles\/\" \/>\n<meta property=\"og:site_name\" content=\"GANTEF\u00dcHRER\" \/>\n<meta property=\"article:modified_time\" content=\"2020-12-07T13:59:58+00:00\" \/>\n<meta property=\"og:image\" content=\"https:\/\/www.gamapa.de\/wp-content\/uploads\/2020\/09\/Header-Schild-1-scaled.jpg\" \/>\n\t<meta property=\"og:image:width\" content=\"2560\" \/>\n\t<meta property=\"og:image:height\" content=\"764\" \/>\n\t<meta property=\"og:image:type\" content=\"image\/jpeg\" \/>\n<meta name=\"twitter:card\" content=\"summary_large_image\" \/>\n<meta name=\"twitter:label1\" content=\"Dur\u00e9e de lecture estim\u00e9e\" \/>\n\t<meta name=\"twitter:data1\" content=\"1 minute\" \/>\n<script type=\"application\/ld+json\" class=\"yoast-schema-graph\">{\"@context\":\"https:\\\/\\\/schema.org\",\"@graph\":[{\"@type\":\"WebPage\",\"@id\":\"https:\\\/\\\/www.gamapa.de\\\/fr\\\/domaines-de-services-de-conseil\\\/commissariat-aux-comptes\\\/revision-et-mission-daudit-contractuelles\\\/\",\"url\":\"https:\\\/\\\/www.gamapa.de\\\/fr\\\/domaines-de-services-de-conseil\\\/commissariat-aux-comptes\\\/revision-et-mission-daudit-contractuelles\\\/\",\"name\":\"R\u00e9vision et mission d\u2019audit contractuelles - GANTEF\u00dcHRER\",\"isPartOf\":{\"@id\":\"https:\\\/\\\/www.gamapa.de\\\/fr\\\/#website\"},\"primaryImageOfPage\":{\"@id\":\"https:\\\/\\\/www.gamapa.de\\\/fr\\\/domaines-de-services-de-conseil\\\/commissariat-aux-comptes\\\/revision-et-mission-daudit-contractuelles\\\/#primaryimage\"},\"image\":{\"@id\":\"https:\\\/\\\/www.gamapa.de\\\/fr\\\/domaines-de-services-de-conseil\\\/commissariat-aux-comptes\\\/revision-et-mission-daudit-contractuelles\\\/#primaryimage\"},\"thumbnailUrl\":\"https:\\\/\\\/www.gamapa.de\\\/wp-content\\\/uploads\\\/2025\\\/06\\\/Carlsplatz-schmal-scaled.jpg\",\"datePublished\":\"2020-03-11T09:12:30+00:00\",\"dateModified\":\"2020-12-07T13:59:58+00:00\",\"breadcrumb\":{\"@id\":\"https:\\\/\\\/www.gamapa.de\\\/fr\\\/domaines-de-services-de-conseil\\\/commissariat-aux-comptes\\\/revision-et-mission-daudit-contractuelles\\\/#breadcrumb\"},\"inLanguage\":\"fr-FR\",\"potentialAction\":[{\"@type\":\"ReadAction\",\"target\":[\"https:\\\/\\\/www.gamapa.de\\\/fr\\\/domaines-de-services-de-conseil\\\/commissariat-aux-comptes\\\/revision-et-mission-daudit-contractuelles\\\/\"]}]},{\"@type\":\"ImageObject\",\"inLanguage\":\"fr-FR\",\"@id\":\"https:\\\/\\\/www.gamapa.de\\\/fr\\\/domaines-de-services-de-conseil\\\/commissariat-aux-comptes\\\/revision-et-mission-daudit-contractuelles\\\/#primaryimage\",\"url\":\"https:\\\/\\\/www.gamapa.de\\\/wp-content\\\/uploads\\\/2025\\\/06\\\/Carlsplatz-schmal-scaled.jpg\",\"contentUrl\":\"https:\\\/\\\/www.gamapa.de\\\/wp-content\\\/uploads\\\/2025\\\/06\\\/Carlsplatz-schmal-scaled.jpg\",\"width\":2560,\"height\":764,\"caption\":\"Blick in einen Besprechungsraum einer Anwaltskanzlei. Links neben der T\u00fcr ein Ipad das die Verf\u00fcgbarkeit anzeigt. Aufschrift Carlsplatz an der Wand\"},{\"@type\":\"BreadcrumbList\",\"@id\":\"https:\\\/\\\/www.gamapa.de\\\/fr\\\/domaines-de-services-de-conseil\\\/commissariat-aux-comptes\\\/revision-et-mission-daudit-contractuelles\\\/#breadcrumb\",\"itemListElement\":[{\"@type\":\"ListItem\",\"position\":1,\"name\":\"Startseite\",\"item\":\"https:\\\/\\\/www.gamapa.de\\\/fr\\\/\"},{\"@type\":\"ListItem\",\"position\":2,\"name\":\"Domaines de conseil\",\"item\":\"https:\\\/\\\/www.gamapa.de\\\/fr\\\/domaines-de-services-de-conseil\\\/\"},{\"@type\":\"ListItem\",\"position\":3,\"name\":\"Commissariat aux Comptes\",\"item\":\"https:\\\/\\\/www.gamapa.de\\\/fr\\\/domaines-de-services-de-conseil\\\/commissariat-aux-comptes\\\/\"},{\"@type\":\"ListItem\",\"position\":4,\"name\":\"R\u00e9vision et mission d\u2019audit contractuelles\"}]},{\"@type\":\"WebSite\",\"@id\":\"https:\\\/\\\/www.gamapa.de\\\/fr\\\/#website\",\"url\":\"https:\\\/\\\/www.gamapa.de\\\/fr\\\/\",\"name\":\"GANTEF\u00dcHRER\",\"description\":\"Wirtschaftspr\u00fcfer, Steuerberater, Rechtsanw\u00e4lte\",\"publisher\":{\"@id\":\"https:\\\/\\\/www.gamapa.de\\\/fr\\\/#organization\"},\"potentialAction\":[{\"@type\":\"SearchAction\",\"target\":{\"@type\":\"EntryPoint\",\"urlTemplate\":\"https:\\\/\\\/www.gamapa.de\\\/fr\\\/?s={search_term_string}\"},\"query-input\":{\"@type\":\"PropertyValueSpecification\",\"valueRequired\":true,\"valueName\":\"search_term_string\"}}],\"inLanguage\":\"fr-FR\"},{\"@type\":\"Organization\",\"@id\":\"https:\\\/\\\/www.gamapa.de\\\/fr\\\/#organization\",\"name\":\"Gantef\u00fchrer Wirtschaftspr\u00fcfer, Steuerberater, Rechtsanw\u00e4lte\",\"url\":\"https:\\\/\\\/www.gamapa.de\\\/fr\\\/\",\"logo\":{\"@type\":\"ImageObject\",\"inLanguage\":\"fr-FR\",\"@id\":\"https:\\\/\\\/www.gamapa.de\\\/fr\\\/#\\\/schema\\\/logo\\\/image\\\/\",\"url\":\"https:\\\/\\\/www.gamapa.de\\\/wp-content\\\/uploads\\\/2026\\\/01\\\/Logo-Gantefuehrer.png\",\"contentUrl\":\"https:\\\/\\\/www.gamapa.de\\\/wp-content\\\/uploads\\\/2026\\\/01\\\/Logo-Gantefuehrer.png\",\"width\":767,\"height\":156,\"caption\":\"Gantef\u00fchrer Wirtschaftspr\u00fcfer, Steuerberater, Rechtsanw\u00e4lte\"},\"image\":{\"@id\":\"https:\\\/\\\/www.gamapa.de\\\/fr\\\/#\\\/schema\\\/logo\\\/image\\\/\"}}]}<\/script>\n<!-- \/ Yoast SEO plugin. -->","yoast_head_json":{"title":"R\u00e9vision et mission d\u2019audit contractuelles - GANTEF\u00dcHRER","robots":{"index":"index","follow":"follow","max-snippet":"max-snippet:-1","max-image-preview":"max-image-preview:large","max-video-preview":"max-video-preview:-1"},"canonical":"https:\/\/www.gamapa.de\/fr\/domaines-de-services-de-conseil\/commissariat-aux-comptes\/revision-et-mission-daudit-contractuelles\/","og_locale":"fr_FR","og_type":"article","og_title":"R\u00e9vision et mission d\u2019audit contractuelles - GANTEF\u00dcHRER","og_description":"\u00ab&nbsp;Fiabilit\u00e9 des informations financi\u00e8res&nbsp;\u00bb Il est parfois n\u00e9cessaire de pr\u00e9senter des comptes certifi\u00e9s ou de donner une confirmation \u00e9tablie par un commissaire aux comptes. C&rsquo;est pourquoi, en plus de l\u2019audit classique des comptes annuels, nous r\u00e9alisons \u00e9galement des missions d\u2019audit contractuel pour nos clients. Des missions d\u2019audit contractuel concernent les th\u00e8mes suivants&nbsp;: Comptes semestriels Plan [\u2026]","og_url":"https:\/\/www.gamapa.de\/fr\/domaines-de-services-de-conseil\/commissariat-aux-comptes\/revision-et-mission-daudit-contractuelles\/","og_site_name":"GANTEF\u00dcHRER","article_modified_time":"2020-12-07T13:59:58+00:00","og_image":[{"width":2560,"height":764,"url":"https:\/\/www.gamapa.de\/wp-content\/uploads\/2020\/09\/Header-Schild-1-scaled.jpg","type":"image\/jpeg"}],"twitter_card":"summary_large_image","twitter_misc":{"Dur\u00e9e de lecture estim\u00e9e":"1 minute"},"schema":{"@context":"https:\/\/schema.org","@graph":[{"@type":"WebPage","@id":"https:\/\/www.gamapa.de\/fr\/domaines-de-services-de-conseil\/commissariat-aux-comptes\/revision-et-mission-daudit-contractuelles\/","url":"https:\/\/www.gamapa.de\/fr\/domaines-de-services-de-conseil\/commissariat-aux-comptes\/revision-et-mission-daudit-contractuelles\/","name":"R\u00e9vision et mission d\u2019audit contractuelles - GANTEF\u00dcHRER","isPartOf":{"@id":"https:\/\/www.gamapa.de\/fr\/#website"},"primaryImageOfPage":{"@id":"https:\/\/www.gamapa.de\/fr\/domaines-de-services-de-conseil\/commissariat-aux-comptes\/revision-et-mission-daudit-contractuelles\/#primaryimage"},"image":{"@id":"https:\/\/www.gamapa.de\/fr\/domaines-de-services-de-conseil\/commissariat-aux-comptes\/revision-et-mission-daudit-contractuelles\/#primaryimage"},"thumbnailUrl":"https:\/\/www.gamapa.de\/wp-content\/uploads\/2025\/06\/Carlsplatz-schmal-scaled.jpg","datePublished":"2020-03-11T09:12:30+00:00","dateModified":"2020-12-07T13:59:58+00:00","breadcrumb":{"@id":"https:\/\/www.gamapa.de\/fr\/domaines-de-services-de-conseil\/commissariat-aux-comptes\/revision-et-mission-daudit-contractuelles\/#breadcrumb"},"inLanguage":"fr-FR","potentialAction":[{"@type":"ReadAction","target":["https:\/\/www.gamapa.de\/fr\/domaines-de-services-de-conseil\/commissariat-aux-comptes\/revision-et-mission-daudit-contractuelles\/"]}]},{"@type":"ImageObject","inLanguage":"fr-FR","@id":"https:\/\/www.gamapa.de\/fr\/domaines-de-services-de-conseil\/commissariat-aux-comptes\/revision-et-mission-daudit-contractuelles\/#primaryimage","url":"https:\/\/www.gamapa.de\/wp-content\/uploads\/2025\/06\/Carlsplatz-schmal-scaled.jpg","contentUrl":"https:\/\/www.gamapa.de\/wp-content\/uploads\/2025\/06\/Carlsplatz-schmal-scaled.jpg","width":2560,"height":764,"caption":"Blick in einen Besprechungsraum einer Anwaltskanzlei. Links neben der T\u00fcr ein Ipad das die Verf\u00fcgbarkeit anzeigt. Aufschrift Carlsplatz an der Wand"},{"@type":"BreadcrumbList","@id":"https:\/\/www.gamapa.de\/fr\/domaines-de-services-de-conseil\/commissariat-aux-comptes\/revision-et-mission-daudit-contractuelles\/#breadcrumb","itemListElement":[{"@type":"ListItem","position":1,"name":"Startseite","item":"https:\/\/www.gamapa.de\/fr\/"},{"@type":"ListItem","position":2,"name":"Domaines de conseil","item":"https:\/\/www.gamapa.de\/fr\/domaines-de-services-de-conseil\/"},{"@type":"ListItem","position":3,"name":"Commissariat aux Comptes","item":"https:\/\/www.gamapa.de\/fr\/domaines-de-services-de-conseil\/commissariat-aux-comptes\/"},{"@type":"ListItem","position":4,"name":"R\u00e9vision et mission d\u2019audit contractuelles"}]},{"@type":"WebSite","@id":"https:\/\/www.gamapa.de\/fr\/#website","url":"https:\/\/www.gamapa.de\/fr\/","name":"GANTEF\u00dcHRER","description":"Wirtschaftspr\u00fcfer, Steuerberater, Rechtsanw\u00e4lte","publisher":{"@id":"https:\/\/www.gamapa.de\/fr\/#organization"},"potentialAction":[{"@type":"SearchAction","target":{"@type":"EntryPoint","urlTemplate":"https:\/\/www.gamapa.de\/fr\/?s={search_term_string}"},"query-input":{"@type":"PropertyValueSpecification","valueRequired":true,"valueName":"search_term_string"}}],"inLanguage":"fr-FR"},{"@type":"Organization","@id":"https:\/\/www.gamapa.de\/fr\/#organization","name":"Gantef\u00fchrer Wirtschaftspr\u00fcfer, Steuerberater, Rechtsanw\u00e4lte","url":"https:\/\/www.gamapa.de\/fr\/","logo":{"@type":"ImageObject","inLanguage":"fr-FR","@id":"https:\/\/www.gamapa.de\/fr\/#\/schema\/logo\/image\/","url":"https:\/\/www.gamapa.de\/wp-content\/uploads\/2026\/01\/Logo-Gantefuehrer.png","contentUrl":"https:\/\/www.gamapa.de\/wp-content\/uploads\/2026\/01\/Logo-Gantefuehrer.png","width":767,"height":156,"caption":"Gantef\u00fchrer Wirtschaftspr\u00fcfer, Steuerberater, Rechtsanw\u00e4lte"},"image":{"@id":"https:\/\/www.gamapa.de\/fr\/#\/schema\/logo\/image\/"}}]}},"uagb_featured_image_src":{"full":["https:\/\/www.gamapa.de\/wp-content\/uploads\/2025\/06\/Carlsplatz-schmal-scaled.jpg",2560,764,false],"thumbnail":["https:\/\/www.gamapa.de\/wp-content\/uploads\/2025\/06\/Carlsplatz-schmal-150x150.jpg",150,150,true],"medium":["https:\/\/www.gamapa.de\/wp-content\/uploads\/2025\/06\/Carlsplatz-schmal-600x179.jpg",600,179,true],"medium_large":["https:\/\/www.gamapa.de\/wp-content\/uploads\/2025\/06\/Carlsplatz-schmal-768x229.jpg",580,173,true],"large":["https:\/\/www.gamapa.de\/wp-content\/uploads\/2025\/06\/Carlsplatz-schmal-scaled.jpg",580,173,false],"gs-tiny":["https:\/\/www.gamapa.de\/wp-content\/uploads\/2025\/06\/Carlsplatz-schmal-50x15.jpg",50,15,true],"xl":["https:\/\/www.gamapa.de\/wp-content\/uploads\/2025\/06\/Carlsplatz-schmal-1600x477.jpg",1600,477,true],"xxl":["https:\/\/www.gamapa.de\/wp-content\/uploads\/2025\/06\/Carlsplatz-schmal-2200x656.jpg",2200,656,true],"xxxl":["https:\/\/www.gamapa.de\/wp-content\/uploads\/2025\/06\/Carlsplatz-schmal-2800x835.jpg",2800,835,true],"xxxxl":["https:\/\/www.gamapa.de\/wp-content\/uploads\/2025\/06\/Carlsplatz-schmal-scaled.jpg",2560,764,false],"xxxxxl":["https:\/\/www.gamapa.de\/wp-content\/uploads\/2025\/06\/Carlsplatz-schmal-scaled.jpg",2560,764,false],"1536x1536":["https:\/\/www.gamapa.de\/wp-content\/uploads\/2025\/06\/Carlsplatz-schmal-1536x458.jpg",1536,458,true],"2048x2048":["https:\/\/www.gamapa.de\/wp-content\/uploads\/2025\/06\/Carlsplatz-schmal-2048x611.jpg",2048,611,true],"post-thumbnail":["https:\/\/www.gamapa.de\/wp-content\/uploads\/2025\/06\/Carlsplatz-schmal-scaled.jpg",2560,764,false],"twentytwenty-fullscreen":["https:\/\/www.gamapa.de\/wp-content\/uploads\/2025\/06\/Carlsplatz-schmal-scaled.jpg",2560,764,false],"theme-slug-single-post":["https:\/\/www.gamapa.de\/wp-content\/uploads\/2025\/06\/Carlsplatz-schmal-1600x400.jpg",1600,400,true]},"uagb_author_info":{"display_name":"linda","author_link":"https:\/\/www.gamapa.de\/fr\/author\/linda\/"},"uagb_comment_info":0,"uagb_excerpt":"\u00ab&nbsp;Fiabilit\u00e9 des informations financi\u00e8res&nbsp;\u00bb Il est parfois n\u00e9cessaire de pr\u00e9senter des comptes certifi\u00e9s ou de donner une confirmation \u00e9tablie par un commissaire aux comptes. C&rsquo;est pourquoi, en plus de l\u2019audit classique des comptes annuels, nous r\u00e9alisons \u00e9galement des missions d\u2019audit contractuel pour nos clients. Des missions d\u2019audit contractuel concernent les th\u00e8mes suivants&nbsp;: Comptes semestriels Plan\u2026","_links":{"self":[{"href":"https:\/\/www.gamapa.de\/fr\/wp-json\/wp\/v2\/pages\/4495","targetHints":{"allow":["GET"]}}],"collection":[{"href":"https:\/\/www.gamapa.de\/fr\/wp-json\/wp\/v2\/pages"}],"about":[{"href":"https:\/\/www.gamapa.de\/fr\/wp-json\/wp\/v2\/types\/page"}],"author":[{"embeddable":true,"href":"https:\/\/www.gamapa.de\/fr\/wp-json\/wp\/v2\/users\/1"}],"replies":[{"embeddable":true,"href":"https:\/\/www.gamapa.de\/fr\/wp-json\/wp\/v2\/comments?post=4495"}],"version-history":[{"count":3,"href":"https:\/\/www.gamapa.de\/fr\/wp-json\/wp\/v2\/pages\/4495\/revisions"}],"predecessor-version":[{"id":5345,"href":"https:\/\/www.gamapa.de\/fr\/wp-json\/wp\/v2\/pages\/4495\/revisions\/5345"}],"up":[{"embeddable":true,"href":"https:\/\/www.gamapa.de\/fr\/wp-json\/wp\/v2\/pages\/4486"}],"wp:featuredmedia":[{"embeddable":true,"href":"https:\/\/www.gamapa.de\/fr\/wp-json\/wp\/v2\/media\/19871"}],"wp:attachment":[{"href":"https:\/\/www.gamapa.de\/fr\/wp-json\/wp\/v2\/media?parent=4495"}],"curies":[{"name":"wp","href":"https:\/\/api.w.org\/{rel}","templated":true}]}}