

{"id":4509,"date":"2020-03-11T10:14:28","date_gmt":"2020-03-11T09:14:28","guid":{"rendered":"https:\/\/www.gamapa.de\/domaines-de-services-de-conseil\/conseil-fiscal\/gemeinnuetzigkeit\/"},"modified":"2021-03-18T11:51:23","modified_gmt":"2021-03-18T10:51:23","slug":"entites-dinteret-general","status":"publish","type":"page","link":"https:\/\/www.gamapa.de\/fr\/domaines-de-services-de-conseil\/conseil-fiscal\/entites-dinteret-general\/","title":{"rendered":"Entit\u00e9s d\u2019int\u00e9r\u00eat g\u00e9n\u00e9ral"},"content":{"rendered":"\n<h2 class=\"wp-block-heading\">\u00ab&nbsp;Parce que le droit sp\u00e9cial n\u00e9cessite des connaissances particuli\u00e8res&nbsp;\u00bb<\/h2>\n\n\n\n<p><\/p>\n\n\n\n<p>Depuis les questions li\u00e9es au droit r\u00e9gissant l\u2019activit\u00e9 d\u2019int\u00e9r\u00eat g\u00e9n\u00e9ral jusqu\u2019\u00e0 l\u2019optimisation des strat\u00e9gies et des solutions comptables, nous conseillons depuis des d\u00e9cennies des entit\u00e9s d\u2019int\u00e9r\u00eat g\u00e9n\u00e9ral.<\/p>\n\n\n\n<p>Aujourd&rsquo;hui, nous sommes l&rsquo;un des principaux cabinets de conseil nationaux dans ce domaine et offrons&nbsp;:<\/p>\n\n\n\n<ul class=\"wp-block-list\"><li>Conseil en mati\u00e8re de cr\u00e9ation des entit\u00e9s d\u2019int\u00e9r\u00eat g\u00e9n\u00e9ral (associations, fondations priv\u00e9es et publiques, soci\u00e9t\u00e9s \u00e0 responsabilit\u00e9 limit\u00e9e) et conseil en gestion courante<\/li><li>Expertise sur les questions de droit r\u00e9gissant l\u2019activit\u00e9 d\u2019int\u00e9r\u00eat g\u00e9n\u00e9ral<\/li><li>Conseil fiscal relatif aux statuts et contrats de soci\u00e9t\u00e9 pour l\u2019obtention ou le maintien du statut d\u2019entit\u00e9 d\u2019int\u00e9r\u00eat g\u00e9n\u00e9ral<\/li><li>Conseil en organisation afin de distinguer les entit\u00e9s d\u2019int\u00e9r\u00eat g\u00e9n\u00e9ral, des entreprises exer\u00e7ant une activit\u00e9 commerciale,<\/li><li>Conseil en gestion sur l\u2019utilisation des fonds en temps opportun et sur les r\u00e9serves autoris\u00e9es<\/li><li>Conseil juridique dans le domaine des donations et du sponsoring<\/li><\/ul>\n\n\n\n<h3>Fondations et organisations d\u2019utilit\u00e9 publique<\/h3>\n\n\n\n<p>En tant que consultants exp\u00e9riment\u00e9s dans le domaine du droit des fondations, nous accompagnons nos clients dans l\u2019accomplissement des formalit\u00e9s li\u00e9es \u00e0 la cr\u00e9ation d\u2019une fondation ainsi que pour les questions juridiques et fiscales, comme par exemple le maintien du statut d\u2019int\u00e9r\u00eat g\u00e9n\u00e9ral, la gestion d\u2019un fonds fiduciaire, la gestion d\u2019une fondation publique ou le soutien volontaire \u00e0 une fondation.<\/p>\n\n\n\n<p>L\u2019activit\u00e9 des fondations concerne des domaines vari\u00e9s, y compris celui des arts visuels.<\/p>\n\n\n\n<p>Les fondations familiales peuvent \u00e9galement permettre aux entrepreneurs de r\u00e9gler fiscalement la question de la succession de mani\u00e8re optimale.<\/p>\n\n\n\n<p>Dans des certains cas, en raison de l&rsquo;importance de la fondation concern\u00e9e (p.ex. \u00ab&nbsp;Schloss und Park Benrath&nbsp;\u00bb \u00e0 D\u00fcsseldorf), nous proc\u00e9dons \u00e9galement chaque ann\u00e9e \u00e0 l\u2019audit des comptes annuels.<\/p>\n\n\n\n<p>Plusieurs fondations que nous avons aid\u00e9es \u00e0 cr\u00e9er continuent \u00e0 faire appel aux services de notre cabinet, qui couvre \u00e9galement le suivi des op\u00e9rations de gestion.<\/p>\n","protected":false},"excerpt":{"rendered":"<p>\u00ab&nbsp;Parce que le droit sp\u00e9cial n\u00e9cessite des connaissances particuli\u00e8res&nbsp;\u00bb Depuis les questions li\u00e9es au droit r\u00e9gissant l\u2019activit\u00e9 d\u2019int\u00e9r\u00eat g\u00e9n\u00e9ral jusqu\u2019\u00e0 l\u2019optimisation des strat\u00e9gies et des solutions comptables, nous conseillons depuis des d\u00e9cennies des entit\u00e9s d\u2019int\u00e9r\u00eat g\u00e9n\u00e9ral. Aujourd&rsquo;hui, nous sommes l&rsquo;un des principaux cabinets de conseil nationaux dans ce domaine et offrons&nbsp;: Conseil en mati\u00e8re de <a href=\"https:\/\/www.gamapa.de\/fr\/domaines-de-services-de-conseil\/conseil-fiscal\/entites-dinteret-general\/\">[\u2026]<\/a><\/p>\n","protected":false},"author":1,"featured_media":3361,"parent":4498,"menu_order":4,"comment_status":"closed","ping_status":"closed","template":"templates\/template-simple-site.php","meta":{"_acf_changed":false,"_uag_custom_page_level_css":"","footnotes":""},"class_list":["post-4509","page","type-page","status-publish","has-post-thumbnail","hentry"],"acf":[],"yoast_head":"<!-- This site is optimized with the Yoast SEO plugin v27.5 - https:\/\/yoast.com\/product\/yoast-seo-wordpress\/ -->\n<title>Entit\u00e9s d\u2019int\u00e9r\u00eat g\u00e9n\u00e9ral - GANTEF\u00dcHRER<\/title>\n<meta name=\"robots\" content=\"index, follow, max-snippet:-1, max-image-preview:large, max-video-preview:-1\" \/>\n<link rel=\"canonical\" href=\"https:\/\/www.gamapa.de\/fr\/domaines-de-services-de-conseil\/conseil-fiscal\/entites-dinteret-general\/\" \/>\n<meta property=\"og:locale\" content=\"fr_FR\" \/>\n<meta property=\"og:type\" content=\"article\" \/>\n<meta property=\"og:title\" content=\"Entit\u00e9s d\u2019int\u00e9r\u00eat g\u00e9n\u00e9ral - GANTEF\u00dcHRER\" \/>\n<meta property=\"og:description\" content=\"\u00ab&nbsp;Parce que le droit sp\u00e9cial n\u00e9cessite des connaissances particuli\u00e8res&nbsp;\u00bb Depuis les questions li\u00e9es au droit r\u00e9gissant l\u2019activit\u00e9 d\u2019int\u00e9r\u00eat g\u00e9n\u00e9ral jusqu\u2019\u00e0 l\u2019optimisation des strat\u00e9gies et des solutions comptables, nous conseillons depuis des d\u00e9cennies des entit\u00e9s d\u2019int\u00e9r\u00eat g\u00e9n\u00e9ral. Aujourd&rsquo;hui, nous sommes l&rsquo;un des principaux cabinets de conseil nationaux dans ce domaine et offrons&nbsp;: Conseil en mati\u00e8re de [\u2026]\" \/>\n<meta property=\"og:url\" content=\"https:\/\/www.gamapa.de\/fr\/domaines-de-services-de-conseil\/conseil-fiscal\/entites-dinteret-general\/\" \/>\n<meta property=\"og:site_name\" content=\"GANTEF\u00dcHRER\" \/>\n<meta property=\"article:modified_time\" content=\"2021-03-18T10:51:23+00:00\" \/>\n<meta property=\"og:image\" content=\"https:\/\/www.gamapa.de\/wp-content\/uploads\/2020\/03\/Header-Interdisziplinaere-Beratung-5-scaled.jpg\" \/>\n\t<meta property=\"og:image:width\" content=\"2560\" \/>\n\t<meta property=\"og:image:height\" content=\"764\" \/>\n\t<meta property=\"og:image:type\" content=\"image\/jpeg\" \/>\n<meta name=\"twitter:card\" content=\"summary_large_image\" \/>\n<meta name=\"twitter:label1\" content=\"Dur\u00e9e de lecture estim\u00e9e\" \/>\n\t<meta name=\"twitter:data1\" content=\"2 minutes\" \/>\n<script type=\"application\/ld+json\" class=\"yoast-schema-graph\">{\"@context\":\"https:\\\/\\\/schema.org\",\"@graph\":[{\"@type\":\"WebPage\",\"@id\":\"https:\\\/\\\/www.gamapa.de\\\/fr\\\/domaines-de-services-de-conseil\\\/conseil-fiscal\\\/entites-dinteret-general\\\/\",\"url\":\"https:\\\/\\\/www.gamapa.de\\\/fr\\\/domaines-de-services-de-conseil\\\/conseil-fiscal\\\/entites-dinteret-general\\\/\",\"name\":\"Entit\u00e9s d\u2019int\u00e9r\u00eat g\u00e9n\u00e9ral - GANTEF\u00dcHRER\",\"isPartOf\":{\"@id\":\"https:\\\/\\\/www.gamapa.de\\\/fr\\\/#website\"},\"primaryImageOfPage\":{\"@id\":\"https:\\\/\\\/www.gamapa.de\\\/fr\\\/domaines-de-services-de-conseil\\\/conseil-fiscal\\\/entites-dinteret-general\\\/#primaryimage\"},\"image\":{\"@id\":\"https:\\\/\\\/www.gamapa.de\\\/fr\\\/domaines-de-services-de-conseil\\\/conseil-fiscal\\\/entites-dinteret-general\\\/#primaryimage\"},\"thumbnailUrl\":\"https:\\\/\\\/www.gamapa.de\\\/wp-content\\\/uploads\\\/2020\\\/03\\\/Header-Interdisziplinaere-Beratung-5-scaled.jpg\",\"datePublished\":\"2020-03-11T09:14:28+00:00\",\"dateModified\":\"2021-03-18T10:51:23+00:00\",\"breadcrumb\":{\"@id\":\"https:\\\/\\\/www.gamapa.de\\\/fr\\\/domaines-de-services-de-conseil\\\/conseil-fiscal\\\/entites-dinteret-general\\\/#breadcrumb\"},\"inLanguage\":\"fr-FR\",\"potentialAction\":[{\"@type\":\"ReadAction\",\"target\":[\"https:\\\/\\\/www.gamapa.de\\\/fr\\\/domaines-de-services-de-conseil\\\/conseil-fiscal\\\/entites-dinteret-general\\\/\"]}]},{\"@type\":\"ImageObject\",\"inLanguage\":\"fr-FR\",\"@id\":\"https:\\\/\\\/www.gamapa.de\\\/fr\\\/domaines-de-services-de-conseil\\\/conseil-fiscal\\\/entites-dinteret-general\\\/#primaryimage\",\"url\":\"https:\\\/\\\/www.gamapa.de\\\/wp-content\\\/uploads\\\/2020\\\/03\\\/Header-Interdisziplinaere-Beratung-5-scaled.jpg\",\"contentUrl\":\"https:\\\/\\\/www.gamapa.de\\\/wp-content\\\/uploads\\\/2020\\\/03\\\/Header-Interdisziplinaere-Beratung-5-scaled.jpg\",\"width\":2560,\"height\":764},{\"@type\":\"BreadcrumbList\",\"@id\":\"https:\\\/\\\/www.gamapa.de\\\/fr\\\/domaines-de-services-de-conseil\\\/conseil-fiscal\\\/entites-dinteret-general\\\/#breadcrumb\",\"itemListElement\":[{\"@type\":\"ListItem\",\"position\":1,\"name\":\"Startseite\",\"item\":\"https:\\\/\\\/www.gamapa.de\\\/fr\\\/\"},{\"@type\":\"ListItem\",\"position\":2,\"name\":\"Domaines de conseil\",\"item\":\"https:\\\/\\\/www.gamapa.de\\\/fr\\\/domaines-de-services-de-conseil\\\/\"},{\"@type\":\"ListItem\",\"position\":3,\"name\":\"Conseil fiscal\",\"item\":\"https:\\\/\\\/www.gamapa.de\\\/fr\\\/domaines-de-services-de-conseil\\\/conseil-fiscal\\\/\"},{\"@type\":\"ListItem\",\"position\":4,\"name\":\"Entit\u00e9s d\u2019int\u00e9r\u00eat g\u00e9n\u00e9ral\"}]},{\"@type\":\"WebSite\",\"@id\":\"https:\\\/\\\/www.gamapa.de\\\/fr\\\/#website\",\"url\":\"https:\\\/\\\/www.gamapa.de\\\/fr\\\/\",\"name\":\"GANTEF\u00dcHRER\",\"description\":\"Wirtschaftspr\u00fcfer, Steuerberater, Rechtsanw\u00e4lte\",\"publisher\":{\"@id\":\"https:\\\/\\\/www.gamapa.de\\\/fr\\\/#organization\"},\"potentialAction\":[{\"@type\":\"SearchAction\",\"target\":{\"@type\":\"EntryPoint\",\"urlTemplate\":\"https:\\\/\\\/www.gamapa.de\\\/fr\\\/?s={search_term_string}\"},\"query-input\":{\"@type\":\"PropertyValueSpecification\",\"valueRequired\":true,\"valueName\":\"search_term_string\"}}],\"inLanguage\":\"fr-FR\"},{\"@type\":\"Organization\",\"@id\":\"https:\\\/\\\/www.gamapa.de\\\/fr\\\/#organization\",\"name\":\"Gantef\u00fchrer Wirtschaftspr\u00fcfer, Steuerberater, Rechtsanw\u00e4lte\",\"url\":\"https:\\\/\\\/www.gamapa.de\\\/fr\\\/\",\"logo\":{\"@type\":\"ImageObject\",\"inLanguage\":\"fr-FR\",\"@id\":\"https:\\\/\\\/www.gamapa.de\\\/fr\\\/#\\\/schema\\\/logo\\\/image\\\/\",\"url\":\"https:\\\/\\\/www.gamapa.de\\\/wp-content\\\/uploads\\\/2026\\\/01\\\/Logo-Gantefuehrer.png\",\"contentUrl\":\"https:\\\/\\\/www.gamapa.de\\\/wp-content\\\/uploads\\\/2026\\\/01\\\/Logo-Gantefuehrer.png\",\"width\":767,\"height\":156,\"caption\":\"Gantef\u00fchrer Wirtschaftspr\u00fcfer, Steuerberater, Rechtsanw\u00e4lte\"},\"image\":{\"@id\":\"https:\\\/\\\/www.gamapa.de\\\/fr\\\/#\\\/schema\\\/logo\\\/image\\\/\"}}]}<\/script>\n<!-- \/ Yoast SEO plugin. -->","yoast_head_json":{"title":"Entit\u00e9s d\u2019int\u00e9r\u00eat g\u00e9n\u00e9ral - GANTEF\u00dcHRER","robots":{"index":"index","follow":"follow","max-snippet":"max-snippet:-1","max-image-preview":"max-image-preview:large","max-video-preview":"max-video-preview:-1"},"canonical":"https:\/\/www.gamapa.de\/fr\/domaines-de-services-de-conseil\/conseil-fiscal\/entites-dinteret-general\/","og_locale":"fr_FR","og_type":"article","og_title":"Entit\u00e9s d\u2019int\u00e9r\u00eat g\u00e9n\u00e9ral - GANTEF\u00dcHRER","og_description":"\u00ab&nbsp;Parce que le droit sp\u00e9cial n\u00e9cessite des connaissances particuli\u00e8res&nbsp;\u00bb Depuis les questions li\u00e9es au droit r\u00e9gissant l\u2019activit\u00e9 d\u2019int\u00e9r\u00eat g\u00e9n\u00e9ral jusqu\u2019\u00e0 l\u2019optimisation des strat\u00e9gies et des solutions comptables, nous conseillons depuis des d\u00e9cennies des entit\u00e9s d\u2019int\u00e9r\u00eat g\u00e9n\u00e9ral. Aujourd&rsquo;hui, nous sommes l&rsquo;un des principaux cabinets de conseil nationaux dans ce domaine et offrons&nbsp;: Conseil en mati\u00e8re de [\u2026]","og_url":"https:\/\/www.gamapa.de\/fr\/domaines-de-services-de-conseil\/conseil-fiscal\/entites-dinteret-general\/","og_site_name":"GANTEF\u00dcHRER","article_modified_time":"2021-03-18T10:51:23+00:00","og_image":[{"width":2560,"height":764,"url":"https:\/\/www.gamapa.de\/wp-content\/uploads\/2020\/03\/Header-Interdisziplinaere-Beratung-5-scaled.jpg","type":"image\/jpeg"}],"twitter_card":"summary_large_image","twitter_misc":{"Dur\u00e9e de lecture estim\u00e9e":"2 minutes"},"schema":{"@context":"https:\/\/schema.org","@graph":[{"@type":"WebPage","@id":"https:\/\/www.gamapa.de\/fr\/domaines-de-services-de-conseil\/conseil-fiscal\/entites-dinteret-general\/","url":"https:\/\/www.gamapa.de\/fr\/domaines-de-services-de-conseil\/conseil-fiscal\/entites-dinteret-general\/","name":"Entit\u00e9s d\u2019int\u00e9r\u00eat g\u00e9n\u00e9ral - GANTEF\u00dcHRER","isPartOf":{"@id":"https:\/\/www.gamapa.de\/fr\/#website"},"primaryImageOfPage":{"@id":"https:\/\/www.gamapa.de\/fr\/domaines-de-services-de-conseil\/conseil-fiscal\/entites-dinteret-general\/#primaryimage"},"image":{"@id":"https:\/\/www.gamapa.de\/fr\/domaines-de-services-de-conseil\/conseil-fiscal\/entites-dinteret-general\/#primaryimage"},"thumbnailUrl":"https:\/\/www.gamapa.de\/wp-content\/uploads\/2020\/03\/Header-Interdisziplinaere-Beratung-5-scaled.jpg","datePublished":"2020-03-11T09:14:28+00:00","dateModified":"2021-03-18T10:51:23+00:00","breadcrumb":{"@id":"https:\/\/www.gamapa.de\/fr\/domaines-de-services-de-conseil\/conseil-fiscal\/entites-dinteret-general\/#breadcrumb"},"inLanguage":"fr-FR","potentialAction":[{"@type":"ReadAction","target":["https:\/\/www.gamapa.de\/fr\/domaines-de-services-de-conseil\/conseil-fiscal\/entites-dinteret-general\/"]}]},{"@type":"ImageObject","inLanguage":"fr-FR","@id":"https:\/\/www.gamapa.de\/fr\/domaines-de-services-de-conseil\/conseil-fiscal\/entites-dinteret-general\/#primaryimage","url":"https:\/\/www.gamapa.de\/wp-content\/uploads\/2020\/03\/Header-Interdisziplinaere-Beratung-5-scaled.jpg","contentUrl":"https:\/\/www.gamapa.de\/wp-content\/uploads\/2020\/03\/Header-Interdisziplinaere-Beratung-5-scaled.jpg","width":2560,"height":764},{"@type":"BreadcrumbList","@id":"https:\/\/www.gamapa.de\/fr\/domaines-de-services-de-conseil\/conseil-fiscal\/entites-dinteret-general\/#breadcrumb","itemListElement":[{"@type":"ListItem","position":1,"name":"Startseite","item":"https:\/\/www.gamapa.de\/fr\/"},{"@type":"ListItem","position":2,"name":"Domaines de conseil","item":"https:\/\/www.gamapa.de\/fr\/domaines-de-services-de-conseil\/"},{"@type":"ListItem","position":3,"name":"Conseil fiscal","item":"https:\/\/www.gamapa.de\/fr\/domaines-de-services-de-conseil\/conseil-fiscal\/"},{"@type":"ListItem","position":4,"name":"Entit\u00e9s d\u2019int\u00e9r\u00eat g\u00e9n\u00e9ral"}]},{"@type":"WebSite","@id":"https:\/\/www.gamapa.de\/fr\/#website","url":"https:\/\/www.gamapa.de\/fr\/","name":"GANTEF\u00dcHRER","description":"Wirtschaftspr\u00fcfer, Steuerberater, Rechtsanw\u00e4lte","publisher":{"@id":"https:\/\/www.gamapa.de\/fr\/#organization"},"potentialAction":[{"@type":"SearchAction","target":{"@type":"EntryPoint","urlTemplate":"https:\/\/www.gamapa.de\/fr\/?s={search_term_string}"},"query-input":{"@type":"PropertyValueSpecification","valueRequired":true,"valueName":"search_term_string"}}],"inLanguage":"fr-FR"},{"@type":"Organization","@id":"https:\/\/www.gamapa.de\/fr\/#organization","name":"Gantef\u00fchrer Wirtschaftspr\u00fcfer, Steuerberater, Rechtsanw\u00e4lte","url":"https:\/\/www.gamapa.de\/fr\/","logo":{"@type":"ImageObject","inLanguage":"fr-FR","@id":"https:\/\/www.gamapa.de\/fr\/#\/schema\/logo\/image\/","url":"https:\/\/www.gamapa.de\/wp-content\/uploads\/2026\/01\/Logo-Gantefuehrer.png","contentUrl":"https:\/\/www.gamapa.de\/wp-content\/uploads\/2026\/01\/Logo-Gantefuehrer.png","width":767,"height":156,"caption":"Gantef\u00fchrer Wirtschaftspr\u00fcfer, Steuerberater, Rechtsanw\u00e4lte"},"image":{"@id":"https:\/\/www.gamapa.de\/fr\/#\/schema\/logo\/image\/"}}]}},"uagb_featured_image_src":{"full":["https:\/\/www.gamapa.de\/wp-content\/uploads\/2020\/03\/Header-Interdisziplinaere-Beratung-5-scaled.jpg",2560,764,false],"thumbnail":["https:\/\/www.gamapa.de\/wp-content\/uploads\/2020\/03\/Header-Interdisziplinaere-Beratung-5-150x150.jpg",150,150,true],"medium":["https:\/\/www.gamapa.de\/wp-content\/uploads\/2020\/03\/Header-Interdisziplinaere-Beratung-5-600x179.jpg",600,179,true],"medium_large":["https:\/\/www.gamapa.de\/wp-content\/uploads\/2020\/03\/Header-Interdisziplinaere-Beratung-5-768x229.jpg",580,173,true],"large":["https:\/\/www.gamapa.de\/wp-content\/uploads\/2020\/03\/Header-Interdisziplinaere-Beratung-5-scaled.jpg",580,173,false],"gs-tiny":["https:\/\/www.gamapa.de\/wp-content\/uploads\/2020\/03\/Header-Interdisziplinaere-Beratung-5-scaled.jpg",50,15,false],"xl":["https:\/\/www.gamapa.de\/wp-content\/uploads\/2020\/03\/Header-Interdisziplinaere-Beratung-5-scaled.jpg",1600,478,false],"xxl":["https:\/\/www.gamapa.de\/wp-content\/uploads\/2020\/03\/Header-Interdisziplinaere-Beratung-5-scaled.jpg",2200,657,false],"xxxl":["https:\/\/www.gamapa.de\/wp-content\/uploads\/2020\/03\/Header-Interdisziplinaere-Beratung-5-scaled.jpg",2560,764,false],"xxxxl":["https:\/\/www.gamapa.de\/wp-content\/uploads\/2020\/03\/Header-Interdisziplinaere-Beratung-5-scaled.jpg",2560,764,false],"xxxxxl":["https:\/\/www.gamapa.de\/wp-content\/uploads\/2020\/03\/Header-Interdisziplinaere-Beratung-5-scaled.jpg",2560,764,false],"1536x1536":["https:\/\/www.gamapa.de\/wp-content\/uploads\/2020\/03\/Header-Interdisziplinaere-Beratung-5-1536x458.jpg",1536,458,true],"2048x2048":["https:\/\/www.gamapa.de\/wp-content\/uploads\/2020\/03\/Header-Interdisziplinaere-Beratung-5-2048x611.jpg",2048,611,true],"post-thumbnail":["https:\/\/www.gamapa.de\/wp-content\/uploads\/2020\/03\/Header-Interdisziplinaere-Beratung-5-scaled.jpg",2560,764,false],"twentytwenty-fullscreen":["https:\/\/www.gamapa.de\/wp-content\/uploads\/2020\/03\/Header-Interdisziplinaere-Beratung-5-scaled.jpg",2560,764,false],"theme-slug-single-post":["https:\/\/www.gamapa.de\/wp-content\/uploads\/2020\/03\/Header-Interdisziplinaere-Beratung-5-1600x400.jpg",1600,400,true]},"uagb_author_info":{"display_name":"linda","author_link":"https:\/\/www.gamapa.de\/fr\/author\/linda\/"},"uagb_comment_info":0,"uagb_excerpt":"\u00ab&nbsp;Parce que le droit sp\u00e9cial n\u00e9cessite des connaissances particuli\u00e8res&nbsp;\u00bb Depuis les questions li\u00e9es au droit r\u00e9gissant l\u2019activit\u00e9 d\u2019int\u00e9r\u00eat g\u00e9n\u00e9ral jusqu\u2019\u00e0 l\u2019optimisation des strat\u00e9gies et des solutions comptables, nous conseillons depuis des d\u00e9cennies des entit\u00e9s d\u2019int\u00e9r\u00eat g\u00e9n\u00e9ral. Aujourd&rsquo;hui, nous sommes l&rsquo;un des principaux cabinets de conseil nationaux dans ce domaine et offrons&nbsp;: Conseil en mati\u00e8re de\u2026","_links":{"self":[{"href":"https:\/\/www.gamapa.de\/fr\/wp-json\/wp\/v2\/pages\/4509","targetHints":{"allow":["GET"]}}],"collection":[{"href":"https:\/\/www.gamapa.de\/fr\/wp-json\/wp\/v2\/pages"}],"about":[{"href":"https:\/\/www.gamapa.de\/fr\/wp-json\/wp\/v2\/types\/page"}],"author":[{"embeddable":true,"href":"https:\/\/www.gamapa.de\/fr\/wp-json\/wp\/v2\/users\/1"}],"replies":[{"embeddable":true,"href":"https:\/\/www.gamapa.de\/fr\/wp-json\/wp\/v2\/comments?post=4509"}],"version-history":[{"count":4,"href":"https:\/\/www.gamapa.de\/fr\/wp-json\/wp\/v2\/pages\/4509\/revisions"}],"predecessor-version":[{"id":7571,"href":"https:\/\/www.gamapa.de\/fr\/wp-json\/wp\/v2\/pages\/4509\/revisions\/7571"}],"up":[{"embeddable":true,"href":"https:\/\/www.gamapa.de\/fr\/wp-json\/wp\/v2\/pages\/4498"}],"wp:featuredmedia":[{"embeddable":true,"href":"https:\/\/www.gamapa.de\/fr\/wp-json\/wp\/v2\/media\/3361"}],"wp:attachment":[{"href":"https:\/\/www.gamapa.de\/fr\/wp-json\/wp\/v2\/media?parent=4509"}],"curies":[{"name":"wp","href":"https:\/\/api.w.org\/{rel}","templated":true}]}}