

{"id":4523,"date":"2020-03-11T10:23:39","date_gmt":"2020-03-11T09:23:39","guid":{"rendered":"https:\/\/www.gamapa.de\/domaines-de-services-de-conseil\/conseil-fiscal\/immobilien\/"},"modified":"2020-12-07T14:45:16","modified_gmt":"2020-12-07T13:45:16","slug":"immobilier","status":"publish","type":"page","link":"https:\/\/www.gamapa.de\/fr\/domaines-de-services-de-conseil\/conseil-fiscal\/immobilier\/","title":{"rendered":"Immobilier"},"content":{"rendered":"\n<h2 class=\"wp-block-heading\">\u00ab&nbsp;Services de conseil dans le cadre des op\u00e9rations sur le march\u00e9 immobilier&nbsp;\u00bb<\/h2>\n\n\n\n<p>Que vous soyez un investisseur priv\u00e9 ou un fonds immobilier international, nous mettons nos connaissances sectorielles \u00e0 votre disposition.<\/p>\n\n\n\n<p>Dans le domaine du droit immobilier, nous proposons des conseils pluridisciplinaires sur les questions de droit civil et droit fiscal li\u00e9es \u00e0 l&rsquo;immobilier.<\/p>\n\n\n\n<p>Nous accompagnons nos clients lors de l&rsquo;achat et de la vente de biens immobiliers ou de soci\u00e9t\u00e9s immobili\u00e8res, en commen\u00e7ant par l&rsquo;\u00e9valuation juridique et fiscale compl\u00e8te du bien (\u00ab&nbsp;due diligence&nbsp;\u00bb), en passant par la pr\u00e9paration et la n\u00e9gociation du contrat d&rsquo;achat du bien, jusqu&rsquo;\u00e0 son ex\u00e9cution. Lors de l&rsquo;achat d&rsquo;un bien immobilier qui fait l\u2019objet d\u2019un bail commercial, il est essentiel de d\u00e9terminer quelles sont les possibilit\u00e9s de conclure un contrat de bail \u00e0 long terme avec un locataire dont la solvabilit\u00e9 aura \u00e9t\u00e9 v\u00e9rifi\u00e9e au pr\u00e9alable, pour pouvoir d\u00e9terminer sa valeur. Nous v\u00e9rifions ces informations dans le cadre de l\u2019\u00e9tude de \u00ab&nbsp;due diligence&nbsp;\u00bb pour le compte de l&rsquo;acheteur.<\/p>\n\n\n\n<p>Nous sommes \u00e0 m\u00eame de proposer des solutions optimis\u00e9es en ce qui concerne l\u2019imp\u00f4t sur la vente et l\u2019imp\u00f4t sur la mutation de biens immobiliers. Nos juristes et nos conseillers fiscaux disposent d\u2019une longue d\u2019exp\u00e9rience dans la r\u00e9alisation de grandes op\u00e9rations immobili\u00e8res.<\/p>\n\n\n\n<ul class=\"wp-block-list\"><li>Accompagnement au cours de l\u2019op\u00e9ration jusqu\u2019\u00e0 la finalisation de la vente<\/li><li>Pr\u00e9sentation de structures d\u2019achat \u00ab&nbsp;optimales&nbsp;\u00bb sur le plan fiscal<\/li><li>Restructuration de portefeuilles immobiliers<\/li><li>Conseil fiscal et juridique sur la mise en place d\u2019un G-REIT (fonds de placement immobilier allemand) et d\u2019un Vor-REIT (fonds de placement allemand concernant les biens immobiliers dont l\u2019introduction sur le march\u00e9 des capitaux n\u2019est pas encore possible)&nbsp;; en particulier, la structuration juridique et fiscale du transfert de biens immobiliers \u00e0 un REIT<\/li><li>Information financi\u00e8re selon les Normes Internationales d\u2019Information Financi\u00e8re<\/li><li>D\u00e9veloppement de concepts et pr\u00e9paration des comptes financiers n\u00e9cessaires \u00e0 l\u2019introduction en bourse (comptes consolid\u00e9s et interm\u00e9diaires, comptes combin\u00e9s, informations financi\u00e8res pro-forma)<\/li><\/ul>\n","protected":false},"excerpt":{"rendered":"<p>\u00ab&nbsp;Services de conseil dans le cadre des op\u00e9rations sur le march\u00e9 immobilier&nbsp;\u00bb Que vous soyez un investisseur priv\u00e9 ou un fonds immobilier international, nous mettons nos connaissances sectorielles \u00e0 votre disposition. Dans le domaine du droit immobilier, nous proposons des conseils pluridisciplinaires sur les questions de droit civil et droit fiscal li\u00e9es \u00e0 l&rsquo;immobilier. Nous <a href=\"https:\/\/www.gamapa.de\/fr\/domaines-de-services-de-conseil\/conseil-fiscal\/immobilier\/\">[\u2026]<\/a><\/p>\n","protected":false},"author":1,"featured_media":3361,"parent":4498,"menu_order":8,"comment_status":"closed","ping_status":"closed","template":"templates\/template-simple-site.php","meta":{"_acf_changed":false,"_uag_custom_page_level_css":"","footnotes":""},"class_list":["post-4523","page","type-page","status-publish","has-post-thumbnail","hentry"],"acf":[],"yoast_head":"<!-- This site is optimized with the Yoast SEO plugin v27.3 - https:\/\/yoast.com\/product\/yoast-seo-wordpress\/ -->\n<title>Immobilier - GANTEF\u00dcHRER<\/title>\n<meta name=\"description\" content=\"Services de conseil dans le cadre des op\u00e9rations sur le march\u00e9 immobiliers Fundament f\u00fcr Ihre Immobiliengesch\u00e4fte\" \/>\n<meta name=\"robots\" content=\"index, follow, max-snippet:-1, max-image-preview:large, max-video-preview:-1\" \/>\n<link rel=\"canonical\" href=\"https:\/\/www.gamapa.de\/fr\/domaines-de-services-de-conseil\/conseil-fiscal\/immobilier\/\" \/>\n<meta property=\"og:locale\" content=\"fr_FR\" \/>\n<meta property=\"og:type\" content=\"article\" \/>\n<meta property=\"og:title\" content=\"Immobilier - GANTEF\u00dcHRER\" \/>\n<meta property=\"og:description\" content=\"Services de conseil dans le cadre des op\u00e9rations sur le march\u00e9 immobiliers Fundament f\u00fcr Ihre Immobiliengesch\u00e4fte\" \/>\n<meta property=\"og:url\" content=\"https:\/\/www.gamapa.de\/fr\/domaines-de-services-de-conseil\/conseil-fiscal\/immobilier\/\" \/>\n<meta property=\"og:site_name\" content=\"GANTEF\u00dcHRER\" \/>\n<meta property=\"article:modified_time\" content=\"2020-12-07T13:45:16+00:00\" \/>\n<meta property=\"og:image\" content=\"https:\/\/www.gamapa.de\/wp-content\/uploads\/2020\/03\/Header-Interdisziplinaere-Beratung-5-scaled.jpg\" \/>\n\t<meta property=\"og:image:width\" content=\"2560\" \/>\n\t<meta property=\"og:image:height\" content=\"764\" \/>\n\t<meta property=\"og:image:type\" content=\"image\/jpeg\" \/>\n<meta name=\"twitter:card\" content=\"summary_large_image\" \/>\n<meta name=\"twitter:label1\" content=\"Dur\u00e9e de lecture estim\u00e9e\" \/>\n\t<meta name=\"twitter:data1\" content=\"2 minutes\" \/>\n<script type=\"application\/ld+json\" class=\"yoast-schema-graph\">{\"@context\":\"https:\\\/\\\/schema.org\",\"@graph\":[{\"@type\":\"WebPage\",\"@id\":\"https:\\\/\\\/www.gamapa.de\\\/fr\\\/domaines-de-services-de-conseil\\\/conseil-fiscal\\\/immobilier\\\/\",\"url\":\"https:\\\/\\\/www.gamapa.de\\\/fr\\\/domaines-de-services-de-conseil\\\/conseil-fiscal\\\/immobilier\\\/\",\"name\":\"Immobilier - GANTEF\u00dcHRER\",\"isPartOf\":{\"@id\":\"https:\\\/\\\/www.gamapa.de\\\/fr\\\/#website\"},\"primaryImageOfPage\":{\"@id\":\"https:\\\/\\\/www.gamapa.de\\\/fr\\\/domaines-de-services-de-conseil\\\/conseil-fiscal\\\/immobilier\\\/#primaryimage\"},\"image\":{\"@id\":\"https:\\\/\\\/www.gamapa.de\\\/fr\\\/domaines-de-services-de-conseil\\\/conseil-fiscal\\\/immobilier\\\/#primaryimage\"},\"thumbnailUrl\":\"https:\\\/\\\/www.gamapa.de\\\/wp-content\\\/uploads\\\/2020\\\/03\\\/Header-Interdisziplinaere-Beratung-5-scaled.jpg\",\"datePublished\":\"2020-03-11T09:23:39+00:00\",\"dateModified\":\"2020-12-07T13:45:16+00:00\",\"description\":\"Services de conseil dans le cadre des op\u00e9rations sur le march\u00e9 immobiliers Fundament f\u00fcr Ihre Immobiliengesch\u00e4fte\",\"breadcrumb\":{\"@id\":\"https:\\\/\\\/www.gamapa.de\\\/fr\\\/domaines-de-services-de-conseil\\\/conseil-fiscal\\\/immobilier\\\/#breadcrumb\"},\"inLanguage\":\"fr-FR\",\"potentialAction\":[{\"@type\":\"ReadAction\",\"target\":[\"https:\\\/\\\/www.gamapa.de\\\/fr\\\/domaines-de-services-de-conseil\\\/conseil-fiscal\\\/immobilier\\\/\"]}]},{\"@type\":\"ImageObject\",\"inLanguage\":\"fr-FR\",\"@id\":\"https:\\\/\\\/www.gamapa.de\\\/fr\\\/domaines-de-services-de-conseil\\\/conseil-fiscal\\\/immobilier\\\/#primaryimage\",\"url\":\"https:\\\/\\\/www.gamapa.de\\\/wp-content\\\/uploads\\\/2020\\\/03\\\/Header-Interdisziplinaere-Beratung-5-scaled.jpg\",\"contentUrl\":\"https:\\\/\\\/www.gamapa.de\\\/wp-content\\\/uploads\\\/2020\\\/03\\\/Header-Interdisziplinaere-Beratung-5-scaled.jpg\",\"width\":2560,\"height\":764},{\"@type\":\"BreadcrumbList\",\"@id\":\"https:\\\/\\\/www.gamapa.de\\\/fr\\\/domaines-de-services-de-conseil\\\/conseil-fiscal\\\/immobilier\\\/#breadcrumb\",\"itemListElement\":[{\"@type\":\"ListItem\",\"position\":1,\"name\":\"Startseite\",\"item\":\"https:\\\/\\\/www.gamapa.de\\\/fr\\\/\"},{\"@type\":\"ListItem\",\"position\":2,\"name\":\"Domaines de conseil\",\"item\":\"https:\\\/\\\/www.gamapa.de\\\/fr\\\/domaines-de-services-de-conseil\\\/\"},{\"@type\":\"ListItem\",\"position\":3,\"name\":\"Conseil fiscal\",\"item\":\"https:\\\/\\\/www.gamapa.de\\\/fr\\\/domaines-de-services-de-conseil\\\/conseil-fiscal\\\/\"},{\"@type\":\"ListItem\",\"position\":4,\"name\":\"Immobilier\"}]},{\"@type\":\"WebSite\",\"@id\":\"https:\\\/\\\/www.gamapa.de\\\/fr\\\/#website\",\"url\":\"https:\\\/\\\/www.gamapa.de\\\/fr\\\/\",\"name\":\"GANTEF\u00dcHRER\",\"description\":\"Wirtschaftspr\u00fcfer, Steuerberater, Rechtsanw\u00e4lte\",\"publisher\":{\"@id\":\"https:\\\/\\\/www.gamapa.de\\\/fr\\\/#organization\"},\"potentialAction\":[{\"@type\":\"SearchAction\",\"target\":{\"@type\":\"EntryPoint\",\"urlTemplate\":\"https:\\\/\\\/www.gamapa.de\\\/fr\\\/?s={search_term_string}\"},\"query-input\":{\"@type\":\"PropertyValueSpecification\",\"valueRequired\":true,\"valueName\":\"search_term_string\"}}],\"inLanguage\":\"fr-FR\"},{\"@type\":\"Organization\",\"@id\":\"https:\\\/\\\/www.gamapa.de\\\/fr\\\/#organization\",\"name\":\"Gantef\u00fchrer Wirtschaftspr\u00fcfer, Steuerberater, Rechtsanw\u00e4lte\",\"url\":\"https:\\\/\\\/www.gamapa.de\\\/fr\\\/\",\"logo\":{\"@type\":\"ImageObject\",\"inLanguage\":\"fr-FR\",\"@id\":\"https:\\\/\\\/www.gamapa.de\\\/fr\\\/#\\\/schema\\\/logo\\\/image\\\/\",\"url\":\"https:\\\/\\\/www.gamapa.de\\\/wp-content\\\/uploads\\\/2026\\\/01\\\/Logo-Gantefuehrer.png\",\"contentUrl\":\"https:\\\/\\\/www.gamapa.de\\\/wp-content\\\/uploads\\\/2026\\\/01\\\/Logo-Gantefuehrer.png\",\"width\":767,\"height\":156,\"caption\":\"Gantef\u00fchrer Wirtschaftspr\u00fcfer, Steuerberater, Rechtsanw\u00e4lte\"},\"image\":{\"@id\":\"https:\\\/\\\/www.gamapa.de\\\/fr\\\/#\\\/schema\\\/logo\\\/image\\\/\"}}]}<\/script>\n<!-- \/ Yoast SEO plugin. -->","yoast_head_json":{"title":"Immobilier - GANTEF\u00dcHRER","description":"Services de conseil dans le cadre des op\u00e9rations sur le march\u00e9 immobiliers Fundament f\u00fcr Ihre Immobiliengesch\u00e4fte","robots":{"index":"index","follow":"follow","max-snippet":"max-snippet:-1","max-image-preview":"max-image-preview:large","max-video-preview":"max-video-preview:-1"},"canonical":"https:\/\/www.gamapa.de\/fr\/domaines-de-services-de-conseil\/conseil-fiscal\/immobilier\/","og_locale":"fr_FR","og_type":"article","og_title":"Immobilier - GANTEF\u00dcHRER","og_description":"Services de conseil dans le cadre des op\u00e9rations sur le march\u00e9 immobiliers Fundament f\u00fcr Ihre Immobiliengesch\u00e4fte","og_url":"https:\/\/www.gamapa.de\/fr\/domaines-de-services-de-conseil\/conseil-fiscal\/immobilier\/","og_site_name":"GANTEF\u00dcHRER","article_modified_time":"2020-12-07T13:45:16+00:00","og_image":[{"width":2560,"height":764,"url":"https:\/\/www.gamapa.de\/wp-content\/uploads\/2020\/03\/Header-Interdisziplinaere-Beratung-5-scaled.jpg","type":"image\/jpeg"}],"twitter_card":"summary_large_image","twitter_misc":{"Dur\u00e9e de lecture estim\u00e9e":"2 minutes"},"schema":{"@context":"https:\/\/schema.org","@graph":[{"@type":"WebPage","@id":"https:\/\/www.gamapa.de\/fr\/domaines-de-services-de-conseil\/conseil-fiscal\/immobilier\/","url":"https:\/\/www.gamapa.de\/fr\/domaines-de-services-de-conseil\/conseil-fiscal\/immobilier\/","name":"Immobilier - GANTEF\u00dcHRER","isPartOf":{"@id":"https:\/\/www.gamapa.de\/fr\/#website"},"primaryImageOfPage":{"@id":"https:\/\/www.gamapa.de\/fr\/domaines-de-services-de-conseil\/conseil-fiscal\/immobilier\/#primaryimage"},"image":{"@id":"https:\/\/www.gamapa.de\/fr\/domaines-de-services-de-conseil\/conseil-fiscal\/immobilier\/#primaryimage"},"thumbnailUrl":"https:\/\/www.gamapa.de\/wp-content\/uploads\/2020\/03\/Header-Interdisziplinaere-Beratung-5-scaled.jpg","datePublished":"2020-03-11T09:23:39+00:00","dateModified":"2020-12-07T13:45:16+00:00","description":"Services de conseil dans le cadre des op\u00e9rations sur le march\u00e9 immobiliers Fundament f\u00fcr Ihre Immobiliengesch\u00e4fte","breadcrumb":{"@id":"https:\/\/www.gamapa.de\/fr\/domaines-de-services-de-conseil\/conseil-fiscal\/immobilier\/#breadcrumb"},"inLanguage":"fr-FR","potentialAction":[{"@type":"ReadAction","target":["https:\/\/www.gamapa.de\/fr\/domaines-de-services-de-conseil\/conseil-fiscal\/immobilier\/"]}]},{"@type":"ImageObject","inLanguage":"fr-FR","@id":"https:\/\/www.gamapa.de\/fr\/domaines-de-services-de-conseil\/conseil-fiscal\/immobilier\/#primaryimage","url":"https:\/\/www.gamapa.de\/wp-content\/uploads\/2020\/03\/Header-Interdisziplinaere-Beratung-5-scaled.jpg","contentUrl":"https:\/\/www.gamapa.de\/wp-content\/uploads\/2020\/03\/Header-Interdisziplinaere-Beratung-5-scaled.jpg","width":2560,"height":764},{"@type":"BreadcrumbList","@id":"https:\/\/www.gamapa.de\/fr\/domaines-de-services-de-conseil\/conseil-fiscal\/immobilier\/#breadcrumb","itemListElement":[{"@type":"ListItem","position":1,"name":"Startseite","item":"https:\/\/www.gamapa.de\/fr\/"},{"@type":"ListItem","position":2,"name":"Domaines de conseil","item":"https:\/\/www.gamapa.de\/fr\/domaines-de-services-de-conseil\/"},{"@type":"ListItem","position":3,"name":"Conseil fiscal","item":"https:\/\/www.gamapa.de\/fr\/domaines-de-services-de-conseil\/conseil-fiscal\/"},{"@type":"ListItem","position":4,"name":"Immobilier"}]},{"@type":"WebSite","@id":"https:\/\/www.gamapa.de\/fr\/#website","url":"https:\/\/www.gamapa.de\/fr\/","name":"GANTEF\u00dcHRER","description":"Wirtschaftspr\u00fcfer, Steuerberater, Rechtsanw\u00e4lte","publisher":{"@id":"https:\/\/www.gamapa.de\/fr\/#organization"},"potentialAction":[{"@type":"SearchAction","target":{"@type":"EntryPoint","urlTemplate":"https:\/\/www.gamapa.de\/fr\/?s={search_term_string}"},"query-input":{"@type":"PropertyValueSpecification","valueRequired":true,"valueName":"search_term_string"}}],"inLanguage":"fr-FR"},{"@type":"Organization","@id":"https:\/\/www.gamapa.de\/fr\/#organization","name":"Gantef\u00fchrer Wirtschaftspr\u00fcfer, Steuerberater, Rechtsanw\u00e4lte","url":"https:\/\/www.gamapa.de\/fr\/","logo":{"@type":"ImageObject","inLanguage":"fr-FR","@id":"https:\/\/www.gamapa.de\/fr\/#\/schema\/logo\/image\/","url":"https:\/\/www.gamapa.de\/wp-content\/uploads\/2026\/01\/Logo-Gantefuehrer.png","contentUrl":"https:\/\/www.gamapa.de\/wp-content\/uploads\/2026\/01\/Logo-Gantefuehrer.png","width":767,"height":156,"caption":"Gantef\u00fchrer Wirtschaftspr\u00fcfer, Steuerberater, Rechtsanw\u00e4lte"},"image":{"@id":"https:\/\/www.gamapa.de\/fr\/#\/schema\/logo\/image\/"}}]}},"uagb_featured_image_src":{"full":["https:\/\/www.gamapa.de\/wp-content\/uploads\/2020\/03\/Header-Interdisziplinaere-Beratung-5-scaled.jpg",2560,764,false],"thumbnail":["https:\/\/www.gamapa.de\/wp-content\/uploads\/2020\/03\/Header-Interdisziplinaere-Beratung-5-150x150.jpg",150,150,true],"medium":["https:\/\/www.gamapa.de\/wp-content\/uploads\/2020\/03\/Header-Interdisziplinaere-Beratung-5-600x179.jpg",600,179,true],"medium_large":["https:\/\/www.gamapa.de\/wp-content\/uploads\/2020\/03\/Header-Interdisziplinaere-Beratung-5-768x229.jpg",580,173,true],"large":["https:\/\/www.gamapa.de\/wp-content\/uploads\/2020\/03\/Header-Interdisziplinaere-Beratung-5-scaled.jpg",580,173,false],"gs-tiny":["https:\/\/www.gamapa.de\/wp-content\/uploads\/2020\/03\/Header-Interdisziplinaere-Beratung-5-scaled.jpg",50,15,false],"xl":["https:\/\/www.gamapa.de\/wp-content\/uploads\/2020\/03\/Header-Interdisziplinaere-Beratung-5-scaled.jpg",1600,478,false],"xxl":["https:\/\/www.gamapa.de\/wp-content\/uploads\/2020\/03\/Header-Interdisziplinaere-Beratung-5-scaled.jpg",2200,657,false],"xxxl":["https:\/\/www.gamapa.de\/wp-content\/uploads\/2020\/03\/Header-Interdisziplinaere-Beratung-5-scaled.jpg",2560,764,false],"xxxxl":["https:\/\/www.gamapa.de\/wp-content\/uploads\/2020\/03\/Header-Interdisziplinaere-Beratung-5-scaled.jpg",2560,764,false],"xxxxxl":["https:\/\/www.gamapa.de\/wp-content\/uploads\/2020\/03\/Header-Interdisziplinaere-Beratung-5-scaled.jpg",2560,764,false],"1536x1536":["https:\/\/www.gamapa.de\/wp-content\/uploads\/2020\/03\/Header-Interdisziplinaere-Beratung-5-1536x458.jpg",1536,458,true],"2048x2048":["https:\/\/www.gamapa.de\/wp-content\/uploads\/2020\/03\/Header-Interdisziplinaere-Beratung-5-2048x611.jpg",2048,611,true],"post-thumbnail":["https:\/\/www.gamapa.de\/wp-content\/uploads\/2020\/03\/Header-Interdisziplinaere-Beratung-5-scaled.jpg",2560,764,false],"twentytwenty-fullscreen":["https:\/\/www.gamapa.de\/wp-content\/uploads\/2020\/03\/Header-Interdisziplinaere-Beratung-5-scaled.jpg",2560,764,false],"theme-slug-single-post":["https:\/\/www.gamapa.de\/wp-content\/uploads\/2020\/03\/Header-Interdisziplinaere-Beratung-5-1600x400.jpg",1600,400,true]},"uagb_author_info":{"display_name":"linda","author_link":"https:\/\/www.gamapa.de\/fr\/author\/linda\/"},"uagb_comment_info":0,"uagb_excerpt":"\u00ab&nbsp;Services de conseil dans le cadre des op\u00e9rations sur le march\u00e9 immobilier&nbsp;\u00bb Que vous soyez un investisseur priv\u00e9 ou un fonds immobilier international, nous mettons nos connaissances sectorielles \u00e0 votre disposition. Dans le domaine du droit immobilier, nous proposons des conseils pluridisciplinaires sur les questions de droit civil et droit fiscal li\u00e9es \u00e0 l&rsquo;immobilier. Nous\u2026","_links":{"self":[{"href":"https:\/\/www.gamapa.de\/fr\/wp-json\/wp\/v2\/pages\/4523","targetHints":{"allow":["GET"]}}],"collection":[{"href":"https:\/\/www.gamapa.de\/fr\/wp-json\/wp\/v2\/pages"}],"about":[{"href":"https:\/\/www.gamapa.de\/fr\/wp-json\/wp\/v2\/types\/page"}],"author":[{"embeddable":true,"href":"https:\/\/www.gamapa.de\/fr\/wp-json\/wp\/v2\/users\/1"}],"replies":[{"embeddable":true,"href":"https:\/\/www.gamapa.de\/fr\/wp-json\/wp\/v2\/comments?post=4523"}],"version-history":[{"count":4,"href":"https:\/\/www.gamapa.de\/fr\/wp-json\/wp\/v2\/pages\/4523\/revisions"}],"predecessor-version":[{"id":5310,"href":"https:\/\/www.gamapa.de\/fr\/wp-json\/wp\/v2\/pages\/4523\/revisions\/5310"}],"up":[{"embeddable":true,"href":"https:\/\/www.gamapa.de\/fr\/wp-json\/wp\/v2\/pages\/4498"}],"wp:featuredmedia":[{"embeddable":true,"href":"https:\/\/www.gamapa.de\/fr\/wp-json\/wp\/v2\/media\/3361"}],"wp:attachment":[{"href":"https:\/\/www.gamapa.de\/fr\/wp-json\/wp\/v2\/media?parent=4523"}],"curies":[{"name":"wp","href":"https:\/\/api.w.org\/{rel}","templated":true}]}}