

{"id":4529,"date":"2020-03-11T10:24:38","date_gmt":"2020-03-11T09:24:38","guid":{"rendered":"https:\/\/www.gamapa.de\/bildende-kunst\/"},"modified":"2021-01-06T19:37:02","modified_gmt":"2021-01-06T18:37:02","slug":"art-et-fiscalite","status":"publish","type":"page","link":"https:\/\/www.gamapa.de\/fr\/domaines-de-services-de-conseil\/conseil-juridique\/art-et-fiscalite\/","title":{"rendered":"Art et fiscalit\u00e9"},"content":{"rendered":"\n<h2 class=\"wp-block-heading\">\u00ab&nbsp;De la passion au m\u00e9tier&nbsp;\u00bb<\/h2>\n\n\n\n<p>Le conseil aux artistes et aux organismes exer\u00e7ant une activit\u00e9 li\u00e9e \u00e0 l\u2019art est un domaine de comp\u00e9tence particulier de notre cabinet. Son origine et son d\u00e9veloppement sont d\u00fbs \u00e0 la passion pour l&rsquo;art du fondateur de notre cabinet. Cette sp\u00e9cialisation pointue et non courante, nous distingue des autres cabinets fournissant des conseils juridiques.<\/p>\n\n\n\n<p>De nombreux collectionneurs d&rsquo;art, artistes connus, galeries renomm\u00e9es et mus\u00e9es (p. ex. la collection \u00ab&nbsp;Kunstsammlung Nordrhein-Westfalen&nbsp;\u00bb \u00e0 D\u00fcsseldorf), associations de soutien aux mus\u00e9es, fondations (p. ex. la fondation \u00ab&nbsp;Museum Kunstpalast&nbsp;\u00bb \u00e0 D\u00fcsseldorf), maisons de ventes aux ench\u00e8res et assureurs des \u0153uvres d&rsquo;art, nous font confiance.<\/p>\n\n\n\n<p>Dans ce domaine, diff\u00e9rents aspects fiscaux et juridiques se chevauchent. L\u2019art offre des opportunit\u00e9s int\u00e9ressantes pour une planification successorale fiscalement optimis\u00e9e et peut ouvrir des perspectives insoup\u00e7onn\u00e9es pour les entrepreneurs qui s\u2019y int\u00e9ressent. En collaboration avec AXA Art Versicherung AG, nous publions la brochure \u00ab&nbsp;Schwerpunktthemen f\u00fcr den Kunstsammler&nbsp;\u00bb (\u00ab&nbsp;Questions principales pour les collectionneurs d&rsquo;art&nbsp;\u00bb). Vous pouvez \u00e9galement nous en faire la demande par t\u00e9l\u00e9phone.<\/p>\n\n\n\n<h3 class=\"wp-block-heading\">Notre services de conseil dans le domaine de l&rsquo;art&nbsp;:<\/h3>\n\n\n\n<ul class=\"wp-block-list\"><li>Optimisation fiscale du processus d\u2019achat d\u2019\u0153uvres d&rsquo;art<\/li><li>Exon\u00e9ration de l\u2019imp\u00f4t sur les successions et les donations dans le cas des \u0153uvres d\u2019art<\/li><li>R\u00e9daction de contrats d&rsquo;achat et de vente, de location et de pr\u00eat \u00e0 usage d&rsquo;\u0153uvres d&rsquo;art<\/li><li>R\u00e9daction de contrats avec des mus\u00e9es, par ex. contrats de pr\u00eat \u00e0 usage, contrats avec des curateurs d\u2019expositions, auteurs et photographes, accords de coop\u00e9ration entre des mus\u00e9es<\/li><li>Questions li\u00e9es aux droits d&rsquo;auteur<\/li><li>Protection des biens culturels<\/li><li>Questions relatives \u00e0 la falsification d\u2019\u0153uvres d&rsquo;art,<\/li><li>Repr\u00e9sentation judiciaire et extra-judiciaire de mus\u00e9es, de marchands d&rsquo;art, de galeries, d\u2019acheteurs et d\u2019experts<\/li><\/ul>\n","protected":false},"excerpt":{"rendered":"<p>\u00ab&nbsp;De la passion au m\u00e9tier&nbsp;\u00bb Le conseil aux artistes et aux organismes exer\u00e7ant une activit\u00e9 li\u00e9e \u00e0 l\u2019art est un domaine de comp\u00e9tence particulier de notre cabinet. Son origine et son d\u00e9veloppement sont d\u00fbs \u00e0 la passion pour l&rsquo;art du fondateur de notre cabinet. Cette sp\u00e9cialisation pointue et non courante, nous distingue des autres cabinets <a href=\"https:\/\/www.gamapa.de\/fr\/domaines-de-services-de-conseil\/conseil-juridique\/art-et-fiscalite\/\">[\u2026]<\/a><\/p>\n","protected":false},"author":1,"featured_media":4369,"parent":4489,"menu_order":9,"comment_status":"closed","ping_status":"closed","template":"","meta":{"_acf_changed":false,"_uag_custom_page_level_css":"","footnotes":""},"class_list":["post-4529","page","type-page","status-publish","has-post-thumbnail","hentry"],"acf":[],"yoast_head":"<!-- This site is optimized with the Yoast SEO plugin v27.5 - https:\/\/yoast.com\/product\/yoast-seo-wordpress\/ -->\n<title>Art et fiscalit\u00e9 - GANTEF\u00dcHRER<\/title>\n<meta name=\"description\" content=\"Le conseil aux artistes et aux organismes exer\u00e7ant une activit\u00e9 li\u00e9e \u00e0 l\u2019art est un domaine de comp\u00e9tence particulier de notre cabinet.\" \/>\n<meta name=\"robots\" content=\"index, follow, max-snippet:-1, max-image-preview:large, max-video-preview:-1\" \/>\n<link rel=\"canonical\" href=\"https:\/\/www.gamapa.de\/fr\/domaines-de-services-de-conseil\/conseil-juridique\/art-et-fiscalite\/\" \/>\n<meta property=\"og:locale\" content=\"fr_FR\" \/>\n<meta property=\"og:type\" content=\"article\" \/>\n<meta property=\"og:title\" content=\"Art et fiscalit\u00e9 - GANTEF\u00dcHRER\" \/>\n<meta property=\"og:description\" content=\"Le conseil aux artistes et aux organismes exer\u00e7ant une activit\u00e9 li\u00e9e \u00e0 l\u2019art est un domaine de comp\u00e9tence particulier de notre cabinet.\" \/>\n<meta property=\"og:url\" content=\"https:\/\/www.gamapa.de\/fr\/domaines-de-services-de-conseil\/conseil-juridique\/art-et-fiscalite\/\" \/>\n<meta property=\"og:site_name\" content=\"GANTEF\u00dcHRER\" \/>\n<meta property=\"article:modified_time\" content=\"2021-01-06T18:37:02+00:00\" \/>\n<meta property=\"og:image\" content=\"https:\/\/www.gamapa.de\/wp-content\/uploads\/2020\/09\/Header-bildende-Kunst-1-scaled.jpg\" \/>\n\t<meta property=\"og:image:width\" content=\"2560\" \/>\n\t<meta property=\"og:image:height\" content=\"764\" \/>\n\t<meta property=\"og:image:type\" content=\"image\/jpeg\" \/>\n<meta name=\"twitter:card\" content=\"summary_large_image\" \/>\n<meta name=\"twitter:label1\" content=\"Dur\u00e9e de lecture estim\u00e9e\" \/>\n\t<meta name=\"twitter:data1\" content=\"2 minutes\" \/>\n<script type=\"application\/ld+json\" class=\"yoast-schema-graph\">{\"@context\":\"https:\\\/\\\/schema.org\",\"@graph\":[{\"@type\":\"WebPage\",\"@id\":\"https:\\\/\\\/www.gamapa.de\\\/fr\\\/domaines-de-services-de-conseil\\\/conseil-juridique\\\/art-et-fiscalite\\\/\",\"url\":\"https:\\\/\\\/www.gamapa.de\\\/fr\\\/domaines-de-services-de-conseil\\\/conseil-juridique\\\/art-et-fiscalite\\\/\",\"name\":\"Art et fiscalit\u00e9 - GANTEF\u00dcHRER\",\"isPartOf\":{\"@id\":\"https:\\\/\\\/www.gamapa.de\\\/fr\\\/#website\"},\"primaryImageOfPage\":{\"@id\":\"https:\\\/\\\/www.gamapa.de\\\/fr\\\/domaines-de-services-de-conseil\\\/conseil-juridique\\\/art-et-fiscalite\\\/#primaryimage\"},\"image\":{\"@id\":\"https:\\\/\\\/www.gamapa.de\\\/fr\\\/domaines-de-services-de-conseil\\\/conseil-juridique\\\/art-et-fiscalite\\\/#primaryimage\"},\"thumbnailUrl\":\"https:\\\/\\\/www.gamapa.de\\\/wp-content\\\/uploads\\\/2020\\\/09\\\/Header-bildende-Kunst-1-scaled.jpg\",\"datePublished\":\"2020-03-11T09:24:38+00:00\",\"dateModified\":\"2021-01-06T18:37:02+00:00\",\"description\":\"Le conseil aux artistes et aux organismes exer\u00e7ant une activit\u00e9 li\u00e9e \u00e0 l\u2019art est un domaine de comp\u00e9tence particulier de notre cabinet.\",\"breadcrumb\":{\"@id\":\"https:\\\/\\\/www.gamapa.de\\\/fr\\\/domaines-de-services-de-conseil\\\/conseil-juridique\\\/art-et-fiscalite\\\/#breadcrumb\"},\"inLanguage\":\"fr-FR\",\"potentialAction\":[{\"@type\":\"ReadAction\",\"target\":[\"https:\\\/\\\/www.gamapa.de\\\/fr\\\/domaines-de-services-de-conseil\\\/conseil-juridique\\\/art-et-fiscalite\\\/\"]}]},{\"@type\":\"ImageObject\",\"inLanguage\":\"fr-FR\",\"@id\":\"https:\\\/\\\/www.gamapa.de\\\/fr\\\/domaines-de-services-de-conseil\\\/conseil-juridique\\\/art-et-fiscalite\\\/#primaryimage\",\"url\":\"https:\\\/\\\/www.gamapa.de\\\/wp-content\\\/uploads\\\/2020\\\/09\\\/Header-bildende-Kunst-1-scaled.jpg\",\"contentUrl\":\"https:\\\/\\\/www.gamapa.de\\\/wp-content\\\/uploads\\\/2020\\\/09\\\/Header-bildende-Kunst-1-scaled.jpg\",\"width\":2560,\"height\":764},{\"@type\":\"BreadcrumbList\",\"@id\":\"https:\\\/\\\/www.gamapa.de\\\/fr\\\/domaines-de-services-de-conseil\\\/conseil-juridique\\\/art-et-fiscalite\\\/#breadcrumb\",\"itemListElement\":[{\"@type\":\"ListItem\",\"position\":1,\"name\":\"Startseite\",\"item\":\"https:\\\/\\\/www.gamapa.de\\\/fr\\\/\"},{\"@type\":\"ListItem\",\"position\":2,\"name\":\"Art et fiscalit\u00e9\"}]},{\"@type\":\"WebSite\",\"@id\":\"https:\\\/\\\/www.gamapa.de\\\/fr\\\/#website\",\"url\":\"https:\\\/\\\/www.gamapa.de\\\/fr\\\/\",\"name\":\"GANTEF\u00dcHRER\",\"description\":\"Wirtschaftspr\u00fcfer, Steuerberater, Rechtsanw\u00e4lte\",\"publisher\":{\"@id\":\"https:\\\/\\\/www.gamapa.de\\\/fr\\\/#organization\"},\"potentialAction\":[{\"@type\":\"SearchAction\",\"target\":{\"@type\":\"EntryPoint\",\"urlTemplate\":\"https:\\\/\\\/www.gamapa.de\\\/fr\\\/?s={search_term_string}\"},\"query-input\":{\"@type\":\"PropertyValueSpecification\",\"valueRequired\":true,\"valueName\":\"search_term_string\"}}],\"inLanguage\":\"fr-FR\"},{\"@type\":\"Organization\",\"@id\":\"https:\\\/\\\/www.gamapa.de\\\/fr\\\/#organization\",\"name\":\"Gantef\u00fchrer Wirtschaftspr\u00fcfer, Steuerberater, Rechtsanw\u00e4lte\",\"url\":\"https:\\\/\\\/www.gamapa.de\\\/fr\\\/\",\"logo\":{\"@type\":\"ImageObject\",\"inLanguage\":\"fr-FR\",\"@id\":\"https:\\\/\\\/www.gamapa.de\\\/fr\\\/#\\\/schema\\\/logo\\\/image\\\/\",\"url\":\"https:\\\/\\\/www.gamapa.de\\\/wp-content\\\/uploads\\\/2026\\\/01\\\/Logo-Gantefuehrer.png\",\"contentUrl\":\"https:\\\/\\\/www.gamapa.de\\\/wp-content\\\/uploads\\\/2026\\\/01\\\/Logo-Gantefuehrer.png\",\"width\":767,\"height\":156,\"caption\":\"Gantef\u00fchrer Wirtschaftspr\u00fcfer, Steuerberater, Rechtsanw\u00e4lte\"},\"image\":{\"@id\":\"https:\\\/\\\/www.gamapa.de\\\/fr\\\/#\\\/schema\\\/logo\\\/image\\\/\"}}]}<\/script>\n<!-- \/ Yoast SEO plugin. -->","yoast_head_json":{"title":"Art et fiscalit\u00e9 - GANTEF\u00dcHRER","description":"Le conseil aux artistes et aux organismes exer\u00e7ant une activit\u00e9 li\u00e9e \u00e0 l\u2019art est un domaine de comp\u00e9tence particulier de notre cabinet.","robots":{"index":"index","follow":"follow","max-snippet":"max-snippet:-1","max-image-preview":"max-image-preview:large","max-video-preview":"max-video-preview:-1"},"canonical":"https:\/\/www.gamapa.de\/fr\/domaines-de-services-de-conseil\/conseil-juridique\/art-et-fiscalite\/","og_locale":"fr_FR","og_type":"article","og_title":"Art et fiscalit\u00e9 - GANTEF\u00dcHRER","og_description":"Le conseil aux artistes et aux organismes exer\u00e7ant une activit\u00e9 li\u00e9e \u00e0 l\u2019art est un domaine de comp\u00e9tence particulier de notre cabinet.","og_url":"https:\/\/www.gamapa.de\/fr\/domaines-de-services-de-conseil\/conseil-juridique\/art-et-fiscalite\/","og_site_name":"GANTEF\u00dcHRER","article_modified_time":"2021-01-06T18:37:02+00:00","og_image":[{"width":2560,"height":764,"url":"https:\/\/www.gamapa.de\/wp-content\/uploads\/2020\/09\/Header-bildende-Kunst-1-scaled.jpg","type":"image\/jpeg"}],"twitter_card":"summary_large_image","twitter_misc":{"Dur\u00e9e de lecture estim\u00e9e":"2 minutes"},"schema":{"@context":"https:\/\/schema.org","@graph":[{"@type":"WebPage","@id":"https:\/\/www.gamapa.de\/fr\/domaines-de-services-de-conseil\/conseil-juridique\/art-et-fiscalite\/","url":"https:\/\/www.gamapa.de\/fr\/domaines-de-services-de-conseil\/conseil-juridique\/art-et-fiscalite\/","name":"Art et fiscalit\u00e9 - GANTEF\u00dcHRER","isPartOf":{"@id":"https:\/\/www.gamapa.de\/fr\/#website"},"primaryImageOfPage":{"@id":"https:\/\/www.gamapa.de\/fr\/domaines-de-services-de-conseil\/conseil-juridique\/art-et-fiscalite\/#primaryimage"},"image":{"@id":"https:\/\/www.gamapa.de\/fr\/domaines-de-services-de-conseil\/conseil-juridique\/art-et-fiscalite\/#primaryimage"},"thumbnailUrl":"https:\/\/www.gamapa.de\/wp-content\/uploads\/2020\/09\/Header-bildende-Kunst-1-scaled.jpg","datePublished":"2020-03-11T09:24:38+00:00","dateModified":"2021-01-06T18:37:02+00:00","description":"Le conseil aux artistes et aux organismes exer\u00e7ant une activit\u00e9 li\u00e9e \u00e0 l\u2019art est un domaine de comp\u00e9tence particulier de notre cabinet.","breadcrumb":{"@id":"https:\/\/www.gamapa.de\/fr\/domaines-de-services-de-conseil\/conseil-juridique\/art-et-fiscalite\/#breadcrumb"},"inLanguage":"fr-FR","potentialAction":[{"@type":"ReadAction","target":["https:\/\/www.gamapa.de\/fr\/domaines-de-services-de-conseil\/conseil-juridique\/art-et-fiscalite\/"]}]},{"@type":"ImageObject","inLanguage":"fr-FR","@id":"https:\/\/www.gamapa.de\/fr\/domaines-de-services-de-conseil\/conseil-juridique\/art-et-fiscalite\/#primaryimage","url":"https:\/\/www.gamapa.de\/wp-content\/uploads\/2020\/09\/Header-bildende-Kunst-1-scaled.jpg","contentUrl":"https:\/\/www.gamapa.de\/wp-content\/uploads\/2020\/09\/Header-bildende-Kunst-1-scaled.jpg","width":2560,"height":764},{"@type":"BreadcrumbList","@id":"https:\/\/www.gamapa.de\/fr\/domaines-de-services-de-conseil\/conseil-juridique\/art-et-fiscalite\/#breadcrumb","itemListElement":[{"@type":"ListItem","position":1,"name":"Startseite","item":"https:\/\/www.gamapa.de\/fr\/"},{"@type":"ListItem","position":2,"name":"Art et fiscalit\u00e9"}]},{"@type":"WebSite","@id":"https:\/\/www.gamapa.de\/fr\/#website","url":"https:\/\/www.gamapa.de\/fr\/","name":"GANTEF\u00dcHRER","description":"Wirtschaftspr\u00fcfer, Steuerberater, Rechtsanw\u00e4lte","publisher":{"@id":"https:\/\/www.gamapa.de\/fr\/#organization"},"potentialAction":[{"@type":"SearchAction","target":{"@type":"EntryPoint","urlTemplate":"https:\/\/www.gamapa.de\/fr\/?s={search_term_string}"},"query-input":{"@type":"PropertyValueSpecification","valueRequired":true,"valueName":"search_term_string"}}],"inLanguage":"fr-FR"},{"@type":"Organization","@id":"https:\/\/www.gamapa.de\/fr\/#organization","name":"Gantef\u00fchrer Wirtschaftspr\u00fcfer, Steuerberater, Rechtsanw\u00e4lte","url":"https:\/\/www.gamapa.de\/fr\/","logo":{"@type":"ImageObject","inLanguage":"fr-FR","@id":"https:\/\/www.gamapa.de\/fr\/#\/schema\/logo\/image\/","url":"https:\/\/www.gamapa.de\/wp-content\/uploads\/2026\/01\/Logo-Gantefuehrer.png","contentUrl":"https:\/\/www.gamapa.de\/wp-content\/uploads\/2026\/01\/Logo-Gantefuehrer.png","width":767,"height":156,"caption":"Gantef\u00fchrer Wirtschaftspr\u00fcfer, Steuerberater, Rechtsanw\u00e4lte"},"image":{"@id":"https:\/\/www.gamapa.de\/fr\/#\/schema\/logo\/image\/"}}]}},"uagb_featured_image_src":{"full":["https:\/\/www.gamapa.de\/wp-content\/uploads\/2020\/09\/Header-bildende-Kunst-1-scaled.jpg",2560,764,false],"thumbnail":["https:\/\/www.gamapa.de\/wp-content\/uploads\/2020\/09\/Header-bildende-Kunst-1-150x150.jpg",150,150,true],"medium":["https:\/\/www.gamapa.de\/wp-content\/uploads\/2020\/09\/Header-bildende-Kunst-1-600x179.jpg",600,179,true],"medium_large":["https:\/\/www.gamapa.de\/wp-content\/uploads\/2020\/09\/Header-bildende-Kunst-1-768x229.jpg",580,173,true],"large":["https:\/\/www.gamapa.de\/wp-content\/uploads\/2020\/09\/Header-bildende-Kunst-1-scaled.jpg",580,173,false],"gs-tiny":["https:\/\/www.gamapa.de\/wp-content\/uploads\/2020\/09\/Header-bildende-Kunst-1-scaled.jpg",50,15,false],"xl":["https:\/\/www.gamapa.de\/wp-content\/uploads\/2020\/09\/Header-bildende-Kunst-1-1600x477.jpg",1600,477,true],"xxl":["https:\/\/www.gamapa.de\/wp-content\/uploads\/2020\/09\/Header-bildende-Kunst-1-2200x656.jpg",2200,656,true],"xxxl":["https:\/\/www.gamapa.de\/wp-content\/uploads\/2020\/09\/Header-bildende-Kunst-1-2800x835.jpg",2800,835,true],"xxxxl":["https:\/\/www.gamapa.de\/wp-content\/uploads\/2020\/09\/Header-bildende-Kunst-1-scaled.jpg",2560,764,false],"xxxxxl":["https:\/\/www.gamapa.de\/wp-content\/uploads\/2020\/09\/Header-bildende-Kunst-1-scaled.jpg",2560,764,false],"1536x1536":["https:\/\/www.gamapa.de\/wp-content\/uploads\/2020\/09\/Header-bildende-Kunst-1-1536x458.jpg",1536,458,true],"2048x2048":["https:\/\/www.gamapa.de\/wp-content\/uploads\/2020\/09\/Header-bildende-Kunst-1-2048x611.jpg",2048,611,true],"post-thumbnail":["https:\/\/www.gamapa.de\/wp-content\/uploads\/2020\/09\/Header-bildende-Kunst-1-scaled.jpg",2560,764,false],"twentytwenty-fullscreen":["https:\/\/www.gamapa.de\/wp-content\/uploads\/2020\/09\/Header-bildende-Kunst-1-scaled.jpg",2560,764,false],"theme-slug-single-post":["https:\/\/www.gamapa.de\/wp-content\/uploads\/2020\/09\/Header-bildende-Kunst-1-1600x400.jpg",1600,400,true]},"uagb_author_info":{"display_name":"linda","author_link":"https:\/\/www.gamapa.de\/fr\/author\/linda\/"},"uagb_comment_info":0,"uagb_excerpt":"\u00ab&nbsp;De la passion au m\u00e9tier&nbsp;\u00bb Le conseil aux artistes et aux organismes exer\u00e7ant une activit\u00e9 li\u00e9e \u00e0 l\u2019art est un domaine de comp\u00e9tence particulier de notre cabinet. Son origine et son d\u00e9veloppement sont d\u00fbs \u00e0 la passion pour l&rsquo;art du fondateur de notre cabinet. Cette sp\u00e9cialisation pointue et non courante, nous distingue des autres cabinets\u2026","_links":{"self":[{"href":"https:\/\/www.gamapa.de\/fr\/wp-json\/wp\/v2\/pages\/4529","targetHints":{"allow":["GET"]}}],"collection":[{"href":"https:\/\/www.gamapa.de\/fr\/wp-json\/wp\/v2\/pages"}],"about":[{"href":"https:\/\/www.gamapa.de\/fr\/wp-json\/wp\/v2\/types\/page"}],"author":[{"embeddable":true,"href":"https:\/\/www.gamapa.de\/fr\/wp-json\/wp\/v2\/users\/1"}],"replies":[{"embeddable":true,"href":"https:\/\/www.gamapa.de\/fr\/wp-json\/wp\/v2\/comments?post=4529"}],"version-history":[{"count":3,"href":"https:\/\/www.gamapa.de\/fr\/wp-json\/wp\/v2\/pages\/4529\/revisions"}],"predecessor-version":[{"id":5569,"href":"https:\/\/www.gamapa.de\/fr\/wp-json\/wp\/v2\/pages\/4529\/revisions\/5569"}],"up":[{"embeddable":true,"href":"https:\/\/www.gamapa.de\/fr\/wp-json\/wp\/v2\/pages\/4489"}],"wp:featuredmedia":[{"embeddable":true,"href":"https:\/\/www.gamapa.de\/fr\/wp-json\/wp\/v2\/media\/4369"}],"wp:attachment":[{"href":"https:\/\/www.gamapa.de\/fr\/wp-json\/wp\/v2\/media?parent=4529"}],"curies":[{"name":"wp","href":"https:\/\/api.w.org\/{rel}","templated":true}]}}