

{"id":4537,"date":"2020-03-11T10:16:48","date_gmt":"2020-03-11T09:16:48","guid":{"rendered":"https:\/\/www.gamapa.de\/domaines-de-services-de-conseil\/conseil-juridique\/allgemeines-wirtschaftsrecht\/"},"modified":"2021-03-18T12:02:07","modified_gmt":"2021-03-18T11:02:07","slug":"droit-economique-general","status":"publish","type":"page","link":"https:\/\/www.gamapa.de\/fr\/domaines-de-services-de-conseil\/conseil-juridique\/droit-economique-general\/","title":{"rendered":"Droit \u00e9conomique g\u00e9n\u00e9ral"},"content":{"rendered":"\n<h2 class=\"wp-block-heading\">\u00ab&nbsp;Tout ce dont l\u2019entrepreneur a besoin en termes de services juridiques&nbsp;\u00bb<\/h2>\n\n\n\n<p><\/p>\n\n\n\n<p>Le droit commercial g\u00e9n\u00e9ral est le domaine principal de l\u2019activit\u00e9 de consulting de notre cabinet. Nous conseillons nos clients en mati\u00e8re d\u2019organisation, nous les repr\u00e9sentons dans le cadre des litiges li\u00e9s au droit des soci\u00e9t\u00e9s et nous les soutenons lors de la r\u00e9alisation de transactions d\u2019achat d\u2019entreprises (<em>share-deal<\/em> et <em>asset-deal<\/em>, proc\u00e9dure d\u2019appel d\u2019offres, <em>private equity<\/em>, <em>venture capital<\/em>, <em>management buy-out\/in<\/em>, <em>earn-out<\/em>, privatisation, etc.).<\/p>\n\n\n\n<p>Nos comp\u00e9tences :<\/p>\n\n\n\n<p><\/p>\n\n\n\n<ul class=\"wp-block-list\"><li>Droit des soci\u00e9t\u00e9s (pour les toutes formes juridiques, y compris le droit des soci\u00e9t\u00e9s anonymes)<\/li><li>Achat et vente d\u2019entreprises (fusions et absorptions)<\/li><li>Fusions, changements de forme juridique d\u2019entreprises et autres types de r\u00e9organisation <\/li><li>Structure de holdings (PME)<\/li><li>Responsabilit\u00e9 des directeurs g\u00e9n\u00e9raux et du conseil de g\u00e9rance<\/li><li>Droit du travail<\/li><li>Droit des assurances<\/li><li>Droit de la distribution, notamment bureaux de repr\u00e9sentation commerciale, contrats de franchise, contrats de licence, contrats de coop\u00e9ration<\/li><li>Droit de l\u2019informatique et des t\u00e9l\u00e9communications<\/li><li>Droit de la propri\u00e9t\u00e9 industrielle<\/li><\/ul>\n\n\n\n<p><\/p>\n","protected":false},"excerpt":{"rendered":"<p>\u00ab&nbsp;Tout ce dont l\u2019entrepreneur a besoin en termes de services juridiques&nbsp;\u00bb Le droit commercial g\u00e9n\u00e9ral est le domaine principal de l\u2019activit\u00e9 de consulting de notre cabinet. Nous conseillons nos clients en mati\u00e8re d\u2019organisation, nous les repr\u00e9sentons dans le cadre des litiges li\u00e9s au droit des soci\u00e9t\u00e9s et nous les soutenons lors de la r\u00e9alisation de <a href=\"https:\/\/www.gamapa.de\/fr\/domaines-de-services-de-conseil\/conseil-juridique\/droit-economique-general\/\">[\u2026]<\/a><\/p>\n","protected":false},"author":1,"featured_media":3877,"parent":4489,"menu_order":0,"comment_status":"closed","ping_status":"closed","template":"templates\/template-simple-site.php","meta":{"_acf_changed":false,"_uag_custom_page_level_css":"","footnotes":""},"class_list":["post-4537","page","type-page","status-publish","has-post-thumbnail","hentry"],"acf":[],"yoast_head":"<!-- This site is optimized with the Yoast SEO plugin v27.5 - https:\/\/yoast.com\/product\/yoast-seo-wordpress\/ -->\n<title>Droit \u00e9conomique g\u00e9n\u00e9ral - GANTEF\u00dcHRER<\/title>\n<meta name=\"description\" content=\"Le droit commercial g\u00e9n\u00e9ral est le domaine principal de l\u2019activit\u00e9 de consulting de notre cabinet.\" \/>\n<meta name=\"robots\" content=\"index, follow, max-snippet:-1, max-image-preview:large, max-video-preview:-1\" \/>\n<link rel=\"canonical\" href=\"https:\/\/www.gamapa.de\/fr\/domaines-de-services-de-conseil\/conseil-juridique\/droit-economique-general\/\" \/>\n<meta property=\"og:locale\" content=\"fr_FR\" \/>\n<meta property=\"og:type\" content=\"article\" \/>\n<meta property=\"og:title\" content=\"Droit \u00e9conomique g\u00e9n\u00e9ral - GANTEF\u00dcHRER\" \/>\n<meta property=\"og:description\" content=\"Le droit commercial g\u00e9n\u00e9ral est le domaine principal de l\u2019activit\u00e9 de consulting de notre cabinet.\" \/>\n<meta property=\"og:url\" content=\"https:\/\/www.gamapa.de\/fr\/domaines-de-services-de-conseil\/conseil-juridique\/droit-economique-general\/\" \/>\n<meta property=\"og:site_name\" content=\"GANTEF\u00dcHRER\" \/>\n<meta property=\"article:modified_time\" content=\"2021-03-18T11:02:07+00:00\" \/>\n<meta property=\"og:image\" content=\"https:\/\/www.gamapa.de\/wp-content\/uploads\/2020\/07\/U-Header-Rechtsgebiete-2-scaled.jpg\" \/>\n\t<meta property=\"og:image:width\" content=\"2560\" \/>\n\t<meta property=\"og:image:height\" content=\"764\" \/>\n\t<meta property=\"og:image:type\" content=\"image\/jpeg\" \/>\n<meta name=\"twitter:card\" content=\"summary_large_image\" \/>\n<meta name=\"twitter:label1\" content=\"Dur\u00e9e de lecture estim\u00e9e\" \/>\n\t<meta name=\"twitter:data1\" content=\"1 minute\" \/>\n<script type=\"application\/ld+json\" class=\"yoast-schema-graph\">{\"@context\":\"https:\\\/\\\/schema.org\",\"@graph\":[{\"@type\":\"WebPage\",\"@id\":\"https:\\\/\\\/www.gamapa.de\\\/fr\\\/domaines-de-services-de-conseil\\\/conseil-juridique\\\/droit-economique-general\\\/\",\"url\":\"https:\\\/\\\/www.gamapa.de\\\/fr\\\/domaines-de-services-de-conseil\\\/conseil-juridique\\\/droit-economique-general\\\/\",\"name\":\"Droit \u00e9conomique g\u00e9n\u00e9ral - GANTEF\u00dcHRER\",\"isPartOf\":{\"@id\":\"https:\\\/\\\/www.gamapa.de\\\/fr\\\/#website\"},\"primaryImageOfPage\":{\"@id\":\"https:\\\/\\\/www.gamapa.de\\\/fr\\\/domaines-de-services-de-conseil\\\/conseil-juridique\\\/droit-economique-general\\\/#primaryimage\"},\"image\":{\"@id\":\"https:\\\/\\\/www.gamapa.de\\\/fr\\\/domaines-de-services-de-conseil\\\/conseil-juridique\\\/droit-economique-general\\\/#primaryimage\"},\"thumbnailUrl\":\"https:\\\/\\\/www.gamapa.de\\\/wp-content\\\/uploads\\\/2020\\\/07\\\/U-Header-Rechtsgebiete-2-scaled.jpg\",\"datePublished\":\"2020-03-11T09:16:48+00:00\",\"dateModified\":\"2021-03-18T11:02:07+00:00\",\"description\":\"Le droit commercial g\u00e9n\u00e9ral est le domaine principal de l\u2019activit\u00e9 de consulting de notre cabinet.\",\"breadcrumb\":{\"@id\":\"https:\\\/\\\/www.gamapa.de\\\/fr\\\/domaines-de-services-de-conseil\\\/conseil-juridique\\\/droit-economique-general\\\/#breadcrumb\"},\"inLanguage\":\"fr-FR\",\"potentialAction\":[{\"@type\":\"ReadAction\",\"target\":[\"https:\\\/\\\/www.gamapa.de\\\/fr\\\/domaines-de-services-de-conseil\\\/conseil-juridique\\\/droit-economique-general\\\/\"]}]},{\"@type\":\"ImageObject\",\"inLanguage\":\"fr-FR\",\"@id\":\"https:\\\/\\\/www.gamapa.de\\\/fr\\\/domaines-de-services-de-conseil\\\/conseil-juridique\\\/droit-economique-general\\\/#primaryimage\",\"url\":\"https:\\\/\\\/www.gamapa.de\\\/wp-content\\\/uploads\\\/2020\\\/07\\\/U-Header-Rechtsgebiete-2-scaled.jpg\",\"contentUrl\":\"https:\\\/\\\/www.gamapa.de\\\/wp-content\\\/uploads\\\/2020\\\/07\\\/U-Header-Rechtsgebiete-2-scaled.jpg\",\"width\":2560,\"height\":764,\"caption\":\"Allgemeines Wirtschaftsrecht, Rechtsberatung D\u00fcsseldorf \u2013multidisziplin\u00e4re Kanzleien f\u00fcr den Mittelstand in Nordrhein-Westfalen\"},{\"@type\":\"BreadcrumbList\",\"@id\":\"https:\\\/\\\/www.gamapa.de\\\/fr\\\/domaines-de-services-de-conseil\\\/conseil-juridique\\\/droit-economique-general\\\/#breadcrumb\",\"itemListElement\":[{\"@type\":\"ListItem\",\"position\":1,\"name\":\"Startseite\",\"item\":\"https:\\\/\\\/www.gamapa.de\\\/fr\\\/\"},{\"@type\":\"ListItem\",\"position\":2,\"name\":\"Domaines de conseil\",\"item\":\"https:\\\/\\\/www.gamapa.de\\\/fr\\\/domaines-de-services-de-conseil\\\/\"},{\"@type\":\"ListItem\",\"position\":3,\"name\":\"Conseil juridique\",\"item\":\"https:\\\/\\\/www.gamapa.de\\\/fr\\\/domaines-de-services-de-conseil\\\/conseil-juridique\\\/\"},{\"@type\":\"ListItem\",\"position\":4,\"name\":\"Droit \u00e9conomique g\u00e9n\u00e9ral\"}]},{\"@type\":\"WebSite\",\"@id\":\"https:\\\/\\\/www.gamapa.de\\\/fr\\\/#website\",\"url\":\"https:\\\/\\\/www.gamapa.de\\\/fr\\\/\",\"name\":\"GANTEF\u00dcHRER\",\"description\":\"Wirtschaftspr\u00fcfer, Steuerberater, Rechtsanw\u00e4lte\",\"publisher\":{\"@id\":\"https:\\\/\\\/www.gamapa.de\\\/fr\\\/#organization\"},\"potentialAction\":[{\"@type\":\"SearchAction\",\"target\":{\"@type\":\"EntryPoint\",\"urlTemplate\":\"https:\\\/\\\/www.gamapa.de\\\/fr\\\/?s={search_term_string}\"},\"query-input\":{\"@type\":\"PropertyValueSpecification\",\"valueRequired\":true,\"valueName\":\"search_term_string\"}}],\"inLanguage\":\"fr-FR\"},{\"@type\":\"Organization\",\"@id\":\"https:\\\/\\\/www.gamapa.de\\\/fr\\\/#organization\",\"name\":\"Gantef\u00fchrer Wirtschaftspr\u00fcfer, Steuerberater, Rechtsanw\u00e4lte\",\"url\":\"https:\\\/\\\/www.gamapa.de\\\/fr\\\/\",\"logo\":{\"@type\":\"ImageObject\",\"inLanguage\":\"fr-FR\",\"@id\":\"https:\\\/\\\/www.gamapa.de\\\/fr\\\/#\\\/schema\\\/logo\\\/image\\\/\",\"url\":\"https:\\\/\\\/www.gamapa.de\\\/wp-content\\\/uploads\\\/2026\\\/01\\\/Logo-Gantefuehrer.png\",\"contentUrl\":\"https:\\\/\\\/www.gamapa.de\\\/wp-content\\\/uploads\\\/2026\\\/01\\\/Logo-Gantefuehrer.png\",\"width\":767,\"height\":156,\"caption\":\"Gantef\u00fchrer Wirtschaftspr\u00fcfer, Steuerberater, Rechtsanw\u00e4lte\"},\"image\":{\"@id\":\"https:\\\/\\\/www.gamapa.de\\\/fr\\\/#\\\/schema\\\/logo\\\/image\\\/\"}}]}<\/script>\n<!-- \/ Yoast SEO plugin. -->","yoast_head_json":{"title":"Droit \u00e9conomique g\u00e9n\u00e9ral - GANTEF\u00dcHRER","description":"Le droit commercial g\u00e9n\u00e9ral est le domaine principal de l\u2019activit\u00e9 de consulting de notre cabinet.","robots":{"index":"index","follow":"follow","max-snippet":"max-snippet:-1","max-image-preview":"max-image-preview:large","max-video-preview":"max-video-preview:-1"},"canonical":"https:\/\/www.gamapa.de\/fr\/domaines-de-services-de-conseil\/conseil-juridique\/droit-economique-general\/","og_locale":"fr_FR","og_type":"article","og_title":"Droit \u00e9conomique g\u00e9n\u00e9ral - GANTEF\u00dcHRER","og_description":"Le droit commercial g\u00e9n\u00e9ral est le domaine principal de l\u2019activit\u00e9 de consulting de notre cabinet.","og_url":"https:\/\/www.gamapa.de\/fr\/domaines-de-services-de-conseil\/conseil-juridique\/droit-economique-general\/","og_site_name":"GANTEF\u00dcHRER","article_modified_time":"2021-03-18T11:02:07+00:00","og_image":[{"width":2560,"height":764,"url":"https:\/\/www.gamapa.de\/wp-content\/uploads\/2020\/07\/U-Header-Rechtsgebiete-2-scaled.jpg","type":"image\/jpeg"}],"twitter_card":"summary_large_image","twitter_misc":{"Dur\u00e9e de lecture estim\u00e9e":"1 minute"},"schema":{"@context":"https:\/\/schema.org","@graph":[{"@type":"WebPage","@id":"https:\/\/www.gamapa.de\/fr\/domaines-de-services-de-conseil\/conseil-juridique\/droit-economique-general\/","url":"https:\/\/www.gamapa.de\/fr\/domaines-de-services-de-conseil\/conseil-juridique\/droit-economique-general\/","name":"Droit \u00e9conomique g\u00e9n\u00e9ral - GANTEF\u00dcHRER","isPartOf":{"@id":"https:\/\/www.gamapa.de\/fr\/#website"},"primaryImageOfPage":{"@id":"https:\/\/www.gamapa.de\/fr\/domaines-de-services-de-conseil\/conseil-juridique\/droit-economique-general\/#primaryimage"},"image":{"@id":"https:\/\/www.gamapa.de\/fr\/domaines-de-services-de-conseil\/conseil-juridique\/droit-economique-general\/#primaryimage"},"thumbnailUrl":"https:\/\/www.gamapa.de\/wp-content\/uploads\/2020\/07\/U-Header-Rechtsgebiete-2-scaled.jpg","datePublished":"2020-03-11T09:16:48+00:00","dateModified":"2021-03-18T11:02:07+00:00","description":"Le droit commercial g\u00e9n\u00e9ral est le domaine principal de l\u2019activit\u00e9 de consulting de notre cabinet.","breadcrumb":{"@id":"https:\/\/www.gamapa.de\/fr\/domaines-de-services-de-conseil\/conseil-juridique\/droit-economique-general\/#breadcrumb"},"inLanguage":"fr-FR","potentialAction":[{"@type":"ReadAction","target":["https:\/\/www.gamapa.de\/fr\/domaines-de-services-de-conseil\/conseil-juridique\/droit-economique-general\/"]}]},{"@type":"ImageObject","inLanguage":"fr-FR","@id":"https:\/\/www.gamapa.de\/fr\/domaines-de-services-de-conseil\/conseil-juridique\/droit-economique-general\/#primaryimage","url":"https:\/\/www.gamapa.de\/wp-content\/uploads\/2020\/07\/U-Header-Rechtsgebiete-2-scaled.jpg","contentUrl":"https:\/\/www.gamapa.de\/wp-content\/uploads\/2020\/07\/U-Header-Rechtsgebiete-2-scaled.jpg","width":2560,"height":764,"caption":"Allgemeines Wirtschaftsrecht, Rechtsberatung D\u00fcsseldorf \u2013multidisziplin\u00e4re Kanzleien f\u00fcr den Mittelstand in Nordrhein-Westfalen"},{"@type":"BreadcrumbList","@id":"https:\/\/www.gamapa.de\/fr\/domaines-de-services-de-conseil\/conseil-juridique\/droit-economique-general\/#breadcrumb","itemListElement":[{"@type":"ListItem","position":1,"name":"Startseite","item":"https:\/\/www.gamapa.de\/fr\/"},{"@type":"ListItem","position":2,"name":"Domaines de conseil","item":"https:\/\/www.gamapa.de\/fr\/domaines-de-services-de-conseil\/"},{"@type":"ListItem","position":3,"name":"Conseil juridique","item":"https:\/\/www.gamapa.de\/fr\/domaines-de-services-de-conseil\/conseil-juridique\/"},{"@type":"ListItem","position":4,"name":"Droit \u00e9conomique g\u00e9n\u00e9ral"}]},{"@type":"WebSite","@id":"https:\/\/www.gamapa.de\/fr\/#website","url":"https:\/\/www.gamapa.de\/fr\/","name":"GANTEF\u00dcHRER","description":"Wirtschaftspr\u00fcfer, Steuerberater, Rechtsanw\u00e4lte","publisher":{"@id":"https:\/\/www.gamapa.de\/fr\/#organization"},"potentialAction":[{"@type":"SearchAction","target":{"@type":"EntryPoint","urlTemplate":"https:\/\/www.gamapa.de\/fr\/?s={search_term_string}"},"query-input":{"@type":"PropertyValueSpecification","valueRequired":true,"valueName":"search_term_string"}}],"inLanguage":"fr-FR"},{"@type":"Organization","@id":"https:\/\/www.gamapa.de\/fr\/#organization","name":"Gantef\u00fchrer Wirtschaftspr\u00fcfer, Steuerberater, Rechtsanw\u00e4lte","url":"https:\/\/www.gamapa.de\/fr\/","logo":{"@type":"ImageObject","inLanguage":"fr-FR","@id":"https:\/\/www.gamapa.de\/fr\/#\/schema\/logo\/image\/","url":"https:\/\/www.gamapa.de\/wp-content\/uploads\/2026\/01\/Logo-Gantefuehrer.png","contentUrl":"https:\/\/www.gamapa.de\/wp-content\/uploads\/2026\/01\/Logo-Gantefuehrer.png","width":767,"height":156,"caption":"Gantef\u00fchrer Wirtschaftspr\u00fcfer, Steuerberater, Rechtsanw\u00e4lte"},"image":{"@id":"https:\/\/www.gamapa.de\/fr\/#\/schema\/logo\/image\/"}}]}},"uagb_featured_image_src":{"full":["https:\/\/www.gamapa.de\/wp-content\/uploads\/2020\/07\/U-Header-Rechtsgebiete-2-scaled.jpg",2560,764,false],"thumbnail":["https:\/\/www.gamapa.de\/wp-content\/uploads\/2020\/07\/U-Header-Rechtsgebiete-2-150x150.jpg",150,150,true],"medium":["https:\/\/www.gamapa.de\/wp-content\/uploads\/2020\/07\/U-Header-Rechtsgebiete-2-600x179.jpg",600,179,true],"medium_large":["https:\/\/www.gamapa.de\/wp-content\/uploads\/2020\/07\/U-Header-Rechtsgebiete-2-768x229.jpg",580,173,true],"large":["https:\/\/www.gamapa.de\/wp-content\/uploads\/2020\/07\/U-Header-Rechtsgebiete-2-scaled.jpg",580,173,false],"gs-tiny":["https:\/\/www.gamapa.de\/wp-content\/uploads\/2020\/07\/U-Header-Rechtsgebiete-2-scaled.jpg",50,15,false],"xl":["https:\/\/www.gamapa.de\/wp-content\/uploads\/2020\/07\/U-Header-Rechtsgebiete-2-scaled.jpg",1600,478,false],"xxl":["https:\/\/www.gamapa.de\/wp-content\/uploads\/2020\/07\/U-Header-Rechtsgebiete-2-scaled.jpg",2200,657,false],"xxxl":["https:\/\/www.gamapa.de\/wp-content\/uploads\/2020\/07\/U-Header-Rechtsgebiete-2-scaled.jpg",2560,764,false],"xxxxl":["https:\/\/www.gamapa.de\/wp-content\/uploads\/2020\/07\/U-Header-Rechtsgebiete-2-scaled.jpg",2560,764,false],"xxxxxl":["https:\/\/www.gamapa.de\/wp-content\/uploads\/2020\/07\/U-Header-Rechtsgebiete-2-scaled.jpg",2560,764,false],"1536x1536":["https:\/\/www.gamapa.de\/wp-content\/uploads\/2020\/07\/U-Header-Rechtsgebiete-2-1536x458.jpg",1536,458,true],"2048x2048":["https:\/\/www.gamapa.de\/wp-content\/uploads\/2020\/07\/U-Header-Rechtsgebiete-2-2048x611.jpg",2048,611,true],"post-thumbnail":["https:\/\/www.gamapa.de\/wp-content\/uploads\/2020\/07\/U-Header-Rechtsgebiete-2-scaled.jpg",2560,764,false],"twentytwenty-fullscreen":["https:\/\/www.gamapa.de\/wp-content\/uploads\/2020\/07\/U-Header-Rechtsgebiete-2-scaled.jpg",2560,764,false],"theme-slug-single-post":["https:\/\/www.gamapa.de\/wp-content\/uploads\/2020\/07\/U-Header-Rechtsgebiete-2-1600x400.jpg",1600,400,true]},"uagb_author_info":{"display_name":"linda","author_link":"https:\/\/www.gamapa.de\/fr\/author\/linda\/"},"uagb_comment_info":0,"uagb_excerpt":"\u00ab&nbsp;Tout ce dont l\u2019entrepreneur a besoin en termes de services juridiques&nbsp;\u00bb Le droit commercial g\u00e9n\u00e9ral est le domaine principal de l\u2019activit\u00e9 de consulting de notre cabinet. Nous conseillons nos clients en mati\u00e8re d\u2019organisation, nous les repr\u00e9sentons dans le cadre des litiges li\u00e9s au droit des soci\u00e9t\u00e9s et nous les soutenons lors de la r\u00e9alisation de\u2026","_links":{"self":[{"href":"https:\/\/www.gamapa.de\/fr\/wp-json\/wp\/v2\/pages\/4537","targetHints":{"allow":["GET"]}}],"collection":[{"href":"https:\/\/www.gamapa.de\/fr\/wp-json\/wp\/v2\/pages"}],"about":[{"href":"https:\/\/www.gamapa.de\/fr\/wp-json\/wp\/v2\/types\/page"}],"author":[{"embeddable":true,"href":"https:\/\/www.gamapa.de\/fr\/wp-json\/wp\/v2\/users\/1"}],"replies":[{"embeddable":true,"href":"https:\/\/www.gamapa.de\/fr\/wp-json\/wp\/v2\/comments?post=4537"}],"version-history":[{"count":4,"href":"https:\/\/www.gamapa.de\/fr\/wp-json\/wp\/v2\/pages\/4537\/revisions"}],"predecessor-version":[{"id":7579,"href":"https:\/\/www.gamapa.de\/fr\/wp-json\/wp\/v2\/pages\/4537\/revisions\/7579"}],"up":[{"embeddable":true,"href":"https:\/\/www.gamapa.de\/fr\/wp-json\/wp\/v2\/pages\/4489"}],"wp:featuredmedia":[{"embeddable":true,"href":"https:\/\/www.gamapa.de\/fr\/wp-json\/wp\/v2\/media\/3877"}],"wp:attachment":[{"href":"https:\/\/www.gamapa.de\/fr\/wp-json\/wp\/v2\/media?parent=4537"}],"curies":[{"name":"wp","href":"https:\/\/api.w.org\/{rel}","templated":true}]}}