

{"id":4553,"date":"2020-03-11T10:20:20","date_gmt":"2020-03-11T09:20:20","guid":{"rendered":"https:\/\/www.gamapa.de\/domaines-de-services-de-conseil\/conseil-juridique\/it-und-datenschutzrecht\/"},"modified":"2020-11-28T16:18:55","modified_gmt":"2020-11-28T15:18:55","slug":"droit-de-linformatique-et-de-la-protection-des-donnees-a-caractere-personnel","status":"publish","type":"page","link":"https:\/\/www.gamapa.de\/fr\/domaines-de-services-de-conseil\/conseil-juridique\/droit-de-linformatique-et-de-la-protection-des-donnees-a-caractere-personnel\/","title":{"rendered":"Droit de l\u2019informatique et de la protection des donn\u00e9es \u00e0 caract\u00e8re personnel"},"content":{"rendered":"\n<h2 class=\"wp-block-heading\">\u00ab\u00a0Conseils professionnels en num\u00e9risation\u00a0\u00bb<\/h2>\n\n\n\n<p>Nous conseillons sur tous les aspects du droit de l\u2018informatique. Parmi nos clients, on trouve des informaticiens, des soci\u00e9t\u00e9s d\u00e9veloppant des logiciels, des cabinets de conseil, des agences et des centres de donn\u00e9es locaux. Au fur et \u00e0 mesure du d\u00e9veloppement de la num\u00e9risation, les demandes de conseil dans le domaine informatique s\u2019accentuent. Nous avons donc constitu\u00e9 une nouvelle sp\u00e9cialisation de notre activit\u00e9 de conseil, \u00e0 savoir concernant l\u2019internet des objets et l&rsquo;industrie 4.0.<\/p>\n\n\n\n<p>Nos services de conseil en droit de l\u2018informatique et de la protection des donn\u00e9es \u00e0 caract\u00e8re personnel&nbsp;:<\/p>\n\n\n\n<ul class=\"wp-block-list\"><li>R\u00e9daction et n\u00e9gociation de contrats IT tels que contrat de projet, contrat de services informatiques en Cloud, contrat de maintenance et de support ou contrat de d\u00e9p\u00f4t du code source<\/li><li>Questions relatives au commerce \u00e9lectronique et \u00e0 d&rsquo;autres aspects du droit de l&rsquo;Internet en mati\u00e8re de protection des donn\u00e9es<\/li><li>Internet des Objets et Industrie 4.0<\/li><\/ul>\n","protected":false},"excerpt":{"rendered":"<p>\u00ab\u00a0Conseils professionnels en num\u00e9risation\u00a0\u00bb Nous conseillons sur tous les aspects du droit de l\u2018informatique. Parmi nos clients, on trouve des informaticiens, des soci\u00e9t\u00e9s d\u00e9veloppant des logiciels, des cabinets de conseil, des agences et des centres de donn\u00e9es locaux. Au fur et \u00e0 mesure du d\u00e9veloppement de la num\u00e9risation, les demandes de conseil dans le domaine <a href=\"https:\/\/www.gamapa.de\/fr\/domaines-de-services-de-conseil\/conseil-juridique\/droit-de-linformatique-et-de-la-protection-des-donnees-a-caractere-personnel\/\">[\u2026]<\/a><\/p>\n","protected":false},"author":1,"featured_media":3880,"parent":4489,"menu_order":8,"comment_status":"closed","ping_status":"closed","template":"templates\/template-simple-site.php","meta":{"_acf_changed":false,"_uag_custom_page_level_css":"","footnotes":""},"class_list":["post-4553","page","type-page","status-publish","has-post-thumbnail","hentry"],"acf":[],"yoast_head":"<!-- This site is optimized with the Yoast SEO plugin v27.3 - https:\/\/yoast.com\/product\/yoast-seo-wordpress\/ -->\n<title>Droit de l\u2019informatique et de la protection des donn\u00e9es \u00e0 caract\u00e8re personnel - GANTEF\u00dcHRER<\/title>\n<meta name=\"description\" content=\"Nous conseillons sur tous les aspects du droit de l\u2018informatique. Parmi nos clients, on trouve des informaticiens, des soci\u00e9t\u00e9s d\u00e9veloppant des logiciels, des cabinets de conseil, des agences et des centres de donn\u00e9es locaux.\" \/>\n<meta name=\"robots\" content=\"index, follow, max-snippet:-1, max-image-preview:large, max-video-preview:-1\" \/>\n<link rel=\"canonical\" href=\"https:\/\/www.gamapa.de\/fr\/domaines-de-services-de-conseil\/conseil-juridique\/droit-de-linformatique-et-de-la-protection-des-donnees-a-caractere-personnel\/\" \/>\n<meta property=\"og:locale\" content=\"fr_FR\" \/>\n<meta property=\"og:type\" content=\"article\" \/>\n<meta property=\"og:title\" content=\"Droit de l\u2019informatique et de la protection des donn\u00e9es \u00e0 caract\u00e8re personnel - GANTEF\u00dcHRER\" \/>\n<meta property=\"og:description\" content=\"Nous conseillons sur tous les aspects du droit de l\u2018informatique. Parmi nos clients, on trouve des informaticiens, des soci\u00e9t\u00e9s d\u00e9veloppant des logiciels, des cabinets de conseil, des agences et des centres de donn\u00e9es locaux.\" \/>\n<meta property=\"og:url\" content=\"https:\/\/www.gamapa.de\/fr\/domaines-de-services-de-conseil\/conseil-juridique\/droit-de-linformatique-et-de-la-protection-des-donnees-a-caractere-personnel\/\" \/>\n<meta property=\"og:site_name\" content=\"GANTEF\u00dcHRER\" \/>\n<meta property=\"article:modified_time\" content=\"2020-11-28T15:18:55+00:00\" \/>\n<meta property=\"og:image\" content=\"https:\/\/www.gamapa.de\/wp-content\/uploads\/2020\/07\/U-Header-Rechtsgebiete-2-1-scaled.jpg\" \/>\n\t<meta property=\"og:image:width\" content=\"2560\" \/>\n\t<meta property=\"og:image:height\" content=\"764\" \/>\n\t<meta property=\"og:image:type\" content=\"image\/jpeg\" \/>\n<meta name=\"twitter:card\" content=\"summary_large_image\" \/>\n<meta name=\"twitter:label1\" content=\"Dur\u00e9e de lecture estim\u00e9e\" \/>\n\t<meta name=\"twitter:data1\" content=\"1 minute\" \/>\n<script type=\"application\/ld+json\" class=\"yoast-schema-graph\">{\"@context\":\"https:\\\/\\\/schema.org\",\"@graph\":[{\"@type\":\"WebPage\",\"@id\":\"https:\\\/\\\/www.gamapa.de\\\/fr\\\/domaines-de-services-de-conseil\\\/conseil-juridique\\\/droit-de-linformatique-et-de-la-protection-des-donnees-a-caractere-personnel\\\/\",\"url\":\"https:\\\/\\\/www.gamapa.de\\\/fr\\\/domaines-de-services-de-conseil\\\/conseil-juridique\\\/droit-de-linformatique-et-de-la-protection-des-donnees-a-caractere-personnel\\\/\",\"name\":\"Droit de l\u2019informatique et de la protection des donn\u00e9es \u00e0 caract\u00e8re personnel - GANTEF\u00dcHRER\",\"isPartOf\":{\"@id\":\"https:\\\/\\\/www.gamapa.de\\\/fr\\\/#website\"},\"primaryImageOfPage\":{\"@id\":\"https:\\\/\\\/www.gamapa.de\\\/fr\\\/domaines-de-services-de-conseil\\\/conseil-juridique\\\/droit-de-linformatique-et-de-la-protection-des-donnees-a-caractere-personnel\\\/#primaryimage\"},\"image\":{\"@id\":\"https:\\\/\\\/www.gamapa.de\\\/fr\\\/domaines-de-services-de-conseil\\\/conseil-juridique\\\/droit-de-linformatique-et-de-la-protection-des-donnees-a-caractere-personnel\\\/#primaryimage\"},\"thumbnailUrl\":\"https:\\\/\\\/www.gamapa.de\\\/wp-content\\\/uploads\\\/2020\\\/07\\\/U-Header-Rechtsgebiete-2-1-scaled.jpg\",\"datePublished\":\"2020-03-11T09:20:20+00:00\",\"dateModified\":\"2020-11-28T15:18:55+00:00\",\"description\":\"Nous conseillons sur tous les aspects du droit de l\u2018informatique. Parmi nos clients, on trouve des informaticiens, des soci\u00e9t\u00e9s d\u00e9veloppant des logiciels, des cabinets de conseil, des agences et des centres de donn\u00e9es locaux.\",\"breadcrumb\":{\"@id\":\"https:\\\/\\\/www.gamapa.de\\\/fr\\\/domaines-de-services-de-conseil\\\/conseil-juridique\\\/droit-de-linformatique-et-de-la-protection-des-donnees-a-caractere-personnel\\\/#breadcrumb\"},\"inLanguage\":\"fr-FR\",\"potentialAction\":[{\"@type\":\"ReadAction\",\"target\":[\"https:\\\/\\\/www.gamapa.de\\\/fr\\\/domaines-de-services-de-conseil\\\/conseil-juridique\\\/droit-de-linformatique-et-de-la-protection-des-donnees-a-caractere-personnel\\\/\"]}]},{\"@type\":\"ImageObject\",\"inLanguage\":\"fr-FR\",\"@id\":\"https:\\\/\\\/www.gamapa.de\\\/fr\\\/domaines-de-services-de-conseil\\\/conseil-juridique\\\/droit-de-linformatique-et-de-la-protection-des-donnees-a-caractere-personnel\\\/#primaryimage\",\"url\":\"https:\\\/\\\/www.gamapa.de\\\/wp-content\\\/uploads\\\/2020\\\/07\\\/U-Header-Rechtsgebiete-2-1-scaled.jpg\",\"contentUrl\":\"https:\\\/\\\/www.gamapa.de\\\/wp-content\\\/uploads\\\/2020\\\/07\\\/U-Header-Rechtsgebiete-2-1-scaled.jpg\",\"width\":2560,\"height\":764,\"caption\":\"Anleger, Kunden und Gesch\u00e4ftspartner\"},{\"@type\":\"BreadcrumbList\",\"@id\":\"https:\\\/\\\/www.gamapa.de\\\/fr\\\/domaines-de-services-de-conseil\\\/conseil-juridique\\\/droit-de-linformatique-et-de-la-protection-des-donnees-a-caractere-personnel\\\/#breadcrumb\",\"itemListElement\":[{\"@type\":\"ListItem\",\"position\":1,\"name\":\"Startseite\",\"item\":\"https:\\\/\\\/www.gamapa.de\\\/fr\\\/\"},{\"@type\":\"ListItem\",\"position\":2,\"name\":\"Domaines de conseil\",\"item\":\"https:\\\/\\\/www.gamapa.de\\\/fr\\\/domaines-de-services-de-conseil\\\/\"},{\"@type\":\"ListItem\",\"position\":3,\"name\":\"Conseil juridique\",\"item\":\"https:\\\/\\\/www.gamapa.de\\\/fr\\\/domaines-de-services-de-conseil\\\/conseil-juridique\\\/\"},{\"@type\":\"ListItem\",\"position\":4,\"name\":\"Droit de l\u2019informatique et de la protection des donn\u00e9es \u00e0 caract\u00e8re personnel\"}]},{\"@type\":\"WebSite\",\"@id\":\"https:\\\/\\\/www.gamapa.de\\\/fr\\\/#website\",\"url\":\"https:\\\/\\\/www.gamapa.de\\\/fr\\\/\",\"name\":\"GANTEF\u00dcHRER\",\"description\":\"Wirtschaftspr\u00fcfer, Steuerberater, Rechtsanw\u00e4lte\",\"publisher\":{\"@id\":\"https:\\\/\\\/www.gamapa.de\\\/fr\\\/#organization\"},\"potentialAction\":[{\"@type\":\"SearchAction\",\"target\":{\"@type\":\"EntryPoint\",\"urlTemplate\":\"https:\\\/\\\/www.gamapa.de\\\/fr\\\/?s={search_term_string}\"},\"query-input\":{\"@type\":\"PropertyValueSpecification\",\"valueRequired\":true,\"valueName\":\"search_term_string\"}}],\"inLanguage\":\"fr-FR\"},{\"@type\":\"Organization\",\"@id\":\"https:\\\/\\\/www.gamapa.de\\\/fr\\\/#organization\",\"name\":\"Gantef\u00fchrer Wirtschaftspr\u00fcfer, Steuerberater, Rechtsanw\u00e4lte\",\"url\":\"https:\\\/\\\/www.gamapa.de\\\/fr\\\/\",\"logo\":{\"@type\":\"ImageObject\",\"inLanguage\":\"fr-FR\",\"@id\":\"https:\\\/\\\/www.gamapa.de\\\/fr\\\/#\\\/schema\\\/logo\\\/image\\\/\",\"url\":\"https:\\\/\\\/www.gamapa.de\\\/wp-content\\\/uploads\\\/2026\\\/01\\\/Logo-Gantefuehrer.png\",\"contentUrl\":\"https:\\\/\\\/www.gamapa.de\\\/wp-content\\\/uploads\\\/2026\\\/01\\\/Logo-Gantefuehrer.png\",\"width\":767,\"height\":156,\"caption\":\"Gantef\u00fchrer Wirtschaftspr\u00fcfer, Steuerberater, Rechtsanw\u00e4lte\"},\"image\":{\"@id\":\"https:\\\/\\\/www.gamapa.de\\\/fr\\\/#\\\/schema\\\/logo\\\/image\\\/\"}}]}<\/script>\n<!-- \/ Yoast SEO plugin. -->","yoast_head_json":{"title":"Droit de l\u2019informatique et de la protection des donn\u00e9es \u00e0 caract\u00e8re personnel - GANTEF\u00dcHRER","description":"Nous conseillons sur tous les aspects du droit de l\u2018informatique. Parmi nos clients, on trouve des informaticiens, des soci\u00e9t\u00e9s d\u00e9veloppant des logiciels, des cabinets de conseil, des agences et des centres de donn\u00e9es locaux.","robots":{"index":"index","follow":"follow","max-snippet":"max-snippet:-1","max-image-preview":"max-image-preview:large","max-video-preview":"max-video-preview:-1"},"canonical":"https:\/\/www.gamapa.de\/fr\/domaines-de-services-de-conseil\/conseil-juridique\/droit-de-linformatique-et-de-la-protection-des-donnees-a-caractere-personnel\/","og_locale":"fr_FR","og_type":"article","og_title":"Droit de l\u2019informatique et de la protection des donn\u00e9es \u00e0 caract\u00e8re personnel - GANTEF\u00dcHRER","og_description":"Nous conseillons sur tous les aspects du droit de l\u2018informatique. Parmi nos clients, on trouve des informaticiens, des soci\u00e9t\u00e9s d\u00e9veloppant des logiciels, des cabinets de conseil, des agences et des centres de donn\u00e9es locaux.","og_url":"https:\/\/www.gamapa.de\/fr\/domaines-de-services-de-conseil\/conseil-juridique\/droit-de-linformatique-et-de-la-protection-des-donnees-a-caractere-personnel\/","og_site_name":"GANTEF\u00dcHRER","article_modified_time":"2020-11-28T15:18:55+00:00","og_image":[{"width":2560,"height":764,"url":"https:\/\/www.gamapa.de\/wp-content\/uploads\/2020\/07\/U-Header-Rechtsgebiete-2-1-scaled.jpg","type":"image\/jpeg"}],"twitter_card":"summary_large_image","twitter_misc":{"Dur\u00e9e de lecture estim\u00e9e":"1 minute"},"schema":{"@context":"https:\/\/schema.org","@graph":[{"@type":"WebPage","@id":"https:\/\/www.gamapa.de\/fr\/domaines-de-services-de-conseil\/conseil-juridique\/droit-de-linformatique-et-de-la-protection-des-donnees-a-caractere-personnel\/","url":"https:\/\/www.gamapa.de\/fr\/domaines-de-services-de-conseil\/conseil-juridique\/droit-de-linformatique-et-de-la-protection-des-donnees-a-caractere-personnel\/","name":"Droit de l\u2019informatique et de la protection des donn\u00e9es \u00e0 caract\u00e8re personnel - GANTEF\u00dcHRER","isPartOf":{"@id":"https:\/\/www.gamapa.de\/fr\/#website"},"primaryImageOfPage":{"@id":"https:\/\/www.gamapa.de\/fr\/domaines-de-services-de-conseil\/conseil-juridique\/droit-de-linformatique-et-de-la-protection-des-donnees-a-caractere-personnel\/#primaryimage"},"image":{"@id":"https:\/\/www.gamapa.de\/fr\/domaines-de-services-de-conseil\/conseil-juridique\/droit-de-linformatique-et-de-la-protection-des-donnees-a-caractere-personnel\/#primaryimage"},"thumbnailUrl":"https:\/\/www.gamapa.de\/wp-content\/uploads\/2020\/07\/U-Header-Rechtsgebiete-2-1-scaled.jpg","datePublished":"2020-03-11T09:20:20+00:00","dateModified":"2020-11-28T15:18:55+00:00","description":"Nous conseillons sur tous les aspects du droit de l\u2018informatique. Parmi nos clients, on trouve des informaticiens, des soci\u00e9t\u00e9s d\u00e9veloppant des logiciels, des cabinets de conseil, des agences et des centres de donn\u00e9es locaux.","breadcrumb":{"@id":"https:\/\/www.gamapa.de\/fr\/domaines-de-services-de-conseil\/conseil-juridique\/droit-de-linformatique-et-de-la-protection-des-donnees-a-caractere-personnel\/#breadcrumb"},"inLanguage":"fr-FR","potentialAction":[{"@type":"ReadAction","target":["https:\/\/www.gamapa.de\/fr\/domaines-de-services-de-conseil\/conseil-juridique\/droit-de-linformatique-et-de-la-protection-des-donnees-a-caractere-personnel\/"]}]},{"@type":"ImageObject","inLanguage":"fr-FR","@id":"https:\/\/www.gamapa.de\/fr\/domaines-de-services-de-conseil\/conseil-juridique\/droit-de-linformatique-et-de-la-protection-des-donnees-a-caractere-personnel\/#primaryimage","url":"https:\/\/www.gamapa.de\/wp-content\/uploads\/2020\/07\/U-Header-Rechtsgebiete-2-1-scaled.jpg","contentUrl":"https:\/\/www.gamapa.de\/wp-content\/uploads\/2020\/07\/U-Header-Rechtsgebiete-2-1-scaled.jpg","width":2560,"height":764,"caption":"Anleger, Kunden und Gesch\u00e4ftspartner"},{"@type":"BreadcrumbList","@id":"https:\/\/www.gamapa.de\/fr\/domaines-de-services-de-conseil\/conseil-juridique\/droit-de-linformatique-et-de-la-protection-des-donnees-a-caractere-personnel\/#breadcrumb","itemListElement":[{"@type":"ListItem","position":1,"name":"Startseite","item":"https:\/\/www.gamapa.de\/fr\/"},{"@type":"ListItem","position":2,"name":"Domaines de conseil","item":"https:\/\/www.gamapa.de\/fr\/domaines-de-services-de-conseil\/"},{"@type":"ListItem","position":3,"name":"Conseil juridique","item":"https:\/\/www.gamapa.de\/fr\/domaines-de-services-de-conseil\/conseil-juridique\/"},{"@type":"ListItem","position":4,"name":"Droit de l\u2019informatique et de la protection des donn\u00e9es \u00e0 caract\u00e8re personnel"}]},{"@type":"WebSite","@id":"https:\/\/www.gamapa.de\/fr\/#website","url":"https:\/\/www.gamapa.de\/fr\/","name":"GANTEF\u00dcHRER","description":"Wirtschaftspr\u00fcfer, Steuerberater, Rechtsanw\u00e4lte","publisher":{"@id":"https:\/\/www.gamapa.de\/fr\/#organization"},"potentialAction":[{"@type":"SearchAction","target":{"@type":"EntryPoint","urlTemplate":"https:\/\/www.gamapa.de\/fr\/?s={search_term_string}"},"query-input":{"@type":"PropertyValueSpecification","valueRequired":true,"valueName":"search_term_string"}}],"inLanguage":"fr-FR"},{"@type":"Organization","@id":"https:\/\/www.gamapa.de\/fr\/#organization","name":"Gantef\u00fchrer Wirtschaftspr\u00fcfer, Steuerberater, Rechtsanw\u00e4lte","url":"https:\/\/www.gamapa.de\/fr\/","logo":{"@type":"ImageObject","inLanguage":"fr-FR","@id":"https:\/\/www.gamapa.de\/fr\/#\/schema\/logo\/image\/","url":"https:\/\/www.gamapa.de\/wp-content\/uploads\/2026\/01\/Logo-Gantefuehrer.png","contentUrl":"https:\/\/www.gamapa.de\/wp-content\/uploads\/2026\/01\/Logo-Gantefuehrer.png","width":767,"height":156,"caption":"Gantef\u00fchrer Wirtschaftspr\u00fcfer, Steuerberater, Rechtsanw\u00e4lte"},"image":{"@id":"https:\/\/www.gamapa.de\/fr\/#\/schema\/logo\/image\/"}}]}},"uagb_featured_image_src":{"full":["https:\/\/www.gamapa.de\/wp-content\/uploads\/2020\/07\/U-Header-Rechtsgebiete-2-1-scaled.jpg",2560,764,false],"thumbnail":["https:\/\/www.gamapa.de\/wp-content\/uploads\/2020\/07\/U-Header-Rechtsgebiete-2-1-150x150.jpg",150,150,true],"medium":["https:\/\/www.gamapa.de\/wp-content\/uploads\/2020\/07\/U-Header-Rechtsgebiete-2-1-600x179.jpg",600,179,true],"medium_large":["https:\/\/www.gamapa.de\/wp-content\/uploads\/2020\/07\/U-Header-Rechtsgebiete-2-1-768x229.jpg",580,173,true],"large":["https:\/\/www.gamapa.de\/wp-content\/uploads\/2020\/07\/U-Header-Rechtsgebiete-2-1-scaled.jpg",580,173,false],"gs-tiny":["https:\/\/www.gamapa.de\/wp-content\/uploads\/2020\/07\/U-Header-Rechtsgebiete-2-1-scaled.jpg",50,15,false],"xl":["https:\/\/www.gamapa.de\/wp-content\/uploads\/2020\/07\/U-Header-Rechtsgebiete-2-1-scaled.jpg",1600,478,false],"xxl":["https:\/\/www.gamapa.de\/wp-content\/uploads\/2020\/07\/U-Header-Rechtsgebiete-2-1-scaled.jpg",2200,657,false],"xxxl":["https:\/\/www.gamapa.de\/wp-content\/uploads\/2020\/07\/U-Header-Rechtsgebiete-2-1-scaled.jpg",2560,764,false],"xxxxl":["https:\/\/www.gamapa.de\/wp-content\/uploads\/2020\/07\/U-Header-Rechtsgebiete-2-1-scaled.jpg",2560,764,false],"xxxxxl":["https:\/\/www.gamapa.de\/wp-content\/uploads\/2020\/07\/U-Header-Rechtsgebiete-2-1-scaled.jpg",2560,764,false],"1536x1536":["https:\/\/www.gamapa.de\/wp-content\/uploads\/2020\/07\/U-Header-Rechtsgebiete-2-1-1536x458.jpg",1536,458,true],"2048x2048":["https:\/\/www.gamapa.de\/wp-content\/uploads\/2020\/07\/U-Header-Rechtsgebiete-2-1-2048x611.jpg",2048,611,true],"post-thumbnail":["https:\/\/www.gamapa.de\/wp-content\/uploads\/2020\/07\/U-Header-Rechtsgebiete-2-1-scaled.jpg",2560,764,false],"twentytwenty-fullscreen":["https:\/\/www.gamapa.de\/wp-content\/uploads\/2020\/07\/U-Header-Rechtsgebiete-2-1-scaled.jpg",2560,764,false],"theme-slug-single-post":["https:\/\/www.gamapa.de\/wp-content\/uploads\/2020\/07\/U-Header-Rechtsgebiete-2-1-1600x400.jpg",1600,400,true]},"uagb_author_info":{"display_name":"linda","author_link":"https:\/\/www.gamapa.de\/fr\/author\/linda\/"},"uagb_comment_info":0,"uagb_excerpt":"\u00ab\u00a0Conseils professionnels en num\u00e9risation\u00a0\u00bb Nous conseillons sur tous les aspects du droit de l\u2018informatique. Parmi nos clients, on trouve des informaticiens, des soci\u00e9t\u00e9s d\u00e9veloppant des logiciels, des cabinets de conseil, des agences et des centres de donn\u00e9es locaux. Au fur et \u00e0 mesure du d\u00e9veloppement de la num\u00e9risation, les demandes de conseil dans le domaine\u2026","_links":{"self":[{"href":"https:\/\/www.gamapa.de\/fr\/wp-json\/wp\/v2\/pages\/4553","targetHints":{"allow":["GET"]}}],"collection":[{"href":"https:\/\/www.gamapa.de\/fr\/wp-json\/wp\/v2\/pages"}],"about":[{"href":"https:\/\/www.gamapa.de\/fr\/wp-json\/wp\/v2\/types\/page"}],"author":[{"embeddable":true,"href":"https:\/\/www.gamapa.de\/fr\/wp-json\/wp\/v2\/users\/1"}],"replies":[{"embeddable":true,"href":"https:\/\/www.gamapa.de\/fr\/wp-json\/wp\/v2\/comments?post=4553"}],"version-history":[{"count":1,"href":"https:\/\/www.gamapa.de\/fr\/wp-json\/wp\/v2\/pages\/4553\/revisions"}],"predecessor-version":[{"id":4555,"href":"https:\/\/www.gamapa.de\/fr\/wp-json\/wp\/v2\/pages\/4553\/revisions\/4555"}],"up":[{"embeddable":true,"href":"https:\/\/www.gamapa.de\/fr\/wp-json\/wp\/v2\/pages\/4489"}],"wp:featuredmedia":[{"embeddable":true,"href":"https:\/\/www.gamapa.de\/fr\/wp-json\/wp\/v2\/media\/3880"}],"wp:attachment":[{"href":"https:\/\/www.gamapa.de\/fr\/wp-json\/wp\/v2\/media?parent=4553"}],"curies":[{"name":"wp","href":"https:\/\/api.w.org\/{rel}","templated":true}]}}