

{"id":4556,"date":"2020-03-11T10:20:49","date_gmt":"2020-03-11T09:20:49","guid":{"rendered":"https:\/\/www.gamapa.de\/domaines-de-services-de-conseil\/conseil-en-gestion-dentreprise\/unternehmenskauf-und-verkauf\/"},"modified":"2020-12-07T15:03:14","modified_gmt":"2020-12-07T14:03:14","slug":"achat-et-vente-dentreprises","status":"publish","type":"page","link":"https:\/\/www.gamapa.de\/fr\/domaines-de-services-de-conseil\/conseil-en-gestion-dentreprise\/achat-et-vente-dentreprises\/","title":{"rendered":"Achat et vente d\u2019entreprises"},"content":{"rendered":"\n<h2 class=\"wp-block-heading\"><strong>\u00ab&nbsp;Conseils complexes dans tous les domaines de comp\u00e9tences&nbsp;\u00bb<\/strong><\/h2>\n\n\n\n<p>Lors de l\u2019achat et de la vente d&rsquo;entreprises, nos quatre domaines d&rsquo;activit\u00e9 principaux se recoupent&nbsp;: l&rsquo;audit, le conseil fiscal, le conseil juridique et le conseil engestion.<\/p>\n\n\n\n<p>La phase d\u2019audit comprend l\u2019\u00e9valuation de l\u2018entreprise et la r\u00e9alisation d\u2019une \u00ab&nbsp;due diligence&nbsp;\u00bb afin d\u2019examiner la situation financi\u00e8re de l\u2019entreprise dont l\u2019achat est envisag\u00e9 par notre client.<\/p>\n\n\n\n<p>Les sp\u00e9cialistes en conseil en gestion se penchent sur les questions ayant trait \u00e0 l\u2019organisation et \u00e0 la gestion, telles que des effets de synergie possibles.<\/p>\n\n\n\n<p><br>Les op\u00e9rations d\u2019achat et de vente d\u2019entreprises sont tr\u00e8s complexes sur le plan fiscal. Nous r\u00e9alisons des missions de \u00ab&nbsp;due diligence&nbsp;\u00bb fiscale.<\/p>\n\n\n\n<p>Enfin, nos juristes jouent un r\u00f4le majeur dans les n\u00e9gociations et la r\u00e9daction de contrats, entre autres, par la r\u00e9alisation de l\u2019\u00e9tude de la situation juridique de l\u2019entreprise.<\/p>\n\n\n\n<h3 class=\"wp-block-heading\">Apercevoir les opportunit\u00e9s, identifier les risques<\/h3>\n\n\n\n<p>Comme nous sommes un cabinet pluri-disciplinaire, sp\u00e9cialis\u00e9 dans tous les quatre domaines du conseil mentionn\u00e9s ci-dessous, nous pouvons offrir \u00e0 nos clients des conseils de haut niveau en mati\u00e8re d\u2019achat ou de vente d\u2019entreprises ou de certaines de leurs branches d\u2019activit\u00e9. Cela couvre notamment des missions de \u00ab&nbsp;due diligence&nbsp;\u00bb afin de d\u00e9terminer les opportunit\u00e9s et les risques li\u00e9s \u00e0 l\u2019op\u00e9ration envisag\u00e9e ainsi que les cons\u00e9quences potentielles qui peuvent en d\u00e9couler pour notre client.<\/p>\n\n\n\n<p>D\u00e8s la phase initiale, nous proc\u00e9dons \u00e0 une premi\u00e8re \u00e9valuation, afin d&rsquo;identifier les facteurs pouvant emp\u00eacher la finalisation de la transaction. Ensuite, nous comparons les strat\u00e9gies de d\u00e9veloppement de l\u2019entreprise des propri\u00e9taires actuels avec celles de l\u2019acheteur potentiel. Nous obtenons ainsi des informations utiles pour l\u2019\u00e9tablissement des mod\u00e8les de planification, de financement et d&rsquo;\u00e9valuation.<\/p>\n\n\n\n<p>Les acheteurs potentiels souhaitent avoir acc\u00e8s aux informations confidentielles sur la cible. Sur la base de l\u2019exp\u00e9riences acquise lors d\u2019autres missions de \u00ab&nbsp;due diligence&nbsp;\u00bb, nous pouvons d\u00e9terminer rapidement quelle est l&rsquo;\u00e9tendue des donn\u00e9es requises. En tant que partenaire de l&rsquo;entreprise, nous disposons souvent d\u00e9j\u00e0 d\u2019informations pertinentes, par exemple issues de bases de donn\u00e9es.<\/p>\n","protected":false},"excerpt":{"rendered":"<p>\u00ab&nbsp;Conseils complexes dans tous les domaines de comp\u00e9tences&nbsp;\u00bb Lors de l\u2019achat et de la vente d&rsquo;entreprises, nos quatre domaines d&rsquo;activit\u00e9 principaux se recoupent&nbsp;: l&rsquo;audit, le conseil fiscal, le conseil juridique et le conseil engestion. La phase d\u2019audit comprend l\u2019\u00e9valuation de l\u2018entreprise et la r\u00e9alisation d\u2019une \u00ab&nbsp;due diligence&nbsp;\u00bb afin d\u2019examiner la situation financi\u00e8re de l\u2019entreprise dont <a href=\"https:\/\/www.gamapa.de\/fr\/domaines-de-services-de-conseil\/conseil-en-gestion-dentreprise\/achat-et-vente-dentreprises\/\">[\u2026]<\/a><\/p>\n","protected":false},"author":1,"featured_media":19746,"parent":4491,"menu_order":0,"comment_status":"closed","ping_status":"closed","template":"templates\/template-simple-site.php","meta":{"_acf_changed":false,"_uag_custom_page_level_css":"","footnotes":""},"class_list":["post-4556","page","type-page","status-publish","has-post-thumbnail","hentry"],"acf":[],"yoast_head":"<!-- This site is optimized with the Yoast SEO plugin v27.5 - https:\/\/yoast.com\/product\/yoast-seo-wordpress\/ -->\n<title>Achat et vente d\u2019entreprises - GANTEF\u00dcHRER<\/title>\n<meta name=\"description\" content=\"Lors de l\u2019achat et de la vente d&#039;entreprises, nos quatre domaines d&#039;activit\u00e9 principaux se recoupent : l&#039;audit, le conseil fiscal, le conseil juridique et le conseil engestion.\" \/>\n<meta name=\"robots\" content=\"index, follow, max-snippet:-1, max-image-preview:large, max-video-preview:-1\" \/>\n<link rel=\"canonical\" href=\"https:\/\/www.gamapa.de\/fr\/domaines-de-services-de-conseil\/conseil-en-gestion-dentreprise\/achat-et-vente-dentreprises\/\" \/>\n<meta property=\"og:locale\" content=\"fr_FR\" \/>\n<meta property=\"og:type\" content=\"article\" \/>\n<meta property=\"og:title\" content=\"Achat et vente d\u2019entreprises - GANTEF\u00dcHRER\" \/>\n<meta property=\"og:description\" content=\"Lors de l\u2019achat et de la vente d&#039;entreprises, nos quatre domaines d&#039;activit\u00e9 principaux se recoupent : l&#039;audit, le conseil fiscal, le conseil juridique et le conseil engestion.\" \/>\n<meta property=\"og:url\" content=\"https:\/\/www.gamapa.de\/fr\/domaines-de-services-de-conseil\/conseil-en-gestion-dentreprise\/achat-et-vente-dentreprises\/\" \/>\n<meta property=\"og:site_name\" content=\"GANTEF\u00dcHRER\" \/>\n<meta property=\"article:modified_time\" content=\"2020-12-07T14:03:14+00:00\" \/>\n<meta property=\"og:image\" content=\"https:\/\/www.gamapa.de\/wp-content\/uploads\/2020\/03\/Header-betriebswirtschaftliche-Beratung-2-scaled.jpg\" \/>\n\t<meta property=\"og:image:width\" content=\"2560\" \/>\n\t<meta property=\"og:image:height\" content=\"764\" \/>\n\t<meta property=\"og:image:type\" content=\"image\/jpeg\" \/>\n<meta name=\"twitter:card\" content=\"summary_large_image\" \/>\n<meta name=\"twitter:label1\" content=\"Dur\u00e9e de lecture estim\u00e9e\" \/>\n\t<meta name=\"twitter:data1\" content=\"2 minutes\" \/>\n<script type=\"application\/ld+json\" class=\"yoast-schema-graph\">{\"@context\":\"https:\\\/\\\/schema.org\",\"@graph\":[{\"@type\":\"WebPage\",\"@id\":\"https:\\\/\\\/www.gamapa.de\\\/fr\\\/domaines-de-services-de-conseil\\\/conseil-en-gestion-dentreprise\\\/achat-et-vente-dentreprises\\\/\",\"url\":\"https:\\\/\\\/www.gamapa.de\\\/fr\\\/domaines-de-services-de-conseil\\\/conseil-en-gestion-dentreprise\\\/achat-et-vente-dentreprises\\\/\",\"name\":\"Achat et vente d\u2019entreprises - GANTEF\u00dcHRER\",\"isPartOf\":{\"@id\":\"https:\\\/\\\/www.gamapa.de\\\/fr\\\/#website\"},\"primaryImageOfPage\":{\"@id\":\"https:\\\/\\\/www.gamapa.de\\\/fr\\\/domaines-de-services-de-conseil\\\/conseil-en-gestion-dentreprise\\\/achat-et-vente-dentreprises\\\/#primaryimage\"},\"image\":{\"@id\":\"https:\\\/\\\/www.gamapa.de\\\/fr\\\/domaines-de-services-de-conseil\\\/conseil-en-gestion-dentreprise\\\/achat-et-vente-dentreprises\\\/#primaryimage\"},\"thumbnailUrl\":\"https:\\\/\\\/www.gamapa.de\\\/wp-content\\\/uploads\\\/2025\\\/06\\\/alter-konferenzraum-seitlich-schmal-scaled.jpg\",\"datePublished\":\"2020-03-11T09:20:49+00:00\",\"dateModified\":\"2020-12-07T14:03:14+00:00\",\"description\":\"Lors de l\u2019achat et de la vente d'entreprises, nos quatre domaines d'activit\u00e9 principaux se recoupent : l'audit, le conseil fiscal, le conseil juridique et le conseil engestion.\",\"breadcrumb\":{\"@id\":\"https:\\\/\\\/www.gamapa.de\\\/fr\\\/domaines-de-services-de-conseil\\\/conseil-en-gestion-dentreprise\\\/achat-et-vente-dentreprises\\\/#breadcrumb\"},\"inLanguage\":\"fr-FR\",\"potentialAction\":[{\"@type\":\"ReadAction\",\"target\":[\"https:\\\/\\\/www.gamapa.de\\\/fr\\\/domaines-de-services-de-conseil\\\/conseil-en-gestion-dentreprise\\\/achat-et-vente-dentreprises\\\/\"]}]},{\"@type\":\"ImageObject\",\"inLanguage\":\"fr-FR\",\"@id\":\"https:\\\/\\\/www.gamapa.de\\\/fr\\\/domaines-de-services-de-conseil\\\/conseil-en-gestion-dentreprise\\\/achat-et-vente-dentreprises\\\/#primaryimage\",\"url\":\"https:\\\/\\\/www.gamapa.de\\\/wp-content\\\/uploads\\\/2025\\\/06\\\/alter-konferenzraum-seitlich-schmal-scaled.jpg\",\"contentUrl\":\"https:\\\/\\\/www.gamapa.de\\\/wp-content\\\/uploads\\\/2025\\\/06\\\/alter-konferenzraum-seitlich-schmal-scaled.jpg\",\"width\":2560,\"height\":764,\"caption\":\"Alter Konferenzraum in der K\u00e4mmerei D\u00fcsseldorf mit breitem Holztisch, Holzw\u00e4nden und St\u00fchlen\"},{\"@type\":\"BreadcrumbList\",\"@id\":\"https:\\\/\\\/www.gamapa.de\\\/fr\\\/domaines-de-services-de-conseil\\\/conseil-en-gestion-dentreprise\\\/achat-et-vente-dentreprises\\\/#breadcrumb\",\"itemListElement\":[{\"@type\":\"ListItem\",\"position\":1,\"name\":\"Startseite\",\"item\":\"https:\\\/\\\/www.gamapa.de\\\/fr\\\/\"},{\"@type\":\"ListItem\",\"position\":2,\"name\":\"Domaines de conseil\",\"item\":\"https:\\\/\\\/www.gamapa.de\\\/fr\\\/domaines-de-services-de-conseil\\\/\"},{\"@type\":\"ListItem\",\"position\":3,\"name\":\"Conseil en gestion d\u2019entreprise\",\"item\":\"https:\\\/\\\/www.gamapa.de\\\/fr\\\/domaines-de-services-de-conseil\\\/conseil-en-gestion-dentreprise\\\/\"},{\"@type\":\"ListItem\",\"position\":4,\"name\":\"Achat et vente d\u2019entreprises\"}]},{\"@type\":\"WebSite\",\"@id\":\"https:\\\/\\\/www.gamapa.de\\\/fr\\\/#website\",\"url\":\"https:\\\/\\\/www.gamapa.de\\\/fr\\\/\",\"name\":\"GANTEF\u00dcHRER\",\"description\":\"Wirtschaftspr\u00fcfer, Steuerberater, Rechtsanw\u00e4lte\",\"publisher\":{\"@id\":\"https:\\\/\\\/www.gamapa.de\\\/fr\\\/#organization\"},\"potentialAction\":[{\"@type\":\"SearchAction\",\"target\":{\"@type\":\"EntryPoint\",\"urlTemplate\":\"https:\\\/\\\/www.gamapa.de\\\/fr\\\/?s={search_term_string}\"},\"query-input\":{\"@type\":\"PropertyValueSpecification\",\"valueRequired\":true,\"valueName\":\"search_term_string\"}}],\"inLanguage\":\"fr-FR\"},{\"@type\":\"Organization\",\"@id\":\"https:\\\/\\\/www.gamapa.de\\\/fr\\\/#organization\",\"name\":\"Gantef\u00fchrer Wirtschaftspr\u00fcfer, Steuerberater, Rechtsanw\u00e4lte\",\"url\":\"https:\\\/\\\/www.gamapa.de\\\/fr\\\/\",\"logo\":{\"@type\":\"ImageObject\",\"inLanguage\":\"fr-FR\",\"@id\":\"https:\\\/\\\/www.gamapa.de\\\/fr\\\/#\\\/schema\\\/logo\\\/image\\\/\",\"url\":\"https:\\\/\\\/www.gamapa.de\\\/wp-content\\\/uploads\\\/2026\\\/01\\\/Logo-Gantefuehrer.png\",\"contentUrl\":\"https:\\\/\\\/www.gamapa.de\\\/wp-content\\\/uploads\\\/2026\\\/01\\\/Logo-Gantefuehrer.png\",\"width\":767,\"height\":156,\"caption\":\"Gantef\u00fchrer Wirtschaftspr\u00fcfer, Steuerberater, Rechtsanw\u00e4lte\"},\"image\":{\"@id\":\"https:\\\/\\\/www.gamapa.de\\\/fr\\\/#\\\/schema\\\/logo\\\/image\\\/\"}}]}<\/script>\n<!-- \/ Yoast SEO plugin. -->","yoast_head_json":{"title":"Achat et vente d\u2019entreprises - GANTEF\u00dcHRER","description":"Lors de l\u2019achat et de la vente d'entreprises, nos quatre domaines d'activit\u00e9 principaux se recoupent : l'audit, le conseil fiscal, le conseil juridique et le conseil engestion.","robots":{"index":"index","follow":"follow","max-snippet":"max-snippet:-1","max-image-preview":"max-image-preview:large","max-video-preview":"max-video-preview:-1"},"canonical":"https:\/\/www.gamapa.de\/fr\/domaines-de-services-de-conseil\/conseil-en-gestion-dentreprise\/achat-et-vente-dentreprises\/","og_locale":"fr_FR","og_type":"article","og_title":"Achat et vente d\u2019entreprises - GANTEF\u00dcHRER","og_description":"Lors de l\u2019achat et de la vente d'entreprises, nos quatre domaines d'activit\u00e9 principaux se recoupent : l'audit, le conseil fiscal, le conseil juridique et le conseil engestion.","og_url":"https:\/\/www.gamapa.de\/fr\/domaines-de-services-de-conseil\/conseil-en-gestion-dentreprise\/achat-et-vente-dentreprises\/","og_site_name":"GANTEF\u00dcHRER","article_modified_time":"2020-12-07T14:03:14+00:00","og_image":[{"width":2560,"height":764,"url":"https:\/\/www.gamapa.de\/wp-content\/uploads\/2020\/03\/Header-betriebswirtschaftliche-Beratung-2-scaled.jpg","type":"image\/jpeg"}],"twitter_card":"summary_large_image","twitter_misc":{"Dur\u00e9e de lecture estim\u00e9e":"2 minutes"},"schema":{"@context":"https:\/\/schema.org","@graph":[{"@type":"WebPage","@id":"https:\/\/www.gamapa.de\/fr\/domaines-de-services-de-conseil\/conseil-en-gestion-dentreprise\/achat-et-vente-dentreprises\/","url":"https:\/\/www.gamapa.de\/fr\/domaines-de-services-de-conseil\/conseil-en-gestion-dentreprise\/achat-et-vente-dentreprises\/","name":"Achat et vente d\u2019entreprises - GANTEF\u00dcHRER","isPartOf":{"@id":"https:\/\/www.gamapa.de\/fr\/#website"},"primaryImageOfPage":{"@id":"https:\/\/www.gamapa.de\/fr\/domaines-de-services-de-conseil\/conseil-en-gestion-dentreprise\/achat-et-vente-dentreprises\/#primaryimage"},"image":{"@id":"https:\/\/www.gamapa.de\/fr\/domaines-de-services-de-conseil\/conseil-en-gestion-dentreprise\/achat-et-vente-dentreprises\/#primaryimage"},"thumbnailUrl":"https:\/\/www.gamapa.de\/wp-content\/uploads\/2025\/06\/alter-konferenzraum-seitlich-schmal-scaled.jpg","datePublished":"2020-03-11T09:20:49+00:00","dateModified":"2020-12-07T14:03:14+00:00","description":"Lors de l\u2019achat et de la vente d'entreprises, nos quatre domaines d'activit\u00e9 principaux se recoupent : l'audit, le conseil fiscal, le conseil juridique et le conseil engestion.","breadcrumb":{"@id":"https:\/\/www.gamapa.de\/fr\/domaines-de-services-de-conseil\/conseil-en-gestion-dentreprise\/achat-et-vente-dentreprises\/#breadcrumb"},"inLanguage":"fr-FR","potentialAction":[{"@type":"ReadAction","target":["https:\/\/www.gamapa.de\/fr\/domaines-de-services-de-conseil\/conseil-en-gestion-dentreprise\/achat-et-vente-dentreprises\/"]}]},{"@type":"ImageObject","inLanguage":"fr-FR","@id":"https:\/\/www.gamapa.de\/fr\/domaines-de-services-de-conseil\/conseil-en-gestion-dentreprise\/achat-et-vente-dentreprises\/#primaryimage","url":"https:\/\/www.gamapa.de\/wp-content\/uploads\/2025\/06\/alter-konferenzraum-seitlich-schmal-scaled.jpg","contentUrl":"https:\/\/www.gamapa.de\/wp-content\/uploads\/2025\/06\/alter-konferenzraum-seitlich-schmal-scaled.jpg","width":2560,"height":764,"caption":"Alter Konferenzraum in der K\u00e4mmerei D\u00fcsseldorf mit breitem Holztisch, Holzw\u00e4nden und St\u00fchlen"},{"@type":"BreadcrumbList","@id":"https:\/\/www.gamapa.de\/fr\/domaines-de-services-de-conseil\/conseil-en-gestion-dentreprise\/achat-et-vente-dentreprises\/#breadcrumb","itemListElement":[{"@type":"ListItem","position":1,"name":"Startseite","item":"https:\/\/www.gamapa.de\/fr\/"},{"@type":"ListItem","position":2,"name":"Domaines de conseil","item":"https:\/\/www.gamapa.de\/fr\/domaines-de-services-de-conseil\/"},{"@type":"ListItem","position":3,"name":"Conseil en gestion d\u2019entreprise","item":"https:\/\/www.gamapa.de\/fr\/domaines-de-services-de-conseil\/conseil-en-gestion-dentreprise\/"},{"@type":"ListItem","position":4,"name":"Achat et vente d\u2019entreprises"}]},{"@type":"WebSite","@id":"https:\/\/www.gamapa.de\/fr\/#website","url":"https:\/\/www.gamapa.de\/fr\/","name":"GANTEF\u00dcHRER","description":"Wirtschaftspr\u00fcfer, Steuerberater, Rechtsanw\u00e4lte","publisher":{"@id":"https:\/\/www.gamapa.de\/fr\/#organization"},"potentialAction":[{"@type":"SearchAction","target":{"@type":"EntryPoint","urlTemplate":"https:\/\/www.gamapa.de\/fr\/?s={search_term_string}"},"query-input":{"@type":"PropertyValueSpecification","valueRequired":true,"valueName":"search_term_string"}}],"inLanguage":"fr-FR"},{"@type":"Organization","@id":"https:\/\/www.gamapa.de\/fr\/#organization","name":"Gantef\u00fchrer Wirtschaftspr\u00fcfer, Steuerberater, Rechtsanw\u00e4lte","url":"https:\/\/www.gamapa.de\/fr\/","logo":{"@type":"ImageObject","inLanguage":"fr-FR","@id":"https:\/\/www.gamapa.de\/fr\/#\/schema\/logo\/image\/","url":"https:\/\/www.gamapa.de\/wp-content\/uploads\/2026\/01\/Logo-Gantefuehrer.png","contentUrl":"https:\/\/www.gamapa.de\/wp-content\/uploads\/2026\/01\/Logo-Gantefuehrer.png","width":767,"height":156,"caption":"Gantef\u00fchrer Wirtschaftspr\u00fcfer, Steuerberater, Rechtsanw\u00e4lte"},"image":{"@id":"https:\/\/www.gamapa.de\/fr\/#\/schema\/logo\/image\/"}}]}},"uagb_featured_image_src":{"full":["https:\/\/www.gamapa.de\/wp-content\/uploads\/2025\/06\/alter-konferenzraum-seitlich-schmal-scaled.jpg",2560,764,false],"thumbnail":["https:\/\/www.gamapa.de\/wp-content\/uploads\/2025\/06\/alter-konferenzraum-seitlich-schmal-150x150.jpg",150,150,true],"medium":["https:\/\/www.gamapa.de\/wp-content\/uploads\/2025\/06\/alter-konferenzraum-seitlich-schmal-600x179.jpg",600,179,true],"medium_large":["https:\/\/www.gamapa.de\/wp-content\/uploads\/2025\/06\/alter-konferenzraum-seitlich-schmal-768x229.jpg",580,173,true],"large":["https:\/\/www.gamapa.de\/wp-content\/uploads\/2025\/06\/alter-konferenzraum-seitlich-schmal-scaled.jpg",580,173,false],"gs-tiny":["https:\/\/www.gamapa.de\/wp-content\/uploads\/2025\/06\/alter-konferenzraum-seitlich-schmal-50x15.jpg",50,15,true],"xl":["https:\/\/www.gamapa.de\/wp-content\/uploads\/2025\/06\/alter-konferenzraum-seitlich-schmal-1600x477.jpg",1600,477,true],"xxl":["https:\/\/www.gamapa.de\/wp-content\/uploads\/2025\/06\/alter-konferenzraum-seitlich-schmal-2200x656.jpg",2200,656,true],"xxxl":["https:\/\/www.gamapa.de\/wp-content\/uploads\/2025\/06\/alter-konferenzraum-seitlich-schmal-2800x835.jpg",2800,835,true],"xxxxl":["https:\/\/www.gamapa.de\/wp-content\/uploads\/2025\/06\/alter-konferenzraum-seitlich-schmal-scaled.jpg",2560,764,false],"xxxxxl":["https:\/\/www.gamapa.de\/wp-content\/uploads\/2025\/06\/alter-konferenzraum-seitlich-schmal-scaled.jpg",2560,764,false],"1536x1536":["https:\/\/www.gamapa.de\/wp-content\/uploads\/2025\/06\/alter-konferenzraum-seitlich-schmal-1536x458.jpg",1536,458,true],"2048x2048":["https:\/\/www.gamapa.de\/wp-content\/uploads\/2025\/06\/alter-konferenzraum-seitlich-schmal-2048x611.jpg",2048,611,true],"post-thumbnail":["https:\/\/www.gamapa.de\/wp-content\/uploads\/2025\/06\/alter-konferenzraum-seitlich-schmal-scaled.jpg",2560,764,false],"twentytwenty-fullscreen":["https:\/\/www.gamapa.de\/wp-content\/uploads\/2025\/06\/alter-konferenzraum-seitlich-schmal-scaled.jpg",2560,764,false],"theme-slug-single-post":["https:\/\/www.gamapa.de\/wp-content\/uploads\/2025\/06\/alter-konferenzraum-seitlich-schmal-1600x400.jpg",1600,400,true]},"uagb_author_info":{"display_name":"linda","author_link":"https:\/\/www.gamapa.de\/fr\/author\/linda\/"},"uagb_comment_info":0,"uagb_excerpt":"\u00ab&nbsp;Conseils complexes dans tous les domaines de comp\u00e9tences&nbsp;\u00bb Lors de l\u2019achat et de la vente d&rsquo;entreprises, nos quatre domaines d&rsquo;activit\u00e9 principaux se recoupent&nbsp;: l&rsquo;audit, le conseil fiscal, le conseil juridique et le conseil engestion. La phase d\u2019audit comprend l\u2019\u00e9valuation de l\u2018entreprise et la r\u00e9alisation d\u2019une \u00ab&nbsp;due diligence&nbsp;\u00bb afin d\u2019examiner la situation financi\u00e8re de l\u2019entreprise dont\u2026","_links":{"self":[{"href":"https:\/\/www.gamapa.de\/fr\/wp-json\/wp\/v2\/pages\/4556","targetHints":{"allow":["GET"]}}],"collection":[{"href":"https:\/\/www.gamapa.de\/fr\/wp-json\/wp\/v2\/pages"}],"about":[{"href":"https:\/\/www.gamapa.de\/fr\/wp-json\/wp\/v2\/types\/page"}],"author":[{"embeddable":true,"href":"https:\/\/www.gamapa.de\/fr\/wp-json\/wp\/v2\/users\/1"}],"replies":[{"embeddable":true,"href":"https:\/\/www.gamapa.de\/fr\/wp-json\/wp\/v2\/comments?post=4556"}],"version-history":[{"count":4,"href":"https:\/\/www.gamapa.de\/fr\/wp-json\/wp\/v2\/pages\/4556\/revisions"}],"predecessor-version":[{"id":5357,"href":"https:\/\/www.gamapa.de\/fr\/wp-json\/wp\/v2\/pages\/4556\/revisions\/5357"}],"up":[{"embeddable":true,"href":"https:\/\/www.gamapa.de\/fr\/wp-json\/wp\/v2\/pages\/4491"}],"wp:featuredmedia":[{"embeddable":true,"href":"https:\/\/www.gamapa.de\/fr\/wp-json\/wp\/v2\/media\/19746"}],"wp:attachment":[{"href":"https:\/\/www.gamapa.de\/fr\/wp-json\/wp\/v2\/media?parent=4556"}],"curies":[{"name":"wp","href":"https:\/\/api.w.org\/{rel}","templated":true}]}}