

{"id":4559,"date":"2020-03-11T10:21:14","date_gmt":"2020-03-11T09:21:14","guid":{"rendered":"https:\/\/www.gamapa.de\/domaines-de-services-de-conseil\/conseil-en-gestion-dentreprise\/unternehmensbewertung\/"},"modified":"2020-12-07T15:03:40","modified_gmt":"2020-12-07T14:03:40","slug":"evaluation-de-lentreprise","status":"publish","type":"page","link":"https:\/\/www.gamapa.de\/fr\/domaines-de-services-de-conseil\/conseil-en-gestion-dentreprise\/evaluation-de-lentreprise\/","title":{"rendered":"\u00c9valuation de l\u2019entreprise"},"content":{"rendered":"\n<h2 class=\"wp-block-heading\">\u00ab&nbsp;D\u00e9termination de la valeur de l&rsquo;entreprise \u00e0 toutes les finalit\u00e9s&nbsp;\u00bb<\/h2>\n\n\n\n<p>Nous avons de solides connaissances th\u00e9oriques et une longue exp\u00e9rience pratique. Ainsi, nous sommes capables de proposer des valorisations suivant diff\u00e9rentes m\u00e9thodes, de mani\u00e8re fiable et v\u00e9rifiable.<\/p>\n\n\n\n<p>Nous offrons \u00e0 nos clients un soutien pour toutes les questions li\u00e9es \u00e0 l&rsquo;\u00e9valuation. Leurs demandes d\u2019explications fiscales et comptables constituent le point de d\u00e9part de nos travaux. Nous d\u00e9veloppons des solutions individuelles pour nos clients. Nous intervenons \u00e9galement pour des missions de <em>fairness opinion<\/em> et attestation d&rsquo;\u00e9quit\u00e9 qui permet d\u2019\u00e9valuer si le prix d\u2019achat propos\u00e9e d\u2019une entreprise est \u00e9quitable.<\/p>\n","protected":false},"excerpt":{"rendered":"<p>\u00ab&nbsp;D\u00e9termination de la valeur de l&rsquo;entreprise \u00e0 toutes les finalit\u00e9s&nbsp;\u00bb Nous avons de solides connaissances th\u00e9oriques et une longue exp\u00e9rience pratique. Ainsi, nous sommes capables de proposer des valorisations suivant diff\u00e9rentes m\u00e9thodes, de mani\u00e8re fiable et v\u00e9rifiable. Nous offrons \u00e0 nos clients un soutien pour toutes les questions li\u00e9es \u00e0 l&rsquo;\u00e9valuation. Leurs demandes d\u2019explications fiscales <a href=\"https:\/\/www.gamapa.de\/fr\/domaines-de-services-de-conseil\/conseil-en-gestion-dentreprise\/evaluation-de-lentreprise\/\">[\u2026]<\/a><\/p>\n","protected":false},"author":1,"featured_media":19746,"parent":4491,"menu_order":5,"comment_status":"closed","ping_status":"closed","template":"templates\/template-simple-site.php","meta":{"_acf_changed":false,"_uag_custom_page_level_css":"","footnotes":""},"class_list":["post-4559","page","type-page","status-publish","has-post-thumbnail","hentry"],"acf":[],"yoast_head":"<!-- This site is optimized with the Yoast SEO plugin v27.3 - https:\/\/yoast.com\/product\/yoast-seo-wordpress\/ -->\n<title>\u00c9valuation de l\u2019entreprise - GANTEF\u00dcHRER<\/title>\n<meta name=\"description\" content=\"Nous avons de solides connaissances th\u00e9oriques et une longue exp\u00e9rience pratique. Ainsi, nous sommes capables de proposer des valorisations suivant diff\u00e9rentes m\u00e9thodes, de mani\u00e8re fiable et v\u00e9rifiable.\" \/>\n<meta name=\"robots\" content=\"index, follow, max-snippet:-1, max-image-preview:large, max-video-preview:-1\" \/>\n<link rel=\"canonical\" href=\"https:\/\/www.gamapa.de\/fr\/domaines-de-services-de-conseil\/conseil-en-gestion-dentreprise\/evaluation-de-lentreprise\/\" \/>\n<meta property=\"og:locale\" content=\"fr_FR\" \/>\n<meta property=\"og:type\" content=\"article\" \/>\n<meta property=\"og:title\" content=\"\u00c9valuation de l\u2019entreprise - GANTEF\u00dcHRER\" \/>\n<meta property=\"og:description\" content=\"Nous avons de solides connaissances th\u00e9oriques et une longue exp\u00e9rience pratique. Ainsi, nous sommes capables de proposer des valorisations suivant diff\u00e9rentes m\u00e9thodes, de mani\u00e8re fiable et v\u00e9rifiable.\" \/>\n<meta property=\"og:url\" content=\"https:\/\/www.gamapa.de\/fr\/domaines-de-services-de-conseil\/conseil-en-gestion-dentreprise\/evaluation-de-lentreprise\/\" \/>\n<meta property=\"og:site_name\" content=\"GANTEF\u00dcHRER\" \/>\n<meta property=\"article:modified_time\" content=\"2020-12-07T14:03:40+00:00\" \/>\n<meta property=\"og:image\" content=\"https:\/\/www.gamapa.de\/wp-content\/uploads\/2020\/03\/Header-betriebswirtschaftliche-Beratung-2-scaled.jpg\" \/>\n\t<meta property=\"og:image:width\" content=\"2560\" \/>\n\t<meta property=\"og:image:height\" content=\"764\" \/>\n\t<meta property=\"og:image:type\" content=\"image\/jpeg\" \/>\n<meta name=\"twitter:card\" content=\"summary_large_image\" \/>\n<meta name=\"twitter:label1\" content=\"Dur\u00e9e de lecture estim\u00e9e\" \/>\n\t<meta name=\"twitter:data1\" content=\"1 minute\" \/>\n<script type=\"application\/ld+json\" class=\"yoast-schema-graph\">{\"@context\":\"https:\\\/\\\/schema.org\",\"@graph\":[{\"@type\":\"WebPage\",\"@id\":\"https:\\\/\\\/www.gamapa.de\\\/fr\\\/domaines-de-services-de-conseil\\\/conseil-en-gestion-dentreprise\\\/evaluation-de-lentreprise\\\/\",\"url\":\"https:\\\/\\\/www.gamapa.de\\\/fr\\\/domaines-de-services-de-conseil\\\/conseil-en-gestion-dentreprise\\\/evaluation-de-lentreprise\\\/\",\"name\":\"\u00c9valuation de l\u2019entreprise - GANTEF\u00dcHRER\",\"isPartOf\":{\"@id\":\"https:\\\/\\\/www.gamapa.de\\\/fr\\\/#website\"},\"primaryImageOfPage\":{\"@id\":\"https:\\\/\\\/www.gamapa.de\\\/fr\\\/domaines-de-services-de-conseil\\\/conseil-en-gestion-dentreprise\\\/evaluation-de-lentreprise\\\/#primaryimage\"},\"image\":{\"@id\":\"https:\\\/\\\/www.gamapa.de\\\/fr\\\/domaines-de-services-de-conseil\\\/conseil-en-gestion-dentreprise\\\/evaluation-de-lentreprise\\\/#primaryimage\"},\"thumbnailUrl\":\"https:\\\/\\\/www.gamapa.de\\\/wp-content\\\/uploads\\\/2025\\\/06\\\/alter-konferenzraum-seitlich-schmal-scaled.jpg\",\"datePublished\":\"2020-03-11T09:21:14+00:00\",\"dateModified\":\"2020-12-07T14:03:40+00:00\",\"description\":\"Nous avons de solides connaissances th\u00e9oriques et une longue exp\u00e9rience pratique. Ainsi, nous sommes capables de proposer des valorisations suivant diff\u00e9rentes m\u00e9thodes, de mani\u00e8re fiable et v\u00e9rifiable.\",\"breadcrumb\":{\"@id\":\"https:\\\/\\\/www.gamapa.de\\\/fr\\\/domaines-de-services-de-conseil\\\/conseil-en-gestion-dentreprise\\\/evaluation-de-lentreprise\\\/#breadcrumb\"},\"inLanguage\":\"fr-FR\",\"potentialAction\":[{\"@type\":\"ReadAction\",\"target\":[\"https:\\\/\\\/www.gamapa.de\\\/fr\\\/domaines-de-services-de-conseil\\\/conseil-en-gestion-dentreprise\\\/evaluation-de-lentreprise\\\/\"]}]},{\"@type\":\"ImageObject\",\"inLanguage\":\"fr-FR\",\"@id\":\"https:\\\/\\\/www.gamapa.de\\\/fr\\\/domaines-de-services-de-conseil\\\/conseil-en-gestion-dentreprise\\\/evaluation-de-lentreprise\\\/#primaryimage\",\"url\":\"https:\\\/\\\/www.gamapa.de\\\/wp-content\\\/uploads\\\/2025\\\/06\\\/alter-konferenzraum-seitlich-schmal-scaled.jpg\",\"contentUrl\":\"https:\\\/\\\/www.gamapa.de\\\/wp-content\\\/uploads\\\/2025\\\/06\\\/alter-konferenzraum-seitlich-schmal-scaled.jpg\",\"width\":2560,\"height\":764,\"caption\":\"Alter Konferenzraum in der K\u00e4mmerei D\u00fcsseldorf mit breitem Holztisch, Holzw\u00e4nden und St\u00fchlen\"},{\"@type\":\"BreadcrumbList\",\"@id\":\"https:\\\/\\\/www.gamapa.de\\\/fr\\\/domaines-de-services-de-conseil\\\/conseil-en-gestion-dentreprise\\\/evaluation-de-lentreprise\\\/#breadcrumb\",\"itemListElement\":[{\"@type\":\"ListItem\",\"position\":1,\"name\":\"Startseite\",\"item\":\"https:\\\/\\\/www.gamapa.de\\\/fr\\\/\"},{\"@type\":\"ListItem\",\"position\":2,\"name\":\"Domaines de conseil\",\"item\":\"https:\\\/\\\/www.gamapa.de\\\/fr\\\/domaines-de-services-de-conseil\\\/\"},{\"@type\":\"ListItem\",\"position\":3,\"name\":\"Conseil en gestion d\u2019entreprise\",\"item\":\"https:\\\/\\\/www.gamapa.de\\\/fr\\\/domaines-de-services-de-conseil\\\/conseil-en-gestion-dentreprise\\\/\"},{\"@type\":\"ListItem\",\"position\":4,\"name\":\"\u00c9valuation de l\u2019entreprise\"}]},{\"@type\":\"WebSite\",\"@id\":\"https:\\\/\\\/www.gamapa.de\\\/fr\\\/#website\",\"url\":\"https:\\\/\\\/www.gamapa.de\\\/fr\\\/\",\"name\":\"GANTEF\u00dcHRER\",\"description\":\"Wirtschaftspr\u00fcfer, Steuerberater, Rechtsanw\u00e4lte\",\"publisher\":{\"@id\":\"https:\\\/\\\/www.gamapa.de\\\/fr\\\/#organization\"},\"potentialAction\":[{\"@type\":\"SearchAction\",\"target\":{\"@type\":\"EntryPoint\",\"urlTemplate\":\"https:\\\/\\\/www.gamapa.de\\\/fr\\\/?s={search_term_string}\"},\"query-input\":{\"@type\":\"PropertyValueSpecification\",\"valueRequired\":true,\"valueName\":\"search_term_string\"}}],\"inLanguage\":\"fr-FR\"},{\"@type\":\"Organization\",\"@id\":\"https:\\\/\\\/www.gamapa.de\\\/fr\\\/#organization\",\"name\":\"Gantef\u00fchrer Wirtschaftspr\u00fcfer, Steuerberater, Rechtsanw\u00e4lte\",\"url\":\"https:\\\/\\\/www.gamapa.de\\\/fr\\\/\",\"logo\":{\"@type\":\"ImageObject\",\"inLanguage\":\"fr-FR\",\"@id\":\"https:\\\/\\\/www.gamapa.de\\\/fr\\\/#\\\/schema\\\/logo\\\/image\\\/\",\"url\":\"https:\\\/\\\/www.gamapa.de\\\/wp-content\\\/uploads\\\/2026\\\/01\\\/Logo-Gantefuehrer.png\",\"contentUrl\":\"https:\\\/\\\/www.gamapa.de\\\/wp-content\\\/uploads\\\/2026\\\/01\\\/Logo-Gantefuehrer.png\",\"width\":767,\"height\":156,\"caption\":\"Gantef\u00fchrer Wirtschaftspr\u00fcfer, Steuerberater, Rechtsanw\u00e4lte\"},\"image\":{\"@id\":\"https:\\\/\\\/www.gamapa.de\\\/fr\\\/#\\\/schema\\\/logo\\\/image\\\/\"}}]}<\/script>\n<!-- \/ Yoast SEO plugin. -->","yoast_head_json":{"title":"\u00c9valuation de l\u2019entreprise - GANTEF\u00dcHRER","description":"Nous avons de solides connaissances th\u00e9oriques et une longue exp\u00e9rience pratique. Ainsi, nous sommes capables de proposer des valorisations suivant diff\u00e9rentes m\u00e9thodes, de mani\u00e8re fiable et v\u00e9rifiable.","robots":{"index":"index","follow":"follow","max-snippet":"max-snippet:-1","max-image-preview":"max-image-preview:large","max-video-preview":"max-video-preview:-1"},"canonical":"https:\/\/www.gamapa.de\/fr\/domaines-de-services-de-conseil\/conseil-en-gestion-dentreprise\/evaluation-de-lentreprise\/","og_locale":"fr_FR","og_type":"article","og_title":"\u00c9valuation de l\u2019entreprise - GANTEF\u00dcHRER","og_description":"Nous avons de solides connaissances th\u00e9oriques et une longue exp\u00e9rience pratique. Ainsi, nous sommes capables de proposer des valorisations suivant diff\u00e9rentes m\u00e9thodes, de mani\u00e8re fiable et v\u00e9rifiable.","og_url":"https:\/\/www.gamapa.de\/fr\/domaines-de-services-de-conseil\/conseil-en-gestion-dentreprise\/evaluation-de-lentreprise\/","og_site_name":"GANTEF\u00dcHRER","article_modified_time":"2020-12-07T14:03:40+00:00","og_image":[{"width":2560,"height":764,"url":"https:\/\/www.gamapa.de\/wp-content\/uploads\/2020\/03\/Header-betriebswirtschaftliche-Beratung-2-scaled.jpg","type":"image\/jpeg"}],"twitter_card":"summary_large_image","twitter_misc":{"Dur\u00e9e de lecture estim\u00e9e":"1 minute"},"schema":{"@context":"https:\/\/schema.org","@graph":[{"@type":"WebPage","@id":"https:\/\/www.gamapa.de\/fr\/domaines-de-services-de-conseil\/conseil-en-gestion-dentreprise\/evaluation-de-lentreprise\/","url":"https:\/\/www.gamapa.de\/fr\/domaines-de-services-de-conseil\/conseil-en-gestion-dentreprise\/evaluation-de-lentreprise\/","name":"\u00c9valuation de l\u2019entreprise - GANTEF\u00dcHRER","isPartOf":{"@id":"https:\/\/www.gamapa.de\/fr\/#website"},"primaryImageOfPage":{"@id":"https:\/\/www.gamapa.de\/fr\/domaines-de-services-de-conseil\/conseil-en-gestion-dentreprise\/evaluation-de-lentreprise\/#primaryimage"},"image":{"@id":"https:\/\/www.gamapa.de\/fr\/domaines-de-services-de-conseil\/conseil-en-gestion-dentreprise\/evaluation-de-lentreprise\/#primaryimage"},"thumbnailUrl":"https:\/\/www.gamapa.de\/wp-content\/uploads\/2025\/06\/alter-konferenzraum-seitlich-schmal-scaled.jpg","datePublished":"2020-03-11T09:21:14+00:00","dateModified":"2020-12-07T14:03:40+00:00","description":"Nous avons de solides connaissances th\u00e9oriques et une longue exp\u00e9rience pratique. Ainsi, nous sommes capables de proposer des valorisations suivant diff\u00e9rentes m\u00e9thodes, de mani\u00e8re fiable et v\u00e9rifiable.","breadcrumb":{"@id":"https:\/\/www.gamapa.de\/fr\/domaines-de-services-de-conseil\/conseil-en-gestion-dentreprise\/evaluation-de-lentreprise\/#breadcrumb"},"inLanguage":"fr-FR","potentialAction":[{"@type":"ReadAction","target":["https:\/\/www.gamapa.de\/fr\/domaines-de-services-de-conseil\/conseil-en-gestion-dentreprise\/evaluation-de-lentreprise\/"]}]},{"@type":"ImageObject","inLanguage":"fr-FR","@id":"https:\/\/www.gamapa.de\/fr\/domaines-de-services-de-conseil\/conseil-en-gestion-dentreprise\/evaluation-de-lentreprise\/#primaryimage","url":"https:\/\/www.gamapa.de\/wp-content\/uploads\/2025\/06\/alter-konferenzraum-seitlich-schmal-scaled.jpg","contentUrl":"https:\/\/www.gamapa.de\/wp-content\/uploads\/2025\/06\/alter-konferenzraum-seitlich-schmal-scaled.jpg","width":2560,"height":764,"caption":"Alter Konferenzraum in der K\u00e4mmerei D\u00fcsseldorf mit breitem Holztisch, Holzw\u00e4nden und St\u00fchlen"},{"@type":"BreadcrumbList","@id":"https:\/\/www.gamapa.de\/fr\/domaines-de-services-de-conseil\/conseil-en-gestion-dentreprise\/evaluation-de-lentreprise\/#breadcrumb","itemListElement":[{"@type":"ListItem","position":1,"name":"Startseite","item":"https:\/\/www.gamapa.de\/fr\/"},{"@type":"ListItem","position":2,"name":"Domaines de conseil","item":"https:\/\/www.gamapa.de\/fr\/domaines-de-services-de-conseil\/"},{"@type":"ListItem","position":3,"name":"Conseil en gestion d\u2019entreprise","item":"https:\/\/www.gamapa.de\/fr\/domaines-de-services-de-conseil\/conseil-en-gestion-dentreprise\/"},{"@type":"ListItem","position":4,"name":"\u00c9valuation de l\u2019entreprise"}]},{"@type":"WebSite","@id":"https:\/\/www.gamapa.de\/fr\/#website","url":"https:\/\/www.gamapa.de\/fr\/","name":"GANTEF\u00dcHRER","description":"Wirtschaftspr\u00fcfer, Steuerberater, Rechtsanw\u00e4lte","publisher":{"@id":"https:\/\/www.gamapa.de\/fr\/#organization"},"potentialAction":[{"@type":"SearchAction","target":{"@type":"EntryPoint","urlTemplate":"https:\/\/www.gamapa.de\/fr\/?s={search_term_string}"},"query-input":{"@type":"PropertyValueSpecification","valueRequired":true,"valueName":"search_term_string"}}],"inLanguage":"fr-FR"},{"@type":"Organization","@id":"https:\/\/www.gamapa.de\/fr\/#organization","name":"Gantef\u00fchrer Wirtschaftspr\u00fcfer, Steuerberater, Rechtsanw\u00e4lte","url":"https:\/\/www.gamapa.de\/fr\/","logo":{"@type":"ImageObject","inLanguage":"fr-FR","@id":"https:\/\/www.gamapa.de\/fr\/#\/schema\/logo\/image\/","url":"https:\/\/www.gamapa.de\/wp-content\/uploads\/2026\/01\/Logo-Gantefuehrer.png","contentUrl":"https:\/\/www.gamapa.de\/wp-content\/uploads\/2026\/01\/Logo-Gantefuehrer.png","width":767,"height":156,"caption":"Gantef\u00fchrer Wirtschaftspr\u00fcfer, Steuerberater, Rechtsanw\u00e4lte"},"image":{"@id":"https:\/\/www.gamapa.de\/fr\/#\/schema\/logo\/image\/"}}]}},"uagb_featured_image_src":{"full":["https:\/\/www.gamapa.de\/wp-content\/uploads\/2025\/06\/alter-konferenzraum-seitlich-schmal-scaled.jpg",2560,764,false],"thumbnail":["https:\/\/www.gamapa.de\/wp-content\/uploads\/2025\/06\/alter-konferenzraum-seitlich-schmal-150x150.jpg",150,150,true],"medium":["https:\/\/www.gamapa.de\/wp-content\/uploads\/2025\/06\/alter-konferenzraum-seitlich-schmal-600x179.jpg",600,179,true],"medium_large":["https:\/\/www.gamapa.de\/wp-content\/uploads\/2025\/06\/alter-konferenzraum-seitlich-schmal-768x229.jpg",580,173,true],"large":["https:\/\/www.gamapa.de\/wp-content\/uploads\/2025\/06\/alter-konferenzraum-seitlich-schmal-scaled.jpg",580,173,false],"gs-tiny":["https:\/\/www.gamapa.de\/wp-content\/uploads\/2025\/06\/alter-konferenzraum-seitlich-schmal-50x15.jpg",50,15,true],"xl":["https:\/\/www.gamapa.de\/wp-content\/uploads\/2025\/06\/alter-konferenzraum-seitlich-schmal-1600x477.jpg",1600,477,true],"xxl":["https:\/\/www.gamapa.de\/wp-content\/uploads\/2025\/06\/alter-konferenzraum-seitlich-schmal-2200x656.jpg",2200,656,true],"xxxl":["https:\/\/www.gamapa.de\/wp-content\/uploads\/2025\/06\/alter-konferenzraum-seitlich-schmal-2800x835.jpg",2800,835,true],"xxxxl":["https:\/\/www.gamapa.de\/wp-content\/uploads\/2025\/06\/alter-konferenzraum-seitlich-schmal-scaled.jpg",2560,764,false],"xxxxxl":["https:\/\/www.gamapa.de\/wp-content\/uploads\/2025\/06\/alter-konferenzraum-seitlich-schmal-scaled.jpg",2560,764,false],"1536x1536":["https:\/\/www.gamapa.de\/wp-content\/uploads\/2025\/06\/alter-konferenzraum-seitlich-schmal-1536x458.jpg",1536,458,true],"2048x2048":["https:\/\/www.gamapa.de\/wp-content\/uploads\/2025\/06\/alter-konferenzraum-seitlich-schmal-2048x611.jpg",2048,611,true],"post-thumbnail":["https:\/\/www.gamapa.de\/wp-content\/uploads\/2025\/06\/alter-konferenzraum-seitlich-schmal-scaled.jpg",2560,764,false],"twentytwenty-fullscreen":["https:\/\/www.gamapa.de\/wp-content\/uploads\/2025\/06\/alter-konferenzraum-seitlich-schmal-scaled.jpg",2560,764,false],"theme-slug-single-post":["https:\/\/www.gamapa.de\/wp-content\/uploads\/2025\/06\/alter-konferenzraum-seitlich-schmal-1600x400.jpg",1600,400,true]},"uagb_author_info":{"display_name":"linda","author_link":"https:\/\/www.gamapa.de\/fr\/author\/linda\/"},"uagb_comment_info":0,"uagb_excerpt":"\u00ab&nbsp;D\u00e9termination de la valeur de l&rsquo;entreprise \u00e0 toutes les finalit\u00e9s&nbsp;\u00bb Nous avons de solides connaissances th\u00e9oriques et une longue exp\u00e9rience pratique. Ainsi, nous sommes capables de proposer des valorisations suivant diff\u00e9rentes m\u00e9thodes, de mani\u00e8re fiable et v\u00e9rifiable. Nous offrons \u00e0 nos clients un soutien pour toutes les questions li\u00e9es \u00e0 l&rsquo;\u00e9valuation. Leurs demandes d\u2019explications fiscales\u2026","_links":{"self":[{"href":"https:\/\/www.gamapa.de\/fr\/wp-json\/wp\/v2\/pages\/4559","targetHints":{"allow":["GET"]}}],"collection":[{"href":"https:\/\/www.gamapa.de\/fr\/wp-json\/wp\/v2\/pages"}],"about":[{"href":"https:\/\/www.gamapa.de\/fr\/wp-json\/wp\/v2\/types\/page"}],"author":[{"embeddable":true,"href":"https:\/\/www.gamapa.de\/fr\/wp-json\/wp\/v2\/users\/1"}],"replies":[{"embeddable":true,"href":"https:\/\/www.gamapa.de\/fr\/wp-json\/wp\/v2\/comments?post=4559"}],"version-history":[{"count":3,"href":"https:\/\/www.gamapa.de\/fr\/wp-json\/wp\/v2\/pages\/4559\/revisions"}],"predecessor-version":[{"id":5360,"href":"https:\/\/www.gamapa.de\/fr\/wp-json\/wp\/v2\/pages\/4559\/revisions\/5360"}],"up":[{"embeddable":true,"href":"https:\/\/www.gamapa.de\/fr\/wp-json\/wp\/v2\/pages\/4491"}],"wp:featuredmedia":[{"embeddable":true,"href":"https:\/\/www.gamapa.de\/fr\/wp-json\/wp\/v2\/media\/19746"}],"wp:attachment":[{"href":"https:\/\/www.gamapa.de\/fr\/wp-json\/wp\/v2\/media?parent=4559"}],"curies":[{"name":"wp","href":"https:\/\/api.w.org\/{rel}","templated":true}]}}