

{"id":4576,"date":"2020-03-11T10:15:33","date_gmt":"2020-03-11T09:15:33","guid":{"rendered":"https:\/\/www.gamapa.de\/domaines-de-services-de-conseil\/conseil-fiscal\/standard-dienstleistungen\/"},"modified":"2021-03-18T11:56:40","modified_gmt":"2021-03-18T10:56:40","slug":"tenue-de-comptabilite-et-services-associes","status":"publish","type":"page","link":"https:\/\/www.gamapa.de\/fr\/domaines-de-services-de-conseil\/conseil-fiscal\/tenue-de-comptabilite-et-services-associes\/","title":{"rendered":"Tenue de comptabilit\u00e9 et services associ\u00e9s"},"content":{"rendered":"\n<h2 class=\"wp-block-heading\">\u00ab&nbsp;De la comptabilit\u00e9 aux comptes annuels consolid\u00e9s&nbsp;\u00bb<\/h2>\n\n\n\n<p><\/p>\n\n\n\n<p>Le droit comptable et fiscal allemand et international deviennent de plus en plus complexes. Nous accompagnons nos clients en prenant en charge tous les services li\u00e9s \u00e0 la comptabilit\u00e9 et \u00e0 l\u2019information financi\u00e8re, y compris l&rsquo;optimisation des processus comptables.<\/p>\n\n\n\n<p>Gr\u00e2ce \u00e0 notre expertise en comptabilit\u00e9 et en comptabilit\u00e9 analytique, nous sommes capables de trouver des r\u00e9ponses rapides aux probl\u00e8mes de nos clients.<\/p>\n\n\n\n<p>Nous offrons les services suivants tels que :<\/p>\n\n\n\n<ul class=\"blu wp-block-list\"><li>\u00c9tablissement des comptes annuels et des comptes annuels consolid\u00e9s selon les normes allemandes et internationales de l\u2019information financi\u00e8re<\/li><li>Tenue du livre comptable des revenus et des d\u00e9penses<\/li><li>Comptabilit\u00e9 de gestion (compte des co\u00fbts, compte de r\u00e9sultat) conform\u00e9ment aux besoins du client<\/li><li>Comptabilit\u00e9 financi\u00e8re, comptabilit\u00e9 des immobilisations et traitement des op\u00e9rations de paiement<\/li><li>Comptabilit\u00e9 salariale et soutien lors des contr\u00f4les externes<\/li><li>Pr\u00e9paration et traitement des d\u00e9clarations de revenus<\/li><li>Assistance fiscale dans le cadre des proc\u00e9dures d\u2019opposition ou de recours<\/li><\/ul>\n","protected":false},"excerpt":{"rendered":"<p>\u00ab&nbsp;De la comptabilit\u00e9 aux comptes annuels consolid\u00e9s&nbsp;\u00bb Le droit comptable et fiscal allemand et international deviennent de plus en plus complexes. Nous accompagnons nos clients en prenant en charge tous les services li\u00e9s \u00e0 la comptabilit\u00e9 et \u00e0 l\u2019information financi\u00e8re, y compris l&rsquo;optimisation des processus comptables. Gr\u00e2ce \u00e0 notre expertise en comptabilit\u00e9 et en comptabilit\u00e9 <a href=\"https:\/\/www.gamapa.de\/fr\/domaines-de-services-de-conseil\/conseil-fiscal\/tenue-de-comptabilite-et-services-associes\/\">[\u2026]<\/a><\/p>\n","protected":false},"author":1,"featured_media":3361,"parent":4498,"menu_order":6,"comment_status":"closed","ping_status":"closed","template":"templates\/template-simple-site.php","meta":{"_acf_changed":false,"_uag_custom_page_level_css":"","footnotes":""},"class_list":["post-4576","page","type-page","status-publish","has-post-thumbnail","hentry"],"acf":[],"yoast_head":"<!-- This site is optimized with the Yoast SEO plugin v27.3 - https:\/\/yoast.com\/product\/yoast-seo-wordpress\/ -->\n<title>Tenue de comptabilit\u00e9 et services associ\u00e9s - GANTEF\u00dcHRER<\/title>\n<meta name=\"description\" content=\"Nous accompagnons nos clients en prenant en charge tous les services li\u00e9s \u00e0 la comptabilit\u00e9 et \u00e0 l\u2019information financi\u00e8re, y compris l&#039;optimisation des processus comptables.\" \/>\n<meta name=\"robots\" content=\"index, follow, max-snippet:-1, max-image-preview:large, max-video-preview:-1\" \/>\n<link rel=\"canonical\" href=\"https:\/\/www.gamapa.de\/fr\/domaines-de-services-de-conseil\/conseil-fiscal\/tenue-de-comptabilite-et-services-associes\/\" \/>\n<meta property=\"og:locale\" content=\"fr_FR\" \/>\n<meta property=\"og:type\" content=\"article\" \/>\n<meta property=\"og:title\" content=\"Tenue de comptabilit\u00e9 et services associ\u00e9s - GANTEF\u00dcHRER\" \/>\n<meta property=\"og:description\" content=\"Nous accompagnons nos clients en prenant en charge tous les services li\u00e9s \u00e0 la comptabilit\u00e9 et \u00e0 l\u2019information financi\u00e8re, y compris l&#039;optimisation des processus comptables.\" \/>\n<meta property=\"og:url\" content=\"https:\/\/www.gamapa.de\/fr\/domaines-de-services-de-conseil\/conseil-fiscal\/tenue-de-comptabilite-et-services-associes\/\" \/>\n<meta property=\"og:site_name\" content=\"GANTEF\u00dcHRER\" \/>\n<meta property=\"article:modified_time\" content=\"2021-03-18T10:56:40+00:00\" \/>\n<meta property=\"og:image\" content=\"https:\/\/www.gamapa.de\/wp-content\/uploads\/2020\/03\/Header-Interdisziplinaere-Beratung-5-scaled.jpg\" \/>\n\t<meta property=\"og:image:width\" content=\"2560\" \/>\n\t<meta property=\"og:image:height\" content=\"764\" \/>\n\t<meta property=\"og:image:type\" content=\"image\/jpeg\" \/>\n<meta name=\"twitter:card\" content=\"summary_large_image\" \/>\n<meta name=\"twitter:label1\" content=\"Dur\u00e9e de lecture estim\u00e9e\" \/>\n\t<meta name=\"twitter:data1\" content=\"1 minute\" \/>\n<script type=\"application\/ld+json\" class=\"yoast-schema-graph\">{\"@context\":\"https:\\\/\\\/schema.org\",\"@graph\":[{\"@type\":\"WebPage\",\"@id\":\"https:\\\/\\\/www.gamapa.de\\\/fr\\\/domaines-de-services-de-conseil\\\/conseil-fiscal\\\/tenue-de-comptabilite-et-services-associes\\\/\",\"url\":\"https:\\\/\\\/www.gamapa.de\\\/fr\\\/domaines-de-services-de-conseil\\\/conseil-fiscal\\\/tenue-de-comptabilite-et-services-associes\\\/\",\"name\":\"Tenue de comptabilit\u00e9 et services associ\u00e9s - GANTEF\u00dcHRER\",\"isPartOf\":{\"@id\":\"https:\\\/\\\/www.gamapa.de\\\/fr\\\/#website\"},\"primaryImageOfPage\":{\"@id\":\"https:\\\/\\\/www.gamapa.de\\\/fr\\\/domaines-de-services-de-conseil\\\/conseil-fiscal\\\/tenue-de-comptabilite-et-services-associes\\\/#primaryimage\"},\"image\":{\"@id\":\"https:\\\/\\\/www.gamapa.de\\\/fr\\\/domaines-de-services-de-conseil\\\/conseil-fiscal\\\/tenue-de-comptabilite-et-services-associes\\\/#primaryimage\"},\"thumbnailUrl\":\"https:\\\/\\\/www.gamapa.de\\\/wp-content\\\/uploads\\\/2020\\\/03\\\/Header-Interdisziplinaere-Beratung-5-scaled.jpg\",\"datePublished\":\"2020-03-11T09:15:33+00:00\",\"dateModified\":\"2021-03-18T10:56:40+00:00\",\"description\":\"Nous accompagnons nos clients en prenant en charge tous les services li\u00e9s \u00e0 la comptabilit\u00e9 et \u00e0 l\u2019information financi\u00e8re, y compris l'optimisation des processus comptables.\",\"breadcrumb\":{\"@id\":\"https:\\\/\\\/www.gamapa.de\\\/fr\\\/domaines-de-services-de-conseil\\\/conseil-fiscal\\\/tenue-de-comptabilite-et-services-associes\\\/#breadcrumb\"},\"inLanguage\":\"fr-FR\",\"potentialAction\":[{\"@type\":\"ReadAction\",\"target\":[\"https:\\\/\\\/www.gamapa.de\\\/fr\\\/domaines-de-services-de-conseil\\\/conseil-fiscal\\\/tenue-de-comptabilite-et-services-associes\\\/\"]}]},{\"@type\":\"ImageObject\",\"inLanguage\":\"fr-FR\",\"@id\":\"https:\\\/\\\/www.gamapa.de\\\/fr\\\/domaines-de-services-de-conseil\\\/conseil-fiscal\\\/tenue-de-comptabilite-et-services-associes\\\/#primaryimage\",\"url\":\"https:\\\/\\\/www.gamapa.de\\\/wp-content\\\/uploads\\\/2020\\\/03\\\/Header-Interdisziplinaere-Beratung-5-scaled.jpg\",\"contentUrl\":\"https:\\\/\\\/www.gamapa.de\\\/wp-content\\\/uploads\\\/2020\\\/03\\\/Header-Interdisziplinaere-Beratung-5-scaled.jpg\",\"width\":2560,\"height\":764},{\"@type\":\"BreadcrumbList\",\"@id\":\"https:\\\/\\\/www.gamapa.de\\\/fr\\\/domaines-de-services-de-conseil\\\/conseil-fiscal\\\/tenue-de-comptabilite-et-services-associes\\\/#breadcrumb\",\"itemListElement\":[{\"@type\":\"ListItem\",\"position\":1,\"name\":\"Startseite\",\"item\":\"https:\\\/\\\/www.gamapa.de\\\/fr\\\/\"},{\"@type\":\"ListItem\",\"position\":2,\"name\":\"Domaines de conseil\",\"item\":\"https:\\\/\\\/www.gamapa.de\\\/fr\\\/domaines-de-services-de-conseil\\\/\"},{\"@type\":\"ListItem\",\"position\":3,\"name\":\"Conseil fiscal\",\"item\":\"https:\\\/\\\/www.gamapa.de\\\/fr\\\/domaines-de-services-de-conseil\\\/conseil-fiscal\\\/\"},{\"@type\":\"ListItem\",\"position\":4,\"name\":\"Tenue de comptabilit\u00e9 et services associ\u00e9s\"}]},{\"@type\":\"WebSite\",\"@id\":\"https:\\\/\\\/www.gamapa.de\\\/fr\\\/#website\",\"url\":\"https:\\\/\\\/www.gamapa.de\\\/fr\\\/\",\"name\":\"GANTEF\u00dcHRER\",\"description\":\"Wirtschaftspr\u00fcfer, Steuerberater, Rechtsanw\u00e4lte\",\"publisher\":{\"@id\":\"https:\\\/\\\/www.gamapa.de\\\/fr\\\/#organization\"},\"potentialAction\":[{\"@type\":\"SearchAction\",\"target\":{\"@type\":\"EntryPoint\",\"urlTemplate\":\"https:\\\/\\\/www.gamapa.de\\\/fr\\\/?s={search_term_string}\"},\"query-input\":{\"@type\":\"PropertyValueSpecification\",\"valueRequired\":true,\"valueName\":\"search_term_string\"}}],\"inLanguage\":\"fr-FR\"},{\"@type\":\"Organization\",\"@id\":\"https:\\\/\\\/www.gamapa.de\\\/fr\\\/#organization\",\"name\":\"Gantef\u00fchrer Wirtschaftspr\u00fcfer, Steuerberater, Rechtsanw\u00e4lte\",\"url\":\"https:\\\/\\\/www.gamapa.de\\\/fr\\\/\",\"logo\":{\"@type\":\"ImageObject\",\"inLanguage\":\"fr-FR\",\"@id\":\"https:\\\/\\\/www.gamapa.de\\\/fr\\\/#\\\/schema\\\/logo\\\/image\\\/\",\"url\":\"https:\\\/\\\/www.gamapa.de\\\/wp-content\\\/uploads\\\/2026\\\/01\\\/Logo-Gantefuehrer.png\",\"contentUrl\":\"https:\\\/\\\/www.gamapa.de\\\/wp-content\\\/uploads\\\/2026\\\/01\\\/Logo-Gantefuehrer.png\",\"width\":767,\"height\":156,\"caption\":\"Gantef\u00fchrer Wirtschaftspr\u00fcfer, Steuerberater, Rechtsanw\u00e4lte\"},\"image\":{\"@id\":\"https:\\\/\\\/www.gamapa.de\\\/fr\\\/#\\\/schema\\\/logo\\\/image\\\/\"}}]}<\/script>\n<!-- \/ Yoast SEO plugin. -->","yoast_head_json":{"title":"Tenue de comptabilit\u00e9 et services associ\u00e9s - GANTEF\u00dcHRER","description":"Nous accompagnons nos clients en prenant en charge tous les services li\u00e9s \u00e0 la comptabilit\u00e9 et \u00e0 l\u2019information financi\u00e8re, y compris l'optimisation des processus comptables.","robots":{"index":"index","follow":"follow","max-snippet":"max-snippet:-1","max-image-preview":"max-image-preview:large","max-video-preview":"max-video-preview:-1"},"canonical":"https:\/\/www.gamapa.de\/fr\/domaines-de-services-de-conseil\/conseil-fiscal\/tenue-de-comptabilite-et-services-associes\/","og_locale":"fr_FR","og_type":"article","og_title":"Tenue de comptabilit\u00e9 et services associ\u00e9s - GANTEF\u00dcHRER","og_description":"Nous accompagnons nos clients en prenant en charge tous les services li\u00e9s \u00e0 la comptabilit\u00e9 et \u00e0 l\u2019information financi\u00e8re, y compris l'optimisation des processus comptables.","og_url":"https:\/\/www.gamapa.de\/fr\/domaines-de-services-de-conseil\/conseil-fiscal\/tenue-de-comptabilite-et-services-associes\/","og_site_name":"GANTEF\u00dcHRER","article_modified_time":"2021-03-18T10:56:40+00:00","og_image":[{"width":2560,"height":764,"url":"https:\/\/www.gamapa.de\/wp-content\/uploads\/2020\/03\/Header-Interdisziplinaere-Beratung-5-scaled.jpg","type":"image\/jpeg"}],"twitter_card":"summary_large_image","twitter_misc":{"Dur\u00e9e de lecture estim\u00e9e":"1 minute"},"schema":{"@context":"https:\/\/schema.org","@graph":[{"@type":"WebPage","@id":"https:\/\/www.gamapa.de\/fr\/domaines-de-services-de-conseil\/conseil-fiscal\/tenue-de-comptabilite-et-services-associes\/","url":"https:\/\/www.gamapa.de\/fr\/domaines-de-services-de-conseil\/conseil-fiscal\/tenue-de-comptabilite-et-services-associes\/","name":"Tenue de comptabilit\u00e9 et services associ\u00e9s - GANTEF\u00dcHRER","isPartOf":{"@id":"https:\/\/www.gamapa.de\/fr\/#website"},"primaryImageOfPage":{"@id":"https:\/\/www.gamapa.de\/fr\/domaines-de-services-de-conseil\/conseil-fiscal\/tenue-de-comptabilite-et-services-associes\/#primaryimage"},"image":{"@id":"https:\/\/www.gamapa.de\/fr\/domaines-de-services-de-conseil\/conseil-fiscal\/tenue-de-comptabilite-et-services-associes\/#primaryimage"},"thumbnailUrl":"https:\/\/www.gamapa.de\/wp-content\/uploads\/2020\/03\/Header-Interdisziplinaere-Beratung-5-scaled.jpg","datePublished":"2020-03-11T09:15:33+00:00","dateModified":"2021-03-18T10:56:40+00:00","description":"Nous accompagnons nos clients en prenant en charge tous les services li\u00e9s \u00e0 la comptabilit\u00e9 et \u00e0 l\u2019information financi\u00e8re, y compris l'optimisation des processus comptables.","breadcrumb":{"@id":"https:\/\/www.gamapa.de\/fr\/domaines-de-services-de-conseil\/conseil-fiscal\/tenue-de-comptabilite-et-services-associes\/#breadcrumb"},"inLanguage":"fr-FR","potentialAction":[{"@type":"ReadAction","target":["https:\/\/www.gamapa.de\/fr\/domaines-de-services-de-conseil\/conseil-fiscal\/tenue-de-comptabilite-et-services-associes\/"]}]},{"@type":"ImageObject","inLanguage":"fr-FR","@id":"https:\/\/www.gamapa.de\/fr\/domaines-de-services-de-conseil\/conseil-fiscal\/tenue-de-comptabilite-et-services-associes\/#primaryimage","url":"https:\/\/www.gamapa.de\/wp-content\/uploads\/2020\/03\/Header-Interdisziplinaere-Beratung-5-scaled.jpg","contentUrl":"https:\/\/www.gamapa.de\/wp-content\/uploads\/2020\/03\/Header-Interdisziplinaere-Beratung-5-scaled.jpg","width":2560,"height":764},{"@type":"BreadcrumbList","@id":"https:\/\/www.gamapa.de\/fr\/domaines-de-services-de-conseil\/conseil-fiscal\/tenue-de-comptabilite-et-services-associes\/#breadcrumb","itemListElement":[{"@type":"ListItem","position":1,"name":"Startseite","item":"https:\/\/www.gamapa.de\/fr\/"},{"@type":"ListItem","position":2,"name":"Domaines de conseil","item":"https:\/\/www.gamapa.de\/fr\/domaines-de-services-de-conseil\/"},{"@type":"ListItem","position":3,"name":"Conseil fiscal","item":"https:\/\/www.gamapa.de\/fr\/domaines-de-services-de-conseil\/conseil-fiscal\/"},{"@type":"ListItem","position":4,"name":"Tenue de comptabilit\u00e9 et services associ\u00e9s"}]},{"@type":"WebSite","@id":"https:\/\/www.gamapa.de\/fr\/#website","url":"https:\/\/www.gamapa.de\/fr\/","name":"GANTEF\u00dcHRER","description":"Wirtschaftspr\u00fcfer, Steuerberater, Rechtsanw\u00e4lte","publisher":{"@id":"https:\/\/www.gamapa.de\/fr\/#organization"},"potentialAction":[{"@type":"SearchAction","target":{"@type":"EntryPoint","urlTemplate":"https:\/\/www.gamapa.de\/fr\/?s={search_term_string}"},"query-input":{"@type":"PropertyValueSpecification","valueRequired":true,"valueName":"search_term_string"}}],"inLanguage":"fr-FR"},{"@type":"Organization","@id":"https:\/\/www.gamapa.de\/fr\/#organization","name":"Gantef\u00fchrer Wirtschaftspr\u00fcfer, Steuerberater, Rechtsanw\u00e4lte","url":"https:\/\/www.gamapa.de\/fr\/","logo":{"@type":"ImageObject","inLanguage":"fr-FR","@id":"https:\/\/www.gamapa.de\/fr\/#\/schema\/logo\/image\/","url":"https:\/\/www.gamapa.de\/wp-content\/uploads\/2026\/01\/Logo-Gantefuehrer.png","contentUrl":"https:\/\/www.gamapa.de\/wp-content\/uploads\/2026\/01\/Logo-Gantefuehrer.png","width":767,"height":156,"caption":"Gantef\u00fchrer Wirtschaftspr\u00fcfer, Steuerberater, Rechtsanw\u00e4lte"},"image":{"@id":"https:\/\/www.gamapa.de\/fr\/#\/schema\/logo\/image\/"}}]}},"uagb_featured_image_src":{"full":["https:\/\/www.gamapa.de\/wp-content\/uploads\/2020\/03\/Header-Interdisziplinaere-Beratung-5-scaled.jpg",2560,764,false],"thumbnail":["https:\/\/www.gamapa.de\/wp-content\/uploads\/2020\/03\/Header-Interdisziplinaere-Beratung-5-150x150.jpg",150,150,true],"medium":["https:\/\/www.gamapa.de\/wp-content\/uploads\/2020\/03\/Header-Interdisziplinaere-Beratung-5-600x179.jpg",600,179,true],"medium_large":["https:\/\/www.gamapa.de\/wp-content\/uploads\/2020\/03\/Header-Interdisziplinaere-Beratung-5-768x229.jpg",580,173,true],"large":["https:\/\/www.gamapa.de\/wp-content\/uploads\/2020\/03\/Header-Interdisziplinaere-Beratung-5-scaled.jpg",580,173,false],"gs-tiny":["https:\/\/www.gamapa.de\/wp-content\/uploads\/2020\/03\/Header-Interdisziplinaere-Beratung-5-scaled.jpg",50,15,false],"xl":["https:\/\/www.gamapa.de\/wp-content\/uploads\/2020\/03\/Header-Interdisziplinaere-Beratung-5-scaled.jpg",1600,478,false],"xxl":["https:\/\/www.gamapa.de\/wp-content\/uploads\/2020\/03\/Header-Interdisziplinaere-Beratung-5-scaled.jpg",2200,657,false],"xxxl":["https:\/\/www.gamapa.de\/wp-content\/uploads\/2020\/03\/Header-Interdisziplinaere-Beratung-5-scaled.jpg",2560,764,false],"xxxxl":["https:\/\/www.gamapa.de\/wp-content\/uploads\/2020\/03\/Header-Interdisziplinaere-Beratung-5-scaled.jpg",2560,764,false],"xxxxxl":["https:\/\/www.gamapa.de\/wp-content\/uploads\/2020\/03\/Header-Interdisziplinaere-Beratung-5-scaled.jpg",2560,764,false],"1536x1536":["https:\/\/www.gamapa.de\/wp-content\/uploads\/2020\/03\/Header-Interdisziplinaere-Beratung-5-1536x458.jpg",1536,458,true],"2048x2048":["https:\/\/www.gamapa.de\/wp-content\/uploads\/2020\/03\/Header-Interdisziplinaere-Beratung-5-2048x611.jpg",2048,611,true],"post-thumbnail":["https:\/\/www.gamapa.de\/wp-content\/uploads\/2020\/03\/Header-Interdisziplinaere-Beratung-5-scaled.jpg",2560,764,false],"twentytwenty-fullscreen":["https:\/\/www.gamapa.de\/wp-content\/uploads\/2020\/03\/Header-Interdisziplinaere-Beratung-5-scaled.jpg",2560,764,false],"theme-slug-single-post":["https:\/\/www.gamapa.de\/wp-content\/uploads\/2020\/03\/Header-Interdisziplinaere-Beratung-5-1600x400.jpg",1600,400,true]},"uagb_author_info":{"display_name":"linda","author_link":"https:\/\/www.gamapa.de\/fr\/author\/linda\/"},"uagb_comment_info":0,"uagb_excerpt":"\u00ab&nbsp;De la comptabilit\u00e9 aux comptes annuels consolid\u00e9s&nbsp;\u00bb Le droit comptable et fiscal allemand et international deviennent de plus en plus complexes. Nous accompagnons nos clients en prenant en charge tous les services li\u00e9s \u00e0 la comptabilit\u00e9 et \u00e0 l\u2019information financi\u00e8re, y compris l&rsquo;optimisation des processus comptables. Gr\u00e2ce \u00e0 notre expertise en comptabilit\u00e9 et en comptabilit\u00e9\u2026","_links":{"self":[{"href":"https:\/\/www.gamapa.de\/fr\/wp-json\/wp\/v2\/pages\/4576","targetHints":{"allow":["GET"]}}],"collection":[{"href":"https:\/\/www.gamapa.de\/fr\/wp-json\/wp\/v2\/pages"}],"about":[{"href":"https:\/\/www.gamapa.de\/fr\/wp-json\/wp\/v2\/types\/page"}],"author":[{"embeddable":true,"href":"https:\/\/www.gamapa.de\/fr\/wp-json\/wp\/v2\/users\/1"}],"replies":[{"embeddable":true,"href":"https:\/\/www.gamapa.de\/fr\/wp-json\/wp\/v2\/comments?post=4576"}],"version-history":[{"count":4,"href":"https:\/\/www.gamapa.de\/fr\/wp-json\/wp\/v2\/pages\/4576\/revisions"}],"predecessor-version":[{"id":7576,"href":"https:\/\/www.gamapa.de\/fr\/wp-json\/wp\/v2\/pages\/4576\/revisions\/7576"}],"up":[{"embeddable":true,"href":"https:\/\/www.gamapa.de\/fr\/wp-json\/wp\/v2\/pages\/4498"}],"wp:featuredmedia":[{"embeddable":true,"href":"https:\/\/www.gamapa.de\/fr\/wp-json\/wp\/v2\/media\/3361"}],"wp:attachment":[{"href":"https:\/\/www.gamapa.de\/fr\/wp-json\/wp\/v2\/media?parent=4576"}],"curies":[{"name":"wp","href":"https:\/\/api.w.org\/{rel}","templated":true}]}}