

{"id":4578,"date":"2020-03-11T10:16:14","date_gmt":"2020-03-11T09:16:14","guid":{"rendered":"https:\/\/www.gamapa.de\/domaines-de-services-de-conseil\/conseil-fiscal\/tax-compliance\/"},"modified":"2021-08-31T15:25:32","modified_gmt":"2021-08-31T13:25:32","slug":"tax-compliance","status":"publish","type":"page","link":"https:\/\/www.gamapa.de\/fr\/domaines-de-services-de-conseil\/conseil-fiscal\/tax-compliance\/","title":{"rendered":"Conformit\u00e9 fiscale"},"content":{"rendered":"\n<h2 class=\"wp-block-heading\">\u00ab&nbsp;Plus de transparence et d\u2019efficacit\u00e9&nbsp;\u2013 moins de risques personnels&nbsp;\u00bb<\/h2>\n\n\n\n<p>Le sujet de la <em>tax compliance<\/em> concerne les entreprises de toutes tailles et de tous secteurs mais aussi les fondations et les entit\u00e9s d\u2019int\u00e9r\u00eat g\u00e9n\u00e9ral. Au cours des derni\u00e8res ann\u00e9es, ce sujet a pris une importance consid\u00e9rable \u00e9galement pour les collectivit\u00e9s territoriales et les entreprises municipales.<\/p>\n\n\n\n<p>Cette situation est li\u00e9e \u00e0 un d\u00e9cret de l\u2019administration fiscale allemande. Par cons\u00e9quent, un syst\u00e8me de gestion de la conformit\u00e9 fiscale permet de r\u00e9duire le risque d&rsquo;\u00eatre tenu p\u00e9nalement et\/ou personnellement responsable en cas de non-paiement m\u00eame involontaire de l\u2019imp\u00f4t. Cela n\u00e9cessite un processus structur\u00e9 et, surtout, document\u00e9 pour garantir de mani\u00e8re v\u00e9rifiable le respect des obligations fiscales.<\/p>\n\n\n\n<p><strong>Syst\u00e8me \u201esur mesure\u201d<\/strong><\/p>\n\n\n\n<p>Nos sp\u00e9cialistes du droit, du conseil fiscal et de l&rsquo;audit d\u00e9veloppent un syst\u00e8me de gestion de la conformit\u00e9 fiscale \u00ab&nbsp;sur mesure&nbsp;\u00bb, qui r\u00e9pond aux besoins individuels des clients en restant dans des limites raisonnables en termes d&rsquo;organisation et de co\u00fbts.<\/p>\n\n\n\n<p>Nous commen\u00e7ons par l\u2019analyse de la situation pour identifier et documenter les processus existants. Ensuite, si n\u00e9cessaire, nous d\u00e9finissons de nouveaux processus. Il ne s&rsquo;agit donc pas de cr\u00e9er un nouveau \u00ab&nbsp;monstre administratif&nbsp;\u00bb. Nous utilisons plut\u00f4t les structures existantes de nos clients, en les am\u00e9liorant, si n\u00e9cessaire.<\/p>\n\n\n\n<p>En tant que conseillers juridiques et conseillers fiscaux, nous avons une vaste exp\u00e9rience des questions de proc\u00e9dure en droit p\u00e9nal fiscal qui constituent le \u00ab&nbsp;noyau&nbsp;\u00bb de chaque syst\u00e8me de gestion <em>tax compliance.<\/em> Nous aidons ainsinos clients \u00e0 respecter et \u00e0 remplir leurs obligations fiscales.<\/p>\n","protected":false},"excerpt":{"rendered":"<p>\u00ab&nbsp;Plus de transparence et d\u2019efficacit\u00e9&nbsp;\u2013 moins de risques personnels&nbsp;\u00bb Le sujet de la tax compliance concerne les entreprises de toutes tailles et de tous secteurs mais aussi les fondations et les entit\u00e9s d\u2019int\u00e9r\u00eat g\u00e9n\u00e9ral. Au cours des derni\u00e8res ann\u00e9es, ce sujet a pris une importance consid\u00e9rable \u00e9galement pour les collectivit\u00e9s territoriales et les entreprises municipales. <a href=\"https:\/\/www.gamapa.de\/fr\/domaines-de-services-de-conseil\/conseil-fiscal\/tax-compliance\/\">[\u2026]<\/a><\/p>\n","protected":false},"author":1,"featured_media":3361,"parent":4498,"menu_order":7,"comment_status":"closed","ping_status":"closed","template":"templates\/template-simple-site.php","meta":{"_acf_changed":false,"_uag_custom_page_level_css":"","footnotes":""},"class_list":["post-4578","page","type-page","status-publish","has-post-thumbnail","hentry"],"acf":[],"yoast_head":"<!-- This site is optimized with the Yoast SEO plugin v27.5 - https:\/\/yoast.com\/product\/yoast-seo-wordpress\/ -->\n<title>Conformit\u00e9 fiscale - GANTEF\u00dcHRER<\/title>\n<meta name=\"description\" content=\"Das Thema Tax Compliance (kurz: die Einhaltung steuerlicher Pflichten) betrifft Unternehmen jeglicher Gr\u00f6\u00dfe und Branche sowie Stiftungen und gemeinn\u00fctzige Organisationen.\" \/>\n<meta name=\"robots\" content=\"index, follow, max-snippet:-1, max-image-preview:large, max-video-preview:-1\" \/>\n<link rel=\"canonical\" href=\"https:\/\/www.gamapa.de\/fr\/domaines-de-services-de-conseil\/conseil-fiscal\/tax-compliance\/\" \/>\n<meta property=\"og:locale\" content=\"fr_FR\" \/>\n<meta property=\"og:type\" content=\"article\" \/>\n<meta property=\"og:title\" content=\"Conformit\u00e9 fiscale - GANTEF\u00dcHRER\" \/>\n<meta property=\"og:description\" content=\"Das Thema Tax Compliance (kurz: die Einhaltung steuerlicher Pflichten) betrifft Unternehmen jeglicher Gr\u00f6\u00dfe und Branche sowie Stiftungen und gemeinn\u00fctzige Organisationen.\" \/>\n<meta property=\"og:url\" content=\"https:\/\/www.gamapa.de\/fr\/domaines-de-services-de-conseil\/conseil-fiscal\/tax-compliance\/\" \/>\n<meta property=\"og:site_name\" content=\"GANTEF\u00dcHRER\" \/>\n<meta property=\"article:modified_time\" content=\"2021-08-31T13:25:32+00:00\" \/>\n<meta property=\"og:image\" content=\"https:\/\/www.gamapa.de\/wp-content\/uploads\/2020\/03\/Header-Interdisziplinaere-Beratung-5-scaled.jpg\" \/>\n\t<meta property=\"og:image:width\" content=\"2560\" \/>\n\t<meta property=\"og:image:height\" content=\"764\" \/>\n\t<meta property=\"og:image:type\" content=\"image\/jpeg\" \/>\n<meta name=\"twitter:card\" content=\"summary_large_image\" \/>\n<meta name=\"twitter:label1\" content=\"Dur\u00e9e de lecture estim\u00e9e\" \/>\n\t<meta name=\"twitter:data1\" content=\"2 minutes\" \/>\n<script type=\"application\/ld+json\" class=\"yoast-schema-graph\">{\"@context\":\"https:\\\/\\\/schema.org\",\"@graph\":[{\"@type\":\"WebPage\",\"@id\":\"https:\\\/\\\/www.gamapa.de\\\/fr\\\/domaines-de-services-de-conseil\\\/conseil-fiscal\\\/tax-compliance\\\/\",\"url\":\"https:\\\/\\\/www.gamapa.de\\\/fr\\\/domaines-de-services-de-conseil\\\/conseil-fiscal\\\/tax-compliance\\\/\",\"name\":\"Conformit\u00e9 fiscale - GANTEF\u00dcHRER\",\"isPartOf\":{\"@id\":\"https:\\\/\\\/www.gamapa.de\\\/fr\\\/#website\"},\"primaryImageOfPage\":{\"@id\":\"https:\\\/\\\/www.gamapa.de\\\/fr\\\/domaines-de-services-de-conseil\\\/conseil-fiscal\\\/tax-compliance\\\/#primaryimage\"},\"image\":{\"@id\":\"https:\\\/\\\/www.gamapa.de\\\/fr\\\/domaines-de-services-de-conseil\\\/conseil-fiscal\\\/tax-compliance\\\/#primaryimage\"},\"thumbnailUrl\":\"https:\\\/\\\/www.gamapa.de\\\/wp-content\\\/uploads\\\/2020\\\/03\\\/Header-Interdisziplinaere-Beratung-5-scaled.jpg\",\"datePublished\":\"2020-03-11T09:16:14+00:00\",\"dateModified\":\"2021-08-31T13:25:32+00:00\",\"description\":\"Das Thema Tax Compliance (kurz: die Einhaltung steuerlicher Pflichten) betrifft Unternehmen jeglicher Gr\u00f6\u00dfe und Branche sowie Stiftungen und gemeinn\u00fctzige Organisationen.\",\"breadcrumb\":{\"@id\":\"https:\\\/\\\/www.gamapa.de\\\/fr\\\/domaines-de-services-de-conseil\\\/conseil-fiscal\\\/tax-compliance\\\/#breadcrumb\"},\"inLanguage\":\"fr-FR\",\"potentialAction\":[{\"@type\":\"ReadAction\",\"target\":[\"https:\\\/\\\/www.gamapa.de\\\/fr\\\/domaines-de-services-de-conseil\\\/conseil-fiscal\\\/tax-compliance\\\/\"]}]},{\"@type\":\"ImageObject\",\"inLanguage\":\"fr-FR\",\"@id\":\"https:\\\/\\\/www.gamapa.de\\\/fr\\\/domaines-de-services-de-conseil\\\/conseil-fiscal\\\/tax-compliance\\\/#primaryimage\",\"url\":\"https:\\\/\\\/www.gamapa.de\\\/wp-content\\\/uploads\\\/2020\\\/03\\\/Header-Interdisziplinaere-Beratung-5-scaled.jpg\",\"contentUrl\":\"https:\\\/\\\/www.gamapa.de\\\/wp-content\\\/uploads\\\/2020\\\/03\\\/Header-Interdisziplinaere-Beratung-5-scaled.jpg\",\"width\":2560,\"height\":764},{\"@type\":\"BreadcrumbList\",\"@id\":\"https:\\\/\\\/www.gamapa.de\\\/fr\\\/domaines-de-services-de-conseil\\\/conseil-fiscal\\\/tax-compliance\\\/#breadcrumb\",\"itemListElement\":[{\"@type\":\"ListItem\",\"position\":1,\"name\":\"Startseite\",\"item\":\"https:\\\/\\\/www.gamapa.de\\\/fr\\\/\"},{\"@type\":\"ListItem\",\"position\":2,\"name\":\"Domaines de conseil\",\"item\":\"https:\\\/\\\/www.gamapa.de\\\/fr\\\/domaines-de-services-de-conseil\\\/\"},{\"@type\":\"ListItem\",\"position\":3,\"name\":\"Conseil fiscal\",\"item\":\"https:\\\/\\\/www.gamapa.de\\\/fr\\\/domaines-de-services-de-conseil\\\/conseil-fiscal\\\/\"},{\"@type\":\"ListItem\",\"position\":4,\"name\":\"Conformit\u00e9 fiscale\"}]},{\"@type\":\"WebSite\",\"@id\":\"https:\\\/\\\/www.gamapa.de\\\/fr\\\/#website\",\"url\":\"https:\\\/\\\/www.gamapa.de\\\/fr\\\/\",\"name\":\"GANTEF\u00dcHRER\",\"description\":\"Wirtschaftspr\u00fcfer, Steuerberater, Rechtsanw\u00e4lte\",\"publisher\":{\"@id\":\"https:\\\/\\\/www.gamapa.de\\\/fr\\\/#organization\"},\"potentialAction\":[{\"@type\":\"SearchAction\",\"target\":{\"@type\":\"EntryPoint\",\"urlTemplate\":\"https:\\\/\\\/www.gamapa.de\\\/fr\\\/?s={search_term_string}\"},\"query-input\":{\"@type\":\"PropertyValueSpecification\",\"valueRequired\":true,\"valueName\":\"search_term_string\"}}],\"inLanguage\":\"fr-FR\"},{\"@type\":\"Organization\",\"@id\":\"https:\\\/\\\/www.gamapa.de\\\/fr\\\/#organization\",\"name\":\"Gantef\u00fchrer Wirtschaftspr\u00fcfer, Steuerberater, Rechtsanw\u00e4lte\",\"url\":\"https:\\\/\\\/www.gamapa.de\\\/fr\\\/\",\"logo\":{\"@type\":\"ImageObject\",\"inLanguage\":\"fr-FR\",\"@id\":\"https:\\\/\\\/www.gamapa.de\\\/fr\\\/#\\\/schema\\\/logo\\\/image\\\/\",\"url\":\"https:\\\/\\\/www.gamapa.de\\\/wp-content\\\/uploads\\\/2026\\\/01\\\/Logo-Gantefuehrer.png\",\"contentUrl\":\"https:\\\/\\\/www.gamapa.de\\\/wp-content\\\/uploads\\\/2026\\\/01\\\/Logo-Gantefuehrer.png\",\"width\":767,\"height\":156,\"caption\":\"Gantef\u00fchrer Wirtschaftspr\u00fcfer, Steuerberater, Rechtsanw\u00e4lte\"},\"image\":{\"@id\":\"https:\\\/\\\/www.gamapa.de\\\/fr\\\/#\\\/schema\\\/logo\\\/image\\\/\"}}]}<\/script>\n<!-- \/ Yoast SEO plugin. -->","yoast_head_json":{"title":"Conformit\u00e9 fiscale - GANTEF\u00dcHRER","description":"Das Thema Tax Compliance (kurz: die Einhaltung steuerlicher Pflichten) betrifft Unternehmen jeglicher Gr\u00f6\u00dfe und Branche sowie Stiftungen und gemeinn\u00fctzige Organisationen.","robots":{"index":"index","follow":"follow","max-snippet":"max-snippet:-1","max-image-preview":"max-image-preview:large","max-video-preview":"max-video-preview:-1"},"canonical":"https:\/\/www.gamapa.de\/fr\/domaines-de-services-de-conseil\/conseil-fiscal\/tax-compliance\/","og_locale":"fr_FR","og_type":"article","og_title":"Conformit\u00e9 fiscale - GANTEF\u00dcHRER","og_description":"Das Thema Tax Compliance (kurz: die Einhaltung steuerlicher Pflichten) betrifft Unternehmen jeglicher Gr\u00f6\u00dfe und Branche sowie Stiftungen und gemeinn\u00fctzige Organisationen.","og_url":"https:\/\/www.gamapa.de\/fr\/domaines-de-services-de-conseil\/conseil-fiscal\/tax-compliance\/","og_site_name":"GANTEF\u00dcHRER","article_modified_time":"2021-08-31T13:25:32+00:00","og_image":[{"width":2560,"height":764,"url":"https:\/\/www.gamapa.de\/wp-content\/uploads\/2020\/03\/Header-Interdisziplinaere-Beratung-5-scaled.jpg","type":"image\/jpeg"}],"twitter_card":"summary_large_image","twitter_misc":{"Dur\u00e9e de lecture estim\u00e9e":"2 minutes"},"schema":{"@context":"https:\/\/schema.org","@graph":[{"@type":"WebPage","@id":"https:\/\/www.gamapa.de\/fr\/domaines-de-services-de-conseil\/conseil-fiscal\/tax-compliance\/","url":"https:\/\/www.gamapa.de\/fr\/domaines-de-services-de-conseil\/conseil-fiscal\/tax-compliance\/","name":"Conformit\u00e9 fiscale - GANTEF\u00dcHRER","isPartOf":{"@id":"https:\/\/www.gamapa.de\/fr\/#website"},"primaryImageOfPage":{"@id":"https:\/\/www.gamapa.de\/fr\/domaines-de-services-de-conseil\/conseil-fiscal\/tax-compliance\/#primaryimage"},"image":{"@id":"https:\/\/www.gamapa.de\/fr\/domaines-de-services-de-conseil\/conseil-fiscal\/tax-compliance\/#primaryimage"},"thumbnailUrl":"https:\/\/www.gamapa.de\/wp-content\/uploads\/2020\/03\/Header-Interdisziplinaere-Beratung-5-scaled.jpg","datePublished":"2020-03-11T09:16:14+00:00","dateModified":"2021-08-31T13:25:32+00:00","description":"Das Thema Tax Compliance (kurz: die Einhaltung steuerlicher Pflichten) betrifft Unternehmen jeglicher Gr\u00f6\u00dfe und Branche sowie Stiftungen und gemeinn\u00fctzige Organisationen.","breadcrumb":{"@id":"https:\/\/www.gamapa.de\/fr\/domaines-de-services-de-conseil\/conseil-fiscal\/tax-compliance\/#breadcrumb"},"inLanguage":"fr-FR","potentialAction":[{"@type":"ReadAction","target":["https:\/\/www.gamapa.de\/fr\/domaines-de-services-de-conseil\/conseil-fiscal\/tax-compliance\/"]}]},{"@type":"ImageObject","inLanguage":"fr-FR","@id":"https:\/\/www.gamapa.de\/fr\/domaines-de-services-de-conseil\/conseil-fiscal\/tax-compliance\/#primaryimage","url":"https:\/\/www.gamapa.de\/wp-content\/uploads\/2020\/03\/Header-Interdisziplinaere-Beratung-5-scaled.jpg","contentUrl":"https:\/\/www.gamapa.de\/wp-content\/uploads\/2020\/03\/Header-Interdisziplinaere-Beratung-5-scaled.jpg","width":2560,"height":764},{"@type":"BreadcrumbList","@id":"https:\/\/www.gamapa.de\/fr\/domaines-de-services-de-conseil\/conseil-fiscal\/tax-compliance\/#breadcrumb","itemListElement":[{"@type":"ListItem","position":1,"name":"Startseite","item":"https:\/\/www.gamapa.de\/fr\/"},{"@type":"ListItem","position":2,"name":"Domaines de conseil","item":"https:\/\/www.gamapa.de\/fr\/domaines-de-services-de-conseil\/"},{"@type":"ListItem","position":3,"name":"Conseil fiscal","item":"https:\/\/www.gamapa.de\/fr\/domaines-de-services-de-conseil\/conseil-fiscal\/"},{"@type":"ListItem","position":4,"name":"Conformit\u00e9 fiscale"}]},{"@type":"WebSite","@id":"https:\/\/www.gamapa.de\/fr\/#website","url":"https:\/\/www.gamapa.de\/fr\/","name":"GANTEF\u00dcHRER","description":"Wirtschaftspr\u00fcfer, Steuerberater, Rechtsanw\u00e4lte","publisher":{"@id":"https:\/\/www.gamapa.de\/fr\/#organization"},"potentialAction":[{"@type":"SearchAction","target":{"@type":"EntryPoint","urlTemplate":"https:\/\/www.gamapa.de\/fr\/?s={search_term_string}"},"query-input":{"@type":"PropertyValueSpecification","valueRequired":true,"valueName":"search_term_string"}}],"inLanguage":"fr-FR"},{"@type":"Organization","@id":"https:\/\/www.gamapa.de\/fr\/#organization","name":"Gantef\u00fchrer Wirtschaftspr\u00fcfer, Steuerberater, Rechtsanw\u00e4lte","url":"https:\/\/www.gamapa.de\/fr\/","logo":{"@type":"ImageObject","inLanguage":"fr-FR","@id":"https:\/\/www.gamapa.de\/fr\/#\/schema\/logo\/image\/","url":"https:\/\/www.gamapa.de\/wp-content\/uploads\/2026\/01\/Logo-Gantefuehrer.png","contentUrl":"https:\/\/www.gamapa.de\/wp-content\/uploads\/2026\/01\/Logo-Gantefuehrer.png","width":767,"height":156,"caption":"Gantef\u00fchrer Wirtschaftspr\u00fcfer, Steuerberater, Rechtsanw\u00e4lte"},"image":{"@id":"https:\/\/www.gamapa.de\/fr\/#\/schema\/logo\/image\/"}}]}},"uagb_featured_image_src":{"full":["https:\/\/www.gamapa.de\/wp-content\/uploads\/2020\/03\/Header-Interdisziplinaere-Beratung-5-scaled.jpg",2560,764,false],"thumbnail":["https:\/\/www.gamapa.de\/wp-content\/uploads\/2020\/03\/Header-Interdisziplinaere-Beratung-5-150x150.jpg",150,150,true],"medium":["https:\/\/www.gamapa.de\/wp-content\/uploads\/2020\/03\/Header-Interdisziplinaere-Beratung-5-600x179.jpg",600,179,true],"medium_large":["https:\/\/www.gamapa.de\/wp-content\/uploads\/2020\/03\/Header-Interdisziplinaere-Beratung-5-768x229.jpg",580,173,true],"large":["https:\/\/www.gamapa.de\/wp-content\/uploads\/2020\/03\/Header-Interdisziplinaere-Beratung-5-scaled.jpg",580,173,false],"gs-tiny":["https:\/\/www.gamapa.de\/wp-content\/uploads\/2020\/03\/Header-Interdisziplinaere-Beratung-5-scaled.jpg",50,15,false],"xl":["https:\/\/www.gamapa.de\/wp-content\/uploads\/2020\/03\/Header-Interdisziplinaere-Beratung-5-scaled.jpg",1600,478,false],"xxl":["https:\/\/www.gamapa.de\/wp-content\/uploads\/2020\/03\/Header-Interdisziplinaere-Beratung-5-scaled.jpg",2200,657,false],"xxxl":["https:\/\/www.gamapa.de\/wp-content\/uploads\/2020\/03\/Header-Interdisziplinaere-Beratung-5-scaled.jpg",2560,764,false],"xxxxl":["https:\/\/www.gamapa.de\/wp-content\/uploads\/2020\/03\/Header-Interdisziplinaere-Beratung-5-scaled.jpg",2560,764,false],"xxxxxl":["https:\/\/www.gamapa.de\/wp-content\/uploads\/2020\/03\/Header-Interdisziplinaere-Beratung-5-scaled.jpg",2560,764,false],"1536x1536":["https:\/\/www.gamapa.de\/wp-content\/uploads\/2020\/03\/Header-Interdisziplinaere-Beratung-5-1536x458.jpg",1536,458,true],"2048x2048":["https:\/\/www.gamapa.de\/wp-content\/uploads\/2020\/03\/Header-Interdisziplinaere-Beratung-5-2048x611.jpg",2048,611,true],"post-thumbnail":["https:\/\/www.gamapa.de\/wp-content\/uploads\/2020\/03\/Header-Interdisziplinaere-Beratung-5-scaled.jpg",2560,764,false],"twentytwenty-fullscreen":["https:\/\/www.gamapa.de\/wp-content\/uploads\/2020\/03\/Header-Interdisziplinaere-Beratung-5-scaled.jpg",2560,764,false],"theme-slug-single-post":["https:\/\/www.gamapa.de\/wp-content\/uploads\/2020\/03\/Header-Interdisziplinaere-Beratung-5-1600x400.jpg",1600,400,true]},"uagb_author_info":{"display_name":"linda","author_link":"https:\/\/www.gamapa.de\/fr\/author\/linda\/"},"uagb_comment_info":0,"uagb_excerpt":"\u00ab&nbsp;Plus de transparence et d\u2019efficacit\u00e9&nbsp;\u2013 moins de risques personnels&nbsp;\u00bb Le sujet de la tax compliance concerne les entreprises de toutes tailles et de tous secteurs mais aussi les fondations et les entit\u00e9s d\u2019int\u00e9r\u00eat g\u00e9n\u00e9ral. Au cours des derni\u00e8res ann\u00e9es, ce sujet a pris une importance consid\u00e9rable \u00e9galement pour les collectivit\u00e9s territoriales et les entreprises municipales.\u2026","_links":{"self":[{"href":"https:\/\/www.gamapa.de\/fr\/wp-json\/wp\/v2\/pages\/4578","targetHints":{"allow":["GET"]}}],"collection":[{"href":"https:\/\/www.gamapa.de\/fr\/wp-json\/wp\/v2\/pages"}],"about":[{"href":"https:\/\/www.gamapa.de\/fr\/wp-json\/wp\/v2\/types\/page"}],"author":[{"embeddable":true,"href":"https:\/\/www.gamapa.de\/fr\/wp-json\/wp\/v2\/users\/1"}],"replies":[{"embeddable":true,"href":"https:\/\/www.gamapa.de\/fr\/wp-json\/wp\/v2\/comments?post=4578"}],"version-history":[{"count":4,"href":"https:\/\/www.gamapa.de\/fr\/wp-json\/wp\/v2\/pages\/4578\/revisions"}],"predecessor-version":[{"id":5316,"href":"https:\/\/www.gamapa.de\/fr\/wp-json\/wp\/v2\/pages\/4578\/revisions\/5316"}],"up":[{"embeddable":true,"href":"https:\/\/www.gamapa.de\/fr\/wp-json\/wp\/v2\/pages\/4498"}],"wp:featuredmedia":[{"embeddable":true,"href":"https:\/\/www.gamapa.de\/fr\/wp-json\/wp\/v2\/media\/3361"}],"wp:attachment":[{"href":"https:\/\/www.gamapa.de\/fr\/wp-json\/wp\/v2\/media?parent=4578"}],"curies":[{"name":"wp","href":"https:\/\/api.w.org\/{rel}","templated":true}]}}