

{"id":4580,"date":"2020-03-30T10:35:11","date_gmt":"2020-03-30T08:35:11","guid":{"rendered":"https:\/\/www.gamapa.de\/bernd-ruehland-ll-m\/"},"modified":"2025-11-07T14:21:08","modified_gmt":"2025-11-07T13:21:08","slug":"bernd-ruehland-ll-m","status":"publish","type":"page","link":"https:\/\/www.gamapa.de\/fr\/conseillers\/bernd-ruehland-ll-m\/","title":{"rendered":"Bernd R\u00fchland, LL.M."},"content":{"rendered":"\n<h3 class=\"wp-block-heading\">Domaines de sp\u00e9cialisation<\/h3>\n\n\n\n<ul class=\"wp-block-list\">\n<li>Conseil pluridisciplinaire pour les entreprises de taille moyenne<\/li>\n\n\n\n<li>Conseil en restructuration fiscale<\/li>\n\n\n\n<li>Restructuration d\u2019entreprise<\/li>\n\n\n\n<li>Conseil en succession<\/li>\n\n\n\n<li>Entit\u00e9s d\u2019int\u00e9r\u00eat g\u00e9n\u00e9ral<\/li>\n\n\n\n<li>Conseil pour les entit\u00e9s de droit public<\/li>\n<\/ul>\n\n\n\n<h3 class=\"wp-block-heading\">Carri\u00e8re professionnelle<\/h3>\n\n\n\n<figure class=\"wp-block-table tablist\"><table><tbody><tr><td>1993-1998 <\/td><td>Universit\u00e9s de M\u00fcnster et de Constance<\/td><\/tr><tr><td>1999-2000<\/td><td>Stage juridique \u00e0 Osnabr\u00fcck<\/td><\/tr><tr><td>2001<\/td><td>Etudes \u00e0 Buckingham (Angleterre) sanctionn\u00e9es par l\u2019obtention du titre LL.M.<\/td><\/tr><tr><td>2001-2005<\/td><td>Conseiller juridique chez White &amp; Case \u00e0 Francfort et \u00e0 Hambourg<\/td><\/tr><tr><td>2004 <\/td><td>Obtention du dipl\u00f4me de conseiller fiscal<\/td><\/tr><tr><td>2006-2009<\/td><td>Associ\u00e9 chez Dr. Gantef\u00fchrer, Marquardt &amp; Partner<\/td><\/tr><tr><td>2010-2013<\/td><td>Associ\u00e9 chez  Dr. Steffen &amp; Partner, M\u00fcnster<\/td><\/tr><tr><td>depuis 2014<\/td><td>Associ\u00e9 chez Dr. Gantef\u00fchrer, Marquardt &amp;  Partner<\/td><\/tr><\/tbody><\/table><\/figure>\n\n\n\n<h3 class=\"wp-block-heading\">Secteurs<\/h3>\n\n\n\n<ul class=\"wp-block-list\">\n<li>Entreprises moyennes de divers secteurs<\/li>\n\n\n\n<li>Entreprises du secteur de la sant\u00e9<\/li>\n\n\n\n<li>Communes\/entreprises du secteur public<\/li>\n\n\n\n<li>Fondations et formes juridiques d&rsquo;utilit\u00e9 publique<\/li>\n\n\n\n<li>Clients priv\u00e9s fortun\u00e9s<\/li>\n<\/ul>\n\n\n\n\n\n<div class=\"wp-block-button zurueck\"><a class=\"wp-block-button__link wp-element-button\" href=\"https:\/\/www.gamapa.de\/fr\/conseillers\/\">retour<\/a><\/div>\n","protected":false},"excerpt":{"rendered":"<p>Domaines de sp\u00e9cialisation Carri\u00e8re professionnelle 1993-1998 Universit\u00e9s de M\u00fcnster et de Constance 1999-2000 Stage juridique \u00e0 Osnabr\u00fcck 2001 Etudes \u00e0 Buckingham (Angleterre) sanctionn\u00e9es par l\u2019obtention du titre LL.M. 2001-2005 Conseiller juridique chez White &amp; Case \u00e0 Francfort et \u00e0 Hambourg 2004 Obtention du dipl\u00f4me de conseiller fiscal 2006-2009 Associ\u00e9 chez Dr. Gantef\u00fchrer, Marquardt &amp; Partner <a href=\"https:\/\/www.gamapa.de\/fr\/conseillers\/bernd-ruehland-ll-m\/\">[\u2026]<\/a><\/p>\n","protected":false},"author":1,"featured_media":3808,"parent":4584,"menu_order":25,"comment_status":"closed","ping_status":"closed","template":"templates\/template-Profil.php","meta":{"_acf_changed":false,"_uag_custom_page_level_css":"","footnotes":""},"class_list":["post-4580","page","type-page","status-publish","has-post-thumbnail","hentry"],"acf":[],"yoast_head":"<!-- This site is optimized with the Yoast SEO plugin v27.5 - https:\/\/yoast.com\/product\/yoast-seo-wordpress\/ -->\n<title>Bernd R\u00fchland, LL.M. - GANTEF\u00dcHRER<\/title>\n<meta name=\"robots\" content=\"index, follow, max-snippet:-1, max-image-preview:large, max-video-preview:-1\" \/>\n<link rel=\"canonical\" href=\"https:\/\/www.gamapa.de\/fr\/conseillers\/bernd-ruehland-ll-m\/\" \/>\n<meta property=\"og:locale\" content=\"fr_FR\" \/>\n<meta property=\"og:type\" content=\"article\" \/>\n<meta property=\"og:title\" content=\"Bernd R\u00fchland, LL.M. - GANTEF\u00dcHRER\" \/>\n<meta property=\"og:description\" content=\"Domaines de sp\u00e9cialisation Carri\u00e8re professionnelle 1993-1998 Universit\u00e9s de M\u00fcnster et de Constance 1999-2000 Stage juridique \u00e0 Osnabr\u00fcck 2001 Etudes \u00e0 Buckingham (Angleterre) sanctionn\u00e9es par l\u2019obtention du titre LL.M. 2001-2005 Conseiller juridique chez White &amp; Case \u00e0 Francfort et \u00e0 Hambourg 2004 Obtention du dipl\u00f4me de conseiller fiscal 2006-2009 Associ\u00e9 chez Dr. Gantef\u00fchrer, Marquardt &amp; Partner [\u2026]\" \/>\n<meta property=\"og:url\" content=\"https:\/\/www.gamapa.de\/fr\/conseillers\/bernd-ruehland-ll-m\/\" \/>\n<meta property=\"og:site_name\" content=\"GANTEF\u00dcHRER\" \/>\n<meta property=\"article:modified_time\" content=\"2025-11-07T13:21:08+00:00\" \/>\n<meta property=\"og:image\" content=\"https:\/\/www.gamapa.de\/wp-content\/uploads\/2020\/03\/Ruehland-big.jpg\" \/>\n\t<meta property=\"og:image:width\" content=\"1440\" \/>\n\t<meta property=\"og:image:height\" content=\"859\" \/>\n\t<meta property=\"og:image:type\" content=\"image\/jpeg\" \/>\n<meta name=\"twitter:card\" content=\"summary_large_image\" \/>\n<meta name=\"twitter:label1\" content=\"Dur\u00e9e de lecture estim\u00e9e\" \/>\n\t<meta name=\"twitter:data1\" content=\"1 minute\" \/>\n<script type=\"application\/ld+json\" class=\"yoast-schema-graph\">{\"@context\":\"https:\\\/\\\/schema.org\",\"@graph\":[{\"@type\":\"WebPage\",\"@id\":\"https:\\\/\\\/www.gamapa.de\\\/fr\\\/conseillers\\\/bernd-ruehland-ll-m\\\/\",\"url\":\"https:\\\/\\\/www.gamapa.de\\\/fr\\\/conseillers\\\/bernd-ruehland-ll-m\\\/\",\"name\":\"Bernd R\u00fchland, LL.M. - GANTEF\u00dcHRER\",\"isPartOf\":{\"@id\":\"https:\\\/\\\/www.gamapa.de\\\/fr\\\/#website\"},\"primaryImageOfPage\":{\"@id\":\"https:\\\/\\\/www.gamapa.de\\\/fr\\\/conseillers\\\/bernd-ruehland-ll-m\\\/#primaryimage\"},\"image\":{\"@id\":\"https:\\\/\\\/www.gamapa.de\\\/fr\\\/conseillers\\\/bernd-ruehland-ll-m\\\/#primaryimage\"},\"thumbnailUrl\":\"https:\\\/\\\/www.gamapa.de\\\/wp-content\\\/uploads\\\/2020\\\/03\\\/Ruehland-big.jpg\",\"datePublished\":\"2020-03-30T08:35:11+00:00\",\"dateModified\":\"2025-11-07T13:21:08+00:00\",\"breadcrumb\":{\"@id\":\"https:\\\/\\\/www.gamapa.de\\\/fr\\\/conseillers\\\/bernd-ruehland-ll-m\\\/#breadcrumb\"},\"inLanguage\":\"fr-FR\",\"potentialAction\":[{\"@type\":\"ReadAction\",\"target\":[\"https:\\\/\\\/www.gamapa.de\\\/fr\\\/conseillers\\\/bernd-ruehland-ll-m\\\/\"]}]},{\"@type\":\"ImageObject\",\"inLanguage\":\"fr-FR\",\"@id\":\"https:\\\/\\\/www.gamapa.de\\\/fr\\\/conseillers\\\/bernd-ruehland-ll-m\\\/#primaryimage\",\"url\":\"https:\\\/\\\/www.gamapa.de\\\/wp-content\\\/uploads\\\/2020\\\/03\\\/Ruehland-big.jpg\",\"contentUrl\":\"https:\\\/\\\/www.gamapa.de\\\/wp-content\\\/uploads\\\/2020\\\/03\\\/Ruehland-big.jpg\",\"width\":1440,\"height\":859},{\"@type\":\"BreadcrumbList\",\"@id\":\"https:\\\/\\\/www.gamapa.de\\\/fr\\\/conseillers\\\/bernd-ruehland-ll-m\\\/#breadcrumb\",\"itemListElement\":[{\"@type\":\"ListItem\",\"position\":1,\"name\":\"Startseite\",\"item\":\"https:\\\/\\\/www.gamapa.de\\\/fr\\\/\"},{\"@type\":\"ListItem\",\"position\":2,\"name\":\"Conseillers\",\"item\":\"https:\\\/\\\/www.gamapa.de\\\/fr\\\/conseillers\\\/\"},{\"@type\":\"ListItem\",\"position\":3,\"name\":\"Bernd R\u00fchland, LL.M.\"}]},{\"@type\":\"WebSite\",\"@id\":\"https:\\\/\\\/www.gamapa.de\\\/fr\\\/#website\",\"url\":\"https:\\\/\\\/www.gamapa.de\\\/fr\\\/\",\"name\":\"GANTEF\u00dcHRER\",\"description\":\"Wirtschaftspr\u00fcfer, Steuerberater, Rechtsanw\u00e4lte\",\"publisher\":{\"@id\":\"https:\\\/\\\/www.gamapa.de\\\/fr\\\/#organization\"},\"potentialAction\":[{\"@type\":\"SearchAction\",\"target\":{\"@type\":\"EntryPoint\",\"urlTemplate\":\"https:\\\/\\\/www.gamapa.de\\\/fr\\\/?s={search_term_string}\"},\"query-input\":{\"@type\":\"PropertyValueSpecification\",\"valueRequired\":true,\"valueName\":\"search_term_string\"}}],\"inLanguage\":\"fr-FR\"},{\"@type\":\"Organization\",\"@id\":\"https:\\\/\\\/www.gamapa.de\\\/fr\\\/#organization\",\"name\":\"Gantef\u00fchrer Wirtschaftspr\u00fcfer, Steuerberater, Rechtsanw\u00e4lte\",\"url\":\"https:\\\/\\\/www.gamapa.de\\\/fr\\\/\",\"logo\":{\"@type\":\"ImageObject\",\"inLanguage\":\"fr-FR\",\"@id\":\"https:\\\/\\\/www.gamapa.de\\\/fr\\\/#\\\/schema\\\/logo\\\/image\\\/\",\"url\":\"https:\\\/\\\/www.gamapa.de\\\/wp-content\\\/uploads\\\/2026\\\/01\\\/Logo-Gantefuehrer.png\",\"contentUrl\":\"https:\\\/\\\/www.gamapa.de\\\/wp-content\\\/uploads\\\/2026\\\/01\\\/Logo-Gantefuehrer.png\",\"width\":767,\"height\":156,\"caption\":\"Gantef\u00fchrer Wirtschaftspr\u00fcfer, Steuerberater, Rechtsanw\u00e4lte\"},\"image\":{\"@id\":\"https:\\\/\\\/www.gamapa.de\\\/fr\\\/#\\\/schema\\\/logo\\\/image\\\/\"}}]}<\/script>\n<!-- \/ Yoast SEO plugin. -->","yoast_head_json":{"title":"Bernd R\u00fchland, LL.M. - GANTEF\u00dcHRER","robots":{"index":"index","follow":"follow","max-snippet":"max-snippet:-1","max-image-preview":"max-image-preview:large","max-video-preview":"max-video-preview:-1"},"canonical":"https:\/\/www.gamapa.de\/fr\/conseillers\/bernd-ruehland-ll-m\/","og_locale":"fr_FR","og_type":"article","og_title":"Bernd R\u00fchland, LL.M. - GANTEF\u00dcHRER","og_description":"Domaines de sp\u00e9cialisation Carri\u00e8re professionnelle 1993-1998 Universit\u00e9s de M\u00fcnster et de Constance 1999-2000 Stage juridique \u00e0 Osnabr\u00fcck 2001 Etudes \u00e0 Buckingham (Angleterre) sanctionn\u00e9es par l\u2019obtention du titre LL.M. 2001-2005 Conseiller juridique chez White &amp; Case \u00e0 Francfort et \u00e0 Hambourg 2004 Obtention du dipl\u00f4me de conseiller fiscal 2006-2009 Associ\u00e9 chez Dr. Gantef\u00fchrer, Marquardt &amp; Partner [\u2026]","og_url":"https:\/\/www.gamapa.de\/fr\/conseillers\/bernd-ruehland-ll-m\/","og_site_name":"GANTEF\u00dcHRER","article_modified_time":"2025-11-07T13:21:08+00:00","og_image":[{"width":1440,"height":859,"url":"https:\/\/www.gamapa.de\/wp-content\/uploads\/2020\/03\/Ruehland-big.jpg","type":"image\/jpeg"}],"twitter_card":"summary_large_image","twitter_misc":{"Dur\u00e9e de lecture estim\u00e9e":"1 minute"},"schema":{"@context":"https:\/\/schema.org","@graph":[{"@type":"WebPage","@id":"https:\/\/www.gamapa.de\/fr\/conseillers\/bernd-ruehland-ll-m\/","url":"https:\/\/www.gamapa.de\/fr\/conseillers\/bernd-ruehland-ll-m\/","name":"Bernd R\u00fchland, LL.M. - GANTEF\u00dcHRER","isPartOf":{"@id":"https:\/\/www.gamapa.de\/fr\/#website"},"primaryImageOfPage":{"@id":"https:\/\/www.gamapa.de\/fr\/conseillers\/bernd-ruehland-ll-m\/#primaryimage"},"image":{"@id":"https:\/\/www.gamapa.de\/fr\/conseillers\/bernd-ruehland-ll-m\/#primaryimage"},"thumbnailUrl":"https:\/\/www.gamapa.de\/wp-content\/uploads\/2020\/03\/Ruehland-big.jpg","datePublished":"2020-03-30T08:35:11+00:00","dateModified":"2025-11-07T13:21:08+00:00","breadcrumb":{"@id":"https:\/\/www.gamapa.de\/fr\/conseillers\/bernd-ruehland-ll-m\/#breadcrumb"},"inLanguage":"fr-FR","potentialAction":[{"@type":"ReadAction","target":["https:\/\/www.gamapa.de\/fr\/conseillers\/bernd-ruehland-ll-m\/"]}]},{"@type":"ImageObject","inLanguage":"fr-FR","@id":"https:\/\/www.gamapa.de\/fr\/conseillers\/bernd-ruehland-ll-m\/#primaryimage","url":"https:\/\/www.gamapa.de\/wp-content\/uploads\/2020\/03\/Ruehland-big.jpg","contentUrl":"https:\/\/www.gamapa.de\/wp-content\/uploads\/2020\/03\/Ruehland-big.jpg","width":1440,"height":859},{"@type":"BreadcrumbList","@id":"https:\/\/www.gamapa.de\/fr\/conseillers\/bernd-ruehland-ll-m\/#breadcrumb","itemListElement":[{"@type":"ListItem","position":1,"name":"Startseite","item":"https:\/\/www.gamapa.de\/fr\/"},{"@type":"ListItem","position":2,"name":"Conseillers","item":"https:\/\/www.gamapa.de\/fr\/conseillers\/"},{"@type":"ListItem","position":3,"name":"Bernd R\u00fchland, LL.M."}]},{"@type":"WebSite","@id":"https:\/\/www.gamapa.de\/fr\/#website","url":"https:\/\/www.gamapa.de\/fr\/","name":"GANTEF\u00dcHRER","description":"Wirtschaftspr\u00fcfer, Steuerberater, Rechtsanw\u00e4lte","publisher":{"@id":"https:\/\/www.gamapa.de\/fr\/#organization"},"potentialAction":[{"@type":"SearchAction","target":{"@type":"EntryPoint","urlTemplate":"https:\/\/www.gamapa.de\/fr\/?s={search_term_string}"},"query-input":{"@type":"PropertyValueSpecification","valueRequired":true,"valueName":"search_term_string"}}],"inLanguage":"fr-FR"},{"@type":"Organization","@id":"https:\/\/www.gamapa.de\/fr\/#organization","name":"Gantef\u00fchrer Wirtschaftspr\u00fcfer, Steuerberater, Rechtsanw\u00e4lte","url":"https:\/\/www.gamapa.de\/fr\/","logo":{"@type":"ImageObject","inLanguage":"fr-FR","@id":"https:\/\/www.gamapa.de\/fr\/#\/schema\/logo\/image\/","url":"https:\/\/www.gamapa.de\/wp-content\/uploads\/2026\/01\/Logo-Gantefuehrer.png","contentUrl":"https:\/\/www.gamapa.de\/wp-content\/uploads\/2026\/01\/Logo-Gantefuehrer.png","width":767,"height":156,"caption":"Gantef\u00fchrer Wirtschaftspr\u00fcfer, Steuerberater, Rechtsanw\u00e4lte"},"image":{"@id":"https:\/\/www.gamapa.de\/fr\/#\/schema\/logo\/image\/"}}]}},"uagb_featured_image_src":{"full":["https:\/\/www.gamapa.de\/wp-content\/uploads\/2020\/03\/Ruehland-big.jpg",1440,859,false],"thumbnail":["https:\/\/www.gamapa.de\/wp-content\/uploads\/2020\/03\/Ruehland-big-150x150.jpg",150,150,true],"medium":["https:\/\/www.gamapa.de\/wp-content\/uploads\/2020\/03\/Ruehland-big-600x358.jpg",600,358,true],"medium_large":["https:\/\/www.gamapa.de\/wp-content\/uploads\/2020\/03\/Ruehland-big-768x458.jpg",580,346,true],"large":["https:\/\/www.gamapa.de\/wp-content\/uploads\/2020\/03\/Ruehland-big.jpg",580,346,false],"gs-tiny":["https:\/\/www.gamapa.de\/wp-content\/uploads\/2020\/03\/Ruehland-big.jpg",50,30,false],"xl":["https:\/\/www.gamapa.de\/wp-content\/uploads\/2020\/03\/Ruehland-big.jpg",1440,859,false],"xxl":["https:\/\/www.gamapa.de\/wp-content\/uploads\/2020\/03\/Ruehland-big.jpg",1440,859,false],"xxxl":["https:\/\/www.gamapa.de\/wp-content\/uploads\/2020\/03\/Ruehland-big.jpg",1440,859,false],"xxxxl":["https:\/\/www.gamapa.de\/wp-content\/uploads\/2020\/03\/Ruehland-big.jpg",1440,859,false],"xxxxxl":["https:\/\/www.gamapa.de\/wp-content\/uploads\/2020\/03\/Ruehland-big.jpg",1440,859,false],"1536x1536":["https:\/\/www.gamapa.de\/wp-content\/uploads\/2020\/03\/Ruehland-big.jpg",1440,859,false],"2048x2048":["https:\/\/www.gamapa.de\/wp-content\/uploads\/2020\/03\/Ruehland-big.jpg",1440,859,false],"post-thumbnail":["https:\/\/www.gamapa.de\/wp-content\/uploads\/2020\/03\/Ruehland-big.jpg",1440,859,false],"twentytwenty-fullscreen":["https:\/\/www.gamapa.de\/wp-content\/uploads\/2020\/03\/Ruehland-big.jpg",1440,859,false],"theme-slug-single-post":["https:\/\/www.gamapa.de\/wp-content\/uploads\/2020\/03\/Ruehland-big-1440x400.jpg",1440,400,true]},"uagb_author_info":{"display_name":"linda","author_link":"https:\/\/www.gamapa.de\/fr\/author\/linda\/"},"uagb_comment_info":0,"uagb_excerpt":"Domaines de sp\u00e9cialisation Carri\u00e8re professionnelle 1993-1998 Universit\u00e9s de M\u00fcnster et de Constance 1999-2000 Stage juridique \u00e0 Osnabr\u00fcck 2001 Etudes \u00e0 Buckingham (Angleterre) sanctionn\u00e9es par l\u2019obtention du titre LL.M. 2001-2005 Conseiller juridique chez White &amp; Case \u00e0 Francfort et \u00e0 Hambourg 2004 Obtention du dipl\u00f4me de conseiller fiscal 2006-2009 Associ\u00e9 chez Dr. Gantef\u00fchrer, Marquardt &amp; Partner\u2026","_links":{"self":[{"href":"https:\/\/www.gamapa.de\/fr\/wp-json\/wp\/v2\/pages\/4580","targetHints":{"allow":["GET"]}}],"collection":[{"href":"https:\/\/www.gamapa.de\/fr\/wp-json\/wp\/v2\/pages"}],"about":[{"href":"https:\/\/www.gamapa.de\/fr\/wp-json\/wp\/v2\/types\/page"}],"author":[{"embeddable":true,"href":"https:\/\/www.gamapa.de\/fr\/wp-json\/wp\/v2\/users\/1"}],"replies":[{"embeddable":true,"href":"https:\/\/www.gamapa.de\/fr\/wp-json\/wp\/v2\/comments?post=4580"}],"version-history":[{"count":16,"href":"https:\/\/www.gamapa.de\/fr\/wp-json\/wp\/v2\/pages\/4580\/revisions"}],"predecessor-version":[{"id":22364,"href":"https:\/\/www.gamapa.de\/fr\/wp-json\/wp\/v2\/pages\/4580\/revisions\/22364"}],"up":[{"embeddable":true,"href":"https:\/\/www.gamapa.de\/fr\/wp-json\/wp\/v2\/pages\/4584"}],"wp:featuredmedia":[{"embeddable":true,"href":"https:\/\/www.gamapa.de\/fr\/wp-json\/wp\/v2\/media\/3808"}],"wp:attachment":[{"href":"https:\/\/www.gamapa.de\/fr\/wp-json\/wp\/v2\/media?parent=4580"}],"curies":[{"name":"wp","href":"https:\/\/api.w.org\/{rel}","templated":true}]}}