

{"id":4624,"date":"2020-08-29T16:32:48","date_gmt":"2020-08-29T14:32:48","guid":{"rendered":"https:\/\/www.gamapa.de\/claudia-stork-wirtschaftsprueferin-steuerberaterin-partner\/"},"modified":"2025-11-06T15:08:40","modified_gmt":"2025-11-06T14:08:40","slug":"claudia-stork-commissaire-aux-comptes-conseillere-fiscale-associe","status":"publish","type":"page","link":"https:\/\/www.gamapa.de\/fr\/conseillers\/claudia-stork-commissaire-aux-comptes-conseillere-fiscale-associe\/","title":{"rendered":"Claudia Stork"},"content":{"rendered":"\n<h3 class=\"wp-block-heading\">Domaines de sp\u00e9cialisation<\/h3>\n\n\n\n<ul class=\"wp-block-list\">\n<li>Audit des comptes sociaux annuels et des comptes consolid\u00e9s annuels (code de commerce allemand (HGB)\/Normes IFRS)<\/li>\n\n\n\n<li>\u00c9tablissement des comptes sociaux annuels et des comptes consolid\u00e9s annuels<\/li>\n\n\n\n<li>Audits sp\u00e9ciaux (\u00e9valuation d&rsquo;entreprises, restructuration d\u2019entreprises)<\/li>\n\n\n\n<li>Conseil en gestion d\u2019entreprises<\/li>\n<\/ul>\n\n\n\n<h3 class=\"wp-block-heading\">Carri\u00e8re professionnelle<\/h3>\n\n\n\n<figure class=\"wp-block-table tablist\"><table><tbody><tr><td>1996-1998 <\/td><td>Formation professionnelle comme employ\u00e9e de banque \u00e0 la Stadtsparkasse de M\u00f6nchengladbach<\/td><\/tr><tr><td>1998-2002<\/td><td>Etudes de gestion \u00e0 M\u00fcnster<\/td><\/tr><tr><td>2002-2004<\/td><td>Auditrice bancaire chez Deutsche-Genossenschafts-Revision WP-gesellschaft GmbH, Bonn<\/td><\/tr><tr><td>2007<\/td><td>Obtention du dipl\u00f4me de conseiller fiscal<\/td><\/tr><tr><td>2010 <\/td><td>Obtention du dipl\u00f4me de commissaire aux comptes<\/td><\/tr><tr><td>2005-2014<\/td><td>Commissaire aux comptes (dipl\u00f4m\u00e9e \u00e0 partir de 2010) dans le d\u00e9partement \u00ab services financiers \u00bb chez KPMG Wirtschaftspr\u00fcfungsgesellschaft AG \u00e0 D\u00fcsseldorf<\/td><\/tr><tr><td>depuis  2014<\/td><td>Associ\u00e9e chez Dr. Gantef\u00fchrer, Marquardt &amp; Partner<\/td><\/tr><\/tbody><\/table><\/figure>\n\n\n\n<h3 class=\"wp-block-heading\">Secteurs<\/h3>\n\n\n\n<ul class=\"wp-block-list\">\n<li>Petites et moyennes entreprises de secteurs diff\u00e9rents<\/li>\n\n\n\n<li>Secteur financier (prestataires de services financiers, \u00e9tablissements de paiement)<\/li>\n\n\n\n<li>Entreprises du secteur public<\/li>\n<\/ul>\n\n\n\n\n\n<div class=\"wp-block-button zurueck\"><a class=\"wp-block-button__link wp-element-button\" href=\"https:\/\/www.gamapa.de\/fr\/conseillers\/\">retour<\/a><\/div>\n\n\n\n<p><\/p>\n","protected":false},"excerpt":{"rendered":"<p>Domaines de sp\u00e9cialisation Carri\u00e8re professionnelle 1996-1998 Formation professionnelle comme employ\u00e9e de banque \u00e0 la Stadtsparkasse de M\u00f6nchengladbach 1998-2002 Etudes de gestion \u00e0 M\u00fcnster 2002-2004 Auditrice bancaire chez Deutsche-Genossenschafts-Revision WP-gesellschaft GmbH, Bonn 2007 Obtention du dipl\u00f4me de conseiller fiscal 2010 Obtention du dipl\u00f4me de commissaire aux comptes 2005-2014 Commissaire aux comptes (dipl\u00f4m\u00e9e \u00e0 partir de 2010) <a href=\"https:\/\/www.gamapa.de\/fr\/conseillers\/claudia-stork-commissaire-aux-comptes-conseillere-fiscale-associe\/\">[\u2026]<\/a><\/p>\n","protected":false},"author":1,"featured_media":4330,"parent":4584,"menu_order":24,"comment_status":"closed","ping_status":"closed","template":"templates\/template-Profil.php","meta":{"_acf_changed":false,"_uag_custom_page_level_css":"","footnotes":""},"class_list":["post-4624","page","type-page","status-publish","has-post-thumbnail","hentry"],"acf":[],"yoast_head":"<!-- This site is optimized with the Yoast SEO plugin v27.5 - https:\/\/yoast.com\/product\/yoast-seo-wordpress\/ -->\n<title>Claudia Stork - GANTEF\u00dcHRER<\/title>\n<meta name=\"robots\" content=\"index, follow, max-snippet:-1, max-image-preview:large, max-video-preview:-1\" \/>\n<link rel=\"canonical\" href=\"https:\/\/www.gamapa.de\/fr\/conseillers\/claudia-stork-commissaire-aux-comptes-conseillere-fiscale-associe\/\" \/>\n<meta property=\"og:locale\" content=\"fr_FR\" \/>\n<meta property=\"og:type\" content=\"article\" \/>\n<meta property=\"og:title\" content=\"Claudia Stork - GANTEF\u00dcHRER\" \/>\n<meta property=\"og:description\" content=\"Domaines de sp\u00e9cialisation Carri\u00e8re professionnelle 1996-1998 Formation professionnelle comme employ\u00e9e de banque \u00e0 la Stadtsparkasse de M\u00f6nchengladbach 1998-2002 Etudes de gestion \u00e0 M\u00fcnster 2002-2004 Auditrice bancaire chez Deutsche-Genossenschafts-Revision WP-gesellschaft GmbH, Bonn 2007 Obtention du dipl\u00f4me de conseiller fiscal 2010 Obtention du dipl\u00f4me de commissaire aux comptes 2005-2014 Commissaire aux comptes (dipl\u00f4m\u00e9e \u00e0 partir de 2010) [\u2026]\" \/>\n<meta property=\"og:url\" content=\"https:\/\/www.gamapa.de\/fr\/conseillers\/claudia-stork-commissaire-aux-comptes-conseillere-fiscale-associe\/\" \/>\n<meta property=\"og:site_name\" content=\"GANTEF\u00dcHRER\" \/>\n<meta property=\"article:modified_time\" content=\"2025-11-06T14:08:40+00:00\" \/>\n<meta property=\"og:image\" content=\"https:\/\/www.gamapa.de\/wp-content\/uploads\/2020\/09\/Stork-big.jpg\" \/>\n\t<meta property=\"og:image:width\" content=\"1440\" \/>\n\t<meta property=\"og:image:height\" content=\"859\" \/>\n\t<meta property=\"og:image:type\" content=\"image\/jpeg\" \/>\n<meta name=\"twitter:card\" content=\"summary_large_image\" \/>\n<meta name=\"twitter:label1\" content=\"Dur\u00e9e de lecture estim\u00e9e\" \/>\n\t<meta name=\"twitter:data1\" content=\"1 minute\" \/>\n<script type=\"application\/ld+json\" class=\"yoast-schema-graph\">{\"@context\":\"https:\\\/\\\/schema.org\",\"@graph\":[{\"@type\":\"WebPage\",\"@id\":\"https:\\\/\\\/www.gamapa.de\\\/fr\\\/conseillers\\\/claudia-stork-commissaire-aux-comptes-conseillere-fiscale-associe\\\/\",\"url\":\"https:\\\/\\\/www.gamapa.de\\\/fr\\\/conseillers\\\/claudia-stork-commissaire-aux-comptes-conseillere-fiscale-associe\\\/\",\"name\":\"Claudia Stork - GANTEF\u00dcHRER\",\"isPartOf\":{\"@id\":\"https:\\\/\\\/www.gamapa.de\\\/fr\\\/#website\"},\"primaryImageOfPage\":{\"@id\":\"https:\\\/\\\/www.gamapa.de\\\/fr\\\/conseillers\\\/claudia-stork-commissaire-aux-comptes-conseillere-fiscale-associe\\\/#primaryimage\"},\"image\":{\"@id\":\"https:\\\/\\\/www.gamapa.de\\\/fr\\\/conseillers\\\/claudia-stork-commissaire-aux-comptes-conseillere-fiscale-associe\\\/#primaryimage\"},\"thumbnailUrl\":\"https:\\\/\\\/www.gamapa.de\\\/wp-content\\\/uploads\\\/2020\\\/09\\\/Stork-big.jpg\",\"datePublished\":\"2020-08-29T14:32:48+00:00\",\"dateModified\":\"2025-11-06T14:08:40+00:00\",\"breadcrumb\":{\"@id\":\"https:\\\/\\\/www.gamapa.de\\\/fr\\\/conseillers\\\/claudia-stork-commissaire-aux-comptes-conseillere-fiscale-associe\\\/#breadcrumb\"},\"inLanguage\":\"fr-FR\",\"potentialAction\":[{\"@type\":\"ReadAction\",\"target\":[\"https:\\\/\\\/www.gamapa.de\\\/fr\\\/conseillers\\\/claudia-stork-commissaire-aux-comptes-conseillere-fiscale-associe\\\/\"]}]},{\"@type\":\"ImageObject\",\"inLanguage\":\"fr-FR\",\"@id\":\"https:\\\/\\\/www.gamapa.de\\\/fr\\\/conseillers\\\/claudia-stork-commissaire-aux-comptes-conseillere-fiscale-associe\\\/#primaryimage\",\"url\":\"https:\\\/\\\/www.gamapa.de\\\/wp-content\\\/uploads\\\/2020\\\/09\\\/Stork-big.jpg\",\"contentUrl\":\"https:\\\/\\\/www.gamapa.de\\\/wp-content\\\/uploads\\\/2020\\\/09\\\/Stork-big.jpg\",\"width\":1440,\"height\":859,\"caption\":\"Dr. Claudia Stork, Diplom-Kffr., Wirtschaftspr\u00fcferin, Steuerberaterin, Partnerin,\"},{\"@type\":\"BreadcrumbList\",\"@id\":\"https:\\\/\\\/www.gamapa.de\\\/fr\\\/conseillers\\\/claudia-stork-commissaire-aux-comptes-conseillere-fiscale-associe\\\/#breadcrumb\",\"itemListElement\":[{\"@type\":\"ListItem\",\"position\":1,\"name\":\"Startseite\",\"item\":\"https:\\\/\\\/www.gamapa.de\\\/fr\\\/\"},{\"@type\":\"ListItem\",\"position\":2,\"name\":\"Conseillers\",\"item\":\"https:\\\/\\\/www.gamapa.de\\\/fr\\\/conseillers\\\/\"},{\"@type\":\"ListItem\",\"position\":3,\"name\":\"Claudia Stork\"}]},{\"@type\":\"WebSite\",\"@id\":\"https:\\\/\\\/www.gamapa.de\\\/fr\\\/#website\",\"url\":\"https:\\\/\\\/www.gamapa.de\\\/fr\\\/\",\"name\":\"GANTEF\u00dcHRER\",\"description\":\"Wirtschaftspr\u00fcfer, Steuerberater, Rechtsanw\u00e4lte\",\"publisher\":{\"@id\":\"https:\\\/\\\/www.gamapa.de\\\/fr\\\/#organization\"},\"potentialAction\":[{\"@type\":\"SearchAction\",\"target\":{\"@type\":\"EntryPoint\",\"urlTemplate\":\"https:\\\/\\\/www.gamapa.de\\\/fr\\\/?s={search_term_string}\"},\"query-input\":{\"@type\":\"PropertyValueSpecification\",\"valueRequired\":true,\"valueName\":\"search_term_string\"}}],\"inLanguage\":\"fr-FR\"},{\"@type\":\"Organization\",\"@id\":\"https:\\\/\\\/www.gamapa.de\\\/fr\\\/#organization\",\"name\":\"Gantef\u00fchrer Wirtschaftspr\u00fcfer, Steuerberater, Rechtsanw\u00e4lte\",\"url\":\"https:\\\/\\\/www.gamapa.de\\\/fr\\\/\",\"logo\":{\"@type\":\"ImageObject\",\"inLanguage\":\"fr-FR\",\"@id\":\"https:\\\/\\\/www.gamapa.de\\\/fr\\\/#\\\/schema\\\/logo\\\/image\\\/\",\"url\":\"https:\\\/\\\/www.gamapa.de\\\/wp-content\\\/uploads\\\/2026\\\/01\\\/Logo-Gantefuehrer.png\",\"contentUrl\":\"https:\\\/\\\/www.gamapa.de\\\/wp-content\\\/uploads\\\/2026\\\/01\\\/Logo-Gantefuehrer.png\",\"width\":767,\"height\":156,\"caption\":\"Gantef\u00fchrer Wirtschaftspr\u00fcfer, Steuerberater, Rechtsanw\u00e4lte\"},\"image\":{\"@id\":\"https:\\\/\\\/www.gamapa.de\\\/fr\\\/#\\\/schema\\\/logo\\\/image\\\/\"}}]}<\/script>\n<!-- \/ Yoast SEO plugin. -->","yoast_head_json":{"title":"Claudia Stork - GANTEF\u00dcHRER","robots":{"index":"index","follow":"follow","max-snippet":"max-snippet:-1","max-image-preview":"max-image-preview:large","max-video-preview":"max-video-preview:-1"},"canonical":"https:\/\/www.gamapa.de\/fr\/conseillers\/claudia-stork-commissaire-aux-comptes-conseillere-fiscale-associe\/","og_locale":"fr_FR","og_type":"article","og_title":"Claudia Stork - GANTEF\u00dcHRER","og_description":"Domaines de sp\u00e9cialisation Carri\u00e8re professionnelle 1996-1998 Formation professionnelle comme employ\u00e9e de banque \u00e0 la Stadtsparkasse de M\u00f6nchengladbach 1998-2002 Etudes de gestion \u00e0 M\u00fcnster 2002-2004 Auditrice bancaire chez Deutsche-Genossenschafts-Revision WP-gesellschaft GmbH, Bonn 2007 Obtention du dipl\u00f4me de conseiller fiscal 2010 Obtention du dipl\u00f4me de commissaire aux comptes 2005-2014 Commissaire aux comptes (dipl\u00f4m\u00e9e \u00e0 partir de 2010) [\u2026]","og_url":"https:\/\/www.gamapa.de\/fr\/conseillers\/claudia-stork-commissaire-aux-comptes-conseillere-fiscale-associe\/","og_site_name":"GANTEF\u00dcHRER","article_modified_time":"2025-11-06T14:08:40+00:00","og_image":[{"width":1440,"height":859,"url":"https:\/\/www.gamapa.de\/wp-content\/uploads\/2020\/09\/Stork-big.jpg","type":"image\/jpeg"}],"twitter_card":"summary_large_image","twitter_misc":{"Dur\u00e9e de lecture estim\u00e9e":"1 minute"},"schema":{"@context":"https:\/\/schema.org","@graph":[{"@type":"WebPage","@id":"https:\/\/www.gamapa.de\/fr\/conseillers\/claudia-stork-commissaire-aux-comptes-conseillere-fiscale-associe\/","url":"https:\/\/www.gamapa.de\/fr\/conseillers\/claudia-stork-commissaire-aux-comptes-conseillere-fiscale-associe\/","name":"Claudia Stork - GANTEF\u00dcHRER","isPartOf":{"@id":"https:\/\/www.gamapa.de\/fr\/#website"},"primaryImageOfPage":{"@id":"https:\/\/www.gamapa.de\/fr\/conseillers\/claudia-stork-commissaire-aux-comptes-conseillere-fiscale-associe\/#primaryimage"},"image":{"@id":"https:\/\/www.gamapa.de\/fr\/conseillers\/claudia-stork-commissaire-aux-comptes-conseillere-fiscale-associe\/#primaryimage"},"thumbnailUrl":"https:\/\/www.gamapa.de\/wp-content\/uploads\/2020\/09\/Stork-big.jpg","datePublished":"2020-08-29T14:32:48+00:00","dateModified":"2025-11-06T14:08:40+00:00","breadcrumb":{"@id":"https:\/\/www.gamapa.de\/fr\/conseillers\/claudia-stork-commissaire-aux-comptes-conseillere-fiscale-associe\/#breadcrumb"},"inLanguage":"fr-FR","potentialAction":[{"@type":"ReadAction","target":["https:\/\/www.gamapa.de\/fr\/conseillers\/claudia-stork-commissaire-aux-comptes-conseillere-fiscale-associe\/"]}]},{"@type":"ImageObject","inLanguage":"fr-FR","@id":"https:\/\/www.gamapa.de\/fr\/conseillers\/claudia-stork-commissaire-aux-comptes-conseillere-fiscale-associe\/#primaryimage","url":"https:\/\/www.gamapa.de\/wp-content\/uploads\/2020\/09\/Stork-big.jpg","contentUrl":"https:\/\/www.gamapa.de\/wp-content\/uploads\/2020\/09\/Stork-big.jpg","width":1440,"height":859,"caption":"Dr. Claudia Stork, Diplom-Kffr., Wirtschaftspr\u00fcferin, Steuerberaterin, Partnerin,"},{"@type":"BreadcrumbList","@id":"https:\/\/www.gamapa.de\/fr\/conseillers\/claudia-stork-commissaire-aux-comptes-conseillere-fiscale-associe\/#breadcrumb","itemListElement":[{"@type":"ListItem","position":1,"name":"Startseite","item":"https:\/\/www.gamapa.de\/fr\/"},{"@type":"ListItem","position":2,"name":"Conseillers","item":"https:\/\/www.gamapa.de\/fr\/conseillers\/"},{"@type":"ListItem","position":3,"name":"Claudia Stork"}]},{"@type":"WebSite","@id":"https:\/\/www.gamapa.de\/fr\/#website","url":"https:\/\/www.gamapa.de\/fr\/","name":"GANTEF\u00dcHRER","description":"Wirtschaftspr\u00fcfer, Steuerberater, Rechtsanw\u00e4lte","publisher":{"@id":"https:\/\/www.gamapa.de\/fr\/#organization"},"potentialAction":[{"@type":"SearchAction","target":{"@type":"EntryPoint","urlTemplate":"https:\/\/www.gamapa.de\/fr\/?s={search_term_string}"},"query-input":{"@type":"PropertyValueSpecification","valueRequired":true,"valueName":"search_term_string"}}],"inLanguage":"fr-FR"},{"@type":"Organization","@id":"https:\/\/www.gamapa.de\/fr\/#organization","name":"Gantef\u00fchrer Wirtschaftspr\u00fcfer, Steuerberater, Rechtsanw\u00e4lte","url":"https:\/\/www.gamapa.de\/fr\/","logo":{"@type":"ImageObject","inLanguage":"fr-FR","@id":"https:\/\/www.gamapa.de\/fr\/#\/schema\/logo\/image\/","url":"https:\/\/www.gamapa.de\/wp-content\/uploads\/2026\/01\/Logo-Gantefuehrer.png","contentUrl":"https:\/\/www.gamapa.de\/wp-content\/uploads\/2026\/01\/Logo-Gantefuehrer.png","width":767,"height":156,"caption":"Gantef\u00fchrer Wirtschaftspr\u00fcfer, Steuerberater, Rechtsanw\u00e4lte"},"image":{"@id":"https:\/\/www.gamapa.de\/fr\/#\/schema\/logo\/image\/"}}]}},"uagb_featured_image_src":{"full":["https:\/\/www.gamapa.de\/wp-content\/uploads\/2020\/09\/Stork-big.jpg",1440,859,false],"thumbnail":["https:\/\/www.gamapa.de\/wp-content\/uploads\/2020\/09\/Stork-big-150x150.jpg",150,150,true],"medium":["https:\/\/www.gamapa.de\/wp-content\/uploads\/2020\/09\/Stork-big-600x358.jpg",600,358,true],"medium_large":["https:\/\/www.gamapa.de\/wp-content\/uploads\/2020\/09\/Stork-big-768x458.jpg",580,346,true],"large":["https:\/\/www.gamapa.de\/wp-content\/uploads\/2020\/09\/Stork-big.jpg",580,346,false],"gs-tiny":["https:\/\/www.gamapa.de\/wp-content\/uploads\/2020\/09\/Stork-big.jpg",50,30,false],"xl":["https:\/\/www.gamapa.de\/wp-content\/uploads\/2020\/09\/Stork-big.jpg",1440,859,false],"xxl":["https:\/\/www.gamapa.de\/wp-content\/uploads\/2020\/09\/Stork-big.jpg",1440,859,false],"xxxl":["https:\/\/www.gamapa.de\/wp-content\/uploads\/2020\/09\/Stork-big.jpg",1440,859,false],"xxxxl":["https:\/\/www.gamapa.de\/wp-content\/uploads\/2020\/09\/Stork-big.jpg",1440,859,false],"xxxxxl":["https:\/\/www.gamapa.de\/wp-content\/uploads\/2020\/09\/Stork-big.jpg",1440,859,false],"1536x1536":["https:\/\/www.gamapa.de\/wp-content\/uploads\/2020\/09\/Stork-big.jpg",1440,859,false],"2048x2048":["https:\/\/www.gamapa.de\/wp-content\/uploads\/2020\/09\/Stork-big.jpg",1440,859,false],"post-thumbnail":["https:\/\/www.gamapa.de\/wp-content\/uploads\/2020\/09\/Stork-big.jpg",1440,859,false],"twentytwenty-fullscreen":["https:\/\/www.gamapa.de\/wp-content\/uploads\/2020\/09\/Stork-big.jpg",1440,859,false],"theme-slug-single-post":["https:\/\/www.gamapa.de\/wp-content\/uploads\/2020\/09\/Stork-big-1440x400.jpg",1440,400,true]},"uagb_author_info":{"display_name":"linda","author_link":"https:\/\/www.gamapa.de\/fr\/author\/linda\/"},"uagb_comment_info":0,"uagb_excerpt":"Domaines de sp\u00e9cialisation Carri\u00e8re professionnelle 1996-1998 Formation professionnelle comme employ\u00e9e de banque \u00e0 la Stadtsparkasse de M\u00f6nchengladbach 1998-2002 Etudes de gestion \u00e0 M\u00fcnster 2002-2004 Auditrice bancaire chez Deutsche-Genossenschafts-Revision WP-gesellschaft GmbH, Bonn 2007 Obtention du dipl\u00f4me de conseiller fiscal 2010 Obtention du dipl\u00f4me de commissaire aux comptes 2005-2014 Commissaire aux comptes (dipl\u00f4m\u00e9e \u00e0 partir de 2010)\u2026","_links":{"self":[{"href":"https:\/\/www.gamapa.de\/fr\/wp-json\/wp\/v2\/pages\/4624","targetHints":{"allow":["GET"]}}],"collection":[{"href":"https:\/\/www.gamapa.de\/fr\/wp-json\/wp\/v2\/pages"}],"about":[{"href":"https:\/\/www.gamapa.de\/fr\/wp-json\/wp\/v2\/types\/page"}],"author":[{"embeddable":true,"href":"https:\/\/www.gamapa.de\/fr\/wp-json\/wp\/v2\/users\/1"}],"replies":[{"embeddable":true,"href":"https:\/\/www.gamapa.de\/fr\/wp-json\/wp\/v2\/comments?post=4624"}],"version-history":[{"count":15,"href":"https:\/\/www.gamapa.de\/fr\/wp-json\/wp\/v2\/pages\/4624\/revisions"}],"predecessor-version":[{"id":22340,"href":"https:\/\/www.gamapa.de\/fr\/wp-json\/wp\/v2\/pages\/4624\/revisions\/22340"}],"up":[{"embeddable":true,"href":"https:\/\/www.gamapa.de\/fr\/wp-json\/wp\/v2\/pages\/4584"}],"wp:featuredmedia":[{"embeddable":true,"href":"https:\/\/www.gamapa.de\/fr\/wp-json\/wp\/v2\/media\/4330"}],"wp:attachment":[{"href":"https:\/\/www.gamapa.de\/fr\/wp-json\/wp\/v2\/media?parent=4624"}],"curies":[{"name":"wp","href":"https:\/\/api.w.org\/{rel}","templated":true}]}}