

{"id":4632,"date":"2020-08-29T18:29:44","date_gmt":"2020-08-29T16:29:44","guid":{"rendered":"https:\/\/www.gamapa.de\/michael-baum-wirtschaftspruefer-steuerberater\/"},"modified":"2025-11-21T09:48:20","modified_gmt":"2025-11-21T08:48:20","slug":"michael-baum-conseil-fiscal-commissaire-aux-comptes","status":"publish","type":"page","link":"https:\/\/www.gamapa.de\/fr\/conseillers\/michael-baum-conseil-fiscal-commissaire-aux-comptes\/","title":{"rendered":"Michael Baum"},"content":{"rendered":"\n<h3 class=\"wp-block-heading\">Domaines de sp\u00e9cialisation<\/h3>\n\n\n\n<ul class=\"wp-block-list\">\n<li>Audit des comptes sociaux annuels et des comptes annuels consolid\u00e9s (code de commerce allemand (HGB) \/ IFRS)<\/li>\n\n\n\n<li>\u00c9tablissement des comptes sociaux annuels et des comptes annuels consolid\u00e9s (code de commerce allemand (HGB) \/ IFRS)<\/li>\n\n\n\n<li>Due Diligence<\/li>\n\n\n\n<li>Audit \u00ab&nbsp;r\u00e9f\u00e9r\u00e9&nbsp;\u00bb pour des clients internationaux&nbsp;: \u00e9tablissement et audit de \u00ab&nbsp;package&nbsp;\u00bb de consolidation<\/li>\n\n\n\n<li>Conseil en gestion d\u2019entreprises, y compris conseil en start-up<\/li>\n\n\n\n<li>Database: analyse financi\u00e8re<\/li>\n<\/ul>\n\n\n\n<h3 class=\"wp-block-heading\">Carri\u00e8re professionnelle<\/h3>\n\n\n\n<figure class=\"wp-block-table tablist\"><table><tbody><tr><td>1994-1997 <\/td><td>Formation d&rsquo;assistant fiscal Sch\u00e4fer + Partner, cabinet de conseil fiscal et d&rsquo;expertise comptable<\/td><\/tr><tr><td>1997-2002<\/td><td>Fachhochschule Dortmund \u2013 \u00c9tudes d&rsquo;\u00e9conomie d&rsquo;entreprise<\/td><\/tr><tr><td>2002-2011<\/td><td>Assistant \u00e0 manager chez Ernst &amp; Young GmbH, D\u00fcsseldorf, conseil au \u00ab&nbsp;Mittelstand&nbsp;\u00bb<\/td><\/tr><tr><td>2006<\/td><td>Obtention du dipl\u00f4me de conseiller fiscal<\/td><\/tr><tr><td>2011 <\/td><td>Obtention du dipl\u00f4me de commissaire aux comptes<\/td><\/tr><tr><td>2011-2013<\/td><td>Senior Manager chez Ernst &amp; Young LLP, Boston, USA, responsable du German Business Center pour le domaine de l&rsquo;audit des comptes annuels<\/td><\/tr><tr><td>2013-2015<\/td><td>Senior Manager chez Ernst &amp; Young GmbH, D\u00fcsseldorf, conseil aux moyennes entreprises<\/td><\/tr><tr><td>depuis 2015<\/td><td>Dr. Gantef\u00fchrer, Marquardt und Partner<\/td><\/tr><tr><td>depuis 2016<\/td><td>Directeur g\u00e9n\u00e9ral de GaMa GmbH Wirtschaftspr\u00fcfungsgesellschaft<\/td><\/tr><tr><td>depuis 2018<\/td><td>Associ\u00e9 chez Dr. Gantef\u00fchrer, Marquardt &amp; Partner<\/td><\/tr><\/tbody><\/table><\/figure>\n\n\n\n<h3 class=\"wp-block-heading\">Secteurs<\/h3>\n\n\n\n<ul class=\"wp-block-list\">\n<li>Entreprises cot\u00e9es en bourse et entreprises de taille moyenne ainsi que groupes de soci\u00e9t\u00e9s et start-ups<\/li>\n\n\n\n<li>Soci\u00e9t\u00e9s de services (sant\u00e9, nettoyage, travail int\u00e9rimaire et services informatiques)<\/li>\n\n\n\n<li>Logiciel<\/li>\n\n\n\n<li>M\u00e9tallurgie<\/li>\n\n\n\n<li>Commerce de d\u00e9tail<\/li>\n\n\n\n<li>Immobilier<\/li>\n<\/ul>\n\n\n\n\n\n<div class=\"wp-block-button zurueck\"><a class=\"wp-block-button__link wp-element-button\" href=\"https:\/\/www.gamapa.de\/fr\/conseillers\/\">retour<\/a><\/div>\n\n\n\n<p><\/p>\n","protected":false},"excerpt":{"rendered":"<p>Domaines de sp\u00e9cialisation Carri\u00e8re professionnelle 1994-1997 Formation d&rsquo;assistant fiscal Sch\u00e4fer + Partner, cabinet de conseil fiscal et d&rsquo;expertise comptable 1997-2002 Fachhochschule Dortmund \u2013 \u00c9tudes d&rsquo;\u00e9conomie d&rsquo;entreprise 2002-2011 Assistant \u00e0 manager chez Ernst &amp; Young GmbH, D\u00fcsseldorf, conseil au \u00ab&nbsp;Mittelstand&nbsp;\u00bb 2006 Obtention du dipl\u00f4me de conseiller fiscal 2011 Obtention du dipl\u00f4me de commissaire aux comptes 2011-2013 <a href=\"https:\/\/www.gamapa.de\/fr\/conseillers\/michael-baum-conseil-fiscal-commissaire-aux-comptes\/\">[\u2026]<\/a><\/p>\n","protected":false},"author":1,"featured_media":14129,"parent":4584,"menu_order":55,"comment_status":"closed","ping_status":"closed","template":"templates\/template-Profil.php","meta":{"_acf_changed":false,"_uag_custom_page_level_css":"","footnotes":""},"class_list":["post-4632","page","type-page","status-publish","has-post-thumbnail","hentry"],"acf":[],"yoast_head":"<!-- This site is optimized with the Yoast SEO plugin v27.5 - https:\/\/yoast.com\/product\/yoast-seo-wordpress\/ -->\n<title>Michael Baum - GANTEF\u00dcHRER<\/title>\n<meta name=\"robots\" content=\"index, follow, max-snippet:-1, max-image-preview:large, max-video-preview:-1\" \/>\n<link rel=\"canonical\" href=\"https:\/\/www.gamapa.de\/fr\/conseillers\/michael-baum-conseil-fiscal-commissaire-aux-comptes\/\" \/>\n<meta property=\"og:locale\" content=\"fr_FR\" \/>\n<meta property=\"og:type\" content=\"article\" \/>\n<meta property=\"og:title\" content=\"Michael Baum - GANTEF\u00dcHRER\" \/>\n<meta property=\"og:description\" content=\"Domaines de sp\u00e9cialisation Carri\u00e8re professionnelle 1994-1997 Formation d&rsquo;assistant fiscal Sch\u00e4fer + Partner, cabinet de conseil fiscal et d&rsquo;expertise comptable 1997-2002 Fachhochschule Dortmund \u2013 \u00c9tudes d&rsquo;\u00e9conomie d&rsquo;entreprise 2002-2011 Assistant \u00e0 manager chez Ernst &amp; Young GmbH, D\u00fcsseldorf, conseil au \u00ab&nbsp;Mittelstand&nbsp;\u00bb 2006 Obtention du dipl\u00f4me de conseiller fiscal 2011 Obtention du dipl\u00f4me de commissaire aux comptes 2011-2013 [\u2026]\" \/>\n<meta property=\"og:url\" content=\"https:\/\/www.gamapa.de\/fr\/conseillers\/michael-baum-conseil-fiscal-commissaire-aux-comptes\/\" \/>\n<meta property=\"og:site_name\" content=\"GANTEF\u00dcHRER\" \/>\n<meta property=\"article:modified_time\" content=\"2025-11-21T08:48:20+00:00\" \/>\n<meta property=\"og:image\" content=\"https:\/\/www.gamapa.de\/wp-content\/uploads\/2023\/02\/Baum_2.jpg\" \/>\n\t<meta property=\"og:image:width\" content=\"1440\" \/>\n\t<meta property=\"og:image:height\" content=\"859\" \/>\n\t<meta property=\"og:image:type\" content=\"image\/jpeg\" \/>\n<meta name=\"twitter:card\" content=\"summary_large_image\" \/>\n<meta name=\"twitter:label1\" content=\"Dur\u00e9e de lecture estim\u00e9e\" \/>\n\t<meta name=\"twitter:data1\" content=\"2 minutes\" \/>\n<script type=\"application\/ld+json\" class=\"yoast-schema-graph\">{\"@context\":\"https:\\\/\\\/schema.org\",\"@graph\":[{\"@type\":\"WebPage\",\"@id\":\"https:\\\/\\\/www.gamapa.de\\\/fr\\\/conseillers\\\/michael-baum-conseil-fiscal-commissaire-aux-comptes\\\/\",\"url\":\"https:\\\/\\\/www.gamapa.de\\\/fr\\\/conseillers\\\/michael-baum-conseil-fiscal-commissaire-aux-comptes\\\/\",\"name\":\"Michael Baum - GANTEF\u00dcHRER\",\"isPartOf\":{\"@id\":\"https:\\\/\\\/www.gamapa.de\\\/fr\\\/#website\"},\"primaryImageOfPage\":{\"@id\":\"https:\\\/\\\/www.gamapa.de\\\/fr\\\/conseillers\\\/michael-baum-conseil-fiscal-commissaire-aux-comptes\\\/#primaryimage\"},\"image\":{\"@id\":\"https:\\\/\\\/www.gamapa.de\\\/fr\\\/conseillers\\\/michael-baum-conseil-fiscal-commissaire-aux-comptes\\\/#primaryimage\"},\"thumbnailUrl\":\"https:\\\/\\\/www.gamapa.de\\\/wp-content\\\/uploads\\\/2023\\\/02\\\/Baum_2.jpg\",\"datePublished\":\"2020-08-29T16:29:44+00:00\",\"dateModified\":\"2025-11-21T08:48:20+00:00\",\"breadcrumb\":{\"@id\":\"https:\\\/\\\/www.gamapa.de\\\/fr\\\/conseillers\\\/michael-baum-conseil-fiscal-commissaire-aux-comptes\\\/#breadcrumb\"},\"inLanguage\":\"fr-FR\",\"potentialAction\":[{\"@type\":\"ReadAction\",\"target\":[\"https:\\\/\\\/www.gamapa.de\\\/fr\\\/conseillers\\\/michael-baum-conseil-fiscal-commissaire-aux-comptes\\\/\"]}]},{\"@type\":\"ImageObject\",\"inLanguage\":\"fr-FR\",\"@id\":\"https:\\\/\\\/www.gamapa.de\\\/fr\\\/conseillers\\\/michael-baum-conseil-fiscal-commissaire-aux-comptes\\\/#primaryimage\",\"url\":\"https:\\\/\\\/www.gamapa.de\\\/wp-content\\\/uploads\\\/2023\\\/02\\\/Baum_2.jpg\",\"contentUrl\":\"https:\\\/\\\/www.gamapa.de\\\/wp-content\\\/uploads\\\/2023\\\/02\\\/Baum_2.jpg\",\"width\":1440,\"height\":859,\"caption\":\"Michael Baum, Dipl.-BW (FH), Wirtschaftspr\u00fcfer, Steuerberater, Partner\"},{\"@type\":\"BreadcrumbList\",\"@id\":\"https:\\\/\\\/www.gamapa.de\\\/fr\\\/conseillers\\\/michael-baum-conseil-fiscal-commissaire-aux-comptes\\\/#breadcrumb\",\"itemListElement\":[{\"@type\":\"ListItem\",\"position\":1,\"name\":\"Startseite\",\"item\":\"https:\\\/\\\/www.gamapa.de\\\/fr\\\/\"},{\"@type\":\"ListItem\",\"position\":2,\"name\":\"Conseillers\",\"item\":\"https:\\\/\\\/www.gamapa.de\\\/fr\\\/conseillers\\\/\"},{\"@type\":\"ListItem\",\"position\":3,\"name\":\"Michael Baum\"}]},{\"@type\":\"WebSite\",\"@id\":\"https:\\\/\\\/www.gamapa.de\\\/fr\\\/#website\",\"url\":\"https:\\\/\\\/www.gamapa.de\\\/fr\\\/\",\"name\":\"GANTEF\u00dcHRER\",\"description\":\"Wirtschaftspr\u00fcfer, Steuerberater, Rechtsanw\u00e4lte\",\"publisher\":{\"@id\":\"https:\\\/\\\/www.gamapa.de\\\/fr\\\/#organization\"},\"potentialAction\":[{\"@type\":\"SearchAction\",\"target\":{\"@type\":\"EntryPoint\",\"urlTemplate\":\"https:\\\/\\\/www.gamapa.de\\\/fr\\\/?s={search_term_string}\"},\"query-input\":{\"@type\":\"PropertyValueSpecification\",\"valueRequired\":true,\"valueName\":\"search_term_string\"}}],\"inLanguage\":\"fr-FR\"},{\"@type\":\"Organization\",\"@id\":\"https:\\\/\\\/www.gamapa.de\\\/fr\\\/#organization\",\"name\":\"Gantef\u00fchrer Wirtschaftspr\u00fcfer, Steuerberater, Rechtsanw\u00e4lte\",\"url\":\"https:\\\/\\\/www.gamapa.de\\\/fr\\\/\",\"logo\":{\"@type\":\"ImageObject\",\"inLanguage\":\"fr-FR\",\"@id\":\"https:\\\/\\\/www.gamapa.de\\\/fr\\\/#\\\/schema\\\/logo\\\/image\\\/\",\"url\":\"https:\\\/\\\/www.gamapa.de\\\/wp-content\\\/uploads\\\/2026\\\/01\\\/Logo-Gantefuehrer.png\",\"contentUrl\":\"https:\\\/\\\/www.gamapa.de\\\/wp-content\\\/uploads\\\/2026\\\/01\\\/Logo-Gantefuehrer.png\",\"width\":767,\"height\":156,\"caption\":\"Gantef\u00fchrer Wirtschaftspr\u00fcfer, Steuerberater, Rechtsanw\u00e4lte\"},\"image\":{\"@id\":\"https:\\\/\\\/www.gamapa.de\\\/fr\\\/#\\\/schema\\\/logo\\\/image\\\/\"}}]}<\/script>\n<!-- \/ Yoast SEO plugin. -->","yoast_head_json":{"title":"Michael Baum - GANTEF\u00dcHRER","robots":{"index":"index","follow":"follow","max-snippet":"max-snippet:-1","max-image-preview":"max-image-preview:large","max-video-preview":"max-video-preview:-1"},"canonical":"https:\/\/www.gamapa.de\/fr\/conseillers\/michael-baum-conseil-fiscal-commissaire-aux-comptes\/","og_locale":"fr_FR","og_type":"article","og_title":"Michael Baum - GANTEF\u00dcHRER","og_description":"Domaines de sp\u00e9cialisation Carri\u00e8re professionnelle 1994-1997 Formation d&rsquo;assistant fiscal Sch\u00e4fer + Partner, cabinet de conseil fiscal et d&rsquo;expertise comptable 1997-2002 Fachhochschule Dortmund \u2013 \u00c9tudes d&rsquo;\u00e9conomie d&rsquo;entreprise 2002-2011 Assistant \u00e0 manager chez Ernst &amp; Young GmbH, D\u00fcsseldorf, conseil au \u00ab&nbsp;Mittelstand&nbsp;\u00bb 2006 Obtention du dipl\u00f4me de conseiller fiscal 2011 Obtention du dipl\u00f4me de commissaire aux comptes 2011-2013 [\u2026]","og_url":"https:\/\/www.gamapa.de\/fr\/conseillers\/michael-baum-conseil-fiscal-commissaire-aux-comptes\/","og_site_name":"GANTEF\u00dcHRER","article_modified_time":"2025-11-21T08:48:20+00:00","og_image":[{"width":1440,"height":859,"url":"https:\/\/www.gamapa.de\/wp-content\/uploads\/2023\/02\/Baum_2.jpg","type":"image\/jpeg"}],"twitter_card":"summary_large_image","twitter_misc":{"Dur\u00e9e de lecture estim\u00e9e":"2 minutes"},"schema":{"@context":"https:\/\/schema.org","@graph":[{"@type":"WebPage","@id":"https:\/\/www.gamapa.de\/fr\/conseillers\/michael-baum-conseil-fiscal-commissaire-aux-comptes\/","url":"https:\/\/www.gamapa.de\/fr\/conseillers\/michael-baum-conseil-fiscal-commissaire-aux-comptes\/","name":"Michael Baum - GANTEF\u00dcHRER","isPartOf":{"@id":"https:\/\/www.gamapa.de\/fr\/#website"},"primaryImageOfPage":{"@id":"https:\/\/www.gamapa.de\/fr\/conseillers\/michael-baum-conseil-fiscal-commissaire-aux-comptes\/#primaryimage"},"image":{"@id":"https:\/\/www.gamapa.de\/fr\/conseillers\/michael-baum-conseil-fiscal-commissaire-aux-comptes\/#primaryimage"},"thumbnailUrl":"https:\/\/www.gamapa.de\/wp-content\/uploads\/2023\/02\/Baum_2.jpg","datePublished":"2020-08-29T16:29:44+00:00","dateModified":"2025-11-21T08:48:20+00:00","breadcrumb":{"@id":"https:\/\/www.gamapa.de\/fr\/conseillers\/michael-baum-conseil-fiscal-commissaire-aux-comptes\/#breadcrumb"},"inLanguage":"fr-FR","potentialAction":[{"@type":"ReadAction","target":["https:\/\/www.gamapa.de\/fr\/conseillers\/michael-baum-conseil-fiscal-commissaire-aux-comptes\/"]}]},{"@type":"ImageObject","inLanguage":"fr-FR","@id":"https:\/\/www.gamapa.de\/fr\/conseillers\/michael-baum-conseil-fiscal-commissaire-aux-comptes\/#primaryimage","url":"https:\/\/www.gamapa.de\/wp-content\/uploads\/2023\/02\/Baum_2.jpg","contentUrl":"https:\/\/www.gamapa.de\/wp-content\/uploads\/2023\/02\/Baum_2.jpg","width":1440,"height":859,"caption":"Michael Baum, Dipl.-BW (FH), Wirtschaftspr\u00fcfer, Steuerberater, Partner"},{"@type":"BreadcrumbList","@id":"https:\/\/www.gamapa.de\/fr\/conseillers\/michael-baum-conseil-fiscal-commissaire-aux-comptes\/#breadcrumb","itemListElement":[{"@type":"ListItem","position":1,"name":"Startseite","item":"https:\/\/www.gamapa.de\/fr\/"},{"@type":"ListItem","position":2,"name":"Conseillers","item":"https:\/\/www.gamapa.de\/fr\/conseillers\/"},{"@type":"ListItem","position":3,"name":"Michael Baum"}]},{"@type":"WebSite","@id":"https:\/\/www.gamapa.de\/fr\/#website","url":"https:\/\/www.gamapa.de\/fr\/","name":"GANTEF\u00dcHRER","description":"Wirtschaftspr\u00fcfer, Steuerberater, Rechtsanw\u00e4lte","publisher":{"@id":"https:\/\/www.gamapa.de\/fr\/#organization"},"potentialAction":[{"@type":"SearchAction","target":{"@type":"EntryPoint","urlTemplate":"https:\/\/www.gamapa.de\/fr\/?s={search_term_string}"},"query-input":{"@type":"PropertyValueSpecification","valueRequired":true,"valueName":"search_term_string"}}],"inLanguage":"fr-FR"},{"@type":"Organization","@id":"https:\/\/www.gamapa.de\/fr\/#organization","name":"Gantef\u00fchrer Wirtschaftspr\u00fcfer, Steuerberater, Rechtsanw\u00e4lte","url":"https:\/\/www.gamapa.de\/fr\/","logo":{"@type":"ImageObject","inLanguage":"fr-FR","@id":"https:\/\/www.gamapa.de\/fr\/#\/schema\/logo\/image\/","url":"https:\/\/www.gamapa.de\/wp-content\/uploads\/2026\/01\/Logo-Gantefuehrer.png","contentUrl":"https:\/\/www.gamapa.de\/wp-content\/uploads\/2026\/01\/Logo-Gantefuehrer.png","width":767,"height":156,"caption":"Gantef\u00fchrer Wirtschaftspr\u00fcfer, Steuerberater, Rechtsanw\u00e4lte"},"image":{"@id":"https:\/\/www.gamapa.de\/fr\/#\/schema\/logo\/image\/"}}]}},"uagb_featured_image_src":{"full":["https:\/\/www.gamapa.de\/wp-content\/uploads\/2023\/02\/Baum_2.jpg",1440,859,false],"thumbnail":["https:\/\/www.gamapa.de\/wp-content\/uploads\/2023\/02\/Baum_2-150x150.jpg",150,150,true],"medium":["https:\/\/www.gamapa.de\/wp-content\/uploads\/2023\/02\/Baum_2-600x358.jpg",600,358,true],"medium_large":["https:\/\/www.gamapa.de\/wp-content\/uploads\/2023\/02\/Baum_2-768x458.jpg",580,346,true],"large":["https:\/\/www.gamapa.de\/wp-content\/uploads\/2023\/02\/Baum_2.jpg",580,346,false],"gs-tiny":["https:\/\/www.gamapa.de\/wp-content\/uploads\/2023\/02\/Baum_2.jpg",50,30,false],"xl":["https:\/\/www.gamapa.de\/wp-content\/uploads\/2023\/02\/Baum_2.jpg",1440,859,false],"xxl":["https:\/\/www.gamapa.de\/wp-content\/uploads\/2023\/02\/Baum_2.jpg",1440,859,false],"xxxl":["https:\/\/www.gamapa.de\/wp-content\/uploads\/2023\/02\/Baum_2.jpg",1440,859,false],"xxxxl":["https:\/\/www.gamapa.de\/wp-content\/uploads\/2023\/02\/Baum_2.jpg",1440,859,false],"xxxxxl":["https:\/\/www.gamapa.de\/wp-content\/uploads\/2023\/02\/Baum_2.jpg",1440,859,false],"1536x1536":["https:\/\/www.gamapa.de\/wp-content\/uploads\/2023\/02\/Baum_2.jpg",1440,859,false],"2048x2048":["https:\/\/www.gamapa.de\/wp-content\/uploads\/2023\/02\/Baum_2.jpg",1440,859,false],"post-thumbnail":["https:\/\/www.gamapa.de\/wp-content\/uploads\/2023\/02\/Baum_2.jpg",1440,859,false],"twentytwenty-fullscreen":["https:\/\/www.gamapa.de\/wp-content\/uploads\/2023\/02\/Baum_2.jpg",1440,859,false],"theme-slug-single-post":["https:\/\/www.gamapa.de\/wp-content\/uploads\/2023\/02\/Baum_2-1440x400.jpg",1440,400,true]},"uagb_author_info":{"display_name":"linda","author_link":"https:\/\/www.gamapa.de\/fr\/author\/linda\/"},"uagb_comment_info":0,"uagb_excerpt":"Domaines de sp\u00e9cialisation Carri\u00e8re professionnelle 1994-1997 Formation d&rsquo;assistant fiscal Sch\u00e4fer + Partner, cabinet de conseil fiscal et d&rsquo;expertise comptable 1997-2002 Fachhochschule Dortmund \u2013 \u00c9tudes d&rsquo;\u00e9conomie d&rsquo;entreprise 2002-2011 Assistant \u00e0 manager chez Ernst &amp; Young GmbH, D\u00fcsseldorf, conseil au \u00ab&nbsp;Mittelstand&nbsp;\u00bb 2006 Obtention du dipl\u00f4me de conseiller fiscal 2011 Obtention du dipl\u00f4me de commissaire aux comptes 2011-2013\u2026","_links":{"self":[{"href":"https:\/\/www.gamapa.de\/fr\/wp-json\/wp\/v2\/pages\/4632","targetHints":{"allow":["GET"]}}],"collection":[{"href":"https:\/\/www.gamapa.de\/fr\/wp-json\/wp\/v2\/pages"}],"about":[{"href":"https:\/\/www.gamapa.de\/fr\/wp-json\/wp\/v2\/types\/page"}],"author":[{"embeddable":true,"href":"https:\/\/www.gamapa.de\/fr\/wp-json\/wp\/v2\/users\/1"}],"replies":[{"embeddable":true,"href":"https:\/\/www.gamapa.de\/fr\/wp-json\/wp\/v2\/comments?post=4632"}],"version-history":[{"count":16,"href":"https:\/\/www.gamapa.de\/fr\/wp-json\/wp\/v2\/pages\/4632\/revisions"}],"predecessor-version":[{"id":22691,"href":"https:\/\/www.gamapa.de\/fr\/wp-json\/wp\/v2\/pages\/4632\/revisions\/22691"}],"up":[{"embeddable":true,"href":"https:\/\/www.gamapa.de\/fr\/wp-json\/wp\/v2\/pages\/4584"}],"wp:featuredmedia":[{"embeddable":true,"href":"https:\/\/www.gamapa.de\/fr\/wp-json\/wp\/v2\/media\/14129"}],"wp:attachment":[{"href":"https:\/\/www.gamapa.de\/fr\/wp-json\/wp\/v2\/media?parent=4632"}],"curies":[{"name":"wp","href":"https:\/\/api.w.org\/{rel}","templated":true}]}}