

{"id":4653,"date":"2020-08-29T19:10:08","date_gmt":"2020-08-29T17:10:08","guid":{"rendered":"https:\/\/www.gamapa.de\/julia-gerland-steuerberaterin\/"},"modified":"2025-07-10T08:57:42","modified_gmt":"2025-07-10T06:57:42","slug":"julia-gerland-conseil-fiscal","status":"publish","type":"page","link":"https:\/\/www.gamapa.de\/fr\/conseillers\/julia-gerland-conseil-fiscal\/","title":{"rendered":"Julia Gerland"},"content":{"rendered":"\n<h3 class=\"wp-block-heading\">Domaines de sp\u00e9cialisation<\/h3>\n\n\n\n<ul class=\"wp-block-list\">\n<li>Conseil interdisciplinaire aux petites et moyennes entreprises<\/li>\n\n\n\n<li>\u00c9tablissement des comptes annuels<\/li>\n\n\n\n<li>Fiscalit\u00e9 des entreprises<\/li>\n\n\n\n<li>Droit fiscal international<\/li>\n\n\n\n<li>Entit\u00e9s d\u2019int\u00e9r\u00eat public<\/li>\n<\/ul>\n\n\n\n<h3 class=\"wp-block-heading\">Carri\u00e8re professionnelle<\/h3>\n\n\n\n<figure class=\"wp-block-table tablist\"><table><tbody><tr><td>1992\u20131997<\/td><td>Universit\u00e9 de G\u00f6ttingen<\/td><\/tr><tr><td>1998\u20132005<\/td><td>Cabinet Mazars, D\u00fcsseldorf<\/td><\/tr><tr><td>2002<\/td><td>Obtention du dipl\u00f4me de conseiller fiscal<\/td><\/tr><tr><td>2005\u20132008<\/td><td>Cong\u00e9 parental d\u2019\u00e9ducation<\/td><\/tr><tr><td>2009\u2013 2013<\/td><td>Conseill\u00e8re fiscale chez Quadrilog Beratergruppe, Solingen<\/td><\/tr><tr><td>2013\u20132017<\/td><td>Expatriation familiale (Belgique)<\/td><\/tr><tr><td>2017<\/td><td>Obtention du \u00ab&nbsp;Certificat en fiscalit\u00e9 europ\u00e9enne et internationale&nbsp;\u00bb, \u00c9cole Sup\u00e9rieure des Sciences Fiscales (ESSF), Bruxelles<\/td><\/tr><tr><td>depuis 2018<\/td><td>Conseill\u00e8re fiscale au sein du Cabinet Dr. Gantef\u00fchrer, Marquardt &amp; Partner<\/td><\/tr><\/tbody><\/table><\/figure>\n\n\n\n<h3 class=\"wp-block-heading\">Secteurs<\/h3>\n\n\n\n<ul class=\"wp-block-list\">\n<li>Petites et moyennes entreprises de divers secteurs<\/li>\n\n\n\n<li>Fondations et entit\u00e9sdu secteur public<\/li>\n\n\n\n<li>Clients priv\u00e9s fortun\u00e9s<\/li>\n<\/ul>\n\n\n\n\n\n<div class=\"wp-block-button zurueck\"><a class=\"wp-block-button__link wp-element-button\" href=\"https:\/\/www.gamapa.de\/fr\/conseillers\/\">RETOUR<\/a><\/div>\n\n\n\n<p><\/p>\n","protected":false},"excerpt":{"rendered":"<p>Domaines de sp\u00e9cialisation Carri\u00e8re professionnelle 1992\u20131997 Universit\u00e9 de G\u00f6ttingen 1998\u20132005 Cabinet Mazars, D\u00fcsseldorf 2002 Obtention du dipl\u00f4me de conseiller fiscal 2005\u20132008 Cong\u00e9 parental d\u2019\u00e9ducation 2009\u2013 2013 Conseill\u00e8re fiscale chez Quadrilog Beratergruppe, Solingen 2013\u20132017 Expatriation familiale (Belgique) 2017 Obtention du \u00ab&nbsp;Certificat en fiscalit\u00e9 europ\u00e9enne et internationale&nbsp;\u00bb, \u00c9cole Sup\u00e9rieure des Sciences Fiscales (ESSF), Bruxelles depuis 2018 Conseill\u00e8re <a href=\"https:\/\/www.gamapa.de\/fr\/conseillers\/julia-gerland-conseil-fiscal\/\">[\u2026]<\/a><\/p>\n","protected":false},"author":1,"featured_media":9499,"parent":4584,"menu_order":56,"comment_status":"closed","ping_status":"closed","template":"templates\/template-Profil.php","meta":{"_acf_changed":false,"_uag_custom_page_level_css":"","footnotes":""},"class_list":["post-4653","page","type-page","status-publish","has-post-thumbnail","hentry"],"acf":[],"yoast_head":"<!-- This site is optimized with the Yoast SEO plugin v27.5 - https:\/\/yoast.com\/product\/yoast-seo-wordpress\/ -->\n<title>Julia Gerland - GANTEF\u00dcHRER<\/title>\n<meta name=\"robots\" content=\"index, follow, max-snippet:-1, max-image-preview:large, max-video-preview:-1\" \/>\n<link rel=\"canonical\" href=\"https:\/\/www.gamapa.de\/fr\/conseillers\/julia-gerland-conseil-fiscal\/\" \/>\n<meta property=\"og:locale\" content=\"fr_FR\" \/>\n<meta property=\"og:type\" content=\"article\" \/>\n<meta property=\"og:title\" content=\"Julia Gerland - GANTEF\u00dcHRER\" \/>\n<meta property=\"og:description\" content=\"Domaines de sp\u00e9cialisation Carri\u00e8re professionnelle 1992\u20131997 Universit\u00e9 de G\u00f6ttingen 1998\u20132005 Cabinet Mazars, D\u00fcsseldorf 2002 Obtention du dipl\u00f4me de conseiller fiscal 2005\u20132008 Cong\u00e9 parental d\u2019\u00e9ducation 2009\u2013 2013 Conseill\u00e8re fiscale chez Quadrilog Beratergruppe, Solingen 2013\u20132017 Expatriation familiale (Belgique) 2017 Obtention du \u00ab&nbsp;Certificat en fiscalit\u00e9 europ\u00e9enne et internationale&nbsp;\u00bb, \u00c9cole Sup\u00e9rieure des Sciences Fiscales (ESSF), Bruxelles depuis 2018 Conseill\u00e8re [\u2026]\" \/>\n<meta property=\"og:url\" content=\"https:\/\/www.gamapa.de\/fr\/conseillers\/julia-gerland-conseil-fiscal\/\" \/>\n<meta property=\"og:site_name\" content=\"GANTEF\u00dcHRER\" \/>\n<meta property=\"article:modified_time\" content=\"2025-07-10T06:57:42+00:00\" \/>\n<meta property=\"og:image\" content=\"https:\/\/www.gamapa.de\/wp-content\/uploads\/2021\/10\/Julia-Gerland_2.jpg\" \/>\n\t<meta property=\"og:image:width\" content=\"1440\" \/>\n\t<meta property=\"og:image:height\" content=\"859\" \/>\n\t<meta property=\"og:image:type\" content=\"image\/jpeg\" \/>\n<meta name=\"twitter:card\" content=\"summary_large_image\" \/>\n<meta name=\"twitter:label1\" content=\"Dur\u00e9e de lecture estim\u00e9e\" \/>\n\t<meta name=\"twitter:data1\" content=\"1 minute\" \/>\n<script type=\"application\/ld+json\" class=\"yoast-schema-graph\">{\"@context\":\"https:\\\/\\\/schema.org\",\"@graph\":[{\"@type\":\"WebPage\",\"@id\":\"https:\\\/\\\/www.gamapa.de\\\/fr\\\/conseillers\\\/julia-gerland-conseil-fiscal\\\/\",\"url\":\"https:\\\/\\\/www.gamapa.de\\\/fr\\\/conseillers\\\/julia-gerland-conseil-fiscal\\\/\",\"name\":\"Julia Gerland - GANTEF\u00dcHRER\",\"isPartOf\":{\"@id\":\"https:\\\/\\\/www.gamapa.de\\\/fr\\\/#website\"},\"primaryImageOfPage\":{\"@id\":\"https:\\\/\\\/www.gamapa.de\\\/fr\\\/conseillers\\\/julia-gerland-conseil-fiscal\\\/#primaryimage\"},\"image\":{\"@id\":\"https:\\\/\\\/www.gamapa.de\\\/fr\\\/conseillers\\\/julia-gerland-conseil-fiscal\\\/#primaryimage\"},\"thumbnailUrl\":\"https:\\\/\\\/www.gamapa.de\\\/wp-content\\\/uploads\\\/2021\\\/10\\\/Julia-Gerland_2.jpg\",\"datePublished\":\"2020-08-29T17:10:08+00:00\",\"dateModified\":\"2025-07-10T06:57:42+00:00\",\"breadcrumb\":{\"@id\":\"https:\\\/\\\/www.gamapa.de\\\/fr\\\/conseillers\\\/julia-gerland-conseil-fiscal\\\/#breadcrumb\"},\"inLanguage\":\"fr-FR\",\"potentialAction\":[{\"@type\":\"ReadAction\",\"target\":[\"https:\\\/\\\/www.gamapa.de\\\/fr\\\/conseillers\\\/julia-gerland-conseil-fiscal\\\/\"]}]},{\"@type\":\"ImageObject\",\"inLanguage\":\"fr-FR\",\"@id\":\"https:\\\/\\\/www.gamapa.de\\\/fr\\\/conseillers\\\/julia-gerland-conseil-fiscal\\\/#primaryimage\",\"url\":\"https:\\\/\\\/www.gamapa.de\\\/wp-content\\\/uploads\\\/2021\\\/10\\\/Julia-Gerland_2.jpg\",\"contentUrl\":\"https:\\\/\\\/www.gamapa.de\\\/wp-content\\\/uploads\\\/2021\\\/10\\\/Julia-Gerland_2.jpg\",\"width\":1440,\"height\":859,\"caption\":\"Julia Gerland, Steuerberaterin\"},{\"@type\":\"BreadcrumbList\",\"@id\":\"https:\\\/\\\/www.gamapa.de\\\/fr\\\/conseillers\\\/julia-gerland-conseil-fiscal\\\/#breadcrumb\",\"itemListElement\":[{\"@type\":\"ListItem\",\"position\":1,\"name\":\"Startseite\",\"item\":\"https:\\\/\\\/www.gamapa.de\\\/fr\\\/\"},{\"@type\":\"ListItem\",\"position\":2,\"name\":\"Conseillers\",\"item\":\"https:\\\/\\\/www.gamapa.de\\\/fr\\\/conseillers\\\/\"},{\"@type\":\"ListItem\",\"position\":3,\"name\":\"Julia Gerland\"}]},{\"@type\":\"WebSite\",\"@id\":\"https:\\\/\\\/www.gamapa.de\\\/fr\\\/#website\",\"url\":\"https:\\\/\\\/www.gamapa.de\\\/fr\\\/\",\"name\":\"GANTEF\u00dcHRER\",\"description\":\"Wirtschaftspr\u00fcfer, Steuerberater, Rechtsanw\u00e4lte\",\"publisher\":{\"@id\":\"https:\\\/\\\/www.gamapa.de\\\/fr\\\/#organization\"},\"potentialAction\":[{\"@type\":\"SearchAction\",\"target\":{\"@type\":\"EntryPoint\",\"urlTemplate\":\"https:\\\/\\\/www.gamapa.de\\\/fr\\\/?s={search_term_string}\"},\"query-input\":{\"@type\":\"PropertyValueSpecification\",\"valueRequired\":true,\"valueName\":\"search_term_string\"}}],\"inLanguage\":\"fr-FR\"},{\"@type\":\"Organization\",\"@id\":\"https:\\\/\\\/www.gamapa.de\\\/fr\\\/#organization\",\"name\":\"Gantef\u00fchrer Wirtschaftspr\u00fcfer, Steuerberater, Rechtsanw\u00e4lte\",\"url\":\"https:\\\/\\\/www.gamapa.de\\\/fr\\\/\",\"logo\":{\"@type\":\"ImageObject\",\"inLanguage\":\"fr-FR\",\"@id\":\"https:\\\/\\\/www.gamapa.de\\\/fr\\\/#\\\/schema\\\/logo\\\/image\\\/\",\"url\":\"https:\\\/\\\/www.gamapa.de\\\/wp-content\\\/uploads\\\/2026\\\/01\\\/Logo-Gantefuehrer.png\",\"contentUrl\":\"https:\\\/\\\/www.gamapa.de\\\/wp-content\\\/uploads\\\/2026\\\/01\\\/Logo-Gantefuehrer.png\",\"width\":767,\"height\":156,\"caption\":\"Gantef\u00fchrer Wirtschaftspr\u00fcfer, Steuerberater, Rechtsanw\u00e4lte\"},\"image\":{\"@id\":\"https:\\\/\\\/www.gamapa.de\\\/fr\\\/#\\\/schema\\\/logo\\\/image\\\/\"}}]}<\/script>\n<!-- \/ Yoast SEO plugin. -->","yoast_head_json":{"title":"Julia Gerland - GANTEF\u00dcHRER","robots":{"index":"index","follow":"follow","max-snippet":"max-snippet:-1","max-image-preview":"max-image-preview:large","max-video-preview":"max-video-preview:-1"},"canonical":"https:\/\/www.gamapa.de\/fr\/conseillers\/julia-gerland-conseil-fiscal\/","og_locale":"fr_FR","og_type":"article","og_title":"Julia Gerland - GANTEF\u00dcHRER","og_description":"Domaines de sp\u00e9cialisation Carri\u00e8re professionnelle 1992\u20131997 Universit\u00e9 de G\u00f6ttingen 1998\u20132005 Cabinet Mazars, D\u00fcsseldorf 2002 Obtention du dipl\u00f4me de conseiller fiscal 2005\u20132008 Cong\u00e9 parental d\u2019\u00e9ducation 2009\u2013 2013 Conseill\u00e8re fiscale chez Quadrilog Beratergruppe, Solingen 2013\u20132017 Expatriation familiale (Belgique) 2017 Obtention du \u00ab&nbsp;Certificat en fiscalit\u00e9 europ\u00e9enne et internationale&nbsp;\u00bb, \u00c9cole Sup\u00e9rieure des Sciences Fiscales (ESSF), Bruxelles depuis 2018 Conseill\u00e8re [\u2026]","og_url":"https:\/\/www.gamapa.de\/fr\/conseillers\/julia-gerland-conseil-fiscal\/","og_site_name":"GANTEF\u00dcHRER","article_modified_time":"2025-07-10T06:57:42+00:00","og_image":[{"width":1440,"height":859,"url":"https:\/\/www.gamapa.de\/wp-content\/uploads\/2021\/10\/Julia-Gerland_2.jpg","type":"image\/jpeg"}],"twitter_card":"summary_large_image","twitter_misc":{"Dur\u00e9e de lecture estim\u00e9e":"1 minute"},"schema":{"@context":"https:\/\/schema.org","@graph":[{"@type":"WebPage","@id":"https:\/\/www.gamapa.de\/fr\/conseillers\/julia-gerland-conseil-fiscal\/","url":"https:\/\/www.gamapa.de\/fr\/conseillers\/julia-gerland-conseil-fiscal\/","name":"Julia Gerland - GANTEF\u00dcHRER","isPartOf":{"@id":"https:\/\/www.gamapa.de\/fr\/#website"},"primaryImageOfPage":{"@id":"https:\/\/www.gamapa.de\/fr\/conseillers\/julia-gerland-conseil-fiscal\/#primaryimage"},"image":{"@id":"https:\/\/www.gamapa.de\/fr\/conseillers\/julia-gerland-conseil-fiscal\/#primaryimage"},"thumbnailUrl":"https:\/\/www.gamapa.de\/wp-content\/uploads\/2021\/10\/Julia-Gerland_2.jpg","datePublished":"2020-08-29T17:10:08+00:00","dateModified":"2025-07-10T06:57:42+00:00","breadcrumb":{"@id":"https:\/\/www.gamapa.de\/fr\/conseillers\/julia-gerland-conseil-fiscal\/#breadcrumb"},"inLanguage":"fr-FR","potentialAction":[{"@type":"ReadAction","target":["https:\/\/www.gamapa.de\/fr\/conseillers\/julia-gerland-conseil-fiscal\/"]}]},{"@type":"ImageObject","inLanguage":"fr-FR","@id":"https:\/\/www.gamapa.de\/fr\/conseillers\/julia-gerland-conseil-fiscal\/#primaryimage","url":"https:\/\/www.gamapa.de\/wp-content\/uploads\/2021\/10\/Julia-Gerland_2.jpg","contentUrl":"https:\/\/www.gamapa.de\/wp-content\/uploads\/2021\/10\/Julia-Gerland_2.jpg","width":1440,"height":859,"caption":"Julia Gerland, Steuerberaterin"},{"@type":"BreadcrumbList","@id":"https:\/\/www.gamapa.de\/fr\/conseillers\/julia-gerland-conseil-fiscal\/#breadcrumb","itemListElement":[{"@type":"ListItem","position":1,"name":"Startseite","item":"https:\/\/www.gamapa.de\/fr\/"},{"@type":"ListItem","position":2,"name":"Conseillers","item":"https:\/\/www.gamapa.de\/fr\/conseillers\/"},{"@type":"ListItem","position":3,"name":"Julia Gerland"}]},{"@type":"WebSite","@id":"https:\/\/www.gamapa.de\/fr\/#website","url":"https:\/\/www.gamapa.de\/fr\/","name":"GANTEF\u00dcHRER","description":"Wirtschaftspr\u00fcfer, Steuerberater, Rechtsanw\u00e4lte","publisher":{"@id":"https:\/\/www.gamapa.de\/fr\/#organization"},"potentialAction":[{"@type":"SearchAction","target":{"@type":"EntryPoint","urlTemplate":"https:\/\/www.gamapa.de\/fr\/?s={search_term_string}"},"query-input":{"@type":"PropertyValueSpecification","valueRequired":true,"valueName":"search_term_string"}}],"inLanguage":"fr-FR"},{"@type":"Organization","@id":"https:\/\/www.gamapa.de\/fr\/#organization","name":"Gantef\u00fchrer Wirtschaftspr\u00fcfer, Steuerberater, Rechtsanw\u00e4lte","url":"https:\/\/www.gamapa.de\/fr\/","logo":{"@type":"ImageObject","inLanguage":"fr-FR","@id":"https:\/\/www.gamapa.de\/fr\/#\/schema\/logo\/image\/","url":"https:\/\/www.gamapa.de\/wp-content\/uploads\/2026\/01\/Logo-Gantefuehrer.png","contentUrl":"https:\/\/www.gamapa.de\/wp-content\/uploads\/2026\/01\/Logo-Gantefuehrer.png","width":767,"height":156,"caption":"Gantef\u00fchrer Wirtschaftspr\u00fcfer, Steuerberater, Rechtsanw\u00e4lte"},"image":{"@id":"https:\/\/www.gamapa.de\/fr\/#\/schema\/logo\/image\/"}}]}},"uagb_featured_image_src":{"full":["https:\/\/www.gamapa.de\/wp-content\/uploads\/2021\/10\/Julia-Gerland_2.jpg",1440,859,false],"thumbnail":["https:\/\/www.gamapa.de\/wp-content\/uploads\/2021\/10\/Julia-Gerland_2-150x150.jpg",150,150,true],"medium":["https:\/\/www.gamapa.de\/wp-content\/uploads\/2021\/10\/Julia-Gerland_2-600x358.jpg",600,358,true],"medium_large":["https:\/\/www.gamapa.de\/wp-content\/uploads\/2021\/10\/Julia-Gerland_2-768x458.jpg",580,346,true],"large":["https:\/\/www.gamapa.de\/wp-content\/uploads\/2021\/10\/Julia-Gerland_2.jpg",580,346,false],"gs-tiny":["https:\/\/www.gamapa.de\/wp-content\/uploads\/2021\/10\/Julia-Gerland_2.jpg",50,30,false],"xl":["https:\/\/www.gamapa.de\/wp-content\/uploads\/2021\/10\/Julia-Gerland_2.jpg",1440,859,false],"xxl":["https:\/\/www.gamapa.de\/wp-content\/uploads\/2021\/10\/Julia-Gerland_2.jpg",1440,859,false],"xxxl":["https:\/\/www.gamapa.de\/wp-content\/uploads\/2021\/10\/Julia-Gerland_2.jpg",1440,859,false],"xxxxl":["https:\/\/www.gamapa.de\/wp-content\/uploads\/2021\/10\/Julia-Gerland_2.jpg",1440,859,false],"xxxxxl":["https:\/\/www.gamapa.de\/wp-content\/uploads\/2021\/10\/Julia-Gerland_2.jpg",1440,859,false],"1536x1536":["https:\/\/www.gamapa.de\/wp-content\/uploads\/2021\/10\/Julia-Gerland_2.jpg",1440,859,false],"2048x2048":["https:\/\/www.gamapa.de\/wp-content\/uploads\/2021\/10\/Julia-Gerland_2.jpg",1440,859,false],"post-thumbnail":["https:\/\/www.gamapa.de\/wp-content\/uploads\/2021\/10\/Julia-Gerland_2.jpg",1440,859,false],"twentytwenty-fullscreen":["https:\/\/www.gamapa.de\/wp-content\/uploads\/2021\/10\/Julia-Gerland_2.jpg",1440,859,false],"theme-slug-single-post":["https:\/\/www.gamapa.de\/wp-content\/uploads\/2021\/10\/Julia-Gerland_2-1440x400.jpg",1440,400,true]},"uagb_author_info":{"display_name":"linda","author_link":"https:\/\/www.gamapa.de\/fr\/author\/linda\/"},"uagb_comment_info":0,"uagb_excerpt":"Domaines de sp\u00e9cialisation Carri\u00e8re professionnelle 1992\u20131997 Universit\u00e9 de G\u00f6ttingen 1998\u20132005 Cabinet Mazars, D\u00fcsseldorf 2002 Obtention du dipl\u00f4me de conseiller fiscal 2005\u20132008 Cong\u00e9 parental d\u2019\u00e9ducation 2009\u2013 2013 Conseill\u00e8re fiscale chez Quadrilog Beratergruppe, Solingen 2013\u20132017 Expatriation familiale (Belgique) 2017 Obtention du \u00ab&nbsp;Certificat en fiscalit\u00e9 europ\u00e9enne et internationale&nbsp;\u00bb, \u00c9cole Sup\u00e9rieure des Sciences Fiscales (ESSF), Bruxelles depuis 2018 Conseill\u00e8re\u2026","_links":{"self":[{"href":"https:\/\/www.gamapa.de\/fr\/wp-json\/wp\/v2\/pages\/4653","targetHints":{"allow":["GET"]}}],"collection":[{"href":"https:\/\/www.gamapa.de\/fr\/wp-json\/wp\/v2\/pages"}],"about":[{"href":"https:\/\/www.gamapa.de\/fr\/wp-json\/wp\/v2\/types\/page"}],"author":[{"embeddable":true,"href":"https:\/\/www.gamapa.de\/fr\/wp-json\/wp\/v2\/users\/1"}],"replies":[{"embeddable":true,"href":"https:\/\/www.gamapa.de\/fr\/wp-json\/wp\/v2\/comments?post=4653"}],"version-history":[{"count":11,"href":"https:\/\/www.gamapa.de\/fr\/wp-json\/wp\/v2\/pages\/4653\/revisions"}],"predecessor-version":[{"id":20462,"href":"https:\/\/www.gamapa.de\/fr\/wp-json\/wp\/v2\/pages\/4653\/revisions\/20462"}],"up":[{"embeddable":true,"href":"https:\/\/www.gamapa.de\/fr\/wp-json\/wp\/v2\/pages\/4584"}],"wp:featuredmedia":[{"embeddable":true,"href":"https:\/\/www.gamapa.de\/fr\/wp-json\/wp\/v2\/media\/9499"}],"wp:attachment":[{"href":"https:\/\/www.gamapa.de\/fr\/wp-json\/wp\/v2\/media?parent=4653"}],"curies":[{"name":"wp","href":"https:\/\/api.w.org\/{rel}","templated":true}]}}