

{"id":4702,"date":"2020-08-29T19:58:46","date_gmt":"2020-08-29T17:58:46","guid":{"rendered":"https:\/\/www.gamapa.de\/oliver-lambrecht-dipl-kfm-steuerberater\/"},"modified":"2025-11-06T11:54:37","modified_gmt":"2025-11-06T10:54:37","slug":"oliver-lambrecht-dipl-kfm-conseiller-fiscal","status":"publish","type":"page","link":"https:\/\/www.gamapa.de\/fr\/conseillers\/oliver-lambrecht-dipl-kfm-conseiller-fiscal\/","title":{"rendered":"Oliver Lambrecht"},"content":{"rendered":"\n<h3 class=\"wp-block-heading\">Domaines de sp\u00e9cialisation<\/h3>\n\n\n\n<ul class=\"wp-block-list\">\n<li>Etablissement des comptes sociaux annuels<\/li>\n\n\n\n<li>Fiscalit\u00e9 des entreprises<\/li>\n\n\n\n<li>Fiscalit\u00e9 des personnes physiques<\/li>\n\n\n\n<li>Assistance dans le cadre des contr\u00f4les fiscaux<\/li>\n<\/ul>\n\n\n\n<h3 class=\"wp-block-heading\">Carri\u00e8re professionnelle<\/h3>\n\n\n\n<figure class=\"wp-block-table tablist\"><table><tbody><tr><td>2002-2009<\/td><td>Universit\u00e9 de Bonn, de D\u00fcsseldorf et de Cologne<\/td><\/tr><tr><td>2009-2014<\/td><td>Assistant fiscal chez Dr. Gantef\u00fchrer, Marquardt &amp; Partner<\/td><\/tr><tr><td>2014<\/td><td>Obtention du dipl\u00f4me de conseiller fiscal<\/td><\/tr><tr><td>depuis 2014<\/td><td>Conseiller fiscal chez Dr. Gantef\u00fchrer, Marquardt &amp; Partner<\/td><\/tr><tr><td>2020<\/td><td>Obtention du dipl\u00f4me de conseiller sp\u00e9cialis\u00e9 dans le secteur de la sant\u00e9 (DStV e.V)<\/td><\/tr><\/tbody><\/table><\/figure>\n\n\n\n<h3 class=\"wp-block-heading\">Secteurs<\/h3>\n\n\n\n<ul class=\"wp-block-list\">\n<li>Soci\u00e9t\u00e9s de services et soci\u00e9t\u00e9s commerciales<\/li>\n\n\n\n<li>Clients priv\u00e9s fortun\u00e9s<\/li>\n\n\n\n<li>Institutions artistiques et culturelles<\/li>\n<\/ul>\n\n\n\n\n\n<div class=\"wp-block-button zurueck\"><a class=\"wp-block-button__link wp-element-button\" href=\"https:\/\/www.gamapa.de\/fr\/conseillers\/\">retour<\/a><\/div>\n\n\n\n<p><\/p>\n","protected":false},"excerpt":{"rendered":"<p>Domaines de sp\u00e9cialisation Carri\u00e8re professionnelle 2002-2009 Universit\u00e9 de Bonn, de D\u00fcsseldorf et de Cologne 2009-2014 Assistant fiscal chez Dr. Gantef\u00fchrer, Marquardt &amp; Partner 2014 Obtention du dipl\u00f4me de conseiller fiscal depuis 2014 Conseiller fiscal chez Dr. Gantef\u00fchrer, Marquardt &amp; Partner 2020 Obtention du dipl\u00f4me de conseiller sp\u00e9cialis\u00e9 dans le secteur de la sant\u00e9 (DStV e.V) <a href=\"https:\/\/www.gamapa.de\/fr\/conseillers\/oliver-lambrecht-dipl-kfm-conseiller-fiscal\/\">[\u2026]<\/a><\/p>\n","protected":false},"author":1,"featured_media":9509,"parent":4584,"menu_order":51,"comment_status":"closed","ping_status":"closed","template":"templates\/template-Profil.php","meta":{"_acf_changed":false,"_uag_custom_page_level_css":"","footnotes":""},"class_list":["post-4702","page","type-page","status-publish","has-post-thumbnail","hentry"],"acf":[],"yoast_head":"<!-- This site is optimized with the Yoast SEO plugin v27.3 - https:\/\/yoast.com\/product\/yoast-seo-wordpress\/ -->\n<title>Oliver Lambrecht - GANTEF\u00dcHRER<\/title>\n<meta name=\"robots\" content=\"index, follow, max-snippet:-1, max-image-preview:large, max-video-preview:-1\" \/>\n<link rel=\"canonical\" href=\"https:\/\/www.gamapa.de\/fr\/conseillers\/oliver-lambrecht-dipl-kfm-conseiller-fiscal\/\" \/>\n<meta property=\"og:locale\" content=\"fr_FR\" \/>\n<meta property=\"og:type\" content=\"article\" \/>\n<meta property=\"og:title\" content=\"Oliver Lambrecht - GANTEF\u00dcHRER\" \/>\n<meta property=\"og:description\" content=\"Domaines de sp\u00e9cialisation Carri\u00e8re professionnelle 2002-2009 Universit\u00e9 de Bonn, de D\u00fcsseldorf et de Cologne 2009-2014 Assistant fiscal chez Dr. Gantef\u00fchrer, Marquardt &amp; Partner 2014 Obtention du dipl\u00f4me de conseiller fiscal depuis 2014 Conseiller fiscal chez Dr. Gantef\u00fchrer, Marquardt &amp; Partner 2020 Obtention du dipl\u00f4me de conseiller sp\u00e9cialis\u00e9 dans le secteur de la sant\u00e9 (DStV e.V) [\u2026]\" \/>\n<meta property=\"og:url\" content=\"https:\/\/www.gamapa.de\/fr\/conseillers\/oliver-lambrecht-dipl-kfm-conseiller-fiscal\/\" \/>\n<meta property=\"og:site_name\" content=\"GANTEF\u00dcHRER\" \/>\n<meta property=\"article:modified_time\" content=\"2025-11-06T10:54:37+00:00\" \/>\n<meta property=\"og:image\" content=\"https:\/\/www.gamapa.de\/wp-content\/uploads\/2021\/10\/Oliver-Lambrecht_2.jpg\" \/>\n\t<meta property=\"og:image:width\" content=\"1440\" \/>\n\t<meta property=\"og:image:height\" content=\"859\" \/>\n\t<meta property=\"og:image:type\" content=\"image\/jpeg\" \/>\n<meta name=\"twitter:card\" content=\"summary_large_image\" \/>\n<meta name=\"twitter:label1\" content=\"Dur\u00e9e de lecture estim\u00e9e\" \/>\n\t<meta name=\"twitter:data1\" content=\"1 minute\" \/>\n<script type=\"application\/ld+json\" class=\"yoast-schema-graph\">{\"@context\":\"https:\\\/\\\/schema.org\",\"@graph\":[{\"@type\":\"WebPage\",\"@id\":\"https:\\\/\\\/www.gamapa.de\\\/fr\\\/conseillers\\\/oliver-lambrecht-dipl-kfm-conseiller-fiscal\\\/\",\"url\":\"https:\\\/\\\/www.gamapa.de\\\/fr\\\/conseillers\\\/oliver-lambrecht-dipl-kfm-conseiller-fiscal\\\/\",\"name\":\"Oliver Lambrecht - GANTEF\u00dcHRER\",\"isPartOf\":{\"@id\":\"https:\\\/\\\/www.gamapa.de\\\/fr\\\/#website\"},\"primaryImageOfPage\":{\"@id\":\"https:\\\/\\\/www.gamapa.de\\\/fr\\\/conseillers\\\/oliver-lambrecht-dipl-kfm-conseiller-fiscal\\\/#primaryimage\"},\"image\":{\"@id\":\"https:\\\/\\\/www.gamapa.de\\\/fr\\\/conseillers\\\/oliver-lambrecht-dipl-kfm-conseiller-fiscal\\\/#primaryimage\"},\"thumbnailUrl\":\"https:\\\/\\\/www.gamapa.de\\\/wp-content\\\/uploads\\\/2021\\\/10\\\/Oliver-Lambrecht_2.jpg\",\"datePublished\":\"2020-08-29T17:58:46+00:00\",\"dateModified\":\"2025-11-06T10:54:37+00:00\",\"breadcrumb\":{\"@id\":\"https:\\\/\\\/www.gamapa.de\\\/fr\\\/conseillers\\\/oliver-lambrecht-dipl-kfm-conseiller-fiscal\\\/#breadcrumb\"},\"inLanguage\":\"fr-FR\",\"potentialAction\":[{\"@type\":\"ReadAction\",\"target\":[\"https:\\\/\\\/www.gamapa.de\\\/fr\\\/conseillers\\\/oliver-lambrecht-dipl-kfm-conseiller-fiscal\\\/\"]}]},{\"@type\":\"ImageObject\",\"inLanguage\":\"fr-FR\",\"@id\":\"https:\\\/\\\/www.gamapa.de\\\/fr\\\/conseillers\\\/oliver-lambrecht-dipl-kfm-conseiller-fiscal\\\/#primaryimage\",\"url\":\"https:\\\/\\\/www.gamapa.de\\\/wp-content\\\/uploads\\\/2021\\\/10\\\/Oliver-Lambrecht_2.jpg\",\"contentUrl\":\"https:\\\/\\\/www.gamapa.de\\\/wp-content\\\/uploads\\\/2021\\\/10\\\/Oliver-Lambrecht_2.jpg\",\"width\":1440,\"height\":859,\"caption\":\"Oliver Lambrecht, Dipl. Kfm., Steuerberater, Fachberater f\u00fcr das Gesundheitswesen (DStV e.V.)\"},{\"@type\":\"BreadcrumbList\",\"@id\":\"https:\\\/\\\/www.gamapa.de\\\/fr\\\/conseillers\\\/oliver-lambrecht-dipl-kfm-conseiller-fiscal\\\/#breadcrumb\",\"itemListElement\":[{\"@type\":\"ListItem\",\"position\":1,\"name\":\"Startseite\",\"item\":\"https:\\\/\\\/www.gamapa.de\\\/fr\\\/\"},{\"@type\":\"ListItem\",\"position\":2,\"name\":\"Conseillers\",\"item\":\"https:\\\/\\\/www.gamapa.de\\\/fr\\\/conseillers\\\/\"},{\"@type\":\"ListItem\",\"position\":3,\"name\":\"Oliver Lambrecht\"}]},{\"@type\":\"WebSite\",\"@id\":\"https:\\\/\\\/www.gamapa.de\\\/fr\\\/#website\",\"url\":\"https:\\\/\\\/www.gamapa.de\\\/fr\\\/\",\"name\":\"GANTEF\u00dcHRER\",\"description\":\"Wirtschaftspr\u00fcfer, Steuerberater, Rechtsanw\u00e4lte\",\"publisher\":{\"@id\":\"https:\\\/\\\/www.gamapa.de\\\/fr\\\/#organization\"},\"potentialAction\":[{\"@type\":\"SearchAction\",\"target\":{\"@type\":\"EntryPoint\",\"urlTemplate\":\"https:\\\/\\\/www.gamapa.de\\\/fr\\\/?s={search_term_string}\"},\"query-input\":{\"@type\":\"PropertyValueSpecification\",\"valueRequired\":true,\"valueName\":\"search_term_string\"}}],\"inLanguage\":\"fr-FR\"},{\"@type\":\"Organization\",\"@id\":\"https:\\\/\\\/www.gamapa.de\\\/fr\\\/#organization\",\"name\":\"Gantef\u00fchrer Wirtschaftspr\u00fcfer, Steuerberater, Rechtsanw\u00e4lte\",\"url\":\"https:\\\/\\\/www.gamapa.de\\\/fr\\\/\",\"logo\":{\"@type\":\"ImageObject\",\"inLanguage\":\"fr-FR\",\"@id\":\"https:\\\/\\\/www.gamapa.de\\\/fr\\\/#\\\/schema\\\/logo\\\/image\\\/\",\"url\":\"https:\\\/\\\/www.gamapa.de\\\/wp-content\\\/uploads\\\/2026\\\/01\\\/Logo-Gantefuehrer.png\",\"contentUrl\":\"https:\\\/\\\/www.gamapa.de\\\/wp-content\\\/uploads\\\/2026\\\/01\\\/Logo-Gantefuehrer.png\",\"width\":767,\"height\":156,\"caption\":\"Gantef\u00fchrer Wirtschaftspr\u00fcfer, Steuerberater, Rechtsanw\u00e4lte\"},\"image\":{\"@id\":\"https:\\\/\\\/www.gamapa.de\\\/fr\\\/#\\\/schema\\\/logo\\\/image\\\/\"}}]}<\/script>\n<!-- \/ Yoast SEO plugin. -->","yoast_head_json":{"title":"Oliver Lambrecht - GANTEF\u00dcHRER","robots":{"index":"index","follow":"follow","max-snippet":"max-snippet:-1","max-image-preview":"max-image-preview:large","max-video-preview":"max-video-preview:-1"},"canonical":"https:\/\/www.gamapa.de\/fr\/conseillers\/oliver-lambrecht-dipl-kfm-conseiller-fiscal\/","og_locale":"fr_FR","og_type":"article","og_title":"Oliver Lambrecht - GANTEF\u00dcHRER","og_description":"Domaines de sp\u00e9cialisation Carri\u00e8re professionnelle 2002-2009 Universit\u00e9 de Bonn, de D\u00fcsseldorf et de Cologne 2009-2014 Assistant fiscal chez Dr. Gantef\u00fchrer, Marquardt &amp; Partner 2014 Obtention du dipl\u00f4me de conseiller fiscal depuis 2014 Conseiller fiscal chez Dr. Gantef\u00fchrer, Marquardt &amp; Partner 2020 Obtention du dipl\u00f4me de conseiller sp\u00e9cialis\u00e9 dans le secteur de la sant\u00e9 (DStV e.V) [\u2026]","og_url":"https:\/\/www.gamapa.de\/fr\/conseillers\/oliver-lambrecht-dipl-kfm-conseiller-fiscal\/","og_site_name":"GANTEF\u00dcHRER","article_modified_time":"2025-11-06T10:54:37+00:00","og_image":[{"width":1440,"height":859,"url":"https:\/\/www.gamapa.de\/wp-content\/uploads\/2021\/10\/Oliver-Lambrecht_2.jpg","type":"image\/jpeg"}],"twitter_card":"summary_large_image","twitter_misc":{"Dur\u00e9e de lecture estim\u00e9e":"1 minute"},"schema":{"@context":"https:\/\/schema.org","@graph":[{"@type":"WebPage","@id":"https:\/\/www.gamapa.de\/fr\/conseillers\/oliver-lambrecht-dipl-kfm-conseiller-fiscal\/","url":"https:\/\/www.gamapa.de\/fr\/conseillers\/oliver-lambrecht-dipl-kfm-conseiller-fiscal\/","name":"Oliver Lambrecht - GANTEF\u00dcHRER","isPartOf":{"@id":"https:\/\/www.gamapa.de\/fr\/#website"},"primaryImageOfPage":{"@id":"https:\/\/www.gamapa.de\/fr\/conseillers\/oliver-lambrecht-dipl-kfm-conseiller-fiscal\/#primaryimage"},"image":{"@id":"https:\/\/www.gamapa.de\/fr\/conseillers\/oliver-lambrecht-dipl-kfm-conseiller-fiscal\/#primaryimage"},"thumbnailUrl":"https:\/\/www.gamapa.de\/wp-content\/uploads\/2021\/10\/Oliver-Lambrecht_2.jpg","datePublished":"2020-08-29T17:58:46+00:00","dateModified":"2025-11-06T10:54:37+00:00","breadcrumb":{"@id":"https:\/\/www.gamapa.de\/fr\/conseillers\/oliver-lambrecht-dipl-kfm-conseiller-fiscal\/#breadcrumb"},"inLanguage":"fr-FR","potentialAction":[{"@type":"ReadAction","target":["https:\/\/www.gamapa.de\/fr\/conseillers\/oliver-lambrecht-dipl-kfm-conseiller-fiscal\/"]}]},{"@type":"ImageObject","inLanguage":"fr-FR","@id":"https:\/\/www.gamapa.de\/fr\/conseillers\/oliver-lambrecht-dipl-kfm-conseiller-fiscal\/#primaryimage","url":"https:\/\/www.gamapa.de\/wp-content\/uploads\/2021\/10\/Oliver-Lambrecht_2.jpg","contentUrl":"https:\/\/www.gamapa.de\/wp-content\/uploads\/2021\/10\/Oliver-Lambrecht_2.jpg","width":1440,"height":859,"caption":"Oliver Lambrecht, Dipl. Kfm., Steuerberater, Fachberater f\u00fcr das Gesundheitswesen (DStV e.V.)"},{"@type":"BreadcrumbList","@id":"https:\/\/www.gamapa.de\/fr\/conseillers\/oliver-lambrecht-dipl-kfm-conseiller-fiscal\/#breadcrumb","itemListElement":[{"@type":"ListItem","position":1,"name":"Startseite","item":"https:\/\/www.gamapa.de\/fr\/"},{"@type":"ListItem","position":2,"name":"Conseillers","item":"https:\/\/www.gamapa.de\/fr\/conseillers\/"},{"@type":"ListItem","position":3,"name":"Oliver Lambrecht"}]},{"@type":"WebSite","@id":"https:\/\/www.gamapa.de\/fr\/#website","url":"https:\/\/www.gamapa.de\/fr\/","name":"GANTEF\u00dcHRER","description":"Wirtschaftspr\u00fcfer, Steuerberater, Rechtsanw\u00e4lte","publisher":{"@id":"https:\/\/www.gamapa.de\/fr\/#organization"},"potentialAction":[{"@type":"SearchAction","target":{"@type":"EntryPoint","urlTemplate":"https:\/\/www.gamapa.de\/fr\/?s={search_term_string}"},"query-input":{"@type":"PropertyValueSpecification","valueRequired":true,"valueName":"search_term_string"}}],"inLanguage":"fr-FR"},{"@type":"Organization","@id":"https:\/\/www.gamapa.de\/fr\/#organization","name":"Gantef\u00fchrer Wirtschaftspr\u00fcfer, Steuerberater, Rechtsanw\u00e4lte","url":"https:\/\/www.gamapa.de\/fr\/","logo":{"@type":"ImageObject","inLanguage":"fr-FR","@id":"https:\/\/www.gamapa.de\/fr\/#\/schema\/logo\/image\/","url":"https:\/\/www.gamapa.de\/wp-content\/uploads\/2026\/01\/Logo-Gantefuehrer.png","contentUrl":"https:\/\/www.gamapa.de\/wp-content\/uploads\/2026\/01\/Logo-Gantefuehrer.png","width":767,"height":156,"caption":"Gantef\u00fchrer Wirtschaftspr\u00fcfer, Steuerberater, Rechtsanw\u00e4lte"},"image":{"@id":"https:\/\/www.gamapa.de\/fr\/#\/schema\/logo\/image\/"}}]}},"uagb_featured_image_src":{"full":["https:\/\/www.gamapa.de\/wp-content\/uploads\/2021\/10\/Oliver-Lambrecht_2.jpg",1440,859,false],"thumbnail":["https:\/\/www.gamapa.de\/wp-content\/uploads\/2021\/10\/Oliver-Lambrecht_2-150x150.jpg",150,150,true],"medium":["https:\/\/www.gamapa.de\/wp-content\/uploads\/2021\/10\/Oliver-Lambrecht_2-600x358.jpg",600,358,true],"medium_large":["https:\/\/www.gamapa.de\/wp-content\/uploads\/2021\/10\/Oliver-Lambrecht_2-768x458.jpg",580,346,true],"large":["https:\/\/www.gamapa.de\/wp-content\/uploads\/2021\/10\/Oliver-Lambrecht_2.jpg",580,346,false],"gs-tiny":["https:\/\/www.gamapa.de\/wp-content\/uploads\/2021\/10\/Oliver-Lambrecht_2.jpg",50,30,false],"xl":["https:\/\/www.gamapa.de\/wp-content\/uploads\/2021\/10\/Oliver-Lambrecht_2.jpg",1440,859,false],"xxl":["https:\/\/www.gamapa.de\/wp-content\/uploads\/2021\/10\/Oliver-Lambrecht_2.jpg",1440,859,false],"xxxl":["https:\/\/www.gamapa.de\/wp-content\/uploads\/2021\/10\/Oliver-Lambrecht_2.jpg",1440,859,false],"xxxxl":["https:\/\/www.gamapa.de\/wp-content\/uploads\/2021\/10\/Oliver-Lambrecht_2.jpg",1440,859,false],"xxxxxl":["https:\/\/www.gamapa.de\/wp-content\/uploads\/2021\/10\/Oliver-Lambrecht_2.jpg",1440,859,false],"1536x1536":["https:\/\/www.gamapa.de\/wp-content\/uploads\/2021\/10\/Oliver-Lambrecht_2.jpg",1440,859,false],"2048x2048":["https:\/\/www.gamapa.de\/wp-content\/uploads\/2021\/10\/Oliver-Lambrecht_2.jpg",1440,859,false],"post-thumbnail":["https:\/\/www.gamapa.de\/wp-content\/uploads\/2021\/10\/Oliver-Lambrecht_2.jpg",1440,859,false],"twentytwenty-fullscreen":["https:\/\/www.gamapa.de\/wp-content\/uploads\/2021\/10\/Oliver-Lambrecht_2.jpg",1440,859,false],"theme-slug-single-post":["https:\/\/www.gamapa.de\/wp-content\/uploads\/2021\/10\/Oliver-Lambrecht_2-1440x400.jpg",1440,400,true]},"uagb_author_info":{"display_name":"linda","author_link":"https:\/\/www.gamapa.de\/fr\/author\/linda\/"},"uagb_comment_info":0,"uagb_excerpt":"Domaines de sp\u00e9cialisation Carri\u00e8re professionnelle 2002-2009 Universit\u00e9 de Bonn, de D\u00fcsseldorf et de Cologne 2009-2014 Assistant fiscal chez Dr. Gantef\u00fchrer, Marquardt &amp; Partner 2014 Obtention du dipl\u00f4me de conseiller fiscal depuis 2014 Conseiller fiscal chez Dr. Gantef\u00fchrer, Marquardt &amp; Partner 2020 Obtention du dipl\u00f4me de conseiller sp\u00e9cialis\u00e9 dans le secteur de la sant\u00e9 (DStV e.V)\u2026","_links":{"self":[{"href":"https:\/\/www.gamapa.de\/fr\/wp-json\/wp\/v2\/pages\/4702","targetHints":{"allow":["GET"]}}],"collection":[{"href":"https:\/\/www.gamapa.de\/fr\/wp-json\/wp\/v2\/pages"}],"about":[{"href":"https:\/\/www.gamapa.de\/fr\/wp-json\/wp\/v2\/types\/page"}],"author":[{"embeddable":true,"href":"https:\/\/www.gamapa.de\/fr\/wp-json\/wp\/v2\/users\/1"}],"replies":[{"embeddable":true,"href":"https:\/\/www.gamapa.de\/fr\/wp-json\/wp\/v2\/comments?post=4702"}],"version-history":[{"count":8,"href":"https:\/\/www.gamapa.de\/fr\/wp-json\/wp\/v2\/pages\/4702\/revisions"}],"predecessor-version":[{"id":22278,"href":"https:\/\/www.gamapa.de\/fr\/wp-json\/wp\/v2\/pages\/4702\/revisions\/22278"}],"up":[{"embeddable":true,"href":"https:\/\/www.gamapa.de\/fr\/wp-json\/wp\/v2\/pages\/4584"}],"wp:featuredmedia":[{"embeddable":true,"href":"https:\/\/www.gamapa.de\/fr\/wp-json\/wp\/v2\/media\/9509"}],"wp:attachment":[{"href":"https:\/\/www.gamapa.de\/fr\/wp-json\/wp\/v2\/media?parent=4702"}],"curies":[{"name":"wp","href":"https:\/\/api.w.org\/{rel}","templated":true}]}}