

{"id":4728,"date":"2020-08-29T20:25:03","date_gmt":"2020-08-29T18:25:03","guid":{"rendered":"https:\/\/www.gamapa.de\/sabrina-steffan-ll-b-steuerberaterin\/"},"modified":"2025-11-07T14:26:37","modified_gmt":"2025-11-07T13:26:37","slug":"sabrina-steffan-ll-m-conseillere-fiscale","status":"publish","type":"page","link":"https:\/\/www.gamapa.de\/fr\/conseillers\/sabrina-steffan-ll-m-conseillere-fiscale\/","title":{"rendered":"Sabrina Steffan, LL.M."},"content":{"rendered":"\n<h3 class=\"wp-block-heading\">Domaines de sp\u00e9cialisation<\/h3>\n\n\n\n<ul class=\"wp-block-list\">\n<li>Conseil interdisciplinaire pour les moyennes entreprises<\/li>\n\n\n\n<li>Conseils en restructuration fiscale<\/li>\n\n\n\n<li>Conseil en succession<\/li>\n\n\n\n<li>Droit de la TVA nationale et internationale<\/li>\n\n\n\n<li>Droit douanier<\/li>\n<\/ul>\n\n\n\n<h3 class=\"wp-block-heading\">Carri\u00e8re professionnelle<\/h3>\n\n\n\n<figure class=\"wp-block-table tablist\"><table><tbody><tr><td>2002-2005 <\/td><td>Formation professionnelle au poste d\u2019assistante de conseiller fiscal dans un cabinet fiscal de taille moyenne<\/td><\/tr><tr><td>2006-2009<\/td><td>Fiscaliste en entreprise<\/td><\/tr><tr><td>2010<\/td><td>Formation de comptable agr\u00e9\u00e9 \u00e0 la Chambre de Commerce et d\u2019Industrie<\/td><\/tr><tr><td>2016<\/td><td>LL.B. \u2013 \u00e9tudes \u00e0 la Hochschule Niederrhein<\/td><\/tr><tr><td>2011 \u00e0 2018<\/td><td>Assistante juridique LL.B. et fiscale dans un cabinet des conseillers fiscaux de taille moyenne<\/td><\/tr><tr><td>2019<\/td><td>Obtention du dipl\u00f4me de conseiller fiscal<\/td><\/tr><tr><td>depuis 2019<\/td><td>Conseill\u00e8re fiscale chez Dr. Gantef\u00fchrer, Marquardt &amp; Partner<\/td><\/tr><tr><td>2021-2023<\/td><td>Formation continue \u00e0 la jurgrad gGmbH, Westf\u00e4lische Wilhelms Universit\u00e4t M\u00fcnster LL.M.<br>Droit des successions et des successions d\u2019entreprise<\/td><\/tr><tr><td>2023<\/td><td>Conseill\u00e8re en gestion de succession (DStV e.V.)<\/td><\/tr><\/tbody><\/table><\/figure>\n\n\n\n<h3 class=\"wp-block-heading\">Secteurs<\/h3>\n\n\n\n<ul class=\"wp-block-list\">\n<li>Entreprises moyennes de divers secteurs<\/li>\n\n\n\n<li>Fondations<\/li>\n\n\n\n<li>Entreprises familiales<\/li>\n\n\n\n<li>Start-ups<\/li>\n\n\n\n<li>Clients priv\u00e9s fortun\u00e9s<\/li>\n<\/ul>\n\n\n\n<h3 class=\"wp-block-heading\">Publications<\/h3>\n\n\n\n<ul class=\"wp-block-list\">\n<li>\u00ab\u00a0Qualit\u00e9 d&rsquo;entrepreneur des membres du conseil de surveillance\u00a0\u00bb, ZStV, 2021<\/li>\n\n\n\n<li>\u00ab\u00a0Une nouvelle loi encourage l&rsquo;actionnariat salari\u00e9 dans les start-ups\u00a0\u00bb, NWB Betriebswirtschaftliche Beratung, D\u00e9cembre 2021 <\/li>\n<\/ul>\n\n\n\n<h3 class=\"wp-block-heading\">Appartenance<\/h3>\n\n\n\n<ul class=\"wp-block-list\">\n<li>Private Wealth Management Alumni e.V.<\/li>\n<\/ul>\n\n\n\n\n\n<div class=\"wp-block-button zurueck\"><a class=\"wp-block-button__link wp-element-button\" href=\"https:\/\/www.gamapa.de\/fr\/conseillers\/\">retour<\/a><\/div>\n\n\n\n<p><\/p>\n","protected":false},"excerpt":{"rendered":"<p>Domaines de sp\u00e9cialisation Carri\u00e8re professionnelle 2002-2005 Formation professionnelle au poste d\u2019assistante de conseiller fiscal dans un cabinet fiscal de taille moyenne 2006-2009 Fiscaliste en entreprise 2010 Formation de comptable agr\u00e9\u00e9 \u00e0 la Chambre de Commerce et d\u2019Industrie 2016 LL.B. \u2013 \u00e9tudes \u00e0 la Hochschule Niederrhein 2011 \u00e0 2018 Assistante juridique LL.B. et fiscale dans un <a href=\"https:\/\/www.gamapa.de\/fr\/conseillers\/sabrina-steffan-ll-m-conseillere-fiscale\/\">[\u2026]<\/a><\/p>\n","protected":false},"author":1,"featured_media":12281,"parent":4584,"menu_order":46,"comment_status":"closed","ping_status":"closed","template":"templates\/template-Profil.php","meta":{"_acf_changed":false,"_uag_custom_page_level_css":"","footnotes":""},"class_list":["post-4728","page","type-page","status-publish","has-post-thumbnail","hentry"],"acf":[],"yoast_head":"<!-- This site is optimized with the Yoast SEO plugin v27.5 - https:\/\/yoast.com\/product\/yoast-seo-wordpress\/ -->\n<title>Sabrina Steffan, LL.M. - GANTEF\u00dcHRER<\/title>\n<meta name=\"robots\" content=\"index, follow, max-snippet:-1, max-image-preview:large, max-video-preview:-1\" \/>\n<link rel=\"canonical\" href=\"https:\/\/www.gamapa.de\/fr\/conseillers\/sabrina-steffan-ll-m-conseillere-fiscale\/\" \/>\n<meta property=\"og:locale\" content=\"fr_FR\" \/>\n<meta property=\"og:type\" content=\"article\" \/>\n<meta property=\"og:title\" content=\"Sabrina Steffan, LL.M. - GANTEF\u00dcHRER\" \/>\n<meta property=\"og:description\" content=\"Domaines de sp\u00e9cialisation Carri\u00e8re professionnelle 2002-2005 Formation professionnelle au poste d\u2019assistante de conseiller fiscal dans un cabinet fiscal de taille moyenne 2006-2009 Fiscaliste en entreprise 2010 Formation de comptable agr\u00e9\u00e9 \u00e0 la Chambre de Commerce et d\u2019Industrie 2016 LL.B. \u2013 \u00e9tudes \u00e0 la Hochschule Niederrhein 2011 \u00e0 2018 Assistante juridique LL.B. et fiscale dans un [\u2026]\" \/>\n<meta property=\"og:url\" content=\"https:\/\/www.gamapa.de\/fr\/conseillers\/sabrina-steffan-ll-m-conseillere-fiscale\/\" \/>\n<meta property=\"og:site_name\" content=\"GANTEF\u00dcHRER\" \/>\n<meta property=\"article:modified_time\" content=\"2025-11-07T13:26:37+00:00\" \/>\n<meta property=\"og:image\" content=\"https:\/\/www.gamapa.de\/wp-content\/uploads\/2022\/02\/Steffan_2.jpg\" \/>\n\t<meta property=\"og:image:width\" content=\"1440\" \/>\n\t<meta property=\"og:image:height\" content=\"859\" \/>\n\t<meta property=\"og:image:type\" content=\"image\/jpeg\" \/>\n<meta name=\"twitter:card\" content=\"summary_large_image\" \/>\n<meta name=\"twitter:label1\" content=\"Dur\u00e9e de lecture estim\u00e9e\" \/>\n\t<meta name=\"twitter:data1\" content=\"2 minutes\" \/>\n<script type=\"application\/ld+json\" class=\"yoast-schema-graph\">{\"@context\":\"https:\\\/\\\/schema.org\",\"@graph\":[{\"@type\":\"WebPage\",\"@id\":\"https:\\\/\\\/www.gamapa.de\\\/fr\\\/conseillers\\\/sabrina-steffan-ll-m-conseillere-fiscale\\\/\",\"url\":\"https:\\\/\\\/www.gamapa.de\\\/fr\\\/conseillers\\\/sabrina-steffan-ll-m-conseillere-fiscale\\\/\",\"name\":\"Sabrina Steffan, LL.M. - GANTEF\u00dcHRER\",\"isPartOf\":{\"@id\":\"https:\\\/\\\/www.gamapa.de\\\/fr\\\/#website\"},\"primaryImageOfPage\":{\"@id\":\"https:\\\/\\\/www.gamapa.de\\\/fr\\\/conseillers\\\/sabrina-steffan-ll-m-conseillere-fiscale\\\/#primaryimage\"},\"image\":{\"@id\":\"https:\\\/\\\/www.gamapa.de\\\/fr\\\/conseillers\\\/sabrina-steffan-ll-m-conseillere-fiscale\\\/#primaryimage\"},\"thumbnailUrl\":\"https:\\\/\\\/www.gamapa.de\\\/wp-content\\\/uploads\\\/2022\\\/02\\\/Steffan_2.jpg\",\"datePublished\":\"2020-08-29T18:25:03+00:00\",\"dateModified\":\"2025-11-07T13:26:37+00:00\",\"breadcrumb\":{\"@id\":\"https:\\\/\\\/www.gamapa.de\\\/fr\\\/conseillers\\\/sabrina-steffan-ll-m-conseillere-fiscale\\\/#breadcrumb\"},\"inLanguage\":\"fr-FR\",\"potentialAction\":[{\"@type\":\"ReadAction\",\"target\":[\"https:\\\/\\\/www.gamapa.de\\\/fr\\\/conseillers\\\/sabrina-steffan-ll-m-conseillere-fiscale\\\/\"]}]},{\"@type\":\"ImageObject\",\"inLanguage\":\"fr-FR\",\"@id\":\"https:\\\/\\\/www.gamapa.de\\\/fr\\\/conseillers\\\/sabrina-steffan-ll-m-conseillere-fiscale\\\/#primaryimage\",\"url\":\"https:\\\/\\\/www.gamapa.de\\\/wp-content\\\/uploads\\\/2022\\\/02\\\/Steffan_2.jpg\",\"contentUrl\":\"https:\\\/\\\/www.gamapa.de\\\/wp-content\\\/uploads\\\/2022\\\/02\\\/Steffan_2.jpg\",\"width\":1440,\"height\":859,\"caption\":\"Sabrina Steffan, LL.M, Steuerberaterin, Fachberaterin f\u00fcr Unternehmensnachfolge (DStV e.V.),\"},{\"@type\":\"BreadcrumbList\",\"@id\":\"https:\\\/\\\/www.gamapa.de\\\/fr\\\/conseillers\\\/sabrina-steffan-ll-m-conseillere-fiscale\\\/#breadcrumb\",\"itemListElement\":[{\"@type\":\"ListItem\",\"position\":1,\"name\":\"Startseite\",\"item\":\"https:\\\/\\\/www.gamapa.de\\\/fr\\\/\"},{\"@type\":\"ListItem\",\"position\":2,\"name\":\"Conseillers\",\"item\":\"https:\\\/\\\/www.gamapa.de\\\/fr\\\/conseillers\\\/\"},{\"@type\":\"ListItem\",\"position\":3,\"name\":\"Sabrina Steffan, LL.M.\"}]},{\"@type\":\"WebSite\",\"@id\":\"https:\\\/\\\/www.gamapa.de\\\/fr\\\/#website\",\"url\":\"https:\\\/\\\/www.gamapa.de\\\/fr\\\/\",\"name\":\"GANTEF\u00dcHRER\",\"description\":\"Wirtschaftspr\u00fcfer, Steuerberater, Rechtsanw\u00e4lte\",\"publisher\":{\"@id\":\"https:\\\/\\\/www.gamapa.de\\\/fr\\\/#organization\"},\"potentialAction\":[{\"@type\":\"SearchAction\",\"target\":{\"@type\":\"EntryPoint\",\"urlTemplate\":\"https:\\\/\\\/www.gamapa.de\\\/fr\\\/?s={search_term_string}\"},\"query-input\":{\"@type\":\"PropertyValueSpecification\",\"valueRequired\":true,\"valueName\":\"search_term_string\"}}],\"inLanguage\":\"fr-FR\"},{\"@type\":\"Organization\",\"@id\":\"https:\\\/\\\/www.gamapa.de\\\/fr\\\/#organization\",\"name\":\"Gantef\u00fchrer Wirtschaftspr\u00fcfer, Steuerberater, Rechtsanw\u00e4lte\",\"url\":\"https:\\\/\\\/www.gamapa.de\\\/fr\\\/\",\"logo\":{\"@type\":\"ImageObject\",\"inLanguage\":\"fr-FR\",\"@id\":\"https:\\\/\\\/www.gamapa.de\\\/fr\\\/#\\\/schema\\\/logo\\\/image\\\/\",\"url\":\"https:\\\/\\\/www.gamapa.de\\\/wp-content\\\/uploads\\\/2026\\\/01\\\/Logo-Gantefuehrer.png\",\"contentUrl\":\"https:\\\/\\\/www.gamapa.de\\\/wp-content\\\/uploads\\\/2026\\\/01\\\/Logo-Gantefuehrer.png\",\"width\":767,\"height\":156,\"caption\":\"Gantef\u00fchrer Wirtschaftspr\u00fcfer, Steuerberater, Rechtsanw\u00e4lte\"},\"image\":{\"@id\":\"https:\\\/\\\/www.gamapa.de\\\/fr\\\/#\\\/schema\\\/logo\\\/image\\\/\"}}]}<\/script>\n<!-- \/ Yoast SEO plugin. -->","yoast_head_json":{"title":"Sabrina Steffan, LL.M. - GANTEF\u00dcHRER","robots":{"index":"index","follow":"follow","max-snippet":"max-snippet:-1","max-image-preview":"max-image-preview:large","max-video-preview":"max-video-preview:-1"},"canonical":"https:\/\/www.gamapa.de\/fr\/conseillers\/sabrina-steffan-ll-m-conseillere-fiscale\/","og_locale":"fr_FR","og_type":"article","og_title":"Sabrina Steffan, LL.M. - GANTEF\u00dcHRER","og_description":"Domaines de sp\u00e9cialisation Carri\u00e8re professionnelle 2002-2005 Formation professionnelle au poste d\u2019assistante de conseiller fiscal dans un cabinet fiscal de taille moyenne 2006-2009 Fiscaliste en entreprise 2010 Formation de comptable agr\u00e9\u00e9 \u00e0 la Chambre de Commerce et d\u2019Industrie 2016 LL.B. \u2013 \u00e9tudes \u00e0 la Hochschule Niederrhein 2011 \u00e0 2018 Assistante juridique LL.B. et fiscale dans un [\u2026]","og_url":"https:\/\/www.gamapa.de\/fr\/conseillers\/sabrina-steffan-ll-m-conseillere-fiscale\/","og_site_name":"GANTEF\u00dcHRER","article_modified_time":"2025-11-07T13:26:37+00:00","og_image":[{"width":1440,"height":859,"url":"https:\/\/www.gamapa.de\/wp-content\/uploads\/2022\/02\/Steffan_2.jpg","type":"image\/jpeg"}],"twitter_card":"summary_large_image","twitter_misc":{"Dur\u00e9e de lecture estim\u00e9e":"2 minutes"},"schema":{"@context":"https:\/\/schema.org","@graph":[{"@type":"WebPage","@id":"https:\/\/www.gamapa.de\/fr\/conseillers\/sabrina-steffan-ll-m-conseillere-fiscale\/","url":"https:\/\/www.gamapa.de\/fr\/conseillers\/sabrina-steffan-ll-m-conseillere-fiscale\/","name":"Sabrina Steffan, LL.M. - GANTEF\u00dcHRER","isPartOf":{"@id":"https:\/\/www.gamapa.de\/fr\/#website"},"primaryImageOfPage":{"@id":"https:\/\/www.gamapa.de\/fr\/conseillers\/sabrina-steffan-ll-m-conseillere-fiscale\/#primaryimage"},"image":{"@id":"https:\/\/www.gamapa.de\/fr\/conseillers\/sabrina-steffan-ll-m-conseillere-fiscale\/#primaryimage"},"thumbnailUrl":"https:\/\/www.gamapa.de\/wp-content\/uploads\/2022\/02\/Steffan_2.jpg","datePublished":"2020-08-29T18:25:03+00:00","dateModified":"2025-11-07T13:26:37+00:00","breadcrumb":{"@id":"https:\/\/www.gamapa.de\/fr\/conseillers\/sabrina-steffan-ll-m-conseillere-fiscale\/#breadcrumb"},"inLanguage":"fr-FR","potentialAction":[{"@type":"ReadAction","target":["https:\/\/www.gamapa.de\/fr\/conseillers\/sabrina-steffan-ll-m-conseillere-fiscale\/"]}]},{"@type":"ImageObject","inLanguage":"fr-FR","@id":"https:\/\/www.gamapa.de\/fr\/conseillers\/sabrina-steffan-ll-m-conseillere-fiscale\/#primaryimage","url":"https:\/\/www.gamapa.de\/wp-content\/uploads\/2022\/02\/Steffan_2.jpg","contentUrl":"https:\/\/www.gamapa.de\/wp-content\/uploads\/2022\/02\/Steffan_2.jpg","width":1440,"height":859,"caption":"Sabrina Steffan, LL.M, Steuerberaterin, Fachberaterin f\u00fcr Unternehmensnachfolge (DStV e.V.),"},{"@type":"BreadcrumbList","@id":"https:\/\/www.gamapa.de\/fr\/conseillers\/sabrina-steffan-ll-m-conseillere-fiscale\/#breadcrumb","itemListElement":[{"@type":"ListItem","position":1,"name":"Startseite","item":"https:\/\/www.gamapa.de\/fr\/"},{"@type":"ListItem","position":2,"name":"Conseillers","item":"https:\/\/www.gamapa.de\/fr\/conseillers\/"},{"@type":"ListItem","position":3,"name":"Sabrina Steffan, LL.M."}]},{"@type":"WebSite","@id":"https:\/\/www.gamapa.de\/fr\/#website","url":"https:\/\/www.gamapa.de\/fr\/","name":"GANTEF\u00dcHRER","description":"Wirtschaftspr\u00fcfer, Steuerberater, Rechtsanw\u00e4lte","publisher":{"@id":"https:\/\/www.gamapa.de\/fr\/#organization"},"potentialAction":[{"@type":"SearchAction","target":{"@type":"EntryPoint","urlTemplate":"https:\/\/www.gamapa.de\/fr\/?s={search_term_string}"},"query-input":{"@type":"PropertyValueSpecification","valueRequired":true,"valueName":"search_term_string"}}],"inLanguage":"fr-FR"},{"@type":"Organization","@id":"https:\/\/www.gamapa.de\/fr\/#organization","name":"Gantef\u00fchrer Wirtschaftspr\u00fcfer, Steuerberater, Rechtsanw\u00e4lte","url":"https:\/\/www.gamapa.de\/fr\/","logo":{"@type":"ImageObject","inLanguage":"fr-FR","@id":"https:\/\/www.gamapa.de\/fr\/#\/schema\/logo\/image\/","url":"https:\/\/www.gamapa.de\/wp-content\/uploads\/2026\/01\/Logo-Gantefuehrer.png","contentUrl":"https:\/\/www.gamapa.de\/wp-content\/uploads\/2026\/01\/Logo-Gantefuehrer.png","width":767,"height":156,"caption":"Gantef\u00fchrer Wirtschaftspr\u00fcfer, Steuerberater, Rechtsanw\u00e4lte"},"image":{"@id":"https:\/\/www.gamapa.de\/fr\/#\/schema\/logo\/image\/"}}]}},"uagb_featured_image_src":{"full":["https:\/\/www.gamapa.de\/wp-content\/uploads\/2022\/02\/Steffan_2.jpg",1440,859,false],"thumbnail":["https:\/\/www.gamapa.de\/wp-content\/uploads\/2022\/02\/Steffan_2-150x150.jpg",150,150,true],"medium":["https:\/\/www.gamapa.de\/wp-content\/uploads\/2022\/02\/Steffan_2-600x358.jpg",600,358,true],"medium_large":["https:\/\/www.gamapa.de\/wp-content\/uploads\/2022\/02\/Steffan_2-768x458.jpg",580,346,true],"large":["https:\/\/www.gamapa.de\/wp-content\/uploads\/2022\/02\/Steffan_2.jpg",580,346,false],"gs-tiny":["https:\/\/www.gamapa.de\/wp-content\/uploads\/2022\/02\/Steffan_2.jpg",50,30,false],"xl":["https:\/\/www.gamapa.de\/wp-content\/uploads\/2022\/02\/Steffan_2.jpg",1440,859,false],"xxl":["https:\/\/www.gamapa.de\/wp-content\/uploads\/2022\/02\/Steffan_2.jpg",1440,859,false],"xxxl":["https:\/\/www.gamapa.de\/wp-content\/uploads\/2022\/02\/Steffan_2.jpg",1440,859,false],"xxxxl":["https:\/\/www.gamapa.de\/wp-content\/uploads\/2022\/02\/Steffan_2.jpg",1440,859,false],"xxxxxl":["https:\/\/www.gamapa.de\/wp-content\/uploads\/2022\/02\/Steffan_2.jpg",1440,859,false],"1536x1536":["https:\/\/www.gamapa.de\/wp-content\/uploads\/2022\/02\/Steffan_2.jpg",1440,859,false],"2048x2048":["https:\/\/www.gamapa.de\/wp-content\/uploads\/2022\/02\/Steffan_2.jpg",1440,859,false],"post-thumbnail":["https:\/\/www.gamapa.de\/wp-content\/uploads\/2022\/02\/Steffan_2.jpg",1440,859,false],"twentytwenty-fullscreen":["https:\/\/www.gamapa.de\/wp-content\/uploads\/2022\/02\/Steffan_2.jpg",1440,859,false],"theme-slug-single-post":["https:\/\/www.gamapa.de\/wp-content\/uploads\/2022\/02\/Steffan_2-1440x400.jpg",1440,400,true]},"uagb_author_info":{"display_name":"linda","author_link":"https:\/\/www.gamapa.de\/fr\/author\/linda\/"},"uagb_comment_info":0,"uagb_excerpt":"Domaines de sp\u00e9cialisation Carri\u00e8re professionnelle 2002-2005 Formation professionnelle au poste d\u2019assistante de conseiller fiscal dans un cabinet fiscal de taille moyenne 2006-2009 Fiscaliste en entreprise 2010 Formation de comptable agr\u00e9\u00e9 \u00e0 la Chambre de Commerce et d\u2019Industrie 2016 LL.B. \u2013 \u00e9tudes \u00e0 la Hochschule Niederrhein 2011 \u00e0 2018 Assistante juridique LL.B. et fiscale dans un\u2026","_links":{"self":[{"href":"https:\/\/www.gamapa.de\/fr\/wp-json\/wp\/v2\/pages\/4728","targetHints":{"allow":["GET"]}}],"collection":[{"href":"https:\/\/www.gamapa.de\/fr\/wp-json\/wp\/v2\/pages"}],"about":[{"href":"https:\/\/www.gamapa.de\/fr\/wp-json\/wp\/v2\/types\/page"}],"author":[{"embeddable":true,"href":"https:\/\/www.gamapa.de\/fr\/wp-json\/wp\/v2\/users\/1"}],"replies":[{"embeddable":true,"href":"https:\/\/www.gamapa.de\/fr\/wp-json\/wp\/v2\/comments?post=4728"}],"version-history":[{"count":21,"href":"https:\/\/www.gamapa.de\/fr\/wp-json\/wp\/v2\/pages\/4728\/revisions"}],"predecessor-version":[{"id":22372,"href":"https:\/\/www.gamapa.de\/fr\/wp-json\/wp\/v2\/pages\/4728\/revisions\/22372"}],"up":[{"embeddable":true,"href":"https:\/\/www.gamapa.de\/fr\/wp-json\/wp\/v2\/pages\/4584"}],"wp:featuredmedia":[{"embeddable":true,"href":"https:\/\/www.gamapa.de\/fr\/wp-json\/wp\/v2\/media\/12281"}],"wp:attachment":[{"href":"https:\/\/www.gamapa.de\/fr\/wp-json\/wp\/v2\/media?parent=4728"}],"curies":[{"name":"wp","href":"https:\/\/api.w.org\/{rel}","templated":true}]}}