

{"id":4739,"date":"2020-08-29T20:37:04","date_gmt":"2020-08-29T18:37:04","guid":{"rendered":"https:\/\/www.gamapa.de\/jean-paul-stevenard-wirtschaftspruefer\/"},"modified":"2025-07-15T09:49:34","modified_gmt":"2025-07-15T07:49:34","slug":"jean-paul-stevenard-commissaire-aux-comptes","status":"publish","type":"page","link":"https:\/\/www.gamapa.de\/fr\/conseillers\/jean-paul-stevenard-commissaire-aux-comptes\/","title":{"rendered":"Jean-Paul St\u00e9venard"},"content":{"rendered":"\n<h3 class=\"wp-block-heading\">Domaines de sp\u00e9cialisation<\/h3>\n\n\n\n<ul class=\"wp-block-list\">\n<li>35 ans d\u2019exp\u00e9rience professionnelle comme commissaire aux comptes en Allemagne et en France<\/li>\n\n\n\n<li>Audit des comptes annuels selon les IFRS (Allemagne et France), le code de commerce allemand (HGB) et les normes fran\u00e7aises (Code de Commerce)<\/li>\n<\/ul>\n\n\n\n<h3 class=\"wp-block-heading\">Carri\u00e8re professionnelle<\/h3>\n\n\n\n<figure class=\"wp-block-table tablist\"><table><tbody><tr><td>1981-1983<\/td><td>Lyc\u00e9e Louis-Le-Grand (Classes Pr\u00e9paratoires \u00e0 HEC), Paris<\/td><\/tr><tr><td>1983-1986<\/td><td>HEC (Paris): MSc en Finances (n\u00b0 1 au classement mondial de Financial Times)<\/td><\/tr><tr><td>1993<\/td><td>Expert-Comptable et Commissaire aux Comptes<\/td><\/tr><tr><td>1986-2014<\/td><td>Mazars (Paris, Francfort, D\u00fcsseldorf): Assistant (chez Cabinet Robert Mazars) \u00e0 associ\u00e9\u00a0<\/td><\/tr><tr><td>2014-2016<\/td><td>Pr\u00e9paration \u00e0 l\u2019examen du certificat d\u2019aptitudes aux fonctions de commissaire aux comptes en Allemagne<\/td><\/tr><tr><td>2017-2020<\/td><td>Commissaire aux comptes chez Warth &amp; Klein GT AG, D\u00fcsseldorf<\/td><\/tr><tr><td>depuis 2020<\/td><td>Commissaire aux comptes chez Dr. Gantef\u00fchrer, Marquardt &amp; Partner<\/td><\/tr><\/tbody><\/table><\/figure>\n\n\n\n<h3 class=\"wp-block-heading\">Domaines de l\u2019activit\u00e9 d\u2019audit<\/h3>\n\n\n\n<ul class=\"wp-block-list\">\n<li>Entreprises industrielle (informatique, industrie de la d\u00e9fense)<\/li>\n\n\n\n<li>Soci\u00e9t\u00e9s cot\u00e9es en bourse: relations avec les comit\u00e9s d&rsquo;audit, l&rsquo;AMF (\u00e9quivalent de la BaFin allemande) et les analystes<\/li>\n\n\n\n<li>Logistique (France, Europe, Afrique) et transports publics (France, Europe)<\/li>\n\n\n\n<li>Industrie pharmaceutique et cosm\u00e9tique (France)<\/li>\n\n\n\n<li>Analyse des donn\u00e9es de l\u2019industrie pharmaceutique (soci\u00e9t\u00e9 cot\u00e9e en bourse)<\/li>\n\n\n\n<li>Jeux vid\u00e9o (soci\u00e9t\u00e9 cot\u00e9e en bourse)<\/li>\n<\/ul>\n\n\n\n<h3 class=\"wp-block-heading\"><strong>Publications<\/strong><\/h3>\n\n\n\n<ul class=\"wp-block-list\">\n<li>Articles sur des sujets fiscaux fran\u00e7ais (IWB): Cr\u00e9dit d\u2019imp\u00f4t recherche, taxe digitale<\/li>\n\n\n\n<li>Articles sur des sujets juridiques et fiscaux allemands (Revue Fran\u00e7aise de Comptabilit\u00e9): Organisation de la profession comptable en Allemagne, incidence de Covid-19 sur la misison d\u2019audit<\/li>\n<\/ul>\n\n\n\n\n\n<div class=\"wp-block-button zurueck\"><a class=\"wp-block-button__link wp-element-button\" href=\"https:\/\/www.gamapa.de\/fr\/conseillers\/\">retour<\/a><\/div>\n\n\n\n<p><\/p>\n","protected":false},"excerpt":{"rendered":"<p>Domaines de sp\u00e9cialisation Carri\u00e8re professionnelle 1981-1983 Lyc\u00e9e Louis-Le-Grand (Classes Pr\u00e9paratoires \u00e0 HEC), Paris 1983-1986 HEC (Paris): MSc en Finances (n\u00b0 1 au classement mondial de Financial Times) 1993 Expert-Comptable et Commissaire aux Comptes 1986-2014 Mazars (Paris, Francfort, D\u00fcsseldorf): Assistant (chez Cabinet Robert Mazars) \u00e0 associ\u00e9\u00a0 2014-2016 Pr\u00e9paration \u00e0 l\u2019examen du certificat d\u2019aptitudes aux fonctions de <a href=\"https:\/\/www.gamapa.de\/fr\/conseillers\/jean-paul-stevenard-commissaire-aux-comptes\/\">[\u2026]<\/a><\/p>\n","protected":false},"author":1,"featured_media":4360,"parent":4584,"menu_order":47,"comment_status":"closed","ping_status":"closed","template":"templates\/template-Profil.php","meta":{"_acf_changed":false,"_uag_custom_page_level_css":"","footnotes":""},"class_list":["post-4739","page","type-page","status-publish","has-post-thumbnail","hentry"],"acf":[],"yoast_head":"<!-- This site is optimized with the Yoast SEO plugin v27.5 - https:\/\/yoast.com\/product\/yoast-seo-wordpress\/ -->\n<title>Jean-Paul St\u00e9venard - GANTEF\u00dcHRER<\/title>\n<meta name=\"robots\" content=\"index, follow, max-snippet:-1, max-image-preview:large, max-video-preview:-1\" \/>\n<link rel=\"canonical\" href=\"https:\/\/www.gamapa.de\/fr\/conseillers\/jean-paul-stevenard-commissaire-aux-comptes\/\" \/>\n<meta property=\"og:locale\" content=\"fr_FR\" \/>\n<meta property=\"og:type\" content=\"article\" \/>\n<meta property=\"og:title\" content=\"Jean-Paul St\u00e9venard - GANTEF\u00dcHRER\" \/>\n<meta property=\"og:description\" content=\"Domaines de sp\u00e9cialisation Carri\u00e8re professionnelle 1981-1983 Lyc\u00e9e Louis-Le-Grand (Classes Pr\u00e9paratoires \u00e0 HEC), Paris 1983-1986 HEC (Paris): MSc en Finances (n\u00b0 1 au classement mondial de Financial Times) 1993 Expert-Comptable et Commissaire aux Comptes 1986-2014 Mazars (Paris, Francfort, D\u00fcsseldorf): Assistant (chez Cabinet Robert Mazars) \u00e0 associ\u00e9\u00a0 2014-2016 Pr\u00e9paration \u00e0 l\u2019examen du certificat d\u2019aptitudes aux fonctions de [\u2026]\" \/>\n<meta property=\"og:url\" content=\"https:\/\/www.gamapa.de\/fr\/conseillers\/jean-paul-stevenard-commissaire-aux-comptes\/\" \/>\n<meta property=\"og:site_name\" content=\"GANTEF\u00dcHRER\" \/>\n<meta property=\"article:modified_time\" content=\"2025-07-15T07:49:34+00:00\" \/>\n<meta property=\"og:image\" content=\"https:\/\/www.gamapa.de\/wp-content\/uploads\/2020\/09\/stevenard-big.jpg\" \/>\n\t<meta property=\"og:image:width\" content=\"1440\" \/>\n\t<meta property=\"og:image:height\" content=\"859\" \/>\n\t<meta property=\"og:image:type\" content=\"image\/jpeg\" \/>\n<meta name=\"twitter:card\" content=\"summary_large_image\" \/>\n<meta name=\"twitter:label1\" content=\"Dur\u00e9e de lecture estim\u00e9e\" \/>\n\t<meta name=\"twitter:data1\" content=\"2 minutes\" \/>\n<script type=\"application\/ld+json\" class=\"yoast-schema-graph\">{\"@context\":\"https:\\\/\\\/schema.org\",\"@graph\":[{\"@type\":\"WebPage\",\"@id\":\"https:\\\/\\\/www.gamapa.de\\\/fr\\\/conseillers\\\/jean-paul-stevenard-commissaire-aux-comptes\\\/\",\"url\":\"https:\\\/\\\/www.gamapa.de\\\/fr\\\/conseillers\\\/jean-paul-stevenard-commissaire-aux-comptes\\\/\",\"name\":\"Jean-Paul St\u00e9venard - GANTEF\u00dcHRER\",\"isPartOf\":{\"@id\":\"https:\\\/\\\/www.gamapa.de\\\/fr\\\/#website\"},\"primaryImageOfPage\":{\"@id\":\"https:\\\/\\\/www.gamapa.de\\\/fr\\\/conseillers\\\/jean-paul-stevenard-commissaire-aux-comptes\\\/#primaryimage\"},\"image\":{\"@id\":\"https:\\\/\\\/www.gamapa.de\\\/fr\\\/conseillers\\\/jean-paul-stevenard-commissaire-aux-comptes\\\/#primaryimage\"},\"thumbnailUrl\":\"https:\\\/\\\/www.gamapa.de\\\/wp-content\\\/uploads\\\/2020\\\/09\\\/stevenard-big.jpg\",\"datePublished\":\"2020-08-29T18:37:04+00:00\",\"dateModified\":\"2025-07-15T07:49:34+00:00\",\"breadcrumb\":{\"@id\":\"https:\\\/\\\/www.gamapa.de\\\/fr\\\/conseillers\\\/jean-paul-stevenard-commissaire-aux-comptes\\\/#breadcrumb\"},\"inLanguage\":\"fr-FR\",\"potentialAction\":[{\"@type\":\"ReadAction\",\"target\":[\"https:\\\/\\\/www.gamapa.de\\\/fr\\\/conseillers\\\/jean-paul-stevenard-commissaire-aux-comptes\\\/\"]}]},{\"@type\":\"ImageObject\",\"inLanguage\":\"fr-FR\",\"@id\":\"https:\\\/\\\/www.gamapa.de\\\/fr\\\/conseillers\\\/jean-paul-stevenard-commissaire-aux-comptes\\\/#primaryimage\",\"url\":\"https:\\\/\\\/www.gamapa.de\\\/wp-content\\\/uploads\\\/2020\\\/09\\\/stevenard-big.jpg\",\"contentUrl\":\"https:\\\/\\\/www.gamapa.de\\\/wp-content\\\/uploads\\\/2020\\\/09\\\/stevenard-big.jpg\",\"width\":1440,\"height\":859,\"caption\":\"Jean-Paul St\u00e9venard, Wirtschaftspr\u00fcfer, Expert-comptable dipl\u00f4m\u00e9, Gantef\u00fchrer - Steuerberater, Rechtsanw\u00e4lte, Wirtschaftspr\u00fcfer\"},{\"@type\":\"BreadcrumbList\",\"@id\":\"https:\\\/\\\/www.gamapa.de\\\/fr\\\/conseillers\\\/jean-paul-stevenard-commissaire-aux-comptes\\\/#breadcrumb\",\"itemListElement\":[{\"@type\":\"ListItem\",\"position\":1,\"name\":\"Startseite\",\"item\":\"https:\\\/\\\/www.gamapa.de\\\/fr\\\/\"},{\"@type\":\"ListItem\",\"position\":2,\"name\":\"Conseillers\",\"item\":\"https:\\\/\\\/www.gamapa.de\\\/fr\\\/conseillers\\\/\"},{\"@type\":\"ListItem\",\"position\":3,\"name\":\"Jean-Paul St\u00e9venard\"}]},{\"@type\":\"WebSite\",\"@id\":\"https:\\\/\\\/www.gamapa.de\\\/fr\\\/#website\",\"url\":\"https:\\\/\\\/www.gamapa.de\\\/fr\\\/\",\"name\":\"GANTEF\u00dcHRER\",\"description\":\"Wirtschaftspr\u00fcfer, Steuerberater, Rechtsanw\u00e4lte\",\"publisher\":{\"@id\":\"https:\\\/\\\/www.gamapa.de\\\/fr\\\/#organization\"},\"potentialAction\":[{\"@type\":\"SearchAction\",\"target\":{\"@type\":\"EntryPoint\",\"urlTemplate\":\"https:\\\/\\\/www.gamapa.de\\\/fr\\\/?s={search_term_string}\"},\"query-input\":{\"@type\":\"PropertyValueSpecification\",\"valueRequired\":true,\"valueName\":\"search_term_string\"}}],\"inLanguage\":\"fr-FR\"},{\"@type\":\"Organization\",\"@id\":\"https:\\\/\\\/www.gamapa.de\\\/fr\\\/#organization\",\"name\":\"Gantef\u00fchrer Wirtschaftspr\u00fcfer, Steuerberater, Rechtsanw\u00e4lte\",\"url\":\"https:\\\/\\\/www.gamapa.de\\\/fr\\\/\",\"logo\":{\"@type\":\"ImageObject\",\"inLanguage\":\"fr-FR\",\"@id\":\"https:\\\/\\\/www.gamapa.de\\\/fr\\\/#\\\/schema\\\/logo\\\/image\\\/\",\"url\":\"https:\\\/\\\/www.gamapa.de\\\/wp-content\\\/uploads\\\/2026\\\/01\\\/Logo-Gantefuehrer.png\",\"contentUrl\":\"https:\\\/\\\/www.gamapa.de\\\/wp-content\\\/uploads\\\/2026\\\/01\\\/Logo-Gantefuehrer.png\",\"width\":767,\"height\":156,\"caption\":\"Gantef\u00fchrer Wirtschaftspr\u00fcfer, Steuerberater, Rechtsanw\u00e4lte\"},\"image\":{\"@id\":\"https:\\\/\\\/www.gamapa.de\\\/fr\\\/#\\\/schema\\\/logo\\\/image\\\/\"}}]}<\/script>\n<!-- \/ Yoast SEO plugin. -->","yoast_head_json":{"title":"Jean-Paul St\u00e9venard - GANTEF\u00dcHRER","robots":{"index":"index","follow":"follow","max-snippet":"max-snippet:-1","max-image-preview":"max-image-preview:large","max-video-preview":"max-video-preview:-1"},"canonical":"https:\/\/www.gamapa.de\/fr\/conseillers\/jean-paul-stevenard-commissaire-aux-comptes\/","og_locale":"fr_FR","og_type":"article","og_title":"Jean-Paul St\u00e9venard - GANTEF\u00dcHRER","og_description":"Domaines de sp\u00e9cialisation Carri\u00e8re professionnelle 1981-1983 Lyc\u00e9e Louis-Le-Grand (Classes Pr\u00e9paratoires \u00e0 HEC), Paris 1983-1986 HEC (Paris): MSc en Finances (n\u00b0 1 au classement mondial de Financial Times) 1993 Expert-Comptable et Commissaire aux Comptes 1986-2014 Mazars (Paris, Francfort, D\u00fcsseldorf): Assistant (chez Cabinet Robert Mazars) \u00e0 associ\u00e9\u00a0 2014-2016 Pr\u00e9paration \u00e0 l\u2019examen du certificat d\u2019aptitudes aux fonctions de [\u2026]","og_url":"https:\/\/www.gamapa.de\/fr\/conseillers\/jean-paul-stevenard-commissaire-aux-comptes\/","og_site_name":"GANTEF\u00dcHRER","article_modified_time":"2025-07-15T07:49:34+00:00","og_image":[{"width":1440,"height":859,"url":"https:\/\/www.gamapa.de\/wp-content\/uploads\/2020\/09\/stevenard-big.jpg","type":"image\/jpeg"}],"twitter_card":"summary_large_image","twitter_misc":{"Dur\u00e9e de lecture estim\u00e9e":"2 minutes"},"schema":{"@context":"https:\/\/schema.org","@graph":[{"@type":"WebPage","@id":"https:\/\/www.gamapa.de\/fr\/conseillers\/jean-paul-stevenard-commissaire-aux-comptes\/","url":"https:\/\/www.gamapa.de\/fr\/conseillers\/jean-paul-stevenard-commissaire-aux-comptes\/","name":"Jean-Paul St\u00e9venard - GANTEF\u00dcHRER","isPartOf":{"@id":"https:\/\/www.gamapa.de\/fr\/#website"},"primaryImageOfPage":{"@id":"https:\/\/www.gamapa.de\/fr\/conseillers\/jean-paul-stevenard-commissaire-aux-comptes\/#primaryimage"},"image":{"@id":"https:\/\/www.gamapa.de\/fr\/conseillers\/jean-paul-stevenard-commissaire-aux-comptes\/#primaryimage"},"thumbnailUrl":"https:\/\/www.gamapa.de\/wp-content\/uploads\/2020\/09\/stevenard-big.jpg","datePublished":"2020-08-29T18:37:04+00:00","dateModified":"2025-07-15T07:49:34+00:00","breadcrumb":{"@id":"https:\/\/www.gamapa.de\/fr\/conseillers\/jean-paul-stevenard-commissaire-aux-comptes\/#breadcrumb"},"inLanguage":"fr-FR","potentialAction":[{"@type":"ReadAction","target":["https:\/\/www.gamapa.de\/fr\/conseillers\/jean-paul-stevenard-commissaire-aux-comptes\/"]}]},{"@type":"ImageObject","inLanguage":"fr-FR","@id":"https:\/\/www.gamapa.de\/fr\/conseillers\/jean-paul-stevenard-commissaire-aux-comptes\/#primaryimage","url":"https:\/\/www.gamapa.de\/wp-content\/uploads\/2020\/09\/stevenard-big.jpg","contentUrl":"https:\/\/www.gamapa.de\/wp-content\/uploads\/2020\/09\/stevenard-big.jpg","width":1440,"height":859,"caption":"Jean-Paul St\u00e9venard, Wirtschaftspr\u00fcfer, Expert-comptable dipl\u00f4m\u00e9, Gantef\u00fchrer - Steuerberater, Rechtsanw\u00e4lte, Wirtschaftspr\u00fcfer"},{"@type":"BreadcrumbList","@id":"https:\/\/www.gamapa.de\/fr\/conseillers\/jean-paul-stevenard-commissaire-aux-comptes\/#breadcrumb","itemListElement":[{"@type":"ListItem","position":1,"name":"Startseite","item":"https:\/\/www.gamapa.de\/fr\/"},{"@type":"ListItem","position":2,"name":"Conseillers","item":"https:\/\/www.gamapa.de\/fr\/conseillers\/"},{"@type":"ListItem","position":3,"name":"Jean-Paul St\u00e9venard"}]},{"@type":"WebSite","@id":"https:\/\/www.gamapa.de\/fr\/#website","url":"https:\/\/www.gamapa.de\/fr\/","name":"GANTEF\u00dcHRER","description":"Wirtschaftspr\u00fcfer, Steuerberater, Rechtsanw\u00e4lte","publisher":{"@id":"https:\/\/www.gamapa.de\/fr\/#organization"},"potentialAction":[{"@type":"SearchAction","target":{"@type":"EntryPoint","urlTemplate":"https:\/\/www.gamapa.de\/fr\/?s={search_term_string}"},"query-input":{"@type":"PropertyValueSpecification","valueRequired":true,"valueName":"search_term_string"}}],"inLanguage":"fr-FR"},{"@type":"Organization","@id":"https:\/\/www.gamapa.de\/fr\/#organization","name":"Gantef\u00fchrer Wirtschaftspr\u00fcfer, Steuerberater, Rechtsanw\u00e4lte","url":"https:\/\/www.gamapa.de\/fr\/","logo":{"@type":"ImageObject","inLanguage":"fr-FR","@id":"https:\/\/www.gamapa.de\/fr\/#\/schema\/logo\/image\/","url":"https:\/\/www.gamapa.de\/wp-content\/uploads\/2026\/01\/Logo-Gantefuehrer.png","contentUrl":"https:\/\/www.gamapa.de\/wp-content\/uploads\/2026\/01\/Logo-Gantefuehrer.png","width":767,"height":156,"caption":"Gantef\u00fchrer Wirtschaftspr\u00fcfer, Steuerberater, Rechtsanw\u00e4lte"},"image":{"@id":"https:\/\/www.gamapa.de\/fr\/#\/schema\/logo\/image\/"}}]}},"uagb_featured_image_src":{"full":["https:\/\/www.gamapa.de\/wp-content\/uploads\/2020\/09\/stevenard-big.jpg",1440,859,false],"thumbnail":["https:\/\/www.gamapa.de\/wp-content\/uploads\/2020\/09\/stevenard-big-150x150.jpg",150,150,true],"medium":["https:\/\/www.gamapa.de\/wp-content\/uploads\/2020\/09\/stevenard-big-600x358.jpg",600,358,true],"medium_large":["https:\/\/www.gamapa.de\/wp-content\/uploads\/2020\/09\/stevenard-big-768x458.jpg",580,346,true],"large":["https:\/\/www.gamapa.de\/wp-content\/uploads\/2020\/09\/stevenard-big.jpg",580,346,false],"gs-tiny":["https:\/\/www.gamapa.de\/wp-content\/uploads\/2020\/09\/stevenard-big.jpg",50,30,false],"xl":["https:\/\/www.gamapa.de\/wp-content\/uploads\/2020\/09\/stevenard-big.jpg",1440,859,false],"xxl":["https:\/\/www.gamapa.de\/wp-content\/uploads\/2020\/09\/stevenard-big.jpg",1440,859,false],"xxxl":["https:\/\/www.gamapa.de\/wp-content\/uploads\/2020\/09\/stevenard-big.jpg",1440,859,false],"xxxxl":["https:\/\/www.gamapa.de\/wp-content\/uploads\/2020\/09\/stevenard-big.jpg",1440,859,false],"xxxxxl":["https:\/\/www.gamapa.de\/wp-content\/uploads\/2020\/09\/stevenard-big.jpg",1440,859,false],"1536x1536":["https:\/\/www.gamapa.de\/wp-content\/uploads\/2020\/09\/stevenard-big.jpg",1440,859,false],"2048x2048":["https:\/\/www.gamapa.de\/wp-content\/uploads\/2020\/09\/stevenard-big.jpg",1440,859,false],"post-thumbnail":["https:\/\/www.gamapa.de\/wp-content\/uploads\/2020\/09\/stevenard-big.jpg",1440,859,false],"twentytwenty-fullscreen":["https:\/\/www.gamapa.de\/wp-content\/uploads\/2020\/09\/stevenard-big.jpg",1440,859,false],"theme-slug-single-post":["https:\/\/www.gamapa.de\/wp-content\/uploads\/2020\/09\/stevenard-big-1440x400.jpg",1440,400,true]},"uagb_author_info":{"display_name":"linda","author_link":"https:\/\/www.gamapa.de\/fr\/author\/linda\/"},"uagb_comment_info":0,"uagb_excerpt":"Domaines de sp\u00e9cialisation Carri\u00e8re professionnelle 1981-1983 Lyc\u00e9e Louis-Le-Grand (Classes Pr\u00e9paratoires \u00e0 HEC), Paris 1983-1986 HEC (Paris): MSc en Finances (n\u00b0 1 au classement mondial de Financial Times) 1993 Expert-Comptable et Commissaire aux Comptes 1986-2014 Mazars (Paris, Francfort, D\u00fcsseldorf): Assistant (chez Cabinet Robert Mazars) \u00e0 associ\u00e9\u00a0 2014-2016 Pr\u00e9paration \u00e0 l\u2019examen du certificat d\u2019aptitudes aux fonctions de\u2026","_links":{"self":[{"href":"https:\/\/www.gamapa.de\/fr\/wp-json\/wp\/v2\/pages\/4739","targetHints":{"allow":["GET"]}}],"collection":[{"href":"https:\/\/www.gamapa.de\/fr\/wp-json\/wp\/v2\/pages"}],"about":[{"href":"https:\/\/www.gamapa.de\/fr\/wp-json\/wp\/v2\/types\/page"}],"author":[{"embeddable":true,"href":"https:\/\/www.gamapa.de\/fr\/wp-json\/wp\/v2\/users\/1"}],"replies":[{"embeddable":true,"href":"https:\/\/www.gamapa.de\/fr\/wp-json\/wp\/v2\/comments?post=4739"}],"version-history":[{"count":6,"href":"https:\/\/www.gamapa.de\/fr\/wp-json\/wp\/v2\/pages\/4739\/revisions"}],"predecessor-version":[{"id":20935,"href":"https:\/\/www.gamapa.de\/fr\/wp-json\/wp\/v2\/pages\/4739\/revisions\/20935"}],"up":[{"embeddable":true,"href":"https:\/\/www.gamapa.de\/fr\/wp-json\/wp\/v2\/pages\/4584"}],"wp:featuredmedia":[{"embeddable":true,"href":"https:\/\/www.gamapa.de\/fr\/wp-json\/wp\/v2\/media\/4360"}],"wp:attachment":[{"href":"https:\/\/www.gamapa.de\/fr\/wp-json\/wp\/v2\/media?parent=4739"}],"curies":[{"name":"wp","href":"https:\/\/api.w.org\/{rel}","templated":true}]}}