

{"id":4792,"date":"2020-09-02T13:09:38","date_gmt":"2020-09-02T11:09:38","guid":{"rendered":"https:\/\/www.gamapa.de\/antje-stosch-rechtsanwaeltin-fachanwaeltin-fuer-familienrecht\/"},"modified":"2026-02-10T12:25:46","modified_gmt":"2026-02-10T11:25:46","slug":"antje-stosch-avocat-specialise-en-droit-de-la-famillespecialise-en-droit-de-la-famille","status":"publish","type":"page","link":"https:\/\/www.gamapa.de\/fr\/conseillers\/antje-stosch-avocat-specialise-en-droit-de-la-famillespecialise-en-droit-de-la-famille\/","title":{"rendered":"Antje Stosch"},"content":{"rendered":"\n<h3 class=\"wp-block-heading\">Domaines de sp\u00e9cialisation<\/h3>\n\n\n\n<ul class=\"wp-block-list\">\n<li>Conseil et r\u00e9daction de contrats de mariage<\/li>\n\n\n\n<li>Divorces<\/li>\n\n\n\n<li>Pensions alimentaires<\/li>\n\n\n\n<li>Droit successoral<\/li>\n\n\n\n<li>M\u00e9diations<\/li>\n<\/ul>\n\n\n\n<h3 class=\"wp-block-heading\">Carri\u00e8re professionnelle<\/h3>\n\n\n\n<figure class=\"wp-block-table tablist\"><table><tbody><tr><td>1991-1996 <\/td><td>Universit\u00e9 de Bonn et Universit\u00e9 de Lausanne<\/td><\/tr><tr><td>1997-1999<\/td><td>Stage dans un cabinet juridique \u00e0 Duisburg<\/td><\/tr><tr><td>1997-1999<\/td><td>Assistante scientifique dans un cabinet juridique de taille moyenne \u00e0 D\u00fcsseldorf<\/td><\/tr><tr><td>1999-2011<\/td><td>Conseill\u00e8re juridique sp\u00e9cialis\u00e9e dans le droit de la famille, le droit des locations et le droit du travail \u00e0 D\u00fcsseldorf<\/td><\/tr><tr><td>depuis 2008<\/td><td>Conseill\u00e8re juridique sp\u00e9cialis\u00e9e dans le droit de la famille<\/td><\/tr><tr><td>2011-2015<\/td><td>Conseill\u00e8re juridique au sein du Cabinet Rechtsanw\u00e4lte Klaas &amp; Kollegen, Krefeld<\/td><\/tr><tr><td>depuis 2015<\/td><td>Conseill\u00e8re juridique chez Dr. Gantef\u00fchrer, Marquardt &amp; Partner<\/td><\/tr><tr><td>2017<\/td><td>Obtention de l\u2019autorisation d\u2019exercer le m\u00e9tier de m\u00e9diateur agr\u00e9\u00e9<\/td><\/tr><\/tbody><\/table><\/figure>\n\n\n\n\n\n<div class=\"wp-block-button zurueck\"><a class=\"wp-block-button__link wp-element-button\" href=\"https:\/\/www.gamapa.de\/fr\/conseillers\/\">retour<\/a><\/div>\n\n\n\n<p><\/p>\n","protected":false},"excerpt":{"rendered":"<p>Domaines de sp\u00e9cialisation Carri\u00e8re professionnelle 1991-1996 Universit\u00e9 de Bonn et Universit\u00e9 de Lausanne 1997-1999 Stage dans un cabinet juridique \u00e0 Duisburg 1997-1999 Assistante scientifique dans un cabinet juridique de taille moyenne \u00e0 D\u00fcsseldorf 1999-2011 Conseill\u00e8re juridique sp\u00e9cialis\u00e9e dans le droit de la famille, le droit des locations et le droit du travail \u00e0 D\u00fcsseldorf depuis <a href=\"https:\/\/www.gamapa.de\/fr\/conseillers\/antje-stosch-avocat-specialise-en-droit-de-la-famillespecialise-en-droit-de-la-famille\/\">[\u2026]<\/a><\/p>\n","protected":false},"author":1,"featured_media":9449,"parent":4584,"menu_order":18,"comment_status":"closed","ping_status":"closed","template":"templates\/template-Profil.php","meta":{"_acf_changed":false,"_uag_custom_page_level_css":"","footnotes":""},"class_list":["post-4792","page","type-page","status-publish","has-post-thumbnail","hentry"],"acf":[],"yoast_head":"<!-- This site is optimized with the Yoast SEO plugin v27.5 - https:\/\/yoast.com\/product\/yoast-seo-wordpress\/ -->\n<title>Antje Stosch - GANTEF\u00dcHRER<\/title>\n<meta name=\"robots\" content=\"index, follow, max-snippet:-1, max-image-preview:large, max-video-preview:-1\" \/>\n<link rel=\"canonical\" href=\"https:\/\/www.gamapa.de\/fr\/conseillers\/antje-stosch-avocat-specialise-en-droit-de-la-famillespecialise-en-droit-de-la-famille\/\" \/>\n<meta property=\"og:locale\" content=\"fr_FR\" \/>\n<meta property=\"og:type\" content=\"article\" \/>\n<meta property=\"og:title\" content=\"Antje Stosch - GANTEF\u00dcHRER\" \/>\n<meta property=\"og:description\" content=\"Domaines de sp\u00e9cialisation Carri\u00e8re professionnelle 1991-1996 Universit\u00e9 de Bonn et Universit\u00e9 de Lausanne 1997-1999 Stage dans un cabinet juridique \u00e0 Duisburg 1997-1999 Assistante scientifique dans un cabinet juridique de taille moyenne \u00e0 D\u00fcsseldorf 1999-2011 Conseill\u00e8re juridique sp\u00e9cialis\u00e9e dans le droit de la famille, le droit des locations et le droit du travail \u00e0 D\u00fcsseldorf depuis [\u2026]\" \/>\n<meta property=\"og:url\" content=\"https:\/\/www.gamapa.de\/fr\/conseillers\/antje-stosch-avocat-specialise-en-droit-de-la-famillespecialise-en-droit-de-la-famille\/\" \/>\n<meta property=\"og:site_name\" content=\"GANTEF\u00dcHRER\" \/>\n<meta property=\"article:modified_time\" content=\"2026-02-10T11:25:46+00:00\" \/>\n<meta property=\"og:image\" content=\"https:\/\/www.gamapa.de\/wp-content\/uploads\/2021\/10\/Antje-Stosch_2.jpg\" \/>\n\t<meta property=\"og:image:width\" content=\"1440\" \/>\n\t<meta property=\"og:image:height\" content=\"859\" \/>\n\t<meta property=\"og:image:type\" content=\"image\/jpeg\" \/>\n<meta name=\"twitter:card\" content=\"summary_large_image\" \/>\n<meta name=\"twitter:label1\" content=\"Dur\u00e9e de lecture estim\u00e9e\" \/>\n\t<meta name=\"twitter:data1\" content=\"1 minute\" \/>\n<script type=\"application\/ld+json\" class=\"yoast-schema-graph\">{\"@context\":\"https:\\\/\\\/schema.org\",\"@graph\":[{\"@type\":\"WebPage\",\"@id\":\"https:\\\/\\\/www.gamapa.de\\\/fr\\\/conseillers\\\/antje-stosch-avocat-specialise-en-droit-de-la-famillespecialise-en-droit-de-la-famille\\\/\",\"url\":\"https:\\\/\\\/www.gamapa.de\\\/fr\\\/conseillers\\\/antje-stosch-avocat-specialise-en-droit-de-la-famillespecialise-en-droit-de-la-famille\\\/\",\"name\":\"Antje Stosch - GANTEF\u00dcHRER\",\"isPartOf\":{\"@id\":\"https:\\\/\\\/www.gamapa.de\\\/fr\\\/#website\"},\"primaryImageOfPage\":{\"@id\":\"https:\\\/\\\/www.gamapa.de\\\/fr\\\/conseillers\\\/antje-stosch-avocat-specialise-en-droit-de-la-famillespecialise-en-droit-de-la-famille\\\/#primaryimage\"},\"image\":{\"@id\":\"https:\\\/\\\/www.gamapa.de\\\/fr\\\/conseillers\\\/antje-stosch-avocat-specialise-en-droit-de-la-famillespecialise-en-droit-de-la-famille\\\/#primaryimage\"},\"thumbnailUrl\":\"https:\\\/\\\/www.gamapa.de\\\/wp-content\\\/uploads\\\/2021\\\/10\\\/Antje-Stosch_2.jpg\",\"datePublished\":\"2020-09-02T11:09:38+00:00\",\"dateModified\":\"2026-02-10T11:25:46+00:00\",\"breadcrumb\":{\"@id\":\"https:\\\/\\\/www.gamapa.de\\\/fr\\\/conseillers\\\/antje-stosch-avocat-specialise-en-droit-de-la-famillespecialise-en-droit-de-la-famille\\\/#breadcrumb\"},\"inLanguage\":\"fr-FR\",\"potentialAction\":[{\"@type\":\"ReadAction\",\"target\":[\"https:\\\/\\\/www.gamapa.de\\\/fr\\\/conseillers\\\/antje-stosch-avocat-specialise-en-droit-de-la-famillespecialise-en-droit-de-la-famille\\\/\"]}]},{\"@type\":\"ImageObject\",\"inLanguage\":\"fr-FR\",\"@id\":\"https:\\\/\\\/www.gamapa.de\\\/fr\\\/conseillers\\\/antje-stosch-avocat-specialise-en-droit-de-la-famillespecialise-en-droit-de-la-famille\\\/#primaryimage\",\"url\":\"https:\\\/\\\/www.gamapa.de\\\/wp-content\\\/uploads\\\/2021\\\/10\\\/Antje-Stosch_2.jpg\",\"contentUrl\":\"https:\\\/\\\/www.gamapa.de\\\/wp-content\\\/uploads\\\/2021\\\/10\\\/Antje-Stosch_2.jpg\",\"width\":1440,\"height\":859,\"caption\":\"Antje Stosch, Rechtsanw\u00e4ltin, Counsel Fachanw\u00e4ltin f\u00fcr Familienrecht,\"},{\"@type\":\"BreadcrumbList\",\"@id\":\"https:\\\/\\\/www.gamapa.de\\\/fr\\\/conseillers\\\/antje-stosch-avocat-specialise-en-droit-de-la-famillespecialise-en-droit-de-la-famille\\\/#breadcrumb\",\"itemListElement\":[{\"@type\":\"ListItem\",\"position\":1,\"name\":\"Startseite\",\"item\":\"https:\\\/\\\/www.gamapa.de\\\/fr\\\/\"},{\"@type\":\"ListItem\",\"position\":2,\"name\":\"Conseillers\",\"item\":\"https:\\\/\\\/www.gamapa.de\\\/fr\\\/conseillers\\\/\"},{\"@type\":\"ListItem\",\"position\":3,\"name\":\"Antje Stosch\"}]},{\"@type\":\"WebSite\",\"@id\":\"https:\\\/\\\/www.gamapa.de\\\/fr\\\/#website\",\"url\":\"https:\\\/\\\/www.gamapa.de\\\/fr\\\/\",\"name\":\"GANTEF\u00dcHRER\",\"description\":\"Wirtschaftspr\u00fcfer, Steuerberater, Rechtsanw\u00e4lte\",\"publisher\":{\"@id\":\"https:\\\/\\\/www.gamapa.de\\\/fr\\\/#organization\"},\"potentialAction\":[{\"@type\":\"SearchAction\",\"target\":{\"@type\":\"EntryPoint\",\"urlTemplate\":\"https:\\\/\\\/www.gamapa.de\\\/fr\\\/?s={search_term_string}\"},\"query-input\":{\"@type\":\"PropertyValueSpecification\",\"valueRequired\":true,\"valueName\":\"search_term_string\"}}],\"inLanguage\":\"fr-FR\"},{\"@type\":\"Organization\",\"@id\":\"https:\\\/\\\/www.gamapa.de\\\/fr\\\/#organization\",\"name\":\"Gantef\u00fchrer Wirtschaftspr\u00fcfer, Steuerberater, Rechtsanw\u00e4lte\",\"url\":\"https:\\\/\\\/www.gamapa.de\\\/fr\\\/\",\"logo\":{\"@type\":\"ImageObject\",\"inLanguage\":\"fr-FR\",\"@id\":\"https:\\\/\\\/www.gamapa.de\\\/fr\\\/#\\\/schema\\\/logo\\\/image\\\/\",\"url\":\"https:\\\/\\\/www.gamapa.de\\\/wp-content\\\/uploads\\\/2026\\\/01\\\/Logo-Gantefuehrer.png\",\"contentUrl\":\"https:\\\/\\\/www.gamapa.de\\\/wp-content\\\/uploads\\\/2026\\\/01\\\/Logo-Gantefuehrer.png\",\"width\":767,\"height\":156,\"caption\":\"Gantef\u00fchrer Wirtschaftspr\u00fcfer, Steuerberater, Rechtsanw\u00e4lte\"},\"image\":{\"@id\":\"https:\\\/\\\/www.gamapa.de\\\/fr\\\/#\\\/schema\\\/logo\\\/image\\\/\"}}]}<\/script>\n<!-- \/ Yoast SEO plugin. -->","yoast_head_json":{"title":"Antje Stosch - GANTEF\u00dcHRER","robots":{"index":"index","follow":"follow","max-snippet":"max-snippet:-1","max-image-preview":"max-image-preview:large","max-video-preview":"max-video-preview:-1"},"canonical":"https:\/\/www.gamapa.de\/fr\/conseillers\/antje-stosch-avocat-specialise-en-droit-de-la-famillespecialise-en-droit-de-la-famille\/","og_locale":"fr_FR","og_type":"article","og_title":"Antje Stosch - GANTEF\u00dcHRER","og_description":"Domaines de sp\u00e9cialisation Carri\u00e8re professionnelle 1991-1996 Universit\u00e9 de Bonn et Universit\u00e9 de Lausanne 1997-1999 Stage dans un cabinet juridique \u00e0 Duisburg 1997-1999 Assistante scientifique dans un cabinet juridique de taille moyenne \u00e0 D\u00fcsseldorf 1999-2011 Conseill\u00e8re juridique sp\u00e9cialis\u00e9e dans le droit de la famille, le droit des locations et le droit du travail \u00e0 D\u00fcsseldorf depuis [\u2026]","og_url":"https:\/\/www.gamapa.de\/fr\/conseillers\/antje-stosch-avocat-specialise-en-droit-de-la-famillespecialise-en-droit-de-la-famille\/","og_site_name":"GANTEF\u00dcHRER","article_modified_time":"2026-02-10T11:25:46+00:00","og_image":[{"width":1440,"height":859,"url":"https:\/\/www.gamapa.de\/wp-content\/uploads\/2021\/10\/Antje-Stosch_2.jpg","type":"image\/jpeg"}],"twitter_card":"summary_large_image","twitter_misc":{"Dur\u00e9e de lecture estim\u00e9e":"1 minute"},"schema":{"@context":"https:\/\/schema.org","@graph":[{"@type":"WebPage","@id":"https:\/\/www.gamapa.de\/fr\/conseillers\/antje-stosch-avocat-specialise-en-droit-de-la-famillespecialise-en-droit-de-la-famille\/","url":"https:\/\/www.gamapa.de\/fr\/conseillers\/antje-stosch-avocat-specialise-en-droit-de-la-famillespecialise-en-droit-de-la-famille\/","name":"Antje Stosch - GANTEF\u00dcHRER","isPartOf":{"@id":"https:\/\/www.gamapa.de\/fr\/#website"},"primaryImageOfPage":{"@id":"https:\/\/www.gamapa.de\/fr\/conseillers\/antje-stosch-avocat-specialise-en-droit-de-la-famillespecialise-en-droit-de-la-famille\/#primaryimage"},"image":{"@id":"https:\/\/www.gamapa.de\/fr\/conseillers\/antje-stosch-avocat-specialise-en-droit-de-la-famillespecialise-en-droit-de-la-famille\/#primaryimage"},"thumbnailUrl":"https:\/\/www.gamapa.de\/wp-content\/uploads\/2021\/10\/Antje-Stosch_2.jpg","datePublished":"2020-09-02T11:09:38+00:00","dateModified":"2026-02-10T11:25:46+00:00","breadcrumb":{"@id":"https:\/\/www.gamapa.de\/fr\/conseillers\/antje-stosch-avocat-specialise-en-droit-de-la-famillespecialise-en-droit-de-la-famille\/#breadcrumb"},"inLanguage":"fr-FR","potentialAction":[{"@type":"ReadAction","target":["https:\/\/www.gamapa.de\/fr\/conseillers\/antje-stosch-avocat-specialise-en-droit-de-la-famillespecialise-en-droit-de-la-famille\/"]}]},{"@type":"ImageObject","inLanguage":"fr-FR","@id":"https:\/\/www.gamapa.de\/fr\/conseillers\/antje-stosch-avocat-specialise-en-droit-de-la-famillespecialise-en-droit-de-la-famille\/#primaryimage","url":"https:\/\/www.gamapa.de\/wp-content\/uploads\/2021\/10\/Antje-Stosch_2.jpg","contentUrl":"https:\/\/www.gamapa.de\/wp-content\/uploads\/2021\/10\/Antje-Stosch_2.jpg","width":1440,"height":859,"caption":"Antje Stosch, Rechtsanw\u00e4ltin, Counsel Fachanw\u00e4ltin f\u00fcr Familienrecht,"},{"@type":"BreadcrumbList","@id":"https:\/\/www.gamapa.de\/fr\/conseillers\/antje-stosch-avocat-specialise-en-droit-de-la-famillespecialise-en-droit-de-la-famille\/#breadcrumb","itemListElement":[{"@type":"ListItem","position":1,"name":"Startseite","item":"https:\/\/www.gamapa.de\/fr\/"},{"@type":"ListItem","position":2,"name":"Conseillers","item":"https:\/\/www.gamapa.de\/fr\/conseillers\/"},{"@type":"ListItem","position":3,"name":"Antje Stosch"}]},{"@type":"WebSite","@id":"https:\/\/www.gamapa.de\/fr\/#website","url":"https:\/\/www.gamapa.de\/fr\/","name":"GANTEF\u00dcHRER","description":"Wirtschaftspr\u00fcfer, Steuerberater, Rechtsanw\u00e4lte","publisher":{"@id":"https:\/\/www.gamapa.de\/fr\/#organization"},"potentialAction":[{"@type":"SearchAction","target":{"@type":"EntryPoint","urlTemplate":"https:\/\/www.gamapa.de\/fr\/?s={search_term_string}"},"query-input":{"@type":"PropertyValueSpecification","valueRequired":true,"valueName":"search_term_string"}}],"inLanguage":"fr-FR"},{"@type":"Organization","@id":"https:\/\/www.gamapa.de\/fr\/#organization","name":"Gantef\u00fchrer Wirtschaftspr\u00fcfer, Steuerberater, Rechtsanw\u00e4lte","url":"https:\/\/www.gamapa.de\/fr\/","logo":{"@type":"ImageObject","inLanguage":"fr-FR","@id":"https:\/\/www.gamapa.de\/fr\/#\/schema\/logo\/image\/","url":"https:\/\/www.gamapa.de\/wp-content\/uploads\/2026\/01\/Logo-Gantefuehrer.png","contentUrl":"https:\/\/www.gamapa.de\/wp-content\/uploads\/2026\/01\/Logo-Gantefuehrer.png","width":767,"height":156,"caption":"Gantef\u00fchrer Wirtschaftspr\u00fcfer, Steuerberater, Rechtsanw\u00e4lte"},"image":{"@id":"https:\/\/www.gamapa.de\/fr\/#\/schema\/logo\/image\/"}}]}},"uagb_featured_image_src":{"full":["https:\/\/www.gamapa.de\/wp-content\/uploads\/2021\/10\/Antje-Stosch_2.jpg",1440,859,false],"thumbnail":["https:\/\/www.gamapa.de\/wp-content\/uploads\/2021\/10\/Antje-Stosch_2-150x150.jpg",150,150,true],"medium":["https:\/\/www.gamapa.de\/wp-content\/uploads\/2021\/10\/Antje-Stosch_2-600x358.jpg",600,358,true],"medium_large":["https:\/\/www.gamapa.de\/wp-content\/uploads\/2021\/10\/Antje-Stosch_2-768x458.jpg",580,346,true],"large":["https:\/\/www.gamapa.de\/wp-content\/uploads\/2021\/10\/Antje-Stosch_2.jpg",580,346,false],"gs-tiny":["https:\/\/www.gamapa.de\/wp-content\/uploads\/2021\/10\/Antje-Stosch_2.jpg",50,30,false],"xl":["https:\/\/www.gamapa.de\/wp-content\/uploads\/2021\/10\/Antje-Stosch_2.jpg",1440,859,false],"xxl":["https:\/\/www.gamapa.de\/wp-content\/uploads\/2021\/10\/Antje-Stosch_2.jpg",1440,859,false],"xxxl":["https:\/\/www.gamapa.de\/wp-content\/uploads\/2021\/10\/Antje-Stosch_2.jpg",1440,859,false],"xxxxl":["https:\/\/www.gamapa.de\/wp-content\/uploads\/2021\/10\/Antje-Stosch_2.jpg",1440,859,false],"xxxxxl":["https:\/\/www.gamapa.de\/wp-content\/uploads\/2021\/10\/Antje-Stosch_2.jpg",1440,859,false],"1536x1536":["https:\/\/www.gamapa.de\/wp-content\/uploads\/2021\/10\/Antje-Stosch_2.jpg",1440,859,false],"2048x2048":["https:\/\/www.gamapa.de\/wp-content\/uploads\/2021\/10\/Antje-Stosch_2.jpg",1440,859,false],"post-thumbnail":["https:\/\/www.gamapa.de\/wp-content\/uploads\/2021\/10\/Antje-Stosch_2.jpg",1440,859,false],"twentytwenty-fullscreen":["https:\/\/www.gamapa.de\/wp-content\/uploads\/2021\/10\/Antje-Stosch_2.jpg",1440,859,false],"theme-slug-single-post":["https:\/\/www.gamapa.de\/wp-content\/uploads\/2021\/10\/Antje-Stosch_2-1440x400.jpg",1440,400,true]},"uagb_author_info":{"display_name":"linda","author_link":"https:\/\/www.gamapa.de\/fr\/author\/linda\/"},"uagb_comment_info":0,"uagb_excerpt":"Domaines de sp\u00e9cialisation Carri\u00e8re professionnelle 1991-1996 Universit\u00e9 de Bonn et Universit\u00e9 de Lausanne 1997-1999 Stage dans un cabinet juridique \u00e0 Duisburg 1997-1999 Assistante scientifique dans un cabinet juridique de taille moyenne \u00e0 D\u00fcsseldorf 1999-2011 Conseill\u00e8re juridique sp\u00e9cialis\u00e9e dans le droit de la famille, le droit des locations et le droit du travail \u00e0 D\u00fcsseldorf depuis\u2026","_links":{"self":[{"href":"https:\/\/www.gamapa.de\/fr\/wp-json\/wp\/v2\/pages\/4792","targetHints":{"allow":["GET"]}}],"collection":[{"href":"https:\/\/www.gamapa.de\/fr\/wp-json\/wp\/v2\/pages"}],"about":[{"href":"https:\/\/www.gamapa.de\/fr\/wp-json\/wp\/v2\/types\/page"}],"author":[{"embeddable":true,"href":"https:\/\/www.gamapa.de\/fr\/wp-json\/wp\/v2\/users\/1"}],"replies":[{"embeddable":true,"href":"https:\/\/www.gamapa.de\/fr\/wp-json\/wp\/v2\/comments?post=4792"}],"version-history":[{"count":13,"href":"https:\/\/www.gamapa.de\/fr\/wp-json\/wp\/v2\/pages\/4792\/revisions"}],"predecessor-version":[{"id":23963,"href":"https:\/\/www.gamapa.de\/fr\/wp-json\/wp\/v2\/pages\/4792\/revisions\/23963"}],"up":[{"embeddable":true,"href":"https:\/\/www.gamapa.de\/fr\/wp-json\/wp\/v2\/pages\/4584"}],"wp:featuredmedia":[{"embeddable":true,"href":"https:\/\/www.gamapa.de\/fr\/wp-json\/wp\/v2\/media\/9449"}],"wp:attachment":[{"href":"https:\/\/www.gamapa.de\/fr\/wp-json\/wp\/v2\/media?parent=4792"}],"curies":[{"name":"wp","href":"https:\/\/api.w.org\/{rel}","templated":true}]}}