

{"id":4846,"date":"2020-09-02T14:01:37","date_gmt":"2020-09-02T12:01:37","guid":{"rendered":"https:\/\/www.gamapa.de\/dr-joerg-irlich-rechtsanwalt\/"},"modified":"2025-07-10T11:58:14","modified_gmt":"2025-07-10T09:58:14","slug":"dr-joerg-irlich-avocat","status":"publish","type":"page","link":"https:\/\/www.gamapa.de\/fr\/conseillers\/dr-joerg-irlich-avocat\/","title":{"rendered":"Dr.  J\u00f6rg Irlich"},"content":{"rendered":"\n<h3 class=\"wp-block-heading\">Domaines de sp\u00e9cialisation<\/h3>\n\n\n\n<ul class=\"wp-block-list\">\n<li>Droit commercial et droit des soci\u00e9t\u00e9s<\/li>\n\n\n\n<li>Conseils en restructuration fiscale<\/li>\n\n\n\n<li>Conseil en succession<\/li>\n\n\n\n<li>Repr\u00e9sentation de clients lors de proc\u00e9dures p\u00e9nales fiscales<\/li>\n<\/ul>\n\n\n\n<h3 class=\"wp-block-heading\">Carri\u00e8re professionnelle<\/h3>\n\n\n\n<figure class=\"wp-block-table tablist\"><table><tbody><tr><td>1984-1991 <\/td><td>Universit\u00e9 de Cologne<\/td><\/tr><tr><td>1992-1995<\/td><td>Stage juridique \u00e0 Kleve<\/td><\/tr><tr><td>1995-2000<\/td><td>Conseiller juridique au sein du Cabinet Dehnen &amp; Partner, D\u00fcsseldorf<\/td><\/tr><tr><td>1999<\/td><td>Doctorat en sciences juridiques<\/td><\/tr><tr><td>2000-2018<\/td><td>Conseiller juridique chez la soci\u00e9t\u00e9 d\u2019audit et de conseil fiscal HLB Dr. Schumacher &amp; Partner GmbH, D\u00fcsseldorf<\/td><\/tr><tr><td>depuis 2018<\/td><td>Conseiller juridique chez Dr. Gantef\u00fchrer, Marquardt &amp; Partner<\/td><\/tr><\/tbody><\/table><\/figure>\n\n\n\n<h3 class=\"wp-block-heading\">Secteurs<\/h3>\n\n\n\n<ul class=\"wp-block-list\">\n<li>Entreprises moyennes de divers secteurs<\/li>\n\n\n\n<li>Particuliers<\/li>\n\n\n\n<li>Fondations<\/li>\n<\/ul>\n\n\n\n<h3 class=\"wp-block-heading\">Autres<\/h3>\n\n\n\n<ul class=\"wp-block-list\">\n<li>Coop\u00e9ration lors de la d\u00e9finition des principes de d\u00e9termination du revenu g\u00e9n\u00e9r\u00e9 par un \u00e9tablissement et des modalit\u00e9s de leur application dans le cas des banques, des compagnies d\u2019assurance et d\u2019autres organismes de financement, Rapport National Allemand sur le sujet Iors du 50\u00e8me Congr\u00e8s de l\u2019IFA \u00e0 Gen\u00e8ve 1996<\/li>\n\n\n\n<li>Membre du conseil de g\u00e9rance d\u2019une fondation caritative<\/li>\n<\/ul>\n\n\n\n<h3 class=\"wp-block-heading\">Appartenance<\/h3>\n\n\n\n<p>Cercle de discussion Rhin-Ruhr pour le droit fiscal international e.V.<\/p>\n\n\n\n\n\n<div class=\"wp-block-button zurueck\"><a class=\"wp-block-button__link wp-element-button\" href=\"https:\/\/www.gamapa.de\/fr\/conseillers\/\">retour<\/a><\/div>\n\n\n\n<p><\/p>\n","protected":false},"excerpt":{"rendered":"<p>Domaines de sp\u00e9cialisation Carri\u00e8re professionnelle 1984-1991 Universit\u00e9 de Cologne 1992-1995 Stage juridique \u00e0 Kleve 1995-2000 Conseiller juridique au sein du Cabinet Dehnen &amp; Partner, D\u00fcsseldorf 1999 Doctorat en sciences juridiques 2000-2018 Conseiller juridique chez la soci\u00e9t\u00e9 d\u2019audit et de conseil fiscal HLB Dr. Schumacher &amp; Partner GmbH, D\u00fcsseldorf depuis 2018 Conseiller juridique chez Dr. Gantef\u00fchrer, <a href=\"https:\/\/www.gamapa.de\/fr\/conseillers\/dr-joerg-irlich-avocat\/\">[\u2026]<\/a><\/p>\n","protected":false},"author":1,"featured_media":4219,"parent":4584,"menu_order":15,"comment_status":"closed","ping_status":"closed","template":"templates\/template-Profil.php","meta":{"_acf_changed":false,"_uag_custom_page_level_css":"","footnotes":""},"class_list":["post-4846","page","type-page","status-publish","has-post-thumbnail","hentry"],"acf":[],"yoast_head":"<!-- This site is optimized with the Yoast SEO plugin v27.3 - https:\/\/yoast.com\/product\/yoast-seo-wordpress\/ -->\n<title>Dr. J\u00f6rg Irlich - GANTEF\u00dcHRER<\/title>\n<meta name=\"robots\" content=\"index, follow, max-snippet:-1, max-image-preview:large, max-video-preview:-1\" \/>\n<link rel=\"canonical\" href=\"https:\/\/www.gamapa.de\/fr\/conseillers\/dr-joerg-irlich-avocat\/\" \/>\n<meta property=\"og:locale\" content=\"fr_FR\" \/>\n<meta property=\"og:type\" content=\"article\" \/>\n<meta property=\"og:title\" content=\"Dr. J\u00f6rg Irlich - GANTEF\u00dcHRER\" \/>\n<meta property=\"og:description\" content=\"Domaines de sp\u00e9cialisation Carri\u00e8re professionnelle 1984-1991 Universit\u00e9 de Cologne 1992-1995 Stage juridique \u00e0 Kleve 1995-2000 Conseiller juridique au sein du Cabinet Dehnen &amp; Partner, D\u00fcsseldorf 1999 Doctorat en sciences juridiques 2000-2018 Conseiller juridique chez la soci\u00e9t\u00e9 d\u2019audit et de conseil fiscal HLB Dr. Schumacher &amp; Partner GmbH, D\u00fcsseldorf depuis 2018 Conseiller juridique chez Dr. Gantef\u00fchrer, [\u2026]\" \/>\n<meta property=\"og:url\" content=\"https:\/\/www.gamapa.de\/fr\/conseillers\/dr-joerg-irlich-avocat\/\" \/>\n<meta property=\"og:site_name\" content=\"GANTEF\u00dcHRER\" \/>\n<meta property=\"article:modified_time\" content=\"2025-07-10T09:58:14+00:00\" \/>\n<meta property=\"og:image\" content=\"https:\/\/www.gamapa.de\/wp-content\/uploads\/2020\/08\/Irlich-big-1.jpg\" \/>\n\t<meta property=\"og:image:width\" content=\"1440\" \/>\n\t<meta property=\"og:image:height\" content=\"859\" \/>\n\t<meta property=\"og:image:type\" content=\"image\/jpeg\" \/>\n<meta name=\"twitter:card\" content=\"summary_large_image\" \/>\n<meta name=\"twitter:label1\" content=\"Dur\u00e9e de lecture estim\u00e9e\" \/>\n\t<meta name=\"twitter:data1\" content=\"2 minutes\" \/>\n<script type=\"application\/ld+json\" class=\"yoast-schema-graph\">{\"@context\":\"https:\\\/\\\/schema.org\",\"@graph\":[{\"@type\":\"WebPage\",\"@id\":\"https:\\\/\\\/www.gamapa.de\\\/fr\\\/conseillers\\\/dr-joerg-irlich-avocat\\\/\",\"url\":\"https:\\\/\\\/www.gamapa.de\\\/fr\\\/conseillers\\\/dr-joerg-irlich-avocat\\\/\",\"name\":\"Dr. J\u00f6rg Irlich - GANTEF\u00dcHRER\",\"isPartOf\":{\"@id\":\"https:\\\/\\\/www.gamapa.de\\\/fr\\\/#website\"},\"primaryImageOfPage\":{\"@id\":\"https:\\\/\\\/www.gamapa.de\\\/fr\\\/conseillers\\\/dr-joerg-irlich-avocat\\\/#primaryimage\"},\"image\":{\"@id\":\"https:\\\/\\\/www.gamapa.de\\\/fr\\\/conseillers\\\/dr-joerg-irlich-avocat\\\/#primaryimage\"},\"thumbnailUrl\":\"https:\\\/\\\/www.gamapa.de\\\/wp-content\\\/uploads\\\/2020\\\/08\\\/Irlich-big-1.jpg\",\"datePublished\":\"2020-09-02T12:01:37+00:00\",\"dateModified\":\"2025-07-10T09:58:14+00:00\",\"breadcrumb\":{\"@id\":\"https:\\\/\\\/www.gamapa.de\\\/fr\\\/conseillers\\\/dr-joerg-irlich-avocat\\\/#breadcrumb\"},\"inLanguage\":\"fr-FR\",\"potentialAction\":[{\"@type\":\"ReadAction\",\"target\":[\"https:\\\/\\\/www.gamapa.de\\\/fr\\\/conseillers\\\/dr-joerg-irlich-avocat\\\/\"]}]},{\"@type\":\"ImageObject\",\"inLanguage\":\"fr-FR\",\"@id\":\"https:\\\/\\\/www.gamapa.de\\\/fr\\\/conseillers\\\/dr-joerg-irlich-avocat\\\/#primaryimage\",\"url\":\"https:\\\/\\\/www.gamapa.de\\\/wp-content\\\/uploads\\\/2020\\\/08\\\/Irlich-big-1.jpg\",\"contentUrl\":\"https:\\\/\\\/www.gamapa.de\\\/wp-content\\\/uploads\\\/2020\\\/08\\\/Irlich-big-1.jpg\",\"width\":1440,\"height\":859,\"caption\":\"Dr. J\u00f6rg Irlich, Rechtsanwalt\"},{\"@type\":\"BreadcrumbList\",\"@id\":\"https:\\\/\\\/www.gamapa.de\\\/fr\\\/conseillers\\\/dr-joerg-irlich-avocat\\\/#breadcrumb\",\"itemListElement\":[{\"@type\":\"ListItem\",\"position\":1,\"name\":\"Startseite\",\"item\":\"https:\\\/\\\/www.gamapa.de\\\/fr\\\/\"},{\"@type\":\"ListItem\",\"position\":2,\"name\":\"Conseillers\",\"item\":\"https:\\\/\\\/www.gamapa.de\\\/fr\\\/conseillers\\\/\"},{\"@type\":\"ListItem\",\"position\":3,\"name\":\"Dr. J\u00f6rg Irlich\"}]},{\"@type\":\"WebSite\",\"@id\":\"https:\\\/\\\/www.gamapa.de\\\/fr\\\/#website\",\"url\":\"https:\\\/\\\/www.gamapa.de\\\/fr\\\/\",\"name\":\"GANTEF\u00dcHRER\",\"description\":\"Wirtschaftspr\u00fcfer, Steuerberater, Rechtsanw\u00e4lte\",\"publisher\":{\"@id\":\"https:\\\/\\\/www.gamapa.de\\\/fr\\\/#organization\"},\"potentialAction\":[{\"@type\":\"SearchAction\",\"target\":{\"@type\":\"EntryPoint\",\"urlTemplate\":\"https:\\\/\\\/www.gamapa.de\\\/fr\\\/?s={search_term_string}\"},\"query-input\":{\"@type\":\"PropertyValueSpecification\",\"valueRequired\":true,\"valueName\":\"search_term_string\"}}],\"inLanguage\":\"fr-FR\"},{\"@type\":\"Organization\",\"@id\":\"https:\\\/\\\/www.gamapa.de\\\/fr\\\/#organization\",\"name\":\"Gantef\u00fchrer Wirtschaftspr\u00fcfer, Steuerberater, Rechtsanw\u00e4lte\",\"url\":\"https:\\\/\\\/www.gamapa.de\\\/fr\\\/\",\"logo\":{\"@type\":\"ImageObject\",\"inLanguage\":\"fr-FR\",\"@id\":\"https:\\\/\\\/www.gamapa.de\\\/fr\\\/#\\\/schema\\\/logo\\\/image\\\/\",\"url\":\"https:\\\/\\\/www.gamapa.de\\\/wp-content\\\/uploads\\\/2026\\\/01\\\/Logo-Gantefuehrer.png\",\"contentUrl\":\"https:\\\/\\\/www.gamapa.de\\\/wp-content\\\/uploads\\\/2026\\\/01\\\/Logo-Gantefuehrer.png\",\"width\":767,\"height\":156,\"caption\":\"Gantef\u00fchrer Wirtschaftspr\u00fcfer, Steuerberater, Rechtsanw\u00e4lte\"},\"image\":{\"@id\":\"https:\\\/\\\/www.gamapa.de\\\/fr\\\/#\\\/schema\\\/logo\\\/image\\\/\"}}]}<\/script>\n<!-- \/ Yoast SEO plugin. -->","yoast_head_json":{"title":"Dr. J\u00f6rg Irlich - GANTEF\u00dcHRER","robots":{"index":"index","follow":"follow","max-snippet":"max-snippet:-1","max-image-preview":"max-image-preview:large","max-video-preview":"max-video-preview:-1"},"canonical":"https:\/\/www.gamapa.de\/fr\/conseillers\/dr-joerg-irlich-avocat\/","og_locale":"fr_FR","og_type":"article","og_title":"Dr. J\u00f6rg Irlich - GANTEF\u00dcHRER","og_description":"Domaines de sp\u00e9cialisation Carri\u00e8re professionnelle 1984-1991 Universit\u00e9 de Cologne 1992-1995 Stage juridique \u00e0 Kleve 1995-2000 Conseiller juridique au sein du Cabinet Dehnen &amp; Partner, D\u00fcsseldorf 1999 Doctorat en sciences juridiques 2000-2018 Conseiller juridique chez la soci\u00e9t\u00e9 d\u2019audit et de conseil fiscal HLB Dr. Schumacher &amp; Partner GmbH, D\u00fcsseldorf depuis 2018 Conseiller juridique chez Dr. Gantef\u00fchrer, [\u2026]","og_url":"https:\/\/www.gamapa.de\/fr\/conseillers\/dr-joerg-irlich-avocat\/","og_site_name":"GANTEF\u00dcHRER","article_modified_time":"2025-07-10T09:58:14+00:00","og_image":[{"width":1440,"height":859,"url":"https:\/\/www.gamapa.de\/wp-content\/uploads\/2020\/08\/Irlich-big-1.jpg","type":"image\/jpeg"}],"twitter_card":"summary_large_image","twitter_misc":{"Dur\u00e9e de lecture estim\u00e9e":"2 minutes"},"schema":{"@context":"https:\/\/schema.org","@graph":[{"@type":"WebPage","@id":"https:\/\/www.gamapa.de\/fr\/conseillers\/dr-joerg-irlich-avocat\/","url":"https:\/\/www.gamapa.de\/fr\/conseillers\/dr-joerg-irlich-avocat\/","name":"Dr. J\u00f6rg Irlich - GANTEF\u00dcHRER","isPartOf":{"@id":"https:\/\/www.gamapa.de\/fr\/#website"},"primaryImageOfPage":{"@id":"https:\/\/www.gamapa.de\/fr\/conseillers\/dr-joerg-irlich-avocat\/#primaryimage"},"image":{"@id":"https:\/\/www.gamapa.de\/fr\/conseillers\/dr-joerg-irlich-avocat\/#primaryimage"},"thumbnailUrl":"https:\/\/www.gamapa.de\/wp-content\/uploads\/2020\/08\/Irlich-big-1.jpg","datePublished":"2020-09-02T12:01:37+00:00","dateModified":"2025-07-10T09:58:14+00:00","breadcrumb":{"@id":"https:\/\/www.gamapa.de\/fr\/conseillers\/dr-joerg-irlich-avocat\/#breadcrumb"},"inLanguage":"fr-FR","potentialAction":[{"@type":"ReadAction","target":["https:\/\/www.gamapa.de\/fr\/conseillers\/dr-joerg-irlich-avocat\/"]}]},{"@type":"ImageObject","inLanguage":"fr-FR","@id":"https:\/\/www.gamapa.de\/fr\/conseillers\/dr-joerg-irlich-avocat\/#primaryimage","url":"https:\/\/www.gamapa.de\/wp-content\/uploads\/2020\/08\/Irlich-big-1.jpg","contentUrl":"https:\/\/www.gamapa.de\/wp-content\/uploads\/2020\/08\/Irlich-big-1.jpg","width":1440,"height":859,"caption":"Dr. J\u00f6rg Irlich, Rechtsanwalt"},{"@type":"BreadcrumbList","@id":"https:\/\/www.gamapa.de\/fr\/conseillers\/dr-joerg-irlich-avocat\/#breadcrumb","itemListElement":[{"@type":"ListItem","position":1,"name":"Startseite","item":"https:\/\/www.gamapa.de\/fr\/"},{"@type":"ListItem","position":2,"name":"Conseillers","item":"https:\/\/www.gamapa.de\/fr\/conseillers\/"},{"@type":"ListItem","position":3,"name":"Dr. J\u00f6rg Irlich"}]},{"@type":"WebSite","@id":"https:\/\/www.gamapa.de\/fr\/#website","url":"https:\/\/www.gamapa.de\/fr\/","name":"GANTEF\u00dcHRER","description":"Wirtschaftspr\u00fcfer, Steuerberater, Rechtsanw\u00e4lte","publisher":{"@id":"https:\/\/www.gamapa.de\/fr\/#organization"},"potentialAction":[{"@type":"SearchAction","target":{"@type":"EntryPoint","urlTemplate":"https:\/\/www.gamapa.de\/fr\/?s={search_term_string}"},"query-input":{"@type":"PropertyValueSpecification","valueRequired":true,"valueName":"search_term_string"}}],"inLanguage":"fr-FR"},{"@type":"Organization","@id":"https:\/\/www.gamapa.de\/fr\/#organization","name":"Gantef\u00fchrer Wirtschaftspr\u00fcfer, Steuerberater, Rechtsanw\u00e4lte","url":"https:\/\/www.gamapa.de\/fr\/","logo":{"@type":"ImageObject","inLanguage":"fr-FR","@id":"https:\/\/www.gamapa.de\/fr\/#\/schema\/logo\/image\/","url":"https:\/\/www.gamapa.de\/wp-content\/uploads\/2026\/01\/Logo-Gantefuehrer.png","contentUrl":"https:\/\/www.gamapa.de\/wp-content\/uploads\/2026\/01\/Logo-Gantefuehrer.png","width":767,"height":156,"caption":"Gantef\u00fchrer Wirtschaftspr\u00fcfer, Steuerberater, Rechtsanw\u00e4lte"},"image":{"@id":"https:\/\/www.gamapa.de\/fr\/#\/schema\/logo\/image\/"}}]}},"uagb_featured_image_src":{"full":["https:\/\/www.gamapa.de\/wp-content\/uploads\/2020\/08\/Irlich-big-1.jpg",1440,859,false],"thumbnail":["https:\/\/www.gamapa.de\/wp-content\/uploads\/2020\/08\/Irlich-big-1-150x150.jpg",150,150,true],"medium":["https:\/\/www.gamapa.de\/wp-content\/uploads\/2020\/08\/Irlich-big-1-600x358.jpg",600,358,true],"medium_large":["https:\/\/www.gamapa.de\/wp-content\/uploads\/2020\/08\/Irlich-big-1-768x458.jpg",580,346,true],"large":["https:\/\/www.gamapa.de\/wp-content\/uploads\/2020\/08\/Irlich-big-1.jpg",580,346,false],"gs-tiny":["https:\/\/www.gamapa.de\/wp-content\/uploads\/2020\/08\/Irlich-big-1.jpg",50,30,false],"xl":["https:\/\/www.gamapa.de\/wp-content\/uploads\/2020\/08\/Irlich-big-1.jpg",1440,859,false],"xxl":["https:\/\/www.gamapa.de\/wp-content\/uploads\/2020\/08\/Irlich-big-1.jpg",1440,859,false],"xxxl":["https:\/\/www.gamapa.de\/wp-content\/uploads\/2020\/08\/Irlich-big-1.jpg",1440,859,false],"xxxxl":["https:\/\/www.gamapa.de\/wp-content\/uploads\/2020\/08\/Irlich-big-1.jpg",1440,859,false],"xxxxxl":["https:\/\/www.gamapa.de\/wp-content\/uploads\/2020\/08\/Irlich-big-1.jpg",1440,859,false],"1536x1536":["https:\/\/www.gamapa.de\/wp-content\/uploads\/2020\/08\/Irlich-big-1.jpg",1440,859,false],"2048x2048":["https:\/\/www.gamapa.de\/wp-content\/uploads\/2020\/08\/Irlich-big-1.jpg",1440,859,false],"post-thumbnail":["https:\/\/www.gamapa.de\/wp-content\/uploads\/2020\/08\/Irlich-big-1.jpg",1440,859,false],"twentytwenty-fullscreen":["https:\/\/www.gamapa.de\/wp-content\/uploads\/2020\/08\/Irlich-big-1.jpg",1440,859,false],"theme-slug-single-post":["https:\/\/www.gamapa.de\/wp-content\/uploads\/2020\/08\/Irlich-big-1-1440x400.jpg",1440,400,true]},"uagb_author_info":{"display_name":"linda","author_link":"https:\/\/www.gamapa.de\/fr\/author\/linda\/"},"uagb_comment_info":0,"uagb_excerpt":"Domaines de sp\u00e9cialisation Carri\u00e8re professionnelle 1984-1991 Universit\u00e9 de Cologne 1992-1995 Stage juridique \u00e0 Kleve 1995-2000 Conseiller juridique au sein du Cabinet Dehnen &amp; Partner, D\u00fcsseldorf 1999 Doctorat en sciences juridiques 2000-2018 Conseiller juridique chez la soci\u00e9t\u00e9 d\u2019audit et de conseil fiscal HLB Dr. Schumacher &amp; Partner GmbH, D\u00fcsseldorf depuis 2018 Conseiller juridique chez Dr. Gantef\u00fchrer,\u2026","_links":{"self":[{"href":"https:\/\/www.gamapa.de\/fr\/wp-json\/wp\/v2\/pages\/4846","targetHints":{"allow":["GET"]}}],"collection":[{"href":"https:\/\/www.gamapa.de\/fr\/wp-json\/wp\/v2\/pages"}],"about":[{"href":"https:\/\/www.gamapa.de\/fr\/wp-json\/wp\/v2\/types\/page"}],"author":[{"embeddable":true,"href":"https:\/\/www.gamapa.de\/fr\/wp-json\/wp\/v2\/users\/1"}],"replies":[{"embeddable":true,"href":"https:\/\/www.gamapa.de\/fr\/wp-json\/wp\/v2\/comments?post=4846"}],"version-history":[{"count":9,"href":"https:\/\/www.gamapa.de\/fr\/wp-json\/wp\/v2\/pages\/4846\/revisions"}],"predecessor-version":[{"id":20594,"href":"https:\/\/www.gamapa.de\/fr\/wp-json\/wp\/v2\/pages\/4846\/revisions\/20594"}],"up":[{"embeddable":true,"href":"https:\/\/www.gamapa.de\/fr\/wp-json\/wp\/v2\/pages\/4584"}],"wp:featuredmedia":[{"embeddable":true,"href":"https:\/\/www.gamapa.de\/fr\/wp-json\/wp\/v2\/media\/4219"}],"wp:attachment":[{"href":"https:\/\/www.gamapa.de\/fr\/wp-json\/wp\/v2\/media?parent=4846"}],"curies":[{"name":"wp","href":"https:\/\/api.w.org\/{rel}","templated":true}]}}