

{"id":4886,"date":"2020-09-02T14:37:48","date_gmt":"2020-09-02T12:37:48","guid":{"rendered":"https:\/\/www.gamapa.de\/dr-jan-huylmans-rechtsanwalt\/"},"modified":"2026-02-10T13:32:43","modified_gmt":"2026-02-10T12:32:43","slug":"dr-jan-huylmans-avocat","status":"publish","type":"page","link":"https:\/\/www.gamapa.de\/fr\/conseillers\/dr-jan-huylmans-avocat\/","title":{"rendered":"Dr. Jan Huylmans"},"content":{"rendered":"\n<h3 class=\"wp-block-heading\">Domaines de sp\u00e9cialisation<\/h3>\n\n\n\n<ul class=\"wp-block-list\">\n<li>Fusions et acquisitions\/Transactions d&rsquo;entreprises<\/li>\n\n\n\n<li>Droit commercial et droit des soci\u00e9t\u00e9s<\/li>\n\n\n\n<li>Droit bancaire et droit des march\u00e9s financiers<\/li>\n\n\n\n<li>Droit de l&rsquo;insolvabilit\u00e9<\/li>\n\n\n\n<li>Contentieux<\/li>\n<\/ul>\n\n\n\n<h3 class=\"wp-block-heading\">Carri\u00e8re professionnelle<\/h3>\n\n\n\n<figure class=\"wp-block-table tablist\"><table><tbody><tr><td>2004-2009 <\/td><td>\u00c9tudes \u00e0 l&rsquo;universit\u00e9 de M\u00fcnster (WWU)<\/td><\/tr><tr><td>2009-2011<\/td><td>Doctorat en sciences juridiques et assistant scientifique \u00e0 la Westf\u00e4lische Wilhelms-Universit\u00e4t (WWU) \u00e0 M\u00fcnster<\/td><\/tr><tr><td>2012-2014<\/td><td>Stage au minist\u00e8re de l&rsquo;\u00c9conomie de Rh\u00e9nanie-du-Nord-Westphalie, dans un grand cabinet d&rsquo;avocats sp\u00e9cialis\u00e9 en droit des affaires \u00e0 D\u00fcsseldorf et Londres, ainsi qu&rsquo;au consulat g\u00e9n\u00e9ral \u00e0 Los Angeles (\u00c9tats-Unis)<\/li><\/ul><\/td><\/tr><tr><td>2014<\/td><td>Travail de projet \u00e0 l&rsquo;Universit\u00e9 de M\u00fcnster (WWU) \u00e0 l&rsquo;Institut des sciences communales<\/td><\/tr><tr><td>depuis 2014<\/td><td>Conseiller juridique chez Dr. Gantef\u00fchrer, Marquardt &amp; Partner<\/td><\/tr><tr><td>depuis 2023<\/td><td>Avocat sp\u00e9cialis\u00e9 en droit bancaire et des march\u00e9s de capitaux<\/td><\/tr><\/tbody><\/table><\/figure>\n\n\n\n<h3 class=\"wp-block-heading\">Secteurs<\/h3>\n\n\n\n<ul class=\"wp-block-list\">\n<li>Entreprises moyennes issues de divers secteurs<\/li>\n\n\n\n<li>Secteur du tourisme<\/li>\n\n\n\n<li>Clients priv\u00e9s<\/li>\n\n\n\n<li>M\u00e9decins et pharmaciens<\/li>\n<\/ul>\n\n\n\n<h3 class=\"wp-block-heading\">Mandats s\u00e9lectionn\u00e9s dans le domaine des fusions-acquisitions<\/h3>\n\n\n\n<ul class=\"wp-block-list\">\n<li>Conseil aupr\u00e8s de Duisburger Hafen AG (duisport), exploitant du plus grand port fluvial de conteneurs au monde, dans le cadre de l&rsquo;acquisition d&rsquo;un atelier de r\u00e9paration de locomotives et d&rsquo;un parc de locomotives dans le cadre d&rsquo;une cession d&rsquo;actifs<\/li>\n\n\n\n<li>Conseil d&rsquo;une entreprise familiale fran\u00e7aise qui pr\u00e9serve et r\u00e9invente depuis plus de 140 ans l&rsquo;artisanat de la fabrication de lunettes, dans le cadre de la cr\u00e9ation d&rsquo;une coentreprise pour les march\u00e9s allemand et autrichien, y compris la cr\u00e9ation (et la reprise ult\u00e9rieure) d&rsquo;une coentreprise GmbH<\/li>\n\n\n\n<li>Conseil des associ\u00e9s d&rsquo;un sp\u00e9cialiste des tubes en acier et en acier inoxydable dans le cadre de la vente de l&rsquo;entreprise<\/li>\n\n\n\n<li>Conseil d&rsquo;un sp\u00e9cialiste n\u00e9erlandais du stockage frigorifique automatis\u00e9 dans le cadre de l&rsquo;acquisition d&rsquo;une entreprise allemande de transport routier<\/li>\n\n\n\n<li>Conseil aux associ\u00e9s d&rsquo;une entreprise de fabrication de produits r\u00e9fractaires dans le cadre de l&rsquo;acquisition des parts sociales de leurs coassoci\u00e9s<\/li>\n\n\n\n<li>Conseil \u00e0 une coop\u00e9rative dans le cadre de l&rsquo;acquisition d&rsquo;une entreprise sp\u00e9cialis\u00e9e dans les soins palliatifs ambulatoires<\/li>\n\n\n\n<li>Conseil \u00e0 un investisseur priv\u00e9 dans le cadre de l&rsquo;acquisition d&rsquo;une participation minoritaire dans une entreprise agricole<\/li>\n\n\n\n<li>Conseil d&rsquo;une entreprise touristique suisse lors de l&rsquo;acquisition d&rsquo;une entreprise de traitement de donn\u00e9es<\/li>\n\n\n\n<li>Conseil des associ\u00e9s d&rsquo;un prestataire de services informatiques lors de la vente de l&rsquo;entreprise \u00e0 un fournisseur international de mod\u00e8les commerciaux num\u00e9riques et d&rsquo;outils d&rsquo;intelligence artificielle<\/li>\n\n\n\n<li>Conseil des associ\u00e9s d&rsquo;un cabinet m\u00e9dical commun, y compris une filiale (laboratoire), lors de la vente \u00e0 un centre de soins dentaires<\/li>\n\n\n\n<li>Conseil aux associ\u00e9s d&rsquo;un expert en emballages en bois lors de la vente de l&rsquo;entreprise, y compris ses filiales<\/li>\n\n\n\n<li>Conseil \u00e0 un associ\u00e9 d&rsquo;une entreprise de robotique en plein essor dans le cadre d&rsquo;un tour de table d&rsquo;investisseurs<\/li>\n\n\n\n<li>Conseil d&rsquo;une entreprise sp\u00e9cialis\u00e9e dans les logiciels de construction, la gestion de projets de construction et les services aux entreprises de construction lors de la cr\u00e9ation d&rsquo;une coentreprise<\/li>\n\n\n\n<li>Cr\u00e9ation de nombreuses filiales ou acquisition de soci\u00e9t\u00e9s pr\u00e9constitu\u00e9es pour des entreprises \u00e9trang\u00e8res<\/li>\n<\/ul>\n\n\n\n<h3 class=\"wp-block-heading\">Publications<\/h3>\n\n\n\n<ul class=\"wp-block-list\">\n<li>L&rsquo;activit\u00e9 \u00e9nerg\u00e9tique de la commune &#8211; Pas de\/Un droit public subjectif dans le \u00a7 107 a GO NRW, in: NVWBl. 2016, 100<\/li>\n\n\n\n<li>Cours en ligne\/document \u201eDroit communal de la Rh\u00e9nanie du Nord-Westphalie\u201c, \u00e9dition 1-4, 2014<\/li>\n\n\n\n<li>Fonds de compensation en Rh\u00e9nanie du Nord -Westphalie, 2013<\/li>\n<\/ul>\n\n\n\n<h3 class=\"wp-block-heading\">Appartenance<\/h3>\n\n\n\n<ul class=\"wp-block-list\">\n<li>Groupe de travail Droit bancaire et droit des march\u00e9s financiers (Arbeitsgemeinschaft Bank- und Kapitalmarktrecht)<\/li>\n\n\n\n<li>Association allemande des avocats (Deutscher Anwaltverein e.V.)<\/li>\n\n\n\n<li>Association des avocats de D\u00fcsseldorf (D\u00fcsseldorfer Anwalt-Verein e.V.)<\/li>\n\n\n\n<li>Responsable des groupes de travail des avocats-stagiaires au Tribunal du Land de D\u00fcsseldorf&nbsp;<\/li>\n<\/ul>\n\n\n\n\n\n<div class=\"wp-block-button zurueck\"><a class=\"wp-block-button__link wp-element-button\" href=\"https:\/\/www.gamapa.de\/fr\/conseillers\/\">retour<\/a><\/div>\n\n\n\n<p><\/p>\n","protected":false},"excerpt":{"rendered":"<p>Domaines de sp\u00e9cialisation Carri\u00e8re professionnelle 2004-2009 \u00c9tudes \u00e0 l&rsquo;universit\u00e9 de M\u00fcnster (WWU) 2009-2011 Doctorat en sciences juridiques et assistant scientifique \u00e0 la Westf\u00e4lische Wilhelms-Universit\u00e4t (WWU) \u00e0 M\u00fcnster 2012-2014 Stage au minist\u00e8re de l&rsquo;\u00c9conomie de Rh\u00e9nanie-du-Nord-Westphalie, dans un grand cabinet d&rsquo;avocats sp\u00e9cialis\u00e9 en droit des affaires \u00e0 D\u00fcsseldorf et Londres, ainsi qu&rsquo;au consulat g\u00e9n\u00e9ral \u00e0 Los <a href=\"https:\/\/www.gamapa.de\/fr\/conseillers\/dr-jan-huylmans-avocat\/\">[\u2026]<\/a><\/p>\n","protected":false},"author":1,"featured_media":4339,"parent":4584,"menu_order":13,"comment_status":"closed","ping_status":"closed","template":"templates\/template-Profil.php","meta":{"_acf_changed":false,"_uag_custom_page_level_css":"","footnotes":""},"class_list":["post-4886","page","type-page","status-publish","has-post-thumbnail","hentry"],"acf":[],"yoast_head":"<!-- This site is optimized with the Yoast SEO plugin v27.3 - https:\/\/yoast.com\/product\/yoast-seo-wordpress\/ -->\n<title>Dr. Jan Huylmans - GANTEF\u00dcHRER<\/title>\n<meta name=\"robots\" content=\"index, follow, max-snippet:-1, max-image-preview:large, max-video-preview:-1\" \/>\n<link rel=\"canonical\" href=\"https:\/\/www.gamapa.de\/fr\/conseillers\/dr-jan-huylmans-avocat\/\" \/>\n<meta property=\"og:locale\" content=\"fr_FR\" \/>\n<meta property=\"og:type\" content=\"article\" \/>\n<meta property=\"og:title\" content=\"Dr. Jan Huylmans - GANTEF\u00dcHRER\" \/>\n<meta property=\"og:description\" content=\"Domaines de sp\u00e9cialisation Carri\u00e8re professionnelle 2004-2009 \u00c9tudes \u00e0 l&rsquo;universit\u00e9 de M\u00fcnster (WWU) 2009-2011 Doctorat en sciences juridiques et assistant scientifique \u00e0 la Westf\u00e4lische Wilhelms-Universit\u00e4t (WWU) \u00e0 M\u00fcnster 2012-2014 Stage au minist\u00e8re de l&rsquo;\u00c9conomie de Rh\u00e9nanie-du-Nord-Westphalie, dans un grand cabinet d&rsquo;avocats sp\u00e9cialis\u00e9 en droit des affaires \u00e0 D\u00fcsseldorf et Londres, ainsi qu&rsquo;au consulat g\u00e9n\u00e9ral \u00e0 Los [\u2026]\" \/>\n<meta property=\"og:url\" content=\"https:\/\/www.gamapa.de\/fr\/conseillers\/dr-jan-huylmans-avocat\/\" \/>\n<meta property=\"og:site_name\" content=\"GANTEF\u00dcHRER\" \/>\n<meta property=\"article:modified_time\" content=\"2026-02-10T12:32:43+00:00\" \/>\n<meta property=\"og:image\" content=\"https:\/\/www.gamapa.de\/wp-content\/uploads\/2020\/09\/Huylmans-big2.jpg\" \/>\n\t<meta property=\"og:image:width\" content=\"1440\" \/>\n\t<meta property=\"og:image:height\" content=\"859\" \/>\n\t<meta property=\"og:image:type\" content=\"image\/jpeg\" \/>\n<meta name=\"twitter:card\" content=\"summary_large_image\" \/>\n<meta name=\"twitter:label1\" content=\"Dur\u00e9e de lecture estim\u00e9e\" \/>\n\t<meta name=\"twitter:data1\" content=\"4 minutes\" \/>\n<script type=\"application\/ld+json\" class=\"yoast-schema-graph\">{\"@context\":\"https:\\\/\\\/schema.org\",\"@graph\":[{\"@type\":\"WebPage\",\"@id\":\"https:\\\/\\\/www.gamapa.de\\\/fr\\\/conseillers\\\/dr-jan-huylmans-avocat\\\/\",\"url\":\"https:\\\/\\\/www.gamapa.de\\\/fr\\\/conseillers\\\/dr-jan-huylmans-avocat\\\/\",\"name\":\"Dr. Jan Huylmans - GANTEF\u00dcHRER\",\"isPartOf\":{\"@id\":\"https:\\\/\\\/www.gamapa.de\\\/fr\\\/#website\"},\"primaryImageOfPage\":{\"@id\":\"https:\\\/\\\/www.gamapa.de\\\/fr\\\/conseillers\\\/dr-jan-huylmans-avocat\\\/#primaryimage\"},\"image\":{\"@id\":\"https:\\\/\\\/www.gamapa.de\\\/fr\\\/conseillers\\\/dr-jan-huylmans-avocat\\\/#primaryimage\"},\"thumbnailUrl\":\"https:\\\/\\\/www.gamapa.de\\\/wp-content\\\/uploads\\\/2020\\\/09\\\/Huylmans-big2.jpg\",\"datePublished\":\"2020-09-02T12:37:48+00:00\",\"dateModified\":\"2026-02-10T12:32:43+00:00\",\"breadcrumb\":{\"@id\":\"https:\\\/\\\/www.gamapa.de\\\/fr\\\/conseillers\\\/dr-jan-huylmans-avocat\\\/#breadcrumb\"},\"inLanguage\":\"fr-FR\",\"potentialAction\":[{\"@type\":\"ReadAction\",\"target\":[\"https:\\\/\\\/www.gamapa.de\\\/fr\\\/conseillers\\\/dr-jan-huylmans-avocat\\\/\"]}]},{\"@type\":\"ImageObject\",\"inLanguage\":\"fr-FR\",\"@id\":\"https:\\\/\\\/www.gamapa.de\\\/fr\\\/conseillers\\\/dr-jan-huylmans-avocat\\\/#primaryimage\",\"url\":\"https:\\\/\\\/www.gamapa.de\\\/wp-content\\\/uploads\\\/2020\\\/09\\\/Huylmans-big2.jpg\",\"contentUrl\":\"https:\\\/\\\/www.gamapa.de\\\/wp-content\\\/uploads\\\/2020\\\/09\\\/Huylmans-big2.jpg\",\"width\":1440,\"height\":859,\"caption\":\"Dr. Jan Huylmans, Rechtsanwalt, Counsel, Fachanwalt f\u00fcr Bank- und Kapitalmarktrecht\"},{\"@type\":\"BreadcrumbList\",\"@id\":\"https:\\\/\\\/www.gamapa.de\\\/fr\\\/conseillers\\\/dr-jan-huylmans-avocat\\\/#breadcrumb\",\"itemListElement\":[{\"@type\":\"ListItem\",\"position\":1,\"name\":\"Startseite\",\"item\":\"https:\\\/\\\/www.gamapa.de\\\/fr\\\/\"},{\"@type\":\"ListItem\",\"position\":2,\"name\":\"Conseillers\",\"item\":\"https:\\\/\\\/www.gamapa.de\\\/fr\\\/conseillers\\\/\"},{\"@type\":\"ListItem\",\"position\":3,\"name\":\"Dr. Jan Huylmans\"}]},{\"@type\":\"WebSite\",\"@id\":\"https:\\\/\\\/www.gamapa.de\\\/fr\\\/#website\",\"url\":\"https:\\\/\\\/www.gamapa.de\\\/fr\\\/\",\"name\":\"GANTEF\u00dcHRER\",\"description\":\"Wirtschaftspr\u00fcfer, Steuerberater, Rechtsanw\u00e4lte\",\"publisher\":{\"@id\":\"https:\\\/\\\/www.gamapa.de\\\/fr\\\/#organization\"},\"potentialAction\":[{\"@type\":\"SearchAction\",\"target\":{\"@type\":\"EntryPoint\",\"urlTemplate\":\"https:\\\/\\\/www.gamapa.de\\\/fr\\\/?s={search_term_string}\"},\"query-input\":{\"@type\":\"PropertyValueSpecification\",\"valueRequired\":true,\"valueName\":\"search_term_string\"}}],\"inLanguage\":\"fr-FR\"},{\"@type\":\"Organization\",\"@id\":\"https:\\\/\\\/www.gamapa.de\\\/fr\\\/#organization\",\"name\":\"Gantef\u00fchrer Wirtschaftspr\u00fcfer, Steuerberater, Rechtsanw\u00e4lte\",\"url\":\"https:\\\/\\\/www.gamapa.de\\\/fr\\\/\",\"logo\":{\"@type\":\"ImageObject\",\"inLanguage\":\"fr-FR\",\"@id\":\"https:\\\/\\\/www.gamapa.de\\\/fr\\\/#\\\/schema\\\/logo\\\/image\\\/\",\"url\":\"https:\\\/\\\/www.gamapa.de\\\/wp-content\\\/uploads\\\/2026\\\/01\\\/Logo-Gantefuehrer.png\",\"contentUrl\":\"https:\\\/\\\/www.gamapa.de\\\/wp-content\\\/uploads\\\/2026\\\/01\\\/Logo-Gantefuehrer.png\",\"width\":767,\"height\":156,\"caption\":\"Gantef\u00fchrer Wirtschaftspr\u00fcfer, Steuerberater, Rechtsanw\u00e4lte\"},\"image\":{\"@id\":\"https:\\\/\\\/www.gamapa.de\\\/fr\\\/#\\\/schema\\\/logo\\\/image\\\/\"}}]}<\/script>\n<!-- \/ Yoast SEO plugin. -->","yoast_head_json":{"title":"Dr. Jan Huylmans - GANTEF\u00dcHRER","robots":{"index":"index","follow":"follow","max-snippet":"max-snippet:-1","max-image-preview":"max-image-preview:large","max-video-preview":"max-video-preview:-1"},"canonical":"https:\/\/www.gamapa.de\/fr\/conseillers\/dr-jan-huylmans-avocat\/","og_locale":"fr_FR","og_type":"article","og_title":"Dr. Jan Huylmans - GANTEF\u00dcHRER","og_description":"Domaines de sp\u00e9cialisation Carri\u00e8re professionnelle 2004-2009 \u00c9tudes \u00e0 l&rsquo;universit\u00e9 de M\u00fcnster (WWU) 2009-2011 Doctorat en sciences juridiques et assistant scientifique \u00e0 la Westf\u00e4lische Wilhelms-Universit\u00e4t (WWU) \u00e0 M\u00fcnster 2012-2014 Stage au minist\u00e8re de l&rsquo;\u00c9conomie de Rh\u00e9nanie-du-Nord-Westphalie, dans un grand cabinet d&rsquo;avocats sp\u00e9cialis\u00e9 en droit des affaires \u00e0 D\u00fcsseldorf et Londres, ainsi qu&rsquo;au consulat g\u00e9n\u00e9ral \u00e0 Los [\u2026]","og_url":"https:\/\/www.gamapa.de\/fr\/conseillers\/dr-jan-huylmans-avocat\/","og_site_name":"GANTEF\u00dcHRER","article_modified_time":"2026-02-10T12:32:43+00:00","og_image":[{"width":1440,"height":859,"url":"https:\/\/www.gamapa.de\/wp-content\/uploads\/2020\/09\/Huylmans-big2.jpg","type":"image\/jpeg"}],"twitter_card":"summary_large_image","twitter_misc":{"Dur\u00e9e de lecture estim\u00e9e":"4 minutes"},"schema":{"@context":"https:\/\/schema.org","@graph":[{"@type":"WebPage","@id":"https:\/\/www.gamapa.de\/fr\/conseillers\/dr-jan-huylmans-avocat\/","url":"https:\/\/www.gamapa.de\/fr\/conseillers\/dr-jan-huylmans-avocat\/","name":"Dr. Jan Huylmans - GANTEF\u00dcHRER","isPartOf":{"@id":"https:\/\/www.gamapa.de\/fr\/#website"},"primaryImageOfPage":{"@id":"https:\/\/www.gamapa.de\/fr\/conseillers\/dr-jan-huylmans-avocat\/#primaryimage"},"image":{"@id":"https:\/\/www.gamapa.de\/fr\/conseillers\/dr-jan-huylmans-avocat\/#primaryimage"},"thumbnailUrl":"https:\/\/www.gamapa.de\/wp-content\/uploads\/2020\/09\/Huylmans-big2.jpg","datePublished":"2020-09-02T12:37:48+00:00","dateModified":"2026-02-10T12:32:43+00:00","breadcrumb":{"@id":"https:\/\/www.gamapa.de\/fr\/conseillers\/dr-jan-huylmans-avocat\/#breadcrumb"},"inLanguage":"fr-FR","potentialAction":[{"@type":"ReadAction","target":["https:\/\/www.gamapa.de\/fr\/conseillers\/dr-jan-huylmans-avocat\/"]}]},{"@type":"ImageObject","inLanguage":"fr-FR","@id":"https:\/\/www.gamapa.de\/fr\/conseillers\/dr-jan-huylmans-avocat\/#primaryimage","url":"https:\/\/www.gamapa.de\/wp-content\/uploads\/2020\/09\/Huylmans-big2.jpg","contentUrl":"https:\/\/www.gamapa.de\/wp-content\/uploads\/2020\/09\/Huylmans-big2.jpg","width":1440,"height":859,"caption":"Dr. Jan Huylmans, Rechtsanwalt, Counsel, Fachanwalt f\u00fcr Bank- und Kapitalmarktrecht"},{"@type":"BreadcrumbList","@id":"https:\/\/www.gamapa.de\/fr\/conseillers\/dr-jan-huylmans-avocat\/#breadcrumb","itemListElement":[{"@type":"ListItem","position":1,"name":"Startseite","item":"https:\/\/www.gamapa.de\/fr\/"},{"@type":"ListItem","position":2,"name":"Conseillers","item":"https:\/\/www.gamapa.de\/fr\/conseillers\/"},{"@type":"ListItem","position":3,"name":"Dr. Jan Huylmans"}]},{"@type":"WebSite","@id":"https:\/\/www.gamapa.de\/fr\/#website","url":"https:\/\/www.gamapa.de\/fr\/","name":"GANTEF\u00dcHRER","description":"Wirtschaftspr\u00fcfer, Steuerberater, Rechtsanw\u00e4lte","publisher":{"@id":"https:\/\/www.gamapa.de\/fr\/#organization"},"potentialAction":[{"@type":"SearchAction","target":{"@type":"EntryPoint","urlTemplate":"https:\/\/www.gamapa.de\/fr\/?s={search_term_string}"},"query-input":{"@type":"PropertyValueSpecification","valueRequired":true,"valueName":"search_term_string"}}],"inLanguage":"fr-FR"},{"@type":"Organization","@id":"https:\/\/www.gamapa.de\/fr\/#organization","name":"Gantef\u00fchrer Wirtschaftspr\u00fcfer, Steuerberater, Rechtsanw\u00e4lte","url":"https:\/\/www.gamapa.de\/fr\/","logo":{"@type":"ImageObject","inLanguage":"fr-FR","@id":"https:\/\/www.gamapa.de\/fr\/#\/schema\/logo\/image\/","url":"https:\/\/www.gamapa.de\/wp-content\/uploads\/2026\/01\/Logo-Gantefuehrer.png","contentUrl":"https:\/\/www.gamapa.de\/wp-content\/uploads\/2026\/01\/Logo-Gantefuehrer.png","width":767,"height":156,"caption":"Gantef\u00fchrer Wirtschaftspr\u00fcfer, Steuerberater, Rechtsanw\u00e4lte"},"image":{"@id":"https:\/\/www.gamapa.de\/fr\/#\/schema\/logo\/image\/"}}]}},"uagb_featured_image_src":{"full":["https:\/\/www.gamapa.de\/wp-content\/uploads\/2020\/09\/Huylmans-big2.jpg",1440,859,false],"thumbnail":["https:\/\/www.gamapa.de\/wp-content\/uploads\/2020\/09\/Huylmans-big2-150x150.jpg",150,150,true],"medium":["https:\/\/www.gamapa.de\/wp-content\/uploads\/2020\/09\/Huylmans-big2-600x358.jpg",600,358,true],"medium_large":["https:\/\/www.gamapa.de\/wp-content\/uploads\/2020\/09\/Huylmans-big2-768x458.jpg",580,346,true],"large":["https:\/\/www.gamapa.de\/wp-content\/uploads\/2020\/09\/Huylmans-big2.jpg",580,346,false],"gs-tiny":["https:\/\/www.gamapa.de\/wp-content\/uploads\/2020\/09\/Huylmans-big2.jpg",50,30,false],"xl":["https:\/\/www.gamapa.de\/wp-content\/uploads\/2020\/09\/Huylmans-big2.jpg",1440,859,false],"xxl":["https:\/\/www.gamapa.de\/wp-content\/uploads\/2020\/09\/Huylmans-big2.jpg",1440,859,false],"xxxl":["https:\/\/www.gamapa.de\/wp-content\/uploads\/2020\/09\/Huylmans-big2.jpg",1440,859,false],"xxxxl":["https:\/\/www.gamapa.de\/wp-content\/uploads\/2020\/09\/Huylmans-big2.jpg",1440,859,false],"xxxxxl":["https:\/\/www.gamapa.de\/wp-content\/uploads\/2020\/09\/Huylmans-big2.jpg",1440,859,false],"1536x1536":["https:\/\/www.gamapa.de\/wp-content\/uploads\/2020\/09\/Huylmans-big2.jpg",1440,859,false],"2048x2048":["https:\/\/www.gamapa.de\/wp-content\/uploads\/2020\/09\/Huylmans-big2.jpg",1440,859,false],"post-thumbnail":["https:\/\/www.gamapa.de\/wp-content\/uploads\/2020\/09\/Huylmans-big2.jpg",1440,859,false],"twentytwenty-fullscreen":["https:\/\/www.gamapa.de\/wp-content\/uploads\/2020\/09\/Huylmans-big2.jpg",1440,859,false],"theme-slug-single-post":["https:\/\/www.gamapa.de\/wp-content\/uploads\/2020\/09\/Huylmans-big2-1440x400.jpg",1440,400,true]},"uagb_author_info":{"display_name":"linda","author_link":"https:\/\/www.gamapa.de\/fr\/author\/linda\/"},"uagb_comment_info":0,"uagb_excerpt":"Domaines de sp\u00e9cialisation Carri\u00e8re professionnelle 2004-2009 \u00c9tudes \u00e0 l&rsquo;universit\u00e9 de M\u00fcnster (WWU) 2009-2011 Doctorat en sciences juridiques et assistant scientifique \u00e0 la Westf\u00e4lische Wilhelms-Universit\u00e4t (WWU) \u00e0 M\u00fcnster 2012-2014 Stage au minist\u00e8re de l&rsquo;\u00c9conomie de Rh\u00e9nanie-du-Nord-Westphalie, dans un grand cabinet d&rsquo;avocats sp\u00e9cialis\u00e9 en droit des affaires \u00e0 D\u00fcsseldorf et Londres, ainsi qu&rsquo;au consulat g\u00e9n\u00e9ral \u00e0 Los\u2026","_links":{"self":[{"href":"https:\/\/www.gamapa.de\/fr\/wp-json\/wp\/v2\/pages\/4886","targetHints":{"allow":["GET"]}}],"collection":[{"href":"https:\/\/www.gamapa.de\/fr\/wp-json\/wp\/v2\/pages"}],"about":[{"href":"https:\/\/www.gamapa.de\/fr\/wp-json\/wp\/v2\/types\/page"}],"author":[{"embeddable":true,"href":"https:\/\/www.gamapa.de\/fr\/wp-json\/wp\/v2\/users\/1"}],"replies":[{"embeddable":true,"href":"https:\/\/www.gamapa.de\/fr\/wp-json\/wp\/v2\/comments?post=4886"}],"version-history":[{"count":24,"href":"https:\/\/www.gamapa.de\/fr\/wp-json\/wp\/v2\/pages\/4886\/revisions"}],"predecessor-version":[{"id":23993,"href":"https:\/\/www.gamapa.de\/fr\/wp-json\/wp\/v2\/pages\/4886\/revisions\/23993"}],"up":[{"embeddable":true,"href":"https:\/\/www.gamapa.de\/fr\/wp-json\/wp\/v2\/pages\/4584"}],"wp:featuredmedia":[{"embeddable":true,"href":"https:\/\/www.gamapa.de\/fr\/wp-json\/wp\/v2\/media\/4339"}],"wp:attachment":[{"href":"https:\/\/www.gamapa.de\/fr\/wp-json\/wp\/v2\/media?parent=4886"}],"curies":[{"name":"wp","href":"https:\/\/api.w.org\/{rel}","templated":true}]}}