

{"id":4899,"date":"2020-09-02T15:59:52","date_gmt":"2020-09-02T13:59:52","guid":{"rendered":"https:\/\/www.gamapa.de\/dr-sabrina-von-rueden-rechtsanwaeltin\/"},"modified":"2026-01-13T10:14:38","modified_gmt":"2026-01-13T09:14:38","slug":"dr-sabrina-von-rueden-avocat","status":"publish","type":"page","link":"https:\/\/www.gamapa.de\/fr\/conseillers\/dr-sabrina-von-rueden-avocat\/","title":{"rendered":"Dr. Sabrina von R\u00fcden"},"content":{"rendered":"\n<h3 class=\"wp-block-heading\">Domaines de sp\u00e9cialisation<\/h3>\n\n\n\n<ul class=\"wp-block-list\">\n<li>Conseils pour les soci\u00e9t\u00e9s de personnes et de capitaux dans tous les aspects du droit commercial<\/li>\n\n\n\n<li>Litiges entre associ\u00e9s<\/li>\n\n\n\n<li>Droit des cartels<\/li>\n\n\n\n<li>Droit commercial<\/li>\n\n\n\n<li>Repr\u00e9sentation de clients devant les Tribunaux, en droit des soci\u00e9t\u00e9s et du droit commercial<\/li>\n\n\n\n<li>Compliance (conformit\u00e9)<\/li>\n<\/ul>\n\n\n\n<h3 class=\"wp-block-heading\">Carri\u00e8re professionnelle<\/h3>\n\n\n\n<figure class=\"wp-block-table tablist\"><table><tbody><tr><td>2000-2005 <\/td><td>Universit\u00e9 d\u2019Osnabr\u00fcck<\/td><\/tr><tr><td>2005-2009<\/td><td>Doctorat en sciences juridiques<\/td><\/tr><tr><td>2007-2009<\/td><td>Stage juridique \u00e0 D\u00fcsseldorf<\/td><\/tr><tr><td>2009-2012<\/td><td>Conseill\u00e8re juridique au sein du Cabinet juridique Taylor Wessing, D\u00fcsseldorf<\/td><\/tr><tr><td>2012-2019<\/td><td>Conseill\u00e8re juridique au sein du Cabinet de conseil juridique Kapellmann und Partner<\/td><\/tr><tr><td>depuis 2019<\/td><td>Conseill\u00e8re juridique chez Dr. Gantef\u00fchrer, Marquardt &amp; Partner<\/td><\/tr><tr><td>depuis 2022<\/td><td>Associ\u00e9e chez Dr. Gantef\u00fchrer, Marquardt &amp; Partner<\/td><\/tr><\/tbody><\/table><\/figure>\n\n\n\n<h3 class=\"wp-block-heading\">Secteurs<\/h3>\n\n\n\n<ul class=\"wp-block-list\">\n<li>Entreprises moyennes de divers secteurs<\/li>\n\n\n\n<li>Syst\u00e8mes duaux<\/li>\n\n\n\n<li>Fabricants de produits<\/li>\n<\/ul>\n\n\n\n<h3 class=\"wp-block-heading\">Publications<\/h3>\n\n\n\n<ul class=\"wp-block-list\">\n<li>R\u00e9partition du risque dans les syst\u00e8mes de distribution et impact sur leur admissibilit\u00e9 du point de vue du droit de la concurrence en Allemagne et en Angleterre (th\u00e8se de doctorat 2009)<\/li>\n\n\n\n<li>N\u00e9cessit\u00e9 de pr\u00e9ciser le nouveau \u00a7 7 alin\u00e9a 6 VerpackG<em>, <\/em>AbfallR 2018, 165 (avec la conseill\u00e8re juridique Dr. Katharina Kolb)<\/li>\n<\/ul>\n\n\n\n<h3 class=\"wp-block-heading\">Appartenance<\/h3>\n\n\n\n<ul class=\"wp-block-list\">\n<li>Studienvereinigung Kartellrecht<\/li>\n\n\n\n<li>Deutsche Gesellschaft f\u00fcr Vertriebsrecht e.V.<\/li>\n<\/ul>\n\n\n\n\n\n<div class=\"wp-block-button zurueck\"><a class=\"wp-block-button__link wp-element-button\" href=\"https:\/\/www.gamapa.de\/fr\/conseillers\/\">retour<\/a><\/div>\n\n\n\n<p><\/p>\n","protected":false},"excerpt":{"rendered":"<p>Domaines de sp\u00e9cialisation Carri\u00e8re professionnelle 2000-2005 Universit\u00e9 d\u2019Osnabr\u00fcck 2005-2009 Doctorat en sciences juridiques 2007-2009 Stage juridique \u00e0 D\u00fcsseldorf 2009-2012 Conseill\u00e8re juridique au sein du Cabinet juridique Taylor Wessing, D\u00fcsseldorf 2012-2019 Conseill\u00e8re juridique au sein du Cabinet de conseil juridique Kapellmann und Partner depuis 2019 Conseill\u00e8re juridique chez Dr. Gantef\u00fchrer, Marquardt &amp; Partner depuis 2022 Associ\u00e9e <a href=\"https:\/\/www.gamapa.de\/fr\/conseillers\/dr-sabrina-von-rueden-avocat\/\">[\u2026]<\/a><\/p>\n","protected":false},"author":1,"featured_media":16447,"parent":4584,"menu_order":12,"comment_status":"closed","ping_status":"closed","template":"templates\/template-Profil.php","meta":{"_acf_changed":false,"_uag_custom_page_level_css":"","footnotes":""},"class_list":["post-4899","page","type-page","status-publish","has-post-thumbnail","hentry"],"acf":[],"yoast_head":"<!-- This site is optimized with the Yoast SEO plugin v27.5 - https:\/\/yoast.com\/product\/yoast-seo-wordpress\/ -->\n<title>Dr. Sabrina von R\u00fcden - GANTEF\u00dcHRER<\/title>\n<meta name=\"robots\" content=\"index, follow, max-snippet:-1, max-image-preview:large, max-video-preview:-1\" \/>\n<link rel=\"canonical\" href=\"https:\/\/www.gamapa.de\/fr\/conseillers\/dr-sabrina-von-rueden-avocat\/\" \/>\n<meta property=\"og:locale\" content=\"fr_FR\" \/>\n<meta property=\"og:type\" content=\"article\" \/>\n<meta property=\"og:title\" content=\"Dr. Sabrina von R\u00fcden - GANTEF\u00dcHRER\" \/>\n<meta property=\"og:description\" content=\"Domaines de sp\u00e9cialisation Carri\u00e8re professionnelle 2000-2005 Universit\u00e9 d\u2019Osnabr\u00fcck 2005-2009 Doctorat en sciences juridiques 2007-2009 Stage juridique \u00e0 D\u00fcsseldorf 2009-2012 Conseill\u00e8re juridique au sein du Cabinet juridique Taylor Wessing, D\u00fcsseldorf 2012-2019 Conseill\u00e8re juridique au sein du Cabinet de conseil juridique Kapellmann und Partner depuis 2019 Conseill\u00e8re juridique chez Dr. Gantef\u00fchrer, Marquardt &amp; Partner depuis 2022 Associ\u00e9e [\u2026]\" \/>\n<meta property=\"og:url\" content=\"https:\/\/www.gamapa.de\/fr\/conseillers\/dr-sabrina-von-rueden-avocat\/\" \/>\n<meta property=\"og:site_name\" content=\"GANTEF\u00dcHRER\" \/>\n<meta property=\"article:modified_time\" content=\"2026-01-13T09:14:38+00:00\" \/>\n<meta property=\"og:image\" content=\"https:\/\/www.gamapa.de\/wp-content\/uploads\/2020\/08\/VonRueden-2.jpg\" \/>\n\t<meta property=\"og:image:width\" content=\"1440\" \/>\n\t<meta property=\"og:image:height\" content=\"859\" \/>\n\t<meta property=\"og:image:type\" content=\"image\/jpeg\" \/>\n<meta name=\"twitter:card\" content=\"summary_large_image\" \/>\n<meta name=\"twitter:label1\" content=\"Dur\u00e9e de lecture estim\u00e9e\" \/>\n\t<meta name=\"twitter:data1\" content=\"2 minutes\" \/>\n<script type=\"application\/ld+json\" class=\"yoast-schema-graph\">{\"@context\":\"https:\\\/\\\/schema.org\",\"@graph\":[{\"@type\":\"WebPage\",\"@id\":\"https:\\\/\\\/www.gamapa.de\\\/fr\\\/conseillers\\\/dr-sabrina-von-rueden-avocat\\\/\",\"url\":\"https:\\\/\\\/www.gamapa.de\\\/fr\\\/conseillers\\\/dr-sabrina-von-rueden-avocat\\\/\",\"name\":\"Dr. Sabrina von R\u00fcden - GANTEF\u00dcHRER\",\"isPartOf\":{\"@id\":\"https:\\\/\\\/www.gamapa.de\\\/fr\\\/#website\"},\"primaryImageOfPage\":{\"@id\":\"https:\\\/\\\/www.gamapa.de\\\/fr\\\/conseillers\\\/dr-sabrina-von-rueden-avocat\\\/#primaryimage\"},\"image\":{\"@id\":\"https:\\\/\\\/www.gamapa.de\\\/fr\\\/conseillers\\\/dr-sabrina-von-rueden-avocat\\\/#primaryimage\"},\"thumbnailUrl\":\"https:\\\/\\\/www.gamapa.de\\\/wp-content\\\/uploads\\\/2020\\\/08\\\/VonRueden-2.jpg\",\"datePublished\":\"2020-09-02T13:59:52+00:00\",\"dateModified\":\"2026-01-13T09:14:38+00:00\",\"breadcrumb\":{\"@id\":\"https:\\\/\\\/www.gamapa.de\\\/fr\\\/conseillers\\\/dr-sabrina-von-rueden-avocat\\\/#breadcrumb\"},\"inLanguage\":\"fr-FR\",\"potentialAction\":[{\"@type\":\"ReadAction\",\"target\":[\"https:\\\/\\\/www.gamapa.de\\\/fr\\\/conseillers\\\/dr-sabrina-von-rueden-avocat\\\/\"]}]},{\"@type\":\"ImageObject\",\"inLanguage\":\"fr-FR\",\"@id\":\"https:\\\/\\\/www.gamapa.de\\\/fr\\\/conseillers\\\/dr-sabrina-von-rueden-avocat\\\/#primaryimage\",\"url\":\"https:\\\/\\\/www.gamapa.de\\\/wp-content\\\/uploads\\\/2020\\\/08\\\/VonRueden-2.jpg\",\"contentUrl\":\"https:\\\/\\\/www.gamapa.de\\\/wp-content\\\/uploads\\\/2020\\\/08\\\/VonRueden-2.jpg\",\"width\":1440,\"height\":859,\"caption\":\"Dr. Sabrina von R\u00fcden, Rechtsanw\u00e4ltin, Fachanw\u00e4ltin f\u00fcr Handels- und Gesellschaftsrecht, Lehrbeauftragte an der IST Hochschule f\u00fcr Management, Partnerin\"},{\"@type\":\"BreadcrumbList\",\"@id\":\"https:\\\/\\\/www.gamapa.de\\\/fr\\\/conseillers\\\/dr-sabrina-von-rueden-avocat\\\/#breadcrumb\",\"itemListElement\":[{\"@type\":\"ListItem\",\"position\":1,\"name\":\"Startseite\",\"item\":\"https:\\\/\\\/www.gamapa.de\\\/fr\\\/\"},{\"@type\":\"ListItem\",\"position\":2,\"name\":\"Conseillers\",\"item\":\"https:\\\/\\\/www.gamapa.de\\\/fr\\\/conseillers\\\/\"},{\"@type\":\"ListItem\",\"position\":3,\"name\":\"Dr. Sabrina von R\u00fcden\"}]},{\"@type\":\"WebSite\",\"@id\":\"https:\\\/\\\/www.gamapa.de\\\/fr\\\/#website\",\"url\":\"https:\\\/\\\/www.gamapa.de\\\/fr\\\/\",\"name\":\"GANTEF\u00dcHRER\",\"description\":\"Wirtschaftspr\u00fcfer, Steuerberater, Rechtsanw\u00e4lte\",\"publisher\":{\"@id\":\"https:\\\/\\\/www.gamapa.de\\\/fr\\\/#organization\"},\"potentialAction\":[{\"@type\":\"SearchAction\",\"target\":{\"@type\":\"EntryPoint\",\"urlTemplate\":\"https:\\\/\\\/www.gamapa.de\\\/fr\\\/?s={search_term_string}\"},\"query-input\":{\"@type\":\"PropertyValueSpecification\",\"valueRequired\":true,\"valueName\":\"search_term_string\"}}],\"inLanguage\":\"fr-FR\"},{\"@type\":\"Organization\",\"@id\":\"https:\\\/\\\/www.gamapa.de\\\/fr\\\/#organization\",\"name\":\"Gantef\u00fchrer Wirtschaftspr\u00fcfer, Steuerberater, Rechtsanw\u00e4lte\",\"url\":\"https:\\\/\\\/www.gamapa.de\\\/fr\\\/\",\"logo\":{\"@type\":\"ImageObject\",\"inLanguage\":\"fr-FR\",\"@id\":\"https:\\\/\\\/www.gamapa.de\\\/fr\\\/#\\\/schema\\\/logo\\\/image\\\/\",\"url\":\"https:\\\/\\\/www.gamapa.de\\\/wp-content\\\/uploads\\\/2026\\\/01\\\/Logo-Gantefuehrer.png\",\"contentUrl\":\"https:\\\/\\\/www.gamapa.de\\\/wp-content\\\/uploads\\\/2026\\\/01\\\/Logo-Gantefuehrer.png\",\"width\":767,\"height\":156,\"caption\":\"Gantef\u00fchrer Wirtschaftspr\u00fcfer, Steuerberater, Rechtsanw\u00e4lte\"},\"image\":{\"@id\":\"https:\\\/\\\/www.gamapa.de\\\/fr\\\/#\\\/schema\\\/logo\\\/image\\\/\"}}]}<\/script>\n<!-- \/ Yoast SEO plugin. -->","yoast_head_json":{"title":"Dr. Sabrina von R\u00fcden - GANTEF\u00dcHRER","robots":{"index":"index","follow":"follow","max-snippet":"max-snippet:-1","max-image-preview":"max-image-preview:large","max-video-preview":"max-video-preview:-1"},"canonical":"https:\/\/www.gamapa.de\/fr\/conseillers\/dr-sabrina-von-rueden-avocat\/","og_locale":"fr_FR","og_type":"article","og_title":"Dr. Sabrina von R\u00fcden - GANTEF\u00dcHRER","og_description":"Domaines de sp\u00e9cialisation Carri\u00e8re professionnelle 2000-2005 Universit\u00e9 d\u2019Osnabr\u00fcck 2005-2009 Doctorat en sciences juridiques 2007-2009 Stage juridique \u00e0 D\u00fcsseldorf 2009-2012 Conseill\u00e8re juridique au sein du Cabinet juridique Taylor Wessing, D\u00fcsseldorf 2012-2019 Conseill\u00e8re juridique au sein du Cabinet de conseil juridique Kapellmann und Partner depuis 2019 Conseill\u00e8re juridique chez Dr. Gantef\u00fchrer, Marquardt &amp; Partner depuis 2022 Associ\u00e9e [\u2026]","og_url":"https:\/\/www.gamapa.de\/fr\/conseillers\/dr-sabrina-von-rueden-avocat\/","og_site_name":"GANTEF\u00dcHRER","article_modified_time":"2026-01-13T09:14:38+00:00","og_image":[{"width":1440,"height":859,"url":"https:\/\/www.gamapa.de\/wp-content\/uploads\/2020\/08\/VonRueden-2.jpg","type":"image\/jpeg"}],"twitter_card":"summary_large_image","twitter_misc":{"Dur\u00e9e de lecture estim\u00e9e":"2 minutes"},"schema":{"@context":"https:\/\/schema.org","@graph":[{"@type":"WebPage","@id":"https:\/\/www.gamapa.de\/fr\/conseillers\/dr-sabrina-von-rueden-avocat\/","url":"https:\/\/www.gamapa.de\/fr\/conseillers\/dr-sabrina-von-rueden-avocat\/","name":"Dr. Sabrina von R\u00fcden - GANTEF\u00dcHRER","isPartOf":{"@id":"https:\/\/www.gamapa.de\/fr\/#website"},"primaryImageOfPage":{"@id":"https:\/\/www.gamapa.de\/fr\/conseillers\/dr-sabrina-von-rueden-avocat\/#primaryimage"},"image":{"@id":"https:\/\/www.gamapa.de\/fr\/conseillers\/dr-sabrina-von-rueden-avocat\/#primaryimage"},"thumbnailUrl":"https:\/\/www.gamapa.de\/wp-content\/uploads\/2020\/08\/VonRueden-2.jpg","datePublished":"2020-09-02T13:59:52+00:00","dateModified":"2026-01-13T09:14:38+00:00","breadcrumb":{"@id":"https:\/\/www.gamapa.de\/fr\/conseillers\/dr-sabrina-von-rueden-avocat\/#breadcrumb"},"inLanguage":"fr-FR","potentialAction":[{"@type":"ReadAction","target":["https:\/\/www.gamapa.de\/fr\/conseillers\/dr-sabrina-von-rueden-avocat\/"]}]},{"@type":"ImageObject","inLanguage":"fr-FR","@id":"https:\/\/www.gamapa.de\/fr\/conseillers\/dr-sabrina-von-rueden-avocat\/#primaryimage","url":"https:\/\/www.gamapa.de\/wp-content\/uploads\/2020\/08\/VonRueden-2.jpg","contentUrl":"https:\/\/www.gamapa.de\/wp-content\/uploads\/2020\/08\/VonRueden-2.jpg","width":1440,"height":859,"caption":"Dr. Sabrina von R\u00fcden, Rechtsanw\u00e4ltin, Fachanw\u00e4ltin f\u00fcr Handels- und Gesellschaftsrecht, Lehrbeauftragte an der IST Hochschule f\u00fcr Management, Partnerin"},{"@type":"BreadcrumbList","@id":"https:\/\/www.gamapa.de\/fr\/conseillers\/dr-sabrina-von-rueden-avocat\/#breadcrumb","itemListElement":[{"@type":"ListItem","position":1,"name":"Startseite","item":"https:\/\/www.gamapa.de\/fr\/"},{"@type":"ListItem","position":2,"name":"Conseillers","item":"https:\/\/www.gamapa.de\/fr\/conseillers\/"},{"@type":"ListItem","position":3,"name":"Dr. Sabrina von R\u00fcden"}]},{"@type":"WebSite","@id":"https:\/\/www.gamapa.de\/fr\/#website","url":"https:\/\/www.gamapa.de\/fr\/","name":"GANTEF\u00dcHRER","description":"Wirtschaftspr\u00fcfer, Steuerberater, Rechtsanw\u00e4lte","publisher":{"@id":"https:\/\/www.gamapa.de\/fr\/#organization"},"potentialAction":[{"@type":"SearchAction","target":{"@type":"EntryPoint","urlTemplate":"https:\/\/www.gamapa.de\/fr\/?s={search_term_string}"},"query-input":{"@type":"PropertyValueSpecification","valueRequired":true,"valueName":"search_term_string"}}],"inLanguage":"fr-FR"},{"@type":"Organization","@id":"https:\/\/www.gamapa.de\/fr\/#organization","name":"Gantef\u00fchrer Wirtschaftspr\u00fcfer, Steuerberater, Rechtsanw\u00e4lte","url":"https:\/\/www.gamapa.de\/fr\/","logo":{"@type":"ImageObject","inLanguage":"fr-FR","@id":"https:\/\/www.gamapa.de\/fr\/#\/schema\/logo\/image\/","url":"https:\/\/www.gamapa.de\/wp-content\/uploads\/2026\/01\/Logo-Gantefuehrer.png","contentUrl":"https:\/\/www.gamapa.de\/wp-content\/uploads\/2026\/01\/Logo-Gantefuehrer.png","width":767,"height":156,"caption":"Gantef\u00fchrer Wirtschaftspr\u00fcfer, Steuerberater, Rechtsanw\u00e4lte"},"image":{"@id":"https:\/\/www.gamapa.de\/fr\/#\/schema\/logo\/image\/"}}]}},"uagb_featured_image_src":{"full":["https:\/\/www.gamapa.de\/wp-content\/uploads\/2020\/08\/VonRueden-2.jpg",1440,859,false],"thumbnail":["https:\/\/www.gamapa.de\/wp-content\/uploads\/2020\/08\/VonRueden-2-150x150.jpg",150,150,true],"medium":["https:\/\/www.gamapa.de\/wp-content\/uploads\/2020\/08\/VonRueden-2-600x358.jpg",600,358,true],"medium_large":["https:\/\/www.gamapa.de\/wp-content\/uploads\/2020\/08\/VonRueden-2-768x458.jpg",580,346,true],"large":["https:\/\/www.gamapa.de\/wp-content\/uploads\/2020\/08\/VonRueden-2.jpg",580,346,false],"gs-tiny":["https:\/\/www.gamapa.de\/wp-content\/uploads\/2020\/08\/VonRueden-2-50x30.jpg",50,30,true],"xl":["https:\/\/www.gamapa.de\/wp-content\/uploads\/2020\/08\/VonRueden-2.jpg",1440,859,false],"xxl":["https:\/\/www.gamapa.de\/wp-content\/uploads\/2020\/08\/VonRueden-2.jpg",1440,859,false],"xxxl":["https:\/\/www.gamapa.de\/wp-content\/uploads\/2020\/08\/VonRueden-2.jpg",1440,859,false],"xxxxl":["https:\/\/www.gamapa.de\/wp-content\/uploads\/2020\/08\/VonRueden-2.jpg",1440,859,false],"xxxxxl":["https:\/\/www.gamapa.de\/wp-content\/uploads\/2020\/08\/VonRueden-2.jpg",1440,859,false],"1536x1536":["https:\/\/www.gamapa.de\/wp-content\/uploads\/2020\/08\/VonRueden-2.jpg",1440,859,false],"2048x2048":["https:\/\/www.gamapa.de\/wp-content\/uploads\/2020\/08\/VonRueden-2.jpg",1440,859,false],"post-thumbnail":["https:\/\/www.gamapa.de\/wp-content\/uploads\/2020\/08\/VonRueden-2.jpg",1440,859,false],"twentytwenty-fullscreen":["https:\/\/www.gamapa.de\/wp-content\/uploads\/2020\/08\/VonRueden-2.jpg",1440,859,false],"theme-slug-single-post":["https:\/\/www.gamapa.de\/wp-content\/uploads\/2020\/08\/VonRueden-2-1440x400.jpg",1440,400,true]},"uagb_author_info":{"display_name":"linda","author_link":"https:\/\/www.gamapa.de\/fr\/author\/linda\/"},"uagb_comment_info":0,"uagb_excerpt":"Domaines de sp\u00e9cialisation Carri\u00e8re professionnelle 2000-2005 Universit\u00e9 d\u2019Osnabr\u00fcck 2005-2009 Doctorat en sciences juridiques 2007-2009 Stage juridique \u00e0 D\u00fcsseldorf 2009-2012 Conseill\u00e8re juridique au sein du Cabinet juridique Taylor Wessing, D\u00fcsseldorf 2012-2019 Conseill\u00e8re juridique au sein du Cabinet de conseil juridique Kapellmann und Partner depuis 2019 Conseill\u00e8re juridique chez Dr. Gantef\u00fchrer, Marquardt &amp; Partner depuis 2022 Associ\u00e9e\u2026","_links":{"self":[{"href":"https:\/\/www.gamapa.de\/fr\/wp-json\/wp\/v2\/pages\/4899","targetHints":{"allow":["GET"]}}],"collection":[{"href":"https:\/\/www.gamapa.de\/fr\/wp-json\/wp\/v2\/pages"}],"about":[{"href":"https:\/\/www.gamapa.de\/fr\/wp-json\/wp\/v2\/types\/page"}],"author":[{"embeddable":true,"href":"https:\/\/www.gamapa.de\/fr\/wp-json\/wp\/v2\/users\/1"}],"replies":[{"embeddable":true,"href":"https:\/\/www.gamapa.de\/fr\/wp-json\/wp\/v2\/comments?post=4899"}],"version-history":[{"count":21,"href":"https:\/\/www.gamapa.de\/fr\/wp-json\/wp\/v2\/pages\/4899\/revisions"}],"predecessor-version":[{"id":23472,"href":"https:\/\/www.gamapa.de\/fr\/wp-json\/wp\/v2\/pages\/4899\/revisions\/23472"}],"up":[{"embeddable":true,"href":"https:\/\/www.gamapa.de\/fr\/wp-json\/wp\/v2\/pages\/4584"}],"wp:featuredmedia":[{"embeddable":true,"href":"https:\/\/www.gamapa.de\/fr\/wp-json\/wp\/v2\/media\/16447"}],"wp:attachment":[{"href":"https:\/\/www.gamapa.de\/fr\/wp-json\/wp\/v2\/media?parent=4899"}],"curies":[{"name":"wp","href":"https:\/\/api.w.org\/{rel}","templated":true}]}}