

{"id":4922,"date":"2020-09-02T16:14:00","date_gmt":"2020-09-02T14:14:00","guid":{"rendered":"https:\/\/www.gamapa.de\/johann-friedrich-burchard-rechtsanwalt\/"},"modified":"2025-11-04T14:51:14","modified_gmt":"2025-11-04T13:51:14","slug":"johann-friedrich-burchard-avocat","status":"publish","type":"page","link":"https:\/\/www.gamapa.de\/fr\/conseillers\/johann-friedrich-burchard-avocat\/","title":{"rendered":"Johann Friedrich Burchard"},"content":{"rendered":"\n<h3 class=\"wp-block-heading\">Domaines de sp\u00e9cialisation<\/h3>\n\n\n\n<ul class=\"wp-block-list\">\n<li>Ex\u00e9cuteur testamentaire et conseil en partage de patrimoine<\/li>\n\n\n\n<li>Conseil en droit successoral, prise en charge des proc\u00e9dures judiciaires<\/li>\n\n\n\n<li>R\u00e8glement de succession, y compris la cr\u00e9ation de fondation<\/li>\n\n\n\n<li>Droit immobilier<\/li>\n\n\n\n<li>Droit des faillites<\/li>\n\n\n\n<li>Droit priv\u00e9 de la construction<\/li>\n<\/ul>\n\n\n\n<h3 class=\"wp-block-heading\">Carri\u00e8re professionnelle<\/h3>\n\n\n\n<figure class=\"wp-block-table tablist\"><table><tbody><tr><td>1991-1996 <\/td><td>Universit\u00e9s de Bonn et de Fribourg-en-Brisgau<\/td><\/tr><tr><td>1996-1998<\/td><td>Stage juridique pr\u00e9paratoire \u00e0 Bonn, stage optionnel \u00e0 Paris<\/td><\/tr><tr><td>1998-2000<\/td><td>Avocat chez Prof. Dr. H\u00fcmmerich &amp; Partner, Bonn<\/td><\/tr><tr><td>2000-2002<\/td><td>Syndic chez FORIS AG, Bonn<\/td><\/tr><tr><td>depuis 2002<\/td><td>Avocat chez Dr. Gantef\u00fchrer, Marquardt &amp; Partners<\/td><\/tr><\/tbody><\/table><\/figure>\n\n\n\n<h3 class=\"wp-block-heading\">Publications<\/h3>\n\n\n\n<ul class=\"wp-block-list\">\n<li>Article court: \u00a7 720a ZPO et \u00ab\u00a0l&rsquo;\u00e9galit\u00e9 des armes\u00a0\u00bb, NJW 2002, 2219<\/li>\n\n\n\n<li>Essai: \u00ab\u00a0Effets du caract\u00e8re composite du contrat de cr\u00e9dit et de l&rsquo;assurance solde restant d\u00fb dans l&rsquo;insolvabilit\u00e9 de l&#8217;emprunteur\u00a0\u00bb, ZInsO 2011, 513, avec le conseil juridique Axel Kleinschmidt<\/li>\n\n\n\n<li>Essai: \u00ab\u00a0Les clauses d&rsquo;arbitrage testamentaires et les r\u00e9serves h\u00e9r\u00e9ditaires\u00a0\u00bb, ZEV 2017, 308<\/li>\n\n\n\n<li>Commentaire de l\u2019arr\u00eat de la Haute Cour R\u00e9gionale de Munich du 25.10.2017, 18 U 1202\/17, ZEV 2018, 98<\/li>\n<\/ul>\n\n\n\n\n\n<div class=\"wp-block-button zurueck\"><a class=\"wp-block-button__link wp-element-button\" href=\"https:\/\/www.gamapa.de\/fr\/conseillers\/\">retour<\/a><\/div>\n\n\n\n<p><\/p>\n","protected":false},"excerpt":{"rendered":"<p>Domaines de sp\u00e9cialisation Carri\u00e8re professionnelle 1991-1996 Universit\u00e9s de Bonn et de Fribourg-en-Brisgau 1996-1998 Stage juridique pr\u00e9paratoire \u00e0 Bonn, stage optionnel \u00e0 Paris 1998-2000 Avocat chez Prof. Dr. H\u00fcmmerich &amp; Partner, Bonn 2000-2002 Syndic chez FORIS AG, Bonn depuis 2002 Avocat chez Dr. Gantef\u00fchrer, Marquardt &amp; Partners Publications<\/p>\n","protected":false},"author":1,"featured_media":4354,"parent":4584,"menu_order":41,"comment_status":"closed","ping_status":"closed","template":"templates\/template-Profil.php","meta":{"_acf_changed":false,"_uag_custom_page_level_css":"","footnotes":""},"class_list":["post-4922","page","type-page","status-publish","has-post-thumbnail","hentry"],"acf":[],"yoast_head":"<!-- This site is optimized with the Yoast SEO plugin v27.5 - https:\/\/yoast.com\/product\/yoast-seo-wordpress\/ -->\n<title>Johann Friedrich Burchard - GANTEF\u00dcHRER<\/title>\n<meta name=\"robots\" content=\"index, follow, max-snippet:-1, max-image-preview:large, max-video-preview:-1\" \/>\n<link rel=\"canonical\" href=\"https:\/\/www.gamapa.de\/fr\/conseillers\/johann-friedrich-burchard-avocat\/\" \/>\n<meta property=\"og:locale\" content=\"fr_FR\" \/>\n<meta property=\"og:type\" content=\"article\" \/>\n<meta property=\"og:title\" content=\"Johann Friedrich Burchard - GANTEF\u00dcHRER\" \/>\n<meta property=\"og:description\" content=\"Domaines de sp\u00e9cialisation Carri\u00e8re professionnelle 1991-1996 Universit\u00e9s de Bonn et de Fribourg-en-Brisgau 1996-1998 Stage juridique pr\u00e9paratoire \u00e0 Bonn, stage optionnel \u00e0 Paris 1998-2000 Avocat chez Prof. Dr. H\u00fcmmerich &amp; Partner, Bonn 2000-2002 Syndic chez FORIS AG, Bonn depuis 2002 Avocat chez Dr. Gantef\u00fchrer, Marquardt &amp; Partners Publications\" \/>\n<meta property=\"og:url\" content=\"https:\/\/www.gamapa.de\/fr\/conseillers\/johann-friedrich-burchard-avocat\/\" \/>\n<meta property=\"og:site_name\" content=\"GANTEF\u00dcHRER\" \/>\n<meta property=\"article:modified_time\" content=\"2025-11-04T13:51:14+00:00\" \/>\n<meta property=\"og:image\" content=\"https:\/\/www.gamapa.de\/wp-content\/uploads\/2020\/09\/Burchard-big.jpg\" \/>\n\t<meta property=\"og:image:width\" content=\"1440\" \/>\n\t<meta property=\"og:image:height\" content=\"859\" \/>\n\t<meta property=\"og:image:type\" content=\"image\/jpeg\" \/>\n<meta name=\"twitter:card\" content=\"summary_large_image\" \/>\n<meta name=\"twitter:label1\" content=\"Dur\u00e9e de lecture estim\u00e9e\" \/>\n\t<meta name=\"twitter:data1\" content=\"2 minutes\" \/>\n<script type=\"application\/ld+json\" class=\"yoast-schema-graph\">{\"@context\":\"https:\\\/\\\/schema.org\",\"@graph\":[{\"@type\":\"WebPage\",\"@id\":\"https:\\\/\\\/www.gamapa.de\\\/fr\\\/conseillers\\\/johann-friedrich-burchard-avocat\\\/\",\"url\":\"https:\\\/\\\/www.gamapa.de\\\/fr\\\/conseillers\\\/johann-friedrich-burchard-avocat\\\/\",\"name\":\"Johann Friedrich Burchard - GANTEF\u00dcHRER\",\"isPartOf\":{\"@id\":\"https:\\\/\\\/www.gamapa.de\\\/fr\\\/#website\"},\"primaryImageOfPage\":{\"@id\":\"https:\\\/\\\/www.gamapa.de\\\/fr\\\/conseillers\\\/johann-friedrich-burchard-avocat\\\/#primaryimage\"},\"image\":{\"@id\":\"https:\\\/\\\/www.gamapa.de\\\/fr\\\/conseillers\\\/johann-friedrich-burchard-avocat\\\/#primaryimage\"},\"thumbnailUrl\":\"https:\\\/\\\/www.gamapa.de\\\/wp-content\\\/uploads\\\/2020\\\/09\\\/Burchard-big.jpg\",\"datePublished\":\"2020-09-02T14:14:00+00:00\",\"dateModified\":\"2025-11-04T13:51:14+00:00\",\"breadcrumb\":{\"@id\":\"https:\\\/\\\/www.gamapa.de\\\/fr\\\/conseillers\\\/johann-friedrich-burchard-avocat\\\/#breadcrumb\"},\"inLanguage\":\"fr-FR\",\"potentialAction\":[{\"@type\":\"ReadAction\",\"target\":[\"https:\\\/\\\/www.gamapa.de\\\/fr\\\/conseillers\\\/johann-friedrich-burchard-avocat\\\/\"]}]},{\"@type\":\"ImageObject\",\"inLanguage\":\"fr-FR\",\"@id\":\"https:\\\/\\\/www.gamapa.de\\\/fr\\\/conseillers\\\/johann-friedrich-burchard-avocat\\\/#primaryimage\",\"url\":\"https:\\\/\\\/www.gamapa.de\\\/wp-content\\\/uploads\\\/2020\\\/09\\\/Burchard-big.jpg\",\"contentUrl\":\"https:\\\/\\\/www.gamapa.de\\\/wp-content\\\/uploads\\\/2020\\\/09\\\/Burchard-big.jpg\",\"width\":1440,\"height\":859,\"caption\":\"Johann Friedrich Burchard, Rechtsanwalt, Counsel, Testamentsvollstrecker (AGT), Gantef\u00fchrer - Steuerberater, Rechtsanw\u00e4lte, Wirtschaftspr\u00fcfer\"},{\"@type\":\"BreadcrumbList\",\"@id\":\"https:\\\/\\\/www.gamapa.de\\\/fr\\\/conseillers\\\/johann-friedrich-burchard-avocat\\\/#breadcrumb\",\"itemListElement\":[{\"@type\":\"ListItem\",\"position\":1,\"name\":\"Startseite\",\"item\":\"https:\\\/\\\/www.gamapa.de\\\/fr\\\/\"},{\"@type\":\"ListItem\",\"position\":2,\"name\":\"Conseillers\",\"item\":\"https:\\\/\\\/www.gamapa.de\\\/fr\\\/conseillers\\\/\"},{\"@type\":\"ListItem\",\"position\":3,\"name\":\"Johann Friedrich Burchard\"}]},{\"@type\":\"WebSite\",\"@id\":\"https:\\\/\\\/www.gamapa.de\\\/fr\\\/#website\",\"url\":\"https:\\\/\\\/www.gamapa.de\\\/fr\\\/\",\"name\":\"GANTEF\u00dcHRER\",\"description\":\"Wirtschaftspr\u00fcfer, Steuerberater, Rechtsanw\u00e4lte\",\"publisher\":{\"@id\":\"https:\\\/\\\/www.gamapa.de\\\/fr\\\/#organization\"},\"potentialAction\":[{\"@type\":\"SearchAction\",\"target\":{\"@type\":\"EntryPoint\",\"urlTemplate\":\"https:\\\/\\\/www.gamapa.de\\\/fr\\\/?s={search_term_string}\"},\"query-input\":{\"@type\":\"PropertyValueSpecification\",\"valueRequired\":true,\"valueName\":\"search_term_string\"}}],\"inLanguage\":\"fr-FR\"},{\"@type\":\"Organization\",\"@id\":\"https:\\\/\\\/www.gamapa.de\\\/fr\\\/#organization\",\"name\":\"Gantef\u00fchrer Wirtschaftspr\u00fcfer, Steuerberater, Rechtsanw\u00e4lte\",\"url\":\"https:\\\/\\\/www.gamapa.de\\\/fr\\\/\",\"logo\":{\"@type\":\"ImageObject\",\"inLanguage\":\"fr-FR\",\"@id\":\"https:\\\/\\\/www.gamapa.de\\\/fr\\\/#\\\/schema\\\/logo\\\/image\\\/\",\"url\":\"https:\\\/\\\/www.gamapa.de\\\/wp-content\\\/uploads\\\/2026\\\/01\\\/Logo-Gantefuehrer.png\",\"contentUrl\":\"https:\\\/\\\/www.gamapa.de\\\/wp-content\\\/uploads\\\/2026\\\/01\\\/Logo-Gantefuehrer.png\",\"width\":767,\"height\":156,\"caption\":\"Gantef\u00fchrer Wirtschaftspr\u00fcfer, Steuerberater, Rechtsanw\u00e4lte\"},\"image\":{\"@id\":\"https:\\\/\\\/www.gamapa.de\\\/fr\\\/#\\\/schema\\\/logo\\\/image\\\/\"}}]}<\/script>\n<!-- \/ Yoast SEO plugin. -->","yoast_head_json":{"title":"Johann Friedrich Burchard - GANTEF\u00dcHRER","robots":{"index":"index","follow":"follow","max-snippet":"max-snippet:-1","max-image-preview":"max-image-preview:large","max-video-preview":"max-video-preview:-1"},"canonical":"https:\/\/www.gamapa.de\/fr\/conseillers\/johann-friedrich-burchard-avocat\/","og_locale":"fr_FR","og_type":"article","og_title":"Johann Friedrich Burchard - GANTEF\u00dcHRER","og_description":"Domaines de sp\u00e9cialisation Carri\u00e8re professionnelle 1991-1996 Universit\u00e9s de Bonn et de Fribourg-en-Brisgau 1996-1998 Stage juridique pr\u00e9paratoire \u00e0 Bonn, stage optionnel \u00e0 Paris 1998-2000 Avocat chez Prof. Dr. H\u00fcmmerich &amp; Partner, Bonn 2000-2002 Syndic chez FORIS AG, Bonn depuis 2002 Avocat chez Dr. Gantef\u00fchrer, Marquardt &amp; Partners Publications","og_url":"https:\/\/www.gamapa.de\/fr\/conseillers\/johann-friedrich-burchard-avocat\/","og_site_name":"GANTEF\u00dcHRER","article_modified_time":"2025-11-04T13:51:14+00:00","og_image":[{"width":1440,"height":859,"url":"https:\/\/www.gamapa.de\/wp-content\/uploads\/2020\/09\/Burchard-big.jpg","type":"image\/jpeg"}],"twitter_card":"summary_large_image","twitter_misc":{"Dur\u00e9e de lecture estim\u00e9e":"2 minutes"},"schema":{"@context":"https:\/\/schema.org","@graph":[{"@type":"WebPage","@id":"https:\/\/www.gamapa.de\/fr\/conseillers\/johann-friedrich-burchard-avocat\/","url":"https:\/\/www.gamapa.de\/fr\/conseillers\/johann-friedrich-burchard-avocat\/","name":"Johann Friedrich Burchard - GANTEF\u00dcHRER","isPartOf":{"@id":"https:\/\/www.gamapa.de\/fr\/#website"},"primaryImageOfPage":{"@id":"https:\/\/www.gamapa.de\/fr\/conseillers\/johann-friedrich-burchard-avocat\/#primaryimage"},"image":{"@id":"https:\/\/www.gamapa.de\/fr\/conseillers\/johann-friedrich-burchard-avocat\/#primaryimage"},"thumbnailUrl":"https:\/\/www.gamapa.de\/wp-content\/uploads\/2020\/09\/Burchard-big.jpg","datePublished":"2020-09-02T14:14:00+00:00","dateModified":"2025-11-04T13:51:14+00:00","breadcrumb":{"@id":"https:\/\/www.gamapa.de\/fr\/conseillers\/johann-friedrich-burchard-avocat\/#breadcrumb"},"inLanguage":"fr-FR","potentialAction":[{"@type":"ReadAction","target":["https:\/\/www.gamapa.de\/fr\/conseillers\/johann-friedrich-burchard-avocat\/"]}]},{"@type":"ImageObject","inLanguage":"fr-FR","@id":"https:\/\/www.gamapa.de\/fr\/conseillers\/johann-friedrich-burchard-avocat\/#primaryimage","url":"https:\/\/www.gamapa.de\/wp-content\/uploads\/2020\/09\/Burchard-big.jpg","contentUrl":"https:\/\/www.gamapa.de\/wp-content\/uploads\/2020\/09\/Burchard-big.jpg","width":1440,"height":859,"caption":"Johann Friedrich Burchard, Rechtsanwalt, Counsel, Testamentsvollstrecker (AGT), Gantef\u00fchrer - Steuerberater, Rechtsanw\u00e4lte, Wirtschaftspr\u00fcfer"},{"@type":"BreadcrumbList","@id":"https:\/\/www.gamapa.de\/fr\/conseillers\/johann-friedrich-burchard-avocat\/#breadcrumb","itemListElement":[{"@type":"ListItem","position":1,"name":"Startseite","item":"https:\/\/www.gamapa.de\/fr\/"},{"@type":"ListItem","position":2,"name":"Conseillers","item":"https:\/\/www.gamapa.de\/fr\/conseillers\/"},{"@type":"ListItem","position":3,"name":"Johann Friedrich Burchard"}]},{"@type":"WebSite","@id":"https:\/\/www.gamapa.de\/fr\/#website","url":"https:\/\/www.gamapa.de\/fr\/","name":"GANTEF\u00dcHRER","description":"Wirtschaftspr\u00fcfer, Steuerberater, Rechtsanw\u00e4lte","publisher":{"@id":"https:\/\/www.gamapa.de\/fr\/#organization"},"potentialAction":[{"@type":"SearchAction","target":{"@type":"EntryPoint","urlTemplate":"https:\/\/www.gamapa.de\/fr\/?s={search_term_string}"},"query-input":{"@type":"PropertyValueSpecification","valueRequired":true,"valueName":"search_term_string"}}],"inLanguage":"fr-FR"},{"@type":"Organization","@id":"https:\/\/www.gamapa.de\/fr\/#organization","name":"Gantef\u00fchrer Wirtschaftspr\u00fcfer, Steuerberater, Rechtsanw\u00e4lte","url":"https:\/\/www.gamapa.de\/fr\/","logo":{"@type":"ImageObject","inLanguage":"fr-FR","@id":"https:\/\/www.gamapa.de\/fr\/#\/schema\/logo\/image\/","url":"https:\/\/www.gamapa.de\/wp-content\/uploads\/2026\/01\/Logo-Gantefuehrer.png","contentUrl":"https:\/\/www.gamapa.de\/wp-content\/uploads\/2026\/01\/Logo-Gantefuehrer.png","width":767,"height":156,"caption":"Gantef\u00fchrer Wirtschaftspr\u00fcfer, Steuerberater, Rechtsanw\u00e4lte"},"image":{"@id":"https:\/\/www.gamapa.de\/fr\/#\/schema\/logo\/image\/"}}]}},"uagb_featured_image_src":{"full":["https:\/\/www.gamapa.de\/wp-content\/uploads\/2020\/09\/Burchard-big.jpg",1440,859,false],"thumbnail":["https:\/\/www.gamapa.de\/wp-content\/uploads\/2020\/09\/Burchard-big-150x150.jpg",150,150,true],"medium":["https:\/\/www.gamapa.de\/wp-content\/uploads\/2020\/09\/Burchard-big-600x358.jpg",600,358,true],"medium_large":["https:\/\/www.gamapa.de\/wp-content\/uploads\/2020\/09\/Burchard-big-768x458.jpg",580,346,true],"large":["https:\/\/www.gamapa.de\/wp-content\/uploads\/2020\/09\/Burchard-big.jpg",580,346,false],"gs-tiny":["https:\/\/www.gamapa.de\/wp-content\/uploads\/2020\/09\/Burchard-big.jpg",50,30,false],"xl":["https:\/\/www.gamapa.de\/wp-content\/uploads\/2020\/09\/Burchard-big.jpg",1440,859,false],"xxl":["https:\/\/www.gamapa.de\/wp-content\/uploads\/2020\/09\/Burchard-big.jpg",1440,859,false],"xxxl":["https:\/\/www.gamapa.de\/wp-content\/uploads\/2020\/09\/Burchard-big.jpg",1440,859,false],"xxxxl":["https:\/\/www.gamapa.de\/wp-content\/uploads\/2020\/09\/Burchard-big.jpg",1440,859,false],"xxxxxl":["https:\/\/www.gamapa.de\/wp-content\/uploads\/2020\/09\/Burchard-big.jpg",1440,859,false],"1536x1536":["https:\/\/www.gamapa.de\/wp-content\/uploads\/2020\/09\/Burchard-big.jpg",1440,859,false],"2048x2048":["https:\/\/www.gamapa.de\/wp-content\/uploads\/2020\/09\/Burchard-big.jpg",1440,859,false],"post-thumbnail":["https:\/\/www.gamapa.de\/wp-content\/uploads\/2020\/09\/Burchard-big.jpg",1440,859,false],"twentytwenty-fullscreen":["https:\/\/www.gamapa.de\/wp-content\/uploads\/2020\/09\/Burchard-big.jpg",1440,859,false],"theme-slug-single-post":["https:\/\/www.gamapa.de\/wp-content\/uploads\/2020\/09\/Burchard-big-1440x400.jpg",1440,400,true]},"uagb_author_info":{"display_name":"linda","author_link":"https:\/\/www.gamapa.de\/fr\/author\/linda\/"},"uagb_comment_info":0,"uagb_excerpt":"Domaines de sp\u00e9cialisation Carri\u00e8re professionnelle 1991-1996 Universit\u00e9s de Bonn et de Fribourg-en-Brisgau 1996-1998 Stage juridique pr\u00e9paratoire \u00e0 Bonn, stage optionnel \u00e0 Paris 1998-2000 Avocat chez Prof. Dr. H\u00fcmmerich &amp; Partner, Bonn 2000-2002 Syndic chez FORIS AG, Bonn depuis 2002 Avocat chez Dr. Gantef\u00fchrer, Marquardt &amp; Partners Publications","_links":{"self":[{"href":"https:\/\/www.gamapa.de\/fr\/wp-json\/wp\/v2\/pages\/4922","targetHints":{"allow":["GET"]}}],"collection":[{"href":"https:\/\/www.gamapa.de\/fr\/wp-json\/wp\/v2\/pages"}],"about":[{"href":"https:\/\/www.gamapa.de\/fr\/wp-json\/wp\/v2\/types\/page"}],"author":[{"embeddable":true,"href":"https:\/\/www.gamapa.de\/fr\/wp-json\/wp\/v2\/users\/1"}],"replies":[{"embeddable":true,"href":"https:\/\/www.gamapa.de\/fr\/wp-json\/wp\/v2\/comments?post=4922"}],"version-history":[{"count":8,"href":"https:\/\/www.gamapa.de\/fr\/wp-json\/wp\/v2\/pages\/4922\/revisions"}],"predecessor-version":[{"id":22193,"href":"https:\/\/www.gamapa.de\/fr\/wp-json\/wp\/v2\/pages\/4922\/revisions\/22193"}],"up":[{"embeddable":true,"href":"https:\/\/www.gamapa.de\/fr\/wp-json\/wp\/v2\/pages\/4584"}],"wp:featuredmedia":[{"embeddable":true,"href":"https:\/\/www.gamapa.de\/fr\/wp-json\/wp\/v2\/media\/4354"}],"wp:attachment":[{"href":"https:\/\/www.gamapa.de\/fr\/wp-json\/wp\/v2\/media?parent=4922"}],"curies":[{"name":"wp","href":"https:\/\/api.w.org\/{rel}","templated":true}]}}