

{"id":4976,"date":"2020-09-02T21:49:03","date_gmt":"2020-09-02T19:49:03","guid":{"rendered":"https:\/\/www.gamapa.de\/impressum\/"},"modified":"2026-01-07T11:41:21","modified_gmt":"2026-01-07T10:41:21","slug":"information-legale","status":"publish","type":"page","link":"https:\/\/www.gamapa.de\/fr\/information-legale\/","title":{"rendered":"Information l\u00e9gale"},"content":{"rendered":"\n<h1 class=\"wp-block-heading\">Information l\u00e9gale<\/h1>\n\n\n\n<p>Dr. Gantef\u00fchrer, Marquardt &amp; Partner mbB<br>Commissaires aux comptes \u2013 conseillers fiscaux \u2013 conseillers juridiques<br>Alte K\u00e4mmerei | Marktplatz 6 \u2013 40213 D\u00fcsseldorf<br>T\u00e9l\u00e9phone: 0211 \/ 89 89 0<br>T\u00e9l\u00e9copie: 0211 \/ 89 89 150<br>E-Mail: info@gamapa.de<br>Internet: www.gamapa.de<br>Si\u00e8ge: D\u00fcsseldorf<br>Tribunal tenant le registre: Tribunal d\u2019Arrondissement d\u2019Essen, n\u00b0 au Registre des Soci\u00e9t\u00e9s 2965<\/p>\n\n\n\n<p>Num\u00e9ro TVA: DE 119 197 503<\/p>\n\n\n\n<p><strong>Associ\u00e9s g\u00e9rants<\/strong><br>(chaque associ\u00e9 g\u00e9rant est habilit\u00e9 \u00e0 repr\u00e9senter la soci\u00e9t\u00e9 seule):<\/p>\n\n\n\n<p>Bernd R\u00fchland<br>Roland Moskat<br>Claudia Stork<br>Norbert Pull<br>Thomas Kozik<br>Michael Baum<br>R\u00fcdiger Schaar<br>Daniel Troost<br>Dr. Jochen Kissling<br>Dr. Sabrina von R\u00fcden<br>Vera Niedermeyer<\/p>\n\n\n\n<p><strong>D\u00e9l\u00e9gu\u00e9 \u00e0 la protection des donn\u00e9es \u00e0 caract\u00e8re personnel:<\/strong><br><br>Dr. Imke Aulbert<br><a href=\"mailto:aulbert@gamapa.de\">aulbert@gamapa.de<\/a><\/p>\n\n\n\n<p><strong>Titres professionnels des sp\u00e9cialistes travaillant dans notre cabinet et r\u00e8glements professionnels auxquels ils sont soumis:<\/strong><\/p>\n\n\n\n<p>Les associ\u00e9s et les salari\u00e9s du cabinet Dr. Gantef\u00fchrer, Marquardt &amp; Partner portent les titres professionnels de conseiller juridique, de conseiller fiscal et\/ou de commissaire aux comptes octroy\u00e9s en R\u00e9publique F\u00e9d\u00e9rale d\u2019Allemagne.<\/p>\n\n\n\n<p><strong>Les repr\u00e9sentants des professions particuli\u00e8res sont soumis aux r\u00e8glements professionnels suivants:<\/strong><\/p>\n\n\n\n<p><em>Conseillers juridiques<\/em><\/p>\n\n\n\n<p>Arr\u00eat\u00e9 f\u00e9d\u00e9ral sur les professions juridiques (BRAO)<br>Code de conduite professionnelle des conseillers juridiques (BORA)<br>Dispositions relatives aux conseils juridiques sp\u00e9cialis\u00e9s (FAO)<br>R\u00e8gles professionnelles contenues dans la loi sur la r\u00e9mun\u00e9ration des conseillers juridiquesR\u00e8gles professionnelles contenues dans la loi sur la r\u00e9mun\u00e9ration des conseillers juridiques dans la Communaut\u00e9 Europ\u00e9enne (RVG)<\/p>\n\n\n\n<p><em>Conseillers fiscaux<\/em><\/p>\n\n\n\n<p>Lois sur les conseils fiscaux (StBerG)<br>Arr\u00eat\u00e9 d\u2019ex\u00e9cution de la loi sur les conseils fiscaux (DVStB)<br>Code de conduite professionnelle des conseillers fiscaux (BOStB)<br>Arr\u00eat\u00e9 sur la r\u00e9mun\u00e9ration des conseillers fiscaux (StBGebV)<\/p>\n\n\n\n<p><em>Commissaire aux comptes<\/em><\/p>\n\n\n\n<p>Loi portant code de la conduite professionnelle des commissaires aux comptes (WPO)<br>R\u00e8glement de la r\u00e9alisation d\u2019audits (Pr\u00fcfO)<br>Arr\u00eat\u00e9 relatif au mod\u00e8le du sceau des commissaires aux comptes etc. (Siegel-VO)<br>Arr\u00eat\u00e9 relatif \u00e0 l\u2019assurance de la responsabilit\u00e9 civile obligatoire des commissaires aux comptes etc. (BHV)<br>Directives de l\u2019Ordre des Commissaires aux Comptes en mati\u00e8re de la pratique professionnelle des commissaires aux comptes et des auditeurs asserment\u00e9s<\/p>\n\n\n\n<p>Les r\u00e8glements pr\u00e9cit\u00e9s peuvent \u00eatre consult\u00e9s aupr\u00e8s des ordres professionnels respectifs&nbsp;:<\/p>\n\n\n\n<p>Ordre F\u00e9d\u00e9ral des Conseillers Juridiques, Littenstra\u00dfe 9, 10179 Berlin<br><a rel=\"noreferrer noopener\" href=\"http:\/\/www.brak.de\" target=\"_blank\"><em>www.brak.de<\/em><\/a><\/p>\n\n\n\n<p>Ordre des Conseillers Juridiques \u00e0 D\u00fcsseldorf, Scheibenstra\u00dfe 17, 40479 D\u00fcsseldorf<br><a rel=\"noreferrer noopener\" href=\"http:\/\/www.rechtsanwaltskammer-duesseldorf.de\" target=\"_blank\"><em>www.rechtsanwaltskammer-duesseldorf.de<\/em><\/a><\/p>\n\n\n\n<p>Ordre F\u00e9d\u00e9ral des Conseillers Fiscaux, Neue Promenade 4, 10178 Berlin<br><a rel=\"noreferrer noopener\" href=\"http:\/\/www.bstbk.de\" target=\"_blank\"><em>www.bstbk.de<\/em><\/a><\/p>\n\n\n\n<p>Ordre des Conseillers Fiscaux \u00e0 D\u00fcsseldorf (Kd\u00f6R), Uhlandstr. 11, 40237 D\u00fcsseldorf<br><a rel=\"noreferrer noopener\" href=\"http:\/\/www.stbk-duesseldorf.de\" target=\"_blank\"><em>www.stbk-duesseldorf.de<\/em><\/a><\/p>\n\n\n\n<p>Ordre des Commissaires aux Comptes, Rauchstra\u00dfe 26, 10787 Berlin<br><a rel=\"noreferrer noopener\" href=\"http:\/\/www.wpk.de\" target=\"_blank\"><em>www.wpk.de<\/em><\/a><\/p>\n\n\n\n<p><strong>Assurance de la responsabilit\u00e9 professionnelle obligatoire:<\/strong><\/p>\n\n\n\n<p>Le cabinet a conclu un contrat d\u2019assurance de la responsabilit\u00e9 professionnelle avec la compagnie HDI Gerling Firmen und Privat Vers. AG \u00e0 Cologne. La couverture d&rsquo;assurance r\u00e9pond aux exigences du \u00a751 de l\u2019arr\u00eat\u00e9 f\u00e9d\u00e9ral sur les professions juridiques (BRAO), du \u00a7 67 de la loi sur les conseils fiscaux (StBerG), des \u00a7\u00a7 51 et suivants de l\u2019arr\u00eat\u00e9 d\u2019ex\u00e9cution de la loi sur les conseils fiscaux, sur l\u2019ex\u00e9cution du mandat fiscal et sur les prestataires des conseils fiscaux (DVStB), du \u00a7 54 de loi portant Code de conduite professionnelle des commissaires aux comptes (WPO) en relation avec l\u2019arr\u00eat\u00e9 relatif \u00e0 l\u2019assurance de la responsabilit\u00e9 professionnelle obligatoire des commissaires aux comptes et des auditeurs asserment\u00e9s (WPBHV).<\/p>\n\n\n\n<p><strong>Bureau d&rsquo;arbitrage pour les repr\u00e9sentants des professions juridiques:<\/strong><\/p>\n\n\n\n<p>Schlichtungsstelle der Rechtsanwaltschaft<br>Neue Gr\u00fcnstra\u00dfe 17<br>D-10179 Berlin<br>T\u00e9l\u00e9phone : +49(0)30\/2844417-0<br>T\u00e9l\u00e9copie : +49(0)30\/2844417-12<br>E-Mail: <a href=\"mailto:schlichtungsstelle@schlichtungsstelle-der-rechtsanwaltschaft.de\"><em>schlichtungsstelle@schlichtungsstelle-der-rechtsanwaltschaft.de<\/em><\/a><br>Internet: <a rel=\"noreferrer noopener\" href=\"https:\/\/www.schlichtungsstelle-der-rechtsanwaltschaft.de\" target=\"_blank\"><em>https:\/\/www.schlichtungsstelle-der-rechtsanwaltschaft.de \/<\/em><\/a><\/p>\n\n\n\n<p>Nous informons que le cabinet ne participe pas et n\u2019est pas tenu de participer \u00e0 une proc\u00e9dure de r\u00e8glement des diff\u00e9rends devant une commission d\u2019arbitrage pour les consommateurs.<\/p>\n\n\n\n<p><strong>Conception et programmation du site Internet:<\/strong><br><em>MABENY Kommunikation &amp; Design GmbH &amp; Co. KG<\/em><br><strong><a type=\"URL\" id=\"https:\/\/www.mabeny.de\" href=\"https:\/\/www.mabeny.de\" target=\"_blank\" rel=\"noreferrer noopener\">www.mabeny.de<\/a><\/strong><\/p>\n\n\n\n<p><strong>Droits d\u2019auteur des photos:<\/strong><br><em>Photos de profil<\/em><br>Dipl.-Des. Hardy Welsch<br><strong>hardywelsch&nbsp;<\/strong><br><a href=\"http:\/\/www.hardy-welsch.de\" target=\"_blank\" rel=\"noreferrer noopener\">http:\/\/www.hardy-welsch.de<\/a><br><br><em>Autres photos<\/em><br>Markus Luigs<br><strong>B\u00fcro Luigs<\/strong><br><a type=\"URL\" id=\"https:\/\/www.bueroluigs.de\/\" href=\"https:\/\/www.bueroluigs.de\/\" target=\"_blank\" rel=\"noreferrer noopener\">www.bueroluigs.de<\/a><\/p>\n\n\n\n<p><\/p>\n","protected":false},"excerpt":{"rendered":"<p>Information l\u00e9gale Dr. Gantef\u00fchrer, Marquardt &amp; Partner mbBCommissaires aux comptes \u2013 conseillers fiscaux \u2013 conseillers juridiquesAlte K\u00e4mmerei | Marktplatz 6 \u2013 40213 D\u00fcsseldorfT\u00e9l\u00e9phone: 0211 \/ 89 89 0T\u00e9l\u00e9copie: 0211 \/ 89 89 150E-Mail: info@gamapa.deInternet: www.gamapa.deSi\u00e8ge: D\u00fcsseldorfTribunal tenant le registre: Tribunal d\u2019Arrondissement d\u2019Essen, n\u00b0 au Registre des Soci\u00e9t\u00e9s 2965 Num\u00e9ro TVA: DE 119 197 503 Associ\u00e9s <a href=\"https:\/\/www.gamapa.de\/fr\/information-legale\/\">[\u2026]<\/a><\/p>\n","protected":false},"author":1,"featured_media":4297,"parent":0,"menu_order":10,"comment_status":"closed","ping_status":"closed","template":"","meta":{"_acf_changed":false,"_uag_custom_page_level_css":"","footnotes":""},"class_list":["post-4976","page","type-page","status-publish","has-post-thumbnail","hentry"],"acf":[],"yoast_head":"<!-- This site is optimized with the Yoast SEO plugin v27.5 - https:\/\/yoast.com\/product\/yoast-seo-wordpress\/ -->\n<title>Information l\u00e9gale - GANTEF\u00dcHRER<\/title>\n<meta name=\"robots\" content=\"noindex, follow\" \/>\n<meta property=\"og:locale\" content=\"fr_FR\" \/>\n<meta property=\"og:type\" content=\"article\" \/>\n<meta property=\"og:title\" content=\"Information l\u00e9gale - GANTEF\u00dcHRER\" \/>\n<meta property=\"og:description\" content=\"Information l\u00e9gale Dr. Gantef\u00fchrer, Marquardt &amp; Partner mbBCommissaires aux comptes \u2013 conseillers fiscaux \u2013 conseillers juridiquesAlte K\u00e4mmerei | Marktplatz 6 \u2013 40213 D\u00fcsseldorfT\u00e9l\u00e9phone: 0211 \/ 89 89 0T\u00e9l\u00e9copie: 0211 \/ 89 89 150E-Mail: info@gamapa.deInternet: www.gamapa.deSi\u00e8ge: D\u00fcsseldorfTribunal tenant le registre: Tribunal d\u2019Arrondissement d\u2019Essen, n\u00b0 au Registre des Soci\u00e9t\u00e9s 2965 Num\u00e9ro TVA: DE 119 197 503 Associ\u00e9s [\u2026]\" \/>\n<meta property=\"og:url\" content=\"https:\/\/www.gamapa.de\/fr\/information-legale\/\" \/>\n<meta property=\"og:site_name\" content=\"GANTEF\u00dcHRER\" \/>\n<meta property=\"article:modified_time\" content=\"2026-01-07T10:41:21+00:00\" \/>\n<meta property=\"og:image\" content=\"https:\/\/www.gamapa.de\/wp-content\/uploads\/2020\/09\/Header-Kontakt-10-scaled.jpg\" \/>\n\t<meta property=\"og:image:width\" content=\"2560\" \/>\n\t<meta property=\"og:image:height\" content=\"764\" \/>\n\t<meta property=\"og:image:type\" content=\"image\/jpeg\" \/>\n<meta name=\"twitter:card\" content=\"summary_large_image\" \/>\n<meta name=\"twitter:label1\" content=\"Dur\u00e9e de lecture estim\u00e9e\" \/>\n\t<meta name=\"twitter:data1\" content=\"4 minutes\" \/>\n<script type=\"application\/ld+json\" class=\"yoast-schema-graph\">{\"@context\":\"https:\\\/\\\/schema.org\",\"@graph\":[{\"@type\":\"WebPage\",\"@id\":\"https:\\\/\\\/www.gamapa.de\\\/fr\\\/information-legale\\\/\",\"url\":\"https:\\\/\\\/www.gamapa.de\\\/fr\\\/information-legale\\\/\",\"name\":\"Information l\u00e9gale - GANTEF\u00dcHRER\",\"isPartOf\":{\"@id\":\"https:\\\/\\\/www.gamapa.de\\\/fr\\\/#website\"},\"primaryImageOfPage\":{\"@id\":\"https:\\\/\\\/www.gamapa.de\\\/fr\\\/information-legale\\\/#primaryimage\"},\"image\":{\"@id\":\"https:\\\/\\\/www.gamapa.de\\\/fr\\\/information-legale\\\/#primaryimage\"},\"thumbnailUrl\":\"https:\\\/\\\/www.gamapa.de\\\/wp-content\\\/uploads\\\/2020\\\/09\\\/Header-Kontakt-10-scaled.jpg\",\"datePublished\":\"2020-09-02T19:49:03+00:00\",\"dateModified\":\"2026-01-07T10:41:21+00:00\",\"breadcrumb\":{\"@id\":\"https:\\\/\\\/www.gamapa.de\\\/fr\\\/information-legale\\\/#breadcrumb\"},\"inLanguage\":\"fr-FR\",\"potentialAction\":[{\"@type\":\"ReadAction\",\"target\":[\"https:\\\/\\\/www.gamapa.de\\\/fr\\\/information-legale\\\/\"]}]},{\"@type\":\"ImageObject\",\"inLanguage\":\"fr-FR\",\"@id\":\"https:\\\/\\\/www.gamapa.de\\\/fr\\\/information-legale\\\/#primaryimage\",\"url\":\"https:\\\/\\\/www.gamapa.de\\\/wp-content\\\/uploads\\\/2020\\\/09\\\/Header-Kontakt-10-scaled.jpg\",\"contentUrl\":\"https:\\\/\\\/www.gamapa.de\\\/wp-content\\\/uploads\\\/2020\\\/09\\\/Header-Kontakt-10-scaled.jpg\",\"width\":2560,\"height\":764},{\"@type\":\"BreadcrumbList\",\"@id\":\"https:\\\/\\\/www.gamapa.de\\\/fr\\\/information-legale\\\/#breadcrumb\",\"itemListElement\":[{\"@type\":\"ListItem\",\"position\":1,\"name\":\"Startseite\",\"item\":\"https:\\\/\\\/www.gamapa.de\\\/fr\\\/\"},{\"@type\":\"ListItem\",\"position\":2,\"name\":\"Information l\u00e9gale\"}]},{\"@type\":\"WebSite\",\"@id\":\"https:\\\/\\\/www.gamapa.de\\\/fr\\\/#website\",\"url\":\"https:\\\/\\\/www.gamapa.de\\\/fr\\\/\",\"name\":\"GANTEF\u00dcHRER\",\"description\":\"Wirtschaftspr\u00fcfer, Steuerberater, Rechtsanw\u00e4lte\",\"publisher\":{\"@id\":\"https:\\\/\\\/www.gamapa.de\\\/fr\\\/#organization\"},\"potentialAction\":[{\"@type\":\"SearchAction\",\"target\":{\"@type\":\"EntryPoint\",\"urlTemplate\":\"https:\\\/\\\/www.gamapa.de\\\/fr\\\/?s={search_term_string}\"},\"query-input\":{\"@type\":\"PropertyValueSpecification\",\"valueRequired\":true,\"valueName\":\"search_term_string\"}}],\"inLanguage\":\"fr-FR\"},{\"@type\":\"Organization\",\"@id\":\"https:\\\/\\\/www.gamapa.de\\\/fr\\\/#organization\",\"name\":\"Gantef\u00fchrer Wirtschaftspr\u00fcfer, Steuerberater, Rechtsanw\u00e4lte\",\"url\":\"https:\\\/\\\/www.gamapa.de\\\/fr\\\/\",\"logo\":{\"@type\":\"ImageObject\",\"inLanguage\":\"fr-FR\",\"@id\":\"https:\\\/\\\/www.gamapa.de\\\/fr\\\/#\\\/schema\\\/logo\\\/image\\\/\",\"url\":\"https:\\\/\\\/www.gamapa.de\\\/wp-content\\\/uploads\\\/2026\\\/01\\\/Logo-Gantefuehrer.png\",\"contentUrl\":\"https:\\\/\\\/www.gamapa.de\\\/wp-content\\\/uploads\\\/2026\\\/01\\\/Logo-Gantefuehrer.png\",\"width\":767,\"height\":156,\"caption\":\"Gantef\u00fchrer Wirtschaftspr\u00fcfer, Steuerberater, Rechtsanw\u00e4lte\"},\"image\":{\"@id\":\"https:\\\/\\\/www.gamapa.de\\\/fr\\\/#\\\/schema\\\/logo\\\/image\\\/\"}}]}<\/script>\n<!-- \/ Yoast SEO plugin. -->","yoast_head_json":{"title":"Information l\u00e9gale - GANTEF\u00dcHRER","robots":{"index":"noindex","follow":"follow"},"og_locale":"fr_FR","og_type":"article","og_title":"Information l\u00e9gale - GANTEF\u00dcHRER","og_description":"Information l\u00e9gale Dr. Gantef\u00fchrer, Marquardt &amp; Partner mbBCommissaires aux comptes \u2013 conseillers fiscaux \u2013 conseillers juridiquesAlte K\u00e4mmerei | Marktplatz 6 \u2013 40213 D\u00fcsseldorfT\u00e9l\u00e9phone: 0211 \/ 89 89 0T\u00e9l\u00e9copie: 0211 \/ 89 89 150E-Mail: info@gamapa.deInternet: www.gamapa.deSi\u00e8ge: D\u00fcsseldorfTribunal tenant le registre: Tribunal d\u2019Arrondissement d\u2019Essen, n\u00b0 au Registre des Soci\u00e9t\u00e9s 2965 Num\u00e9ro TVA: DE 119 197 503 Associ\u00e9s [\u2026]","og_url":"https:\/\/www.gamapa.de\/fr\/information-legale\/","og_site_name":"GANTEF\u00dcHRER","article_modified_time":"2026-01-07T10:41:21+00:00","og_image":[{"width":2560,"height":764,"url":"https:\/\/www.gamapa.de\/wp-content\/uploads\/2020\/09\/Header-Kontakt-10-scaled.jpg","type":"image\/jpeg"}],"twitter_card":"summary_large_image","twitter_misc":{"Dur\u00e9e de lecture estim\u00e9e":"4 minutes"},"schema":{"@context":"https:\/\/schema.org","@graph":[{"@type":"WebPage","@id":"https:\/\/www.gamapa.de\/fr\/information-legale\/","url":"https:\/\/www.gamapa.de\/fr\/information-legale\/","name":"Information l\u00e9gale - GANTEF\u00dcHRER","isPartOf":{"@id":"https:\/\/www.gamapa.de\/fr\/#website"},"primaryImageOfPage":{"@id":"https:\/\/www.gamapa.de\/fr\/information-legale\/#primaryimage"},"image":{"@id":"https:\/\/www.gamapa.de\/fr\/information-legale\/#primaryimage"},"thumbnailUrl":"https:\/\/www.gamapa.de\/wp-content\/uploads\/2020\/09\/Header-Kontakt-10-scaled.jpg","datePublished":"2020-09-02T19:49:03+00:00","dateModified":"2026-01-07T10:41:21+00:00","breadcrumb":{"@id":"https:\/\/www.gamapa.de\/fr\/information-legale\/#breadcrumb"},"inLanguage":"fr-FR","potentialAction":[{"@type":"ReadAction","target":["https:\/\/www.gamapa.de\/fr\/information-legale\/"]}]},{"@type":"ImageObject","inLanguage":"fr-FR","@id":"https:\/\/www.gamapa.de\/fr\/information-legale\/#primaryimage","url":"https:\/\/www.gamapa.de\/wp-content\/uploads\/2020\/09\/Header-Kontakt-10-scaled.jpg","contentUrl":"https:\/\/www.gamapa.de\/wp-content\/uploads\/2020\/09\/Header-Kontakt-10-scaled.jpg","width":2560,"height":764},{"@type":"BreadcrumbList","@id":"https:\/\/www.gamapa.de\/fr\/information-legale\/#breadcrumb","itemListElement":[{"@type":"ListItem","position":1,"name":"Startseite","item":"https:\/\/www.gamapa.de\/fr\/"},{"@type":"ListItem","position":2,"name":"Information l\u00e9gale"}]},{"@type":"WebSite","@id":"https:\/\/www.gamapa.de\/fr\/#website","url":"https:\/\/www.gamapa.de\/fr\/","name":"GANTEF\u00dcHRER","description":"Wirtschaftspr\u00fcfer, Steuerberater, Rechtsanw\u00e4lte","publisher":{"@id":"https:\/\/www.gamapa.de\/fr\/#organization"},"potentialAction":[{"@type":"SearchAction","target":{"@type":"EntryPoint","urlTemplate":"https:\/\/www.gamapa.de\/fr\/?s={search_term_string}"},"query-input":{"@type":"PropertyValueSpecification","valueRequired":true,"valueName":"search_term_string"}}],"inLanguage":"fr-FR"},{"@type":"Organization","@id":"https:\/\/www.gamapa.de\/fr\/#organization","name":"Gantef\u00fchrer Wirtschaftspr\u00fcfer, Steuerberater, Rechtsanw\u00e4lte","url":"https:\/\/www.gamapa.de\/fr\/","logo":{"@type":"ImageObject","inLanguage":"fr-FR","@id":"https:\/\/www.gamapa.de\/fr\/#\/schema\/logo\/image\/","url":"https:\/\/www.gamapa.de\/wp-content\/uploads\/2026\/01\/Logo-Gantefuehrer.png","contentUrl":"https:\/\/www.gamapa.de\/wp-content\/uploads\/2026\/01\/Logo-Gantefuehrer.png","width":767,"height":156,"caption":"Gantef\u00fchrer Wirtschaftspr\u00fcfer, Steuerberater, Rechtsanw\u00e4lte"},"image":{"@id":"https:\/\/www.gamapa.de\/fr\/#\/schema\/logo\/image\/"}}]}},"uagb_featured_image_src":{"full":["https:\/\/www.gamapa.de\/wp-content\/uploads\/2020\/09\/Header-Kontakt-10-scaled.jpg",2560,764,false],"thumbnail":["https:\/\/www.gamapa.de\/wp-content\/uploads\/2020\/09\/Header-Kontakt-10-150x150.jpg",150,150,true],"medium":["https:\/\/www.gamapa.de\/wp-content\/uploads\/2020\/09\/Header-Kontakt-10-600x179.jpg",600,179,true],"medium_large":["https:\/\/www.gamapa.de\/wp-content\/uploads\/2020\/09\/Header-Kontakt-10-768x229.jpg",580,173,true],"large":["https:\/\/www.gamapa.de\/wp-content\/uploads\/2020\/09\/Header-Kontakt-10-scaled.jpg",580,173,false],"gs-tiny":["https:\/\/www.gamapa.de\/wp-content\/uploads\/2020\/09\/Header-Kontakt-10-scaled.jpg",50,15,false],"xl":["https:\/\/www.gamapa.de\/wp-content\/uploads\/2020\/09\/Header-Kontakt-10-1600x477.jpg",1600,477,true],"xxl":["https:\/\/www.gamapa.de\/wp-content\/uploads\/2020\/09\/Header-Kontakt-10-2200x656.jpg",2200,656,true],"xxxl":["https:\/\/www.gamapa.de\/wp-content\/uploads\/2020\/09\/Header-Kontakt-10-2800x835.jpg",2800,835,true],"xxxxl":["https:\/\/www.gamapa.de\/wp-content\/uploads\/2020\/09\/Header-Kontakt-10-scaled.jpg",2560,764,false],"xxxxxl":["https:\/\/www.gamapa.de\/wp-content\/uploads\/2020\/09\/Header-Kontakt-10-scaled.jpg",2560,764,false],"1536x1536":["https:\/\/www.gamapa.de\/wp-content\/uploads\/2020\/09\/Header-Kontakt-10-1536x458.jpg",1536,458,true],"2048x2048":["https:\/\/www.gamapa.de\/wp-content\/uploads\/2020\/09\/Header-Kontakt-10-2048x611.jpg",2048,611,true],"post-thumbnail":["https:\/\/www.gamapa.de\/wp-content\/uploads\/2020\/09\/Header-Kontakt-10-scaled.jpg",2560,764,false],"twentytwenty-fullscreen":["https:\/\/www.gamapa.de\/wp-content\/uploads\/2020\/09\/Header-Kontakt-10-scaled.jpg",2560,764,false],"theme-slug-single-post":["https:\/\/www.gamapa.de\/wp-content\/uploads\/2020\/09\/Header-Kontakt-10-1600x400.jpg",1600,400,true]},"uagb_author_info":{"display_name":"linda","author_link":"https:\/\/www.gamapa.de\/fr\/author\/linda\/"},"uagb_comment_info":0,"uagb_excerpt":"Information l\u00e9gale Dr. Gantef\u00fchrer, Marquardt &amp; Partner mbBCommissaires aux comptes \u2013 conseillers fiscaux \u2013 conseillers juridiquesAlte K\u00e4mmerei | Marktplatz 6 \u2013 40213 D\u00fcsseldorfT\u00e9l\u00e9phone: 0211 \/ 89 89 0T\u00e9l\u00e9copie: 0211 \/ 89 89 150E-Mail: info@gamapa.deInternet: www.gamapa.deSi\u00e8ge: D\u00fcsseldorfTribunal tenant le registre: Tribunal d\u2019Arrondissement d\u2019Essen, n\u00b0 au Registre des Soci\u00e9t\u00e9s 2965 Num\u00e9ro TVA: DE 119 197 503 Associ\u00e9s\u2026","_links":{"self":[{"href":"https:\/\/www.gamapa.de\/fr\/wp-json\/wp\/v2\/pages\/4976","targetHints":{"allow":["GET"]}}],"collection":[{"href":"https:\/\/www.gamapa.de\/fr\/wp-json\/wp\/v2\/pages"}],"about":[{"href":"https:\/\/www.gamapa.de\/fr\/wp-json\/wp\/v2\/types\/page"}],"author":[{"embeddable":true,"href":"https:\/\/www.gamapa.de\/fr\/wp-json\/wp\/v2\/users\/1"}],"replies":[{"embeddable":true,"href":"https:\/\/www.gamapa.de\/fr\/wp-json\/wp\/v2\/comments?post=4976"}],"version-history":[{"count":12,"href":"https:\/\/www.gamapa.de\/fr\/wp-json\/wp\/v2\/pages\/4976\/revisions"}],"predecessor-version":[{"id":23370,"href":"https:\/\/www.gamapa.de\/fr\/wp-json\/wp\/v2\/pages\/4976\/revisions\/23370"}],"wp:featuredmedia":[{"embeddable":true,"href":"https:\/\/www.gamapa.de\/fr\/wp-json\/wp\/v2\/media\/4297"}],"wp:attachment":[{"href":"https:\/\/www.gamapa.de\/fr\/wp-json\/wp\/v2\/media?parent=4976"}],"curies":[{"name":"wp","href":"https:\/\/api.w.org\/{rel}","templated":true}]}}