

{"id":4984,"date":"2020-09-02T22:01:57","date_gmt":"2020-09-02T20:01:57","guid":{"rendered":"https:\/\/www.gamapa.de\/verarbeitung-personenbezogener-daten\/"},"modified":"2026-01-07T11:46:38","modified_gmt":"2026-01-07T10:46:38","slug":"informations-generales-sur-le-traitement-des-donnees-a-caractere-personnel-par-le-cabinet-juridique-gantefuhrer","status":"publish","type":"page","link":"https:\/\/www.gamapa.de\/fr\/protection-des-donnees\/informations-generales-sur-le-traitement-des-donnees-a-caractere-personnel-par-le-cabinet-juridique-gantefuhrer\/","title":{"rendered":"Informations g\u00e9n\u00e9rales sur le traitement des donn\u00e9es \u00e0 caract\u00e8re personnel par le cabinet juridique Gantef\u00fchrer"},"content":{"rendered":"\n<p>Compte tenu du r\u00e8glement g\u00e9n\u00e9ral sur la protection des donn\u00e9es (UE) 2016\/679 (en abr\u00e9g\u00e9&nbsp;: RGPD) qui s&rsquo;applique \u00e0 partir du 25 mai 2018, nous vous informons sur le type des donn\u00e9es \u00e0 caract\u00e8re personnel des clients qui sont collect\u00e9es, trait\u00e9es et utilis\u00e9es par le cabinet juridique Dr. Gantef\u00fchrer, Marquardt &amp; Partner mbB (en abr\u00e9g\u00e9: cabinet juridique Gantef\u00fchrer) et sur les finalit\u00e9s de leur collecte, traitement et utilisation. Ces informations sont adress\u00e9es aux personnes physiques (en particulier nos clients et leurs repr\u00e9sentants, personnes de contact ou employ\u00e9s, autres partenaires commerciaux et demandeurs) dont la commande nous r\u00e9alisons ou avec qui nous entretenons une relation d\u2019affaires ou une autre relation n\u00e9cessitant la communication, actuellement ou dans le futur.<\/p>\n\n\n\n<p><strong>1. Responsabilit\u00e9 au titre du traitement des donn\u00e9es et d\u00e9l\u00e9gu\u00e9 \u00e0 la protection des donn\u00e9es<\/strong><\/p>\n\n\n\n<p>La responsabilit\u00e9 au titre de la collecte, du traitement et de l&rsquo;utilisation des donn\u00e9es des utilisateurs incombe \u00e0<\/p>\n\n\n\n<p>Dr. Gantef\u00fchrer, Marquardt &amp; Partner mbB<br>Commissaires aux comptes \u2013 conseillers fiscaux \u2013 conseillers juridiques<br>Alte K\u00e4mmerei | Marktplatz 6<br>40213 D\u00fcsseldorf<br>T\u00e9l\u00e9phone : 0211 \/ 89 89 0<br>T\u00e9l\u00e9copie : 0211 \/ 89 89 150<br>E-Mail: info@gamapa.de<\/p>\n\n\n\n<p>Associ\u00e9s g\u00e9rants (chaque associ\u00e9 g\u00e9rant est habilit\u00e9 \u00e0 repr\u00e9senter la soci\u00e9t\u00e9 ind\u00e9pendamment): <br>Bernd R\u00fchland<br>Roland Moskat<br>Claudia Stork<br>Norbert Pull<br>Thomas Kozik<br>Michael Baum<br>R\u00fcdiger Schaar<br>Daniel Troost<br>Dr. Jochen Kissling<br>Dr. Sabrina von R\u00fcden<br>Vera Niedermeyer<\/p>\n\n\n\n<p>Le d\u00e9l\u00e9gu\u00e9 \u00e0 la protection des donn\u00e9es au cabinet juridique Gantef\u00fchrer est<\/p>\n\n\n\n<p>Dr. Imke Aulbert, conseill\u00e8re juridique<br>Dr. Gantef\u00fchrer, Marquardt &amp; Partner mbB<br>Alte K\u00e4mmerei | Marktplatz 6<br>40213 D\u00fcsseldorf<br>T\u00e9l\u00e9phone: 0211 \/ 89 89 125<br>T\u00e9l\u00e9copie: 0211 \/ 89 89 150<br>E-Mail: <a href=\"mailto:aulbert@gamapa.de\">aulbert@gamapa.de<\/a><\/p>\n\n\n\n<p><strong>2. Donn\u00e9es trait\u00e9es et finalit\u00e9s de traitement<\/strong><\/p>\n\n\n\n<p>Le cabinet juridique Gantef\u00fchrer collecte notamment les donn\u00e9es de contact (p.ex. pr\u00e9nom, nom, adresse, num\u00e9ro de t\u00e9l\u00e9phone, adresse e-mail) et les autres informations n\u00e9cessaires pour la r\u00e9alisation des commandes ou pour la communication. Les donn\u00e9es sont trait\u00e9es et stock\u00e9es \u00e0 la fois sous forme papier et sous forme \u00e9lectronique.<\/p>\n\n\n\n<p>Le cabinet juridique Gantef\u00fchrer collecte et traite les donn\u00e9es \u00e0 caract\u00e8re personnel afin de pouvoir identifier ses clients, partenaires commerciaux et partenaires de communication, pour pouvoir traiter les commandes, pour la correspondance avec les clients, partenaires commerciaux et partenaires de communication, pour la facturation, pour le traitement de toute r\u00e9clamation en responsabilit\u00e9 et, si n\u00e9cessaire, pour faire valoir des r\u00e9clamations contre les clients, partenaires commerciaux et partenaires de communication. Dans ce contexte, il convient de souligner que les commissaires aux comptes, les conseillers fiscaux et les conseillers juridiques sont l\u00e9galement tenus de constituer des dossiers et de les conserver pendant une certaine p\u00e9riode (cf. \u00a7 51b de la loi sur les commissaires aux comptes, \u00a7 66 de la loi sur les conseils fiscaux, \u00a7 50 de l\u2019arr\u00eat\u00e9 f\u00e9d\u00e9ral sur les professions juridiques).<\/p>\n\n\n\n<p>Le cabinet juridique Gantef\u00fchrer utilise les donn\u00e9es d&rsquo;acc\u00e8s pour rendre le site accessible, pour identifier et corriger les probl\u00e8mes techniques \u00e9ventuels, pour pr\u00e9venir et, si n\u00e9cessaire, poursuivre les abus li\u00e9es \u00e0 l\u2019utilisation de l\u2019offre cabinet juridique Gantef\u00fchrer.<\/p>\n\n\n\n<p>La base juridique de la collecte et du traitement des donn\u00e9es \u00e0 caract\u00e8re personnel par le cabinet juridique Gantef\u00fchrer est l&rsquo;article 6, paragraphe 1, phrase 1, lettre b) du RGPD, l\u2019article 6, paragraphe 1, phrase 1, lettre c) du RGPD et l\u2019article 6, paragraphe 1, phrase 1, lettre F) du RGPD. Les int\u00e9r\u00eats l\u00e9gitimes de la soci\u00e9t\u00e9 d\u00e9coulent des finalit\u00e9s de traitement des donn\u00e9es d\u00e9crites ci-dessus.<\/p>\n\n\n\n<p><strong>3. Transfert des donn\u00e9es \u00e0 des tiers<\/strong><\/p>\n\n\n\n<p>Dans la mesure o\u00f9, conform\u00e9ment \u00e0 l&rsquo;article 6, paragraphe 1, phrase 1, lettres b) et f) du RGPD, cela est n\u00e9cessaire pour le traitement d\u2019une commande ou d\u2019autres relations commerciales et de communication, les donn\u00e9es \u00e0 caract\u00e8re personnel seront transmises \u00e0 des tiers. Cela comprend en particulier la transmission des donn\u00e9es aux tribunaux et autres autorit\u00e9s publiques \u00e0 des fins de correspondance ainsi que pour faire valoir et d\u00e9fendre les droits du client. De plus, ces informations sont transmises \u00e0 l\u2019autre partie \u00e0 la proc\u00e9dure et \u00e0 ses repr\u00e9sentants (notamment avocats et conseillers juridiques). Enfin, les donn\u00e9es \u00e0 caract\u00e8re personnel sont \u00e9galement transmises \u00e0 des sous-traitants soigneusement s\u00e9lectionn\u00e9s qui effectuent des t\u00e2ches administratives pour le cabinet juridique Gantef\u00fchrer, telles que la gestion et le stockage de fichiers \u00e9lectroniques ou l&rsquo;archivage de fichiers papier. Ceci est sans pr\u00e9judice de l\u2018obligation de secret professionnel \u00e9nonc\u00e9e au \u00a7 57b du code de conduite professionnelle des commissaires aux comptes, au \u00a7 57 sur la loi relative aux conseils fiscaux et du \u00a7 43a 50 de l\u2019arr\u00eat\u00e9 f\u00e9d\u00e9ral sur les professions juridiques.<\/p>\n\n\n\n<p>En dehors de cela, les donn\u00e9es \u00e0 caract\u00e8re personnel ne seront transmises sans le consentement expr\u00e8s du client, du partenaire commercial ou du partenaire de communication que si le cabinet juridique Gantef\u00fchrer y est tenu l\u00e9galement ou en vertu d\u2019une d\u00e9cision officielle ou judiciaire.<\/p>\n\n\n\n<p><strong>4. Lieu de stockage des donn\u00e9es<\/strong><\/p>\n\n\n\n<p>Les donn\u00e9es sont stock\u00e9es exclusivement dans des centres de donn\u00e9es qui entrent dans le champ d&rsquo;application du RGPD.<\/p>\n\n\n\n<p><strong>5. P\u00e9riode de stockage<\/strong><\/p>\n\n\n\n<p>Les donn\u00e9es \u00e0 caract\u00e8re personnel sont supprim\u00e9es lorsque leur connaissance n&rsquo;est plus n\u00e9cessaire aux fins d\u00e9crites dans la pr\u00e9sente politique de confidentialit\u00e9, \u00e0 moins que des dispositions l\u00e9gales n&rsquo;exigent un stockage plus long.<\/p>\n\n\n\n<p><strong>6. Droits des personnes concern\u00e9es par les donn\u00e9es<\/strong><\/p>\n\n\n\n<p>Les personnes concern\u00e9es par les donn\u00e9es ont le droit d&rsquo;\u00eatre inform\u00e9es sur l\u2019\u00e9tendue des donn\u00e9es \u00e0 caract\u00e8re personnel stock\u00e9es et, si les exigences l\u00e9gales pertinentes sont remplies, le droit de r\u00e9clamer leur rectification, leur suppression, la limitation de leur traitement et peuvent s\u2019opposer au traitement et au transfert de ces des donn\u00e9es. De plus, les personnes concern\u00e9es par les donn\u00e9es peuvent \u00e9galement adresser des plaintes concernant l&rsquo;utilisation de leurs donn\u00e9es \u00e0 l&rsquo;autorit\u00e9 de contr\u00f4le comp\u00e9tente.<\/p>\n\n\n\n<p>Situation au mois de 2025<\/p>\n","protected":false},"excerpt":{"rendered":"<p>Compte tenu du r\u00e8glement g\u00e9n\u00e9ral sur la protection des donn\u00e9es (UE) 2016\/679 (en abr\u00e9g\u00e9&nbsp;: RGPD) qui s&rsquo;applique \u00e0 partir du 25 mai 2018, nous vous informons sur le type des donn\u00e9es \u00e0 caract\u00e8re personnel des clients qui sont collect\u00e9es, trait\u00e9es et utilis\u00e9es par le cabinet juridique Dr. Gantef\u00fchrer, Marquardt &amp; Partner mbB (en abr\u00e9g\u00e9: cabinet <a href=\"https:\/\/www.gamapa.de\/fr\/protection-des-donnees\/informations-generales-sur-le-traitement-des-donnees-a-caractere-personnel-par-le-cabinet-juridique-gantefuhrer\/\">[\u2026]<\/a><\/p>\n","protected":false},"author":1,"featured_media":4300,"parent":4980,"menu_order":0,"comment_status":"closed","ping_status":"closed","template":"","meta":{"_acf_changed":false,"_uag_custom_page_level_css":"","footnotes":""},"class_list":["post-4984","page","type-page","status-publish","has-post-thumbnail","hentry"],"acf":[],"yoast_head":"<!-- This site is optimized with the Yoast SEO plugin v27.3 - https:\/\/yoast.com\/product\/yoast-seo-wordpress\/ -->\n<title>Informations g\u00e9n\u00e9rales sur le traitement des donn\u00e9es \u00e0 caract\u00e8re personnel par le cabinet juridique Gantef\u00fchrer - GANTEF\u00dcHRER<\/title>\n<meta name=\"robots\" content=\"index, follow, max-snippet:-1, max-image-preview:large, max-video-preview:-1\" \/>\n<link rel=\"canonical\" href=\"https:\/\/www.gamapa.de\/fr\/protection-des-donnees\/informations-generales-sur-le-traitement-des-donnees-a-caractere-personnel-par-le-cabinet-juridique-gantefuhrer\/\" \/>\n<meta property=\"og:locale\" content=\"fr_FR\" \/>\n<meta property=\"og:type\" content=\"article\" \/>\n<meta property=\"og:title\" content=\"Informations g\u00e9n\u00e9rales sur le traitement des donn\u00e9es \u00e0 caract\u00e8re personnel par le cabinet juridique Gantef\u00fchrer - GANTEF\u00dcHRER\" \/>\n<meta property=\"og:description\" content=\"Compte tenu du r\u00e8glement g\u00e9n\u00e9ral sur la protection des donn\u00e9es (UE) 2016\/679 (en abr\u00e9g\u00e9&nbsp;: RGPD) qui s&rsquo;applique \u00e0 partir du 25 mai 2018, nous vous informons sur le type des donn\u00e9es \u00e0 caract\u00e8re personnel des clients qui sont collect\u00e9es, trait\u00e9es et utilis\u00e9es par le cabinet juridique Dr. Gantef\u00fchrer, Marquardt &amp; Partner mbB (en abr\u00e9g\u00e9: cabinet [\u2026]\" \/>\n<meta property=\"og:url\" content=\"https:\/\/www.gamapa.de\/fr\/protection-des-donnees\/informations-generales-sur-le-traitement-des-donnees-a-caractere-personnel-par-le-cabinet-juridique-gantefuhrer\/\" \/>\n<meta property=\"og:site_name\" content=\"GANTEF\u00dcHRER\" \/>\n<meta property=\"article:modified_time\" content=\"2026-01-07T10:46:38+00:00\" \/>\n<meta property=\"og:image\" content=\"https:\/\/www.gamapa.de\/wp-content\/uploads\/2020\/09\/Header-Kontakt-11-scaled.jpg\" \/>\n\t<meta property=\"og:image:width\" content=\"2560\" \/>\n\t<meta property=\"og:image:height\" content=\"764\" \/>\n\t<meta property=\"og:image:type\" content=\"image\/jpeg\" \/>\n<meta name=\"twitter:card\" content=\"summary_large_image\" \/>\n<meta name=\"twitter:label1\" content=\"Dur\u00e9e de lecture estim\u00e9e\" \/>\n\t<meta name=\"twitter:data1\" content=\"6 minutes\" \/>\n<script type=\"application\/ld+json\" class=\"yoast-schema-graph\">{\"@context\":\"https:\\\/\\\/schema.org\",\"@graph\":[{\"@type\":\"WebPage\",\"@id\":\"https:\\\/\\\/www.gamapa.de\\\/fr\\\/protection-des-donnees\\\/informations-generales-sur-le-traitement-des-donnees-a-caractere-personnel-par-le-cabinet-juridique-gantefuhrer\\\/\",\"url\":\"https:\\\/\\\/www.gamapa.de\\\/fr\\\/protection-des-donnees\\\/informations-generales-sur-le-traitement-des-donnees-a-caractere-personnel-par-le-cabinet-juridique-gantefuhrer\\\/\",\"name\":\"Informations g\u00e9n\u00e9rales sur le traitement des donn\u00e9es \u00e0 caract\u00e8re personnel par le cabinet juridique Gantef\u00fchrer - GANTEF\u00dcHRER\",\"isPartOf\":{\"@id\":\"https:\\\/\\\/www.gamapa.de\\\/fr\\\/#website\"},\"primaryImageOfPage\":{\"@id\":\"https:\\\/\\\/www.gamapa.de\\\/fr\\\/protection-des-donnees\\\/informations-generales-sur-le-traitement-des-donnees-a-caractere-personnel-par-le-cabinet-juridique-gantefuhrer\\\/#primaryimage\"},\"image\":{\"@id\":\"https:\\\/\\\/www.gamapa.de\\\/fr\\\/protection-des-donnees\\\/informations-generales-sur-le-traitement-des-donnees-a-caractere-personnel-par-le-cabinet-juridique-gantefuhrer\\\/#primaryimage\"},\"thumbnailUrl\":\"https:\\\/\\\/www.gamapa.de\\\/wp-content\\\/uploads\\\/2020\\\/09\\\/Header-Kontakt-11-scaled.jpg\",\"datePublished\":\"2020-09-02T20:01:57+00:00\",\"dateModified\":\"2026-01-07T10:46:38+00:00\",\"breadcrumb\":{\"@id\":\"https:\\\/\\\/www.gamapa.de\\\/fr\\\/protection-des-donnees\\\/informations-generales-sur-le-traitement-des-donnees-a-caractere-personnel-par-le-cabinet-juridique-gantefuhrer\\\/#breadcrumb\"},\"inLanguage\":\"fr-FR\",\"potentialAction\":[{\"@type\":\"ReadAction\",\"target\":[\"https:\\\/\\\/www.gamapa.de\\\/fr\\\/protection-des-donnees\\\/informations-generales-sur-le-traitement-des-donnees-a-caractere-personnel-par-le-cabinet-juridique-gantefuhrer\\\/\"]}]},{\"@type\":\"ImageObject\",\"inLanguage\":\"fr-FR\",\"@id\":\"https:\\\/\\\/www.gamapa.de\\\/fr\\\/protection-des-donnees\\\/informations-generales-sur-le-traitement-des-donnees-a-caractere-personnel-par-le-cabinet-juridique-gantefuhrer\\\/#primaryimage\",\"url\":\"https:\\\/\\\/www.gamapa.de\\\/wp-content\\\/uploads\\\/2020\\\/09\\\/Header-Kontakt-11-scaled.jpg\",\"contentUrl\":\"https:\\\/\\\/www.gamapa.de\\\/wp-content\\\/uploads\\\/2020\\\/09\\\/Header-Kontakt-11-scaled.jpg\",\"width\":2560,\"height\":764,\"caption\":\"Kontakt\"},{\"@type\":\"BreadcrumbList\",\"@id\":\"https:\\\/\\\/www.gamapa.de\\\/fr\\\/protection-des-donnees\\\/informations-generales-sur-le-traitement-des-donnees-a-caractere-personnel-par-le-cabinet-juridique-gantefuhrer\\\/#breadcrumb\",\"itemListElement\":[{\"@type\":\"ListItem\",\"position\":1,\"name\":\"Startseite\",\"item\":\"https:\\\/\\\/www.gamapa.de\\\/fr\\\/\"},{\"@type\":\"ListItem\",\"position\":2,\"name\":\"Protection des donn\u00e9es\",\"item\":\"https:\\\/\\\/www.gamapa.de\\\/fr\\\/protection-des-donnees\\\/\"},{\"@type\":\"ListItem\",\"position\":3,\"name\":\"Informations g\u00e9n\u00e9rales sur le traitement des donn\u00e9es \u00e0 caract\u00e8re personnel par le cabinet juridique Gantef\u00fchrer\"}]},{\"@type\":\"WebSite\",\"@id\":\"https:\\\/\\\/www.gamapa.de\\\/fr\\\/#website\",\"url\":\"https:\\\/\\\/www.gamapa.de\\\/fr\\\/\",\"name\":\"GANTEF\u00dcHRER\",\"description\":\"Wirtschaftspr\u00fcfer, Steuerberater, Rechtsanw\u00e4lte\",\"publisher\":{\"@id\":\"https:\\\/\\\/www.gamapa.de\\\/fr\\\/#organization\"},\"potentialAction\":[{\"@type\":\"SearchAction\",\"target\":{\"@type\":\"EntryPoint\",\"urlTemplate\":\"https:\\\/\\\/www.gamapa.de\\\/fr\\\/?s={search_term_string}\"},\"query-input\":{\"@type\":\"PropertyValueSpecification\",\"valueRequired\":true,\"valueName\":\"search_term_string\"}}],\"inLanguage\":\"fr-FR\"},{\"@type\":\"Organization\",\"@id\":\"https:\\\/\\\/www.gamapa.de\\\/fr\\\/#organization\",\"name\":\"Gantef\u00fchrer Wirtschaftspr\u00fcfer, Steuerberater, Rechtsanw\u00e4lte\",\"url\":\"https:\\\/\\\/www.gamapa.de\\\/fr\\\/\",\"logo\":{\"@type\":\"ImageObject\",\"inLanguage\":\"fr-FR\",\"@id\":\"https:\\\/\\\/www.gamapa.de\\\/fr\\\/#\\\/schema\\\/logo\\\/image\\\/\",\"url\":\"https:\\\/\\\/www.gamapa.de\\\/wp-content\\\/uploads\\\/2026\\\/01\\\/Logo-Gantefuehrer.png\",\"contentUrl\":\"https:\\\/\\\/www.gamapa.de\\\/wp-content\\\/uploads\\\/2026\\\/01\\\/Logo-Gantefuehrer.png\",\"width\":767,\"height\":156,\"caption\":\"Gantef\u00fchrer Wirtschaftspr\u00fcfer, Steuerberater, Rechtsanw\u00e4lte\"},\"image\":{\"@id\":\"https:\\\/\\\/www.gamapa.de\\\/fr\\\/#\\\/schema\\\/logo\\\/image\\\/\"}}]}<\/script>\n<!-- \/ Yoast SEO plugin. -->","yoast_head_json":{"title":"Informations g\u00e9n\u00e9rales sur le traitement des donn\u00e9es \u00e0 caract\u00e8re personnel par le cabinet juridique Gantef\u00fchrer - GANTEF\u00dcHRER","robots":{"index":"index","follow":"follow","max-snippet":"max-snippet:-1","max-image-preview":"max-image-preview:large","max-video-preview":"max-video-preview:-1"},"canonical":"https:\/\/www.gamapa.de\/fr\/protection-des-donnees\/informations-generales-sur-le-traitement-des-donnees-a-caractere-personnel-par-le-cabinet-juridique-gantefuhrer\/","og_locale":"fr_FR","og_type":"article","og_title":"Informations g\u00e9n\u00e9rales sur le traitement des donn\u00e9es \u00e0 caract\u00e8re personnel par le cabinet juridique Gantef\u00fchrer - GANTEF\u00dcHRER","og_description":"Compte tenu du r\u00e8glement g\u00e9n\u00e9ral sur la protection des donn\u00e9es (UE) 2016\/679 (en abr\u00e9g\u00e9&nbsp;: RGPD) qui s&rsquo;applique \u00e0 partir du 25 mai 2018, nous vous informons sur le type des donn\u00e9es \u00e0 caract\u00e8re personnel des clients qui sont collect\u00e9es, trait\u00e9es et utilis\u00e9es par le cabinet juridique Dr. Gantef\u00fchrer, Marquardt &amp; Partner mbB (en abr\u00e9g\u00e9: cabinet [\u2026]","og_url":"https:\/\/www.gamapa.de\/fr\/protection-des-donnees\/informations-generales-sur-le-traitement-des-donnees-a-caractere-personnel-par-le-cabinet-juridique-gantefuhrer\/","og_site_name":"GANTEF\u00dcHRER","article_modified_time":"2026-01-07T10:46:38+00:00","og_image":[{"width":2560,"height":764,"url":"https:\/\/www.gamapa.de\/wp-content\/uploads\/2020\/09\/Header-Kontakt-11-scaled.jpg","type":"image\/jpeg"}],"twitter_card":"summary_large_image","twitter_misc":{"Dur\u00e9e de lecture estim\u00e9e":"6 minutes"},"schema":{"@context":"https:\/\/schema.org","@graph":[{"@type":"WebPage","@id":"https:\/\/www.gamapa.de\/fr\/protection-des-donnees\/informations-generales-sur-le-traitement-des-donnees-a-caractere-personnel-par-le-cabinet-juridique-gantefuhrer\/","url":"https:\/\/www.gamapa.de\/fr\/protection-des-donnees\/informations-generales-sur-le-traitement-des-donnees-a-caractere-personnel-par-le-cabinet-juridique-gantefuhrer\/","name":"Informations g\u00e9n\u00e9rales sur le traitement des donn\u00e9es \u00e0 caract\u00e8re personnel par le cabinet juridique Gantef\u00fchrer - GANTEF\u00dcHRER","isPartOf":{"@id":"https:\/\/www.gamapa.de\/fr\/#website"},"primaryImageOfPage":{"@id":"https:\/\/www.gamapa.de\/fr\/protection-des-donnees\/informations-generales-sur-le-traitement-des-donnees-a-caractere-personnel-par-le-cabinet-juridique-gantefuhrer\/#primaryimage"},"image":{"@id":"https:\/\/www.gamapa.de\/fr\/protection-des-donnees\/informations-generales-sur-le-traitement-des-donnees-a-caractere-personnel-par-le-cabinet-juridique-gantefuhrer\/#primaryimage"},"thumbnailUrl":"https:\/\/www.gamapa.de\/wp-content\/uploads\/2020\/09\/Header-Kontakt-11-scaled.jpg","datePublished":"2020-09-02T20:01:57+00:00","dateModified":"2026-01-07T10:46:38+00:00","breadcrumb":{"@id":"https:\/\/www.gamapa.de\/fr\/protection-des-donnees\/informations-generales-sur-le-traitement-des-donnees-a-caractere-personnel-par-le-cabinet-juridique-gantefuhrer\/#breadcrumb"},"inLanguage":"fr-FR","potentialAction":[{"@type":"ReadAction","target":["https:\/\/www.gamapa.de\/fr\/protection-des-donnees\/informations-generales-sur-le-traitement-des-donnees-a-caractere-personnel-par-le-cabinet-juridique-gantefuhrer\/"]}]},{"@type":"ImageObject","inLanguage":"fr-FR","@id":"https:\/\/www.gamapa.de\/fr\/protection-des-donnees\/informations-generales-sur-le-traitement-des-donnees-a-caractere-personnel-par-le-cabinet-juridique-gantefuhrer\/#primaryimage","url":"https:\/\/www.gamapa.de\/wp-content\/uploads\/2020\/09\/Header-Kontakt-11-scaled.jpg","contentUrl":"https:\/\/www.gamapa.de\/wp-content\/uploads\/2020\/09\/Header-Kontakt-11-scaled.jpg","width":2560,"height":764,"caption":"Kontakt"},{"@type":"BreadcrumbList","@id":"https:\/\/www.gamapa.de\/fr\/protection-des-donnees\/informations-generales-sur-le-traitement-des-donnees-a-caractere-personnel-par-le-cabinet-juridique-gantefuhrer\/#breadcrumb","itemListElement":[{"@type":"ListItem","position":1,"name":"Startseite","item":"https:\/\/www.gamapa.de\/fr\/"},{"@type":"ListItem","position":2,"name":"Protection des donn\u00e9es","item":"https:\/\/www.gamapa.de\/fr\/protection-des-donnees\/"},{"@type":"ListItem","position":3,"name":"Informations g\u00e9n\u00e9rales sur le traitement des donn\u00e9es \u00e0 caract\u00e8re personnel par le cabinet juridique Gantef\u00fchrer"}]},{"@type":"WebSite","@id":"https:\/\/www.gamapa.de\/fr\/#website","url":"https:\/\/www.gamapa.de\/fr\/","name":"GANTEF\u00dcHRER","description":"Wirtschaftspr\u00fcfer, Steuerberater, Rechtsanw\u00e4lte","publisher":{"@id":"https:\/\/www.gamapa.de\/fr\/#organization"},"potentialAction":[{"@type":"SearchAction","target":{"@type":"EntryPoint","urlTemplate":"https:\/\/www.gamapa.de\/fr\/?s={search_term_string}"},"query-input":{"@type":"PropertyValueSpecification","valueRequired":true,"valueName":"search_term_string"}}],"inLanguage":"fr-FR"},{"@type":"Organization","@id":"https:\/\/www.gamapa.de\/fr\/#organization","name":"Gantef\u00fchrer Wirtschaftspr\u00fcfer, Steuerberater, Rechtsanw\u00e4lte","url":"https:\/\/www.gamapa.de\/fr\/","logo":{"@type":"ImageObject","inLanguage":"fr-FR","@id":"https:\/\/www.gamapa.de\/fr\/#\/schema\/logo\/image\/","url":"https:\/\/www.gamapa.de\/wp-content\/uploads\/2026\/01\/Logo-Gantefuehrer.png","contentUrl":"https:\/\/www.gamapa.de\/wp-content\/uploads\/2026\/01\/Logo-Gantefuehrer.png","width":767,"height":156,"caption":"Gantef\u00fchrer Wirtschaftspr\u00fcfer, Steuerberater, Rechtsanw\u00e4lte"},"image":{"@id":"https:\/\/www.gamapa.de\/fr\/#\/schema\/logo\/image\/"}}]}},"uagb_featured_image_src":{"full":["https:\/\/www.gamapa.de\/wp-content\/uploads\/2020\/09\/Header-Kontakt-11-scaled.jpg",2560,764,false],"thumbnail":["https:\/\/www.gamapa.de\/wp-content\/uploads\/2020\/09\/Header-Kontakt-11-150x150.jpg",150,150,true],"medium":["https:\/\/www.gamapa.de\/wp-content\/uploads\/2020\/09\/Header-Kontakt-11-600x179.jpg",600,179,true],"medium_large":["https:\/\/www.gamapa.de\/wp-content\/uploads\/2020\/09\/Header-Kontakt-11-768x229.jpg",580,173,true],"large":["https:\/\/www.gamapa.de\/wp-content\/uploads\/2020\/09\/Header-Kontakt-11-scaled.jpg",580,173,false],"gs-tiny":["https:\/\/www.gamapa.de\/wp-content\/uploads\/2020\/09\/Header-Kontakt-11-scaled.jpg",50,15,false],"xl":["https:\/\/www.gamapa.de\/wp-content\/uploads\/2020\/09\/Header-Kontakt-11-1600x477.jpg",1600,477,true],"xxl":["https:\/\/www.gamapa.de\/wp-content\/uploads\/2020\/09\/Header-Kontakt-11-2200x656.jpg",2200,656,true],"xxxl":["https:\/\/www.gamapa.de\/wp-content\/uploads\/2020\/09\/Header-Kontakt-11-2800x835.jpg",2800,835,true],"xxxxl":["https:\/\/www.gamapa.de\/wp-content\/uploads\/2020\/09\/Header-Kontakt-11-scaled.jpg",2560,764,false],"xxxxxl":["https:\/\/www.gamapa.de\/wp-content\/uploads\/2020\/09\/Header-Kontakt-11-scaled.jpg",2560,764,false],"1536x1536":["https:\/\/www.gamapa.de\/wp-content\/uploads\/2020\/09\/Header-Kontakt-11-1536x458.jpg",1536,458,true],"2048x2048":["https:\/\/www.gamapa.de\/wp-content\/uploads\/2020\/09\/Header-Kontakt-11-2048x611.jpg",2048,611,true],"post-thumbnail":["https:\/\/www.gamapa.de\/wp-content\/uploads\/2020\/09\/Header-Kontakt-11-scaled.jpg",2560,764,false],"twentytwenty-fullscreen":["https:\/\/www.gamapa.de\/wp-content\/uploads\/2020\/09\/Header-Kontakt-11-scaled.jpg",2560,764,false],"theme-slug-single-post":["https:\/\/www.gamapa.de\/wp-content\/uploads\/2020\/09\/Header-Kontakt-11-1600x400.jpg",1600,400,true]},"uagb_author_info":{"display_name":"linda","author_link":"https:\/\/www.gamapa.de\/fr\/author\/linda\/"},"uagb_comment_info":0,"uagb_excerpt":"Compte tenu du r\u00e8glement g\u00e9n\u00e9ral sur la protection des donn\u00e9es (UE) 2016\/679 (en abr\u00e9g\u00e9&nbsp;: RGPD) qui s&rsquo;applique \u00e0 partir du 25 mai 2018, nous vous informons sur le type des donn\u00e9es \u00e0 caract\u00e8re personnel des clients qui sont collect\u00e9es, trait\u00e9es et utilis\u00e9es par le cabinet juridique Dr. Gantef\u00fchrer, Marquardt &amp; Partner mbB (en abr\u00e9g\u00e9: cabinet\u2026","_links":{"self":[{"href":"https:\/\/www.gamapa.de\/fr\/wp-json\/wp\/v2\/pages\/4984","targetHints":{"allow":["GET"]}}],"collection":[{"href":"https:\/\/www.gamapa.de\/fr\/wp-json\/wp\/v2\/pages"}],"about":[{"href":"https:\/\/www.gamapa.de\/fr\/wp-json\/wp\/v2\/types\/page"}],"author":[{"embeddable":true,"href":"https:\/\/www.gamapa.de\/fr\/wp-json\/wp\/v2\/users\/1"}],"replies":[{"embeddable":true,"href":"https:\/\/www.gamapa.de\/fr\/wp-json\/wp\/v2\/comments?post=4984"}],"version-history":[{"count":5,"href":"https:\/\/www.gamapa.de\/fr\/wp-json\/wp\/v2\/pages\/4984\/revisions"}],"predecessor-version":[{"id":23377,"href":"https:\/\/www.gamapa.de\/fr\/wp-json\/wp\/v2\/pages\/4984\/revisions\/23377"}],"up":[{"embeddable":true,"href":"https:\/\/www.gamapa.de\/fr\/wp-json\/wp\/v2\/pages\/4980"}],"wp:featuredmedia":[{"embeddable":true,"href":"https:\/\/www.gamapa.de\/fr\/wp-json\/wp\/v2\/media\/4300"}],"wp:attachment":[{"href":"https:\/\/www.gamapa.de\/fr\/wp-json\/wp\/v2\/media?parent=4984"}],"curies":[{"name":"wp","href":"https:\/\/api.w.org\/{rel}","templated":true}]}}