

{"id":5414,"date":"2021-01-16T21:35:13","date_gmt":"2021-01-16T20:35:13","guid":{"rendered":"https:\/\/www.gamapa.de\/?page_id=5414"},"modified":"2026-01-16T22:58:29","modified_gmt":"2026-01-16T21:58:29","slug":"conseil-en-transformation-digitale","status":"publish","type":"page","link":"https:\/\/www.gamapa.de\/fr\/domaines-de-services-de-conseil\/conseil-en-gestion-dentreprise\/conseil-en-transformation-digitale\/","title":{"rendered":"Conseil en transformation digitale"},"content":{"rendered":"\n<h2 class=\"wp-block-heading\"><strong>Potenziale der Digitalisierung erkennen<\/strong><\/h2>\n\n\n\n<p>Die gesamte Wirtschaft befindet sich, nicht erst seit der Corona-Pandemie,  in der digitalen Transformation. In der Digitalisierungsberatung unterst\u00fctzen wir Sie bei der Einf\u00fchrung verschiedener Technologien. Beispielsweise bei der Einrichtung der erforderlichen Schnittstellen um ihren Gesch\u00e4ftsalltag zu optimieren. <\/p>\n\n\n\n<p><\/p>\n\n\n\n<p>Hierzu stellen wir individuell Teams zusammen, die aus spezialisierten Mitarbeitern (u.a. <a href=\"https:\/\/www.gamapa.de\/fr\/conseillers\/\" target=\"_blank\" rel=\"noreferrer noopener\">Fachanwalt f\u00fcr IT-Recht<\/a>, Fibutroniker, DATEV-Experten f\u00fcr digitale Finanz- und Lohnbuchf\u00fchrung) bestehen und Sie bei Ihrem Digitalisierungsprozess unterst\u00fctzen. Als ausgezeichnete \u00ab\u00a0Digitale Kanzlei\u00a0\u00bb bringen wir unsere Erfahrungen in Ihrem Unternehmen mit ein. <\/p>\n\n\n\n<p>Unsere T\u00e4tigkeit in der Digitalisierungsberatung umfasst u.a. folgende Bereiche:<\/p>\n\n\n\n<ul class=\"wp-block-list\">\n<li>Unterst\u00fctzung bei der Einf\u00fchrung eines Digitalen Dokumentenmanagementsystems (DMS)<\/li>\n\n\n\n<li>Unterst\u00fctzung bei der Einf\u00fchrung von Software zur Abwicklung von Personalprozessen (digitale Personalakte)<\/li>\n\n\n\n<li>Erstellung von Verfahrensdokumentationen<\/li>\n\n\n\n<li>Unterst\u00fctzung bei der Prozessoptimierung <\/li>\n\n\n\n<li>Einf\u00fchrung von E-Rechnungen (ZUGFeRD, XRechnung)<\/li>\n\n\n\n<li>Unterst\u00fctzung bei der Einrichtung von Schnittstellen f\u00fcr den Datentransfer<\/li>\n<\/ul>\n\n\n\n<p><br><br><\/p>\n","protected":false},"excerpt":{"rendered":"<p>Potenziale der Digitalisierung erkennen Die gesamte Wirtschaft befindet sich, nicht erst seit der Corona-Pandemie, in der digitalen Transformation. In der Digitalisierungsberatung unterst\u00fctzen wir Sie bei der Einf\u00fchrung verschiedener Technologien. Beispielsweise bei der Einrichtung der erforderlichen Schnittstellen um ihren Gesch\u00e4ftsalltag zu optimieren. Hierzu stellen wir individuell Teams zusammen, die aus spezialisierten Mitarbeitern (u.a. Fachanwalt f\u00fcr IT-Recht, <a href=\"https:\/\/www.gamapa.de\/fr\/domaines-de-services-de-conseil\/conseil-en-gestion-dentreprise\/conseil-en-transformation-digitale\/\">[\u2026]<\/a><\/p>\n","protected":false},"author":2,"featured_media":10093,"parent":4491,"menu_order":6,"comment_status":"closed","ping_status":"closed","template":"templates\/template-simple-site.php","meta":{"_acf_changed":false,"_uag_custom_page_level_css":"","footnotes":""},"class_list":["post-5414","page","type-page","status-publish","has-post-thumbnail","hentry"],"acf":[],"yoast_head":"<!-- This site is optimized with the Yoast SEO plugin v27.3 - https:\/\/yoast.com\/product\/yoast-seo-wordpress\/ -->\n<title>Conseil en transformation digitale - GANTEF\u00dcHRER<\/title>\n<meta name=\"description\" content=\"Comment l&#039;entreprise \u00e9voluera-t-elle \u00e0 l&#039;avenir ? Notamment les associ\u00e9s et les investisseurs exigent la transparence des donn\u00e9es pr\u00e9visionnelles afin de pouvoir prendre des d\u00e9cisions de mani\u00e8re efficace.\" \/>\n<meta name=\"robots\" content=\"index, follow, max-snippet:-1, max-image-preview:large, max-video-preview:-1\" \/>\n<link rel=\"canonical\" href=\"https:\/\/www.gamapa.de\/fr\/domaines-de-services-de-conseil\/conseil-en-gestion-dentreprise\/conseil-en-transformation-digitale\/\" \/>\n<meta property=\"og:locale\" content=\"fr_FR\" \/>\n<meta property=\"og:type\" content=\"article\" \/>\n<meta property=\"og:title\" content=\"Conseil en transformation digitale - GANTEF\u00dcHRER\" \/>\n<meta property=\"og:description\" content=\"Comment l&#039;entreprise \u00e9voluera-t-elle \u00e0 l&#039;avenir ? Notamment les associ\u00e9s et les investisseurs exigent la transparence des donn\u00e9es pr\u00e9visionnelles afin de pouvoir prendre des d\u00e9cisions de mani\u00e8re efficace.\" \/>\n<meta property=\"og:url\" content=\"https:\/\/www.gamapa.de\/fr\/domaines-de-services-de-conseil\/conseil-en-gestion-dentreprise\/conseil-en-transformation-digitale\/\" \/>\n<meta property=\"og:site_name\" content=\"GANTEF\u00dcHRER\" \/>\n<meta property=\"article:modified_time\" content=\"2026-01-16T21:58:29+00:00\" \/>\n<meta property=\"og:image\" content=\"https:\/\/www.gamapa.de\/wp-content\/uploads\/2021\/11\/rechtsanwaelte-duesseldorf-scaled-1.jpg\" \/>\n\t<meta property=\"og:image:width\" content=\"2560\" \/>\n\t<meta property=\"og:image:height\" content=\"1067\" \/>\n\t<meta property=\"og:image:type\" content=\"image\/jpeg\" \/>\n<meta name=\"twitter:card\" content=\"summary_large_image\" \/>\n<meta name=\"twitter:label1\" content=\"Dur\u00e9e de lecture estim\u00e9e\" \/>\n\t<meta name=\"twitter:data1\" content=\"1 minute\" \/>\n<script type=\"application\/ld+json\" class=\"yoast-schema-graph\">{\"@context\":\"https:\\\/\\\/schema.org\",\"@graph\":[{\"@type\":\"WebPage\",\"@id\":\"https:\\\/\\\/www.gamapa.de\\\/fr\\\/domaines-de-services-de-conseil\\\/conseil-en-gestion-dentreprise\\\/conseil-en-transformation-digitale\\\/\",\"url\":\"https:\\\/\\\/www.gamapa.de\\\/fr\\\/domaines-de-services-de-conseil\\\/conseil-en-gestion-dentreprise\\\/conseil-en-transformation-digitale\\\/\",\"name\":\"Conseil en transformation digitale - GANTEF\u00dcHRER\",\"isPartOf\":{\"@id\":\"https:\\\/\\\/www.gamapa.de\\\/fr\\\/#website\"},\"primaryImageOfPage\":{\"@id\":\"https:\\\/\\\/www.gamapa.de\\\/fr\\\/domaines-de-services-de-conseil\\\/conseil-en-gestion-dentreprise\\\/conseil-en-transformation-digitale\\\/#primaryimage\"},\"image\":{\"@id\":\"https:\\\/\\\/www.gamapa.de\\\/fr\\\/domaines-de-services-de-conseil\\\/conseil-en-gestion-dentreprise\\\/conseil-en-transformation-digitale\\\/#primaryimage\"},\"thumbnailUrl\":\"https:\\\/\\\/www.gamapa.de\\\/wp-content\\\/uploads\\\/2021\\\/11\\\/rechtsanwaelte-duesseldorf-scaled-1.jpg\",\"datePublished\":\"2021-01-16T20:35:13+00:00\",\"dateModified\":\"2026-01-16T21:58:29+00:00\",\"description\":\"Comment l'entreprise \u00e9voluera-t-elle \u00e0 l'avenir ? Notamment les associ\u00e9s et les investisseurs exigent la transparence des donn\u00e9es pr\u00e9visionnelles afin de pouvoir prendre des d\u00e9cisions de mani\u00e8re efficace.\",\"breadcrumb\":{\"@id\":\"https:\\\/\\\/www.gamapa.de\\\/fr\\\/domaines-de-services-de-conseil\\\/conseil-en-gestion-dentreprise\\\/conseil-en-transformation-digitale\\\/#breadcrumb\"},\"inLanguage\":\"fr-FR\",\"potentialAction\":[{\"@type\":\"ReadAction\",\"target\":[\"https:\\\/\\\/www.gamapa.de\\\/fr\\\/domaines-de-services-de-conseil\\\/conseil-en-gestion-dentreprise\\\/conseil-en-transformation-digitale\\\/\"]}]},{\"@type\":\"ImageObject\",\"inLanguage\":\"fr-FR\",\"@id\":\"https:\\\/\\\/www.gamapa.de\\\/fr\\\/domaines-de-services-de-conseil\\\/conseil-en-gestion-dentreprise\\\/conseil-en-transformation-digitale\\\/#primaryimage\",\"url\":\"https:\\\/\\\/www.gamapa.de\\\/wp-content\\\/uploads\\\/2021\\\/11\\\/rechtsanwaelte-duesseldorf-scaled-1.jpg\",\"contentUrl\":\"https:\\\/\\\/www.gamapa.de\\\/wp-content\\\/uploads\\\/2021\\\/11\\\/rechtsanwaelte-duesseldorf-scaled-1.jpg\",\"width\":2560,\"height\":1067,\"caption\":\"Bewegung ist Leben! Schriftzug in der Soziet\u00e4t Gantef\u00fchrer\"},{\"@type\":\"BreadcrumbList\",\"@id\":\"https:\\\/\\\/www.gamapa.de\\\/fr\\\/domaines-de-services-de-conseil\\\/conseil-en-gestion-dentreprise\\\/conseil-en-transformation-digitale\\\/#breadcrumb\",\"itemListElement\":[{\"@type\":\"ListItem\",\"position\":1,\"name\":\"Startseite\",\"item\":\"https:\\\/\\\/www.gamapa.de\\\/fr\\\/\"},{\"@type\":\"ListItem\",\"position\":2,\"name\":\"Domaines de conseil\",\"item\":\"https:\\\/\\\/www.gamapa.de\\\/fr\\\/domaines-de-services-de-conseil\\\/\"},{\"@type\":\"ListItem\",\"position\":3,\"name\":\"Conseil en gestion d\u2019entreprise\",\"item\":\"https:\\\/\\\/www.gamapa.de\\\/fr\\\/domaines-de-services-de-conseil\\\/conseil-en-gestion-dentreprise\\\/\"},{\"@type\":\"ListItem\",\"position\":4,\"name\":\"Conseil en transformation digitale\"}]},{\"@type\":\"WebSite\",\"@id\":\"https:\\\/\\\/www.gamapa.de\\\/fr\\\/#website\",\"url\":\"https:\\\/\\\/www.gamapa.de\\\/fr\\\/\",\"name\":\"GANTEF\u00dcHRER\",\"description\":\"Wirtschaftspr\u00fcfer, Steuerberater, Rechtsanw\u00e4lte\",\"publisher\":{\"@id\":\"https:\\\/\\\/www.gamapa.de\\\/fr\\\/#organization\"},\"potentialAction\":[{\"@type\":\"SearchAction\",\"target\":{\"@type\":\"EntryPoint\",\"urlTemplate\":\"https:\\\/\\\/www.gamapa.de\\\/fr\\\/?s={search_term_string}\"},\"query-input\":{\"@type\":\"PropertyValueSpecification\",\"valueRequired\":true,\"valueName\":\"search_term_string\"}}],\"inLanguage\":\"fr-FR\"},{\"@type\":\"Organization\",\"@id\":\"https:\\\/\\\/www.gamapa.de\\\/fr\\\/#organization\",\"name\":\"Gantef\u00fchrer Wirtschaftspr\u00fcfer, Steuerberater, Rechtsanw\u00e4lte\",\"url\":\"https:\\\/\\\/www.gamapa.de\\\/fr\\\/\",\"logo\":{\"@type\":\"ImageObject\",\"inLanguage\":\"fr-FR\",\"@id\":\"https:\\\/\\\/www.gamapa.de\\\/fr\\\/#\\\/schema\\\/logo\\\/image\\\/\",\"url\":\"https:\\\/\\\/www.gamapa.de\\\/wp-content\\\/uploads\\\/2026\\\/01\\\/Logo-Gantefuehrer.png\",\"contentUrl\":\"https:\\\/\\\/www.gamapa.de\\\/wp-content\\\/uploads\\\/2026\\\/01\\\/Logo-Gantefuehrer.png\",\"width\":767,\"height\":156,\"caption\":\"Gantef\u00fchrer Wirtschaftspr\u00fcfer, Steuerberater, Rechtsanw\u00e4lte\"},\"image\":{\"@id\":\"https:\\\/\\\/www.gamapa.de\\\/fr\\\/#\\\/schema\\\/logo\\\/image\\\/\"}}]}<\/script>\n<!-- \/ Yoast SEO plugin. -->","yoast_head_json":{"title":"Conseil en transformation digitale - GANTEF\u00dcHRER","description":"Comment l'entreprise \u00e9voluera-t-elle \u00e0 l'avenir ? Notamment les associ\u00e9s et les investisseurs exigent la transparence des donn\u00e9es pr\u00e9visionnelles afin de pouvoir prendre des d\u00e9cisions de mani\u00e8re efficace.","robots":{"index":"index","follow":"follow","max-snippet":"max-snippet:-1","max-image-preview":"max-image-preview:large","max-video-preview":"max-video-preview:-1"},"canonical":"https:\/\/www.gamapa.de\/fr\/domaines-de-services-de-conseil\/conseil-en-gestion-dentreprise\/conseil-en-transformation-digitale\/","og_locale":"fr_FR","og_type":"article","og_title":"Conseil en transformation digitale - GANTEF\u00dcHRER","og_description":"Comment l'entreprise \u00e9voluera-t-elle \u00e0 l'avenir ? Notamment les associ\u00e9s et les investisseurs exigent la transparence des donn\u00e9es pr\u00e9visionnelles afin de pouvoir prendre des d\u00e9cisions de mani\u00e8re efficace.","og_url":"https:\/\/www.gamapa.de\/fr\/domaines-de-services-de-conseil\/conseil-en-gestion-dentreprise\/conseil-en-transformation-digitale\/","og_site_name":"GANTEF\u00dcHRER","article_modified_time":"2026-01-16T21:58:29+00:00","og_image":[{"width":2560,"height":1067,"url":"https:\/\/www.gamapa.de\/wp-content\/uploads\/2021\/11\/rechtsanwaelte-duesseldorf-scaled-1.jpg","type":"image\/jpeg"}],"twitter_card":"summary_large_image","twitter_misc":{"Dur\u00e9e de lecture estim\u00e9e":"1 minute"},"schema":{"@context":"https:\/\/schema.org","@graph":[{"@type":"WebPage","@id":"https:\/\/www.gamapa.de\/fr\/domaines-de-services-de-conseil\/conseil-en-gestion-dentreprise\/conseil-en-transformation-digitale\/","url":"https:\/\/www.gamapa.de\/fr\/domaines-de-services-de-conseil\/conseil-en-gestion-dentreprise\/conseil-en-transformation-digitale\/","name":"Conseil en transformation digitale - GANTEF\u00dcHRER","isPartOf":{"@id":"https:\/\/www.gamapa.de\/fr\/#website"},"primaryImageOfPage":{"@id":"https:\/\/www.gamapa.de\/fr\/domaines-de-services-de-conseil\/conseil-en-gestion-dentreprise\/conseil-en-transformation-digitale\/#primaryimage"},"image":{"@id":"https:\/\/www.gamapa.de\/fr\/domaines-de-services-de-conseil\/conseil-en-gestion-dentreprise\/conseil-en-transformation-digitale\/#primaryimage"},"thumbnailUrl":"https:\/\/www.gamapa.de\/wp-content\/uploads\/2021\/11\/rechtsanwaelte-duesseldorf-scaled-1.jpg","datePublished":"2021-01-16T20:35:13+00:00","dateModified":"2026-01-16T21:58:29+00:00","description":"Comment l'entreprise \u00e9voluera-t-elle \u00e0 l'avenir ? Notamment les associ\u00e9s et les investisseurs exigent la transparence des donn\u00e9es pr\u00e9visionnelles afin de pouvoir prendre des d\u00e9cisions de mani\u00e8re efficace.","breadcrumb":{"@id":"https:\/\/www.gamapa.de\/fr\/domaines-de-services-de-conseil\/conseil-en-gestion-dentreprise\/conseil-en-transformation-digitale\/#breadcrumb"},"inLanguage":"fr-FR","potentialAction":[{"@type":"ReadAction","target":["https:\/\/www.gamapa.de\/fr\/domaines-de-services-de-conseil\/conseil-en-gestion-dentreprise\/conseil-en-transformation-digitale\/"]}]},{"@type":"ImageObject","inLanguage":"fr-FR","@id":"https:\/\/www.gamapa.de\/fr\/domaines-de-services-de-conseil\/conseil-en-gestion-dentreprise\/conseil-en-transformation-digitale\/#primaryimage","url":"https:\/\/www.gamapa.de\/wp-content\/uploads\/2021\/11\/rechtsanwaelte-duesseldorf-scaled-1.jpg","contentUrl":"https:\/\/www.gamapa.de\/wp-content\/uploads\/2021\/11\/rechtsanwaelte-duesseldorf-scaled-1.jpg","width":2560,"height":1067,"caption":"Bewegung ist Leben! Schriftzug in der Soziet\u00e4t Gantef\u00fchrer"},{"@type":"BreadcrumbList","@id":"https:\/\/www.gamapa.de\/fr\/domaines-de-services-de-conseil\/conseil-en-gestion-dentreprise\/conseil-en-transformation-digitale\/#breadcrumb","itemListElement":[{"@type":"ListItem","position":1,"name":"Startseite","item":"https:\/\/www.gamapa.de\/fr\/"},{"@type":"ListItem","position":2,"name":"Domaines de conseil","item":"https:\/\/www.gamapa.de\/fr\/domaines-de-services-de-conseil\/"},{"@type":"ListItem","position":3,"name":"Conseil en gestion d\u2019entreprise","item":"https:\/\/www.gamapa.de\/fr\/domaines-de-services-de-conseil\/conseil-en-gestion-dentreprise\/"},{"@type":"ListItem","position":4,"name":"Conseil en transformation digitale"}]},{"@type":"WebSite","@id":"https:\/\/www.gamapa.de\/fr\/#website","url":"https:\/\/www.gamapa.de\/fr\/","name":"GANTEF\u00dcHRER","description":"Wirtschaftspr\u00fcfer, Steuerberater, Rechtsanw\u00e4lte","publisher":{"@id":"https:\/\/www.gamapa.de\/fr\/#organization"},"potentialAction":[{"@type":"SearchAction","target":{"@type":"EntryPoint","urlTemplate":"https:\/\/www.gamapa.de\/fr\/?s={search_term_string}"},"query-input":{"@type":"PropertyValueSpecification","valueRequired":true,"valueName":"search_term_string"}}],"inLanguage":"fr-FR"},{"@type":"Organization","@id":"https:\/\/www.gamapa.de\/fr\/#organization","name":"Gantef\u00fchrer Wirtschaftspr\u00fcfer, Steuerberater, Rechtsanw\u00e4lte","url":"https:\/\/www.gamapa.de\/fr\/","logo":{"@type":"ImageObject","inLanguage":"fr-FR","@id":"https:\/\/www.gamapa.de\/fr\/#\/schema\/logo\/image\/","url":"https:\/\/www.gamapa.de\/wp-content\/uploads\/2026\/01\/Logo-Gantefuehrer.png","contentUrl":"https:\/\/www.gamapa.de\/wp-content\/uploads\/2026\/01\/Logo-Gantefuehrer.png","width":767,"height":156,"caption":"Gantef\u00fchrer Wirtschaftspr\u00fcfer, Steuerberater, Rechtsanw\u00e4lte"},"image":{"@id":"https:\/\/www.gamapa.de\/fr\/#\/schema\/logo\/image\/"}}]}},"uagb_featured_image_src":{"full":["https:\/\/www.gamapa.de\/wp-content\/uploads\/2021\/11\/rechtsanwaelte-duesseldorf-scaled-1.jpg",2560,1067,false],"thumbnail":["https:\/\/www.gamapa.de\/wp-content\/uploads\/2021\/11\/rechtsanwaelte-duesseldorf-scaled-1-150x150.jpg",150,150,true],"medium":["https:\/\/www.gamapa.de\/wp-content\/uploads\/2021\/11\/rechtsanwaelte-duesseldorf-scaled-1-600x250.jpg",600,250,true],"medium_large":["https:\/\/www.gamapa.de\/wp-content\/uploads\/2021\/11\/rechtsanwaelte-duesseldorf-scaled-1-768x320.jpg",580,242,true],"large":["https:\/\/www.gamapa.de\/wp-content\/uploads\/2021\/11\/rechtsanwaelte-duesseldorf-scaled-1.jpg",580,242,false],"gs-tiny":["https:\/\/www.gamapa.de\/wp-content\/uploads\/2021\/11\/rechtsanwaelte-duesseldorf-scaled-1.jpg",50,21,false],"xl":["https:\/\/www.gamapa.de\/wp-content\/uploads\/2021\/11\/rechtsanwaelte-duesseldorf-scaled-1-1600x667.jpg",1600,667,true],"xxl":["https:\/\/www.gamapa.de\/wp-content\/uploads\/2021\/11\/rechtsanwaelte-duesseldorf-scaled-1-2200x917.jpg",2200,917,true],"xxxl":["https:\/\/www.gamapa.de\/wp-content\/uploads\/2021\/11\/rechtsanwaelte-duesseldorf-scaled-1.jpg",2560,1067,false],"xxxxl":["https:\/\/www.gamapa.de\/wp-content\/uploads\/2021\/11\/rechtsanwaelte-duesseldorf-scaled-1.jpg",2560,1067,false],"xxxxxl":["https:\/\/www.gamapa.de\/wp-content\/uploads\/2021\/11\/rechtsanwaelte-duesseldorf-scaled-1.jpg",2560,1067,false],"1536x1536":["https:\/\/www.gamapa.de\/wp-content\/uploads\/2021\/11\/rechtsanwaelte-duesseldorf-scaled-1-1536x640.jpg",1536,640,true],"2048x2048":["https:\/\/www.gamapa.de\/wp-content\/uploads\/2021\/11\/rechtsanwaelte-duesseldorf-scaled-1-2048x854.jpg",2048,854,true],"post-thumbnail":["https:\/\/www.gamapa.de\/wp-content\/uploads\/2021\/11\/rechtsanwaelte-duesseldorf-scaled-1.jpg",2560,1067,false],"twentytwenty-fullscreen":["https:\/\/www.gamapa.de\/wp-content\/uploads\/2021\/11\/rechtsanwaelte-duesseldorf-scaled-1.jpg",2560,1067,false],"theme-slug-single-post":["https:\/\/www.gamapa.de\/wp-content\/uploads\/2021\/11\/rechtsanwaelte-duesseldorf-scaled-1-1600x400.jpg",1600,400,true]},"uagb_author_info":{"display_name":"schaar","author_link":"https:\/\/www.gamapa.de\/fr\/author\/schaar\/"},"uagb_comment_info":0,"uagb_excerpt":"Potenziale der Digitalisierung erkennen Die gesamte Wirtschaft befindet sich, nicht erst seit der Corona-Pandemie, in der digitalen Transformation. In der Digitalisierungsberatung unterst\u00fctzen wir Sie bei der Einf\u00fchrung verschiedener Technologien. Beispielsweise bei der Einrichtung der erforderlichen Schnittstellen um ihren Gesch\u00e4ftsalltag zu optimieren. Hierzu stellen wir individuell Teams zusammen, die aus spezialisierten Mitarbeitern (u.a. Fachanwalt f\u00fcr IT-Recht,\u2026","_links":{"self":[{"href":"https:\/\/www.gamapa.de\/fr\/wp-json\/wp\/v2\/pages\/5414","targetHints":{"allow":["GET"]}}],"collection":[{"href":"https:\/\/www.gamapa.de\/fr\/wp-json\/wp\/v2\/pages"}],"about":[{"href":"https:\/\/www.gamapa.de\/fr\/wp-json\/wp\/v2\/types\/page"}],"author":[{"embeddable":true,"href":"https:\/\/www.gamapa.de\/fr\/wp-json\/wp\/v2\/users\/2"}],"replies":[{"embeddable":true,"href":"https:\/\/www.gamapa.de\/fr\/wp-json\/wp\/v2\/comments?post=5414"}],"version-history":[{"count":3,"href":"https:\/\/www.gamapa.de\/fr\/wp-json\/wp\/v2\/pages\/5414\/revisions"}],"predecessor-version":[{"id":23561,"href":"https:\/\/www.gamapa.de\/fr\/wp-json\/wp\/v2\/pages\/5414\/revisions\/23561"}],"up":[{"embeddable":true,"href":"https:\/\/www.gamapa.de\/fr\/wp-json\/wp\/v2\/pages\/4491"}],"wp:featuredmedia":[{"embeddable":true,"href":"https:\/\/www.gamapa.de\/fr\/wp-json\/wp\/v2\/media\/10093"}],"wp:attachment":[{"href":"https:\/\/www.gamapa.de\/fr\/wp-json\/wp\/v2\/media?parent=5414"}],"curies":[{"name":"wp","href":"https:\/\/api.w.org\/{rel}","templated":true}]}}