

{"id":5417,"date":"2021-01-16T21:36:04","date_gmt":"2021-01-16T20:36:04","guid":{"rendered":"https:\/\/www.gamapa.de\/?page_id=5417"},"modified":"2026-01-16T21:48:38","modified_gmt":"2026-01-16T20:48:38","slug":"donnees-previsionnelles-3","status":"publish","type":"page","link":"https:\/\/www.gamapa.de\/fr\/domaines-de-services-de-conseil\/conseil-en-gestion-dentreprise\/donnees-previsionnelles-3\/","title":{"rendered":"Donn\u00e9es pr\u00e9visionnelles"},"content":{"rendered":"\n<h2 class=\"wp-block-heading\"><strong>Le d\u00e9veloppement organisationnel est aujourd\u2019hui plus important que jamais<\/strong><\/h2>\n\n\n\n<p>La vaste transformation num\u00e9rique qui s\u2019impose dans le monde \u00e9conomique conduit de nombreuses entreprises \u00e0 devoir adapter leur organisation. Dans un monde VUCA, caract\u00e9ris\u00e9 par la volatilit\u00e9, l\u2019incertitude, la complexit\u00e9 et l\u2019ambigu\u00eft\u00e9, il est n\u00e9cessaire de s\u2019adapter toujours plus rapidement aux changements.<\/p>\n\n\n\n<p>Pour r\u00e9ussir dans ce contexte dynamique, les entreprises doivent continuellement engager des processus d\u2019adaptation. Mais les p\u00e9riodes de crise, comme la pand\u00e9mie de coronavirus, les acquisitions d\u2019entreprises ou encore les transmissions g\u00e9n\u00e9rationnelles rendent \u00e9galement indispensable l\u2019activation de l\u2019organisation interne et la restructuration des processus op\u00e9rationnels.<\/p>\n\n\n\n<p>Pour cela, un accompagnement dans les processus de conduite du changement est n\u00e9cessaire, accompagnement qui vous est propos\u00e9 par nos partenaires de coop\u00e9ration.<\/p>\n\n\n\n<p>Aper\u00e7u des prestations dans le domaine du conseil en organisation<\/p>\n\n\n\n<ul class=\"wp-block-list\">\n<li>Ateliers<\/li>\n\n\n\n<li>Transformation culturelle<\/li>\n\n\n\n<li>Mesures de d\u00e9veloppement d\u2019\u00e9quipe<\/li>\n\n\n\n<li>D\u00e9veloppement strat\u00e9gique<\/li>\n<\/ul>\n\n\n\n<p>Souhaitez-vous en savoir plus sur nos approches et nos solutions ?<\/p>\n\n\n\n<h3 class=\"wp-block-heading\">Votre interlocuteur<\/h3>\n\n\n\n<div class=\"inhalt\"><img loading=\"lazy\" decoding=\"async\"  src=\"https:\/\/www.gamapa.de\/wp-content\/uploads\/2020\/07\/Schaar.jpg\" alt=\"\" class=\"wp-image-1211\" width=\"350\" height=\"227\" srcset=\"https:\/\/www.gamapa.de\/wp-content\/uploads\/2020\/07\/Schaar.jpg 700w, https:\/\/www.gamapa.de\/wp-content\/uploads\/2020\/07\/Schaar-600x389.jpg 600w\" sizes=\"auto, (max-width: 350px) 100vw, 350px\" \/><\/div>\n\n\n\n<p><strong><a href=\"https:\/\/www.gamapa.de\/ruediger-schaar-steuerberater\/\">R\u00fcdiger Schaar<\/a><\/strong><\/p>\n\n\n\n<p>Apr\u00e8s des \u00e9tudes dans les domaines de la fiscalit\u00e9, des ressources humaines et de l\u2019organisation, M. Schaar a accompagn\u00e9 des processus de transformation dans des cabinets et aupr\u00e8s de leurs clients. En plus de sa sp\u00e9cialisation en conseil en gestion d\u2019entreprise, il intervient en tant que Head of Change Management dans le d\u00e9veloppement organisationnel et l\u2019optimisation des processus. Il est \u00e9galement coach agile certifi\u00e9.<\/p>\n\n\n\n<p><\/p>\n","protected":false},"excerpt":{"rendered":"<p>Le d\u00e9veloppement organisationnel est aujourd\u2019hui plus important que jamais La vaste transformation num\u00e9rique qui s\u2019impose dans le monde \u00e9conomique conduit de nombreuses entreprises \u00e0 devoir adapter leur organisation. Dans un monde VUCA, caract\u00e9ris\u00e9 par la volatilit\u00e9, l\u2019incertitude, la complexit\u00e9 et l\u2019ambigu\u00eft\u00e9, il est n\u00e9cessaire de s\u2019adapter toujours plus rapidement aux changements. Pour r\u00e9ussir dans ce <a href=\"https:\/\/www.gamapa.de\/fr\/domaines-de-services-de-conseil\/conseil-en-gestion-dentreprise\/donnees-previsionnelles-3\/\">[\u2026]<\/a><\/p>\n","protected":false},"author":2,"featured_media":19746,"parent":4491,"menu_order":4,"comment_status":"closed","ping_status":"closed","template":"templates\/template-simple-site.php","meta":{"_acf_changed":false,"_uag_custom_page_level_css":"","footnotes":""},"class_list":["post-5417","page","type-page","status-publish","has-post-thumbnail","hentry"],"acf":[],"yoast_head":"<!-- This site is optimized with the Yoast SEO plugin v27.3 - https:\/\/yoast.com\/product\/yoast-seo-wordpress\/ -->\n<title>Donn\u00e9es pr\u00e9visionnelles - GANTEF\u00dcHRER<\/title>\n<meta name=\"description\" content=\"Comment l&#039;entreprise \u00e9voluera-t-elle \u00e0 l&#039;avenir ? Notamment les associ\u00e9s et les investisseurs exigent la transparence des donn\u00e9es pr\u00e9visionnelles afin de pouvoir prendre des d\u00e9cisions de mani\u00e8re efficace.\" \/>\n<meta name=\"robots\" content=\"index, follow, max-snippet:-1, max-image-preview:large, max-video-preview:-1\" \/>\n<link rel=\"canonical\" href=\"https:\/\/www.gamapa.de\/fr\/domaines-de-services-de-conseil\/conseil-en-gestion-dentreprise\/donnees-previsionnelles-3\/\" \/>\n<meta property=\"og:locale\" content=\"fr_FR\" \/>\n<meta property=\"og:type\" content=\"article\" \/>\n<meta property=\"og:title\" content=\"Donn\u00e9es pr\u00e9visionnelles - GANTEF\u00dcHRER\" \/>\n<meta property=\"og:description\" content=\"Comment l&#039;entreprise \u00e9voluera-t-elle \u00e0 l&#039;avenir ? Notamment les associ\u00e9s et les investisseurs exigent la transparence des donn\u00e9es pr\u00e9visionnelles afin de pouvoir prendre des d\u00e9cisions de mani\u00e8re efficace.\" \/>\n<meta property=\"og:url\" content=\"https:\/\/www.gamapa.de\/fr\/domaines-de-services-de-conseil\/conseil-en-gestion-dentreprise\/donnees-previsionnelles-3\/\" \/>\n<meta property=\"og:site_name\" content=\"GANTEF\u00dcHRER\" \/>\n<meta property=\"article:modified_time\" content=\"2026-01-16T20:48:38+00:00\" \/>\n<meta property=\"og:image\" content=\"https:\/\/www.gamapa.de\/wp-content\/uploads\/2025\/06\/alter-konferenzraum-seitlich-schmal-scaled.jpg\" \/>\n\t<meta property=\"og:image:width\" content=\"2560\" \/>\n\t<meta property=\"og:image:height\" content=\"764\" \/>\n\t<meta property=\"og:image:type\" content=\"image\/jpeg\" \/>\n<meta name=\"twitter:card\" content=\"summary_large_image\" \/>\n<meta name=\"twitter:label1\" content=\"Dur\u00e9e de lecture estim\u00e9e\" \/>\n\t<meta name=\"twitter:data1\" content=\"2 minutes\" \/>\n<script type=\"application\/ld+json\" class=\"yoast-schema-graph\">{\"@context\":\"https:\\\/\\\/schema.org\",\"@graph\":[{\"@type\":\"WebPage\",\"@id\":\"https:\\\/\\\/www.gamapa.de\\\/fr\\\/domaines-de-services-de-conseil\\\/conseil-en-gestion-dentreprise\\\/donnees-previsionnelles-3\\\/\",\"url\":\"https:\\\/\\\/www.gamapa.de\\\/fr\\\/domaines-de-services-de-conseil\\\/conseil-en-gestion-dentreprise\\\/donnees-previsionnelles-3\\\/\",\"name\":\"Donn\u00e9es pr\u00e9visionnelles - GANTEF\u00dcHRER\",\"isPartOf\":{\"@id\":\"https:\\\/\\\/www.gamapa.de\\\/fr\\\/#website\"},\"primaryImageOfPage\":{\"@id\":\"https:\\\/\\\/www.gamapa.de\\\/fr\\\/domaines-de-services-de-conseil\\\/conseil-en-gestion-dentreprise\\\/donnees-previsionnelles-3\\\/#primaryimage\"},\"image\":{\"@id\":\"https:\\\/\\\/www.gamapa.de\\\/fr\\\/domaines-de-services-de-conseil\\\/conseil-en-gestion-dentreprise\\\/donnees-previsionnelles-3\\\/#primaryimage\"},\"thumbnailUrl\":\"https:\\\/\\\/www.gamapa.de\\\/wp-content\\\/uploads\\\/2025\\\/06\\\/alter-konferenzraum-seitlich-schmal-scaled.jpg\",\"datePublished\":\"2021-01-16T20:36:04+00:00\",\"dateModified\":\"2026-01-16T20:48:38+00:00\",\"description\":\"Comment l'entreprise \u00e9voluera-t-elle \u00e0 l'avenir ? Notamment les associ\u00e9s et les investisseurs exigent la transparence des donn\u00e9es pr\u00e9visionnelles afin de pouvoir prendre des d\u00e9cisions de mani\u00e8re efficace.\",\"breadcrumb\":{\"@id\":\"https:\\\/\\\/www.gamapa.de\\\/fr\\\/domaines-de-services-de-conseil\\\/conseil-en-gestion-dentreprise\\\/donnees-previsionnelles-3\\\/#breadcrumb\"},\"inLanguage\":\"fr-FR\",\"potentialAction\":[{\"@type\":\"ReadAction\",\"target\":[\"https:\\\/\\\/www.gamapa.de\\\/fr\\\/domaines-de-services-de-conseil\\\/conseil-en-gestion-dentreprise\\\/donnees-previsionnelles-3\\\/\"]}]},{\"@type\":\"ImageObject\",\"inLanguage\":\"fr-FR\",\"@id\":\"https:\\\/\\\/www.gamapa.de\\\/fr\\\/domaines-de-services-de-conseil\\\/conseil-en-gestion-dentreprise\\\/donnees-previsionnelles-3\\\/#primaryimage\",\"url\":\"https:\\\/\\\/www.gamapa.de\\\/wp-content\\\/uploads\\\/2025\\\/06\\\/alter-konferenzraum-seitlich-schmal-scaled.jpg\",\"contentUrl\":\"https:\\\/\\\/www.gamapa.de\\\/wp-content\\\/uploads\\\/2025\\\/06\\\/alter-konferenzraum-seitlich-schmal-scaled.jpg\",\"width\":2560,\"height\":764,\"caption\":\"Alter Konferenzraum in der K\u00e4mmerei D\u00fcsseldorf mit breitem Holztisch, Holzw\u00e4nden und St\u00fchlen\"},{\"@type\":\"BreadcrumbList\",\"@id\":\"https:\\\/\\\/www.gamapa.de\\\/fr\\\/domaines-de-services-de-conseil\\\/conseil-en-gestion-dentreprise\\\/donnees-previsionnelles-3\\\/#breadcrumb\",\"itemListElement\":[{\"@type\":\"ListItem\",\"position\":1,\"name\":\"Startseite\",\"item\":\"https:\\\/\\\/www.gamapa.de\\\/fr\\\/\"},{\"@type\":\"ListItem\",\"position\":2,\"name\":\"Domaines de conseil\",\"item\":\"https:\\\/\\\/www.gamapa.de\\\/fr\\\/domaines-de-services-de-conseil\\\/\"},{\"@type\":\"ListItem\",\"position\":3,\"name\":\"Conseil en gestion d\u2019entreprise\",\"item\":\"https:\\\/\\\/www.gamapa.de\\\/fr\\\/domaines-de-services-de-conseil\\\/conseil-en-gestion-dentreprise\\\/\"},{\"@type\":\"ListItem\",\"position\":4,\"name\":\"Donn\u00e9es pr\u00e9visionnelles\"}]},{\"@type\":\"WebSite\",\"@id\":\"https:\\\/\\\/www.gamapa.de\\\/fr\\\/#website\",\"url\":\"https:\\\/\\\/www.gamapa.de\\\/fr\\\/\",\"name\":\"GANTEF\u00dcHRER\",\"description\":\"Wirtschaftspr\u00fcfer, Steuerberater, Rechtsanw\u00e4lte\",\"publisher\":{\"@id\":\"https:\\\/\\\/www.gamapa.de\\\/fr\\\/#organization\"},\"potentialAction\":[{\"@type\":\"SearchAction\",\"target\":{\"@type\":\"EntryPoint\",\"urlTemplate\":\"https:\\\/\\\/www.gamapa.de\\\/fr\\\/?s={search_term_string}\"},\"query-input\":{\"@type\":\"PropertyValueSpecification\",\"valueRequired\":true,\"valueName\":\"search_term_string\"}}],\"inLanguage\":\"fr-FR\"},{\"@type\":\"Organization\",\"@id\":\"https:\\\/\\\/www.gamapa.de\\\/fr\\\/#organization\",\"name\":\"Gantef\u00fchrer Wirtschaftspr\u00fcfer, Steuerberater, Rechtsanw\u00e4lte\",\"url\":\"https:\\\/\\\/www.gamapa.de\\\/fr\\\/\",\"logo\":{\"@type\":\"ImageObject\",\"inLanguage\":\"fr-FR\",\"@id\":\"https:\\\/\\\/www.gamapa.de\\\/fr\\\/#\\\/schema\\\/logo\\\/image\\\/\",\"url\":\"https:\\\/\\\/www.gamapa.de\\\/wp-content\\\/uploads\\\/2026\\\/01\\\/Logo-Gantefuehrer.png\",\"contentUrl\":\"https:\\\/\\\/www.gamapa.de\\\/wp-content\\\/uploads\\\/2026\\\/01\\\/Logo-Gantefuehrer.png\",\"width\":767,\"height\":156,\"caption\":\"Gantef\u00fchrer Wirtschaftspr\u00fcfer, Steuerberater, Rechtsanw\u00e4lte\"},\"image\":{\"@id\":\"https:\\\/\\\/www.gamapa.de\\\/fr\\\/#\\\/schema\\\/logo\\\/image\\\/\"}}]}<\/script>\n<!-- \/ Yoast SEO plugin. -->","yoast_head_json":{"title":"Donn\u00e9es pr\u00e9visionnelles - GANTEF\u00dcHRER","description":"Comment l'entreprise \u00e9voluera-t-elle \u00e0 l'avenir ? Notamment les associ\u00e9s et les investisseurs exigent la transparence des donn\u00e9es pr\u00e9visionnelles afin de pouvoir prendre des d\u00e9cisions de mani\u00e8re efficace.","robots":{"index":"index","follow":"follow","max-snippet":"max-snippet:-1","max-image-preview":"max-image-preview:large","max-video-preview":"max-video-preview:-1"},"canonical":"https:\/\/www.gamapa.de\/fr\/domaines-de-services-de-conseil\/conseil-en-gestion-dentreprise\/donnees-previsionnelles-3\/","og_locale":"fr_FR","og_type":"article","og_title":"Donn\u00e9es pr\u00e9visionnelles - GANTEF\u00dcHRER","og_description":"Comment l'entreprise \u00e9voluera-t-elle \u00e0 l'avenir ? Notamment les associ\u00e9s et les investisseurs exigent la transparence des donn\u00e9es pr\u00e9visionnelles afin de pouvoir prendre des d\u00e9cisions de mani\u00e8re efficace.","og_url":"https:\/\/www.gamapa.de\/fr\/domaines-de-services-de-conseil\/conseil-en-gestion-dentreprise\/donnees-previsionnelles-3\/","og_site_name":"GANTEF\u00dcHRER","article_modified_time":"2026-01-16T20:48:38+00:00","og_image":[{"width":2560,"height":764,"url":"https:\/\/www.gamapa.de\/wp-content\/uploads\/2025\/06\/alter-konferenzraum-seitlich-schmal-scaled.jpg","type":"image\/jpeg"}],"twitter_card":"summary_large_image","twitter_misc":{"Dur\u00e9e de lecture estim\u00e9e":"2 minutes"},"schema":{"@context":"https:\/\/schema.org","@graph":[{"@type":"WebPage","@id":"https:\/\/www.gamapa.de\/fr\/domaines-de-services-de-conseil\/conseil-en-gestion-dentreprise\/donnees-previsionnelles-3\/","url":"https:\/\/www.gamapa.de\/fr\/domaines-de-services-de-conseil\/conseil-en-gestion-dentreprise\/donnees-previsionnelles-3\/","name":"Donn\u00e9es pr\u00e9visionnelles - GANTEF\u00dcHRER","isPartOf":{"@id":"https:\/\/www.gamapa.de\/fr\/#website"},"primaryImageOfPage":{"@id":"https:\/\/www.gamapa.de\/fr\/domaines-de-services-de-conseil\/conseil-en-gestion-dentreprise\/donnees-previsionnelles-3\/#primaryimage"},"image":{"@id":"https:\/\/www.gamapa.de\/fr\/domaines-de-services-de-conseil\/conseil-en-gestion-dentreprise\/donnees-previsionnelles-3\/#primaryimage"},"thumbnailUrl":"https:\/\/www.gamapa.de\/wp-content\/uploads\/2025\/06\/alter-konferenzraum-seitlich-schmal-scaled.jpg","datePublished":"2021-01-16T20:36:04+00:00","dateModified":"2026-01-16T20:48:38+00:00","description":"Comment l'entreprise \u00e9voluera-t-elle \u00e0 l'avenir ? Notamment les associ\u00e9s et les investisseurs exigent la transparence des donn\u00e9es pr\u00e9visionnelles afin de pouvoir prendre des d\u00e9cisions de mani\u00e8re efficace.","breadcrumb":{"@id":"https:\/\/www.gamapa.de\/fr\/domaines-de-services-de-conseil\/conseil-en-gestion-dentreprise\/donnees-previsionnelles-3\/#breadcrumb"},"inLanguage":"fr-FR","potentialAction":[{"@type":"ReadAction","target":["https:\/\/www.gamapa.de\/fr\/domaines-de-services-de-conseil\/conseil-en-gestion-dentreprise\/donnees-previsionnelles-3\/"]}]},{"@type":"ImageObject","inLanguage":"fr-FR","@id":"https:\/\/www.gamapa.de\/fr\/domaines-de-services-de-conseil\/conseil-en-gestion-dentreprise\/donnees-previsionnelles-3\/#primaryimage","url":"https:\/\/www.gamapa.de\/wp-content\/uploads\/2025\/06\/alter-konferenzraum-seitlich-schmal-scaled.jpg","contentUrl":"https:\/\/www.gamapa.de\/wp-content\/uploads\/2025\/06\/alter-konferenzraum-seitlich-schmal-scaled.jpg","width":2560,"height":764,"caption":"Alter Konferenzraum in der K\u00e4mmerei D\u00fcsseldorf mit breitem Holztisch, Holzw\u00e4nden und St\u00fchlen"},{"@type":"BreadcrumbList","@id":"https:\/\/www.gamapa.de\/fr\/domaines-de-services-de-conseil\/conseil-en-gestion-dentreprise\/donnees-previsionnelles-3\/#breadcrumb","itemListElement":[{"@type":"ListItem","position":1,"name":"Startseite","item":"https:\/\/www.gamapa.de\/fr\/"},{"@type":"ListItem","position":2,"name":"Domaines de conseil","item":"https:\/\/www.gamapa.de\/fr\/domaines-de-services-de-conseil\/"},{"@type":"ListItem","position":3,"name":"Conseil en gestion d\u2019entreprise","item":"https:\/\/www.gamapa.de\/fr\/domaines-de-services-de-conseil\/conseil-en-gestion-dentreprise\/"},{"@type":"ListItem","position":4,"name":"Donn\u00e9es pr\u00e9visionnelles"}]},{"@type":"WebSite","@id":"https:\/\/www.gamapa.de\/fr\/#website","url":"https:\/\/www.gamapa.de\/fr\/","name":"GANTEF\u00dcHRER","description":"Wirtschaftspr\u00fcfer, Steuerberater, Rechtsanw\u00e4lte","publisher":{"@id":"https:\/\/www.gamapa.de\/fr\/#organization"},"potentialAction":[{"@type":"SearchAction","target":{"@type":"EntryPoint","urlTemplate":"https:\/\/www.gamapa.de\/fr\/?s={search_term_string}"},"query-input":{"@type":"PropertyValueSpecification","valueRequired":true,"valueName":"search_term_string"}}],"inLanguage":"fr-FR"},{"@type":"Organization","@id":"https:\/\/www.gamapa.de\/fr\/#organization","name":"Gantef\u00fchrer Wirtschaftspr\u00fcfer, Steuerberater, Rechtsanw\u00e4lte","url":"https:\/\/www.gamapa.de\/fr\/","logo":{"@type":"ImageObject","inLanguage":"fr-FR","@id":"https:\/\/www.gamapa.de\/fr\/#\/schema\/logo\/image\/","url":"https:\/\/www.gamapa.de\/wp-content\/uploads\/2026\/01\/Logo-Gantefuehrer.png","contentUrl":"https:\/\/www.gamapa.de\/wp-content\/uploads\/2026\/01\/Logo-Gantefuehrer.png","width":767,"height":156,"caption":"Gantef\u00fchrer Wirtschaftspr\u00fcfer, Steuerberater, Rechtsanw\u00e4lte"},"image":{"@id":"https:\/\/www.gamapa.de\/fr\/#\/schema\/logo\/image\/"}}]}},"uagb_featured_image_src":{"full":["https:\/\/www.gamapa.de\/wp-content\/uploads\/2025\/06\/alter-konferenzraum-seitlich-schmal-scaled.jpg",2560,764,false],"thumbnail":["https:\/\/www.gamapa.de\/wp-content\/uploads\/2025\/06\/alter-konferenzraum-seitlich-schmal-150x150.jpg",150,150,true],"medium":["https:\/\/www.gamapa.de\/wp-content\/uploads\/2025\/06\/alter-konferenzraum-seitlich-schmal-600x179.jpg",600,179,true],"medium_large":["https:\/\/www.gamapa.de\/wp-content\/uploads\/2025\/06\/alter-konferenzraum-seitlich-schmal-768x229.jpg",580,173,true],"large":["https:\/\/www.gamapa.de\/wp-content\/uploads\/2025\/06\/alter-konferenzraum-seitlich-schmal-scaled.jpg",580,173,false],"gs-tiny":["https:\/\/www.gamapa.de\/wp-content\/uploads\/2025\/06\/alter-konferenzraum-seitlich-schmal-50x15.jpg",50,15,true],"xl":["https:\/\/www.gamapa.de\/wp-content\/uploads\/2025\/06\/alter-konferenzraum-seitlich-schmal-1600x477.jpg",1600,477,true],"xxl":["https:\/\/www.gamapa.de\/wp-content\/uploads\/2025\/06\/alter-konferenzraum-seitlich-schmal-2200x656.jpg",2200,656,true],"xxxl":["https:\/\/www.gamapa.de\/wp-content\/uploads\/2025\/06\/alter-konferenzraum-seitlich-schmal-2800x835.jpg",2800,835,true],"xxxxl":["https:\/\/www.gamapa.de\/wp-content\/uploads\/2025\/06\/alter-konferenzraum-seitlich-schmal-scaled.jpg",2560,764,false],"xxxxxl":["https:\/\/www.gamapa.de\/wp-content\/uploads\/2025\/06\/alter-konferenzraum-seitlich-schmal-scaled.jpg",2560,764,false],"1536x1536":["https:\/\/www.gamapa.de\/wp-content\/uploads\/2025\/06\/alter-konferenzraum-seitlich-schmal-1536x458.jpg",1536,458,true],"2048x2048":["https:\/\/www.gamapa.de\/wp-content\/uploads\/2025\/06\/alter-konferenzraum-seitlich-schmal-2048x611.jpg",2048,611,true],"post-thumbnail":["https:\/\/www.gamapa.de\/wp-content\/uploads\/2025\/06\/alter-konferenzraum-seitlich-schmal-scaled.jpg",2560,764,false],"twentytwenty-fullscreen":["https:\/\/www.gamapa.de\/wp-content\/uploads\/2025\/06\/alter-konferenzraum-seitlich-schmal-scaled.jpg",2560,764,false],"theme-slug-single-post":["https:\/\/www.gamapa.de\/wp-content\/uploads\/2025\/06\/alter-konferenzraum-seitlich-schmal-1600x400.jpg",1600,400,true]},"uagb_author_info":{"display_name":"schaar","author_link":"https:\/\/www.gamapa.de\/fr\/author\/schaar\/"},"uagb_comment_info":0,"uagb_excerpt":"Le d\u00e9veloppement organisationnel est aujourd\u2019hui plus important que jamais La vaste transformation num\u00e9rique qui s\u2019impose dans le monde \u00e9conomique conduit de nombreuses entreprises \u00e0 devoir adapter leur organisation. Dans un monde VUCA, caract\u00e9ris\u00e9 par la volatilit\u00e9, l\u2019incertitude, la complexit\u00e9 et l\u2019ambigu\u00eft\u00e9, il est n\u00e9cessaire de s\u2019adapter toujours plus rapidement aux changements. Pour r\u00e9ussir dans ce\u2026","_links":{"self":[{"href":"https:\/\/www.gamapa.de\/fr\/wp-json\/wp\/v2\/pages\/5417","targetHints":{"allow":["GET"]}}],"collection":[{"href":"https:\/\/www.gamapa.de\/fr\/wp-json\/wp\/v2\/pages"}],"about":[{"href":"https:\/\/www.gamapa.de\/fr\/wp-json\/wp\/v2\/types\/page"}],"author":[{"embeddable":true,"href":"https:\/\/www.gamapa.de\/fr\/wp-json\/wp\/v2\/users\/2"}],"replies":[{"embeddable":true,"href":"https:\/\/www.gamapa.de\/fr\/wp-json\/wp\/v2\/comments?post=5417"}],"version-history":[{"count":2,"href":"https:\/\/www.gamapa.de\/fr\/wp-json\/wp\/v2\/pages\/5417\/revisions"}],"predecessor-version":[{"id":23515,"href":"https:\/\/www.gamapa.de\/fr\/wp-json\/wp\/v2\/pages\/5417\/revisions\/23515"}],"up":[{"embeddable":true,"href":"https:\/\/www.gamapa.de\/fr\/wp-json\/wp\/v2\/pages\/4491"}],"wp:featuredmedia":[{"embeddable":true,"href":"https:\/\/www.gamapa.de\/fr\/wp-json\/wp\/v2\/media\/19746"}],"wp:attachment":[{"href":"https:\/\/www.gamapa.de\/fr\/wp-json\/wp\/v2\/media?parent=5417"}],"curies":[{"name":"wp","href":"https:\/\/api.w.org\/{rel}","templated":true}]}}