

{"id":7772,"date":"2021-04-01T12:54:32","date_gmt":"2021-04-01T10:54:32","guid":{"rendered":"https:\/\/www.gamapa.de\/saeko-kawazoe-rechtsanwaeltin-steuerberaterin\/"},"modified":"2025-07-10T12:15:13","modified_gmt":"2025-07-10T10:15:13","slug":"saeko-kawazoe-avocat-conseillere-fiscale","status":"publish","type":"page","link":"https:\/\/www.gamapa.de\/fr\/conseillers\/saeko-kawazoe-avocat-conseillere-fiscale\/","title":{"rendered":"Saeko Kawazoe"},"content":{"rendered":"\n<h3 class=\"wp-block-heading\"><strong>Domaines de sp\u00e9cialisation<\/strong><\/h3>\n\n\n\n<ul class=\"wp-block-list\">\n<li>Conseil en conformit\u00e9 fiscale pour les entreprises japonaises<\/li>\n\n\n\n<li>Conseil interdisciplinaire pour les entreprises de taille moyenne<\/li>\n\n\n\n<li>Conseil en organisation fiscale<\/li>\n\n\n\n<li>Conseil fiscal pour les soci\u00e9t\u00e9s immobili\u00e8res \u00e9trang\u00e8res<\/li>\n\n\n\n<li>Droit p\u00e9nal fiscal<\/li>\n<\/ul>\n\n\n\n<h3 class=\"wp-block-heading\"><strong>Carri\u00e8re professionnelle<\/strong><\/h3>\n\n\n\n<figure class=\"wp-block-table tablist\"><table><tbody><tr><td>2003-2009<\/td><td>Universit\u00e9 D\u00fcsseldorf<\/td><\/tr><tr><td>2009-2011<\/td><td>Stage juridique \u00e0 in D\u00fcsseldorf<\/td><\/tr><tr><td>2011<\/td><td>Admission au barreau<\/td><\/tr><tr><td>2012-2021<\/td><td>Assistante fiscale et conseill\u00e8re fiscale dans un cabinet de conseil fiscal de taille moyenne, responsable du Japan Desk<\/td><\/tr><tr><td>2016<\/td><td>Obtention du dipl\u00f4me de conseill\u00e8re fiscale<\/td><\/tr><tr><td>2020<\/td><td>Conseill\u00e8re certifi\u00e9e en droit fiscal p\u00e9nal (FernUniversit\u00e4t Hagen)<\/td><\/tr><tr><td>depuis 2021<\/td><td>Avocate et conseill\u00e8re fiscale chez Dr. Gantef\u00fchrer, Marquardt &amp; Partner <\/td><\/tr><\/tbody><\/table><\/figure>\n\n\n\n<h3 class=\"wp-block-heading\">Secteurs<\/h3>\n\n\n\n<ul class=\"wp-block-list\">\n<li>Entreprises japonaises de divers secteurs<\/li>\n\n\n\n<li>Entreprises de taille moyenne de divers secteurs<\/li>\n\n\n\n<li>Entreprises immobili\u00e8res \u00e9trang\u00e8res<\/li>\n\n\n\n<li>Particuliers fortun\u00e9s<\/li>\n<\/ul>\n\n\n\n<h3 class=\"wp-block-heading\">Publications<\/h3>\n\n\n\n<ul class=\"wp-block-list\">\n<li>Publication commune avec Nikolaus Th\u00f6ns dans IStR-LB 2010: \u201eJapon: La r\u00e9forme fiscale 2010\u201c (partie I et partie II)<\/li>\n\n\n\n<li>Publication dans IStR-LB cahier 19\/2021: \u201eJapon: Transformation num\u00e9rique de la gestion financi\u00e8re &#8211; Vision d&rsquo;avenir de la gestion financi\u00e8re 2. 0\u201c<\/li>\n\n\n\n<li>Publication dans le Cahier IStR-LB 1\/2022: \u201eJapon: Nouvelle r\u00e9forme l\u00e9gislative pour la num\u00e9risation du processus comptable \u00e0 partir de 2022 &#8211; Partie 1\u201c<\/li>\n\n\n\n<li>Publication dans le Cahier IStR-LB 3\/2022: \u201eJapon: Nouvelle r\u00e9forme l\u00e9gislative pour la num\u00e9risation du processus comptable \u00e0 partir de 2022 &#8211; Partie 2\u201c<\/li>\n<\/ul>\n\n\n\n<div class=\"wp-block-buttons is-layout-flex wp-block-buttons-is-layout-flex\">\n<div class=\"wp-block-button zurueck\"><a class=\"wp-block-button__link wp-element-button\" href=\"https:\/\/www.gamapa.de\/fr\/conseillers\/\">retour<\/a><\/div>\n<\/div>\n\n\n\n<p>&nbsp;&nbsp;&nbsp;&nbsp;<\/p>\n","protected":false},"excerpt":{"rendered":"<p>Domaines de sp\u00e9cialisation Carri\u00e8re professionnelle 2003-2009 Universit\u00e9 D\u00fcsseldorf 2009-2011 Stage juridique \u00e0 in D\u00fcsseldorf 2011 Admission au barreau 2012-2021 Assistante fiscale et conseill\u00e8re fiscale dans un cabinet de conseil fiscal de taille moyenne, responsable du Japan Desk 2016 Obtention du dipl\u00f4me de conseill\u00e8re fiscale 2020 Conseill\u00e8re certifi\u00e9e en droit fiscal p\u00e9nal (FernUniversit\u00e4t Hagen) depuis 2021 <a href=\"https:\/\/www.gamapa.de\/fr\/conseillers\/saeko-kawazoe-avocat-conseillere-fiscale\/\">[\u2026]<\/a><\/p>\n","protected":false},"author":1,"featured_media":8117,"parent":4584,"menu_order":38,"comment_status":"closed","ping_status":"closed","template":"templates\/template-Profil.php","meta":{"_acf_changed":false,"_uag_custom_page_level_css":"","footnotes":""},"class_list":["post-7772","page","type-page","status-publish","has-post-thumbnail","hentry"],"acf":[],"yoast_head":"<!-- This site is optimized with the Yoast SEO plugin v27.5 - https:\/\/yoast.com\/product\/yoast-seo-wordpress\/ -->\n<title>Saeko Kawazoe - GANTEF\u00dcHRER<\/title>\n<meta name=\"robots\" content=\"index, follow, max-snippet:-1, max-image-preview:large, max-video-preview:-1\" \/>\n<link rel=\"canonical\" href=\"https:\/\/www.gamapa.de\/fr\/conseillers\/saeko-kawazoe-avocat-conseillere-fiscale\/\" \/>\n<meta property=\"og:locale\" content=\"fr_FR\" \/>\n<meta property=\"og:type\" content=\"article\" \/>\n<meta property=\"og:title\" content=\"Saeko Kawazoe - GANTEF\u00dcHRER\" \/>\n<meta property=\"og:description\" content=\"Domaines de sp\u00e9cialisation Carri\u00e8re professionnelle 2003-2009 Universit\u00e9 D\u00fcsseldorf 2009-2011 Stage juridique \u00e0 in D\u00fcsseldorf 2011 Admission au barreau 2012-2021 Assistante fiscale et conseill\u00e8re fiscale dans un cabinet de conseil fiscal de taille moyenne, responsable du Japan Desk 2016 Obtention du dipl\u00f4me de conseill\u00e8re fiscale 2020 Conseill\u00e8re certifi\u00e9e en droit fiscal p\u00e9nal (FernUniversit\u00e4t Hagen) depuis 2021 [\u2026]\" \/>\n<meta property=\"og:url\" content=\"https:\/\/www.gamapa.de\/fr\/conseillers\/saeko-kawazoe-avocat-conseillere-fiscale\/\" \/>\n<meta property=\"og:site_name\" content=\"GANTEF\u00dcHRER\" \/>\n<meta property=\"article:modified_time\" content=\"2025-07-10T10:15:13+00:00\" \/>\n<meta property=\"og:image\" content=\"https:\/\/www.gamapa.de\/wp-content\/uploads\/2020\/08\/Kawazoe-big.jpg\" \/>\n\t<meta property=\"og:image:width\" content=\"1440\" \/>\n\t<meta property=\"og:image:height\" content=\"859\" \/>\n\t<meta property=\"og:image:type\" content=\"image\/jpeg\" \/>\n<meta name=\"twitter:card\" content=\"summary_large_image\" \/>\n<meta name=\"twitter:label1\" content=\"Dur\u00e9e de lecture estim\u00e9e\" \/>\n\t<meta name=\"twitter:data1\" content=\"2 minutes\" \/>\n<script type=\"application\/ld+json\" class=\"yoast-schema-graph\">{\"@context\":\"https:\\\/\\\/schema.org\",\"@graph\":[{\"@type\":\"WebPage\",\"@id\":\"https:\\\/\\\/www.gamapa.de\\\/fr\\\/conseillers\\\/saeko-kawazoe-avocat-conseillere-fiscale\\\/\",\"url\":\"https:\\\/\\\/www.gamapa.de\\\/fr\\\/conseillers\\\/saeko-kawazoe-avocat-conseillere-fiscale\\\/\",\"name\":\"Saeko Kawazoe - GANTEF\u00dcHRER\",\"isPartOf\":{\"@id\":\"https:\\\/\\\/www.gamapa.de\\\/fr\\\/#website\"},\"primaryImageOfPage\":{\"@id\":\"https:\\\/\\\/www.gamapa.de\\\/fr\\\/conseillers\\\/saeko-kawazoe-avocat-conseillere-fiscale\\\/#primaryimage\"},\"image\":{\"@id\":\"https:\\\/\\\/www.gamapa.de\\\/fr\\\/conseillers\\\/saeko-kawazoe-avocat-conseillere-fiscale\\\/#primaryimage\"},\"thumbnailUrl\":\"https:\\\/\\\/www.gamapa.de\\\/wp-content\\\/uploads\\\/2020\\\/08\\\/Kawazoe-big.jpg\",\"datePublished\":\"2021-04-01T10:54:32+00:00\",\"dateModified\":\"2025-07-10T10:15:13+00:00\",\"breadcrumb\":{\"@id\":\"https:\\\/\\\/www.gamapa.de\\\/fr\\\/conseillers\\\/saeko-kawazoe-avocat-conseillere-fiscale\\\/#breadcrumb\"},\"inLanguage\":\"fr-FR\",\"potentialAction\":[{\"@type\":\"ReadAction\",\"target\":[\"https:\\\/\\\/www.gamapa.de\\\/fr\\\/conseillers\\\/saeko-kawazoe-avocat-conseillere-fiscale\\\/\"]}]},{\"@type\":\"ImageObject\",\"inLanguage\":\"fr-FR\",\"@id\":\"https:\\\/\\\/www.gamapa.de\\\/fr\\\/conseillers\\\/saeko-kawazoe-avocat-conseillere-fiscale\\\/#primaryimage\",\"url\":\"https:\\\/\\\/www.gamapa.de\\\/wp-content\\\/uploads\\\/2020\\\/08\\\/Kawazoe-big.jpg\",\"contentUrl\":\"https:\\\/\\\/www.gamapa.de\\\/wp-content\\\/uploads\\\/2020\\\/08\\\/Kawazoe-big.jpg\",\"width\":1440,\"height\":859,\"caption\":\"Saeko Kawazoe, Rechtsanw\u00e4ltin, Steuerberaterin\"},{\"@type\":\"BreadcrumbList\",\"@id\":\"https:\\\/\\\/www.gamapa.de\\\/fr\\\/conseillers\\\/saeko-kawazoe-avocat-conseillere-fiscale\\\/#breadcrumb\",\"itemListElement\":[{\"@type\":\"ListItem\",\"position\":1,\"name\":\"Startseite\",\"item\":\"https:\\\/\\\/www.gamapa.de\\\/fr\\\/\"},{\"@type\":\"ListItem\",\"position\":2,\"name\":\"Conseillers\",\"item\":\"https:\\\/\\\/www.gamapa.de\\\/fr\\\/conseillers\\\/\"},{\"@type\":\"ListItem\",\"position\":3,\"name\":\"Saeko Kawazoe\"}]},{\"@type\":\"WebSite\",\"@id\":\"https:\\\/\\\/www.gamapa.de\\\/fr\\\/#website\",\"url\":\"https:\\\/\\\/www.gamapa.de\\\/fr\\\/\",\"name\":\"GANTEF\u00dcHRER\",\"description\":\"Wirtschaftspr\u00fcfer, Steuerberater, Rechtsanw\u00e4lte\",\"publisher\":{\"@id\":\"https:\\\/\\\/www.gamapa.de\\\/fr\\\/#organization\"},\"potentialAction\":[{\"@type\":\"SearchAction\",\"target\":{\"@type\":\"EntryPoint\",\"urlTemplate\":\"https:\\\/\\\/www.gamapa.de\\\/fr\\\/?s={search_term_string}\"},\"query-input\":{\"@type\":\"PropertyValueSpecification\",\"valueRequired\":true,\"valueName\":\"search_term_string\"}}],\"inLanguage\":\"fr-FR\"},{\"@type\":\"Organization\",\"@id\":\"https:\\\/\\\/www.gamapa.de\\\/fr\\\/#organization\",\"name\":\"Gantef\u00fchrer Wirtschaftspr\u00fcfer, Steuerberater, Rechtsanw\u00e4lte\",\"url\":\"https:\\\/\\\/www.gamapa.de\\\/fr\\\/\",\"logo\":{\"@type\":\"ImageObject\",\"inLanguage\":\"fr-FR\",\"@id\":\"https:\\\/\\\/www.gamapa.de\\\/fr\\\/#\\\/schema\\\/logo\\\/image\\\/\",\"url\":\"https:\\\/\\\/www.gamapa.de\\\/wp-content\\\/uploads\\\/2026\\\/01\\\/Logo-Gantefuehrer.png\",\"contentUrl\":\"https:\\\/\\\/www.gamapa.de\\\/wp-content\\\/uploads\\\/2026\\\/01\\\/Logo-Gantefuehrer.png\",\"width\":767,\"height\":156,\"caption\":\"Gantef\u00fchrer Wirtschaftspr\u00fcfer, Steuerberater, Rechtsanw\u00e4lte\"},\"image\":{\"@id\":\"https:\\\/\\\/www.gamapa.de\\\/fr\\\/#\\\/schema\\\/logo\\\/image\\\/\"}}]}<\/script>\n<!-- \/ Yoast SEO plugin. -->","yoast_head_json":{"title":"Saeko Kawazoe - GANTEF\u00dcHRER","robots":{"index":"index","follow":"follow","max-snippet":"max-snippet:-1","max-image-preview":"max-image-preview:large","max-video-preview":"max-video-preview:-1"},"canonical":"https:\/\/www.gamapa.de\/fr\/conseillers\/saeko-kawazoe-avocat-conseillere-fiscale\/","og_locale":"fr_FR","og_type":"article","og_title":"Saeko Kawazoe - GANTEF\u00dcHRER","og_description":"Domaines de sp\u00e9cialisation Carri\u00e8re professionnelle 2003-2009 Universit\u00e9 D\u00fcsseldorf 2009-2011 Stage juridique \u00e0 in D\u00fcsseldorf 2011 Admission au barreau 2012-2021 Assistante fiscale et conseill\u00e8re fiscale dans un cabinet de conseil fiscal de taille moyenne, responsable du Japan Desk 2016 Obtention du dipl\u00f4me de conseill\u00e8re fiscale 2020 Conseill\u00e8re certifi\u00e9e en droit fiscal p\u00e9nal (FernUniversit\u00e4t Hagen) depuis 2021 [\u2026]","og_url":"https:\/\/www.gamapa.de\/fr\/conseillers\/saeko-kawazoe-avocat-conseillere-fiscale\/","og_site_name":"GANTEF\u00dcHRER","article_modified_time":"2025-07-10T10:15:13+00:00","og_image":[{"width":1440,"height":859,"url":"https:\/\/www.gamapa.de\/wp-content\/uploads\/2020\/08\/Kawazoe-big.jpg","type":"image\/jpeg"}],"twitter_card":"summary_large_image","twitter_misc":{"Dur\u00e9e de lecture estim\u00e9e":"2 minutes"},"schema":{"@context":"https:\/\/schema.org","@graph":[{"@type":"WebPage","@id":"https:\/\/www.gamapa.de\/fr\/conseillers\/saeko-kawazoe-avocat-conseillere-fiscale\/","url":"https:\/\/www.gamapa.de\/fr\/conseillers\/saeko-kawazoe-avocat-conseillere-fiscale\/","name":"Saeko Kawazoe - GANTEF\u00dcHRER","isPartOf":{"@id":"https:\/\/www.gamapa.de\/fr\/#website"},"primaryImageOfPage":{"@id":"https:\/\/www.gamapa.de\/fr\/conseillers\/saeko-kawazoe-avocat-conseillere-fiscale\/#primaryimage"},"image":{"@id":"https:\/\/www.gamapa.de\/fr\/conseillers\/saeko-kawazoe-avocat-conseillere-fiscale\/#primaryimage"},"thumbnailUrl":"https:\/\/www.gamapa.de\/wp-content\/uploads\/2020\/08\/Kawazoe-big.jpg","datePublished":"2021-04-01T10:54:32+00:00","dateModified":"2025-07-10T10:15:13+00:00","breadcrumb":{"@id":"https:\/\/www.gamapa.de\/fr\/conseillers\/saeko-kawazoe-avocat-conseillere-fiscale\/#breadcrumb"},"inLanguage":"fr-FR","potentialAction":[{"@type":"ReadAction","target":["https:\/\/www.gamapa.de\/fr\/conseillers\/saeko-kawazoe-avocat-conseillere-fiscale\/"]}]},{"@type":"ImageObject","inLanguage":"fr-FR","@id":"https:\/\/www.gamapa.de\/fr\/conseillers\/saeko-kawazoe-avocat-conseillere-fiscale\/#primaryimage","url":"https:\/\/www.gamapa.de\/wp-content\/uploads\/2020\/08\/Kawazoe-big.jpg","contentUrl":"https:\/\/www.gamapa.de\/wp-content\/uploads\/2020\/08\/Kawazoe-big.jpg","width":1440,"height":859,"caption":"Saeko Kawazoe, Rechtsanw\u00e4ltin, Steuerberaterin"},{"@type":"BreadcrumbList","@id":"https:\/\/www.gamapa.de\/fr\/conseillers\/saeko-kawazoe-avocat-conseillere-fiscale\/#breadcrumb","itemListElement":[{"@type":"ListItem","position":1,"name":"Startseite","item":"https:\/\/www.gamapa.de\/fr\/"},{"@type":"ListItem","position":2,"name":"Conseillers","item":"https:\/\/www.gamapa.de\/fr\/conseillers\/"},{"@type":"ListItem","position":3,"name":"Saeko Kawazoe"}]},{"@type":"WebSite","@id":"https:\/\/www.gamapa.de\/fr\/#website","url":"https:\/\/www.gamapa.de\/fr\/","name":"GANTEF\u00dcHRER","description":"Wirtschaftspr\u00fcfer, Steuerberater, Rechtsanw\u00e4lte","publisher":{"@id":"https:\/\/www.gamapa.de\/fr\/#organization"},"potentialAction":[{"@type":"SearchAction","target":{"@type":"EntryPoint","urlTemplate":"https:\/\/www.gamapa.de\/fr\/?s={search_term_string}"},"query-input":{"@type":"PropertyValueSpecification","valueRequired":true,"valueName":"search_term_string"}}],"inLanguage":"fr-FR"},{"@type":"Organization","@id":"https:\/\/www.gamapa.de\/fr\/#organization","name":"Gantef\u00fchrer Wirtschaftspr\u00fcfer, Steuerberater, Rechtsanw\u00e4lte","url":"https:\/\/www.gamapa.de\/fr\/","logo":{"@type":"ImageObject","inLanguage":"fr-FR","@id":"https:\/\/www.gamapa.de\/fr\/#\/schema\/logo\/image\/","url":"https:\/\/www.gamapa.de\/wp-content\/uploads\/2026\/01\/Logo-Gantefuehrer.png","contentUrl":"https:\/\/www.gamapa.de\/wp-content\/uploads\/2026\/01\/Logo-Gantefuehrer.png","width":767,"height":156,"caption":"Gantef\u00fchrer Wirtschaftspr\u00fcfer, Steuerberater, Rechtsanw\u00e4lte"},"image":{"@id":"https:\/\/www.gamapa.de\/fr\/#\/schema\/logo\/image\/"}}]}},"uagb_featured_image_src":{"full":["https:\/\/www.gamapa.de\/wp-content\/uploads\/2020\/08\/Kawazoe-big.jpg",1440,859,false],"thumbnail":["https:\/\/www.gamapa.de\/wp-content\/uploads\/2020\/08\/Kawazoe-big-150x150.jpg",150,150,true],"medium":["https:\/\/www.gamapa.de\/wp-content\/uploads\/2020\/08\/Kawazoe-big-600x358.jpg",600,358,true],"medium_large":["https:\/\/www.gamapa.de\/wp-content\/uploads\/2020\/08\/Kawazoe-big-768x458.jpg",580,346,true],"large":["https:\/\/www.gamapa.de\/wp-content\/uploads\/2020\/08\/Kawazoe-big.jpg",580,346,false],"gs-tiny":["https:\/\/www.gamapa.de\/wp-content\/uploads\/2020\/08\/Kawazoe-big.jpg",50,30,false],"xl":["https:\/\/www.gamapa.de\/wp-content\/uploads\/2020\/08\/Kawazoe-big.jpg",1440,859,false],"xxl":["https:\/\/www.gamapa.de\/wp-content\/uploads\/2020\/08\/Kawazoe-big.jpg",1440,859,false],"xxxl":["https:\/\/www.gamapa.de\/wp-content\/uploads\/2020\/08\/Kawazoe-big.jpg",1440,859,false],"xxxxl":["https:\/\/www.gamapa.de\/wp-content\/uploads\/2020\/08\/Kawazoe-big.jpg",1440,859,false],"xxxxxl":["https:\/\/www.gamapa.de\/wp-content\/uploads\/2020\/08\/Kawazoe-big.jpg",1440,859,false],"1536x1536":["https:\/\/www.gamapa.de\/wp-content\/uploads\/2020\/08\/Kawazoe-big.jpg",1440,859,false],"2048x2048":["https:\/\/www.gamapa.de\/wp-content\/uploads\/2020\/08\/Kawazoe-big.jpg",1440,859,false],"post-thumbnail":["https:\/\/www.gamapa.de\/wp-content\/uploads\/2020\/08\/Kawazoe-big.jpg",1440,859,false],"twentytwenty-fullscreen":["https:\/\/www.gamapa.de\/wp-content\/uploads\/2020\/08\/Kawazoe-big.jpg",1440,859,false],"theme-slug-single-post":["https:\/\/www.gamapa.de\/wp-content\/uploads\/2020\/08\/Kawazoe-big-1440x400.jpg",1440,400,true]},"uagb_author_info":{"display_name":"linda","author_link":"https:\/\/www.gamapa.de\/fr\/author\/linda\/"},"uagb_comment_info":0,"uagb_excerpt":"Domaines de sp\u00e9cialisation Carri\u00e8re professionnelle 2003-2009 Universit\u00e9 D\u00fcsseldorf 2009-2011 Stage juridique \u00e0 in D\u00fcsseldorf 2011 Admission au barreau 2012-2021 Assistante fiscale et conseill\u00e8re fiscale dans un cabinet de conseil fiscal de taille moyenne, responsable du Japan Desk 2016 Obtention du dipl\u00f4me de conseill\u00e8re fiscale 2020 Conseill\u00e8re certifi\u00e9e en droit fiscal p\u00e9nal (FernUniversit\u00e4t Hagen) depuis 2021\u2026","_links":{"self":[{"href":"https:\/\/www.gamapa.de\/fr\/wp-json\/wp\/v2\/pages\/7772","targetHints":{"allow":["GET"]}}],"collection":[{"href":"https:\/\/www.gamapa.de\/fr\/wp-json\/wp\/v2\/pages"}],"about":[{"href":"https:\/\/www.gamapa.de\/fr\/wp-json\/wp\/v2\/types\/page"}],"author":[{"embeddable":true,"href":"https:\/\/www.gamapa.de\/fr\/wp-json\/wp\/v2\/users\/1"}],"replies":[{"embeddable":true,"href":"https:\/\/www.gamapa.de\/fr\/wp-json\/wp\/v2\/comments?post=7772"}],"version-history":[{"count":19,"href":"https:\/\/www.gamapa.de\/fr\/wp-json\/wp\/v2\/pages\/7772\/revisions"}],"predecessor-version":[{"id":20606,"href":"https:\/\/www.gamapa.de\/fr\/wp-json\/wp\/v2\/pages\/7772\/revisions\/20606"}],"up":[{"embeddable":true,"href":"https:\/\/www.gamapa.de\/fr\/wp-json\/wp\/v2\/pages\/4584"}],"wp:featuredmedia":[{"embeddable":true,"href":"https:\/\/www.gamapa.de\/fr\/wp-json\/wp\/v2\/media\/8117"}],"wp:attachment":[{"href":"https:\/\/www.gamapa.de\/fr\/wp-json\/wp\/v2\/media?parent=7772"}],"curies":[{"name":"wp","href":"https:\/\/api.w.org\/{rel}","templated":true}]}}