

{"id":22464,"date":"2025-11-10T10:15:03","date_gmt":"2025-11-10T09:15:03","guid":{"rendered":"https:\/\/www.gamapa.de\/wettbewerbsrecht\/"},"modified":"2025-11-13T16:59:59","modified_gmt":"2025-11-13T15:59:59","slug":"wettbewerbsrecht","status":"publish","type":"page","link":"https:\/\/www.gamapa.de\/ja\/wettbewerbsrecht\/","title":{"rendered":"Wettbewerbsrecht"},"content":{"rendered":"\n<h2 class=\"wp-block-heading\">Wir sichern fairen Wettbewerb f\u00fcr Ihr Unternehmen<\/h2>\n\n\n\n<p>Das Lauterkeitsrecht (UWG) legt die Regeln f\u00fcr faires wirtschaftliches Verhalten fest, die jedes Unternehmen beim Angebot und Bezug von Leistungen zu beachten hat. Wir entwickeln mit Ihnen eine tragf\u00e4hige Strategie f\u00fcr Auftritt, Angebot, Bewerbung und Vertrieb \u2013 rechtssicher, risikominimiert und praxisnah.<\/p>\n\n\n\n<h3 class=\"wp-block-heading\">Unser Beratungsspektrum im im Wettbewerbsrecht umfasst:<\/h3>\n\n\n\n<ul class=\"wp-block-list\">\n<li>Pr\u00fcfung von Werbung und Marketingkampagnen (z.B. Green Advertising, Health Claims, Gewinnspiele)<\/li>\n\n\n\n<li>Beratung zum Influencer-Marketing<\/li>\n\n\n\n<li>Beratung zum wettbewerbsrechtlichen Schutz gegen Nachahmung von Produktdesign<\/li>\n\n\n\n<li>Unterbindung unlauterer Werbung und sonstiger unlauterer Gesch\u00e4ftsmethoden von Wettbewerbern<\/li>\n\n\n\n<li>Vertragsgestaltung: Agentur\u2011, Influencer\u2011 und Vergleichsvereinbarungen<\/li>\n\n\n\n<li>Gesch\u00e4ftsgeheimnisschutz: Compliance-Konzepte und Abwehrstrategien bei Verrat oder Missbrauch von Gesch\u00e4ftsgeheimnissen<\/li>\n\n\n\n<li>Au\u00dfergerichtliche und gerichtliche Durchsetzung &amp; Abwehr: Beratung zu Unterlassungs-, Auskunfts- und Schadensersatzanspr\u00fcchen im Wege der Abmahnung sowie gerichtliche Vertretung (Aktiv- wie Passivseite)<\/li>\n<\/ul>\n\n\n\n<p>Finden Sie <a href=\"https:\/\/www.gamapa.de\/berater\/dr-martin-minkner\/\">hier<\/a> Ihren Ansprechpartner im Bereich Wettbewerbsrecht.<\/p>\n","protected":false},"excerpt":{"rendered":"<p>Wir sichern fairen Wettbewerb f\u00fcr Ihr Unternehmen Das Lauterkeitsrecht (UWG) legt die Regeln f\u00fcr faires wirtsc <a href=\"https:\/\/www.gamapa.de\/ja\/wettbewerbsrecht\/\">[\u2026]<\/a><\/p>\n","protected":false},"author":11,"featured_media":16986,"parent":0,"menu_order":14,"comment_status":"closed","ping_status":"closed","template":"templates\/template-simple-site.php","meta":{"_acf_changed":false,"_uag_custom_page_level_css":"","footnotes":""},"class_list":["post-22464","page","type-page","status-publish","has-post-thumbnail","hentry"],"acf":[],"yoast_head":"<!-- This site is optimized with the Yoast SEO plugin v27.5 - https:\/\/yoast.com\/product\/yoast-seo-wordpress\/ -->\n<title>Bildende Kunst | Dr. Gantef\u00fchrer, Marquardt und Partner<\/title>\n<meta name=\"description\" content=\"Bildende Kunst ist ein spezielles Beratungsfeld unserer Soziet\u00e4t. Es hat sich aus der Kunstleidenschaft des Gr\u00fcnders entwickelt und z\u00e4hlt ...\" \/>\n<meta name=\"robots\" content=\"index, follow, max-snippet:-1, max-image-preview:large, max-video-preview:-1\" \/>\n<link rel=\"canonical\" href=\"https:\/\/www.gamapa.de\/ja\/wettbewerbsrecht\/\" \/>\n<meta property=\"og:locale\" content=\"ja_JP\" \/>\n<meta property=\"og:type\" content=\"article\" \/>\n<meta property=\"og:title\" content=\"Bildende Kunst | Dr. Gantef\u00fchrer, Marquardt und Partner\" \/>\n<meta property=\"og:description\" content=\"Bildende Kunst ist ein spezielles Beratungsfeld unserer Soziet\u00e4t. Es hat sich aus der Kunstleidenschaft des Gr\u00fcnders entwickelt und z\u00e4hlt ...\" \/>\n<meta property=\"og:url\" content=\"https:\/\/www.gamapa.de\/ja\/wettbewerbsrecht\/\" \/>\n<meta property=\"og:site_name\" content=\"GANTEF\u00dcHRER\" \/>\n<meta property=\"article:modified_time\" content=\"2025-11-13T15:59:59+00:00\" \/>\n<meta property=\"og:image\" content=\"https:\/\/www.gamapa.de\/wp-content\/uploads\/2020\/07\/U-Header-Rechtsgebiete-2-scaled.jpg\" \/>\n\t<meta property=\"og:image:width\" content=\"2560\" \/>\n\t<meta property=\"og:image:height\" content=\"764\" \/>\n\t<meta property=\"og:image:type\" content=\"image\/jpeg\" \/>\n<meta name=\"twitter:card\" content=\"summary_large_image\" \/>\n<meta name=\"twitter:label1\" content=\"\u63a8\u5b9a\u8aad\u307f\u53d6\u308a\u6642\u9593\" \/>\n\t<meta name=\"twitter:data1\" content=\"1\u5206\" \/>\n<script type=\"application\/ld+json\" class=\"yoast-schema-graph\">{\"@context\":\"https:\\\/\\\/schema.org\",\"@graph\":[{\"@type\":\"WebPage\",\"@id\":\"https:\\\/\\\/www.gamapa.de\\\/ja\\\/wettbewerbsrecht\\\/\",\"url\":\"https:\\\/\\\/www.gamapa.de\\\/ja\\\/wettbewerbsrecht\\\/\",\"name\":\"Bildende Kunst | Dr. Gantef\u00fchrer, Marquardt und Partner\",\"isPartOf\":{\"@id\":\"https:\\\/\\\/www.gamapa.de\\\/ja\\\/#website\"},\"primaryImageOfPage\":{\"@id\":\"https:\\\/\\\/www.gamapa.de\\\/ja\\\/wettbewerbsrecht\\\/#primaryimage\"},\"image\":{\"@id\":\"https:\\\/\\\/www.gamapa.de\\\/ja\\\/wettbewerbsrecht\\\/#primaryimage\"},\"thumbnailUrl\":\"https:\\\/\\\/www.gamapa.de\\\/wp-content\\\/uploads\\\/2020\\\/07\\\/U-Header-Rechtsgebiete-2-scaled.jpg\",\"datePublished\":\"2025-11-10T09:15:03+00:00\",\"dateModified\":\"2025-11-13T15:59:59+00:00\",\"description\":\"Bildende Kunst ist ein spezielles Beratungsfeld unserer Soziet\u00e4t. Es hat sich aus der Kunstleidenschaft des Gr\u00fcnders entwickelt und z\u00e4hlt ...\",\"breadcrumb\":{\"@id\":\"https:\\\/\\\/www.gamapa.de\\\/ja\\\/wettbewerbsrecht\\\/#breadcrumb\"},\"inLanguage\":\"ja\",\"potentialAction\":[{\"@type\":\"ReadAction\",\"target\":[\"https:\\\/\\\/www.gamapa.de\\\/ja\\\/wettbewerbsrecht\\\/\"]}]},{\"@type\":\"ImageObject\",\"inLanguage\":\"ja\",\"@id\":\"https:\\\/\\\/www.gamapa.de\\\/ja\\\/wettbewerbsrecht\\\/#primaryimage\",\"url\":\"https:\\\/\\\/www.gamapa.de\\\/wp-content\\\/uploads\\\/2020\\\/07\\\/U-Header-Rechtsgebiete-2-scaled.jpg\",\"contentUrl\":\"https:\\\/\\\/www.gamapa.de\\\/wp-content\\\/uploads\\\/2020\\\/07\\\/U-Header-Rechtsgebiete-2-scaled.jpg\",\"width\":2560,\"height\":764,\"caption\":\"Allgemeines Wirtschaftsrecht, Rechtsberatung D\u00fcsseldorf \u2013multidisziplin\u00e4re Kanzleien f\u00fcr den Mittelstand in Nordrhein-Westfalen\"},{\"@type\":\"BreadcrumbList\",\"@id\":\"https:\\\/\\\/www.gamapa.de\\\/ja\\\/wettbewerbsrecht\\\/#breadcrumb\",\"itemListElement\":[{\"@type\":\"ListItem\",\"position\":1,\"name\":\"Startseite\",\"item\":\"https:\\\/\\\/www.gamapa.de\\\/ja\\\/\"},{\"@type\":\"ListItem\",\"position\":2,\"name\":\"Wettbewerbsrecht\"}]},{\"@type\":\"WebSite\",\"@id\":\"https:\\\/\\\/www.gamapa.de\\\/ja\\\/#website\",\"url\":\"https:\\\/\\\/www.gamapa.de\\\/ja\\\/\",\"name\":\"GANTEF\u00dcHRER\",\"description\":\"Wirtschaftspr\u00fcfer, Steuerberater, Rechtsanw\u00e4lte\",\"publisher\":{\"@id\":\"https:\\\/\\\/www.gamapa.de\\\/ja\\\/#organization\"},\"potentialAction\":[{\"@type\":\"SearchAction\",\"target\":{\"@type\":\"EntryPoint\",\"urlTemplate\":\"https:\\\/\\\/www.gamapa.de\\\/ja\\\/?s={search_term_string}\"},\"query-input\":{\"@type\":\"PropertyValueSpecification\",\"valueRequired\":true,\"valueName\":\"search_term_string\"}}],\"inLanguage\":\"ja\"},{\"@type\":\"Organization\",\"@id\":\"https:\\\/\\\/www.gamapa.de\\\/ja\\\/#organization\",\"name\":\"Gantef\u00fchrer Wirtschaftspr\u00fcfer, Steuerberater, Rechtsanw\u00e4lte\",\"url\":\"https:\\\/\\\/www.gamapa.de\\\/ja\\\/\",\"logo\":{\"@type\":\"ImageObject\",\"inLanguage\":\"ja\",\"@id\":\"https:\\\/\\\/www.gamapa.de\\\/ja\\\/#\\\/schema\\\/logo\\\/image\\\/\",\"url\":\"https:\\\/\\\/www.gamapa.de\\\/wp-content\\\/uploads\\\/2026\\\/01\\\/Logo-Gantefuehrer.png\",\"contentUrl\":\"https:\\\/\\\/www.gamapa.de\\\/wp-content\\\/uploads\\\/2026\\\/01\\\/Logo-Gantefuehrer.png\",\"width\":767,\"height\":156,\"caption\":\"Gantef\u00fchrer Wirtschaftspr\u00fcfer, Steuerberater, Rechtsanw\u00e4lte\"},\"image\":{\"@id\":\"https:\\\/\\\/www.gamapa.de\\\/ja\\\/#\\\/schema\\\/logo\\\/image\\\/\"}}]}<\/script>\n<!-- \/ Yoast SEO plugin. -->","yoast_head_json":{"title":"Bildende Kunst | Dr. Gantef\u00fchrer, Marquardt und Partner","description":"Bildende Kunst ist ein spezielles Beratungsfeld unserer Soziet\u00e4t. Es hat sich aus der Kunstleidenschaft des Gr\u00fcnders entwickelt und z\u00e4hlt ...","robots":{"index":"index","follow":"follow","max-snippet":"max-snippet:-1","max-image-preview":"max-image-preview:large","max-video-preview":"max-video-preview:-1"},"canonical":"https:\/\/www.gamapa.de\/ja\/wettbewerbsrecht\/","og_locale":"ja_JP","og_type":"article","og_title":"Bildende Kunst | Dr. Gantef\u00fchrer, Marquardt und Partner","og_description":"Bildende Kunst ist ein spezielles Beratungsfeld unserer Soziet\u00e4t. Es hat sich aus der Kunstleidenschaft des Gr\u00fcnders entwickelt und z\u00e4hlt ...","og_url":"https:\/\/www.gamapa.de\/ja\/wettbewerbsrecht\/","og_site_name":"GANTEF\u00dcHRER","article_modified_time":"2025-11-13T15:59:59+00:00","og_image":[{"width":2560,"height":764,"url":"https:\/\/www.gamapa.de\/wp-content\/uploads\/2020\/07\/U-Header-Rechtsgebiete-2-scaled.jpg","type":"image\/jpeg"}],"twitter_card":"summary_large_image","twitter_misc":{"\u63a8\u5b9a\u8aad\u307f\u53d6\u308a\u6642\u9593":"1\u5206"},"schema":{"@context":"https:\/\/schema.org","@graph":[{"@type":"WebPage","@id":"https:\/\/www.gamapa.de\/ja\/wettbewerbsrecht\/","url":"https:\/\/www.gamapa.de\/ja\/wettbewerbsrecht\/","name":"Bildende Kunst | Dr. Gantef\u00fchrer, Marquardt und Partner","isPartOf":{"@id":"https:\/\/www.gamapa.de\/ja\/#website"},"primaryImageOfPage":{"@id":"https:\/\/www.gamapa.de\/ja\/wettbewerbsrecht\/#primaryimage"},"image":{"@id":"https:\/\/www.gamapa.de\/ja\/wettbewerbsrecht\/#primaryimage"},"thumbnailUrl":"https:\/\/www.gamapa.de\/wp-content\/uploads\/2020\/07\/U-Header-Rechtsgebiete-2-scaled.jpg","datePublished":"2025-11-10T09:15:03+00:00","dateModified":"2025-11-13T15:59:59+00:00","description":"Bildende Kunst ist ein spezielles Beratungsfeld unserer Soziet\u00e4t. Es hat sich aus der Kunstleidenschaft des Gr\u00fcnders entwickelt und z\u00e4hlt ...","breadcrumb":{"@id":"https:\/\/www.gamapa.de\/ja\/wettbewerbsrecht\/#breadcrumb"},"inLanguage":"ja","potentialAction":[{"@type":"ReadAction","target":["https:\/\/www.gamapa.de\/ja\/wettbewerbsrecht\/"]}]},{"@type":"ImageObject","inLanguage":"ja","@id":"https:\/\/www.gamapa.de\/ja\/wettbewerbsrecht\/#primaryimage","url":"https:\/\/www.gamapa.de\/wp-content\/uploads\/2020\/07\/U-Header-Rechtsgebiete-2-scaled.jpg","contentUrl":"https:\/\/www.gamapa.de\/wp-content\/uploads\/2020\/07\/U-Header-Rechtsgebiete-2-scaled.jpg","width":2560,"height":764,"caption":"Allgemeines Wirtschaftsrecht, Rechtsberatung D\u00fcsseldorf \u2013multidisziplin\u00e4re Kanzleien f\u00fcr den Mittelstand in Nordrhein-Westfalen"},{"@type":"BreadcrumbList","@id":"https:\/\/www.gamapa.de\/ja\/wettbewerbsrecht\/#breadcrumb","itemListElement":[{"@type":"ListItem","position":1,"name":"Startseite","item":"https:\/\/www.gamapa.de\/ja\/"},{"@type":"ListItem","position":2,"name":"Wettbewerbsrecht"}]},{"@type":"WebSite","@id":"https:\/\/www.gamapa.de\/ja\/#website","url":"https:\/\/www.gamapa.de\/ja\/","name":"GANTEF\u00dcHRER","description":"Wirtschaftspr\u00fcfer, Steuerberater, Rechtsanw\u00e4lte","publisher":{"@id":"https:\/\/www.gamapa.de\/ja\/#organization"},"potentialAction":[{"@type":"SearchAction","target":{"@type":"EntryPoint","urlTemplate":"https:\/\/www.gamapa.de\/ja\/?s={search_term_string}"},"query-input":{"@type":"PropertyValueSpecification","valueRequired":true,"valueName":"search_term_string"}}],"inLanguage":"ja"},{"@type":"Organization","@id":"https:\/\/www.gamapa.de\/ja\/#organization","name":"Gantef\u00fchrer Wirtschaftspr\u00fcfer, Steuerberater, Rechtsanw\u00e4lte","url":"https:\/\/www.gamapa.de\/ja\/","logo":{"@type":"ImageObject","inLanguage":"ja","@id":"https:\/\/www.gamapa.de\/ja\/#\/schema\/logo\/image\/","url":"https:\/\/www.gamapa.de\/wp-content\/uploads\/2026\/01\/Logo-Gantefuehrer.png","contentUrl":"https:\/\/www.gamapa.de\/wp-content\/uploads\/2026\/01\/Logo-Gantefuehrer.png","width":767,"height":156,"caption":"Gantef\u00fchrer Wirtschaftspr\u00fcfer, Steuerberater, Rechtsanw\u00e4lte"},"image":{"@id":"https:\/\/www.gamapa.de\/ja\/#\/schema\/logo\/image\/"}}]}},"uagb_featured_image_src":{"full":["https:\/\/www.gamapa.de\/wp-content\/uploads\/2020\/07\/U-Header-Rechtsgebiete-2-scaled.jpg",2560,764,false],"thumbnail":["https:\/\/www.gamapa.de\/wp-content\/uploads\/2020\/07\/U-Header-Rechtsgebiete-2-150x150.jpg",150,150,true],"medium":["https:\/\/www.gamapa.de\/wp-content\/uploads\/2020\/07\/U-Header-Rechtsgebiete-2-600x179.jpg",600,179,true],"medium_large":["https:\/\/www.gamapa.de\/wp-content\/uploads\/2020\/07\/U-Header-Rechtsgebiete-2-768x229.jpg",580,173,true],"large":["https:\/\/www.gamapa.de\/wp-content\/uploads\/2020\/07\/U-Header-Rechtsgebiete-2-scaled.jpg",580,173,false],"gs-tiny":["https:\/\/www.gamapa.de\/wp-content\/uploads\/2020\/07\/U-Header-Rechtsgebiete-2-scaled.jpg",50,15,false],"xl":["https:\/\/www.gamapa.de\/wp-content\/uploads\/2020\/07\/U-Header-Rechtsgebiete-2-scaled.jpg",1600,478,false],"xxl":["https:\/\/www.gamapa.de\/wp-content\/uploads\/2020\/07\/U-Header-Rechtsgebiete-2-scaled.jpg",2200,657,false],"xxxl":["https:\/\/www.gamapa.de\/wp-content\/uploads\/2020\/07\/U-Header-Rechtsgebiete-2-scaled.jpg",2560,764,false],"xxxxl":["https:\/\/www.gamapa.de\/wp-content\/uploads\/2020\/07\/U-Header-Rechtsgebiete-2-scaled.jpg",2560,764,false],"xxxxxl":["https:\/\/www.gamapa.de\/wp-content\/uploads\/2020\/07\/U-Header-Rechtsgebiete-2-scaled.jpg",2560,764,false],"1536x1536":["https:\/\/www.gamapa.de\/wp-content\/uploads\/2020\/07\/U-Header-Rechtsgebiete-2-1536x458.jpg",1536,458,true],"2048x2048":["https:\/\/www.gamapa.de\/wp-content\/uploads\/2020\/07\/U-Header-Rechtsgebiete-2-2048x611.jpg",2048,611,true],"post-thumbnail":["https:\/\/www.gamapa.de\/wp-content\/uploads\/2020\/07\/U-Header-Rechtsgebiete-2-scaled.jpg",2560,764,false],"twentytwenty-fullscreen":["https:\/\/www.gamapa.de\/wp-content\/uploads\/2020\/07\/U-Header-Rechtsgebiete-2-scaled.jpg",2560,764,false],"theme-slug-single-post":["https:\/\/www.gamapa.de\/wp-content\/uploads\/2020\/07\/U-Header-Rechtsgebiete-2-1600x400.jpg",1600,400,true]},"uagb_author_info":{"display_name":"ninasenft","author_link":"https:\/\/www.gamapa.de\/ja\/author\/ninasenft\/"},"uagb_comment_info":0,"uagb_excerpt":"Wir sichern fairen Wettbewerb f\u00fcr Ihr Unternehmen Das L&hellip;","_links":{"self":[{"href":"https:\/\/www.gamapa.de\/ja\/wp-json\/wp\/v2\/pages\/22464","targetHints":{"allow":["GET"]}}],"collection":[{"href":"https:\/\/www.gamapa.de\/ja\/wp-json\/wp\/v2\/pages"}],"about":[{"href":"https:\/\/www.gamapa.de\/ja\/wp-json\/wp\/v2\/types\/page"}],"author":[{"embeddable":true,"href":"https:\/\/www.gamapa.de\/ja\/wp-json\/wp\/v2\/users\/11"}],"replies":[{"embeddable":true,"href":"https:\/\/www.gamapa.de\/ja\/wp-json\/wp\/v2\/comments?post=22464"}],"version-history":[{"count":1,"href":"https:\/\/www.gamapa.de\/ja\/wp-json\/wp\/v2\/pages\/22464\/revisions"}],"predecessor-version":[{"id":22467,"href":"https:\/\/www.gamapa.de\/ja\/wp-json\/wp\/v2\/pages\/22464\/revisions\/22467"}],"wp:featuredmedia":[{"embeddable":true,"href":"https:\/\/www.gamapa.de\/ja\/wp-json\/wp\/v2\/media\/16986"}],"wp:attachment":[{"href":"https:\/\/www.gamapa.de\/ja\/wp-json\/wp\/v2\/media?parent=22464"}],"curies":[{"name":"wp","href":"https:\/\/api.w.org\/{rel}","templated":true}]}}