

{"id":7661,"date":"2021-01-07T20:26:27","date_gmt":"2021-01-07T19:26:27","guid":{"rendered":"https:\/\/www.gamapa.de\/?page_id=7661"},"modified":"2026-01-05T12:44:11","modified_gmt":"2026-01-05T11:44:11","slug":"japanese-desk","status":"publish","type":"page","link":"https:\/\/www.gamapa.de\/ja\/japanese-desk\/","title":{"rendered":"\u6d77\u5916\u9032\u51fa \/ \u30b8\u30e3\u30d1\u30f3\u30c7\u30b9\u30af"},"content":{"rendered":"\n<div style=\"height:10px\" aria-hidden=\"true\" class=\"wp-block-spacer\"><\/div>\n\n\n\n<div id=\"logodeskout\"><a href=\"https:\/\/www.gamapa.de\/ja\/\"><img decoding=\"async\" class=\"logodesk\" src=\"https:\/\/www.gamapa.de\/wp-content\/uploads\/2022\/03\/Gantefuehrer-Logo-Japanese-Desk-ja.jpg\"><\/a><\/div><a href=\"https:\/\/www.gamapa.de\/ja\/category\/\u30cb\u30e5\u30fc\u30b9-ja\/\"><div id=\"jadesk\">\u30cb\u30e5\u30fc\u30b9<\/div><\/a>\n\n\n\n<p>400\u4ee5\u4e0a\u306e\u65e5\u7cfb\u4f01\u696d\u304c\u5e02\u5185\u306b\u7acb\u5730\u3057\u30018,400\u4eba\u4ee5\u4e0a\u306e\u65e5\u672c\u4eba\u304c\u5728\u4f4f\u3057\u3066\u3044\u308b\u30c7\u30e5\u30c3\u30bb\u30eb\u30c9\u30eb\u30d5\u306f\u3001\u30c9\u30a4\u30c4\u53ca\u3073\u30e8\u30fc\u30ed\u30c3\u30d1\u5927\u9678\u968f\u4e00\u306e\u65e5\u672c\u4f01\u696d\u7acb\u5730\u3092\u5f62\u6210\u3057\u3066\u3044\u307e\u3059\u3002\u305d\u306e\u512a\u308c\u305f\u30a4\u30f3\u30d5\u30e9\u30b9\u30c8\u30e9\u30af\u30c1\u30e3\u30fc\u306f\u3001\u591a\u304f\u306e\u548c\u98df\u30ec\u30b9\u30c8\u30e9\u30f3\u3001\u65e5\u672c\u306e\u5546\u54c1\u3092\u6271\u3046\u5c0f\u58f2\u5e97\u3084\u30b5\u30fc\u30d3\u30b9\u696d\u8005\u3001\u65e5\u672c\u4eba\u5e7c\u7a1a\u5712\u3084\u65e5\u672c\u4eba\u5b66\u6821\u3001\u65e5\u672c\u5ead\u5712\u3084\u65e5\u72ec\u30cd\u30c3\u30c8\u30ef\u30fc\u30af\u3092\u30b5\u30dd\u30fc\u30c8\u3059\u308b\u6ca2\u5c71\u306e\u95a2\u4fc2\u6a5f\u95a2\u306b\u3088\u308a\u69cb\u6210\u3055\u308c\u3066\u3044\u307e\u3059\u3002&nbsp;<\/p>\n\n\n\n<p>\u65e5\u672c\u3068\u30c7\u30e5\u30c3\u30bb\u30eb\u30c9\u30eb\u30d5\u306e\u7dca\u5bc6\u306a\u95a2\u4fc2\u306f60\u5e74\u4ee5\u4e0a\u306e\u4f1d\u7d71\u304c\u3042\u308a\u3001\u65e5\u672c\u4f01\u696d\u306b\u3068\u3063\u3066\u91cd\u8981\u306a\u62e0\u70b9\u3067\u3042\u308b\u30c7\u30e5\u30c3\u30bb\u30eb\u30c9\u30eb\u30d5\u3067\u306f\u3001\u5b9f\u306b\u69d8\u3005\u306a\u65e5\u72ec\u95a2\u9023\u306e\u30a4\u30d9\u30f3\u30c8\u304c\u958b\u50ac\u3055\u308c\u307e\u3059\u3002\u305d\u306e\u4e00\u3064\u3068\u3057\u3066\u30012002\u5e74\u3088\u308a\u6bce\u5e74\u65e5\u72ec\u7d4c\u6e08\u30b7\u30f3\u30dd\u30b8\u30a6\u30e0\u304c\u958b\u50ac\u3055\u308c\u3001\u65e5\u72ec\u7d4c\u6e08\u754c\u306b\u65bc\u3044\u3066\u6642\u5b9c\u6027\u306e\u9ad8\u3044\u30c8\u30d4\u30c3\u30af\u306b\u95a2\u3057\u8a0e\u8b70\u304c\u884c\u308f\u308c\u3066\u3044\u307e\u3059\u3002\u5f0a\u4e8b\u52d9\u6240\u3067\u3082\u5f15\u304d\u7d9a\u304d\u65e5\u72ec\u95a2\u4fc2\u3092\u7cbe\u4e00\u676f\u30b5\u30dd\u30fc\u30c8\u3057\u3066\u53c2\u308a\u305f\u304f\u3001\u672c\u5e74\u3082\u8272\u3005\u3068\u4f01\u753b\u3057\u3066\u304a\u308a\u307e\u3059\u306e\u3067\u3001\u8a73\u7d30\u306f\u9069\u5b9c\u30db\u30fc\u30e0\u30da\u30fc\u30b8\u3067\u767a\u8868\u81f4\u3057\u307e\u3059\u3002&nbsp;<\/p>\n\n\n\n<p>\u65e5\u72ec\u306e\u53cb\u597d\u95a2\u4fc2\u306f\u3001\u4eca\u3067\u306f\u30c7\u30e5\u30c3\u30bb\u30eb\u30c9\u30eb\u30d5\u5e02\u306e\u3044\u305f\u308b\u3068\u3053\u308d\u3067\u611f\u3058\u308b\u3053\u3068\u304c\u3067\u304d\u307e\u3059\u30022021\u5e74\u306e\u5e74\u672b\u4ee5\u964d\u3001\u30c7\u30e5\u30c3\u30bb\u30eb\u30c9\u30eb\u30d5\u5e02\u304c\u7acb\u3066\u305f\u65e5\u672c\u8a9e\u306e\u6a19\u8b58\u3092\u30ea\u30c8\u30eb\u30c8\u30fc\u30ad\u30e7\u30fc\u3068\u79f0\u3055\u308c\u308b\u5730\u533a\u3067\u898b\u308b\u3053\u3068\u304c\u3067\u304d\u308b\u307b\u3069\u3067\u3059\u3002\u30c7\u30e5\u30c3\u30bb\u30eb\u30c9\u30eb\u30d5\u306f\u6ca2\u5c71\u306e\u65e5\u672c\u4eba\u306b\u3068\u3063\u3066\u7b2c\u4e8c\u306e\u6545\u90f7\u3068\u306a\u3063\u3066\u3044\u307e\u3059\u304c\u3001\u6587\u5316\u7684\u80cc\u666f\u3084\u6cd5\u52d9\u3084\u7a0e\u52d9\u306e\u5206\u91ce\u306b\u65bc\u3044\u3066\u3001\u4e21\u56fd\u9593\u306b\u306f\u5927\u304d\u306a\u5dee\u304c\u3042\u308a\u307e\u3059\u3002\u305d\u306e\u70ba\u3001\u30c9\u30a4\u30c4\u306b\u9032\u51fa\u3057\u3066\u3044\u308b\u65e5\u7cfb\u4f01\u696d\u306e\u30b5\u30dd\u30fc\u30c8\u306b\u306f\u3001\u65e5\u672c\u306e\u89aa\u4f1a\u793e\u3068\u306e\u7dbf\u5bc6\u306a\u5354\u529b\u95a2\u4fc2\u3084\u8abf\u6574\u304c\u5fc5\u8981\u4e0d\u53ef\u6b20\u3067\u3059\u3002\u5e63\u4e8b\u52d9\u6240\u306e\u30b8\u30e3\u30d1\u30f3\u30c7\u30b9\u30af\u3067\u306f\u3001\u65e5\u672c\u8a9e\u3092\u6bcd\u56fd\u8a9e\u3068\u3059\u308b\u30c9\u30a4\u30c4\u5f01\u8b77\u58eb\u3001\u30c9\u30a4\u30c4\u7a0e\u7406\u58eb\u306b\u3088\u308b\u30a2\u30c9\u30d0\u30a4\u30b9\u304c\u53ef\u80fd\u306a\u4f53\u5236\u3092\u6574\u3048\u3066\u3044\u307e\u3059\u3002&nbsp;<\/p>\n\n\n\n<p>\u5f53\u4e8b\u52d9\u6240\u306e\u30b8\u30e3\u30d1\u30f3\u30c7\u30b9\u30af\u3067\u306f\u3001\u6cd5\u52d9\u3068\u7a0e\u52d9\u306e\u5206\u91ce\u306b\u65bc\u3044\u3066\u3001\u7dcf\u5408\u7684\u306b\u5404\u7a2e\u30b3\u30f3\u30b5\u30eb\u30c6\u30a3\u30f3\u30b0\u30b5\u30fc\u30d3\u30b9\u3092\u63d0\u4f9b\u3057\u3066\u3044\u307e\u3059\u3002\u65e5\u672c\u8a9e\u3092\u6bcd\u56fd\u8a9e\u3068\u3057\u3001\u30c9\u30a4\u30c4\u306e\u5c02\u9580\u8cc7\u683c\uff08\u30c9\u30a4\u30c4\u5f01\u8b77\u58eb\u3001\u30c9\u30a4\u30c4\u7a0e\u7406\u58eb\uff09\u3092\u6709\u3057\u3066\u3044\u308b\u30b8\u30e3\u30d1\u30f3\u30c7\u30b9\u30af\u62c5\u5f53\u8005 \u304c\u3001\u76f4\u63a5\u65e5\u672c\u8a9e\u3067\u5c02\u9580\u7684\u306a\u7a0e\u52d9\u30fb\u6cd5\u52d9\u30b5\u30fc\u30d3\u30b9\u3092\u3054\u63d0\u4f9b\u81f4\u3057\u307e\u3059\u3002<\/p>\n\n\n\n<p>&nbsp;<\/p>\n\n\n\n<div class=\"wp-block-columns is-layout-flex wp-container-core-columns-is-layout-9d6595d7 wp-block-columns-is-layout-flex\">\n<div class=\"wp-block-column is-layout-flow wp-block-column-is-layout-flow\" style=\"flex-basis:100%\"><\/div>\n\n\n\n<div class=\"wp-block-column is-layout-flow wp-block-column-is-layout-flow\" style=\"flex-basis:100%\">\n<h2 class=\"wp-block-heading\"><\/h2>\n<\/div>\n<\/div>\n\n\n\n<div class=\"wp-block-columns is-layout-flex wp-container-core-columns-is-layout-9d6595d7 wp-block-columns-is-layout-flex\">\n<div class=\"wp-block-column is-layout-flow wp-block-column-is-layout-flow\">\n<h2 class=\"wp-block-heading\">\u6cd5\u52d9\u30b5\u30fc\u30d3\u30b9<\/h2>\n\n\n\n<ul class=\"wp-block-list\">\n<li>\u4f1a\u793e\u8a2d\u7acb\u3001\u65e5\u7cfb\u4f01\u696d\u306e\u5b50\u4f1a\u793e\u3084\u652f\u5e97\u306e\u8a2d\u7acb<\/li>\n\n\n\n<li>\u5b9a\u6b3e\u5909\u66f4\u3001\u53d6\u7de0\u5f79\u306e\u4ea4\u4ee3\u3001\u6e05\u7b97\u4eba\u306e\u9078\u4efb\u7b49\u306e\u30b3\u30fc\u30dd\u30ec\u30fc\u30c8\u30cf\u30a6\u30b9\u30ad\u30fc\u30d4\u30f3\u30b0\u3001\u4f1a\u793e\u6e05\u7b97\u7b49\u306b\u3064\u3044\u3066\u306e\u30a2\u30c9\u30d0\u30a4\u30b9<\/li>\n\n\n\n<li>\u52b4\u50cd\u5951\u7d04\u66f8\u3001\u696d\u52d9\u59d4\u8a17\u5951\u7d04\u66f8\u3001\u5546\u4e8b\u5951\u7d04\u66f8\u7b49\u3001\u5404\u7a2e\u5951\u7d04\u66f8\u306e\u4f5c\u6210<\/li>\n\n\n\n<li>\u4f01\u696d\u9593\u30d3\u30b8\u30cd\u30b9\u306b\u304a\u3051\u308b\u666e\u901a\u53d6\u5f15\u7d04\u6b3e\u306e\u4f5c\u6210<\/li>\n\n\n\n<li>\u30c7\u30fc\u30bf\u4fdd\u8b77\u6cd5\u306b\u95a2\u3059\u308b\u30a2\u30c9\u30d0\u30a4\u30b9<\/li>\n\n\n\n<li>\u88c1\u5224\u6240\u304a\u3088\u3073\u884c\u653f\u5f53\u5c40\u306b\u304a\u3051\u308b\u4ee3\u7406\u696d\u52d9<\/li>\n<\/ul>\n<\/div>\n\n\n\n<div class=\"wp-block-column is-layout-flow wp-block-column-is-layout-flow\">\n<h2 class=\"wp-block-heading\">\u7a0e\u52d9\u30b5\u30fc\u30d3\u30b9<\/h2>\n\n\n\n<ul class=\"wp-block-list\">\n<li>\u4f01\u696d\u306e\u7a0e\u52d9\u7533\u544a\u66f8\u4f5c\u6210<\/li>\n\n\n\n<li>\u7d4c\u7406\u8a18\u5e33\u4ee3\u884c\u3001\u30ec\u30dd\u30fc\u30c6\u30a3\u30f3\u30b0\u30d1\u30c3\u30b1\u30fc\u30b8\u306e\u4f5c\u6210<\/li>\n\n\n\n<li>\u6c7a\u7b97\u5831\u544a\u66f8\u306e\u4f5c\u6210<\/li>\n\n\n\n<li>\u7d66\u4e0e\u8a08\u7b97<\/li>\n\n\n\n<li>\u99d0\u5728\u54e1\u306e\u6d3e\u9063\u30b5\u30dd\u30fc\u30c8\uff08\u6ede\u5728\u30fb\u5c31\u52b4\u30d3\u30b6\u7533\u8acb\u542b\u3080\uff09\u3001\u6240\u5f97\u7a0e\u7533\u544a\u66f8\u4f5c\u6210<\/li>\n\n\n\n<li>\u7a0e\u52d9\u8abf\u67fb\u5bfe\u5fdc<\/li>\n\n\n\n<li>\u30af\u30ed\u30b9\u30dc\u30fc\u30c0\u30fc\u306e\u7d44\u7e54\u518d\u7de8\u30a2\u30c9\u30d0\u30a4\u30b9<\/li>\n\n\n\n<li>\u4f1a\u8a08\u76e3\u67fb<\/li>\n<\/ul>\n<\/div>\n<\/div>\n\n\n\n<h2 class=\"wp-block-heading\">\u30b8\u30e3\u30d1\u30f3\u30c7\u30b9\u30af\u62c5\u5f53\u8005<\/h2>\n\n\n\n<div class=\"wp-block-columns is-layout-flex wp-container-core-columns-is-layout-9d6595d7 wp-block-columns-is-layout-flex\">\n<div class=\"wp-block-column is-layout-flow wp-block-column-is-layout-flow\">\n<figure class=\"wp-block-image size-full\"><img loading=\"lazy\" decoding=\"async\" width=\"600\" height=\"389\" src=\"https:\/\/www.gamapa.de\/wp-content\/uploads\/2020\/08\/Kawazoe-600x389-2.jpg\" alt=\"\" class=\"wp-image-8158\"\/><\/figure>\n\n\n\n<p><strong><strong>\u6cb3\u6dfb\u5c0f\u679d\u5b50<\/strong><\/strong><\/p>\n\n\n\n<ul class=\"wp-block-list\">\n<li>\u30c9\u30a4\u30c4\u5f01\u8b77\u58eb\u3001\u30c9\u30a4\u30c4\u7a0e\u7406\u58eb<\/li>\n\n\n\n<li>\u79df\u7a0e\u5211\u6cd5\u8a8d\u5b9a\u7a0e\u7406\u58eb\uff08\u30cf\u30fc\u30b2\u30f3\u5927\u5b66\uff09<\/li>\n\n\n\n<li>\u30b8\u30e3\u30d1\u30f3\u30c7\u30b9\u30af\u7a0e\u52d9\u4ee3\u8868<\/li>\n\n\n\n<li>\u65e5\u7cfb\u4f01\u696d\u306e\u30b5\u30dd\u30fc\u30c8\u306b10\u5e74\u5f93\u4e8b<\/li>\n\n\n\n<li>\u72ec\u65e5\u6cd5\u5f8b\u5bb6\u5354\u4f1a\uff08DJJV\uff09\u4f1a\u54e1<\/li>\n\n\n\n<li>\u56fd\u969b\u79df\u7a0e\u5354\u4f1a\uff08IFA\uff09\u4f1a\u54e1<\/li>\n<\/ul>\n<\/div>\n\n\n\n<div class=\"wp-block-column is-layout-flow wp-block-column-is-layout-flow\">\n<figure class=\"wp-block-image size-full\"><img loading=\"lazy\" decoding=\"async\" width=\"600\" height=\"389\" src=\"https:\/\/www.gamapa.de\/wp-content\/uploads\/2022\/10\/Grobelny.jpg\" alt=\"\" class=\"wp-image-13473\"\/><\/figure>\n\n\n\n<p><strong><strong>\u30c7\u30cb\u30b9\u30fb\u30b0\u30ed\u30d9\u30eb\u30cb\u2015<\/strong><\/strong><\/p>\n\n\n\n<ul class=\"wp-block-list\">\n<li>\u7a0e\u52d9\u30a2\u30b7\u30b9\u30bf\u30f3\u30c8\uff082016\u5e74\u306bSteuerfachangestellter\u306e\u8cc7\u683c\u53d6\u5f97\uff09<\/li>\n\n\n\n<li>\u30c7\u30e5\u30c3\u30bb\u30eb\u30c9\u30eb\u30d5\u5927\u5b66\u73fe\u4ee3\u65e5\u672c\u5c02\u653b\uff082023\u5e74\u6625\u306b\u5352\u696d\u4e88\u5b9a\uff09<\/li>\n\n\n\n<li>\u30b8\u30e3\u30d1\u30f3\u30c7\u30b9\u30af\u30e1\u30f3\u30d0\u30fc<\/li>\n\n\n\n<li>\u4e3b\u306b\u8ca1\u52d9\u4f1a\u8a08\u3001\u7d66\u4e0e\u8a08\u7b97\u62c5\u5f53\uff08\u65e5\u672c\u8a9e\u5bfe\u5fdc\u53ef\uff09<\/li>\n<\/ul>\n<\/div>\n<\/div>\n\n\n\n<div class=\"wp-block-columns is-layout-flex wp-container-core-columns-is-layout-9d6595d7 wp-block-columns-is-layout-flex\">\n<div class=\"wp-block-column is-layout-flow wp-block-column-is-layout-flow\">\n<p><strong>E-mail:&nbsp;<\/strong><a href=\"mailto:kawazoe@gamapa.de\" target=\"_blank\" rel=\"noreferrer noopener\"><strong>kawazoe@gamapa.de<\/strong><\/a><strong><br>Tel.: +49 211 8989-289<br>Fax: +49 211 8989-150<\/strong><\/p>\n<\/div>\n\n\n\n<div class=\"wp-block-column is-layout-flow wp-block-column-is-layout-flow\">\n<p><strong>E-mail:&nbsp;<a href=\"mailto:grobelny@gamapa.de\">grobelny@gamapa.de<\/a><br>Tel.: +49 211 8989-282<br>Fax: +49 211 8989-150<\/strong><\/p>\n\n\n\n<p><\/p>\n<\/div>\n<\/div>\n\n\n\n<div class=\"wp-block-columns is-layout-flex wp-container-core-columns-is-layout-9d6595d7 wp-block-columns-is-layout-flex\">\n<div class=\"wp-block-column is-layout-flow wp-block-column-is-layout-flow\"><\/div>\n<\/div>\n\n\n\n<h2 class=\"wp-block-heading\">\u5f53\u4e8b\u52d9\u6240\u306e\u30e1\u30f3\u30d0\u30fc\u30b7\u30c3\u30d7\u53ca\u3073\u30b9\u30dd\u30f3\u30b5\u30fc\u30b7\u30c3\u30d7<\/h2>\n\n\n\n<ul class=\"wp-block-list\">\n<li>\u30c7\u30e5\u30c3\u30bb\u30eb\u30c9\u30eb\u30d5\u65e5\u672c\u5546\u5de5\u4f1a\u8b70\u6240<\/li>\n\n\n\n<li>\u65e5\u72ec\u7523\u696d\u5354\u4f1a<\/li>\n\n\n\n<li>\u72ec\u65e5\u52b4\u50cd\u6cd5\u5354\u4f1a<\/li>\n\n\n\n<li>\u65e5\u72ec\u7d4c\u6e08\u30b7\u30f3\u30dd\u30b8\u30a6\u30e0\uff082021\u30012022\u5e74\u5ea6\u30b9\u30dd\u30f3\u30b5\u30fc\uff09<\/li>\n<\/ul>\n","protected":false},"excerpt":{"rendered":"<p>\u30cb\u30e5\u30fc\u30b9 400\u4ee5\u4e0a\u306e\u65e5\u7cfb\u4f01\u696d\u304c\u5e02\u5185\u306b\u7acb\u5730\u3057\u30018,400\u4eba\u4ee5\u4e0a\u306e\u65e5\u672c\u4eba\u304c\u5728\u4f4f\u3057\u3066\u3044\u308b\u30c7\u30e5\u30c3\u30bb\u30eb\u30c9\u30eb\u30d5\u306f\u3001\u30c9\u30a4\u30c4\u53ca\u3073\u30e8\u30fc\u30ed\u30c3\u30d1\u5927\u9678\u968f\u4e00\u306e\u65e5\u672c\u4f01\u696d\u7acb\u5730\u3092\u5f62\u6210\u3057\u3066\u3044\u307e\u3059\u3002\u305d\u306e\u512a\u308c\u305f\u30a4\u30f3\u30d5\u30e9\u30b9\u30c8\u30e9\u30af\u30c1\u30e3\u30fc\u306f\u3001\u591a\u304f\u306e\u548c\u98df\u30ec\u30b9\u30c8\u30e9\u30f3 <a href=\"https:\/\/www.gamapa.de\/ja\/japanese-desk\/\">[\u2026]<\/a><\/p>\n","protected":false},"author":1,"featured_media":11278,"parent":0,"menu_order":2,"comment_status":"closed","ping_status":"closed","template":"","meta":{"_acf_changed":false,"_uag_custom_page_level_css":"","footnotes":""},"class_list":["post-7661","page","type-page","status-publish","has-post-thumbnail","hentry"],"acf":[],"yoast_head":"<!-- This site is optimized with the Yoast SEO plugin v27.5 - https:\/\/yoast.com\/product\/yoast-seo-wordpress\/ -->\n<title>\u6d77\u5916\u9032\u51fa \/ \u30b8\u30e3\u30d1\u30f3\u30c7\u30b9\u30af - GANTEF\u00dcHRER<\/title>\n<meta name=\"robots\" content=\"index, follow, max-snippet:-1, max-image-preview:large, max-video-preview:-1\" \/>\n<link rel=\"canonical\" href=\"https:\/\/www.gamapa.de\/ja\/japanese-desk\/\" \/>\n<meta property=\"og:locale\" content=\"ja_JP\" \/>\n<meta property=\"og:type\" content=\"article\" \/>\n<meta property=\"og:title\" content=\"\u6d77\u5916\u9032\u51fa \/ \u30b8\u30e3\u30d1\u30f3\u30c7\u30b9\u30af - GANTEF\u00dcHRER\" \/>\n<meta property=\"og:description\" content=\"\u30cb\u30e5\u30fc\u30b9 400\u4ee5\u4e0a\u306e\u65e5\u7cfb\u4f01\u696d\u304c\u5e02\u5185\u306b\u7acb\u5730\u3057\u30018,400\u4eba\u4ee5\u4e0a\u306e\u65e5\u672c\u4eba\u304c\u5728\u4f4f\u3057\u3066\u3044\u308b\u30c7\u30e5\u30c3\u30bb\u30eb\u30c9\u30eb\u30d5\u306f\u3001\u30c9\u30a4\u30c4\u53ca\u3073\u30e8\u30fc\u30ed\u30c3\u30d1\u5927\u9678\u968f\u4e00\u306e\u65e5\u672c\u4f01\u696d\u7acb\u5730\u3092\u5f62\u6210\u3057\u3066\u3044\u307e\u3059\u3002\u305d\u306e\u512a\u308c\u305f\u30a4\u30f3\u30d5\u30e9\u30b9\u30c8\u30e9\u30af\u30c1\u30e3\u30fc\u306f\u3001\u591a\u304f\u306e\u548c\u98df\u30ec\u30b9\u30c8\u30e9\u30f3 [\u2026]\" \/>\n<meta property=\"og:url\" content=\"https:\/\/www.gamapa.de\/ja\/japanese-desk\/\" \/>\n<meta property=\"og:site_name\" content=\"GANTEF\u00dcHRER\" \/>\n<meta property=\"article:modified_time\" content=\"2026-01-05T11:44:11+00:00\" \/>\n<meta property=\"og:image\" content=\"https:\/\/www.gamapa.de\/wp-content\/uploads\/2022\/01\/Header-Japan-scaled.jpg\" \/>\n\t<meta property=\"og:image:width\" content=\"2560\" \/>\n\t<meta property=\"og:image:height\" content=\"764\" \/>\n\t<meta property=\"og:image:type\" content=\"image\/jpeg\" \/>\n<meta name=\"twitter:card\" content=\"summary_large_image\" \/>\n<meta name=\"twitter:label1\" content=\"\u63a8\u5b9a\u8aad\u307f\u53d6\u308a\u6642\u9593\" \/>\n\t<meta name=\"twitter:data1\" content=\"2\u5206\" \/>\n<script type=\"application\/ld+json\" class=\"yoast-schema-graph\">{\"@context\":\"https:\\\/\\\/schema.org\",\"@graph\":[{\"@type\":\"WebPage\",\"@id\":\"https:\\\/\\\/www.gamapa.de\\\/ja\\\/japanese-desk\\\/\",\"url\":\"https:\\\/\\\/www.gamapa.de\\\/ja\\\/japanese-desk\\\/\",\"name\":\"\u6d77\u5916\u9032\u51fa \\\/ \u30b8\u30e3\u30d1\u30f3\u30c7\u30b9\u30af - GANTEF\u00dcHRER\",\"isPartOf\":{\"@id\":\"https:\\\/\\\/www.gamapa.de\\\/ja\\\/#website\"},\"primaryImageOfPage\":{\"@id\":\"https:\\\/\\\/www.gamapa.de\\\/ja\\\/japanese-desk\\\/#primaryimage\"},\"image\":{\"@id\":\"https:\\\/\\\/www.gamapa.de\\\/ja\\\/japanese-desk\\\/#primaryimage\"},\"thumbnailUrl\":\"https:\\\/\\\/www.gamapa.de\\\/wp-content\\\/uploads\\\/2022\\\/01\\\/Header-Japan-scaled.jpg\",\"datePublished\":\"2021-01-07T19:26:27+00:00\",\"dateModified\":\"2026-01-05T11:44:11+00:00\",\"breadcrumb\":{\"@id\":\"https:\\\/\\\/www.gamapa.de\\\/ja\\\/japanese-desk\\\/#breadcrumb\"},\"inLanguage\":\"ja\",\"potentialAction\":[{\"@type\":\"ReadAction\",\"target\":[\"https:\\\/\\\/www.gamapa.de\\\/ja\\\/japanese-desk\\\/\"]}]},{\"@type\":\"ImageObject\",\"inLanguage\":\"ja\",\"@id\":\"https:\\\/\\\/www.gamapa.de\\\/ja\\\/japanese-desk\\\/#primaryimage\",\"url\":\"https:\\\/\\\/www.gamapa.de\\\/wp-content\\\/uploads\\\/2022\\\/01\\\/Header-Japan-scaled.jpg\",\"contentUrl\":\"https:\\\/\\\/www.gamapa.de\\\/wp-content\\\/uploads\\\/2022\\\/01\\\/Header-Japan-scaled.jpg\",\"width\":2560,\"height\":764,\"caption\":\"Japanese Desk\"},{\"@type\":\"BreadcrumbList\",\"@id\":\"https:\\\/\\\/www.gamapa.de\\\/ja\\\/japanese-desk\\\/#breadcrumb\",\"itemListElement\":[{\"@type\":\"ListItem\",\"position\":1,\"name\":\"Startseite\",\"item\":\"https:\\\/\\\/www.gamapa.de\\\/ja\\\/\"},{\"@type\":\"ListItem\",\"position\":2,\"name\":\"\u6d77\u5916\u9032\u51fa \\\/ \u30b8\u30e3\u30d1\u30f3\u30c7\u30b9\u30af\"}]},{\"@type\":\"WebSite\",\"@id\":\"https:\\\/\\\/www.gamapa.de\\\/ja\\\/#website\",\"url\":\"https:\\\/\\\/www.gamapa.de\\\/ja\\\/\",\"name\":\"GANTEF\u00dcHRER\",\"description\":\"Wirtschaftspr\u00fcfer, Steuerberater, Rechtsanw\u00e4lte\",\"publisher\":{\"@id\":\"https:\\\/\\\/www.gamapa.de\\\/ja\\\/#organization\"},\"potentialAction\":[{\"@type\":\"SearchAction\",\"target\":{\"@type\":\"EntryPoint\",\"urlTemplate\":\"https:\\\/\\\/www.gamapa.de\\\/ja\\\/?s={search_term_string}\"},\"query-input\":{\"@type\":\"PropertyValueSpecification\",\"valueRequired\":true,\"valueName\":\"search_term_string\"}}],\"inLanguage\":\"ja\"},{\"@type\":\"Organization\",\"@id\":\"https:\\\/\\\/www.gamapa.de\\\/ja\\\/#organization\",\"name\":\"Gantef\u00fchrer Wirtschaftspr\u00fcfer, Steuerberater, Rechtsanw\u00e4lte\",\"url\":\"https:\\\/\\\/www.gamapa.de\\\/ja\\\/\",\"logo\":{\"@type\":\"ImageObject\",\"inLanguage\":\"ja\",\"@id\":\"https:\\\/\\\/www.gamapa.de\\\/ja\\\/#\\\/schema\\\/logo\\\/image\\\/\",\"url\":\"https:\\\/\\\/www.gamapa.de\\\/wp-content\\\/uploads\\\/2026\\\/01\\\/Logo-Gantefuehrer.png\",\"contentUrl\":\"https:\\\/\\\/www.gamapa.de\\\/wp-content\\\/uploads\\\/2026\\\/01\\\/Logo-Gantefuehrer.png\",\"width\":767,\"height\":156,\"caption\":\"Gantef\u00fchrer Wirtschaftspr\u00fcfer, Steuerberater, Rechtsanw\u00e4lte\"},\"image\":{\"@id\":\"https:\\\/\\\/www.gamapa.de\\\/ja\\\/#\\\/schema\\\/logo\\\/image\\\/\"}}]}<\/script>\n<!-- \/ Yoast SEO plugin. -->","yoast_head_json":{"title":"\u6d77\u5916\u9032\u51fa \/ \u30b8\u30e3\u30d1\u30f3\u30c7\u30b9\u30af - GANTEF\u00dcHRER","robots":{"index":"index","follow":"follow","max-snippet":"max-snippet:-1","max-image-preview":"max-image-preview:large","max-video-preview":"max-video-preview:-1"},"canonical":"https:\/\/www.gamapa.de\/ja\/japanese-desk\/","og_locale":"ja_JP","og_type":"article","og_title":"\u6d77\u5916\u9032\u51fa \/ \u30b8\u30e3\u30d1\u30f3\u30c7\u30b9\u30af - GANTEF\u00dcHRER","og_description":"\u30cb\u30e5\u30fc\u30b9 400\u4ee5\u4e0a\u306e\u65e5\u7cfb\u4f01\u696d\u304c\u5e02\u5185\u306b\u7acb\u5730\u3057\u30018,400\u4eba\u4ee5\u4e0a\u306e\u65e5\u672c\u4eba\u304c\u5728\u4f4f\u3057\u3066\u3044\u308b\u30c7\u30e5\u30c3\u30bb\u30eb\u30c9\u30eb\u30d5\u306f\u3001\u30c9\u30a4\u30c4\u53ca\u3073\u30e8\u30fc\u30ed\u30c3\u30d1\u5927\u9678\u968f\u4e00\u306e\u65e5\u672c\u4f01\u696d\u7acb\u5730\u3092\u5f62\u6210\u3057\u3066\u3044\u307e\u3059\u3002\u305d\u306e\u512a\u308c\u305f\u30a4\u30f3\u30d5\u30e9\u30b9\u30c8\u30e9\u30af\u30c1\u30e3\u30fc\u306f\u3001\u591a\u304f\u306e\u548c\u98df\u30ec\u30b9\u30c8\u30e9\u30f3 [\u2026]","og_url":"https:\/\/www.gamapa.de\/ja\/japanese-desk\/","og_site_name":"GANTEF\u00dcHRER","article_modified_time":"2026-01-05T11:44:11+00:00","og_image":[{"width":2560,"height":764,"url":"https:\/\/www.gamapa.de\/wp-content\/uploads\/2022\/01\/Header-Japan-scaled.jpg","type":"image\/jpeg"}],"twitter_card":"summary_large_image","twitter_misc":{"\u63a8\u5b9a\u8aad\u307f\u53d6\u308a\u6642\u9593":"2\u5206"},"schema":{"@context":"https:\/\/schema.org","@graph":[{"@type":"WebPage","@id":"https:\/\/www.gamapa.de\/ja\/japanese-desk\/","url":"https:\/\/www.gamapa.de\/ja\/japanese-desk\/","name":"\u6d77\u5916\u9032\u51fa \/ \u30b8\u30e3\u30d1\u30f3\u30c7\u30b9\u30af - GANTEF\u00dcHRER","isPartOf":{"@id":"https:\/\/www.gamapa.de\/ja\/#website"},"primaryImageOfPage":{"@id":"https:\/\/www.gamapa.de\/ja\/japanese-desk\/#primaryimage"},"image":{"@id":"https:\/\/www.gamapa.de\/ja\/japanese-desk\/#primaryimage"},"thumbnailUrl":"https:\/\/www.gamapa.de\/wp-content\/uploads\/2022\/01\/Header-Japan-scaled.jpg","datePublished":"2021-01-07T19:26:27+00:00","dateModified":"2026-01-05T11:44:11+00:00","breadcrumb":{"@id":"https:\/\/www.gamapa.de\/ja\/japanese-desk\/#breadcrumb"},"inLanguage":"ja","potentialAction":[{"@type":"ReadAction","target":["https:\/\/www.gamapa.de\/ja\/japanese-desk\/"]}]},{"@type":"ImageObject","inLanguage":"ja","@id":"https:\/\/www.gamapa.de\/ja\/japanese-desk\/#primaryimage","url":"https:\/\/www.gamapa.de\/wp-content\/uploads\/2022\/01\/Header-Japan-scaled.jpg","contentUrl":"https:\/\/www.gamapa.de\/wp-content\/uploads\/2022\/01\/Header-Japan-scaled.jpg","width":2560,"height":764,"caption":"Japanese Desk"},{"@type":"BreadcrumbList","@id":"https:\/\/www.gamapa.de\/ja\/japanese-desk\/#breadcrumb","itemListElement":[{"@type":"ListItem","position":1,"name":"Startseite","item":"https:\/\/www.gamapa.de\/ja\/"},{"@type":"ListItem","position":2,"name":"\u6d77\u5916\u9032\u51fa \/ \u30b8\u30e3\u30d1\u30f3\u30c7\u30b9\u30af"}]},{"@type":"WebSite","@id":"https:\/\/www.gamapa.de\/ja\/#website","url":"https:\/\/www.gamapa.de\/ja\/","name":"GANTEF\u00dcHRER","description":"Wirtschaftspr\u00fcfer, Steuerberater, Rechtsanw\u00e4lte","publisher":{"@id":"https:\/\/www.gamapa.de\/ja\/#organization"},"potentialAction":[{"@type":"SearchAction","target":{"@type":"EntryPoint","urlTemplate":"https:\/\/www.gamapa.de\/ja\/?s={search_term_string}"},"query-input":{"@type":"PropertyValueSpecification","valueRequired":true,"valueName":"search_term_string"}}],"inLanguage":"ja"},{"@type":"Organization","@id":"https:\/\/www.gamapa.de\/ja\/#organization","name":"Gantef\u00fchrer Wirtschaftspr\u00fcfer, Steuerberater, Rechtsanw\u00e4lte","url":"https:\/\/www.gamapa.de\/ja\/","logo":{"@type":"ImageObject","inLanguage":"ja","@id":"https:\/\/www.gamapa.de\/ja\/#\/schema\/logo\/image\/","url":"https:\/\/www.gamapa.de\/wp-content\/uploads\/2026\/01\/Logo-Gantefuehrer.png","contentUrl":"https:\/\/www.gamapa.de\/wp-content\/uploads\/2026\/01\/Logo-Gantefuehrer.png","width":767,"height":156,"caption":"Gantef\u00fchrer Wirtschaftspr\u00fcfer, Steuerberater, Rechtsanw\u00e4lte"},"image":{"@id":"https:\/\/www.gamapa.de\/ja\/#\/schema\/logo\/image\/"}}]}},"uagb_featured_image_src":{"full":["https:\/\/www.gamapa.de\/wp-content\/uploads\/2022\/01\/Header-Japan-scaled.jpg",2560,764,false],"thumbnail":["https:\/\/www.gamapa.de\/wp-content\/uploads\/2022\/01\/Header-Japan-150x150.jpg",150,150,true],"medium":["https:\/\/www.gamapa.de\/wp-content\/uploads\/2022\/01\/Header-Japan-600x179.jpg",600,179,true],"medium_large":["https:\/\/www.gamapa.de\/wp-content\/uploads\/2022\/01\/Header-Japan-768x229.jpg",580,173,true],"large":["https:\/\/www.gamapa.de\/wp-content\/uploads\/2022\/01\/Header-Japan-scaled.jpg",580,173,false],"gs-tiny":["https:\/\/www.gamapa.de\/wp-content\/uploads\/2022\/01\/Header-Japan-scaled.jpg",50,15,false],"xl":["https:\/\/www.gamapa.de\/wp-content\/uploads\/2022\/01\/Header-Japan-1600x477.jpg",1600,477,true],"xxl":["https:\/\/www.gamapa.de\/wp-content\/uploads\/2022\/01\/Header-Japan-2200x656.jpg",2200,656,true],"xxxl":["https:\/\/www.gamapa.de\/wp-content\/uploads\/2022\/01\/Header-Japan-2800x835.jpg",2800,835,true],"xxxxl":["https:\/\/www.gamapa.de\/wp-content\/uploads\/2022\/01\/Header-Japan-scaled.jpg",2560,764,false],"xxxxxl":["https:\/\/www.gamapa.de\/wp-content\/uploads\/2022\/01\/Header-Japan-scaled.jpg",2560,764,false],"1536x1536":["https:\/\/www.gamapa.de\/wp-content\/uploads\/2022\/01\/Header-Japan-1536x458.jpg",1536,458,true],"2048x2048":["https:\/\/www.gamapa.de\/wp-content\/uploads\/2022\/01\/Header-Japan-2048x611.jpg",2048,611,true],"post-thumbnail":["https:\/\/www.gamapa.de\/wp-content\/uploads\/2022\/01\/Header-Japan-scaled.jpg",2560,764,false],"twentytwenty-fullscreen":["https:\/\/www.gamapa.de\/wp-content\/uploads\/2022\/01\/Header-Japan-scaled.jpg",2560,764,false],"theme-slug-single-post":["https:\/\/www.gamapa.de\/wp-content\/uploads\/2022\/01\/Header-Japan-1600x400.jpg",1600,400,true]},"uagb_author_info":{"display_name":"linda","author_link":"https:\/\/www.gamapa.de\/ja\/author\/linda\/"},"uagb_comment_info":0,"uagb_excerpt":"\u30cb\u30e5\u30fc\u30b9 400\u4ee5\u4e0a\u306e\u65e5\u7cfb\u4f01\u696d\u304c\u5e02\u5185\u306b\u7acb\u5730\u3057\u30018,400\u4eba\u4ee5\u4e0a\u306e\u65e5\u672c\u4eba\u304c\u5728\u4f4f\u3057\u3066\u3044\u308b\u30c7\u30e5\u30c3\u30bb\u30eb\u30c9\u30eb\u30d5\u306f\u3001\u30c9\u30a4\u30c4&hellip;","_links":{"self":[{"href":"https:\/\/www.gamapa.de\/ja\/wp-json\/wp\/v2\/pages\/7661","targetHints":{"allow":["GET"]}}],"collection":[{"href":"https:\/\/www.gamapa.de\/ja\/wp-json\/wp\/v2\/pages"}],"about":[{"href":"https:\/\/www.gamapa.de\/ja\/wp-json\/wp\/v2\/types\/page"}],"author":[{"embeddable":true,"href":"https:\/\/www.gamapa.de\/ja\/wp-json\/wp\/v2\/users\/1"}],"replies":[{"embeddable":true,"href":"https:\/\/www.gamapa.de\/ja\/wp-json\/wp\/v2\/comments?post=7661"}],"version-history":[{"count":29,"href":"https:\/\/www.gamapa.de\/ja\/wp-json\/wp\/v2\/pages\/7661\/revisions"}],"predecessor-version":[{"id":23158,"href":"https:\/\/www.gamapa.de\/ja\/wp-json\/wp\/v2\/pages\/7661\/revisions\/23158"}],"wp:featuredmedia":[{"embeddable":true,"href":"https:\/\/www.gamapa.de\/ja\/wp-json\/wp\/v2\/media\/11278"}],"wp:attachment":[{"href":"https:\/\/www.gamapa.de\/ja\/wp-json\/wp\/v2\/media?parent=7661"}],"curies":[{"name":"wp","href":"https:\/\/api.w.org\/{rel}","templated":true}]}}