

{"id":8173,"date":"2021-04-01T12:54:32","date_gmt":"2021-04-01T10:54:32","guid":{"rendered":"https:\/\/www.gamapa.de\/saeko-kawazoe-rechtsanwaeltin-steuerberaterin\/"},"modified":"2025-07-10T17:01:27","modified_gmt":"2025-07-10T15:01:27","slug":"saeko-kawazoe-rechtsanwaeltin-steuerberaterin","status":"publish","type":"page","link":"https:\/\/www.gamapa.de\/ja\/saeko-kawazoe-rechtsanwaeltin-steuerberaterin\/","title":{"rendered":"Saeko Kawazoe"},"content":{"rendered":"\n<div class=\"wp-block-group is-layout-constrained wp-block-group-is-layout-constrained\">\n<h3 class=\"wp-block-heading\">T\u00e4tigkeitsschwerpunkte<\/h3>\n\n\n\n<ul class=\"wp-block-list\">\n<li>Tax Compliance-Beratung von japanischen Unternehmen<\/li>\n\n\n\n<li>Interdisziplin\u00e4re Beratung mittelst\u00e4ndischer Unternehmen<\/li>\n\n\n\n<li>Steuerliche Gestaltungsberatung &nbsp;<\/li>\n\n\n\n<li>Steuerliche Beratung ausl\u00e4ndischer Immobiliengesellschaften<\/li>\n\n\n\n<li>Steuerstrafrecht<\/li>\n<\/ul>\n\n\n\n<h3 class=\"wp-block-heading\">Werdegang<\/h3>\n\n\n\n<figure class=\"wp-block-table tablist\"><table><tbody><tr><td>2003-2009<\/td><td>Universit\u00e4t D\u00fcsseldorf<\/td><\/tr><tr><td>2009-2011<\/td><td>Referendariat in D\u00fcsseldorf<\/td><\/tr><tr><td>2011<\/td><td>Zulassung als Rechtsanw\u00e4ltin<\/td><\/tr><tr><td>2012-2021<\/td><td>Steuerassistentin und Steuerberaterin bei einer mittelst\u00e4ndischen Steuerberatungsgesellschaft, Leitung Japan Desk<\/td><\/tr><tr><td>2016<\/td><td>Bestellung zur Steuerberaterin<\/td><\/tr><tr><td>2020<\/td><td>Zertifizierte Beraterin f\u00fcr Steuerstrafrecht (FernUniversit\u00e4t Hagen)<\/td><\/tr><tr><td>seit 2021<\/td><td>Rechtsanw\u00e4ltin und Steuerberaterin bei Dr. Gantef\u00fchrer, Marquardt &amp; Partner<\/td><\/tr><\/tbody><\/table><\/figure>\n\n\n\n<h3 class=\"wp-block-heading\">Branchen<\/h3>\n\n\n\n<ul class=\"wp-block-list\">\n<li>Japanische Unternehmen diverser Branchen<\/li>\n\n\n\n<li>Mittelst\u00e4ndische Unternehmen diverser Branchen<\/li>\n\n\n\n<li>Ausl\u00e4ndische Immobilienunternehmen&nbsp;<\/li>\n\n\n\n<li>Verm\u00f6gende Privatpersonen<\/li>\n<\/ul>\n\n\n\n<h3 class=\"wp-block-heading\">Ver\u00f6ffentlichungen<\/h3>\n\n\n\n<ul class=\"wp-block-list\">\n<li>Gemeinsame Ver\u00f6ffentlichung mit Nikolaus Th\u00f6ns im IStR-LB 2010: \u201eJapan: Die Steuerreform 2010\u201c (Teil I und Teil II)<\/li>\n\n\n\n<li>Ver\u00f6ffentlichung im IStR-LB Heft 19\/2021: &#8220;Japan: Digitale Transformation der Finanzverwaltung &#8211; Zukunftsvision der Finanzverwaltung 2.0&#8221;<\/li>\n\n\n\n<li>Ver\u00f6ffentlichung im IStR-LB Heft 1\/2022: &#8220;Japan: Neue Gesetzesreform zur Digitalisierung des Buchhaltungsprozesses ab 2022 &#8211; Teil 1&#8221;<\/li>\n\n\n\n<li>Ver\u00f6ffentlichung im IStR-LB Heft 3\/2022: &#8220;Japan: Neue Gesetzesreform zur Digitalisierung des Buchhaltungsprozesses ab 2022 &#8211; Teil 2&#8221;<\/li>\n<\/ul>\n\n\n\n<div class=\"wp-block-button zurueck\"><a class=\"wp-block-button__link wp-element-button\" href=\"https:\/\/www.gamapa.de\/berater\/\">zur\u00fcck<\/a><\/div>\n\n\n\n<p>&nbsp;&nbsp;&nbsp;&nbsp;<\/p>\n<\/div>\n","protected":false},"excerpt":{"rendered":"<p>T\u00e4tigkeitsschwerpunkte Werdegang 2003-2009 Universit\u00e4t D\u00fcsseldorf 2009-2011 Referendariat in D\u00fcsseldorf 2011 Z <a href=\"https:\/\/www.gamapa.de\/ja\/saeko-kawazoe-rechtsanwaeltin-steuerberaterin\/\">[\u2026]<\/a><\/p>\n","protected":false},"author":1,"featured_media":8118,"parent":0,"menu_order":38,"comment_status":"closed","ping_status":"closed","template":"templates\/template-Profil.php","meta":{"_acf_changed":false,"_uag_custom_page_level_css":"","footnotes":""},"class_list":["post-8173","page","type-page","status-publish","has-post-thumbnail","hentry"],"acf":[],"yoast_head":"<!-- This site is optimized with the Yoast SEO plugin v27.3 - https:\/\/yoast.com\/product\/yoast-seo-wordpress\/ -->\n<title>Saeko Kawazoe - GANTEF\u00dcHRER<\/title>\n<meta name=\"robots\" content=\"index, follow, max-snippet:-1, max-image-preview:large, max-video-preview:-1\" \/>\n<link rel=\"canonical\" href=\"https:\/\/www.gamapa.de\/ja\/saeko-kawazoe-rechtsanwaeltin-steuerberaterin\/\" \/>\n<meta property=\"og:locale\" content=\"ja_JP\" \/>\n<meta property=\"og:type\" content=\"article\" \/>\n<meta property=\"og:title\" content=\"Saeko Kawazoe - GANTEF\u00dcHRER\" \/>\n<meta property=\"og:description\" content=\"T\u00e4tigkeitsschwerpunkte Werdegang 2003-2009 Universit\u00e4t D\u00fcsseldorf 2009-2011 Referendariat in D\u00fcsseldorf 2011 Z [\u2026]\" \/>\n<meta property=\"og:url\" content=\"https:\/\/www.gamapa.de\/ja\/saeko-kawazoe-rechtsanwaeltin-steuerberaterin\/\" \/>\n<meta property=\"og:site_name\" content=\"GANTEF\u00dcHRER\" \/>\n<meta property=\"article:modified_time\" content=\"2025-07-10T15:01:27+00:00\" \/>\n<meta property=\"og:image\" content=\"https:\/\/www.gamapa.de\/wp-content\/uploads\/2020\/08\/Kawazoe-big.jpg\" \/>\n\t<meta property=\"og:image:width\" content=\"1440\" \/>\n\t<meta property=\"og:image:height\" content=\"859\" \/>\n\t<meta property=\"og:image:type\" content=\"image\/jpeg\" \/>\n<meta name=\"twitter:card\" content=\"summary_large_image\" \/>\n<meta name=\"twitter:label1\" content=\"\u63a8\u5b9a\u8aad\u307f\u53d6\u308a\u6642\u9593\" \/>\n\t<meta name=\"twitter:data1\" content=\"1\u5206\" \/>\n<script type=\"application\/ld+json\" class=\"yoast-schema-graph\">{\"@context\":\"https:\\\/\\\/schema.org\",\"@graph\":[{\"@type\":\"WebPage\",\"@id\":\"https:\\\/\\\/www.gamapa.de\\\/ja\\\/saeko-kawazoe-rechtsanwaeltin-steuerberaterin\\\/\",\"url\":\"https:\\\/\\\/www.gamapa.de\\\/ja\\\/saeko-kawazoe-rechtsanwaeltin-steuerberaterin\\\/\",\"name\":\"Saeko Kawazoe - GANTEF\u00dcHRER\",\"isPartOf\":{\"@id\":\"https:\\\/\\\/www.gamapa.de\\\/ja\\\/#website\"},\"primaryImageOfPage\":{\"@id\":\"https:\\\/\\\/www.gamapa.de\\\/ja\\\/saeko-kawazoe-rechtsanwaeltin-steuerberaterin\\\/#primaryimage\"},\"image\":{\"@id\":\"https:\\\/\\\/www.gamapa.de\\\/ja\\\/saeko-kawazoe-rechtsanwaeltin-steuerberaterin\\\/#primaryimage\"},\"thumbnailUrl\":\"https:\\\/\\\/www.gamapa.de\\\/wp-content\\\/uploads\\\/2020\\\/08\\\/Kawazoe-big.jpg\",\"datePublished\":\"2021-04-01T10:54:32+00:00\",\"dateModified\":\"2025-07-10T15:01:27+00:00\",\"breadcrumb\":{\"@id\":\"https:\\\/\\\/www.gamapa.de\\\/ja\\\/saeko-kawazoe-rechtsanwaeltin-steuerberaterin\\\/#breadcrumb\"},\"inLanguage\":\"ja\",\"potentialAction\":[{\"@type\":\"ReadAction\",\"target\":[\"https:\\\/\\\/www.gamapa.de\\\/ja\\\/saeko-kawazoe-rechtsanwaeltin-steuerberaterin\\\/\"]}]},{\"@type\":\"ImageObject\",\"inLanguage\":\"ja\",\"@id\":\"https:\\\/\\\/www.gamapa.de\\\/ja\\\/saeko-kawazoe-rechtsanwaeltin-steuerberaterin\\\/#primaryimage\",\"url\":\"https:\\\/\\\/www.gamapa.de\\\/wp-content\\\/uploads\\\/2020\\\/08\\\/Kawazoe-big.jpg\",\"contentUrl\":\"https:\\\/\\\/www.gamapa.de\\\/wp-content\\\/uploads\\\/2020\\\/08\\\/Kawazoe-big.jpg\",\"width\":1440,\"height\":859,\"caption\":\"Saeko Kawazoe, Rechtsanw\u00e4ltin, Steuerberaterin\"},{\"@type\":\"BreadcrumbList\",\"@id\":\"https:\\\/\\\/www.gamapa.de\\\/ja\\\/saeko-kawazoe-rechtsanwaeltin-steuerberaterin\\\/#breadcrumb\",\"itemListElement\":[{\"@type\":\"ListItem\",\"position\":1,\"name\":\"Startseite\",\"item\":\"https:\\\/\\\/www.gamapa.de\\\/ja\\\/\"},{\"@type\":\"ListItem\",\"position\":2,\"name\":\"Saeko Kawazoe\"}]},{\"@type\":\"WebSite\",\"@id\":\"https:\\\/\\\/www.gamapa.de\\\/ja\\\/#website\",\"url\":\"https:\\\/\\\/www.gamapa.de\\\/ja\\\/\",\"name\":\"GANTEF\u00dcHRER\",\"description\":\"Wirtschaftspr\u00fcfer, Steuerberater, Rechtsanw\u00e4lte\",\"publisher\":{\"@id\":\"https:\\\/\\\/www.gamapa.de\\\/ja\\\/#organization\"},\"potentialAction\":[{\"@type\":\"SearchAction\",\"target\":{\"@type\":\"EntryPoint\",\"urlTemplate\":\"https:\\\/\\\/www.gamapa.de\\\/ja\\\/?s={search_term_string}\"},\"query-input\":{\"@type\":\"PropertyValueSpecification\",\"valueRequired\":true,\"valueName\":\"search_term_string\"}}],\"inLanguage\":\"ja\"},{\"@type\":\"Organization\",\"@id\":\"https:\\\/\\\/www.gamapa.de\\\/ja\\\/#organization\",\"name\":\"Gantef\u00fchrer Wirtschaftspr\u00fcfer, Steuerberater, Rechtsanw\u00e4lte\",\"url\":\"https:\\\/\\\/www.gamapa.de\\\/ja\\\/\",\"logo\":{\"@type\":\"ImageObject\",\"inLanguage\":\"ja\",\"@id\":\"https:\\\/\\\/www.gamapa.de\\\/ja\\\/#\\\/schema\\\/logo\\\/image\\\/\",\"url\":\"https:\\\/\\\/www.gamapa.de\\\/wp-content\\\/uploads\\\/2026\\\/01\\\/Logo-Gantefuehrer.png\",\"contentUrl\":\"https:\\\/\\\/www.gamapa.de\\\/wp-content\\\/uploads\\\/2026\\\/01\\\/Logo-Gantefuehrer.png\",\"width\":767,\"height\":156,\"caption\":\"Gantef\u00fchrer Wirtschaftspr\u00fcfer, Steuerberater, Rechtsanw\u00e4lte\"},\"image\":{\"@id\":\"https:\\\/\\\/www.gamapa.de\\\/ja\\\/#\\\/schema\\\/logo\\\/image\\\/\"}}]}<\/script>\n<!-- \/ Yoast SEO plugin. -->","yoast_head_json":{"title":"Saeko Kawazoe - GANTEF\u00dcHRER","robots":{"index":"index","follow":"follow","max-snippet":"max-snippet:-1","max-image-preview":"max-image-preview:large","max-video-preview":"max-video-preview:-1"},"canonical":"https:\/\/www.gamapa.de\/ja\/saeko-kawazoe-rechtsanwaeltin-steuerberaterin\/","og_locale":"ja_JP","og_type":"article","og_title":"Saeko Kawazoe - GANTEF\u00dcHRER","og_description":"T\u00e4tigkeitsschwerpunkte Werdegang 2003-2009 Universit\u00e4t D\u00fcsseldorf 2009-2011 Referendariat in D\u00fcsseldorf 2011 Z [\u2026]","og_url":"https:\/\/www.gamapa.de\/ja\/saeko-kawazoe-rechtsanwaeltin-steuerberaterin\/","og_site_name":"GANTEF\u00dcHRER","article_modified_time":"2025-07-10T15:01:27+00:00","og_image":[{"width":1440,"height":859,"url":"https:\/\/www.gamapa.de\/wp-content\/uploads\/2020\/08\/Kawazoe-big.jpg","type":"image\/jpeg"}],"twitter_card":"summary_large_image","twitter_misc":{"\u63a8\u5b9a\u8aad\u307f\u53d6\u308a\u6642\u9593":"1\u5206"},"schema":{"@context":"https:\/\/schema.org","@graph":[{"@type":"WebPage","@id":"https:\/\/www.gamapa.de\/ja\/saeko-kawazoe-rechtsanwaeltin-steuerberaterin\/","url":"https:\/\/www.gamapa.de\/ja\/saeko-kawazoe-rechtsanwaeltin-steuerberaterin\/","name":"Saeko Kawazoe - GANTEF\u00dcHRER","isPartOf":{"@id":"https:\/\/www.gamapa.de\/ja\/#website"},"primaryImageOfPage":{"@id":"https:\/\/www.gamapa.de\/ja\/saeko-kawazoe-rechtsanwaeltin-steuerberaterin\/#primaryimage"},"image":{"@id":"https:\/\/www.gamapa.de\/ja\/saeko-kawazoe-rechtsanwaeltin-steuerberaterin\/#primaryimage"},"thumbnailUrl":"https:\/\/www.gamapa.de\/wp-content\/uploads\/2020\/08\/Kawazoe-big.jpg","datePublished":"2021-04-01T10:54:32+00:00","dateModified":"2025-07-10T15:01:27+00:00","breadcrumb":{"@id":"https:\/\/www.gamapa.de\/ja\/saeko-kawazoe-rechtsanwaeltin-steuerberaterin\/#breadcrumb"},"inLanguage":"ja","potentialAction":[{"@type":"ReadAction","target":["https:\/\/www.gamapa.de\/ja\/saeko-kawazoe-rechtsanwaeltin-steuerberaterin\/"]}]},{"@type":"ImageObject","inLanguage":"ja","@id":"https:\/\/www.gamapa.de\/ja\/saeko-kawazoe-rechtsanwaeltin-steuerberaterin\/#primaryimage","url":"https:\/\/www.gamapa.de\/wp-content\/uploads\/2020\/08\/Kawazoe-big.jpg","contentUrl":"https:\/\/www.gamapa.de\/wp-content\/uploads\/2020\/08\/Kawazoe-big.jpg","width":1440,"height":859,"caption":"Saeko Kawazoe, Rechtsanw\u00e4ltin, Steuerberaterin"},{"@type":"BreadcrumbList","@id":"https:\/\/www.gamapa.de\/ja\/saeko-kawazoe-rechtsanwaeltin-steuerberaterin\/#breadcrumb","itemListElement":[{"@type":"ListItem","position":1,"name":"Startseite","item":"https:\/\/www.gamapa.de\/ja\/"},{"@type":"ListItem","position":2,"name":"Saeko Kawazoe"}]},{"@type":"WebSite","@id":"https:\/\/www.gamapa.de\/ja\/#website","url":"https:\/\/www.gamapa.de\/ja\/","name":"GANTEF\u00dcHRER","description":"Wirtschaftspr\u00fcfer, Steuerberater, Rechtsanw\u00e4lte","publisher":{"@id":"https:\/\/www.gamapa.de\/ja\/#organization"},"potentialAction":[{"@type":"SearchAction","target":{"@type":"EntryPoint","urlTemplate":"https:\/\/www.gamapa.de\/ja\/?s={search_term_string}"},"query-input":{"@type":"PropertyValueSpecification","valueRequired":true,"valueName":"search_term_string"}}],"inLanguage":"ja"},{"@type":"Organization","@id":"https:\/\/www.gamapa.de\/ja\/#organization","name":"Gantef\u00fchrer Wirtschaftspr\u00fcfer, Steuerberater, Rechtsanw\u00e4lte","url":"https:\/\/www.gamapa.de\/ja\/","logo":{"@type":"ImageObject","inLanguage":"ja","@id":"https:\/\/www.gamapa.de\/ja\/#\/schema\/logo\/image\/","url":"https:\/\/www.gamapa.de\/wp-content\/uploads\/2026\/01\/Logo-Gantefuehrer.png","contentUrl":"https:\/\/www.gamapa.de\/wp-content\/uploads\/2026\/01\/Logo-Gantefuehrer.png","width":767,"height":156,"caption":"Gantef\u00fchrer Wirtschaftspr\u00fcfer, Steuerberater, Rechtsanw\u00e4lte"},"image":{"@id":"https:\/\/www.gamapa.de\/ja\/#\/schema\/logo\/image\/"}}]}},"uagb_featured_image_src":{"full":["https:\/\/www.gamapa.de\/wp-content\/uploads\/2020\/08\/Kawazoe-big.jpg",1440,859,false],"thumbnail":["https:\/\/www.gamapa.de\/wp-content\/uploads\/2020\/08\/Kawazoe-big-150x150.jpg",150,150,true],"medium":["https:\/\/www.gamapa.de\/wp-content\/uploads\/2020\/08\/Kawazoe-big-600x358.jpg",600,358,true],"medium_large":["https:\/\/www.gamapa.de\/wp-content\/uploads\/2020\/08\/Kawazoe-big-768x458.jpg",580,346,true],"large":["https:\/\/www.gamapa.de\/wp-content\/uploads\/2020\/08\/Kawazoe-big.jpg",580,346,false],"gs-tiny":["https:\/\/www.gamapa.de\/wp-content\/uploads\/2020\/08\/Kawazoe-big.jpg",50,30,false],"xl":["https:\/\/www.gamapa.de\/wp-content\/uploads\/2020\/08\/Kawazoe-big.jpg",1440,859,false],"xxl":["https:\/\/www.gamapa.de\/wp-content\/uploads\/2020\/08\/Kawazoe-big.jpg",1440,859,false],"xxxl":["https:\/\/www.gamapa.de\/wp-content\/uploads\/2020\/08\/Kawazoe-big.jpg",1440,859,false],"xxxxl":["https:\/\/www.gamapa.de\/wp-content\/uploads\/2020\/08\/Kawazoe-big.jpg",1440,859,false],"xxxxxl":["https:\/\/www.gamapa.de\/wp-content\/uploads\/2020\/08\/Kawazoe-big.jpg",1440,859,false],"1536x1536":["https:\/\/www.gamapa.de\/wp-content\/uploads\/2020\/08\/Kawazoe-big.jpg",1440,859,false],"2048x2048":["https:\/\/www.gamapa.de\/wp-content\/uploads\/2020\/08\/Kawazoe-big.jpg",1440,859,false],"post-thumbnail":["https:\/\/www.gamapa.de\/wp-content\/uploads\/2020\/08\/Kawazoe-big.jpg",1440,859,false],"twentytwenty-fullscreen":["https:\/\/www.gamapa.de\/wp-content\/uploads\/2020\/08\/Kawazoe-big.jpg",1440,859,false],"theme-slug-single-post":["https:\/\/www.gamapa.de\/wp-content\/uploads\/2020\/08\/Kawazoe-big-1440x400.jpg",1440,400,true]},"uagb_author_info":{"display_name":"linda","author_link":"https:\/\/www.gamapa.de\/ja\/author\/linda\/"},"uagb_comment_info":0,"uagb_excerpt":"T\u00e4tigkeitsschwerpunkte Werdegang 2003-2009 Universit\u00e4t &hellip;","_links":{"self":[{"href":"https:\/\/www.gamapa.de\/ja\/wp-json\/wp\/v2\/pages\/8173","targetHints":{"allow":["GET"]}}],"collection":[{"href":"https:\/\/www.gamapa.de\/ja\/wp-json\/wp\/v2\/pages"}],"about":[{"href":"https:\/\/www.gamapa.de\/ja\/wp-json\/wp\/v2\/types\/page"}],"author":[{"embeddable":true,"href":"https:\/\/www.gamapa.de\/ja\/wp-json\/wp\/v2\/users\/1"}],"replies":[{"embeddable":true,"href":"https:\/\/www.gamapa.de\/ja\/wp-json\/wp\/v2\/comments?post=8173"}],"version-history":[{"count":8,"href":"https:\/\/www.gamapa.de\/ja\/wp-json\/wp\/v2\/pages\/8173\/revisions"}],"predecessor-version":[{"id":20709,"href":"https:\/\/www.gamapa.de\/ja\/wp-json\/wp\/v2\/pages\/8173\/revisions\/20709"}],"wp:featuredmedia":[{"embeddable":true,"href":"https:\/\/www.gamapa.de\/ja\/wp-json\/wp\/v2\/media\/8118"}],"wp:attachment":[{"href":"https:\/\/www.gamapa.de\/ja\/wp-json\/wp\/v2\/media?parent=8173"}],"curies":[{"name":"wp","href":"https:\/\/api.w.org\/{rel}","templated":true}]}}