

{"id":12338,"date":"2022-03-01T17:26:18","date_gmt":"2022-03-01T16:26:18","guid":{"rendered":"https:\/\/www.gamapa.de\/?page_id=12338"},"modified":"2025-07-10T15:47:55","modified_gmt":"2025-07-10T13:47:55","slug":"donata-di-mauro","status":"publish","type":"page","link":"https:\/\/www.gamapa.de\/pl\/doradcy\/donata-di-mauro\/","title":{"rendered":"Donata di Mauro"},"content":{"rendered":"\n<h3 class=\"wp-block-heading\">Specjalizacje<\/h3>\n\n\n\n<ul class=\"wp-block-list\">\n<li>Zgodno\u015b\u0107 z przepisami podatkowymi<\/li>\n\n\n\n<li>Wsparcie podczas audyt\u00f3w podatkowych<\/li>\n\n\n\n<li>Doradztwo w zakresie strukturyzacji podatkowej<\/li>\n<\/ul>\n\n\n\n<h3 class=\"wp-block-heading\">Przebieg kariery zawodowej<\/h3>\n\n\n\n<figure class=\"wp-block-table tablist\"><table><tbody><tr><td>2008-2011<\/td><td>Szkolenie na urz\u0119dnika podatkowego<\/td><\/tr><tr><td>2009-2019<\/td><td>Studia Bachelor of Arts (prawo podatkowe)<\/td><\/tr><tr><td>2017<\/td><td>Powo\u0142anie na doradc\u0119 podatkowego<\/td><\/tr><tr><td>2008-2015<\/td><td>Deloitte &amp; Touche GmbH, D\u00fcsseldorf w dziale podatku od nieruchomo\u015bci<\/td><\/tr><tr><td>2015-2019<\/td><td>PricewaterhouseCoopers GmbH, D\u00fcsseldorf w dziale mi\u0119dzynarodowych us\u0142ug podatkowych<\/td><\/tr><tr><td>2019-2021<\/td><td>Doradca podatkowy w ma\u0142ej firmie doradztwa podatkowego w D\u00fcsseldorfie<\/td><\/tr><tr><td>seit 2021<\/td><td>Doradca podatkowy w Dr Gantef\u00fchrer, Marquardt and Partner<\/td><\/tr><\/tbody><\/table><\/figure>\n\n\n\n<h3 class=\"wp-block-heading\">Obs\u0142ugiwane bran\u017ce<\/h3>\n\n\n\n<ul class=\"wp-block-list\">\n<li>\u015arednie firmy z r\u00f3\u017cnych sektor\u00f3w<\/li>\n\n\n\n<li>Nieruchomo\u015bci<\/li>\n<\/ul>\n\n\n\n\n\n<div class=\"wp-block-button zurueck\"><a class=\"wp-block-button__link wp-element-button\" href=\"https:\/\/www.gamapa.de\/pl\/doradcy\/\">zur\u00fcck<\/a><\/div>\n\n\n\n<p><\/p>\n","protected":false},"excerpt":{"rendered":"<p>Specjalizacje Przebieg kariery zawodowej 2008-2011 Szkolenie na urz\u0119dnika podatkowego 2009-2019 Studia Bachelor of Arts (prawo podatkowe) 2017 Powo\u0142anie na doradc\u0119 podatkowego 2008-2015 Deloitte &amp; Touche GmbH, D\u00fcsseldorf w dziale podatku od nieruchomo\u015bci 2015-2019 PricewaterhouseCoopers GmbH, D\u00fcsseldorf w dziale mi\u0119dzynarodowych us\u0142ug podatkowych 2019-2021 Doradca podatkowy w ma\u0142ej firmie doradztwa podatkowego w D\u00fcsseldorfie seit 2021 Doradca podatkowy <a href=\"https:\/\/www.gamapa.de\/pl\/doradcy\/donata-di-mauro\/\">[\u2026]<\/a><\/p>\n","protected":false},"author":1,"featured_media":12233,"parent":5643,"menu_order":8,"comment_status":"closed","ping_status":"closed","template":"templates\/template-Profil.php","meta":{"_acf_changed":false,"_uag_custom_page_level_css":"","footnotes":""},"class_list":["post-12338","page","type-page","status-publish","has-post-thumbnail","hentry"],"acf":[],"yoast_head":"<!-- This site is optimized with the Yoast SEO plugin v27.5 - https:\/\/yoast.com\/product\/yoast-seo-wordpress\/ -->\n<title>Donata di Mauro - GANTEF\u00dcHRER<\/title>\n<meta name=\"robots\" content=\"index, follow, max-snippet:-1, max-image-preview:large, max-video-preview:-1\" \/>\n<link rel=\"canonical\" href=\"https:\/\/www.gamapa.de\/pl\/doradcy\/donata-di-mauro\/\" \/>\n<meta property=\"og:locale\" content=\"pl_PL\" \/>\n<meta property=\"og:type\" content=\"article\" \/>\n<meta property=\"og:title\" content=\"Donata di Mauro - GANTEF\u00dcHRER\" \/>\n<meta property=\"og:description\" content=\"Specjalizacje Przebieg kariery zawodowej 2008-2011 Szkolenie na urz\u0119dnika podatkowego 2009-2019 Studia Bachelor of Arts (prawo podatkowe) 2017 Powo\u0142anie na doradc\u0119 podatkowego 2008-2015 Deloitte &amp; Touche GmbH, D\u00fcsseldorf w dziale podatku od nieruchomo\u015bci 2015-2019 PricewaterhouseCoopers GmbH, D\u00fcsseldorf w dziale mi\u0119dzynarodowych us\u0142ug podatkowych 2019-2021 Doradca podatkowy w ma\u0142ej firmie doradztwa podatkowego w D\u00fcsseldorfie seit 2021 Doradca podatkowy [\u2026]\" \/>\n<meta property=\"og:url\" content=\"https:\/\/www.gamapa.de\/pl\/doradcy\/donata-di-mauro\/\" \/>\n<meta property=\"og:site_name\" content=\"GANTEF\u00dcHRER\" \/>\n<meta property=\"article:modified_time\" content=\"2025-07-10T13:47:55+00:00\" \/>\n<meta property=\"og:image\" content=\"https:\/\/www.gamapa.de\/wp-content\/uploads\/2022\/02\/di-mauro_2.jpg\" \/>\n\t<meta property=\"og:image:width\" content=\"1440\" \/>\n\t<meta property=\"og:image:height\" content=\"859\" \/>\n\t<meta property=\"og:image:type\" content=\"image\/jpeg\" \/>\n<meta name=\"twitter:card\" content=\"summary_large_image\" \/>\n<meta name=\"twitter:label1\" content=\"Szacowany czas czytania\" \/>\n\t<meta name=\"twitter:data1\" content=\"1 minuta\" \/>\n<script type=\"application\/ld+json\" class=\"yoast-schema-graph\">{\"@context\":\"https:\\\/\\\/schema.org\",\"@graph\":[{\"@type\":\"WebPage\",\"@id\":\"https:\\\/\\\/www.gamapa.de\\\/pl\\\/doradcy\\\/donata-di-mauro\\\/\",\"url\":\"https:\\\/\\\/www.gamapa.de\\\/pl\\\/doradcy\\\/donata-di-mauro\\\/\",\"name\":\"Donata di Mauro - GANTEF\u00dcHRER\",\"isPartOf\":{\"@id\":\"https:\\\/\\\/www.gamapa.de\\\/pl\\\/#website\"},\"primaryImageOfPage\":{\"@id\":\"https:\\\/\\\/www.gamapa.de\\\/pl\\\/doradcy\\\/donata-di-mauro\\\/#primaryimage\"},\"image\":{\"@id\":\"https:\\\/\\\/www.gamapa.de\\\/pl\\\/doradcy\\\/donata-di-mauro\\\/#primaryimage\"},\"thumbnailUrl\":\"https:\\\/\\\/www.gamapa.de\\\/wp-content\\\/uploads\\\/2022\\\/02\\\/di-mauro_2.jpg\",\"datePublished\":\"2022-03-01T16:26:18+00:00\",\"dateModified\":\"2025-07-10T13:47:55+00:00\",\"breadcrumb\":{\"@id\":\"https:\\\/\\\/www.gamapa.de\\\/pl\\\/doradcy\\\/donata-di-mauro\\\/#breadcrumb\"},\"inLanguage\":\"pl-PL\",\"potentialAction\":[{\"@type\":\"ReadAction\",\"target\":[\"https:\\\/\\\/www.gamapa.de\\\/pl\\\/doradcy\\\/donata-di-mauro\\\/\"]}]},{\"@type\":\"ImageObject\",\"inLanguage\":\"pl-PL\",\"@id\":\"https:\\\/\\\/www.gamapa.de\\\/pl\\\/doradcy\\\/donata-di-mauro\\\/#primaryimage\",\"url\":\"https:\\\/\\\/www.gamapa.de\\\/wp-content\\\/uploads\\\/2022\\\/02\\\/di-mauro_2.jpg\",\"contentUrl\":\"https:\\\/\\\/www.gamapa.de\\\/wp-content\\\/uploads\\\/2022\\\/02\\\/di-mauro_2.jpg\",\"width\":1440,\"height\":859,\"caption\":\"Donata di Mauro Steuerberaterin Fachberaterin f\u00fcr Internationales Steuerrecht\"},{\"@type\":\"BreadcrumbList\",\"@id\":\"https:\\\/\\\/www.gamapa.de\\\/pl\\\/doradcy\\\/donata-di-mauro\\\/#breadcrumb\",\"itemListElement\":[{\"@type\":\"ListItem\",\"position\":1,\"name\":\"Startseite\",\"item\":\"https:\\\/\\\/www.gamapa.de\\\/pl\\\/\"},{\"@type\":\"ListItem\",\"position\":2,\"name\":\"Nasi specjali\u015bci\",\"item\":\"https:\\\/\\\/www.gamapa.de\\\/pl\\\/doradcy\\\/\"},{\"@type\":\"ListItem\",\"position\":3,\"name\":\"Donata di Mauro\"}]},{\"@type\":\"WebSite\",\"@id\":\"https:\\\/\\\/www.gamapa.de\\\/pl\\\/#website\",\"url\":\"https:\\\/\\\/www.gamapa.de\\\/pl\\\/\",\"name\":\"GANTEF\u00dcHRER\",\"description\":\"Wirtschaftspr\u00fcfer, Steuerberater, Rechtsanw\u00e4lte\",\"publisher\":{\"@id\":\"https:\\\/\\\/www.gamapa.de\\\/pl\\\/#organization\"},\"potentialAction\":[{\"@type\":\"SearchAction\",\"target\":{\"@type\":\"EntryPoint\",\"urlTemplate\":\"https:\\\/\\\/www.gamapa.de\\\/pl\\\/?s={search_term_string}\"},\"query-input\":{\"@type\":\"PropertyValueSpecification\",\"valueRequired\":true,\"valueName\":\"search_term_string\"}}],\"inLanguage\":\"pl-PL\"},{\"@type\":\"Organization\",\"@id\":\"https:\\\/\\\/www.gamapa.de\\\/pl\\\/#organization\",\"name\":\"Gantef\u00fchrer Wirtschaftspr\u00fcfer, Steuerberater, Rechtsanw\u00e4lte\",\"url\":\"https:\\\/\\\/www.gamapa.de\\\/pl\\\/\",\"logo\":{\"@type\":\"ImageObject\",\"inLanguage\":\"pl-PL\",\"@id\":\"https:\\\/\\\/www.gamapa.de\\\/pl\\\/#\\\/schema\\\/logo\\\/image\\\/\",\"url\":\"https:\\\/\\\/www.gamapa.de\\\/wp-content\\\/uploads\\\/2026\\\/01\\\/Logo-Gantefuehrer.png\",\"contentUrl\":\"https:\\\/\\\/www.gamapa.de\\\/wp-content\\\/uploads\\\/2026\\\/01\\\/Logo-Gantefuehrer.png\",\"width\":767,\"height\":156,\"caption\":\"Gantef\u00fchrer Wirtschaftspr\u00fcfer, Steuerberater, Rechtsanw\u00e4lte\"},\"image\":{\"@id\":\"https:\\\/\\\/www.gamapa.de\\\/pl\\\/#\\\/schema\\\/logo\\\/image\\\/\"}}]}<\/script>\n<!-- \/ Yoast SEO plugin. -->","yoast_head_json":{"title":"Donata di Mauro - GANTEF\u00dcHRER","robots":{"index":"index","follow":"follow","max-snippet":"max-snippet:-1","max-image-preview":"max-image-preview:large","max-video-preview":"max-video-preview:-1"},"canonical":"https:\/\/www.gamapa.de\/pl\/doradcy\/donata-di-mauro\/","og_locale":"pl_PL","og_type":"article","og_title":"Donata di Mauro - GANTEF\u00dcHRER","og_description":"Specjalizacje Przebieg kariery zawodowej 2008-2011 Szkolenie na urz\u0119dnika podatkowego 2009-2019 Studia Bachelor of Arts (prawo podatkowe) 2017 Powo\u0142anie na doradc\u0119 podatkowego 2008-2015 Deloitte &amp; Touche GmbH, D\u00fcsseldorf w dziale podatku od nieruchomo\u015bci 2015-2019 PricewaterhouseCoopers GmbH, D\u00fcsseldorf w dziale mi\u0119dzynarodowych us\u0142ug podatkowych 2019-2021 Doradca podatkowy w ma\u0142ej firmie doradztwa podatkowego w D\u00fcsseldorfie seit 2021 Doradca podatkowy [\u2026]","og_url":"https:\/\/www.gamapa.de\/pl\/doradcy\/donata-di-mauro\/","og_site_name":"GANTEF\u00dcHRER","article_modified_time":"2025-07-10T13:47:55+00:00","og_image":[{"width":1440,"height":859,"url":"https:\/\/www.gamapa.de\/wp-content\/uploads\/2022\/02\/di-mauro_2.jpg","type":"image\/jpeg"}],"twitter_card":"summary_large_image","twitter_misc":{"Szacowany czas czytania":"1 minuta"},"schema":{"@context":"https:\/\/schema.org","@graph":[{"@type":"WebPage","@id":"https:\/\/www.gamapa.de\/pl\/doradcy\/donata-di-mauro\/","url":"https:\/\/www.gamapa.de\/pl\/doradcy\/donata-di-mauro\/","name":"Donata di Mauro - GANTEF\u00dcHRER","isPartOf":{"@id":"https:\/\/www.gamapa.de\/pl\/#website"},"primaryImageOfPage":{"@id":"https:\/\/www.gamapa.de\/pl\/doradcy\/donata-di-mauro\/#primaryimage"},"image":{"@id":"https:\/\/www.gamapa.de\/pl\/doradcy\/donata-di-mauro\/#primaryimage"},"thumbnailUrl":"https:\/\/www.gamapa.de\/wp-content\/uploads\/2022\/02\/di-mauro_2.jpg","datePublished":"2022-03-01T16:26:18+00:00","dateModified":"2025-07-10T13:47:55+00:00","breadcrumb":{"@id":"https:\/\/www.gamapa.de\/pl\/doradcy\/donata-di-mauro\/#breadcrumb"},"inLanguage":"pl-PL","potentialAction":[{"@type":"ReadAction","target":["https:\/\/www.gamapa.de\/pl\/doradcy\/donata-di-mauro\/"]}]},{"@type":"ImageObject","inLanguage":"pl-PL","@id":"https:\/\/www.gamapa.de\/pl\/doradcy\/donata-di-mauro\/#primaryimage","url":"https:\/\/www.gamapa.de\/wp-content\/uploads\/2022\/02\/di-mauro_2.jpg","contentUrl":"https:\/\/www.gamapa.de\/wp-content\/uploads\/2022\/02\/di-mauro_2.jpg","width":1440,"height":859,"caption":"Donata di Mauro Steuerberaterin Fachberaterin f\u00fcr Internationales Steuerrecht"},{"@type":"BreadcrumbList","@id":"https:\/\/www.gamapa.de\/pl\/doradcy\/donata-di-mauro\/#breadcrumb","itemListElement":[{"@type":"ListItem","position":1,"name":"Startseite","item":"https:\/\/www.gamapa.de\/pl\/"},{"@type":"ListItem","position":2,"name":"Nasi specjali\u015bci","item":"https:\/\/www.gamapa.de\/pl\/doradcy\/"},{"@type":"ListItem","position":3,"name":"Donata di Mauro"}]},{"@type":"WebSite","@id":"https:\/\/www.gamapa.de\/pl\/#website","url":"https:\/\/www.gamapa.de\/pl\/","name":"GANTEF\u00dcHRER","description":"Wirtschaftspr\u00fcfer, Steuerberater, Rechtsanw\u00e4lte","publisher":{"@id":"https:\/\/www.gamapa.de\/pl\/#organization"},"potentialAction":[{"@type":"SearchAction","target":{"@type":"EntryPoint","urlTemplate":"https:\/\/www.gamapa.de\/pl\/?s={search_term_string}"},"query-input":{"@type":"PropertyValueSpecification","valueRequired":true,"valueName":"search_term_string"}}],"inLanguage":"pl-PL"},{"@type":"Organization","@id":"https:\/\/www.gamapa.de\/pl\/#organization","name":"Gantef\u00fchrer Wirtschaftspr\u00fcfer, Steuerberater, Rechtsanw\u00e4lte","url":"https:\/\/www.gamapa.de\/pl\/","logo":{"@type":"ImageObject","inLanguage":"pl-PL","@id":"https:\/\/www.gamapa.de\/pl\/#\/schema\/logo\/image\/","url":"https:\/\/www.gamapa.de\/wp-content\/uploads\/2026\/01\/Logo-Gantefuehrer.png","contentUrl":"https:\/\/www.gamapa.de\/wp-content\/uploads\/2026\/01\/Logo-Gantefuehrer.png","width":767,"height":156,"caption":"Gantef\u00fchrer Wirtschaftspr\u00fcfer, Steuerberater, Rechtsanw\u00e4lte"},"image":{"@id":"https:\/\/www.gamapa.de\/pl\/#\/schema\/logo\/image\/"}}]}},"uagb_featured_image_src":{"full":["https:\/\/www.gamapa.de\/wp-content\/uploads\/2022\/02\/di-mauro_2.jpg",1440,859,false],"thumbnail":["https:\/\/www.gamapa.de\/wp-content\/uploads\/2022\/02\/di-mauro_2-150x150.jpg",150,150,true],"medium":["https:\/\/www.gamapa.de\/wp-content\/uploads\/2022\/02\/di-mauro_2-600x358.jpg",600,358,true],"medium_large":["https:\/\/www.gamapa.de\/wp-content\/uploads\/2022\/02\/di-mauro_2-768x458.jpg",580,346,true],"large":["https:\/\/www.gamapa.de\/wp-content\/uploads\/2022\/02\/di-mauro_2.jpg",580,346,false],"gs-tiny":["https:\/\/www.gamapa.de\/wp-content\/uploads\/2022\/02\/di-mauro_2.jpg",50,30,false],"xl":["https:\/\/www.gamapa.de\/wp-content\/uploads\/2022\/02\/di-mauro_2.jpg",1440,859,false],"xxl":["https:\/\/www.gamapa.de\/wp-content\/uploads\/2022\/02\/di-mauro_2.jpg",1440,859,false],"xxxl":["https:\/\/www.gamapa.de\/wp-content\/uploads\/2022\/02\/di-mauro_2.jpg",1440,859,false],"xxxxl":["https:\/\/www.gamapa.de\/wp-content\/uploads\/2022\/02\/di-mauro_2.jpg",1440,859,false],"xxxxxl":["https:\/\/www.gamapa.de\/wp-content\/uploads\/2022\/02\/di-mauro_2.jpg",1440,859,false],"1536x1536":["https:\/\/www.gamapa.de\/wp-content\/uploads\/2022\/02\/di-mauro_2.jpg",1440,859,false],"2048x2048":["https:\/\/www.gamapa.de\/wp-content\/uploads\/2022\/02\/di-mauro_2.jpg",1440,859,false],"post-thumbnail":["https:\/\/www.gamapa.de\/wp-content\/uploads\/2022\/02\/di-mauro_2.jpg",1440,859,false],"twentytwenty-fullscreen":["https:\/\/www.gamapa.de\/wp-content\/uploads\/2022\/02\/di-mauro_2.jpg",1440,859,false],"theme-slug-single-post":["https:\/\/www.gamapa.de\/wp-content\/uploads\/2022\/02\/di-mauro_2-1440x400.jpg",1440,400,true]},"uagb_author_info":{"display_name":"linda","author_link":"https:\/\/www.gamapa.de\/pl\/author\/linda\/"},"uagb_comment_info":0,"uagb_excerpt":"Specjalizacje Przebieg kariery zawodowej 2008-2011 Szkolenie na urz\u0119dnika podatkowego 2009-2019 Studia Bachelor of Arts (prawo podatkowe) 2017 Powo\u0142anie na doradc\u0119 podatkowego 2008-2015 Deloitte &amp; Touche GmbH, D\u00fcsseldorf w dziale podatku od nieruchomo\u015bci 2015-2019 PricewaterhouseCoopers GmbH, D\u00fcsseldorf w dziale mi\u0119dzynarodowych us\u0142ug podatkowych 2019-2021 Doradca podatkowy w ma\u0142ej firmie doradztwa podatkowego w D\u00fcsseldorfie seit 2021 Doradca podatkowy&hellip;","_links":{"self":[{"href":"https:\/\/www.gamapa.de\/pl\/wp-json\/wp\/v2\/pages\/12338","targetHints":{"allow":["GET"]}}],"collection":[{"href":"https:\/\/www.gamapa.de\/pl\/wp-json\/wp\/v2\/pages"}],"about":[{"href":"https:\/\/www.gamapa.de\/pl\/wp-json\/wp\/v2\/types\/page"}],"author":[{"embeddable":true,"href":"https:\/\/www.gamapa.de\/pl\/wp-json\/wp\/v2\/users\/1"}],"replies":[{"embeddable":true,"href":"https:\/\/www.gamapa.de\/pl\/wp-json\/wp\/v2\/comments?post=12338"}],"version-history":[{"count":11,"href":"https:\/\/www.gamapa.de\/pl\/wp-json\/wp\/v2\/pages\/12338\/revisions"}],"predecessor-version":[{"id":20684,"href":"https:\/\/www.gamapa.de\/pl\/wp-json\/wp\/v2\/pages\/12338\/revisions\/20684"}],"up":[{"embeddable":true,"href":"https:\/\/www.gamapa.de\/pl\/wp-json\/wp\/v2\/pages\/5643"}],"wp:featuredmedia":[{"embeddable":true,"href":"https:\/\/www.gamapa.de\/pl\/wp-json\/wp\/v2\/media\/12233"}],"wp:attachment":[{"href":"https:\/\/www.gamapa.de\/pl\/wp-json\/wp\/v2\/media?parent=12338"}],"curies":[{"name":"wp","href":"https:\/\/api.w.org\/{rel}","templated":true}]}}