

{"id":13563,"date":"2022-11-11T13:50:52","date_gmt":"2022-11-11T12:50:52","guid":{"rendered":"https:\/\/www.gamapa.de\/meike-hoeckmann-rechtsanwaeltin\/"},"modified":"2026-04-13T11:31:51","modified_gmt":"2026-04-13T09:31:51","slug":"meike-hoeckmann-adwokat","status":"publish","type":"page","link":"https:\/\/www.gamapa.de\/pl\/doradcy\/meike-hoeckmann-adwokat\/","title":{"rendered":"Meike H\u00f6ckmann, LL.M."},"content":{"rendered":"\n<h3 class=\"wp-block-heading\">Specjalizacje<\/h3>\n\n\n\n<ul class=\"wp-block-list\">\n<li>Prawo fundacji, prawo handlowe i prawo sp\u00f3\u0142ek<\/li>\n\n\n\n<li>Fuzje i przej\u0119cia<\/li>\n\n\n\n<li>Transakcje przedsi\u0119biorstw<\/li>\n\n\n\n<li>Sukcesja przedsi\u0119biorstwa i maj\u0105tku<\/li>\n\n\n\n<li>Prawo spadkowe<\/li>\n\n\n\n<li>ESG<\/li>\n<\/ul>\n\n\n\n<h3 class=\"wp-block-heading\">Przebieg kariery zawodowej<\/h3>\n\n\n\n<figure class=\"wp-block-table tablist\"><table><tbody><tr><td>2013-2018<\/td><td>Studiowa\u0142 prawo na Westf\u00e4lische Wilhelms-Universit\u00e4t w M\u00fcnster (WWU), specjalizuj\u0105c si\u0119 w \u201estrukturyzacji prawnej i rozwi\u0105zywaniu spor\u00f3w\u201d<\/td><\/tr><tr><td>2013-2015<\/td><td>Uko\u0144czenie specjalistycznego kursu j\u0119zyka obcego (FFA) w zakresie prawa angloameryka\u0144skiego<\/td><\/tr><tr><td>2018-2019<\/td><td>Asystent naukowy w Heuking K\u00fchn L\u00fcer Wojtek w dziale procesowym, D\u00fcsseldorf<\/td><\/tr><tr><td>2019-2021<\/td><td>Sta\u017c w S\u0105dzie Krajowym\/D\u00fcsseldorf<\/td><\/tr><tr><td>od 2022<\/td><td>Prawnik w Dr. Gantef\u00fchrer, Marquardt &amp; Partner<\/td><\/tr><tr><td>2024-2025<\/td><td>Doskonalenie zawodowe w jurgrad gGmbH, Westfalski Uniwersytet Wilhelma w M\u00fcnster (niem. Westf\u00e4lische Wilhelms-Universit\u00e4t M\u00fcnster, LL.M.)<\/td><\/tr><\/tbody><\/table><\/figure>\n\n\n\n<h3 class=\"wp-block-heading\">Obs\u0142ugiwane bran\u017ce<\/h3>\n\n\n\n<ul class=\"wp-block-list\">\n<li>\u015arednie przedsi\u0119biorstwa z r\u00f3\u017cnych sektor\u00f3w<\/li>\n\n\n\n<li>Osoby prywatne<\/li>\n\n\n\n<li>Fundacje<\/li>\n<\/ul>\n\n\n\n<h3 class=\"wp-block-heading\"><strong>Inne dzia\u0142ania<\/strong><\/h3>\n\n\n\n<ul class=\"wp-block-list\">\n<li>Wolontariat w <a href=\"https:\/\/clinic.jura.uni-bonn.de\/\">klinice prawa w D\u00fcsseldorfie\/Bonn<\/a><\/li>\n<\/ul>\n\n\n\n<div class=\"wp-block-buttons is-layout-flex wp-block-buttons-is-layout-flex\">\n<div class=\"wp-block-button zurueck\"><a class=\"wp-block-button__link wp-element-button\" href=\"https:\/\/www.gamapa.de\/pl\/doradcy\/\">wstecz<\/a><\/div>\n<\/div>\n","protected":false},"excerpt":{"rendered":"<p>Specjalizacje Przebieg kariery zawodowej 2013-2018 Studiowa\u0142 prawo na Westf\u00e4lische Wilhelms-Universit\u00e4t w M\u00fcnster (WWU), specjalizuj\u0105c si\u0119 w \u201estrukturyzacji prawnej i rozwi\u0105zywaniu spor\u00f3w\u201d 2013-2015 Uko\u0144czenie specjalistycznego kursu j\u0119zyka obcego (FFA) w zakresie prawa angloameryka\u0144skiego 2018-2019 Asystent naukowy w Heuking K\u00fchn L\u00fcer Wojtek w dziale procesowym, D\u00fcsseldorf 2019-2021 Sta\u017c w S\u0105dzie Krajowym\/D\u00fcsseldorf od 2022 Prawnik w Dr. Gantef\u00fchrer, <a href=\"https:\/\/www.gamapa.de\/pl\/doradcy\/meike-hoeckmann-adwokat\/\">[\u2026]<\/a><\/p>\n","protected":false},"author":1,"featured_media":13718,"parent":5643,"menu_order":33,"comment_status":"closed","ping_status":"closed","template":"templates\/template-Profil.php","meta":{"_acf_changed":false,"_uag_custom_page_level_css":"","footnotes":""},"class_list":["post-13563","page","type-page","status-publish","has-post-thumbnail","hentry"],"acf":[],"yoast_head":"<!-- This site is optimized with the Yoast SEO plugin v27.3 - https:\/\/yoast.com\/product\/yoast-seo-wordpress\/ -->\n<title>Meike H\u00f6ckmann, LL.M. - GANTEF\u00dcHRER<\/title>\n<meta name=\"robots\" content=\"index, follow, max-snippet:-1, max-image-preview:large, max-video-preview:-1\" \/>\n<link rel=\"canonical\" href=\"https:\/\/www.gamapa.de\/pl\/doradcy\/meike-hoeckmann-adwokat\/\" \/>\n<meta property=\"og:locale\" content=\"pl_PL\" \/>\n<meta property=\"og:type\" content=\"article\" \/>\n<meta property=\"og:title\" content=\"Meike H\u00f6ckmann, LL.M. - GANTEF\u00dcHRER\" \/>\n<meta property=\"og:description\" content=\"Specjalizacje Przebieg kariery zawodowej 2013-2018 Studiowa\u0142 prawo na Westf\u00e4lische Wilhelms-Universit\u00e4t w M\u00fcnster (WWU), specjalizuj\u0105c si\u0119 w \u201estrukturyzacji prawnej i rozwi\u0105zywaniu spor\u00f3w\u201d 2013-2015 Uko\u0144czenie specjalistycznego kursu j\u0119zyka obcego (FFA) w zakresie prawa angloameryka\u0144skiego 2018-2019 Asystent naukowy w Heuking K\u00fchn L\u00fcer Wojtek w dziale procesowym, D\u00fcsseldorf 2019-2021 Sta\u017c w S\u0105dzie Krajowym\/D\u00fcsseldorf od 2022 Prawnik w Dr. Gantef\u00fchrer, [\u2026]\" \/>\n<meta property=\"og:url\" content=\"https:\/\/www.gamapa.de\/pl\/doradcy\/meike-hoeckmann-adwokat\/\" \/>\n<meta property=\"og:site_name\" content=\"GANTEF\u00dcHRER\" \/>\n<meta property=\"article:modified_time\" content=\"2026-04-13T09:31:51+00:00\" \/>\n<meta property=\"og:image\" content=\"https:\/\/www.gamapa.de\/wp-content\/uploads\/2022\/11\/Hoeckmann_2.jpg\" \/>\n\t<meta property=\"og:image:width\" content=\"1440\" \/>\n\t<meta property=\"og:image:height\" content=\"859\" \/>\n\t<meta property=\"og:image:type\" content=\"image\/jpeg\" \/>\n<meta name=\"twitter:card\" content=\"summary_large_image\" \/>\n<meta name=\"twitter:label1\" content=\"Szacowany czas czytania\" \/>\n\t<meta name=\"twitter:data1\" content=\"1 minuta\" \/>\n<script type=\"application\/ld+json\" class=\"yoast-schema-graph\">{\"@context\":\"https:\\\/\\\/schema.org\",\"@graph\":[{\"@type\":\"WebPage\",\"@id\":\"https:\\\/\\\/www.gamapa.de\\\/pl\\\/doradcy\\\/meike-hoeckmann-adwokat\\\/\",\"url\":\"https:\\\/\\\/www.gamapa.de\\\/pl\\\/doradcy\\\/meike-hoeckmann-adwokat\\\/\",\"name\":\"Meike H\u00f6ckmann, LL.M. - GANTEF\u00dcHRER\",\"isPartOf\":{\"@id\":\"https:\\\/\\\/www.gamapa.de\\\/pl\\\/#website\"},\"primaryImageOfPage\":{\"@id\":\"https:\\\/\\\/www.gamapa.de\\\/pl\\\/doradcy\\\/meike-hoeckmann-adwokat\\\/#primaryimage\"},\"image\":{\"@id\":\"https:\\\/\\\/www.gamapa.de\\\/pl\\\/doradcy\\\/meike-hoeckmann-adwokat\\\/#primaryimage\"},\"thumbnailUrl\":\"https:\\\/\\\/www.gamapa.de\\\/wp-content\\\/uploads\\\/2022\\\/11\\\/Hoeckmann_2.jpg\",\"datePublished\":\"2022-11-11T12:50:52+00:00\",\"dateModified\":\"2026-04-13T09:31:51+00:00\",\"breadcrumb\":{\"@id\":\"https:\\\/\\\/www.gamapa.de\\\/pl\\\/doradcy\\\/meike-hoeckmann-adwokat\\\/#breadcrumb\"},\"inLanguage\":\"pl-PL\",\"potentialAction\":[{\"@type\":\"ReadAction\",\"target\":[\"https:\\\/\\\/www.gamapa.de\\\/pl\\\/doradcy\\\/meike-hoeckmann-adwokat\\\/\"]}]},{\"@type\":\"ImageObject\",\"inLanguage\":\"pl-PL\",\"@id\":\"https:\\\/\\\/www.gamapa.de\\\/pl\\\/doradcy\\\/meike-hoeckmann-adwokat\\\/#primaryimage\",\"url\":\"https:\\\/\\\/www.gamapa.de\\\/wp-content\\\/uploads\\\/2022\\\/11\\\/Hoeckmann_2.jpg\",\"contentUrl\":\"https:\\\/\\\/www.gamapa.de\\\/wp-content\\\/uploads\\\/2022\\\/11\\\/Hoeckmann_2.jpg\",\"width\":1440,\"height\":859,\"caption\":\"Meike H\u00f6ckmann, Rechtsanw\u00e4ltin\"},{\"@type\":\"BreadcrumbList\",\"@id\":\"https:\\\/\\\/www.gamapa.de\\\/pl\\\/doradcy\\\/meike-hoeckmann-adwokat\\\/#breadcrumb\",\"itemListElement\":[{\"@type\":\"ListItem\",\"position\":1,\"name\":\"Startseite\",\"item\":\"https:\\\/\\\/www.gamapa.de\\\/pl\\\/\"},{\"@type\":\"ListItem\",\"position\":2,\"name\":\"Nasi specjali\u015bci\",\"item\":\"https:\\\/\\\/www.gamapa.de\\\/pl\\\/doradcy\\\/\"},{\"@type\":\"ListItem\",\"position\":3,\"name\":\"Meike H\u00f6ckmann, LL.M.\"}]},{\"@type\":\"WebSite\",\"@id\":\"https:\\\/\\\/www.gamapa.de\\\/pl\\\/#website\",\"url\":\"https:\\\/\\\/www.gamapa.de\\\/pl\\\/\",\"name\":\"GANTEF\u00dcHRER\",\"description\":\"Wirtschaftspr\u00fcfer, Steuerberater, Rechtsanw\u00e4lte\",\"publisher\":{\"@id\":\"https:\\\/\\\/www.gamapa.de\\\/pl\\\/#organization\"},\"potentialAction\":[{\"@type\":\"SearchAction\",\"target\":{\"@type\":\"EntryPoint\",\"urlTemplate\":\"https:\\\/\\\/www.gamapa.de\\\/pl\\\/?s={search_term_string}\"},\"query-input\":{\"@type\":\"PropertyValueSpecification\",\"valueRequired\":true,\"valueName\":\"search_term_string\"}}],\"inLanguage\":\"pl-PL\"},{\"@type\":\"Organization\",\"@id\":\"https:\\\/\\\/www.gamapa.de\\\/pl\\\/#organization\",\"name\":\"Gantef\u00fchrer Wirtschaftspr\u00fcfer, Steuerberater, Rechtsanw\u00e4lte\",\"url\":\"https:\\\/\\\/www.gamapa.de\\\/pl\\\/\",\"logo\":{\"@type\":\"ImageObject\",\"inLanguage\":\"pl-PL\",\"@id\":\"https:\\\/\\\/www.gamapa.de\\\/pl\\\/#\\\/schema\\\/logo\\\/image\\\/\",\"url\":\"https:\\\/\\\/www.gamapa.de\\\/wp-content\\\/uploads\\\/2026\\\/01\\\/Logo-Gantefuehrer.png\",\"contentUrl\":\"https:\\\/\\\/www.gamapa.de\\\/wp-content\\\/uploads\\\/2026\\\/01\\\/Logo-Gantefuehrer.png\",\"width\":767,\"height\":156,\"caption\":\"Gantef\u00fchrer Wirtschaftspr\u00fcfer, Steuerberater, Rechtsanw\u00e4lte\"},\"image\":{\"@id\":\"https:\\\/\\\/www.gamapa.de\\\/pl\\\/#\\\/schema\\\/logo\\\/image\\\/\"}}]}<\/script>\n<!-- \/ Yoast SEO plugin. -->","yoast_head_json":{"title":"Meike H\u00f6ckmann, LL.M. - GANTEF\u00dcHRER","robots":{"index":"index","follow":"follow","max-snippet":"max-snippet:-1","max-image-preview":"max-image-preview:large","max-video-preview":"max-video-preview:-1"},"canonical":"https:\/\/www.gamapa.de\/pl\/doradcy\/meike-hoeckmann-adwokat\/","og_locale":"pl_PL","og_type":"article","og_title":"Meike H\u00f6ckmann, LL.M. - GANTEF\u00dcHRER","og_description":"Specjalizacje Przebieg kariery zawodowej 2013-2018 Studiowa\u0142 prawo na Westf\u00e4lische Wilhelms-Universit\u00e4t w M\u00fcnster (WWU), specjalizuj\u0105c si\u0119 w \u201estrukturyzacji prawnej i rozwi\u0105zywaniu spor\u00f3w\u201d 2013-2015 Uko\u0144czenie specjalistycznego kursu j\u0119zyka obcego (FFA) w zakresie prawa angloameryka\u0144skiego 2018-2019 Asystent naukowy w Heuking K\u00fchn L\u00fcer Wojtek w dziale procesowym, D\u00fcsseldorf 2019-2021 Sta\u017c w S\u0105dzie Krajowym\/D\u00fcsseldorf od 2022 Prawnik w Dr. Gantef\u00fchrer, [\u2026]","og_url":"https:\/\/www.gamapa.de\/pl\/doradcy\/meike-hoeckmann-adwokat\/","og_site_name":"GANTEF\u00dcHRER","article_modified_time":"2026-04-13T09:31:51+00:00","og_image":[{"width":1440,"height":859,"url":"https:\/\/www.gamapa.de\/wp-content\/uploads\/2022\/11\/Hoeckmann_2.jpg","type":"image\/jpeg"}],"twitter_card":"summary_large_image","twitter_misc":{"Szacowany czas czytania":"1 minuta"},"schema":{"@context":"https:\/\/schema.org","@graph":[{"@type":"WebPage","@id":"https:\/\/www.gamapa.de\/pl\/doradcy\/meike-hoeckmann-adwokat\/","url":"https:\/\/www.gamapa.de\/pl\/doradcy\/meike-hoeckmann-adwokat\/","name":"Meike H\u00f6ckmann, LL.M. - GANTEF\u00dcHRER","isPartOf":{"@id":"https:\/\/www.gamapa.de\/pl\/#website"},"primaryImageOfPage":{"@id":"https:\/\/www.gamapa.de\/pl\/doradcy\/meike-hoeckmann-adwokat\/#primaryimage"},"image":{"@id":"https:\/\/www.gamapa.de\/pl\/doradcy\/meike-hoeckmann-adwokat\/#primaryimage"},"thumbnailUrl":"https:\/\/www.gamapa.de\/wp-content\/uploads\/2022\/11\/Hoeckmann_2.jpg","datePublished":"2022-11-11T12:50:52+00:00","dateModified":"2026-04-13T09:31:51+00:00","breadcrumb":{"@id":"https:\/\/www.gamapa.de\/pl\/doradcy\/meike-hoeckmann-adwokat\/#breadcrumb"},"inLanguage":"pl-PL","potentialAction":[{"@type":"ReadAction","target":["https:\/\/www.gamapa.de\/pl\/doradcy\/meike-hoeckmann-adwokat\/"]}]},{"@type":"ImageObject","inLanguage":"pl-PL","@id":"https:\/\/www.gamapa.de\/pl\/doradcy\/meike-hoeckmann-adwokat\/#primaryimage","url":"https:\/\/www.gamapa.de\/wp-content\/uploads\/2022\/11\/Hoeckmann_2.jpg","contentUrl":"https:\/\/www.gamapa.de\/wp-content\/uploads\/2022\/11\/Hoeckmann_2.jpg","width":1440,"height":859,"caption":"Meike H\u00f6ckmann, Rechtsanw\u00e4ltin"},{"@type":"BreadcrumbList","@id":"https:\/\/www.gamapa.de\/pl\/doradcy\/meike-hoeckmann-adwokat\/#breadcrumb","itemListElement":[{"@type":"ListItem","position":1,"name":"Startseite","item":"https:\/\/www.gamapa.de\/pl\/"},{"@type":"ListItem","position":2,"name":"Nasi specjali\u015bci","item":"https:\/\/www.gamapa.de\/pl\/doradcy\/"},{"@type":"ListItem","position":3,"name":"Meike H\u00f6ckmann, LL.M."}]},{"@type":"WebSite","@id":"https:\/\/www.gamapa.de\/pl\/#website","url":"https:\/\/www.gamapa.de\/pl\/","name":"GANTEF\u00dcHRER","description":"Wirtschaftspr\u00fcfer, Steuerberater, Rechtsanw\u00e4lte","publisher":{"@id":"https:\/\/www.gamapa.de\/pl\/#organization"},"potentialAction":[{"@type":"SearchAction","target":{"@type":"EntryPoint","urlTemplate":"https:\/\/www.gamapa.de\/pl\/?s={search_term_string}"},"query-input":{"@type":"PropertyValueSpecification","valueRequired":true,"valueName":"search_term_string"}}],"inLanguage":"pl-PL"},{"@type":"Organization","@id":"https:\/\/www.gamapa.de\/pl\/#organization","name":"Gantef\u00fchrer Wirtschaftspr\u00fcfer, Steuerberater, Rechtsanw\u00e4lte","url":"https:\/\/www.gamapa.de\/pl\/","logo":{"@type":"ImageObject","inLanguage":"pl-PL","@id":"https:\/\/www.gamapa.de\/pl\/#\/schema\/logo\/image\/","url":"https:\/\/www.gamapa.de\/wp-content\/uploads\/2026\/01\/Logo-Gantefuehrer.png","contentUrl":"https:\/\/www.gamapa.de\/wp-content\/uploads\/2026\/01\/Logo-Gantefuehrer.png","width":767,"height":156,"caption":"Gantef\u00fchrer Wirtschaftspr\u00fcfer, Steuerberater, Rechtsanw\u00e4lte"},"image":{"@id":"https:\/\/www.gamapa.de\/pl\/#\/schema\/logo\/image\/"}}]}},"uagb_featured_image_src":{"full":["https:\/\/www.gamapa.de\/wp-content\/uploads\/2022\/11\/Hoeckmann_2.jpg",1440,859,false],"thumbnail":["https:\/\/www.gamapa.de\/wp-content\/uploads\/2022\/11\/Hoeckmann_2-150x150.jpg",150,150,true],"medium":["https:\/\/www.gamapa.de\/wp-content\/uploads\/2022\/11\/Hoeckmann_2-600x358.jpg",600,358,true],"medium_large":["https:\/\/www.gamapa.de\/wp-content\/uploads\/2022\/11\/Hoeckmann_2-768x458.jpg",580,346,true],"large":["https:\/\/www.gamapa.de\/wp-content\/uploads\/2022\/11\/Hoeckmann_2.jpg",580,346,false],"gs-tiny":["https:\/\/www.gamapa.de\/wp-content\/uploads\/2022\/11\/Hoeckmann_2.jpg",50,30,false],"xl":["https:\/\/www.gamapa.de\/wp-content\/uploads\/2022\/11\/Hoeckmann_2.jpg",1440,859,false],"xxl":["https:\/\/www.gamapa.de\/wp-content\/uploads\/2022\/11\/Hoeckmann_2.jpg",1440,859,false],"xxxl":["https:\/\/www.gamapa.de\/wp-content\/uploads\/2022\/11\/Hoeckmann_2.jpg",1440,859,false],"xxxxl":["https:\/\/www.gamapa.de\/wp-content\/uploads\/2022\/11\/Hoeckmann_2.jpg",1440,859,false],"xxxxxl":["https:\/\/www.gamapa.de\/wp-content\/uploads\/2022\/11\/Hoeckmann_2.jpg",1440,859,false],"1536x1536":["https:\/\/www.gamapa.de\/wp-content\/uploads\/2022\/11\/Hoeckmann_2.jpg",1440,859,false],"2048x2048":["https:\/\/www.gamapa.de\/wp-content\/uploads\/2022\/11\/Hoeckmann_2.jpg",1440,859,false],"post-thumbnail":["https:\/\/www.gamapa.de\/wp-content\/uploads\/2022\/11\/Hoeckmann_2.jpg",1440,859,false],"twentytwenty-fullscreen":["https:\/\/www.gamapa.de\/wp-content\/uploads\/2022\/11\/Hoeckmann_2.jpg",1440,859,false],"theme-slug-single-post":["https:\/\/www.gamapa.de\/wp-content\/uploads\/2022\/11\/Hoeckmann_2-1440x400.jpg",1440,400,true]},"uagb_author_info":{"display_name":"linda","author_link":"https:\/\/www.gamapa.de\/pl\/author\/linda\/"},"uagb_comment_info":0,"uagb_excerpt":"Specjalizacje Przebieg kariery zawodowej 2013-2018 Studiowa\u0142 prawo na Westf\u00e4lische Wilhelms-Universit\u00e4t w M\u00fcnster (WWU), specjalizuj\u0105c si\u0119 w \u201estrukturyzacji prawnej i rozwi\u0105zywaniu spor\u00f3w\u201d 2013-2015 Uko\u0144czenie specjalistycznego kursu j\u0119zyka obcego (FFA) w zakresie prawa angloameryka\u0144skiego 2018-2019 Asystent naukowy w Heuking K\u00fchn L\u00fcer Wojtek w dziale procesowym, D\u00fcsseldorf 2019-2021 Sta\u017c w S\u0105dzie Krajowym\/D\u00fcsseldorf od 2022 Prawnik w Dr. Gantef\u00fchrer,&hellip;","_links":{"self":[{"href":"https:\/\/www.gamapa.de\/pl\/wp-json\/wp\/v2\/pages\/13563","targetHints":{"allow":["GET"]}}],"collection":[{"href":"https:\/\/www.gamapa.de\/pl\/wp-json\/wp\/v2\/pages"}],"about":[{"href":"https:\/\/www.gamapa.de\/pl\/wp-json\/wp\/v2\/types\/page"}],"author":[{"embeddable":true,"href":"https:\/\/www.gamapa.de\/pl\/wp-json\/wp\/v2\/users\/1"}],"replies":[{"embeddable":true,"href":"https:\/\/www.gamapa.de\/pl\/wp-json\/wp\/v2\/comments?post=13563"}],"version-history":[{"count":18,"href":"https:\/\/www.gamapa.de\/pl\/wp-json\/wp\/v2\/pages\/13563\/revisions"}],"predecessor-version":[{"id":24811,"href":"https:\/\/www.gamapa.de\/pl\/wp-json\/wp\/v2\/pages\/13563\/revisions\/24811"}],"up":[{"embeddable":true,"href":"https:\/\/www.gamapa.de\/pl\/wp-json\/wp\/v2\/pages\/5643"}],"wp:featuredmedia":[{"embeddable":true,"href":"https:\/\/www.gamapa.de\/pl\/wp-json\/wp\/v2\/media\/13718"}],"wp:attachment":[{"href":"https:\/\/www.gamapa.de\/pl\/wp-json\/wp\/v2\/media?parent=13563"}],"curies":[{"name":"wp","href":"https:\/\/api.w.org\/{rel}","templated":true}]}}