

{"id":13578,"date":"2022-11-11T13:55:45","date_gmt":"2022-11-11T12:55:45","guid":{"rendered":"https:\/\/www.gamapa.de\/daniel-troost-steuerberater-partner\/"},"modified":"2025-11-06T15:18:26","modified_gmt":"2025-11-06T14:18:26","slug":"daniel-troost-doradca-podatkowy-partner","status":"publish","type":"page","link":"https:\/\/www.gamapa.de\/pl\/doradcy\/daniel-troost-doradca-podatkowy-partner\/","title":{"rendered":"Daniel Troost"},"content":{"rendered":"\n<h3 class=\"wp-block-heading\">Specjalizacje<\/h3>\n\n\n\n<ul class=\"wp-block-list\">\n<li>Doradztwo podatkowe dla firm z sektora ubezpiecze\u0144 i \u015brednich przedsi\u0119biorstw<\/li>\n\n\n\n<li>Doradztwo podatkowe w zakresie ubezpiecze\u0144<\/li>\n\n\n\n<li>Prawo podatkowe w zakresie inwestycji<\/li>\n\n\n\n<li>Doradztwo dla start-up\u00f3w i inwestor\u00f3w w kwestiach finansowania i transakcji (w tym kontrole gotowo\u015bci inwestycyjnej i due diligence)<\/li>\n\n\n\n<li>Coaching, mediacje biznesowe i zarz\u0105dzanie konfliktami dla start-up\u00f3w<\/li>\n<\/ul>\n\n\n\n<h3 class=\"wp-block-heading\">Przebieg kariery zawodowej<\/h3>\n\n\n\n<figure class=\"wp-block-table tablist\"><table><tbody><tr><td>1997-2000<\/td><td>Wy\u017csza szko\u0142a Nauk Stosowanych\/Finanse Kraju Zwi\u0105zkowego w Nadrenii P\u00f3\u0142nocnej-Westfalii (NRW), Nordkirchen<\/td><\/tr><tr><td>2000-2011<\/td><td>Starszy Mened\u017cer w dziale us\u0142ug finansowych w sp\u00f3\u0142ce bieg\u0142ych rewident\u00f3w \u201epwc Wirtschaftspr\u00fcfungsgesellschaft GmbH, D\u00fcsseldorf\/K\u00f6ln<\/td><\/tr><tr><td>2004<\/td><td>Uzyskanie uprawnie\u0144 doradcy podatkowego<\/td><\/tr><tr><td>2012-2015<\/td><td>Partner w dziale us\u0142ug finansowych w sp\u00f3\u0142ce bieg\u0142ych rewident\u00f3w KPMG Wirtschaftspr\u00fcfungsgesellschaft AG, K\u00f6ln<\/td><\/tr><tr><td>od 2015<\/td><td>Mediator gospodarczy<\/td><\/tr><tr><td>2015-2019<\/td><td>Dyrektor zarz\u0105dzaj\u0105cy w kancelarii prawno- podatkowej TRENZ Steuerberatung GmbH<\/td><\/tr><tr><td>2019-2022<\/td><td>Partner w dziale us\u0142ug finansowych w sp\u00f3\u0142ce bieg\u0142ych rewident\u00f3w BDO AG Wirtschaftspr\u00fcfungsgesellschaft AG<\/td><\/tr><tr><td>od 2023<\/td><td>Partner w kancelarii Dr. Gantef\u00fchrer, Marquardt &amp; Partner<\/td><\/tr><tr><td>od 2024<\/td><td>Dyrektor zarz\u0105dzaj\u0105cy <a href=\"https:\/\/schumacher-gantefuehrer.de\/\">HLB S&amp;G Consulting GmbH<\/a><\/td><\/tr><\/tbody><\/table><\/figure>\n\n\n\n<h3 class=\"wp-block-heading\">Obs\u0142ugiwane bran\u017ce<\/h3>\n\n\n\n<ul class=\"wp-block-list\">\n<li>Bran\u017ca ubezpieczeniowa (ubezpieczenia od szk\u00f3d i ubezpieczenia wypadkowe, ubezpieczenia na \u017cycie, fundusze emerytalne, \u015brodki zabezpieczaj\u0105ce zwi\u0105zane z wydatkami na ubezpieczenie, po\u015brednicy ubezpieczeniowi)<\/li>\n\n\n\n<li>Start-upy (np. MedTech, LegalTech, InsurTech, EdTech, AI)<\/li>\n\n\n\n<li>Venture capital<\/li>\n\n\n\n<li>\u015aredniej wielko\u015bci firmy z r\u00f3\u017cnych sektor\u00f3w<\/li>\n<\/ul>\n\n\n\n<h3 class=\"wp-block-heading\">Publikacje<\/h3>\n\n\n\n<ul class=\"wp-block-list\">\n<li>&#8222;VAT i podatek ubezpieczeniowy od um\u00f3w ubezpieczenia grupowego z mar\u017c\u0105 &#8211; skutki podatkowe wyroku ETS w sprawie statusu po\u015brednika ubezpieczaj\u0105cego&#8221;, Troost\/Vo\u00df, Der Steuerberater, 221 ff., 2023<\/li>\n\n\n\n<li>Fehrenbacher\/Schnitger, Komentarz do Ustawy o podatku od os\u00f3b prawnych, SpringerGabler, 2-gie wydanie dotycz\u0105ce \u00a7 21a, s.2008-2017<\/li>\n\n\n\n<li>Jan\u00dfen (Hrsg): Podr\u0119cznik praktyk\u00f3w MaGo, FCH Systemy Tax CMS w zakresie zak\u0142ad\u00f3w ubezpieczeniowych, s. 204-220 &#8211; Freiberger\/Bruckner, Corporate Sustainability Kompas dla raportowania zr\u00f3wnowa\u017conego rozwoju, Sch\u00e4fferPoeschel, Rozporz\u0105dzenie w sprawie ujawniania, s. 247-261<\/li>\n<\/ul>\n\n\n\n<div class=\"wp-block-buttons is-layout-flex wp-block-buttons-is-layout-flex\">\n<div class=\"wp-block-button zurueck\"><a class=\"wp-block-button__link wp-element-button\" href=\"https:\/\/www.gamapa.de\/pl\/doradcy\/\">wstecz<\/a><\/div>\n<\/div>\n","protected":false},"excerpt":{"rendered":"<p>Specjalizacje Przebieg kariery zawodowej 1997-2000 Wy\u017csza szko\u0142a Nauk Stosowanych\/Finanse Kraju Zwi\u0105zkowego w Nadrenii P\u00f3\u0142nocnej-Westfalii (NRW), Nordkirchen 2000-2011 Starszy Mened\u017cer w dziale us\u0142ug finansowych w sp\u00f3\u0142ce bieg\u0142ych rewident\u00f3w \u201epwc Wirtschaftspr\u00fcfungsgesellschaft GmbH, D\u00fcsseldorf\/K\u00f6ln 2004 Uzyskanie uprawnie\u0144 doradcy podatkowego 2012-2015 Partner w dziale us\u0142ug finansowych w sp\u00f3\u0142ce bieg\u0142ych rewident\u00f3w KPMG Wirtschaftspr\u00fcfungsgesellschaft AG, K\u00f6ln od 2015 Mediator gospodarczy 2015-2019 <a href=\"https:\/\/www.gamapa.de\/pl\/doradcy\/daniel-troost-doradca-podatkowy-partner\/\">[\u2026]<\/a><\/p>\n","protected":false},"author":1,"featured_media":13732,"parent":5643,"menu_order":5,"comment_status":"closed","ping_status":"closed","template":"templates\/template-Profil.php","meta":{"_acf_changed":false,"_uag_custom_page_level_css":"","footnotes":""},"class_list":["post-13578","page","type-page","status-publish","has-post-thumbnail","hentry"],"acf":[],"yoast_head":"<!-- This site is optimized with the Yoast SEO plugin v27.3 - https:\/\/yoast.com\/product\/yoast-seo-wordpress\/ -->\n<title>Daniel Troost - GANTEF\u00dcHRER<\/title>\n<meta name=\"robots\" content=\"index, follow, max-snippet:-1, max-image-preview:large, max-video-preview:-1\" \/>\n<link rel=\"canonical\" href=\"https:\/\/www.gamapa.de\/pl\/doradcy\/daniel-troost-doradca-podatkowy-partner\/\" \/>\n<meta property=\"og:locale\" content=\"pl_PL\" \/>\n<meta property=\"og:type\" content=\"article\" \/>\n<meta property=\"og:title\" content=\"Daniel Troost - GANTEF\u00dcHRER\" \/>\n<meta property=\"og:description\" content=\"Specjalizacje Przebieg kariery zawodowej 1997-2000 Wy\u017csza szko\u0142a Nauk Stosowanych\/Finanse Kraju Zwi\u0105zkowego w Nadrenii P\u00f3\u0142nocnej-Westfalii (NRW), Nordkirchen 2000-2011 Starszy Mened\u017cer w dziale us\u0142ug finansowych w sp\u00f3\u0142ce bieg\u0142ych rewident\u00f3w \u201epwc Wirtschaftspr\u00fcfungsgesellschaft GmbH, D\u00fcsseldorf\/K\u00f6ln 2004 Uzyskanie uprawnie\u0144 doradcy podatkowego 2012-2015 Partner w dziale us\u0142ug finansowych w sp\u00f3\u0142ce bieg\u0142ych rewident\u00f3w KPMG Wirtschaftspr\u00fcfungsgesellschaft AG, K\u00f6ln od 2015 Mediator gospodarczy 2015-2019 [\u2026]\" \/>\n<meta property=\"og:url\" content=\"https:\/\/www.gamapa.de\/pl\/doradcy\/daniel-troost-doradca-podatkowy-partner\/\" \/>\n<meta property=\"og:site_name\" content=\"GANTEF\u00dcHRER\" \/>\n<meta property=\"article:modified_time\" content=\"2025-11-06T14:18:26+00:00\" \/>\n<meta property=\"og:image\" content=\"https:\/\/www.gamapa.de\/wp-content\/uploads\/2022\/11\/Troost_2.jpg\" \/>\n\t<meta property=\"og:image:width\" content=\"1440\" \/>\n\t<meta property=\"og:image:height\" content=\"859\" \/>\n\t<meta property=\"og:image:type\" content=\"image\/jpeg\" \/>\n<meta name=\"twitter:card\" content=\"summary_large_image\" \/>\n<meta name=\"twitter:label1\" content=\"Szacowany czas czytania\" \/>\n\t<meta name=\"twitter:data1\" content=\"2 minuty\" \/>\n<script type=\"application\/ld+json\" class=\"yoast-schema-graph\">{\"@context\":\"https:\\\/\\\/schema.org\",\"@graph\":[{\"@type\":\"WebPage\",\"@id\":\"https:\\\/\\\/www.gamapa.de\\\/pl\\\/doradcy\\\/daniel-troost-doradca-podatkowy-partner\\\/\",\"url\":\"https:\\\/\\\/www.gamapa.de\\\/pl\\\/doradcy\\\/daniel-troost-doradca-podatkowy-partner\\\/\",\"name\":\"Daniel Troost - GANTEF\u00dcHRER\",\"isPartOf\":{\"@id\":\"https:\\\/\\\/www.gamapa.de\\\/pl\\\/#website\"},\"primaryImageOfPage\":{\"@id\":\"https:\\\/\\\/www.gamapa.de\\\/pl\\\/doradcy\\\/daniel-troost-doradca-podatkowy-partner\\\/#primaryimage\"},\"image\":{\"@id\":\"https:\\\/\\\/www.gamapa.de\\\/pl\\\/doradcy\\\/daniel-troost-doradca-podatkowy-partner\\\/#primaryimage\"},\"thumbnailUrl\":\"https:\\\/\\\/www.gamapa.de\\\/wp-content\\\/uploads\\\/2022\\\/11\\\/Troost_2.jpg\",\"datePublished\":\"2022-11-11T12:55:45+00:00\",\"dateModified\":\"2025-11-06T14:18:26+00:00\",\"breadcrumb\":{\"@id\":\"https:\\\/\\\/www.gamapa.de\\\/pl\\\/doradcy\\\/daniel-troost-doradca-podatkowy-partner\\\/#breadcrumb\"},\"inLanguage\":\"pl-PL\",\"potentialAction\":[{\"@type\":\"ReadAction\",\"target\":[\"https:\\\/\\\/www.gamapa.de\\\/pl\\\/doradcy\\\/daniel-troost-doradca-podatkowy-partner\\\/\"]}]},{\"@type\":\"ImageObject\",\"inLanguage\":\"pl-PL\",\"@id\":\"https:\\\/\\\/www.gamapa.de\\\/pl\\\/doradcy\\\/daniel-troost-doradca-podatkowy-partner\\\/#primaryimage\",\"url\":\"https:\\\/\\\/www.gamapa.de\\\/wp-content\\\/uploads\\\/2022\\\/11\\\/Troost_2.jpg\",\"contentUrl\":\"https:\\\/\\\/www.gamapa.de\\\/wp-content\\\/uploads\\\/2022\\\/11\\\/Troost_2.jpg\",\"width\":1440,\"height\":859,\"caption\":\"Daniel Troost, Dipl.-Finw., Steuerberater, Partner Wirtschaftsmediator,\"},{\"@type\":\"BreadcrumbList\",\"@id\":\"https:\\\/\\\/www.gamapa.de\\\/pl\\\/doradcy\\\/daniel-troost-doradca-podatkowy-partner\\\/#breadcrumb\",\"itemListElement\":[{\"@type\":\"ListItem\",\"position\":1,\"name\":\"Startseite\",\"item\":\"https:\\\/\\\/www.gamapa.de\\\/pl\\\/\"},{\"@type\":\"ListItem\",\"position\":2,\"name\":\"Nasi specjali\u015bci\",\"item\":\"https:\\\/\\\/www.gamapa.de\\\/pl\\\/doradcy\\\/\"},{\"@type\":\"ListItem\",\"position\":3,\"name\":\"Daniel Troost\"}]},{\"@type\":\"WebSite\",\"@id\":\"https:\\\/\\\/www.gamapa.de\\\/pl\\\/#website\",\"url\":\"https:\\\/\\\/www.gamapa.de\\\/pl\\\/\",\"name\":\"GANTEF\u00dcHRER\",\"description\":\"Wirtschaftspr\u00fcfer, Steuerberater, Rechtsanw\u00e4lte\",\"publisher\":{\"@id\":\"https:\\\/\\\/www.gamapa.de\\\/pl\\\/#organization\"},\"potentialAction\":[{\"@type\":\"SearchAction\",\"target\":{\"@type\":\"EntryPoint\",\"urlTemplate\":\"https:\\\/\\\/www.gamapa.de\\\/pl\\\/?s={search_term_string}\"},\"query-input\":{\"@type\":\"PropertyValueSpecification\",\"valueRequired\":true,\"valueName\":\"search_term_string\"}}],\"inLanguage\":\"pl-PL\"},{\"@type\":\"Organization\",\"@id\":\"https:\\\/\\\/www.gamapa.de\\\/pl\\\/#organization\",\"name\":\"Gantef\u00fchrer Wirtschaftspr\u00fcfer, Steuerberater, Rechtsanw\u00e4lte\",\"url\":\"https:\\\/\\\/www.gamapa.de\\\/pl\\\/\",\"logo\":{\"@type\":\"ImageObject\",\"inLanguage\":\"pl-PL\",\"@id\":\"https:\\\/\\\/www.gamapa.de\\\/pl\\\/#\\\/schema\\\/logo\\\/image\\\/\",\"url\":\"https:\\\/\\\/www.gamapa.de\\\/wp-content\\\/uploads\\\/2026\\\/01\\\/Logo-Gantefuehrer.png\",\"contentUrl\":\"https:\\\/\\\/www.gamapa.de\\\/wp-content\\\/uploads\\\/2026\\\/01\\\/Logo-Gantefuehrer.png\",\"width\":767,\"height\":156,\"caption\":\"Gantef\u00fchrer Wirtschaftspr\u00fcfer, Steuerberater, Rechtsanw\u00e4lte\"},\"image\":{\"@id\":\"https:\\\/\\\/www.gamapa.de\\\/pl\\\/#\\\/schema\\\/logo\\\/image\\\/\"}}]}<\/script>\n<!-- \/ Yoast SEO plugin. -->","yoast_head_json":{"title":"Daniel Troost - GANTEF\u00dcHRER","robots":{"index":"index","follow":"follow","max-snippet":"max-snippet:-1","max-image-preview":"max-image-preview:large","max-video-preview":"max-video-preview:-1"},"canonical":"https:\/\/www.gamapa.de\/pl\/doradcy\/daniel-troost-doradca-podatkowy-partner\/","og_locale":"pl_PL","og_type":"article","og_title":"Daniel Troost - GANTEF\u00dcHRER","og_description":"Specjalizacje Przebieg kariery zawodowej 1997-2000 Wy\u017csza szko\u0142a Nauk Stosowanych\/Finanse Kraju Zwi\u0105zkowego w Nadrenii P\u00f3\u0142nocnej-Westfalii (NRW), Nordkirchen 2000-2011 Starszy Mened\u017cer w dziale us\u0142ug finansowych w sp\u00f3\u0142ce bieg\u0142ych rewident\u00f3w \u201epwc Wirtschaftspr\u00fcfungsgesellschaft GmbH, D\u00fcsseldorf\/K\u00f6ln 2004 Uzyskanie uprawnie\u0144 doradcy podatkowego 2012-2015 Partner w dziale us\u0142ug finansowych w sp\u00f3\u0142ce bieg\u0142ych rewident\u00f3w KPMG Wirtschaftspr\u00fcfungsgesellschaft AG, K\u00f6ln od 2015 Mediator gospodarczy 2015-2019 [\u2026]","og_url":"https:\/\/www.gamapa.de\/pl\/doradcy\/daniel-troost-doradca-podatkowy-partner\/","og_site_name":"GANTEF\u00dcHRER","article_modified_time":"2025-11-06T14:18:26+00:00","og_image":[{"width":1440,"height":859,"url":"https:\/\/www.gamapa.de\/wp-content\/uploads\/2022\/11\/Troost_2.jpg","type":"image\/jpeg"}],"twitter_card":"summary_large_image","twitter_misc":{"Szacowany czas czytania":"2 minuty"},"schema":{"@context":"https:\/\/schema.org","@graph":[{"@type":"WebPage","@id":"https:\/\/www.gamapa.de\/pl\/doradcy\/daniel-troost-doradca-podatkowy-partner\/","url":"https:\/\/www.gamapa.de\/pl\/doradcy\/daniel-troost-doradca-podatkowy-partner\/","name":"Daniel Troost - GANTEF\u00dcHRER","isPartOf":{"@id":"https:\/\/www.gamapa.de\/pl\/#website"},"primaryImageOfPage":{"@id":"https:\/\/www.gamapa.de\/pl\/doradcy\/daniel-troost-doradca-podatkowy-partner\/#primaryimage"},"image":{"@id":"https:\/\/www.gamapa.de\/pl\/doradcy\/daniel-troost-doradca-podatkowy-partner\/#primaryimage"},"thumbnailUrl":"https:\/\/www.gamapa.de\/wp-content\/uploads\/2022\/11\/Troost_2.jpg","datePublished":"2022-11-11T12:55:45+00:00","dateModified":"2025-11-06T14:18:26+00:00","breadcrumb":{"@id":"https:\/\/www.gamapa.de\/pl\/doradcy\/daniel-troost-doradca-podatkowy-partner\/#breadcrumb"},"inLanguage":"pl-PL","potentialAction":[{"@type":"ReadAction","target":["https:\/\/www.gamapa.de\/pl\/doradcy\/daniel-troost-doradca-podatkowy-partner\/"]}]},{"@type":"ImageObject","inLanguage":"pl-PL","@id":"https:\/\/www.gamapa.de\/pl\/doradcy\/daniel-troost-doradca-podatkowy-partner\/#primaryimage","url":"https:\/\/www.gamapa.de\/wp-content\/uploads\/2022\/11\/Troost_2.jpg","contentUrl":"https:\/\/www.gamapa.de\/wp-content\/uploads\/2022\/11\/Troost_2.jpg","width":1440,"height":859,"caption":"Daniel Troost, Dipl.-Finw., Steuerberater, Partner Wirtschaftsmediator,"},{"@type":"BreadcrumbList","@id":"https:\/\/www.gamapa.de\/pl\/doradcy\/daniel-troost-doradca-podatkowy-partner\/#breadcrumb","itemListElement":[{"@type":"ListItem","position":1,"name":"Startseite","item":"https:\/\/www.gamapa.de\/pl\/"},{"@type":"ListItem","position":2,"name":"Nasi specjali\u015bci","item":"https:\/\/www.gamapa.de\/pl\/doradcy\/"},{"@type":"ListItem","position":3,"name":"Daniel Troost"}]},{"@type":"WebSite","@id":"https:\/\/www.gamapa.de\/pl\/#website","url":"https:\/\/www.gamapa.de\/pl\/","name":"GANTEF\u00dcHRER","description":"Wirtschaftspr\u00fcfer, Steuerberater, Rechtsanw\u00e4lte","publisher":{"@id":"https:\/\/www.gamapa.de\/pl\/#organization"},"potentialAction":[{"@type":"SearchAction","target":{"@type":"EntryPoint","urlTemplate":"https:\/\/www.gamapa.de\/pl\/?s={search_term_string}"},"query-input":{"@type":"PropertyValueSpecification","valueRequired":true,"valueName":"search_term_string"}}],"inLanguage":"pl-PL"},{"@type":"Organization","@id":"https:\/\/www.gamapa.de\/pl\/#organization","name":"Gantef\u00fchrer Wirtschaftspr\u00fcfer, Steuerberater, Rechtsanw\u00e4lte","url":"https:\/\/www.gamapa.de\/pl\/","logo":{"@type":"ImageObject","inLanguage":"pl-PL","@id":"https:\/\/www.gamapa.de\/pl\/#\/schema\/logo\/image\/","url":"https:\/\/www.gamapa.de\/wp-content\/uploads\/2026\/01\/Logo-Gantefuehrer.png","contentUrl":"https:\/\/www.gamapa.de\/wp-content\/uploads\/2026\/01\/Logo-Gantefuehrer.png","width":767,"height":156,"caption":"Gantef\u00fchrer Wirtschaftspr\u00fcfer, Steuerberater, Rechtsanw\u00e4lte"},"image":{"@id":"https:\/\/www.gamapa.de\/pl\/#\/schema\/logo\/image\/"}}]}},"uagb_featured_image_src":{"full":["https:\/\/www.gamapa.de\/wp-content\/uploads\/2022\/11\/Troost_2.jpg",1440,859,false],"thumbnail":["https:\/\/www.gamapa.de\/wp-content\/uploads\/2022\/11\/Troost_2-150x150.jpg",150,150,true],"medium":["https:\/\/www.gamapa.de\/wp-content\/uploads\/2022\/11\/Troost_2-600x358.jpg",600,358,true],"medium_large":["https:\/\/www.gamapa.de\/wp-content\/uploads\/2022\/11\/Troost_2-768x458.jpg",580,346,true],"large":["https:\/\/www.gamapa.de\/wp-content\/uploads\/2022\/11\/Troost_2.jpg",580,346,false],"gs-tiny":["https:\/\/www.gamapa.de\/wp-content\/uploads\/2022\/11\/Troost_2.jpg",50,30,false],"xl":["https:\/\/www.gamapa.de\/wp-content\/uploads\/2022\/11\/Troost_2.jpg",1440,859,false],"xxl":["https:\/\/www.gamapa.de\/wp-content\/uploads\/2022\/11\/Troost_2.jpg",1440,859,false],"xxxl":["https:\/\/www.gamapa.de\/wp-content\/uploads\/2022\/11\/Troost_2.jpg",1440,859,false],"xxxxl":["https:\/\/www.gamapa.de\/wp-content\/uploads\/2022\/11\/Troost_2.jpg",1440,859,false],"xxxxxl":["https:\/\/www.gamapa.de\/wp-content\/uploads\/2022\/11\/Troost_2.jpg",1440,859,false],"1536x1536":["https:\/\/www.gamapa.de\/wp-content\/uploads\/2022\/11\/Troost_2.jpg",1440,859,false],"2048x2048":["https:\/\/www.gamapa.de\/wp-content\/uploads\/2022\/11\/Troost_2.jpg",1440,859,false],"post-thumbnail":["https:\/\/www.gamapa.de\/wp-content\/uploads\/2022\/11\/Troost_2.jpg",1440,859,false],"twentytwenty-fullscreen":["https:\/\/www.gamapa.de\/wp-content\/uploads\/2022\/11\/Troost_2.jpg",1440,859,false],"theme-slug-single-post":["https:\/\/www.gamapa.de\/wp-content\/uploads\/2022\/11\/Troost_2-1440x400.jpg",1440,400,true]},"uagb_author_info":{"display_name":"linda","author_link":"https:\/\/www.gamapa.de\/pl\/author\/linda\/"},"uagb_comment_info":0,"uagb_excerpt":"Specjalizacje Przebieg kariery zawodowej 1997-2000 Wy\u017csza szko\u0142a Nauk Stosowanych\/Finanse Kraju Zwi\u0105zkowego w Nadrenii P\u00f3\u0142nocnej-Westfalii (NRW), Nordkirchen 2000-2011 Starszy Mened\u017cer w dziale us\u0142ug finansowych w sp\u00f3\u0142ce bieg\u0142ych rewident\u00f3w \u201epwc Wirtschaftspr\u00fcfungsgesellschaft GmbH, D\u00fcsseldorf\/K\u00f6ln 2004 Uzyskanie uprawnie\u0144 doradcy podatkowego 2012-2015 Partner w dziale us\u0142ug finansowych w sp\u00f3\u0142ce bieg\u0142ych rewident\u00f3w KPMG Wirtschaftspr\u00fcfungsgesellschaft AG, K\u00f6ln od 2015 Mediator gospodarczy 2015-2019&hellip;","_links":{"self":[{"href":"https:\/\/www.gamapa.de\/pl\/wp-json\/wp\/v2\/pages\/13578","targetHints":{"allow":["GET"]}}],"collection":[{"href":"https:\/\/www.gamapa.de\/pl\/wp-json\/wp\/v2\/pages"}],"about":[{"href":"https:\/\/www.gamapa.de\/pl\/wp-json\/wp\/v2\/types\/page"}],"author":[{"embeddable":true,"href":"https:\/\/www.gamapa.de\/pl\/wp-json\/wp\/v2\/users\/1"}],"replies":[{"embeddable":true,"href":"https:\/\/www.gamapa.de\/pl\/wp-json\/wp\/v2\/comments?post=13578"}],"version-history":[{"count":15,"href":"https:\/\/www.gamapa.de\/pl\/wp-json\/wp\/v2\/pages\/13578\/revisions"}],"predecessor-version":[{"id":22346,"href":"https:\/\/www.gamapa.de\/pl\/wp-json\/wp\/v2\/pages\/13578\/revisions\/22346"}],"up":[{"embeddable":true,"href":"https:\/\/www.gamapa.de\/pl\/wp-json\/wp\/v2\/pages\/5643"}],"wp:featuredmedia":[{"embeddable":true,"href":"https:\/\/www.gamapa.de\/pl\/wp-json\/wp\/v2\/media\/13732"}],"wp:attachment":[{"href":"https:\/\/www.gamapa.de\/pl\/wp-json\/wp\/v2\/media?parent=13578"}],"curies":[{"name":"wp","href":"https:\/\/api.w.org\/{rel}","templated":true}]}}