

{"id":13600,"date":"2022-11-11T13:57:50","date_gmt":"2022-11-11T12:57:50","guid":{"rendered":"https:\/\/www.gamapa.de\/birgit-voss-steuerberaterin-rechtsanwaeltin\/"},"modified":"2025-11-06T15:37:16","modified_gmt":"2025-11-06T14:37:16","slug":"birgit-voss-doradca-podatkowy-adwokat-radca-prawny","status":"publish","type":"page","link":"https:\/\/www.gamapa.de\/pl\/doradcy\/birgit-voss-doradca-podatkowy-adwokat-radca-prawny\/","title":{"rendered":"Birgit Vo\u00df"},"content":{"rendered":"\n<h3 class=\"wp-block-heading\">Specjalizacje<\/h3>\n\n\n\n<ul class=\"wp-block-list\">\n<li>Doradztwo podatkowe dla firm z sektora ubezpieczeniowego (w tym wsparcie podczas kontroli podatkowych i reprezentacja w post\u0119powaniach s\u0105dowych)<\/li>\n\n\n\n<li>Doradztwo w zakresie podatku ubezpieczeniowego (r\u00f3wnie\u017c dla ubezpieczaj\u0105cych)<\/li>\n\n\n\n<li>Doradztwo w zakresie podatku VAT dla firm z sektora finansowego<\/li>\n\n\n\n<li>Strukturyzacja podatkowa inwestycji w nieruchomo\u015bci<\/li>\n<\/ul>\n\n\n\n<h3 class=\"wp-block-heading\">Przebieg kariery zawodowej<\/h3>\n\n\n\n<figure class=\"wp-block-table tablist\"><table><tbody><tr><td>1998-2001<\/td><td>Wy\u017csza szko\u0142a Nauk Stosowanych\/Finanse Kraju Zwi\u0105zkowego w Nadrenii P\u00f3\u0142nocnej-Westfalii (NRW), Nordkirchen<\/td><\/tr><tr><td>2001-2011<\/td><td>Praca w s\u0142u\u017cbie cywilnej\/administracji publicznej w zakresie administracji finans\u00f3w w Nadrenii P\u00f3\u0142nocnej-Westfalii (NRW)<\/td><\/tr><tr><td>2002-2006<\/td><td>Studia prawnicze na Uniwersytecie, K\u00f6ln<\/td><\/tr><tr><td>2008-2010<\/td><td>Sta\u017c w Wiesbaden wraz z prac\u0105 w firmie Wielkiej Czw\u00f3rki (BIG4) i w S\u0105dzie Skarbowym, K\u00f6ln<\/td><\/tr><tr><td>2011-2021<\/td><td>Radca prawny (od 2013r. doradca podatkowy) w grupie doradc\u00f3w axis Rechtsanw\u00e4lte GmbH, K\u00f6ln<\/td><\/tr><tr><td>2013<\/td><td>Uzyskanie uprawnie\u0144 doradcy podatkowego<\/td><\/tr><tr><td>2014<\/td><td>Uzyskanie uprawnie\u0144 radcy prawnego ds. prawa podatkowego<\/td><\/tr><tr><td>2021-2022<\/td><td>Radca prawny i doradca podatkowy w sp\u00f3\u0142ce bieg\u0142ych rewident\u00f3w BDO AG Wirtschaftspr\u00fcfungsgesellschaft w sektorze us\u0142ug ubezpiecze\u0144 finansowych<\/td><\/tr><tr><td>od 2022<\/td><td>Radca prawny i doradca podatkowy w kancelarii Dr.\u00a0 Gantef\u00fchrer, Marquardt &amp; Partner<\/td><\/tr><\/tbody><\/table><\/figure>\n\n\n\n<h3 class=\"wp-block-heading\">Obs\u0142ugiwane bran\u017ce<\/h3>\n\n\n\n<ul class=\"wp-block-list\">\n<li>Bran\u017ca ubezpieczeniowa (ubezpieczenia od szk\u00f3d i ubezpieczenia wypadkowe, ubezpieczenia na \u017cycie, fundusze emerytalne, \u015brodki zabezpieczaj\u0105ce zwi\u0105zane z wydatkami na ubezpieczenie, po\u015brednicy ubezpieczeniowi)<\/li>\n<\/ul>\n\n\n\n<h3 class=\"wp-block-heading\">Publikacje<\/h3>\n\n\n\n<ul class=\"wp-block-list\">\n<li>Vo\u00df, DStR 2024, 1751 ff., Podatek ubezpieczeniowy: Zwrot w ocenie tzw. sk\u0142adek z tytu\u0142u sprzeda\u017cy um\u00f3w ubezpieczenia grupowego wyrokiem s\u0105du podatkowego w Kolonii?<\/li>\n\n\n\n<li>Vo\u00df\/Medert, Komentarz do ustawy o podatku ubezpieczeniowym, wydanie 3, 2023, Verlag Versicherungswirtschaft<\/li>\n\n\n\n<li>Vo\u00df\/Troost, Der Steuerberater, 2023, 221 ff.,\u00a0VAT i podatek ubezpieczeniowy od um\u00f3w ubezpieczenia grupowego z mar\u017c\u0105 &#8211; skutki podatkowe wyroku ETS w sprawie statusu po\u015brednika ubezpieczaj\u0105cego<\/li>\n\n\n\n<li>Diehl,\u00a0Podr\u0119cznik prawa sp\u00f3\u0142ek ubezpieczeniowych, wydanie 1 2020, sekcja 34 Podatek ubezpieczeniowy\/podatek od sprzeda\u017cy, Beck Verlag<\/li>\n\n\n\n<li>Vo\u00df, DStR 2021, 377, Zmiany w prawie podatkowym w zakresie ubezpiecze\u0144 wynikaj\u0105ce z ustawy o modernizacji prawa podatkowego w zakresie ubezpiecze\u0144<\/li>\n\n\n\n<li>Medert\/Vo\u00df, DStR 2018, 1973,\u00a0Niejasno\u015bci dotycz\u0105ce przedmiotu podatku w \u00a7 1 ust. 2 VersStG<\/li>\n\n\n\n<li>Medert\/Vo\u00df, DStR 2017, 1368,\u00a0Umowy ubezpieczenia grupowego: Czy mar\u017ca handlowa zwi\u0119ksza podstaw\u0119 opodatkowania podatkiem ubezpieczeniowym? &#8211; Komentarz do wyroku BFH z dnia 7 grudnia 2016 r. &#8211; II R 1\/15<\/li>\n<\/ul>\n\n\n\n<div class=\"wp-block-buttons is-layout-flex wp-block-buttons-is-layout-flex\">\n<div class=\"wp-block-button zurueck\"><a class=\"wp-block-button__link wp-element-button\" href=\"https:\/\/www.gamapa.de\/pl\/doradcy\/\">wstecz<\/a><\/div>\n<\/div>\n","protected":false},"excerpt":{"rendered":"<p>Specjalizacje Przebieg kariery zawodowej 1998-2001 Wy\u017csza szko\u0142a Nauk Stosowanych\/Finanse Kraju Zwi\u0105zkowego w Nadrenii P\u00f3\u0142nocnej-Westfalii (NRW), Nordkirchen 2001-2011 Praca w s\u0142u\u017cbie cywilnej\/administracji publicznej w zakresie administracji finans\u00f3w w Nadrenii P\u00f3\u0142nocnej-Westfalii (NRW) 2002-2006 Studia prawnicze na Uniwersytecie, K\u00f6ln 2008-2010 Sta\u017c w Wiesbaden wraz z prac\u0105 w firmie Wielkiej Czw\u00f3rki (BIG4) i w S\u0105dzie Skarbowym, K\u00f6ln 2011-2021 Radca <a href=\"https:\/\/www.gamapa.de\/pl\/doradcy\/birgit-voss-doradca-podatkowy-adwokat-radca-prawny\/\">[\u2026]<\/a><\/p>\n","protected":false},"author":1,"featured_media":13699,"parent":5643,"menu_order":0,"comment_status":"closed","ping_status":"closed","template":"templates\/template-Profil.php","meta":{"_acf_changed":false,"_uag_custom_page_level_css":"","footnotes":""},"class_list":["post-13600","page","type-page","status-publish","has-post-thumbnail","hentry"],"acf":[],"yoast_head":"<!-- This site is optimized with the Yoast SEO plugin v27.5 - https:\/\/yoast.com\/product\/yoast-seo-wordpress\/ -->\n<title>Birgit Vo\u00df - GANTEF\u00dcHRER<\/title>\n<meta name=\"robots\" content=\"index, follow, max-snippet:-1, max-image-preview:large, max-video-preview:-1\" \/>\n<link rel=\"canonical\" href=\"https:\/\/www.gamapa.de\/pl\/doradcy\/birgit-voss-doradca-podatkowy-adwokat-radca-prawny\/\" \/>\n<meta property=\"og:locale\" content=\"pl_PL\" \/>\n<meta property=\"og:type\" content=\"article\" \/>\n<meta property=\"og:title\" content=\"Birgit Vo\u00df - GANTEF\u00dcHRER\" \/>\n<meta property=\"og:description\" content=\"Specjalizacje Przebieg kariery zawodowej 1998-2001 Wy\u017csza szko\u0142a Nauk Stosowanych\/Finanse Kraju Zwi\u0105zkowego w Nadrenii P\u00f3\u0142nocnej-Westfalii (NRW), Nordkirchen 2001-2011 Praca w s\u0142u\u017cbie cywilnej\/administracji publicznej w zakresie administracji finans\u00f3w w Nadrenii P\u00f3\u0142nocnej-Westfalii (NRW) 2002-2006 Studia prawnicze na Uniwersytecie, K\u00f6ln 2008-2010 Sta\u017c w Wiesbaden wraz z prac\u0105 w firmie Wielkiej Czw\u00f3rki (BIG4) i w S\u0105dzie Skarbowym, K\u00f6ln 2011-2021 Radca [\u2026]\" \/>\n<meta property=\"og:url\" content=\"https:\/\/www.gamapa.de\/pl\/doradcy\/birgit-voss-doradca-podatkowy-adwokat-radca-prawny\/\" \/>\n<meta property=\"og:site_name\" content=\"GANTEF\u00dcHRER\" \/>\n<meta property=\"article:modified_time\" content=\"2025-11-06T14:37:16+00:00\" \/>\n<meta property=\"og:image\" content=\"https:\/\/www.gamapa.de\/wp-content\/uploads\/2022\/11\/Voss_2.jpg\" \/>\n\t<meta property=\"og:image:width\" content=\"1440\" \/>\n\t<meta property=\"og:image:height\" content=\"859\" \/>\n\t<meta property=\"og:image:type\" content=\"image\/jpeg\" \/>\n<meta name=\"twitter:card\" content=\"summary_large_image\" \/>\n<meta name=\"twitter:label1\" content=\"Szacowany czas czytania\" \/>\n\t<meta name=\"twitter:data1\" content=\"2 minuty\" \/>\n<script type=\"application\/ld+json\" class=\"yoast-schema-graph\">{\"@context\":\"https:\\\/\\\/schema.org\",\"@graph\":[{\"@type\":\"WebPage\",\"@id\":\"https:\\\/\\\/www.gamapa.de\\\/pl\\\/doradcy\\\/birgit-voss-doradca-podatkowy-adwokat-radca-prawny\\\/\",\"url\":\"https:\\\/\\\/www.gamapa.de\\\/pl\\\/doradcy\\\/birgit-voss-doradca-podatkowy-adwokat-radca-prawny\\\/\",\"name\":\"Birgit Vo\u00df - GANTEF\u00dcHRER\",\"isPartOf\":{\"@id\":\"https:\\\/\\\/www.gamapa.de\\\/pl\\\/#website\"},\"primaryImageOfPage\":{\"@id\":\"https:\\\/\\\/www.gamapa.de\\\/pl\\\/doradcy\\\/birgit-voss-doradca-podatkowy-adwokat-radca-prawny\\\/#primaryimage\"},\"image\":{\"@id\":\"https:\\\/\\\/www.gamapa.de\\\/pl\\\/doradcy\\\/birgit-voss-doradca-podatkowy-adwokat-radca-prawny\\\/#primaryimage\"},\"thumbnailUrl\":\"https:\\\/\\\/www.gamapa.de\\\/wp-content\\\/uploads\\\/2022\\\/11\\\/Voss_2.jpg\",\"datePublished\":\"2022-11-11T12:57:50+00:00\",\"dateModified\":\"2025-11-06T14:37:16+00:00\",\"breadcrumb\":{\"@id\":\"https:\\\/\\\/www.gamapa.de\\\/pl\\\/doradcy\\\/birgit-voss-doradca-podatkowy-adwokat-radca-prawny\\\/#breadcrumb\"},\"inLanguage\":\"pl-PL\",\"potentialAction\":[{\"@type\":\"ReadAction\",\"target\":[\"https:\\\/\\\/www.gamapa.de\\\/pl\\\/doradcy\\\/birgit-voss-doradca-podatkowy-adwokat-radca-prawny\\\/\"]}]},{\"@type\":\"ImageObject\",\"inLanguage\":\"pl-PL\",\"@id\":\"https:\\\/\\\/www.gamapa.de\\\/pl\\\/doradcy\\\/birgit-voss-doradca-podatkowy-adwokat-radca-prawny\\\/#primaryimage\",\"url\":\"https:\\\/\\\/www.gamapa.de\\\/wp-content\\\/uploads\\\/2022\\\/11\\\/Voss_2.jpg\",\"contentUrl\":\"https:\\\/\\\/www.gamapa.de\\\/wp-content\\\/uploads\\\/2022\\\/11\\\/Voss_2.jpg\",\"width\":1440,\"height\":859,\"caption\":\"Birgit Vo\u00df\"},{\"@type\":\"BreadcrumbList\",\"@id\":\"https:\\\/\\\/www.gamapa.de\\\/pl\\\/doradcy\\\/birgit-voss-doradca-podatkowy-adwokat-radca-prawny\\\/#breadcrumb\",\"itemListElement\":[{\"@type\":\"ListItem\",\"position\":1,\"name\":\"Startseite\",\"item\":\"https:\\\/\\\/www.gamapa.de\\\/pl\\\/\"},{\"@type\":\"ListItem\",\"position\":2,\"name\":\"Nasi specjali\u015bci\",\"item\":\"https:\\\/\\\/www.gamapa.de\\\/pl\\\/doradcy\\\/\"},{\"@type\":\"ListItem\",\"position\":3,\"name\":\"Birgit Vo\u00df\"}]},{\"@type\":\"WebSite\",\"@id\":\"https:\\\/\\\/www.gamapa.de\\\/pl\\\/#website\",\"url\":\"https:\\\/\\\/www.gamapa.de\\\/pl\\\/\",\"name\":\"GANTEF\u00dcHRER\",\"description\":\"Wirtschaftspr\u00fcfer, Steuerberater, Rechtsanw\u00e4lte\",\"publisher\":{\"@id\":\"https:\\\/\\\/www.gamapa.de\\\/pl\\\/#organization\"},\"potentialAction\":[{\"@type\":\"SearchAction\",\"target\":{\"@type\":\"EntryPoint\",\"urlTemplate\":\"https:\\\/\\\/www.gamapa.de\\\/pl\\\/?s={search_term_string}\"},\"query-input\":{\"@type\":\"PropertyValueSpecification\",\"valueRequired\":true,\"valueName\":\"search_term_string\"}}],\"inLanguage\":\"pl-PL\"},{\"@type\":\"Organization\",\"@id\":\"https:\\\/\\\/www.gamapa.de\\\/pl\\\/#organization\",\"name\":\"Gantef\u00fchrer Wirtschaftspr\u00fcfer, Steuerberater, Rechtsanw\u00e4lte\",\"url\":\"https:\\\/\\\/www.gamapa.de\\\/pl\\\/\",\"logo\":{\"@type\":\"ImageObject\",\"inLanguage\":\"pl-PL\",\"@id\":\"https:\\\/\\\/www.gamapa.de\\\/pl\\\/#\\\/schema\\\/logo\\\/image\\\/\",\"url\":\"https:\\\/\\\/www.gamapa.de\\\/wp-content\\\/uploads\\\/2026\\\/01\\\/Logo-Gantefuehrer.png\",\"contentUrl\":\"https:\\\/\\\/www.gamapa.de\\\/wp-content\\\/uploads\\\/2026\\\/01\\\/Logo-Gantefuehrer.png\",\"width\":767,\"height\":156,\"caption\":\"Gantef\u00fchrer Wirtschaftspr\u00fcfer, Steuerberater, Rechtsanw\u00e4lte\"},\"image\":{\"@id\":\"https:\\\/\\\/www.gamapa.de\\\/pl\\\/#\\\/schema\\\/logo\\\/image\\\/\"}}]}<\/script>\n<!-- \/ Yoast SEO plugin. -->","yoast_head_json":{"title":"Birgit Vo\u00df - GANTEF\u00dcHRER","robots":{"index":"index","follow":"follow","max-snippet":"max-snippet:-1","max-image-preview":"max-image-preview:large","max-video-preview":"max-video-preview:-1"},"canonical":"https:\/\/www.gamapa.de\/pl\/doradcy\/birgit-voss-doradca-podatkowy-adwokat-radca-prawny\/","og_locale":"pl_PL","og_type":"article","og_title":"Birgit Vo\u00df - GANTEF\u00dcHRER","og_description":"Specjalizacje Przebieg kariery zawodowej 1998-2001 Wy\u017csza szko\u0142a Nauk Stosowanych\/Finanse Kraju Zwi\u0105zkowego w Nadrenii P\u00f3\u0142nocnej-Westfalii (NRW), Nordkirchen 2001-2011 Praca w s\u0142u\u017cbie cywilnej\/administracji publicznej w zakresie administracji finans\u00f3w w Nadrenii P\u00f3\u0142nocnej-Westfalii (NRW) 2002-2006 Studia prawnicze na Uniwersytecie, K\u00f6ln 2008-2010 Sta\u017c w Wiesbaden wraz z prac\u0105 w firmie Wielkiej Czw\u00f3rki (BIG4) i w S\u0105dzie Skarbowym, K\u00f6ln 2011-2021 Radca [\u2026]","og_url":"https:\/\/www.gamapa.de\/pl\/doradcy\/birgit-voss-doradca-podatkowy-adwokat-radca-prawny\/","og_site_name":"GANTEF\u00dcHRER","article_modified_time":"2025-11-06T14:37:16+00:00","og_image":[{"width":1440,"height":859,"url":"https:\/\/www.gamapa.de\/wp-content\/uploads\/2022\/11\/Voss_2.jpg","type":"image\/jpeg"}],"twitter_card":"summary_large_image","twitter_misc":{"Szacowany czas czytania":"2 minuty"},"schema":{"@context":"https:\/\/schema.org","@graph":[{"@type":"WebPage","@id":"https:\/\/www.gamapa.de\/pl\/doradcy\/birgit-voss-doradca-podatkowy-adwokat-radca-prawny\/","url":"https:\/\/www.gamapa.de\/pl\/doradcy\/birgit-voss-doradca-podatkowy-adwokat-radca-prawny\/","name":"Birgit Vo\u00df - GANTEF\u00dcHRER","isPartOf":{"@id":"https:\/\/www.gamapa.de\/pl\/#website"},"primaryImageOfPage":{"@id":"https:\/\/www.gamapa.de\/pl\/doradcy\/birgit-voss-doradca-podatkowy-adwokat-radca-prawny\/#primaryimage"},"image":{"@id":"https:\/\/www.gamapa.de\/pl\/doradcy\/birgit-voss-doradca-podatkowy-adwokat-radca-prawny\/#primaryimage"},"thumbnailUrl":"https:\/\/www.gamapa.de\/wp-content\/uploads\/2022\/11\/Voss_2.jpg","datePublished":"2022-11-11T12:57:50+00:00","dateModified":"2025-11-06T14:37:16+00:00","breadcrumb":{"@id":"https:\/\/www.gamapa.de\/pl\/doradcy\/birgit-voss-doradca-podatkowy-adwokat-radca-prawny\/#breadcrumb"},"inLanguage":"pl-PL","potentialAction":[{"@type":"ReadAction","target":["https:\/\/www.gamapa.de\/pl\/doradcy\/birgit-voss-doradca-podatkowy-adwokat-radca-prawny\/"]}]},{"@type":"ImageObject","inLanguage":"pl-PL","@id":"https:\/\/www.gamapa.de\/pl\/doradcy\/birgit-voss-doradca-podatkowy-adwokat-radca-prawny\/#primaryimage","url":"https:\/\/www.gamapa.de\/wp-content\/uploads\/2022\/11\/Voss_2.jpg","contentUrl":"https:\/\/www.gamapa.de\/wp-content\/uploads\/2022\/11\/Voss_2.jpg","width":1440,"height":859,"caption":"Birgit Vo\u00df"},{"@type":"BreadcrumbList","@id":"https:\/\/www.gamapa.de\/pl\/doradcy\/birgit-voss-doradca-podatkowy-adwokat-radca-prawny\/#breadcrumb","itemListElement":[{"@type":"ListItem","position":1,"name":"Startseite","item":"https:\/\/www.gamapa.de\/pl\/"},{"@type":"ListItem","position":2,"name":"Nasi specjali\u015bci","item":"https:\/\/www.gamapa.de\/pl\/doradcy\/"},{"@type":"ListItem","position":3,"name":"Birgit Vo\u00df"}]},{"@type":"WebSite","@id":"https:\/\/www.gamapa.de\/pl\/#website","url":"https:\/\/www.gamapa.de\/pl\/","name":"GANTEF\u00dcHRER","description":"Wirtschaftspr\u00fcfer, Steuerberater, Rechtsanw\u00e4lte","publisher":{"@id":"https:\/\/www.gamapa.de\/pl\/#organization"},"potentialAction":[{"@type":"SearchAction","target":{"@type":"EntryPoint","urlTemplate":"https:\/\/www.gamapa.de\/pl\/?s={search_term_string}"},"query-input":{"@type":"PropertyValueSpecification","valueRequired":true,"valueName":"search_term_string"}}],"inLanguage":"pl-PL"},{"@type":"Organization","@id":"https:\/\/www.gamapa.de\/pl\/#organization","name":"Gantef\u00fchrer Wirtschaftspr\u00fcfer, Steuerberater, Rechtsanw\u00e4lte","url":"https:\/\/www.gamapa.de\/pl\/","logo":{"@type":"ImageObject","inLanguage":"pl-PL","@id":"https:\/\/www.gamapa.de\/pl\/#\/schema\/logo\/image\/","url":"https:\/\/www.gamapa.de\/wp-content\/uploads\/2026\/01\/Logo-Gantefuehrer.png","contentUrl":"https:\/\/www.gamapa.de\/wp-content\/uploads\/2026\/01\/Logo-Gantefuehrer.png","width":767,"height":156,"caption":"Gantef\u00fchrer Wirtschaftspr\u00fcfer, Steuerberater, Rechtsanw\u00e4lte"},"image":{"@id":"https:\/\/www.gamapa.de\/pl\/#\/schema\/logo\/image\/"}}]}},"uagb_featured_image_src":{"full":["https:\/\/www.gamapa.de\/wp-content\/uploads\/2022\/11\/Voss_2.jpg",1440,859,false],"thumbnail":["https:\/\/www.gamapa.de\/wp-content\/uploads\/2022\/11\/Voss_2-150x150.jpg",150,150,true],"medium":["https:\/\/www.gamapa.de\/wp-content\/uploads\/2022\/11\/Voss_2-600x358.jpg",600,358,true],"medium_large":["https:\/\/www.gamapa.de\/wp-content\/uploads\/2022\/11\/Voss_2-768x458.jpg",580,346,true],"large":["https:\/\/www.gamapa.de\/wp-content\/uploads\/2022\/11\/Voss_2.jpg",580,346,false],"gs-tiny":["https:\/\/www.gamapa.de\/wp-content\/uploads\/2022\/11\/Voss_2.jpg",50,30,false],"xl":["https:\/\/www.gamapa.de\/wp-content\/uploads\/2022\/11\/Voss_2.jpg",1440,859,false],"xxl":["https:\/\/www.gamapa.de\/wp-content\/uploads\/2022\/11\/Voss_2.jpg",1440,859,false],"xxxl":["https:\/\/www.gamapa.de\/wp-content\/uploads\/2022\/11\/Voss_2.jpg",1440,859,false],"xxxxl":["https:\/\/www.gamapa.de\/wp-content\/uploads\/2022\/11\/Voss_2.jpg",1440,859,false],"xxxxxl":["https:\/\/www.gamapa.de\/wp-content\/uploads\/2022\/11\/Voss_2.jpg",1440,859,false],"1536x1536":["https:\/\/www.gamapa.de\/wp-content\/uploads\/2022\/11\/Voss_2.jpg",1440,859,false],"2048x2048":["https:\/\/www.gamapa.de\/wp-content\/uploads\/2022\/11\/Voss_2.jpg",1440,859,false],"post-thumbnail":["https:\/\/www.gamapa.de\/wp-content\/uploads\/2022\/11\/Voss_2.jpg",1440,859,false],"twentytwenty-fullscreen":["https:\/\/www.gamapa.de\/wp-content\/uploads\/2022\/11\/Voss_2.jpg",1440,859,false],"theme-slug-single-post":["https:\/\/www.gamapa.de\/wp-content\/uploads\/2022\/11\/Voss_2-1440x400.jpg",1440,400,true]},"uagb_author_info":{"display_name":"linda","author_link":"https:\/\/www.gamapa.de\/pl\/author\/linda\/"},"uagb_comment_info":0,"uagb_excerpt":"Specjalizacje Przebieg kariery zawodowej 1998-2001 Wy\u017csza szko\u0142a Nauk Stosowanych\/Finanse Kraju Zwi\u0105zkowego w Nadrenii P\u00f3\u0142nocnej-Westfalii (NRW), Nordkirchen 2001-2011 Praca w s\u0142u\u017cbie cywilnej\/administracji publicznej w zakresie administracji finans\u00f3w w Nadrenii P\u00f3\u0142nocnej-Westfalii (NRW) 2002-2006 Studia prawnicze na Uniwersytecie, K\u00f6ln 2008-2010 Sta\u017c w Wiesbaden wraz z prac\u0105 w firmie Wielkiej Czw\u00f3rki (BIG4) i w S\u0105dzie Skarbowym, K\u00f6ln 2011-2021 Radca&hellip;","_links":{"self":[{"href":"https:\/\/www.gamapa.de\/pl\/wp-json\/wp\/v2\/pages\/13600","targetHints":{"allow":["GET"]}}],"collection":[{"href":"https:\/\/www.gamapa.de\/pl\/wp-json\/wp\/v2\/pages"}],"about":[{"href":"https:\/\/www.gamapa.de\/pl\/wp-json\/wp\/v2\/types\/page"}],"author":[{"embeddable":true,"href":"https:\/\/www.gamapa.de\/pl\/wp-json\/wp\/v2\/users\/1"}],"replies":[{"embeddable":true,"href":"https:\/\/www.gamapa.de\/pl\/wp-json\/wp\/v2\/comments?post=13600"}],"version-history":[{"count":12,"href":"https:\/\/www.gamapa.de\/pl\/wp-json\/wp\/v2\/pages\/13600\/revisions"}],"predecessor-version":[{"id":22350,"href":"https:\/\/www.gamapa.de\/pl\/wp-json\/wp\/v2\/pages\/13600\/revisions\/22350"}],"up":[{"embeddable":true,"href":"https:\/\/www.gamapa.de\/pl\/wp-json\/wp\/v2\/pages\/5643"}],"wp:featuredmedia":[{"embeddable":true,"href":"https:\/\/www.gamapa.de\/pl\/wp-json\/wp\/v2\/media\/13699"}],"wp:attachment":[{"href":"https:\/\/www.gamapa.de\/pl\/wp-json\/wp\/v2\/media?parent=13600"}],"curies":[{"name":"wp","href":"https:\/\/api.w.org\/{rel}","templated":true}]}}