

{"id":14848,"date":"2023-07-05T14:49:25","date_gmt":"2023-07-05T12:49:25","guid":{"rendered":"https:\/\/www.gamapa.de\/marcus-hornig-steuerberater-partner\/"},"modified":"2025-11-06T10:51:14","modified_gmt":"2025-11-06T09:51:14","slug":"marcus-hornig-doradca-podatkowy-partner","status":"publish","type":"page","link":"https:\/\/www.gamapa.de\/pl\/doradcy\/marcus-hornig-doradca-podatkowy-partner\/","title":{"rendered":"Marcus Hornig"},"content":{"rendered":"\n<h3 class=\"wp-block-heading\">Specjalizacje<\/h3>\n\n\n\n<ul class=\"wp-block-list\">\n<li>Doradztwo zwi\u0105zane z post\u0119powaniami podatkowymi<\/li>\n\n\n\n<li>Prawo karne skarbowe<\/li>\n\n\n\n<li>Inwestorzy prywatni<\/li>\n\n\n\n<li>Doradztwo dot. klub\u00f3w, zwi\u0105zk\u00f3w i instytucji sportowych<\/li>\n<\/ul>\n\n\n\n<h3 class=\"wp-block-heading\">Przebieg kariery zawodowej<\/h3>\n\n\n\n<figure class=\"wp-block-table tablist\"><table><tbody><tr><td>1993-1996<\/td><td>Studia dualne na Uniwersytecie w &nbsp;Karlsruhe\/Baden-W\u00fcrttemberg (Wydzia\u0142 Podatkowy); Stopie\u0144: Dyplomowany ekonomista specjalista z zakresu ekonomiki przedsi\u0119biorstwa<\/td><\/tr><tr><td>1993-2003<\/td><td>Doradztwo podatkowe dla niemieckich sp\u00f3\u0142ek leasingowych dyskont\u00f3w artyku\u0142\u00f3w \u017cywno\u015bciowych i w\u0119gierskich sta\u0142ych plac\u00f3wek \/ zagranicznych sp\u00f3\u0142ek handlowych w Niemczech<\/td><\/tr><tr><td>2003<\/td><td>Uzyskanie uprawnie\u0144 doradcy podatkowego<\/td><\/tr><tr><td>2003-2009<\/td><td>Doradztwo podatkowe dla japo\u0144skich oddzia\u0142\u00f3w w Niemczech i inwestor\u00f3w prywatnych z ich krajowymi i zagranicznymi udzia\u0142ami w sp\u00f3\u0142kach<\/td><\/tr><tr><td>2009-2023<\/td><td>2009-2014 Starszy mened\u017cer a od <br>2015 Dyrektor i kierownik oddzia\u0142u ds. klient\u00f3w indywidualnych w TOP-5 firmie doradztwa podatkowego, w tym <br>2011-2021 Mened\u017cer podatkowy notowanej na gie\u0142dzie sp\u00f3\u0142ki AG<\/td><\/tr><tr><td>od 2023<\/td><td>Partner w Dr. Gantef\u00fchrer, Marquardt &amp; Partner<\/td><\/tr><\/tbody><\/table><\/figure>\n\n\n\n<h3 class=\"wp-block-heading\">Obs\u0142ugiwane bran\u017ce<\/h3>\n\n\n\n<ul class=\"wp-block-list\">\n<li>Cz\u0142onkowie zarz\u0105du\/dyrektorzy zarz\u0105dzaj\u0105cy<\/li>\n\n\n\n<li>Inwestorzy prywatni<\/li>\n\n\n\n<li>Stowarzyszenia pi\u0142karskie 1. i 2. Bundesligi<\/li>\n<\/ul>\n\n\n\n<h3 class=\"wp-block-heading\">Publikacje<\/h3>\n\n\n\n<ul class=\"wp-block-list\">\n<li>Czy emigranci maj\u0105 k\u0142opoty z fiskusem w: WirtschaftsWoche v. 17.02.2023<\/li>\n\n\n\n<li>Ucieczka za granic\u0119 przed organami podatkowymi w: WirtschaftsWoche z 22.04.2022 r.<\/li>\n\n\n\n<li>Dlaczego emigrantom gro\u017c\u0105 k\u0142opoty podatkowe z bankiem: Tygodnik Gospodarczy 13.02.2022 r.<\/li>\n\n\n\n<li>Niemiecki podatek od emerytur z Francji: Tygodnik Gospodarczy 02.03.2022<\/li>\n\n\n\n<li>Pozdrowienia dla urz\u0119du skarbowego: Tygodnik Gospodarczy 24.01.2020 r.<\/li>\n\n\n\n<li>\u00a7 153 ordynacji podatkowej: Korekta bez zw\u0142oki? \u2013 Przegl\u0105d prawny: Praktyka dot. Prawa karno skarbowego 01\/2020<\/li>\n\n\n\n<li>Natychmiastowe podj\u0119cie korekty na podstawie \u00a7 153 ordynacji podatkowej jako obszar wysokiego ryzyka. Przegl\u0105d prawny: Praktyka dot. Prawa karno skarbowego 12\/2019<\/li>\n\n\n\n<li>Wzgl\u0119dy projektowe w tworzeniu i przekazywaniu dzie\u0142 sztuki: Wydawnictwo: NWB Dziedziczenie spadku + Maj\u0105tek 05\/2018<\/li>\n\n\n\n<li>Fundacje w Liechtenstein na celowniku organ\u00f3w podatkowych &#8211; dlaczego wyp\u0142aty z fundacji ochronnych podlegaj\u0105 obecnie podatkowi dochodowemu i podatkowi od darowizn: Wydawnictwo: NWB Dziedziczenie spadku + Maj\u0105tek 11\/2016<\/li>\n\n\n\n<li>Natychmiastowe opodatkowanie hiszpa\u0144skich sp\u00f3\u0142ek nieruchomo\u015bciowych w: IWB 07\/2014<\/li>\n\n\n\n<li>Wyszukiwania w Commerzbanku w: PStR Praxis Steuerstrafrecht 04\/2014<\/li>\n\n\n\n<li>LGT-Bank: Brak dowodu na uchylanie si\u0119 od opodatkowania pomimo podania nazwy na p\u0142ycie CD w: PStR Praxis Steuerstrafrecht 02\/2014<\/li>\n\n\n\n<li>Autor w: Weinmann\/Revenstorff\/Offerhaus\/Erkis Prawo podatkowe od spadk\u00f3w i darowizn. Wydawnictwo NJW Praxis,&nbsp;C.H. BECK, 4. wydanie 2017 r.<\/li>\n<\/ul>\n\n\n\n<div style=\"height:20px\" aria-hidden=\"true\" class=\"wp-block-spacer\"><\/div>\n\n\n\n<div class=\"wp-block-button zurueck\"><a class=\"wp-block-button__link wp-element-button\" href=\"https:\/\/www.gamapa.de\/pl\/doradcy\/\">WSTECZ<\/a><\/div>\n\n\n\n<p><\/p>\n","protected":false},"excerpt":{"rendered":"<p>Specjalizacje Przebieg kariery zawodowej 1993-1996 Studia dualne na Uniwersytecie w &nbsp;Karlsruhe\/Baden-W\u00fcrttemberg (Wydzia\u0142 Podatkowy); Stopie\u0144: Dyplomowany ekonomista specjalista z zakresu ekonomiki przedsi\u0119biorstwa 1993-2003 Doradztwo podatkowe dla niemieckich sp\u00f3\u0142ek leasingowych dyskont\u00f3w artyku\u0142\u00f3w \u017cywno\u015bciowych i w\u0119gierskich sta\u0142ych plac\u00f3wek \/ zagranicznych sp\u00f3\u0142ek handlowych w Niemczech 2003 Uzyskanie uprawnie\u0144 doradcy podatkowego 2003-2009 Doradztwo podatkowe dla japo\u0144skich oddzia\u0142\u00f3w w Niemczech i <a href=\"https:\/\/www.gamapa.de\/pl\/doradcy\/marcus-hornig-doradca-podatkowy-partner\/\">[\u2026]<\/a><\/p>\n","protected":false},"author":1,"featured_media":14875,"parent":5643,"menu_order":26,"comment_status":"closed","ping_status":"closed","template":"templates\/template-Profil.php","meta":{"_acf_changed":false,"_uag_custom_page_level_css":"","footnotes":""},"class_list":["post-14848","page","type-page","status-publish","has-post-thumbnail","hentry"],"acf":[],"yoast_head":"<!-- This site is optimized with the Yoast SEO plugin v27.5 - https:\/\/yoast.com\/product\/yoast-seo-wordpress\/ -->\n<title>Marcus Hornig - GANTEF\u00dcHRER<\/title>\n<meta name=\"robots\" content=\"index, follow, max-snippet:-1, max-image-preview:large, max-video-preview:-1\" \/>\n<link rel=\"canonical\" href=\"https:\/\/www.gamapa.de\/pl\/doradcy\/marcus-hornig-doradca-podatkowy-partner\/\" \/>\n<meta property=\"og:locale\" content=\"pl_PL\" \/>\n<meta property=\"og:type\" content=\"article\" \/>\n<meta property=\"og:title\" content=\"Marcus Hornig - GANTEF\u00dcHRER\" \/>\n<meta property=\"og:description\" content=\"Specjalizacje Przebieg kariery zawodowej 1993-1996 Studia dualne na Uniwersytecie w &nbsp;Karlsruhe\/Baden-W\u00fcrttemberg (Wydzia\u0142 Podatkowy); Stopie\u0144: Dyplomowany ekonomista specjalista z zakresu ekonomiki przedsi\u0119biorstwa 1993-2003 Doradztwo podatkowe dla niemieckich sp\u00f3\u0142ek leasingowych dyskont\u00f3w artyku\u0142\u00f3w \u017cywno\u015bciowych i w\u0119gierskich sta\u0142ych plac\u00f3wek \/ zagranicznych sp\u00f3\u0142ek handlowych w Niemczech 2003 Uzyskanie uprawnie\u0144 doradcy podatkowego 2003-2009 Doradztwo podatkowe dla japo\u0144skich oddzia\u0142\u00f3w w Niemczech i [\u2026]\" \/>\n<meta property=\"og:url\" content=\"https:\/\/www.gamapa.de\/pl\/doradcy\/marcus-hornig-doradca-podatkowy-partner\/\" \/>\n<meta property=\"og:site_name\" content=\"GANTEF\u00dcHRER\" \/>\n<meta property=\"article:modified_time\" content=\"2025-11-06T09:51:14+00:00\" \/>\n<meta property=\"og:image\" content=\"https:\/\/www.gamapa.de\/wp-content\/uploads\/2023\/07\/Hornig_2.jpg\" \/>\n\t<meta property=\"og:image:width\" content=\"1440\" \/>\n\t<meta property=\"og:image:height\" content=\"859\" \/>\n\t<meta property=\"og:image:type\" content=\"image\/jpeg\" \/>\n<meta name=\"twitter:card\" content=\"summary_large_image\" \/>\n<meta name=\"twitter:label1\" content=\"Szacowany czas czytania\" \/>\n\t<meta name=\"twitter:data1\" content=\"2 minuty\" \/>\n<script type=\"application\/ld+json\" class=\"yoast-schema-graph\">{\"@context\":\"https:\\\/\\\/schema.org\",\"@graph\":[{\"@type\":\"WebPage\",\"@id\":\"https:\\\/\\\/www.gamapa.de\\\/pl\\\/doradcy\\\/marcus-hornig-doradca-podatkowy-partner\\\/\",\"url\":\"https:\\\/\\\/www.gamapa.de\\\/pl\\\/doradcy\\\/marcus-hornig-doradca-podatkowy-partner\\\/\",\"name\":\"Marcus Hornig - GANTEF\u00dcHRER\",\"isPartOf\":{\"@id\":\"https:\\\/\\\/www.gamapa.de\\\/pl\\\/#website\"},\"primaryImageOfPage\":{\"@id\":\"https:\\\/\\\/www.gamapa.de\\\/pl\\\/doradcy\\\/marcus-hornig-doradca-podatkowy-partner\\\/#primaryimage\"},\"image\":{\"@id\":\"https:\\\/\\\/www.gamapa.de\\\/pl\\\/doradcy\\\/marcus-hornig-doradca-podatkowy-partner\\\/#primaryimage\"},\"thumbnailUrl\":\"https:\\\/\\\/www.gamapa.de\\\/wp-content\\\/uploads\\\/2023\\\/07\\\/Hornig_2.jpg\",\"datePublished\":\"2023-07-05T12:49:25+00:00\",\"dateModified\":\"2025-11-06T09:51:14+00:00\",\"breadcrumb\":{\"@id\":\"https:\\\/\\\/www.gamapa.de\\\/pl\\\/doradcy\\\/marcus-hornig-doradca-podatkowy-partner\\\/#breadcrumb\"},\"inLanguage\":\"pl-PL\",\"potentialAction\":[{\"@type\":\"ReadAction\",\"target\":[\"https:\\\/\\\/www.gamapa.de\\\/pl\\\/doradcy\\\/marcus-hornig-doradca-podatkowy-partner\\\/\"]}]},{\"@type\":\"ImageObject\",\"inLanguage\":\"pl-PL\",\"@id\":\"https:\\\/\\\/www.gamapa.de\\\/pl\\\/doradcy\\\/marcus-hornig-doradca-podatkowy-partner\\\/#primaryimage\",\"url\":\"https:\\\/\\\/www.gamapa.de\\\/wp-content\\\/uploads\\\/2023\\\/07\\\/Hornig_2.jpg\",\"contentUrl\":\"https:\\\/\\\/www.gamapa.de\\\/wp-content\\\/uploads\\\/2023\\\/07\\\/Hornig_2.jpg\",\"width\":1440,\"height\":859,\"caption\":\"Marcus Hornig Diplom-Betriebswirt (DHBW) Steuerberater Partner\"},{\"@type\":\"BreadcrumbList\",\"@id\":\"https:\\\/\\\/www.gamapa.de\\\/pl\\\/doradcy\\\/marcus-hornig-doradca-podatkowy-partner\\\/#breadcrumb\",\"itemListElement\":[{\"@type\":\"ListItem\",\"position\":1,\"name\":\"Startseite\",\"item\":\"https:\\\/\\\/www.gamapa.de\\\/pl\\\/\"},{\"@type\":\"ListItem\",\"position\":2,\"name\":\"Nasi specjali\u015bci\",\"item\":\"https:\\\/\\\/www.gamapa.de\\\/pl\\\/doradcy\\\/\"},{\"@type\":\"ListItem\",\"position\":3,\"name\":\"Marcus Hornig\"}]},{\"@type\":\"WebSite\",\"@id\":\"https:\\\/\\\/www.gamapa.de\\\/pl\\\/#website\",\"url\":\"https:\\\/\\\/www.gamapa.de\\\/pl\\\/\",\"name\":\"GANTEF\u00dcHRER\",\"description\":\"Wirtschaftspr\u00fcfer, Steuerberater, Rechtsanw\u00e4lte\",\"publisher\":{\"@id\":\"https:\\\/\\\/www.gamapa.de\\\/pl\\\/#organization\"},\"potentialAction\":[{\"@type\":\"SearchAction\",\"target\":{\"@type\":\"EntryPoint\",\"urlTemplate\":\"https:\\\/\\\/www.gamapa.de\\\/pl\\\/?s={search_term_string}\"},\"query-input\":{\"@type\":\"PropertyValueSpecification\",\"valueRequired\":true,\"valueName\":\"search_term_string\"}}],\"inLanguage\":\"pl-PL\"},{\"@type\":\"Organization\",\"@id\":\"https:\\\/\\\/www.gamapa.de\\\/pl\\\/#organization\",\"name\":\"Gantef\u00fchrer Wirtschaftspr\u00fcfer, Steuerberater, Rechtsanw\u00e4lte\",\"url\":\"https:\\\/\\\/www.gamapa.de\\\/pl\\\/\",\"logo\":{\"@type\":\"ImageObject\",\"inLanguage\":\"pl-PL\",\"@id\":\"https:\\\/\\\/www.gamapa.de\\\/pl\\\/#\\\/schema\\\/logo\\\/image\\\/\",\"url\":\"https:\\\/\\\/www.gamapa.de\\\/wp-content\\\/uploads\\\/2026\\\/01\\\/Logo-Gantefuehrer.png\",\"contentUrl\":\"https:\\\/\\\/www.gamapa.de\\\/wp-content\\\/uploads\\\/2026\\\/01\\\/Logo-Gantefuehrer.png\",\"width\":767,\"height\":156,\"caption\":\"Gantef\u00fchrer Wirtschaftspr\u00fcfer, Steuerberater, Rechtsanw\u00e4lte\"},\"image\":{\"@id\":\"https:\\\/\\\/www.gamapa.de\\\/pl\\\/#\\\/schema\\\/logo\\\/image\\\/\"}}]}<\/script>\n<!-- \/ Yoast SEO plugin. -->","yoast_head_json":{"title":"Marcus Hornig - GANTEF\u00dcHRER","robots":{"index":"index","follow":"follow","max-snippet":"max-snippet:-1","max-image-preview":"max-image-preview:large","max-video-preview":"max-video-preview:-1"},"canonical":"https:\/\/www.gamapa.de\/pl\/doradcy\/marcus-hornig-doradca-podatkowy-partner\/","og_locale":"pl_PL","og_type":"article","og_title":"Marcus Hornig - GANTEF\u00dcHRER","og_description":"Specjalizacje Przebieg kariery zawodowej 1993-1996 Studia dualne na Uniwersytecie w &nbsp;Karlsruhe\/Baden-W\u00fcrttemberg (Wydzia\u0142 Podatkowy); Stopie\u0144: Dyplomowany ekonomista specjalista z zakresu ekonomiki przedsi\u0119biorstwa 1993-2003 Doradztwo podatkowe dla niemieckich sp\u00f3\u0142ek leasingowych dyskont\u00f3w artyku\u0142\u00f3w \u017cywno\u015bciowych i w\u0119gierskich sta\u0142ych plac\u00f3wek \/ zagranicznych sp\u00f3\u0142ek handlowych w Niemczech 2003 Uzyskanie uprawnie\u0144 doradcy podatkowego 2003-2009 Doradztwo podatkowe dla japo\u0144skich oddzia\u0142\u00f3w w Niemczech i [\u2026]","og_url":"https:\/\/www.gamapa.de\/pl\/doradcy\/marcus-hornig-doradca-podatkowy-partner\/","og_site_name":"GANTEF\u00dcHRER","article_modified_time":"2025-11-06T09:51:14+00:00","og_image":[{"width":1440,"height":859,"url":"https:\/\/www.gamapa.de\/wp-content\/uploads\/2023\/07\/Hornig_2.jpg","type":"image\/jpeg"}],"twitter_card":"summary_large_image","twitter_misc":{"Szacowany czas czytania":"2 minuty"},"schema":{"@context":"https:\/\/schema.org","@graph":[{"@type":"WebPage","@id":"https:\/\/www.gamapa.de\/pl\/doradcy\/marcus-hornig-doradca-podatkowy-partner\/","url":"https:\/\/www.gamapa.de\/pl\/doradcy\/marcus-hornig-doradca-podatkowy-partner\/","name":"Marcus Hornig - GANTEF\u00dcHRER","isPartOf":{"@id":"https:\/\/www.gamapa.de\/pl\/#website"},"primaryImageOfPage":{"@id":"https:\/\/www.gamapa.de\/pl\/doradcy\/marcus-hornig-doradca-podatkowy-partner\/#primaryimage"},"image":{"@id":"https:\/\/www.gamapa.de\/pl\/doradcy\/marcus-hornig-doradca-podatkowy-partner\/#primaryimage"},"thumbnailUrl":"https:\/\/www.gamapa.de\/wp-content\/uploads\/2023\/07\/Hornig_2.jpg","datePublished":"2023-07-05T12:49:25+00:00","dateModified":"2025-11-06T09:51:14+00:00","breadcrumb":{"@id":"https:\/\/www.gamapa.de\/pl\/doradcy\/marcus-hornig-doradca-podatkowy-partner\/#breadcrumb"},"inLanguage":"pl-PL","potentialAction":[{"@type":"ReadAction","target":["https:\/\/www.gamapa.de\/pl\/doradcy\/marcus-hornig-doradca-podatkowy-partner\/"]}]},{"@type":"ImageObject","inLanguage":"pl-PL","@id":"https:\/\/www.gamapa.de\/pl\/doradcy\/marcus-hornig-doradca-podatkowy-partner\/#primaryimage","url":"https:\/\/www.gamapa.de\/wp-content\/uploads\/2023\/07\/Hornig_2.jpg","contentUrl":"https:\/\/www.gamapa.de\/wp-content\/uploads\/2023\/07\/Hornig_2.jpg","width":1440,"height":859,"caption":"Marcus Hornig Diplom-Betriebswirt (DHBW) Steuerberater Partner"},{"@type":"BreadcrumbList","@id":"https:\/\/www.gamapa.de\/pl\/doradcy\/marcus-hornig-doradca-podatkowy-partner\/#breadcrumb","itemListElement":[{"@type":"ListItem","position":1,"name":"Startseite","item":"https:\/\/www.gamapa.de\/pl\/"},{"@type":"ListItem","position":2,"name":"Nasi specjali\u015bci","item":"https:\/\/www.gamapa.de\/pl\/doradcy\/"},{"@type":"ListItem","position":3,"name":"Marcus Hornig"}]},{"@type":"WebSite","@id":"https:\/\/www.gamapa.de\/pl\/#website","url":"https:\/\/www.gamapa.de\/pl\/","name":"GANTEF\u00dcHRER","description":"Wirtschaftspr\u00fcfer, Steuerberater, Rechtsanw\u00e4lte","publisher":{"@id":"https:\/\/www.gamapa.de\/pl\/#organization"},"potentialAction":[{"@type":"SearchAction","target":{"@type":"EntryPoint","urlTemplate":"https:\/\/www.gamapa.de\/pl\/?s={search_term_string}"},"query-input":{"@type":"PropertyValueSpecification","valueRequired":true,"valueName":"search_term_string"}}],"inLanguage":"pl-PL"},{"@type":"Organization","@id":"https:\/\/www.gamapa.de\/pl\/#organization","name":"Gantef\u00fchrer Wirtschaftspr\u00fcfer, Steuerberater, Rechtsanw\u00e4lte","url":"https:\/\/www.gamapa.de\/pl\/","logo":{"@type":"ImageObject","inLanguage":"pl-PL","@id":"https:\/\/www.gamapa.de\/pl\/#\/schema\/logo\/image\/","url":"https:\/\/www.gamapa.de\/wp-content\/uploads\/2026\/01\/Logo-Gantefuehrer.png","contentUrl":"https:\/\/www.gamapa.de\/wp-content\/uploads\/2026\/01\/Logo-Gantefuehrer.png","width":767,"height":156,"caption":"Gantef\u00fchrer Wirtschaftspr\u00fcfer, Steuerberater, Rechtsanw\u00e4lte"},"image":{"@id":"https:\/\/www.gamapa.de\/pl\/#\/schema\/logo\/image\/"}}]}},"uagb_featured_image_src":{"full":["https:\/\/www.gamapa.de\/wp-content\/uploads\/2023\/07\/Hornig_2.jpg",1440,859,false],"thumbnail":["https:\/\/www.gamapa.de\/wp-content\/uploads\/2023\/07\/Hornig_2-150x150.jpg",150,150,true],"medium":["https:\/\/www.gamapa.de\/wp-content\/uploads\/2023\/07\/Hornig_2-600x358.jpg",600,358,true],"medium_large":["https:\/\/www.gamapa.de\/wp-content\/uploads\/2023\/07\/Hornig_2-768x458.jpg",580,346,true],"large":["https:\/\/www.gamapa.de\/wp-content\/uploads\/2023\/07\/Hornig_2.jpg",580,346,false],"gs-tiny":["https:\/\/www.gamapa.de\/wp-content\/uploads\/2023\/07\/Hornig_2.jpg",50,30,false],"xl":["https:\/\/www.gamapa.de\/wp-content\/uploads\/2023\/07\/Hornig_2.jpg",1440,859,false],"xxl":["https:\/\/www.gamapa.de\/wp-content\/uploads\/2023\/07\/Hornig_2.jpg",1440,859,false],"xxxl":["https:\/\/www.gamapa.de\/wp-content\/uploads\/2023\/07\/Hornig_2.jpg",1440,859,false],"xxxxl":["https:\/\/www.gamapa.de\/wp-content\/uploads\/2023\/07\/Hornig_2.jpg",1440,859,false],"xxxxxl":["https:\/\/www.gamapa.de\/wp-content\/uploads\/2023\/07\/Hornig_2.jpg",1440,859,false],"1536x1536":["https:\/\/www.gamapa.de\/wp-content\/uploads\/2023\/07\/Hornig_2.jpg",1440,859,false],"2048x2048":["https:\/\/www.gamapa.de\/wp-content\/uploads\/2023\/07\/Hornig_2.jpg",1440,859,false],"post-thumbnail":["https:\/\/www.gamapa.de\/wp-content\/uploads\/2023\/07\/Hornig_2.jpg",1440,859,false],"twentytwenty-fullscreen":["https:\/\/www.gamapa.de\/wp-content\/uploads\/2023\/07\/Hornig_2.jpg",1440,859,false],"theme-slug-single-post":["https:\/\/www.gamapa.de\/wp-content\/uploads\/2023\/07\/Hornig_2-1440x400.jpg",1440,400,true]},"uagb_author_info":{"display_name":"linda","author_link":"https:\/\/www.gamapa.de\/pl\/author\/linda\/"},"uagb_comment_info":0,"uagb_excerpt":"Specjalizacje Przebieg kariery zawodowej 1993-1996 Studia dualne na Uniwersytecie w &nbsp;Karlsruhe\/Baden-W\u00fcrttemberg (Wydzia\u0142 Podatkowy); Stopie\u0144: Dyplomowany ekonomista specjalista z zakresu ekonomiki przedsi\u0119biorstwa 1993-2003 Doradztwo podatkowe dla niemieckich sp\u00f3\u0142ek leasingowych dyskont\u00f3w artyku\u0142\u00f3w \u017cywno\u015bciowych i w\u0119gierskich sta\u0142ych plac\u00f3wek \/ zagranicznych sp\u00f3\u0142ek handlowych w Niemczech 2003 Uzyskanie uprawnie\u0144 doradcy podatkowego 2003-2009 Doradztwo podatkowe dla japo\u0144skich oddzia\u0142\u00f3w w Niemczech i&hellip;","_links":{"self":[{"href":"https:\/\/www.gamapa.de\/pl\/wp-json\/wp\/v2\/pages\/14848","targetHints":{"allow":["GET"]}}],"collection":[{"href":"https:\/\/www.gamapa.de\/pl\/wp-json\/wp\/v2\/pages"}],"about":[{"href":"https:\/\/www.gamapa.de\/pl\/wp-json\/wp\/v2\/types\/page"}],"author":[{"embeddable":true,"href":"https:\/\/www.gamapa.de\/pl\/wp-json\/wp\/v2\/users\/1"}],"replies":[{"embeddable":true,"href":"https:\/\/www.gamapa.de\/pl\/wp-json\/wp\/v2\/comments?post=14848"}],"version-history":[{"count":13,"href":"https:\/\/www.gamapa.de\/pl\/wp-json\/wp\/v2\/pages\/14848\/revisions"}],"predecessor-version":[{"id":22270,"href":"https:\/\/www.gamapa.de\/pl\/wp-json\/wp\/v2\/pages\/14848\/revisions\/22270"}],"up":[{"embeddable":true,"href":"https:\/\/www.gamapa.de\/pl\/wp-json\/wp\/v2\/pages\/5643"}],"wp:featuredmedia":[{"embeddable":true,"href":"https:\/\/www.gamapa.de\/pl\/wp-json\/wp\/v2\/media\/14875"}],"wp:attachment":[{"href":"https:\/\/www.gamapa.de\/pl\/wp-json\/wp\/v2\/media?parent=14848"}],"curies":[{"name":"wp","href":"https:\/\/api.w.org\/{rel}","templated":true}]}}