

{"id":14930,"date":"2023-08-01T19:03:51","date_gmt":"2023-08-01T17:03:51","guid":{"rendered":"https:\/\/www.gamapa.de\/anne-sitter-steuerberaterin-wirtschaftspruferin\/"},"modified":"2025-11-06T14:42:14","modified_gmt":"2025-11-06T13:42:14","slug":"anne-sitter-biegly-rewident-doradca-podatkowy","status":"publish","type":"page","link":"https:\/\/www.gamapa.de\/pl\/doradcy\/anne-sitter-biegly-rewident-doradca-podatkowy\/","title":{"rendered":"Anne Sitter"},"content":{"rendered":"\n<h3 class=\"wp-block-heading\">Specjalizacje<\/h3>\n\n\n\n<ul class=\"wp-block-list\">\n<li>Sporz\u0105dzanie rocznych sprawozda\u0144 finansowych<\/li>\n\n\n\n<li>Opodatkowanie sp\u00f3\u0142ek<\/li>\n\n\n\n<li>Opodatkowanie os\u00f3b fizycznych<\/li>\n<\/ul>\n\n\n\n<h3 class=\"wp-block-heading\">Przebieg kariery zawodowej<\/h3>\n\n\n\n<figure class=\"wp-block-table tablist\"><table><tbody><tr><td>1999-2003<\/td><td>Studia ekonomiczne w Bonn<\/td><\/tr><tr><td>2004-2007<\/td><td>Asystent bieg\u0142ego rewidenta w mniejszej sp\u00f3\u0142ce bieg\u0142ych rewident\u00f3w<\/td><\/tr><tr><td>2007<\/td><td>Uzyskanie uprawnie\u0144 doradcy podatkowego<\/td><\/tr><tr><td>2007-2023<\/td><td>Bieg\u0142y rewident i doradca podatkowy w BDO AG (Sp\u00f3\u0142ka bieg\u0142ych rewident\u00f3w) K\u00f6ln i Essen<\/td><\/tr><tr><td>2011 <\/td><td>Uzyskanie uprawnie\u0144 bieg\u0142ego rewidenta<\/td><\/tr><tr><td>od 2023<\/td><td>Doradca podatkowy\/bieg\u0142y rewident w kancelarii Dr. Gantef\u00fchrer, Marquardt &amp; Partner<\/td><\/tr><\/tbody><\/table><\/figure>\n\n\n\n<h3 class=\"wp-block-heading\">Obs\u0142ugiwane bran\u017ce<\/h3>\n\n\n\n<ul class=\"wp-block-list\">\n<li>Ma\u0142e i \u015brednie przedsi\u0119biorstwa z r\u00f3\u017cnych bran\u017c<\/li>\n\n\n\n<li>Osoby fizyczne<\/li>\n<\/ul>\n\n\n\n\n\n<div style=\"height:30px\" aria-hidden=\"true\" class=\"wp-block-spacer\"><\/div>\n\n\n\n<div class=\"wp-block-button zurueck\"><a class=\"wp-block-button__link wp-element-button\" href=\"https:\/\/www.gamapa.de\/pl\/doradcy\/\">wstecz<\/a><\/div>\n\n\n\n<p><\/p>\n","protected":false},"excerpt":{"rendered":"<p>Specjalizacje Przebieg kariery zawodowej 1999-2003 Studia ekonomiczne w Bonn 2004-2007 Asystent bieg\u0142ego rewidenta w mniejszej sp\u00f3\u0142ce bieg\u0142ych rewident\u00f3w 2007 Uzyskanie uprawnie\u0144 doradcy podatkowego 2007-2023 Bieg\u0142y rewident i doradca podatkowy w BDO AG (Sp\u00f3\u0142ka bieg\u0142ych rewident\u00f3w) K\u00f6ln i Essen 2011 Uzyskanie uprawnie\u0144 bieg\u0142ego rewidenta od 2023 Doradca podatkowy\/bieg\u0142y rewident w kancelarii Dr. Gantef\u00fchrer, Marquardt &amp; Partner <a href=\"https:\/\/www.gamapa.de\/pl\/doradcy\/anne-sitter-biegly-rewident-doradca-podatkowy\/\">[\u2026]<\/a><\/p>\n","protected":false},"author":1,"featured_media":14982,"parent":5643,"menu_order":6,"comment_status":"closed","ping_status":"closed","template":"templates\/template-Profil.php","meta":{"_acf_changed":false,"_uag_custom_page_level_css":"","footnotes":""},"class_list":["post-14930","page","type-page","status-publish","has-post-thumbnail","hentry"],"acf":[],"yoast_head":"<!-- This site is optimized with the Yoast SEO plugin v27.5 - https:\/\/yoast.com\/product\/yoast-seo-wordpress\/ -->\n<title>Anne Sitter - GANTEF\u00dcHRER<\/title>\n<meta name=\"robots\" content=\"index, follow, max-snippet:-1, max-image-preview:large, max-video-preview:-1\" \/>\n<link rel=\"canonical\" href=\"https:\/\/www.gamapa.de\/pl\/doradcy\/anne-sitter-biegly-rewident-doradca-podatkowy\/\" \/>\n<meta property=\"og:locale\" content=\"pl_PL\" \/>\n<meta property=\"og:type\" content=\"article\" \/>\n<meta property=\"og:title\" content=\"Anne Sitter - GANTEF\u00dcHRER\" \/>\n<meta property=\"og:description\" content=\"Specjalizacje Przebieg kariery zawodowej 1999-2003 Studia ekonomiczne w Bonn 2004-2007 Asystent bieg\u0142ego rewidenta w mniejszej sp\u00f3\u0142ce bieg\u0142ych rewident\u00f3w 2007 Uzyskanie uprawnie\u0144 doradcy podatkowego 2007-2023 Bieg\u0142y rewident i doradca podatkowy w BDO AG (Sp\u00f3\u0142ka bieg\u0142ych rewident\u00f3w) K\u00f6ln i Essen 2011 Uzyskanie uprawnie\u0144 bieg\u0142ego rewidenta od 2023 Doradca podatkowy\/bieg\u0142y rewident w kancelarii Dr. Gantef\u00fchrer, Marquardt &amp; Partner [\u2026]\" \/>\n<meta property=\"og:url\" content=\"https:\/\/www.gamapa.de\/pl\/doradcy\/anne-sitter-biegly-rewident-doradca-podatkowy\/\" \/>\n<meta property=\"og:site_name\" content=\"GANTEF\u00dcHRER\" \/>\n<meta property=\"article:modified_time\" content=\"2025-11-06T13:42:14+00:00\" \/>\n<meta property=\"og:image\" content=\"https:\/\/www.gamapa.de\/wp-content\/uploads\/2023\/08\/Sitter_2.jpg\" \/>\n\t<meta property=\"og:image:width\" content=\"1440\" \/>\n\t<meta property=\"og:image:height\" content=\"859\" \/>\n\t<meta property=\"og:image:type\" content=\"image\/jpeg\" \/>\n<meta name=\"twitter:card\" content=\"summary_large_image\" \/>\n<meta name=\"twitter:label1\" content=\"Szacowany czas czytania\" \/>\n\t<meta name=\"twitter:data1\" content=\"1 minuta\" \/>\n<script type=\"application\/ld+json\" class=\"yoast-schema-graph\">{\"@context\":\"https:\\\/\\\/schema.org\",\"@graph\":[{\"@type\":\"WebPage\",\"@id\":\"https:\\\/\\\/www.gamapa.de\\\/pl\\\/doradcy\\\/anne-sitter-biegly-rewident-doradca-podatkowy\\\/\",\"url\":\"https:\\\/\\\/www.gamapa.de\\\/pl\\\/doradcy\\\/anne-sitter-biegly-rewident-doradca-podatkowy\\\/\",\"name\":\"Anne Sitter - GANTEF\u00dcHRER\",\"isPartOf\":{\"@id\":\"https:\\\/\\\/www.gamapa.de\\\/pl\\\/#website\"},\"primaryImageOfPage\":{\"@id\":\"https:\\\/\\\/www.gamapa.de\\\/pl\\\/doradcy\\\/anne-sitter-biegly-rewident-doradca-podatkowy\\\/#primaryimage\"},\"image\":{\"@id\":\"https:\\\/\\\/www.gamapa.de\\\/pl\\\/doradcy\\\/anne-sitter-biegly-rewident-doradca-podatkowy\\\/#primaryimage\"},\"thumbnailUrl\":\"https:\\\/\\\/www.gamapa.de\\\/wp-content\\\/uploads\\\/2023\\\/08\\\/Sitter_2.jpg\",\"datePublished\":\"2023-08-01T17:03:51+00:00\",\"dateModified\":\"2025-11-06T13:42:14+00:00\",\"breadcrumb\":{\"@id\":\"https:\\\/\\\/www.gamapa.de\\\/pl\\\/doradcy\\\/anne-sitter-biegly-rewident-doradca-podatkowy\\\/#breadcrumb\"},\"inLanguage\":\"pl-PL\",\"potentialAction\":[{\"@type\":\"ReadAction\",\"target\":[\"https:\\\/\\\/www.gamapa.de\\\/pl\\\/doradcy\\\/anne-sitter-biegly-rewident-doradca-podatkowy\\\/\"]}]},{\"@type\":\"ImageObject\",\"inLanguage\":\"pl-PL\",\"@id\":\"https:\\\/\\\/www.gamapa.de\\\/pl\\\/doradcy\\\/anne-sitter-biegly-rewident-doradca-podatkowy\\\/#primaryimage\",\"url\":\"https:\\\/\\\/www.gamapa.de\\\/wp-content\\\/uploads\\\/2023\\\/08\\\/Sitter_2.jpg\",\"contentUrl\":\"https:\\\/\\\/www.gamapa.de\\\/wp-content\\\/uploads\\\/2023\\\/08\\\/Sitter_2.jpg\",\"width\":1440,\"height\":859,\"caption\":\"Anne Sitter Dipl. Vw. Wirtschaftspr\u00fcferin Steuerberaterin\"},{\"@type\":\"BreadcrumbList\",\"@id\":\"https:\\\/\\\/www.gamapa.de\\\/pl\\\/doradcy\\\/anne-sitter-biegly-rewident-doradca-podatkowy\\\/#breadcrumb\",\"itemListElement\":[{\"@type\":\"ListItem\",\"position\":1,\"name\":\"Startseite\",\"item\":\"https:\\\/\\\/www.gamapa.de\\\/pl\\\/\"},{\"@type\":\"ListItem\",\"position\":2,\"name\":\"Nasi specjali\u015bci\",\"item\":\"https:\\\/\\\/www.gamapa.de\\\/pl\\\/doradcy\\\/\"},{\"@type\":\"ListItem\",\"position\":3,\"name\":\"Anne Sitter\"}]},{\"@type\":\"WebSite\",\"@id\":\"https:\\\/\\\/www.gamapa.de\\\/pl\\\/#website\",\"url\":\"https:\\\/\\\/www.gamapa.de\\\/pl\\\/\",\"name\":\"GANTEF\u00dcHRER\",\"description\":\"Wirtschaftspr\u00fcfer, Steuerberater, Rechtsanw\u00e4lte\",\"publisher\":{\"@id\":\"https:\\\/\\\/www.gamapa.de\\\/pl\\\/#organization\"},\"potentialAction\":[{\"@type\":\"SearchAction\",\"target\":{\"@type\":\"EntryPoint\",\"urlTemplate\":\"https:\\\/\\\/www.gamapa.de\\\/pl\\\/?s={search_term_string}\"},\"query-input\":{\"@type\":\"PropertyValueSpecification\",\"valueRequired\":true,\"valueName\":\"search_term_string\"}}],\"inLanguage\":\"pl-PL\"},{\"@type\":\"Organization\",\"@id\":\"https:\\\/\\\/www.gamapa.de\\\/pl\\\/#organization\",\"name\":\"Gantef\u00fchrer Wirtschaftspr\u00fcfer, Steuerberater, Rechtsanw\u00e4lte\",\"url\":\"https:\\\/\\\/www.gamapa.de\\\/pl\\\/\",\"logo\":{\"@type\":\"ImageObject\",\"inLanguage\":\"pl-PL\",\"@id\":\"https:\\\/\\\/www.gamapa.de\\\/pl\\\/#\\\/schema\\\/logo\\\/image\\\/\",\"url\":\"https:\\\/\\\/www.gamapa.de\\\/wp-content\\\/uploads\\\/2026\\\/01\\\/Logo-Gantefuehrer.png\",\"contentUrl\":\"https:\\\/\\\/www.gamapa.de\\\/wp-content\\\/uploads\\\/2026\\\/01\\\/Logo-Gantefuehrer.png\",\"width\":767,\"height\":156,\"caption\":\"Gantef\u00fchrer Wirtschaftspr\u00fcfer, Steuerberater, Rechtsanw\u00e4lte\"},\"image\":{\"@id\":\"https:\\\/\\\/www.gamapa.de\\\/pl\\\/#\\\/schema\\\/logo\\\/image\\\/\"}}]}<\/script>\n<!-- \/ Yoast SEO plugin. -->","yoast_head_json":{"title":"Anne Sitter - GANTEF\u00dcHRER","robots":{"index":"index","follow":"follow","max-snippet":"max-snippet:-1","max-image-preview":"max-image-preview:large","max-video-preview":"max-video-preview:-1"},"canonical":"https:\/\/www.gamapa.de\/pl\/doradcy\/anne-sitter-biegly-rewident-doradca-podatkowy\/","og_locale":"pl_PL","og_type":"article","og_title":"Anne Sitter - GANTEF\u00dcHRER","og_description":"Specjalizacje Przebieg kariery zawodowej 1999-2003 Studia ekonomiczne w Bonn 2004-2007 Asystent bieg\u0142ego rewidenta w mniejszej sp\u00f3\u0142ce bieg\u0142ych rewident\u00f3w 2007 Uzyskanie uprawnie\u0144 doradcy podatkowego 2007-2023 Bieg\u0142y rewident i doradca podatkowy w BDO AG (Sp\u00f3\u0142ka bieg\u0142ych rewident\u00f3w) K\u00f6ln i Essen 2011 Uzyskanie uprawnie\u0144 bieg\u0142ego rewidenta od 2023 Doradca podatkowy\/bieg\u0142y rewident w kancelarii Dr. Gantef\u00fchrer, Marquardt &amp; Partner [\u2026]","og_url":"https:\/\/www.gamapa.de\/pl\/doradcy\/anne-sitter-biegly-rewident-doradca-podatkowy\/","og_site_name":"GANTEF\u00dcHRER","article_modified_time":"2025-11-06T13:42:14+00:00","og_image":[{"width":1440,"height":859,"url":"https:\/\/www.gamapa.de\/wp-content\/uploads\/2023\/08\/Sitter_2.jpg","type":"image\/jpeg"}],"twitter_card":"summary_large_image","twitter_misc":{"Szacowany czas czytania":"1 minuta"},"schema":{"@context":"https:\/\/schema.org","@graph":[{"@type":"WebPage","@id":"https:\/\/www.gamapa.de\/pl\/doradcy\/anne-sitter-biegly-rewident-doradca-podatkowy\/","url":"https:\/\/www.gamapa.de\/pl\/doradcy\/anne-sitter-biegly-rewident-doradca-podatkowy\/","name":"Anne Sitter - GANTEF\u00dcHRER","isPartOf":{"@id":"https:\/\/www.gamapa.de\/pl\/#website"},"primaryImageOfPage":{"@id":"https:\/\/www.gamapa.de\/pl\/doradcy\/anne-sitter-biegly-rewident-doradca-podatkowy\/#primaryimage"},"image":{"@id":"https:\/\/www.gamapa.de\/pl\/doradcy\/anne-sitter-biegly-rewident-doradca-podatkowy\/#primaryimage"},"thumbnailUrl":"https:\/\/www.gamapa.de\/wp-content\/uploads\/2023\/08\/Sitter_2.jpg","datePublished":"2023-08-01T17:03:51+00:00","dateModified":"2025-11-06T13:42:14+00:00","breadcrumb":{"@id":"https:\/\/www.gamapa.de\/pl\/doradcy\/anne-sitter-biegly-rewident-doradca-podatkowy\/#breadcrumb"},"inLanguage":"pl-PL","potentialAction":[{"@type":"ReadAction","target":["https:\/\/www.gamapa.de\/pl\/doradcy\/anne-sitter-biegly-rewident-doradca-podatkowy\/"]}]},{"@type":"ImageObject","inLanguage":"pl-PL","@id":"https:\/\/www.gamapa.de\/pl\/doradcy\/anne-sitter-biegly-rewident-doradca-podatkowy\/#primaryimage","url":"https:\/\/www.gamapa.de\/wp-content\/uploads\/2023\/08\/Sitter_2.jpg","contentUrl":"https:\/\/www.gamapa.de\/wp-content\/uploads\/2023\/08\/Sitter_2.jpg","width":1440,"height":859,"caption":"Anne Sitter Dipl. Vw. Wirtschaftspr\u00fcferin Steuerberaterin"},{"@type":"BreadcrumbList","@id":"https:\/\/www.gamapa.de\/pl\/doradcy\/anne-sitter-biegly-rewident-doradca-podatkowy\/#breadcrumb","itemListElement":[{"@type":"ListItem","position":1,"name":"Startseite","item":"https:\/\/www.gamapa.de\/pl\/"},{"@type":"ListItem","position":2,"name":"Nasi specjali\u015bci","item":"https:\/\/www.gamapa.de\/pl\/doradcy\/"},{"@type":"ListItem","position":3,"name":"Anne Sitter"}]},{"@type":"WebSite","@id":"https:\/\/www.gamapa.de\/pl\/#website","url":"https:\/\/www.gamapa.de\/pl\/","name":"GANTEF\u00dcHRER","description":"Wirtschaftspr\u00fcfer, Steuerberater, Rechtsanw\u00e4lte","publisher":{"@id":"https:\/\/www.gamapa.de\/pl\/#organization"},"potentialAction":[{"@type":"SearchAction","target":{"@type":"EntryPoint","urlTemplate":"https:\/\/www.gamapa.de\/pl\/?s={search_term_string}"},"query-input":{"@type":"PropertyValueSpecification","valueRequired":true,"valueName":"search_term_string"}}],"inLanguage":"pl-PL"},{"@type":"Organization","@id":"https:\/\/www.gamapa.de\/pl\/#organization","name":"Gantef\u00fchrer Wirtschaftspr\u00fcfer, Steuerberater, Rechtsanw\u00e4lte","url":"https:\/\/www.gamapa.de\/pl\/","logo":{"@type":"ImageObject","inLanguage":"pl-PL","@id":"https:\/\/www.gamapa.de\/pl\/#\/schema\/logo\/image\/","url":"https:\/\/www.gamapa.de\/wp-content\/uploads\/2026\/01\/Logo-Gantefuehrer.png","contentUrl":"https:\/\/www.gamapa.de\/wp-content\/uploads\/2026\/01\/Logo-Gantefuehrer.png","width":767,"height":156,"caption":"Gantef\u00fchrer Wirtschaftspr\u00fcfer, Steuerberater, Rechtsanw\u00e4lte"},"image":{"@id":"https:\/\/www.gamapa.de\/pl\/#\/schema\/logo\/image\/"}}]}},"uagb_featured_image_src":{"full":["https:\/\/www.gamapa.de\/wp-content\/uploads\/2023\/08\/Sitter_2.jpg",1440,859,false],"thumbnail":["https:\/\/www.gamapa.de\/wp-content\/uploads\/2023\/08\/Sitter_2-150x150.jpg",150,150,true],"medium":["https:\/\/www.gamapa.de\/wp-content\/uploads\/2023\/08\/Sitter_2-600x358.jpg",600,358,true],"medium_large":["https:\/\/www.gamapa.de\/wp-content\/uploads\/2023\/08\/Sitter_2-768x458.jpg",580,346,true],"large":["https:\/\/www.gamapa.de\/wp-content\/uploads\/2023\/08\/Sitter_2.jpg",580,346,false],"gs-tiny":["https:\/\/www.gamapa.de\/wp-content\/uploads\/2023\/08\/Sitter_2.jpg",50,30,false],"xl":["https:\/\/www.gamapa.de\/wp-content\/uploads\/2023\/08\/Sitter_2.jpg",1440,859,false],"xxl":["https:\/\/www.gamapa.de\/wp-content\/uploads\/2023\/08\/Sitter_2.jpg",1440,859,false],"xxxl":["https:\/\/www.gamapa.de\/wp-content\/uploads\/2023\/08\/Sitter_2.jpg",1440,859,false],"xxxxl":["https:\/\/www.gamapa.de\/wp-content\/uploads\/2023\/08\/Sitter_2.jpg",1440,859,false],"xxxxxl":["https:\/\/www.gamapa.de\/wp-content\/uploads\/2023\/08\/Sitter_2.jpg",1440,859,false],"1536x1536":["https:\/\/www.gamapa.de\/wp-content\/uploads\/2023\/08\/Sitter_2.jpg",1440,859,false],"2048x2048":["https:\/\/www.gamapa.de\/wp-content\/uploads\/2023\/08\/Sitter_2.jpg",1440,859,false],"post-thumbnail":["https:\/\/www.gamapa.de\/wp-content\/uploads\/2023\/08\/Sitter_2.jpg",1440,859,false],"twentytwenty-fullscreen":["https:\/\/www.gamapa.de\/wp-content\/uploads\/2023\/08\/Sitter_2.jpg",1440,859,false],"theme-slug-single-post":["https:\/\/www.gamapa.de\/wp-content\/uploads\/2023\/08\/Sitter_2-1440x400.jpg",1440,400,true]},"uagb_author_info":{"display_name":"linda","author_link":"https:\/\/www.gamapa.de\/pl\/author\/linda\/"},"uagb_comment_info":0,"uagb_excerpt":"Specjalizacje Przebieg kariery zawodowej 1999-2003 Studia ekonomiczne w Bonn 2004-2007 Asystent bieg\u0142ego rewidenta w mniejszej sp\u00f3\u0142ce bieg\u0142ych rewident\u00f3w 2007 Uzyskanie uprawnie\u0144 doradcy podatkowego 2007-2023 Bieg\u0142y rewident i doradca podatkowy w BDO AG (Sp\u00f3\u0142ka bieg\u0142ych rewident\u00f3w) K\u00f6ln i Essen 2011 Uzyskanie uprawnie\u0144 bieg\u0142ego rewidenta od 2023 Doradca podatkowy\/bieg\u0142y rewident w kancelarii Dr. Gantef\u00fchrer, Marquardt &amp; Partner&hellip;","_links":{"self":[{"href":"https:\/\/www.gamapa.de\/pl\/wp-json\/wp\/v2\/pages\/14930","targetHints":{"allow":["GET"]}}],"collection":[{"href":"https:\/\/www.gamapa.de\/pl\/wp-json\/wp\/v2\/pages"}],"about":[{"href":"https:\/\/www.gamapa.de\/pl\/wp-json\/wp\/v2\/types\/page"}],"author":[{"embeddable":true,"href":"https:\/\/www.gamapa.de\/pl\/wp-json\/wp\/v2\/users\/1"}],"replies":[{"embeddable":true,"href":"https:\/\/www.gamapa.de\/pl\/wp-json\/wp\/v2\/comments?post=14930"}],"version-history":[{"count":11,"href":"https:\/\/www.gamapa.de\/pl\/wp-json\/wp\/v2\/pages\/14930\/revisions"}],"predecessor-version":[{"id":22329,"href":"https:\/\/www.gamapa.de\/pl\/wp-json\/wp\/v2\/pages\/14930\/revisions\/22329"}],"up":[{"embeddable":true,"href":"https:\/\/www.gamapa.de\/pl\/wp-json\/wp\/v2\/pages\/5643"}],"wp:featuredmedia":[{"embeddable":true,"href":"https:\/\/www.gamapa.de\/pl\/wp-json\/wp\/v2\/media\/14982"}],"wp:attachment":[{"href":"https:\/\/www.gamapa.de\/pl\/wp-json\/wp\/v2\/media?parent=14930"}],"curies":[{"name":"wp","href":"https:\/\/api.w.org\/{rel}","templated":true}]}}