

{"id":15414,"date":"2023-12-05T16:26:04","date_gmt":"2023-12-05T15:26:04","guid":{"rendered":"https:\/\/www.gamapa.de\/sascha-wegener-rechtsanwalt-steuerberater\/"},"modified":"2025-11-06T15:44:01","modified_gmt":"2025-11-06T14:44:01","slug":"sascha-wegener-adwokat-doradca-podatkowy","status":"publish","type":"page","link":"https:\/\/www.gamapa.de\/pl\/doradcy\/sascha-wegener-adwokat-doradca-podatkowy\/","title":{"rendered":"Sascha Wegener"},"content":{"rendered":"\n<h3 class=\"wp-block-heading\">Specjalizacje<\/h3>\n\n\n\n<ul class=\"wp-block-list\">\n<li>Interdyscyplinarne doradztwo dla \u015brednich przedsi\u0119biorstw<\/li>\n\n\n\n<li>Restrukturyzacja przedsi\u0119biorstw<\/li>\n\n\n\n<li>Doradztwo w zakresie strukturyzacji podatkowej <\/li>\n\n\n\n<li>Prawo handlowe i korporacyjne<\/li>\n<\/ul>\n\n\n\n<h3 class=\"wp-block-heading\">Przebieg kariery zawodowej<\/h3>\n\n\n\n<figure class=\"wp-block-table tablist\"><table><tbody><tr><td>2010-2013<\/td><td>Uniwersytet Nauk Stosowanych w zakresie Finans\u00f3w Kraju Zwi\u0105zkowego Nadrenii P\u00f3\u0142nocnej-Westfalii, Nordkirchen<\/td><\/tr><tr><td>2013-2019<\/td><td>Praca w urz\u0119dzie skarbowym, g\u0142\u00f3wnie w obszarze odpowiedzialno\u015bci i niewyp\u0142acalno\u015bci<\/td><\/tr><tr><td>2014-2019<\/td><td>Studiowa\u0142 prawo na Uniwersytecie Ruhr w Bochum<\/td><\/tr><tr><td>2019-2021<\/td><td>Sta\u017c prawniczy w Duisburgu<\/td><\/tr><tr><td>2021<\/td><td>Powo\u0142anie na doradc\u0119 podatkowego<\/td><\/tr><tr><td>2021-2023<\/td><td>Adwokat w sp\u00f3\u0142ce PKF Fasselt, Duisburg<\/td><\/tr><tr><td>od 2023<\/td><td>Adwokat i doradca podatkowy w kancelarii Dr. Gantef\u00fchrer, Marquardt &amp; Partner<\/td><\/tr><\/tbody><\/table><\/figure>\n\n\n\n<h3 class=\"wp-block-heading\">Obs\u0142ugiwane bran\u017ce<\/h3>\n\n\n\n<ul class=\"wp-block-list\">\n<li>Ma\u0142e i \u015brednie przedsi\u0119biorstwa z r\u00f3\u017cnych bran\u017c<\/li>\n\n\n\n<li>Inwestorzy prywatni<\/li>\n<\/ul>\n\n\n\n<h3 class=\"wp-block-heading\">Publikacje<\/h3>\n\n\n\n<ul class=\"wp-block-list\">\n<li>Sprzeda\u017c nieruchomo\u015bci &#8211; rozpoznawanie i unikanie pu\u0142apek podatkowych, BC 4\/2023, 158<\/li>\n<\/ul>\n\n\n\n\n\n<div class=\"wp-block-button zurueck\"><a class=\"wp-block-button__link wp-element-button\" href=\"https:\/\/www.gamapa.de\/pl\/doradcy\/\">WSTECZ<\/a><\/div>\n","protected":false},"excerpt":{"rendered":"<p>Specjalizacje Przebieg kariery zawodowej 2010-2013 Uniwersytet Nauk Stosowanych w zakresie Finans\u00f3w Kraju Zwi\u0105zkowego Nadrenii P\u00f3\u0142nocnej-Westfalii, Nordkirchen 2013-2019 Praca w urz\u0119dzie skarbowym, g\u0142\u00f3wnie w obszarze odpowiedzialno\u015bci i niewyp\u0142acalno\u015bci 2014-2019 Studiowa\u0142 prawo na Uniwersytecie Ruhr w Bochum 2019-2021 Sta\u017c prawniczy w Duisburgu 2021 Powo\u0142anie na doradc\u0119 podatkowego 2021-2023 Adwokat w sp\u00f3\u0142ce PKF Fasselt, Duisburg od 2023 Adwokat <a href=\"https:\/\/www.gamapa.de\/pl\/doradcy\/sascha-wegener-adwokat-doradca-podatkowy\/\">[\u2026]<\/a><\/p>\n","protected":false},"author":1,"featured_media":15506,"parent":5643,"menu_order":30,"comment_status":"closed","ping_status":"closed","template":"templates\/template-Profil.php","meta":{"_acf_changed":false,"_uag_custom_page_level_css":"","footnotes":""},"class_list":["post-15414","page","type-page","status-publish","has-post-thumbnail","hentry"],"acf":[],"yoast_head":"<!-- This site is optimized with the Yoast SEO plugin v27.3 - https:\/\/yoast.com\/product\/yoast-seo-wordpress\/ -->\n<title>Sascha Wegener - GANTEF\u00dcHRER<\/title>\n<meta name=\"robots\" content=\"index, follow, max-snippet:-1, max-image-preview:large, max-video-preview:-1\" \/>\n<link rel=\"canonical\" href=\"https:\/\/www.gamapa.de\/pl\/doradcy\/sascha-wegener-adwokat-doradca-podatkowy\/\" \/>\n<meta property=\"og:locale\" content=\"pl_PL\" \/>\n<meta property=\"og:type\" content=\"article\" \/>\n<meta property=\"og:title\" content=\"Sascha Wegener - GANTEF\u00dcHRER\" \/>\n<meta property=\"og:description\" content=\"Specjalizacje Przebieg kariery zawodowej 2010-2013 Uniwersytet Nauk Stosowanych w zakresie Finans\u00f3w Kraju Zwi\u0105zkowego Nadrenii P\u00f3\u0142nocnej-Westfalii, Nordkirchen 2013-2019 Praca w urz\u0119dzie skarbowym, g\u0142\u00f3wnie w obszarze odpowiedzialno\u015bci i niewyp\u0142acalno\u015bci 2014-2019 Studiowa\u0142 prawo na Uniwersytecie Ruhr w Bochum 2019-2021 Sta\u017c prawniczy w Duisburgu 2021 Powo\u0142anie na doradc\u0119 podatkowego 2021-2023 Adwokat w sp\u00f3\u0142ce PKF Fasselt, Duisburg od 2023 Adwokat [\u2026]\" \/>\n<meta property=\"og:url\" content=\"https:\/\/www.gamapa.de\/pl\/doradcy\/sascha-wegener-adwokat-doradca-podatkowy\/\" \/>\n<meta property=\"og:site_name\" content=\"GANTEF\u00dcHRER\" \/>\n<meta property=\"article:modified_time\" content=\"2025-11-06T14:44:01+00:00\" \/>\n<meta property=\"og:image\" content=\"https:\/\/www.gamapa.de\/wp-content\/uploads\/2023\/12\/Wegener_2.jpg\" \/>\n\t<meta property=\"og:image:width\" content=\"1440\" \/>\n\t<meta property=\"og:image:height\" content=\"859\" \/>\n\t<meta property=\"og:image:type\" content=\"image\/jpeg\" \/>\n<meta name=\"twitter:card\" content=\"summary_large_image\" \/>\n<meta name=\"twitter:label1\" content=\"Szacowany czas czytania\" \/>\n\t<meta name=\"twitter:data1\" content=\"1 minuta\" \/>\n<script type=\"application\/ld+json\" class=\"yoast-schema-graph\">{\"@context\":\"https:\\\/\\\/schema.org\",\"@graph\":[{\"@type\":\"WebPage\",\"@id\":\"https:\\\/\\\/www.gamapa.de\\\/pl\\\/doradcy\\\/sascha-wegener-adwokat-doradca-podatkowy\\\/\",\"url\":\"https:\\\/\\\/www.gamapa.de\\\/pl\\\/doradcy\\\/sascha-wegener-adwokat-doradca-podatkowy\\\/\",\"name\":\"Sascha Wegener - GANTEF\u00dcHRER\",\"isPartOf\":{\"@id\":\"https:\\\/\\\/www.gamapa.de\\\/pl\\\/#website\"},\"primaryImageOfPage\":{\"@id\":\"https:\\\/\\\/www.gamapa.de\\\/pl\\\/doradcy\\\/sascha-wegener-adwokat-doradca-podatkowy\\\/#primaryimage\"},\"image\":{\"@id\":\"https:\\\/\\\/www.gamapa.de\\\/pl\\\/doradcy\\\/sascha-wegener-adwokat-doradca-podatkowy\\\/#primaryimage\"},\"thumbnailUrl\":\"https:\\\/\\\/www.gamapa.de\\\/wp-content\\\/uploads\\\/2023\\\/12\\\/Wegener_2.jpg\",\"datePublished\":\"2023-12-05T15:26:04+00:00\",\"dateModified\":\"2025-11-06T14:44:01+00:00\",\"breadcrumb\":{\"@id\":\"https:\\\/\\\/www.gamapa.de\\\/pl\\\/doradcy\\\/sascha-wegener-adwokat-doradca-podatkowy\\\/#breadcrumb\"},\"inLanguage\":\"pl-PL\",\"potentialAction\":[{\"@type\":\"ReadAction\",\"target\":[\"https:\\\/\\\/www.gamapa.de\\\/pl\\\/doradcy\\\/sascha-wegener-adwokat-doradca-podatkowy\\\/\"]}]},{\"@type\":\"ImageObject\",\"inLanguage\":\"pl-PL\",\"@id\":\"https:\\\/\\\/www.gamapa.de\\\/pl\\\/doradcy\\\/sascha-wegener-adwokat-doradca-podatkowy\\\/#primaryimage\",\"url\":\"https:\\\/\\\/www.gamapa.de\\\/wp-content\\\/uploads\\\/2023\\\/12\\\/Wegener_2.jpg\",\"contentUrl\":\"https:\\\/\\\/www.gamapa.de\\\/wp-content\\\/uploads\\\/2023\\\/12\\\/Wegener_2.jpg\",\"width\":1440,\"height\":859,\"caption\":\"Sascha Wegener, Rechtsanwalt, Steuerberater Dipl.-Finw. (FH),\"},{\"@type\":\"BreadcrumbList\",\"@id\":\"https:\\\/\\\/www.gamapa.de\\\/pl\\\/doradcy\\\/sascha-wegener-adwokat-doradca-podatkowy\\\/#breadcrumb\",\"itemListElement\":[{\"@type\":\"ListItem\",\"position\":1,\"name\":\"Startseite\",\"item\":\"https:\\\/\\\/www.gamapa.de\\\/pl\\\/\"},{\"@type\":\"ListItem\",\"position\":2,\"name\":\"Nasi specjali\u015bci\",\"item\":\"https:\\\/\\\/www.gamapa.de\\\/pl\\\/doradcy\\\/\"},{\"@type\":\"ListItem\",\"position\":3,\"name\":\"Sascha Wegener\"}]},{\"@type\":\"WebSite\",\"@id\":\"https:\\\/\\\/www.gamapa.de\\\/pl\\\/#website\",\"url\":\"https:\\\/\\\/www.gamapa.de\\\/pl\\\/\",\"name\":\"GANTEF\u00dcHRER\",\"description\":\"Wirtschaftspr\u00fcfer, Steuerberater, Rechtsanw\u00e4lte\",\"publisher\":{\"@id\":\"https:\\\/\\\/www.gamapa.de\\\/pl\\\/#organization\"},\"potentialAction\":[{\"@type\":\"SearchAction\",\"target\":{\"@type\":\"EntryPoint\",\"urlTemplate\":\"https:\\\/\\\/www.gamapa.de\\\/pl\\\/?s={search_term_string}\"},\"query-input\":{\"@type\":\"PropertyValueSpecification\",\"valueRequired\":true,\"valueName\":\"search_term_string\"}}],\"inLanguage\":\"pl-PL\"},{\"@type\":\"Organization\",\"@id\":\"https:\\\/\\\/www.gamapa.de\\\/pl\\\/#organization\",\"name\":\"Gantef\u00fchrer Wirtschaftspr\u00fcfer, Steuerberater, Rechtsanw\u00e4lte\",\"url\":\"https:\\\/\\\/www.gamapa.de\\\/pl\\\/\",\"logo\":{\"@type\":\"ImageObject\",\"inLanguage\":\"pl-PL\",\"@id\":\"https:\\\/\\\/www.gamapa.de\\\/pl\\\/#\\\/schema\\\/logo\\\/image\\\/\",\"url\":\"https:\\\/\\\/www.gamapa.de\\\/wp-content\\\/uploads\\\/2026\\\/01\\\/Logo-Gantefuehrer.png\",\"contentUrl\":\"https:\\\/\\\/www.gamapa.de\\\/wp-content\\\/uploads\\\/2026\\\/01\\\/Logo-Gantefuehrer.png\",\"width\":767,\"height\":156,\"caption\":\"Gantef\u00fchrer Wirtschaftspr\u00fcfer, Steuerberater, Rechtsanw\u00e4lte\"},\"image\":{\"@id\":\"https:\\\/\\\/www.gamapa.de\\\/pl\\\/#\\\/schema\\\/logo\\\/image\\\/\"}}]}<\/script>\n<!-- \/ Yoast SEO plugin. -->","yoast_head_json":{"title":"Sascha Wegener - GANTEF\u00dcHRER","robots":{"index":"index","follow":"follow","max-snippet":"max-snippet:-1","max-image-preview":"max-image-preview:large","max-video-preview":"max-video-preview:-1"},"canonical":"https:\/\/www.gamapa.de\/pl\/doradcy\/sascha-wegener-adwokat-doradca-podatkowy\/","og_locale":"pl_PL","og_type":"article","og_title":"Sascha Wegener - GANTEF\u00dcHRER","og_description":"Specjalizacje Przebieg kariery zawodowej 2010-2013 Uniwersytet Nauk Stosowanych w zakresie Finans\u00f3w Kraju Zwi\u0105zkowego Nadrenii P\u00f3\u0142nocnej-Westfalii, Nordkirchen 2013-2019 Praca w urz\u0119dzie skarbowym, g\u0142\u00f3wnie w obszarze odpowiedzialno\u015bci i niewyp\u0142acalno\u015bci 2014-2019 Studiowa\u0142 prawo na Uniwersytecie Ruhr w Bochum 2019-2021 Sta\u017c prawniczy w Duisburgu 2021 Powo\u0142anie na doradc\u0119 podatkowego 2021-2023 Adwokat w sp\u00f3\u0142ce PKF Fasselt, Duisburg od 2023 Adwokat [\u2026]","og_url":"https:\/\/www.gamapa.de\/pl\/doradcy\/sascha-wegener-adwokat-doradca-podatkowy\/","og_site_name":"GANTEF\u00dcHRER","article_modified_time":"2025-11-06T14:44:01+00:00","og_image":[{"width":1440,"height":859,"url":"https:\/\/www.gamapa.de\/wp-content\/uploads\/2023\/12\/Wegener_2.jpg","type":"image\/jpeg"}],"twitter_card":"summary_large_image","twitter_misc":{"Szacowany czas czytania":"1 minuta"},"schema":{"@context":"https:\/\/schema.org","@graph":[{"@type":"WebPage","@id":"https:\/\/www.gamapa.de\/pl\/doradcy\/sascha-wegener-adwokat-doradca-podatkowy\/","url":"https:\/\/www.gamapa.de\/pl\/doradcy\/sascha-wegener-adwokat-doradca-podatkowy\/","name":"Sascha Wegener - GANTEF\u00dcHRER","isPartOf":{"@id":"https:\/\/www.gamapa.de\/pl\/#website"},"primaryImageOfPage":{"@id":"https:\/\/www.gamapa.de\/pl\/doradcy\/sascha-wegener-adwokat-doradca-podatkowy\/#primaryimage"},"image":{"@id":"https:\/\/www.gamapa.de\/pl\/doradcy\/sascha-wegener-adwokat-doradca-podatkowy\/#primaryimage"},"thumbnailUrl":"https:\/\/www.gamapa.de\/wp-content\/uploads\/2023\/12\/Wegener_2.jpg","datePublished":"2023-12-05T15:26:04+00:00","dateModified":"2025-11-06T14:44:01+00:00","breadcrumb":{"@id":"https:\/\/www.gamapa.de\/pl\/doradcy\/sascha-wegener-adwokat-doradca-podatkowy\/#breadcrumb"},"inLanguage":"pl-PL","potentialAction":[{"@type":"ReadAction","target":["https:\/\/www.gamapa.de\/pl\/doradcy\/sascha-wegener-adwokat-doradca-podatkowy\/"]}]},{"@type":"ImageObject","inLanguage":"pl-PL","@id":"https:\/\/www.gamapa.de\/pl\/doradcy\/sascha-wegener-adwokat-doradca-podatkowy\/#primaryimage","url":"https:\/\/www.gamapa.de\/wp-content\/uploads\/2023\/12\/Wegener_2.jpg","contentUrl":"https:\/\/www.gamapa.de\/wp-content\/uploads\/2023\/12\/Wegener_2.jpg","width":1440,"height":859,"caption":"Sascha Wegener, Rechtsanwalt, Steuerberater Dipl.-Finw. (FH),"},{"@type":"BreadcrumbList","@id":"https:\/\/www.gamapa.de\/pl\/doradcy\/sascha-wegener-adwokat-doradca-podatkowy\/#breadcrumb","itemListElement":[{"@type":"ListItem","position":1,"name":"Startseite","item":"https:\/\/www.gamapa.de\/pl\/"},{"@type":"ListItem","position":2,"name":"Nasi specjali\u015bci","item":"https:\/\/www.gamapa.de\/pl\/doradcy\/"},{"@type":"ListItem","position":3,"name":"Sascha Wegener"}]},{"@type":"WebSite","@id":"https:\/\/www.gamapa.de\/pl\/#website","url":"https:\/\/www.gamapa.de\/pl\/","name":"GANTEF\u00dcHRER","description":"Wirtschaftspr\u00fcfer, Steuerberater, Rechtsanw\u00e4lte","publisher":{"@id":"https:\/\/www.gamapa.de\/pl\/#organization"},"potentialAction":[{"@type":"SearchAction","target":{"@type":"EntryPoint","urlTemplate":"https:\/\/www.gamapa.de\/pl\/?s={search_term_string}"},"query-input":{"@type":"PropertyValueSpecification","valueRequired":true,"valueName":"search_term_string"}}],"inLanguage":"pl-PL"},{"@type":"Organization","@id":"https:\/\/www.gamapa.de\/pl\/#organization","name":"Gantef\u00fchrer Wirtschaftspr\u00fcfer, Steuerberater, Rechtsanw\u00e4lte","url":"https:\/\/www.gamapa.de\/pl\/","logo":{"@type":"ImageObject","inLanguage":"pl-PL","@id":"https:\/\/www.gamapa.de\/pl\/#\/schema\/logo\/image\/","url":"https:\/\/www.gamapa.de\/wp-content\/uploads\/2026\/01\/Logo-Gantefuehrer.png","contentUrl":"https:\/\/www.gamapa.de\/wp-content\/uploads\/2026\/01\/Logo-Gantefuehrer.png","width":767,"height":156,"caption":"Gantef\u00fchrer Wirtschaftspr\u00fcfer, Steuerberater, Rechtsanw\u00e4lte"},"image":{"@id":"https:\/\/www.gamapa.de\/pl\/#\/schema\/logo\/image\/"}}]}},"uagb_featured_image_src":{"full":["https:\/\/www.gamapa.de\/wp-content\/uploads\/2023\/12\/Wegener_2.jpg",1440,859,false],"thumbnail":["https:\/\/www.gamapa.de\/wp-content\/uploads\/2023\/12\/Wegener_2-150x150.jpg",150,150,true],"medium":["https:\/\/www.gamapa.de\/wp-content\/uploads\/2023\/12\/Wegener_2-600x358.jpg",600,358,true],"medium_large":["https:\/\/www.gamapa.de\/wp-content\/uploads\/2023\/12\/Wegener_2-768x458.jpg",580,346,true],"large":["https:\/\/www.gamapa.de\/wp-content\/uploads\/2023\/12\/Wegener_2.jpg",580,346,false],"gs-tiny":["https:\/\/www.gamapa.de\/wp-content\/uploads\/2023\/12\/Wegener_2.jpg",50,30,false],"xl":["https:\/\/www.gamapa.de\/wp-content\/uploads\/2023\/12\/Wegener_2.jpg",1440,859,false],"xxl":["https:\/\/www.gamapa.de\/wp-content\/uploads\/2023\/12\/Wegener_2.jpg",1440,859,false],"xxxl":["https:\/\/www.gamapa.de\/wp-content\/uploads\/2023\/12\/Wegener_2.jpg",1440,859,false],"xxxxl":["https:\/\/www.gamapa.de\/wp-content\/uploads\/2023\/12\/Wegener_2.jpg",1440,859,false],"xxxxxl":["https:\/\/www.gamapa.de\/wp-content\/uploads\/2023\/12\/Wegener_2.jpg",1440,859,false],"1536x1536":["https:\/\/www.gamapa.de\/wp-content\/uploads\/2023\/12\/Wegener_2.jpg",1440,859,false],"2048x2048":["https:\/\/www.gamapa.de\/wp-content\/uploads\/2023\/12\/Wegener_2.jpg",1440,859,false],"post-thumbnail":["https:\/\/www.gamapa.de\/wp-content\/uploads\/2023\/12\/Wegener_2.jpg",1440,859,false],"twentytwenty-fullscreen":["https:\/\/www.gamapa.de\/wp-content\/uploads\/2023\/12\/Wegener_2.jpg",1440,859,false],"theme-slug-single-post":["https:\/\/www.gamapa.de\/wp-content\/uploads\/2023\/12\/Wegener_2-1440x400.jpg",1440,400,true]},"uagb_author_info":{"display_name":"linda","author_link":"https:\/\/www.gamapa.de\/pl\/author\/linda\/"},"uagb_comment_info":0,"uagb_excerpt":"Specjalizacje Przebieg kariery zawodowej 2010-2013 Uniwersytet Nauk Stosowanych w zakresie Finans\u00f3w Kraju Zwi\u0105zkowego Nadrenii P\u00f3\u0142nocnej-Westfalii, Nordkirchen 2013-2019 Praca w urz\u0119dzie skarbowym, g\u0142\u00f3wnie w obszarze odpowiedzialno\u015bci i niewyp\u0142acalno\u015bci 2014-2019 Studiowa\u0142 prawo na Uniwersytecie Ruhr w Bochum 2019-2021 Sta\u017c prawniczy w Duisburgu 2021 Powo\u0142anie na doradc\u0119 podatkowego 2021-2023 Adwokat w sp\u00f3\u0142ce PKF Fasselt, Duisburg od 2023 Adwokat&hellip;","_links":{"self":[{"href":"https:\/\/www.gamapa.de\/pl\/wp-json\/wp\/v2\/pages\/15414","targetHints":{"allow":["GET"]}}],"collection":[{"href":"https:\/\/www.gamapa.de\/pl\/wp-json\/wp\/v2\/pages"}],"about":[{"href":"https:\/\/www.gamapa.de\/pl\/wp-json\/wp\/v2\/types\/page"}],"author":[{"embeddable":true,"href":"https:\/\/www.gamapa.de\/pl\/wp-json\/wp\/v2\/users\/1"}],"replies":[{"embeddable":true,"href":"https:\/\/www.gamapa.de\/pl\/wp-json\/wp\/v2\/comments?post=15414"}],"version-history":[{"count":13,"href":"https:\/\/www.gamapa.de\/pl\/wp-json\/wp\/v2\/pages\/15414\/revisions"}],"predecessor-version":[{"id":22354,"href":"https:\/\/www.gamapa.de\/pl\/wp-json\/wp\/v2\/pages\/15414\/revisions\/22354"}],"up":[{"embeddable":true,"href":"https:\/\/www.gamapa.de\/pl\/wp-json\/wp\/v2\/pages\/5643"}],"wp:featuredmedia":[{"embeddable":true,"href":"https:\/\/www.gamapa.de\/pl\/wp-json\/wp\/v2\/media\/15506"}],"wp:attachment":[{"href":"https:\/\/www.gamapa.de\/pl\/wp-json\/wp\/v2\/media?parent=15414"}],"curies":[{"name":"wp","href":"https:\/\/api.w.org\/{rel}","templated":true}]}}