

{"id":15962,"date":"2024-06-06T22:08:03","date_gmt":"2024-06-06T20:08:03","guid":{"rendered":"https:\/\/www.gamapa.de\/?page_id=15962"},"modified":"2025-11-06T11:57:21","modified_gmt":"2025-11-06T10:57:21","slug":"lennart-laubert-adwokat","status":"publish","type":"page","link":"https:\/\/www.gamapa.de\/pl\/doradcy\/lennart-laubert-adwokat\/","title":{"rendered":"Lennart Laubert"},"content":{"rendered":"\n<h3 class=\"wp-block-heading\">Specjalizacje<\/h3>\n\n\n\n<ul class=\"wp-block-list\">\n<li>Interdyscyplinarne doradztwo dla \u015brednich przedsi\u0119biorstw<\/li>\n\n\n\n<li>Restrukturyzacja przedsi\u0119biorstw<\/li>\n\n\n\n<li>Doradztwo w zakresie strukturyzacji podatkowej<\/li>\n<\/ul>\n\n\n\n<h3 class=\"wp-block-heading\">Przebieg kariery zawodowej<\/h3>\n\n\n\n<figure class=\"wp-block-table tablist\"><table><tbody><tr><td>2013-2016<\/td><td>Uniwersytet Nauk Stosowanych w dziedzinie finans\u00f3w kraju zwi\u0105zkowego NRW, Nordkirchen<\/td><\/tr><tr><td>2013-2016<\/td><td>Zatrudnienie w urz\u0119dzie skarbowym<\/td><\/tr><tr><td>2016-2021<\/td><td>Studia prawnicze na Uniwersytecie w M\u00fcnster i Uniwersytecie w Bielefeld<\/td><\/tr><tr><td>2021-2024<\/td><td>Sta\u017c prawniczy w S\u0105dzie Okr\u0119gowym w Bielefeld z etapami w Federalnym Ministerstwie Finans\u00f3w i du\u017cej mi\u0119dzynarodowej kancelarii prawnej<\/td><\/tr><tr><td>od 2024<\/td><td>Prawnik w Dr Gantef\u00fchrer, Marquardt &amp; Partner<\/td><\/tr><\/tbody><\/table><\/figure>\n\n\n\n<h3 class=\"wp-block-heading\">Obs\u0142ugiwane bran\u017ce<\/h3>\n\n\n\n<ul class=\"wp-block-list\">\n<li>\u015arednie przedsi\u0119biorstwa z r\u00f3\u017cnych sektor\u00f3w<\/li>\n\n\n\n<li>Zamo\u017cne osoby prywatne<\/li>\n<\/ul>\n\n\n\n<div style=\"height:30px\" aria-hidden=\"true\" class=\"wp-block-spacer\"><\/div>\n\n\n\n<div class=\"wp-block-buttons is-layout-flex wp-block-buttons-is-layout-flex\">\n<div class=\"wp-block-button zurueck\"><a class=\"wp-block-button__link wp-element-button\" href=\"https:\/\/www.gamapa.de\/pl\/doradcy\/\">wstecz<\/a><\/div>\n<\/div>\n","protected":false},"excerpt":{"rendered":"<p>Specjalizacje Przebieg kariery zawodowej 2013-2016 Uniwersytet Nauk Stosowanych w dziedzinie finans\u00f3w kraju zwi\u0105zkowego NRW, Nordkirchen 2013-2016 Zatrudnienie w urz\u0119dzie skarbowym 2016-2021 Studia prawnicze na Uniwersytecie w M\u00fcnster i Uniwersytecie w Bielefeld 2021-2024 Sta\u017c prawniczy w S\u0105dzie Okr\u0119gowym w Bielefeld z etapami w Federalnym Ministerstwie Finans\u00f3w i du\u017cej mi\u0119dzynarodowej kancelarii prawnej od 2024 Prawnik w Dr <a href=\"https:\/\/www.gamapa.de\/pl\/doradcy\/lennart-laubert-adwokat\/\">[\u2026]<\/a><\/p>\n","protected":false},"author":1,"featured_media":15941,"parent":5643,"menu_order":27,"comment_status":"closed","ping_status":"closed","template":"templates\/template-Profil.php","meta":{"_acf_changed":false,"_uag_custom_page_level_css":"","footnotes":""},"class_list":["post-15962","page","type-page","status-publish","has-post-thumbnail","hentry"],"acf":[],"yoast_head":"<!-- This site is optimized with the Yoast SEO plugin v27.5 - https:\/\/yoast.com\/product\/yoast-seo-wordpress\/ -->\n<title>Lennart Laubert - GANTEF\u00dcHRER<\/title>\n<meta name=\"robots\" content=\"index, follow, max-snippet:-1, max-image-preview:large, max-video-preview:-1\" \/>\n<link rel=\"canonical\" href=\"https:\/\/www.gamapa.de\/pl\/doradcy\/lennart-laubert-adwokat\/\" \/>\n<meta property=\"og:locale\" content=\"pl_PL\" \/>\n<meta property=\"og:type\" content=\"article\" \/>\n<meta property=\"og:title\" content=\"Lennart Laubert - GANTEF\u00dcHRER\" \/>\n<meta property=\"og:description\" content=\"Specjalizacje Przebieg kariery zawodowej 2013-2016 Uniwersytet Nauk Stosowanych w dziedzinie finans\u00f3w kraju zwi\u0105zkowego NRW, Nordkirchen 2013-2016 Zatrudnienie w urz\u0119dzie skarbowym 2016-2021 Studia prawnicze na Uniwersytecie w M\u00fcnster i Uniwersytecie w Bielefeld 2021-2024 Sta\u017c prawniczy w S\u0105dzie Okr\u0119gowym w Bielefeld z etapami w Federalnym Ministerstwie Finans\u00f3w i du\u017cej mi\u0119dzynarodowej kancelarii prawnej od 2024 Prawnik w Dr [\u2026]\" \/>\n<meta property=\"og:url\" content=\"https:\/\/www.gamapa.de\/pl\/doradcy\/lennart-laubert-adwokat\/\" \/>\n<meta property=\"og:site_name\" content=\"GANTEF\u00dcHRER\" \/>\n<meta property=\"article:modified_time\" content=\"2025-11-06T10:57:21+00:00\" \/>\n<meta property=\"og:image\" content=\"https:\/\/www.gamapa.de\/wp-content\/uploads\/2024\/05\/laubert-big.jpg\" \/>\n\t<meta property=\"og:image:width\" content=\"1440\" \/>\n\t<meta property=\"og:image:height\" content=\"859\" \/>\n\t<meta property=\"og:image:type\" content=\"image\/jpeg\" \/>\n<meta name=\"twitter:card\" content=\"summary_large_image\" \/>\n<meta name=\"twitter:label1\" content=\"Szacowany czas czytania\" \/>\n\t<meta name=\"twitter:data1\" content=\"1 minuta\" \/>\n<script type=\"application\/ld+json\" class=\"yoast-schema-graph\">{\"@context\":\"https:\\\/\\\/schema.org\",\"@graph\":[{\"@type\":\"WebPage\",\"@id\":\"https:\\\/\\\/www.gamapa.de\\\/pl\\\/doradcy\\\/lennart-laubert-adwokat\\\/\",\"url\":\"https:\\\/\\\/www.gamapa.de\\\/pl\\\/doradcy\\\/lennart-laubert-adwokat\\\/\",\"name\":\"Lennart Laubert - GANTEF\u00dcHRER\",\"isPartOf\":{\"@id\":\"https:\\\/\\\/www.gamapa.de\\\/pl\\\/#website\"},\"primaryImageOfPage\":{\"@id\":\"https:\\\/\\\/www.gamapa.de\\\/pl\\\/doradcy\\\/lennart-laubert-adwokat\\\/#primaryimage\"},\"image\":{\"@id\":\"https:\\\/\\\/www.gamapa.de\\\/pl\\\/doradcy\\\/lennart-laubert-adwokat\\\/#primaryimage\"},\"thumbnailUrl\":\"https:\\\/\\\/www.gamapa.de\\\/wp-content\\\/uploads\\\/2024\\\/05\\\/laubert-big.jpg\",\"datePublished\":\"2024-06-06T20:08:03+00:00\",\"dateModified\":\"2025-11-06T10:57:21+00:00\",\"breadcrumb\":{\"@id\":\"https:\\\/\\\/www.gamapa.de\\\/pl\\\/doradcy\\\/lennart-laubert-adwokat\\\/#breadcrumb\"},\"inLanguage\":\"pl-PL\",\"potentialAction\":[{\"@type\":\"ReadAction\",\"target\":[\"https:\\\/\\\/www.gamapa.de\\\/pl\\\/doradcy\\\/lennart-laubert-adwokat\\\/\"]}]},{\"@type\":\"ImageObject\",\"inLanguage\":\"pl-PL\",\"@id\":\"https:\\\/\\\/www.gamapa.de\\\/pl\\\/doradcy\\\/lennart-laubert-adwokat\\\/#primaryimage\",\"url\":\"https:\\\/\\\/www.gamapa.de\\\/wp-content\\\/uploads\\\/2024\\\/05\\\/laubert-big.jpg\",\"contentUrl\":\"https:\\\/\\\/www.gamapa.de\\\/wp-content\\\/uploads\\\/2024\\\/05\\\/laubert-big.jpg\",\"width\":1440,\"height\":859,\"caption\":\"Lennart Laubert Dipl. Finanzwirt\"},{\"@type\":\"BreadcrumbList\",\"@id\":\"https:\\\/\\\/www.gamapa.de\\\/pl\\\/doradcy\\\/lennart-laubert-adwokat\\\/#breadcrumb\",\"itemListElement\":[{\"@type\":\"ListItem\",\"position\":1,\"name\":\"Startseite\",\"item\":\"https:\\\/\\\/www.gamapa.de\\\/pl\\\/\"},{\"@type\":\"ListItem\",\"position\":2,\"name\":\"Nasi specjali\u015bci\",\"item\":\"https:\\\/\\\/www.gamapa.de\\\/pl\\\/doradcy\\\/\"},{\"@type\":\"ListItem\",\"position\":3,\"name\":\"Lennart Laubert\"}]},{\"@type\":\"WebSite\",\"@id\":\"https:\\\/\\\/www.gamapa.de\\\/pl\\\/#website\",\"url\":\"https:\\\/\\\/www.gamapa.de\\\/pl\\\/\",\"name\":\"GANTEF\u00dcHRER\",\"description\":\"Wirtschaftspr\u00fcfer, Steuerberater, Rechtsanw\u00e4lte\",\"publisher\":{\"@id\":\"https:\\\/\\\/www.gamapa.de\\\/pl\\\/#organization\"},\"potentialAction\":[{\"@type\":\"SearchAction\",\"target\":{\"@type\":\"EntryPoint\",\"urlTemplate\":\"https:\\\/\\\/www.gamapa.de\\\/pl\\\/?s={search_term_string}\"},\"query-input\":{\"@type\":\"PropertyValueSpecification\",\"valueRequired\":true,\"valueName\":\"search_term_string\"}}],\"inLanguage\":\"pl-PL\"},{\"@type\":\"Organization\",\"@id\":\"https:\\\/\\\/www.gamapa.de\\\/pl\\\/#organization\",\"name\":\"Gantef\u00fchrer Wirtschaftspr\u00fcfer, Steuerberater, Rechtsanw\u00e4lte\",\"url\":\"https:\\\/\\\/www.gamapa.de\\\/pl\\\/\",\"logo\":{\"@type\":\"ImageObject\",\"inLanguage\":\"pl-PL\",\"@id\":\"https:\\\/\\\/www.gamapa.de\\\/pl\\\/#\\\/schema\\\/logo\\\/image\\\/\",\"url\":\"https:\\\/\\\/www.gamapa.de\\\/wp-content\\\/uploads\\\/2026\\\/01\\\/Logo-Gantefuehrer.png\",\"contentUrl\":\"https:\\\/\\\/www.gamapa.de\\\/wp-content\\\/uploads\\\/2026\\\/01\\\/Logo-Gantefuehrer.png\",\"width\":767,\"height\":156,\"caption\":\"Gantef\u00fchrer Wirtschaftspr\u00fcfer, Steuerberater, Rechtsanw\u00e4lte\"},\"image\":{\"@id\":\"https:\\\/\\\/www.gamapa.de\\\/pl\\\/#\\\/schema\\\/logo\\\/image\\\/\"}}]}<\/script>\n<!-- \/ Yoast SEO plugin. -->","yoast_head_json":{"title":"Lennart Laubert - GANTEF\u00dcHRER","robots":{"index":"index","follow":"follow","max-snippet":"max-snippet:-1","max-image-preview":"max-image-preview:large","max-video-preview":"max-video-preview:-1"},"canonical":"https:\/\/www.gamapa.de\/pl\/doradcy\/lennart-laubert-adwokat\/","og_locale":"pl_PL","og_type":"article","og_title":"Lennart Laubert - GANTEF\u00dcHRER","og_description":"Specjalizacje Przebieg kariery zawodowej 2013-2016 Uniwersytet Nauk Stosowanych w dziedzinie finans\u00f3w kraju zwi\u0105zkowego NRW, Nordkirchen 2013-2016 Zatrudnienie w urz\u0119dzie skarbowym 2016-2021 Studia prawnicze na Uniwersytecie w M\u00fcnster i Uniwersytecie w Bielefeld 2021-2024 Sta\u017c prawniczy w S\u0105dzie Okr\u0119gowym w Bielefeld z etapami w Federalnym Ministerstwie Finans\u00f3w i du\u017cej mi\u0119dzynarodowej kancelarii prawnej od 2024 Prawnik w Dr [\u2026]","og_url":"https:\/\/www.gamapa.de\/pl\/doradcy\/lennart-laubert-adwokat\/","og_site_name":"GANTEF\u00dcHRER","article_modified_time":"2025-11-06T10:57:21+00:00","og_image":[{"width":1440,"height":859,"url":"https:\/\/www.gamapa.de\/wp-content\/uploads\/2024\/05\/laubert-big.jpg","type":"image\/jpeg"}],"twitter_card":"summary_large_image","twitter_misc":{"Szacowany czas czytania":"1 minuta"},"schema":{"@context":"https:\/\/schema.org","@graph":[{"@type":"WebPage","@id":"https:\/\/www.gamapa.de\/pl\/doradcy\/lennart-laubert-adwokat\/","url":"https:\/\/www.gamapa.de\/pl\/doradcy\/lennart-laubert-adwokat\/","name":"Lennart Laubert - GANTEF\u00dcHRER","isPartOf":{"@id":"https:\/\/www.gamapa.de\/pl\/#website"},"primaryImageOfPage":{"@id":"https:\/\/www.gamapa.de\/pl\/doradcy\/lennart-laubert-adwokat\/#primaryimage"},"image":{"@id":"https:\/\/www.gamapa.de\/pl\/doradcy\/lennart-laubert-adwokat\/#primaryimage"},"thumbnailUrl":"https:\/\/www.gamapa.de\/wp-content\/uploads\/2024\/05\/laubert-big.jpg","datePublished":"2024-06-06T20:08:03+00:00","dateModified":"2025-11-06T10:57:21+00:00","breadcrumb":{"@id":"https:\/\/www.gamapa.de\/pl\/doradcy\/lennart-laubert-adwokat\/#breadcrumb"},"inLanguage":"pl-PL","potentialAction":[{"@type":"ReadAction","target":["https:\/\/www.gamapa.de\/pl\/doradcy\/lennart-laubert-adwokat\/"]}]},{"@type":"ImageObject","inLanguage":"pl-PL","@id":"https:\/\/www.gamapa.de\/pl\/doradcy\/lennart-laubert-adwokat\/#primaryimage","url":"https:\/\/www.gamapa.de\/wp-content\/uploads\/2024\/05\/laubert-big.jpg","contentUrl":"https:\/\/www.gamapa.de\/wp-content\/uploads\/2024\/05\/laubert-big.jpg","width":1440,"height":859,"caption":"Lennart Laubert Dipl. Finanzwirt"},{"@type":"BreadcrumbList","@id":"https:\/\/www.gamapa.de\/pl\/doradcy\/lennart-laubert-adwokat\/#breadcrumb","itemListElement":[{"@type":"ListItem","position":1,"name":"Startseite","item":"https:\/\/www.gamapa.de\/pl\/"},{"@type":"ListItem","position":2,"name":"Nasi specjali\u015bci","item":"https:\/\/www.gamapa.de\/pl\/doradcy\/"},{"@type":"ListItem","position":3,"name":"Lennart Laubert"}]},{"@type":"WebSite","@id":"https:\/\/www.gamapa.de\/pl\/#website","url":"https:\/\/www.gamapa.de\/pl\/","name":"GANTEF\u00dcHRER","description":"Wirtschaftspr\u00fcfer, Steuerberater, Rechtsanw\u00e4lte","publisher":{"@id":"https:\/\/www.gamapa.de\/pl\/#organization"},"potentialAction":[{"@type":"SearchAction","target":{"@type":"EntryPoint","urlTemplate":"https:\/\/www.gamapa.de\/pl\/?s={search_term_string}"},"query-input":{"@type":"PropertyValueSpecification","valueRequired":true,"valueName":"search_term_string"}}],"inLanguage":"pl-PL"},{"@type":"Organization","@id":"https:\/\/www.gamapa.de\/pl\/#organization","name":"Gantef\u00fchrer Wirtschaftspr\u00fcfer, Steuerberater, Rechtsanw\u00e4lte","url":"https:\/\/www.gamapa.de\/pl\/","logo":{"@type":"ImageObject","inLanguage":"pl-PL","@id":"https:\/\/www.gamapa.de\/pl\/#\/schema\/logo\/image\/","url":"https:\/\/www.gamapa.de\/wp-content\/uploads\/2026\/01\/Logo-Gantefuehrer.png","contentUrl":"https:\/\/www.gamapa.de\/wp-content\/uploads\/2026\/01\/Logo-Gantefuehrer.png","width":767,"height":156,"caption":"Gantef\u00fchrer Wirtschaftspr\u00fcfer, Steuerberater, Rechtsanw\u00e4lte"},"image":{"@id":"https:\/\/www.gamapa.de\/pl\/#\/schema\/logo\/image\/"}}]}},"uagb_featured_image_src":{"full":["https:\/\/www.gamapa.de\/wp-content\/uploads\/2024\/05\/laubert-big.jpg",1440,859,false],"thumbnail":["https:\/\/www.gamapa.de\/wp-content\/uploads\/2024\/05\/laubert-big-150x150.jpg",150,150,true],"medium":["https:\/\/www.gamapa.de\/wp-content\/uploads\/2024\/05\/laubert-big-600x358.jpg",600,358,true],"medium_large":["https:\/\/www.gamapa.de\/wp-content\/uploads\/2024\/05\/laubert-big-768x458.jpg",580,346,true],"large":["https:\/\/www.gamapa.de\/wp-content\/uploads\/2024\/05\/laubert-big.jpg",580,346,false],"gs-tiny":["https:\/\/www.gamapa.de\/wp-content\/uploads\/2024\/05\/laubert-big-50x30.jpg",50,30,true],"xl":["https:\/\/www.gamapa.de\/wp-content\/uploads\/2024\/05\/laubert-big.jpg",1440,859,false],"xxl":["https:\/\/www.gamapa.de\/wp-content\/uploads\/2024\/05\/laubert-big.jpg",1440,859,false],"xxxl":["https:\/\/www.gamapa.de\/wp-content\/uploads\/2024\/05\/laubert-big.jpg",1440,859,false],"xxxxl":["https:\/\/www.gamapa.de\/wp-content\/uploads\/2024\/05\/laubert-big.jpg",1440,859,false],"xxxxxl":["https:\/\/www.gamapa.de\/wp-content\/uploads\/2024\/05\/laubert-big.jpg",1440,859,false],"1536x1536":["https:\/\/www.gamapa.de\/wp-content\/uploads\/2024\/05\/laubert-big.jpg",1440,859,false],"2048x2048":["https:\/\/www.gamapa.de\/wp-content\/uploads\/2024\/05\/laubert-big.jpg",1440,859,false],"post-thumbnail":["https:\/\/www.gamapa.de\/wp-content\/uploads\/2024\/05\/laubert-big.jpg",1440,859,false],"twentytwenty-fullscreen":["https:\/\/www.gamapa.de\/wp-content\/uploads\/2024\/05\/laubert-big.jpg",1440,859,false],"theme-slug-single-post":["https:\/\/www.gamapa.de\/wp-content\/uploads\/2024\/05\/laubert-big-1440x400.jpg",1440,400,true]},"uagb_author_info":{"display_name":"linda","author_link":"https:\/\/www.gamapa.de\/pl\/author\/linda\/"},"uagb_comment_info":0,"uagb_excerpt":"Specjalizacje Przebieg kariery zawodowej 2013-2016 Uniwersytet Nauk Stosowanych w dziedzinie finans\u00f3w kraju zwi\u0105zkowego NRW, Nordkirchen 2013-2016 Zatrudnienie w urz\u0119dzie skarbowym 2016-2021 Studia prawnicze na Uniwersytecie w M\u00fcnster i Uniwersytecie w Bielefeld 2021-2024 Sta\u017c prawniczy w S\u0105dzie Okr\u0119gowym w Bielefeld z etapami w Federalnym Ministerstwie Finans\u00f3w i du\u017cej mi\u0119dzynarodowej kancelarii prawnej od 2024 Prawnik w Dr&hellip;","_links":{"self":[{"href":"https:\/\/www.gamapa.de\/pl\/wp-json\/wp\/v2\/pages\/15962","targetHints":{"allow":["GET"]}}],"collection":[{"href":"https:\/\/www.gamapa.de\/pl\/wp-json\/wp\/v2\/pages"}],"about":[{"href":"https:\/\/www.gamapa.de\/pl\/wp-json\/wp\/v2\/types\/page"}],"author":[{"embeddable":true,"href":"https:\/\/www.gamapa.de\/pl\/wp-json\/wp\/v2\/users\/1"}],"replies":[{"embeddable":true,"href":"https:\/\/www.gamapa.de\/pl\/wp-json\/wp\/v2\/comments?post=15962"}],"version-history":[{"count":9,"href":"https:\/\/www.gamapa.de\/pl\/wp-json\/wp\/v2\/pages\/15962\/revisions"}],"predecessor-version":[{"id":22280,"href":"https:\/\/www.gamapa.de\/pl\/wp-json\/wp\/v2\/pages\/15962\/revisions\/22280"}],"up":[{"embeddable":true,"href":"https:\/\/www.gamapa.de\/pl\/wp-json\/wp\/v2\/pages\/5643"}],"wp:featuredmedia":[{"embeddable":true,"href":"https:\/\/www.gamapa.de\/pl\/wp-json\/wp\/v2\/media\/15941"}],"wp:attachment":[{"href":"https:\/\/www.gamapa.de\/pl\/wp-json\/wp\/v2\/media?parent=15962"}],"curies":[{"name":"wp","href":"https:\/\/api.w.org\/{rel}","templated":true}]}}