

{"id":20244,"date":"2025-07-08T11:22:26","date_gmt":"2025-07-08T09:22:26","guid":{"rendered":"https:\/\/www.gamapa.de\/doradcy\/maximilian-boehm-ll-m\/"},"modified":"2026-02-10T12:21:49","modified_gmt":"2026-02-10T11:21:49","slug":"maximilian-boehm-ll-m","status":"publish","type":"page","link":"https:\/\/www.gamapa.de\/pl\/doradcy\/maximilian-boehm-ll-m\/","title":{"rendered":"Maximilian B\u00f6hm, LL.M."},"content":{"rendered":"\n<h3 class=\"wp-block-heading\">Specjalizacje<\/h3>\n\n\n\n<ul class=\"wp-block-list\">\n<li>Prawo spadkowe<\/li>\n\n\n\n<li>Prawo handlowe i prawo sp\u00f3\u0142ek<\/li>\n\n\n\n<li>Prawo nieruchomo\u015bci<\/li>\n<\/ul>\n\n\n\n<h3 class=\"wp-block-heading\">Przebieg kariery zawodowej<\/h3>\n\n\n\n<figure class=\"wp-block-table tablist\"><table><tbody><tr><td>2013-2019<\/td><td>Studiowa\u0142 prawo na Uniwersytecie Marcina Lutra w Halle-Wittenberdze i Uniwersytecie Northumbria w Newcastle upon Tyne (Wielka Brytania).<\/td><\/tr><tr><td>2020<\/td><td>Program LL.M. na Uniwersytecie Stellenbosch (RPA)<\/td><\/tr><tr><td>2021-2023<\/td><td>Sta\u017c prawniczy w Halle i Berlinie<\/td><\/tr><tr><td>2024-2025<\/td><td>Prawnik w Loschelder Rechtsanw\u00e4lte Partnerschaftsgesellschaft mbB, Kolonia<\/td><\/tr><tr><td>Od 2025<\/td><td>Prawnik w Dr Gantef\u00fchrer, Marquardt &amp; Partner<\/td><\/tr><\/tbody><\/table><\/figure>\n\n\n\n<h3 class=\"wp-block-heading\">Obs\u0142ugiwane bran\u017ce<\/h3>\n\n\n\n<ul class=\"wp-block-list\">\n<li>\u015arednie firmy z r\u00f3\u017cnych sektor\u00f3w<\/li>\n\n\n\n<li>Fundacje<\/li>\n\n\n\n<li>Klienci prywatni<\/li>\n<\/ul>\n\n\n\n<div class=\"wp-block-buttons is-layout-flex wp-block-buttons-is-layout-flex\">\n<div class=\"wp-block-button zurueck\"><a class=\"wp-block-button__link wp-element-button\" href=\"https:\/\/www.gamapa.de\/pl\/doradcy\/\">wstecz<\/a><\/div>\n<\/div>\n\n\n\n<p><\/p>\n","protected":false},"excerpt":{"rendered":"<p>Specjalizacje Przebieg kariery zawodowej 2013-2019 Studiowa\u0142 prawo na Uniwersytecie Marcina Lutra w Halle-Wittenberdze i Uniwersytecie Northumbria w Newcastle upon Tyne (Wielka Brytania). 2020 Program LL.M. na Uniwersytecie Stellenbosch (RPA) 2021-2023 Sta\u017c prawniczy w Halle i Berlinie 2024-2025 Prawnik w Loschelder Rechtsanw\u00e4lte Partnerschaftsgesellschaft mbB, Kolonia Od 2025 Prawnik w Dr Gantef\u00fchrer, Marquardt &amp; Partner Obs\u0142ugiwane bran\u017ce<\/p>\n","protected":false},"author":11,"featured_media":20212,"parent":5643,"menu_order":34,"comment_status":"closed","ping_status":"closed","template":"templates\/template-Profil.php","meta":{"_acf_changed":false,"_uag_custom_page_level_css":"","footnotes":""},"class_list":["post-20244","page","type-page","status-publish","has-post-thumbnail","hentry"],"acf":[],"yoast_head":"<!-- This site is optimized with the Yoast SEO plugin v27.5 - https:\/\/yoast.com\/product\/yoast-seo-wordpress\/ -->\n<title>Maximilian B\u00f6hm, LL.M. - GANTEF\u00dcHRER<\/title>\n<meta name=\"robots\" content=\"index, follow, max-snippet:-1, max-image-preview:large, max-video-preview:-1\" \/>\n<link rel=\"canonical\" href=\"https:\/\/www.gamapa.de\/pl\/doradcy\/maximilian-boehm-ll-m\/\" \/>\n<meta property=\"og:locale\" content=\"pl_PL\" \/>\n<meta property=\"og:type\" content=\"article\" \/>\n<meta property=\"og:title\" content=\"Maximilian B\u00f6hm, LL.M. - GANTEF\u00dcHRER\" \/>\n<meta property=\"og:description\" content=\"Specjalizacje Przebieg kariery zawodowej 2013-2019 Studiowa\u0142 prawo na Uniwersytecie Marcina Lutra w Halle-Wittenberdze i Uniwersytecie Northumbria w Newcastle upon Tyne (Wielka Brytania). 2020 Program LL.M. na Uniwersytecie Stellenbosch (RPA) 2021-2023 Sta\u017c prawniczy w Halle i Berlinie 2024-2025 Prawnik w Loschelder Rechtsanw\u00e4lte Partnerschaftsgesellschaft mbB, Kolonia Od 2025 Prawnik w Dr Gantef\u00fchrer, Marquardt &amp; Partner Obs\u0142ugiwane bran\u017ce\" \/>\n<meta property=\"og:url\" content=\"https:\/\/www.gamapa.de\/pl\/doradcy\/maximilian-boehm-ll-m\/\" \/>\n<meta property=\"og:site_name\" content=\"GANTEF\u00dcHRER\" \/>\n<meta property=\"article:modified_time\" content=\"2026-02-10T11:21:49+00:00\" \/>\n<meta property=\"og:image\" content=\"https:\/\/www.gamapa.de\/wp-content\/uploads\/2025\/07\/Boehm_gross-web.png\" \/>\n\t<meta property=\"og:image:width\" content=\"1440\" \/>\n\t<meta property=\"og:image:height\" content=\"859\" \/>\n\t<meta property=\"og:image:type\" content=\"image\/png\" \/>\n<meta name=\"twitter:card\" content=\"summary_large_image\" \/>\n<meta name=\"twitter:label1\" content=\"Szacowany czas czytania\" \/>\n\t<meta name=\"twitter:data1\" content=\"1 minuta\" \/>\n<script type=\"application\/ld+json\" class=\"yoast-schema-graph\">{\"@context\":\"https:\\\/\\\/schema.org\",\"@graph\":[{\"@type\":\"WebPage\",\"@id\":\"https:\\\/\\\/www.gamapa.de\\\/pl\\\/doradcy\\\/maximilian-boehm-ll-m\\\/\",\"url\":\"https:\\\/\\\/www.gamapa.de\\\/pl\\\/doradcy\\\/maximilian-boehm-ll-m\\\/\",\"name\":\"Maximilian B\u00f6hm, LL.M. - GANTEF\u00dcHRER\",\"isPartOf\":{\"@id\":\"https:\\\/\\\/www.gamapa.de\\\/pl\\\/#website\"},\"primaryImageOfPage\":{\"@id\":\"https:\\\/\\\/www.gamapa.de\\\/pl\\\/doradcy\\\/maximilian-boehm-ll-m\\\/#primaryimage\"},\"image\":{\"@id\":\"https:\\\/\\\/www.gamapa.de\\\/pl\\\/doradcy\\\/maximilian-boehm-ll-m\\\/#primaryimage\"},\"thumbnailUrl\":\"https:\\\/\\\/www.gamapa.de\\\/wp-content\\\/uploads\\\/2025\\\/07\\\/Boehm_gross-web.png\",\"datePublished\":\"2025-07-08T09:22:26+00:00\",\"dateModified\":\"2026-02-10T11:21:49+00:00\",\"breadcrumb\":{\"@id\":\"https:\\\/\\\/www.gamapa.de\\\/pl\\\/doradcy\\\/maximilian-boehm-ll-m\\\/#breadcrumb\"},\"inLanguage\":\"pl-PL\",\"potentialAction\":[{\"@type\":\"ReadAction\",\"target\":[\"https:\\\/\\\/www.gamapa.de\\\/pl\\\/doradcy\\\/maximilian-boehm-ll-m\\\/\"]}]},{\"@type\":\"ImageObject\",\"inLanguage\":\"pl-PL\",\"@id\":\"https:\\\/\\\/www.gamapa.de\\\/pl\\\/doradcy\\\/maximilian-boehm-ll-m\\\/#primaryimage\",\"url\":\"https:\\\/\\\/www.gamapa.de\\\/wp-content\\\/uploads\\\/2025\\\/07\\\/Boehm_gross-web.png\",\"contentUrl\":\"https:\\\/\\\/www.gamapa.de\\\/wp-content\\\/uploads\\\/2025\\\/07\\\/Boehm_gross-web.png\",\"width\":1440,\"height\":859},{\"@type\":\"BreadcrumbList\",\"@id\":\"https:\\\/\\\/www.gamapa.de\\\/pl\\\/doradcy\\\/maximilian-boehm-ll-m\\\/#breadcrumb\",\"itemListElement\":[{\"@type\":\"ListItem\",\"position\":1,\"name\":\"Startseite\",\"item\":\"https:\\\/\\\/www.gamapa.de\\\/pl\\\/\"},{\"@type\":\"ListItem\",\"position\":2,\"name\":\"Nasi specjali\u015bci\",\"item\":\"https:\\\/\\\/www.gamapa.de\\\/pl\\\/doradcy\\\/\"},{\"@type\":\"ListItem\",\"position\":3,\"name\":\"Maximilian B\u00f6hm, LL.M.\"}]},{\"@type\":\"WebSite\",\"@id\":\"https:\\\/\\\/www.gamapa.de\\\/pl\\\/#website\",\"url\":\"https:\\\/\\\/www.gamapa.de\\\/pl\\\/\",\"name\":\"GANTEF\u00dcHRER\",\"description\":\"Wirtschaftspr\u00fcfer, Steuerberater, Rechtsanw\u00e4lte\",\"publisher\":{\"@id\":\"https:\\\/\\\/www.gamapa.de\\\/pl\\\/#organization\"},\"potentialAction\":[{\"@type\":\"SearchAction\",\"target\":{\"@type\":\"EntryPoint\",\"urlTemplate\":\"https:\\\/\\\/www.gamapa.de\\\/pl\\\/?s={search_term_string}\"},\"query-input\":{\"@type\":\"PropertyValueSpecification\",\"valueRequired\":true,\"valueName\":\"search_term_string\"}}],\"inLanguage\":\"pl-PL\"},{\"@type\":\"Organization\",\"@id\":\"https:\\\/\\\/www.gamapa.de\\\/pl\\\/#organization\",\"name\":\"Gantef\u00fchrer Wirtschaftspr\u00fcfer, Steuerberater, Rechtsanw\u00e4lte\",\"url\":\"https:\\\/\\\/www.gamapa.de\\\/pl\\\/\",\"logo\":{\"@type\":\"ImageObject\",\"inLanguage\":\"pl-PL\",\"@id\":\"https:\\\/\\\/www.gamapa.de\\\/pl\\\/#\\\/schema\\\/logo\\\/image\\\/\",\"url\":\"https:\\\/\\\/www.gamapa.de\\\/wp-content\\\/uploads\\\/2026\\\/01\\\/Logo-Gantefuehrer.png\",\"contentUrl\":\"https:\\\/\\\/www.gamapa.de\\\/wp-content\\\/uploads\\\/2026\\\/01\\\/Logo-Gantefuehrer.png\",\"width\":767,\"height\":156,\"caption\":\"Gantef\u00fchrer Wirtschaftspr\u00fcfer, Steuerberater, Rechtsanw\u00e4lte\"},\"image\":{\"@id\":\"https:\\\/\\\/www.gamapa.de\\\/pl\\\/#\\\/schema\\\/logo\\\/image\\\/\"}}]}<\/script>\n<!-- \/ Yoast SEO plugin. -->","yoast_head_json":{"title":"Maximilian B\u00f6hm, LL.M. - GANTEF\u00dcHRER","robots":{"index":"index","follow":"follow","max-snippet":"max-snippet:-1","max-image-preview":"max-image-preview:large","max-video-preview":"max-video-preview:-1"},"canonical":"https:\/\/www.gamapa.de\/pl\/doradcy\/maximilian-boehm-ll-m\/","og_locale":"pl_PL","og_type":"article","og_title":"Maximilian B\u00f6hm, LL.M. - GANTEF\u00dcHRER","og_description":"Specjalizacje Przebieg kariery zawodowej 2013-2019 Studiowa\u0142 prawo na Uniwersytecie Marcina Lutra w Halle-Wittenberdze i Uniwersytecie Northumbria w Newcastle upon Tyne (Wielka Brytania). 2020 Program LL.M. na Uniwersytecie Stellenbosch (RPA) 2021-2023 Sta\u017c prawniczy w Halle i Berlinie 2024-2025 Prawnik w Loschelder Rechtsanw\u00e4lte Partnerschaftsgesellschaft mbB, Kolonia Od 2025 Prawnik w Dr Gantef\u00fchrer, Marquardt &amp; Partner Obs\u0142ugiwane bran\u017ce","og_url":"https:\/\/www.gamapa.de\/pl\/doradcy\/maximilian-boehm-ll-m\/","og_site_name":"GANTEF\u00dcHRER","article_modified_time":"2026-02-10T11:21:49+00:00","og_image":[{"width":1440,"height":859,"url":"https:\/\/www.gamapa.de\/wp-content\/uploads\/2025\/07\/Boehm_gross-web.png","type":"image\/png"}],"twitter_card":"summary_large_image","twitter_misc":{"Szacowany czas czytania":"1 minuta"},"schema":{"@context":"https:\/\/schema.org","@graph":[{"@type":"WebPage","@id":"https:\/\/www.gamapa.de\/pl\/doradcy\/maximilian-boehm-ll-m\/","url":"https:\/\/www.gamapa.de\/pl\/doradcy\/maximilian-boehm-ll-m\/","name":"Maximilian B\u00f6hm, LL.M. - GANTEF\u00dcHRER","isPartOf":{"@id":"https:\/\/www.gamapa.de\/pl\/#website"},"primaryImageOfPage":{"@id":"https:\/\/www.gamapa.de\/pl\/doradcy\/maximilian-boehm-ll-m\/#primaryimage"},"image":{"@id":"https:\/\/www.gamapa.de\/pl\/doradcy\/maximilian-boehm-ll-m\/#primaryimage"},"thumbnailUrl":"https:\/\/www.gamapa.de\/wp-content\/uploads\/2025\/07\/Boehm_gross-web.png","datePublished":"2025-07-08T09:22:26+00:00","dateModified":"2026-02-10T11:21:49+00:00","breadcrumb":{"@id":"https:\/\/www.gamapa.de\/pl\/doradcy\/maximilian-boehm-ll-m\/#breadcrumb"},"inLanguage":"pl-PL","potentialAction":[{"@type":"ReadAction","target":["https:\/\/www.gamapa.de\/pl\/doradcy\/maximilian-boehm-ll-m\/"]}]},{"@type":"ImageObject","inLanguage":"pl-PL","@id":"https:\/\/www.gamapa.de\/pl\/doradcy\/maximilian-boehm-ll-m\/#primaryimage","url":"https:\/\/www.gamapa.de\/wp-content\/uploads\/2025\/07\/Boehm_gross-web.png","contentUrl":"https:\/\/www.gamapa.de\/wp-content\/uploads\/2025\/07\/Boehm_gross-web.png","width":1440,"height":859},{"@type":"BreadcrumbList","@id":"https:\/\/www.gamapa.de\/pl\/doradcy\/maximilian-boehm-ll-m\/#breadcrumb","itemListElement":[{"@type":"ListItem","position":1,"name":"Startseite","item":"https:\/\/www.gamapa.de\/pl\/"},{"@type":"ListItem","position":2,"name":"Nasi specjali\u015bci","item":"https:\/\/www.gamapa.de\/pl\/doradcy\/"},{"@type":"ListItem","position":3,"name":"Maximilian B\u00f6hm, LL.M."}]},{"@type":"WebSite","@id":"https:\/\/www.gamapa.de\/pl\/#website","url":"https:\/\/www.gamapa.de\/pl\/","name":"GANTEF\u00dcHRER","description":"Wirtschaftspr\u00fcfer, Steuerberater, Rechtsanw\u00e4lte","publisher":{"@id":"https:\/\/www.gamapa.de\/pl\/#organization"},"potentialAction":[{"@type":"SearchAction","target":{"@type":"EntryPoint","urlTemplate":"https:\/\/www.gamapa.de\/pl\/?s={search_term_string}"},"query-input":{"@type":"PropertyValueSpecification","valueRequired":true,"valueName":"search_term_string"}}],"inLanguage":"pl-PL"},{"@type":"Organization","@id":"https:\/\/www.gamapa.de\/pl\/#organization","name":"Gantef\u00fchrer Wirtschaftspr\u00fcfer, Steuerberater, Rechtsanw\u00e4lte","url":"https:\/\/www.gamapa.de\/pl\/","logo":{"@type":"ImageObject","inLanguage":"pl-PL","@id":"https:\/\/www.gamapa.de\/pl\/#\/schema\/logo\/image\/","url":"https:\/\/www.gamapa.de\/wp-content\/uploads\/2026\/01\/Logo-Gantefuehrer.png","contentUrl":"https:\/\/www.gamapa.de\/wp-content\/uploads\/2026\/01\/Logo-Gantefuehrer.png","width":767,"height":156,"caption":"Gantef\u00fchrer Wirtschaftspr\u00fcfer, Steuerberater, Rechtsanw\u00e4lte"},"image":{"@id":"https:\/\/www.gamapa.de\/pl\/#\/schema\/logo\/image\/"}}]}},"uagb_featured_image_src":{"full":["https:\/\/www.gamapa.de\/wp-content\/uploads\/2025\/07\/Boehm_gross-web.png",1440,859,false],"thumbnail":["https:\/\/www.gamapa.de\/wp-content\/uploads\/2025\/07\/Boehm_gross-web-150x150.png",150,150,true],"medium":["https:\/\/www.gamapa.de\/wp-content\/uploads\/2025\/07\/Boehm_gross-web-600x358.png",600,358,true],"medium_large":["https:\/\/www.gamapa.de\/wp-content\/uploads\/2025\/07\/Boehm_gross-web-768x458.png",580,346,true],"large":["https:\/\/www.gamapa.de\/wp-content\/uploads\/2025\/07\/Boehm_gross-web.png",580,346,false],"gs-tiny":["https:\/\/www.gamapa.de\/wp-content\/uploads\/2025\/07\/Boehm_gross-web-50x30.png",50,30,true],"xl":["https:\/\/www.gamapa.de\/wp-content\/uploads\/2025\/07\/Boehm_gross-web.png",1440,859,false],"xxl":["https:\/\/www.gamapa.de\/wp-content\/uploads\/2025\/07\/Boehm_gross-web.png",1440,859,false],"xxxl":["https:\/\/www.gamapa.de\/wp-content\/uploads\/2025\/07\/Boehm_gross-web.png",1440,859,false],"xxxxl":["https:\/\/www.gamapa.de\/wp-content\/uploads\/2025\/07\/Boehm_gross-web.png",1440,859,false],"xxxxxl":["https:\/\/www.gamapa.de\/wp-content\/uploads\/2025\/07\/Boehm_gross-web.png",1440,859,false],"1536x1536":["https:\/\/www.gamapa.de\/wp-content\/uploads\/2025\/07\/Boehm_gross-web.png",1440,859,false],"2048x2048":["https:\/\/www.gamapa.de\/wp-content\/uploads\/2025\/07\/Boehm_gross-web.png",1440,859,false],"post-thumbnail":["https:\/\/www.gamapa.de\/wp-content\/uploads\/2025\/07\/Boehm_gross-web.png",1440,859,false],"twentytwenty-fullscreen":["https:\/\/www.gamapa.de\/wp-content\/uploads\/2025\/07\/Boehm_gross-web.png",1440,859,false],"theme-slug-single-post":["https:\/\/www.gamapa.de\/wp-content\/uploads\/2025\/07\/Boehm_gross-web-1440x400.png",1440,400,true]},"uagb_author_info":{"display_name":"ninasenft","author_link":"https:\/\/www.gamapa.de\/pl\/author\/ninasenft\/"},"uagb_comment_info":0,"uagb_excerpt":"Specjalizacje Przebieg kariery zawodowej 2013-2019 Studiowa\u0142 prawo na Uniwersytecie Marcina Lutra w Halle-Wittenberdze i Uniwersytecie Northumbria w Newcastle upon Tyne (Wielka Brytania). 2020 Program LL.M. na Uniwersytecie Stellenbosch (RPA) 2021-2023 Sta\u017c prawniczy w Halle i Berlinie 2024-2025 Prawnik w Loschelder Rechtsanw\u00e4lte Partnerschaftsgesellschaft mbB, Kolonia Od 2025 Prawnik w Dr Gantef\u00fchrer, Marquardt &amp; Partner Obs\u0142ugiwane bran\u017ce","_links":{"self":[{"href":"https:\/\/www.gamapa.de\/pl\/wp-json\/wp\/v2\/pages\/20244","targetHints":{"allow":["GET"]}}],"collection":[{"href":"https:\/\/www.gamapa.de\/pl\/wp-json\/wp\/v2\/pages"}],"about":[{"href":"https:\/\/www.gamapa.de\/pl\/wp-json\/wp\/v2\/types\/page"}],"author":[{"embeddable":true,"href":"https:\/\/www.gamapa.de\/pl\/wp-json\/wp\/v2\/users\/11"}],"replies":[{"embeddable":true,"href":"https:\/\/www.gamapa.de\/pl\/wp-json\/wp\/v2\/comments?post=20244"}],"version-history":[{"count":10,"href":"https:\/\/www.gamapa.de\/pl\/wp-json\/wp\/v2\/pages\/20244\/revisions"}],"predecessor-version":[{"id":23958,"href":"https:\/\/www.gamapa.de\/pl\/wp-json\/wp\/v2\/pages\/20244\/revisions\/23958"}],"up":[{"embeddable":true,"href":"https:\/\/www.gamapa.de\/pl\/wp-json\/wp\/v2\/pages\/5643"}],"wp:featuredmedia":[{"embeddable":true,"href":"https:\/\/www.gamapa.de\/pl\/wp-json\/wp\/v2\/media\/20212"}],"wp:attachment":[{"href":"https:\/\/www.gamapa.de\/pl\/wp-json\/wp\/v2\/media?parent=20244"}],"curies":[{"name":"wp","href":"https:\/\/api.w.org\/{rel}","templated":true}]}}