

{"id":21886,"date":"2025-10-09T11:36:44","date_gmt":"2025-10-09T09:36:44","guid":{"rendered":"https:\/\/www.gamapa.de\/?page_id=21886"},"modified":"2025-11-04T15:50:41","modified_gmt":"2025-11-04T14:50:41","slug":"dr-martin-minkner","status":"publish","type":"page","link":"https:\/\/www.gamapa.de\/pl\/doradcy\/dr-martin-minkner\/","title":{"rendered":"Dr. Martin Minkner"},"content":{"rendered":"\n<h3 class=\"wp-block-heading\">Specjalizacje<\/h3>\n\n\n\n<ul class=\"wp-block-list\">\n<li>Prawo konkurencji<\/li>\n\n\n\n<li>Prawo znak\u00f3w towarowych, wzor\u00f3w przemys\u0142owych i prawo autorskie<\/li>\n\n\n\n<li>Prawo IT<\/li>\n\n\n\n<li>Prawo ochrony danych osobowych<\/li>\n\n\n\n<li>Prawo dotycz\u0105ce wykorzystania danych<\/li>\n\n\n\n<li>Kwestie zwi\u0105zane z cyberbezpiecze\u0144stwem<\/li>\n\n\n\n<li>Zgodno\u015b\u0107 z przepisami dotycz\u0105cymi sztucznej inteligencji<\/li>\n\n\n\n<li>Ochrona know-how<\/li>\n\n\n\n<li>Prawo przedstawicieli handlowych<\/li>\n\n\n\n<li>Post\u0119powania s\u0105dowe<\/li>\n<\/ul>\n\n\n\n<h3 class=\"wp-block-heading\">Przebieg kariery zawodowej<\/h3>\n\n\n\n<figure class=\"wp-block-table tablist\"><table><tbody><tr><td>2004-2011<\/td><td>Studia prawnicze na uniwersytetach w Heidelbergu, Ferrarze (W\u0142ochy) i M\u00fcnster<\/td><\/tr><tr><td>2011-2014<\/td><td>Doktorat z prawa na Uniwersytecie w M\u00fcnsterze z pobytem badawczym na Uniwersytecie w Bolonii<\/td><\/tr><tr><td>2014-2016<\/td><td>Sta\u017c prawniczy w Essen z praktyk\u0105 w ambasadzie niemieckiej w Bangkoku<\/td><\/tr><tr><td>2017-2018<\/td><td>Adwokat w Loschelder, K\u00f6ln<\/td><\/tr><tr><td>2018-2025<\/td><td>Adwokat i partner wynagrodzeniowy w Schmidt, von der Osten &amp; Huber, Essen<\/td><\/tr><tr><td>od 2021<\/td><td>Adwokat specjalizuj\u0105cy si\u0119 w prawie w\u0142asno\u015bci przemys\u0142owej<\/td><\/tr><tr><td>od 2025<\/td><td>Adwokat w Dr. Gantef\u00fchrer, Marquardt &amp; Partner<\/td><\/tr><\/tbody><\/table><\/figure>\n\n\n\n<h3 class=\"wp-block-heading\">Obs\u0142ugiwane bran\u017ce<\/h3>\n\n\n\n<ul class=\"wp-block-list\">\n<li>E-commerce<\/li>\n\n\n\n<li>Handel detaliczny (\u017cywno\u015bci\u0105)<\/li>\n\n\n\n<li>Reklama\/marketing<\/li>\n\n\n\n<li>Sport i fitness (m.in. doradztwo dla klubu z 1. Bundesligi)<\/li>\n\n\n\n<li>Us\u0142ugi informatyczne<\/li>\n\n\n\n<li>\u015arednie przedsi\u0119biorstwa z r\u00f3\u017cnych bran\u017c<\/li>\n<\/ul>\n\n\n\n<h3 class=\"wp-block-heading\">Publikacje\u00a0<\/h3>\n\n\n\n<ul class=\"wp-block-list\">\n<li>Administracja s\u0105dowa w Niemczech i we W\u0142oszech \u2013 legitymizacja demokratyczna a techniczna, Mohr Siebeck, 2015<\/li>\n\n\n\n<li>Pa\u0144stwo i religia. Nowe pytania dotycz\u0105ce rzekomo dobrze funkcjonuj\u0105cej relacji (materia\u0142y konferencyjne, wydane wsp\u00f3lnie z Katharina Ebner, Tosan Kraneis, Yvonne Neuefeind i Daniel Wolff), Mohr Siebeck, 2014<\/li>\n<\/ul>\n\n\n\n<h3 class=\"wp-block-heading\">Nagrody<\/h3>\n\n\n\n<ul class=\"wp-block-list\">\n<li>Wyr\u00f3\u017cnienie \u201eBest Lawyers 2025 \u2013 Ones To Watch\u201d w dziedzinie prawa IT i prawa w\u0142asno\u015bci intelektualnej<\/li>\n\n\n\n<li>Wyr\u00f3\u017cnienie \u201eBest Lawyers 2024 \u2013 Ones To Watch\u201d w dziedzinie prawa IT i prawa w\u0142asno\u015bci intelektualnej<\/li>\n<\/ul>\n\n\n\n<h3 class=\"wp-block-heading\">Cz\u0142onkostwo<\/h3>\n\n\n\n<ul class=\"wp-block-list\">\n<li>Niemieckie Stowarzyszenie Ochrony W\u0142asno\u015bci Przemys\u0142owej i Praw Autorskich<\/li>\n<\/ul>\n\n\n\n<div class=\"wp-block-buttons is-layout-flex wp-block-buttons-is-layout-flex\">\n<div class=\"wp-block-button zurueck\"><a class=\"wp-block-button__link wp-element-button\" href=\"https:\/\/www.gamapa.de\/pl\/doradcy\/\">Wstecz<\/a><\/div>\n<\/div>\n","protected":false},"excerpt":{"rendered":"<p>Specjalizacje Przebieg kariery zawodowej 2004-2011 Studia prawnicze na uniwersytetach w Heidelbergu, Ferrarze (W\u0142ochy) i M\u00fcnster 2011-2014 Doktorat z prawa na Uniwersytecie w M\u00fcnsterze z pobytem badawczym na Uniwersytecie w Bolonii 2014-2016 Sta\u017c prawniczy w Essen z praktyk\u0105 w ambasadzie niemieckiej w Bangkoku 2017-2018 Adwokat w Loschelder, K\u00f6ln 2018-2025 Adwokat i partner wynagrodzeniowy w Schmidt, von <a href=\"https:\/\/www.gamapa.de\/pl\/doradcy\/dr-martin-minkner\/\">[\u2026]<\/a><\/p>\n","protected":false},"author":11,"featured_media":22049,"parent":5643,"menu_order":4,"comment_status":"closed","ping_status":"closed","template":"templates\/template-Profil.php","meta":{"_acf_changed":false,"_uag_custom_page_level_css":"","footnotes":""},"class_list":["post-21886","page","type-page","status-publish","has-post-thumbnail","hentry"],"acf":[],"yoast_head":"<!-- This site is optimized with the Yoast SEO plugin v27.5 - https:\/\/yoast.com\/product\/yoast-seo-wordpress\/ -->\n<title>Dr. Martin Minkner | Dr. Gantef\u00fchrer, Marquardt &amp; Partner mbB<\/title>\n<meta name=\"description\" content=\"Dr Martin Minkner, adwokat specjalizuj\u0105cy si\u0119 w prawie w\u0142asno\u015bci przemys\u0142owej, wyr\u00f3\u017cniony tytu\u0142em \u201eBest Lawyers 2025 \u2013 Ones To Watch\u201d\" \/>\n<meta name=\"robots\" content=\"index, follow, max-snippet:-1, max-image-preview:large, max-video-preview:-1\" \/>\n<link rel=\"canonical\" href=\"https:\/\/www.gamapa.de\/pl\/doradcy\/dr-martin-minkner\/\" \/>\n<meta property=\"og:locale\" content=\"pl_PL\" \/>\n<meta property=\"og:type\" content=\"article\" \/>\n<meta property=\"og:title\" content=\"Dr. Martin Minkner | Dr. Gantef\u00fchrer, Marquardt &amp; Partner mbB\" \/>\n<meta property=\"og:description\" content=\"Dr Martin Minkner, adwokat specjalizuj\u0105cy si\u0119 w prawie w\u0142asno\u015bci przemys\u0142owej, wyr\u00f3\u017cniony tytu\u0142em \u201eBest Lawyers 2025 \u2013 Ones To Watch\u201d\" \/>\n<meta property=\"og:url\" content=\"https:\/\/www.gamapa.de\/pl\/doradcy\/dr-martin-minkner\/\" \/>\n<meta property=\"og:site_name\" content=\"GANTEF\u00dcHRER\" \/>\n<meta property=\"article:modified_time\" content=\"2025-11-04T14:50:41+00:00\" \/>\n<meta property=\"og:image\" content=\"https:\/\/www.gamapa.de\/wp-content\/uploads\/2025\/10\/Minkner_2.jpg\" \/>\n\t<meta property=\"og:image:width\" content=\"1440\" \/>\n\t<meta property=\"og:image:height\" content=\"859\" \/>\n\t<meta property=\"og:image:type\" content=\"image\/jpeg\" \/>\n<meta name=\"twitter:card\" content=\"summary_large_image\" \/>\n<meta name=\"twitter:label1\" content=\"Szacowany czas czytania\" \/>\n\t<meta name=\"twitter:data1\" content=\"2 minuty\" \/>\n<script type=\"application\/ld+json\" class=\"yoast-schema-graph\">{\"@context\":\"https:\\\/\\\/schema.org\",\"@graph\":[{\"@type\":\"WebPage\",\"@id\":\"https:\\\/\\\/www.gamapa.de\\\/pl\\\/doradcy\\\/dr-martin-minkner\\\/\",\"url\":\"https:\\\/\\\/www.gamapa.de\\\/pl\\\/doradcy\\\/dr-martin-minkner\\\/\",\"name\":\"Dr. Martin Minkner | Dr. Gantef\u00fchrer, Marquardt & Partner mbB\",\"isPartOf\":{\"@id\":\"https:\\\/\\\/www.gamapa.de\\\/pl\\\/#website\"},\"primaryImageOfPage\":{\"@id\":\"https:\\\/\\\/www.gamapa.de\\\/pl\\\/doradcy\\\/dr-martin-minkner\\\/#primaryimage\"},\"image\":{\"@id\":\"https:\\\/\\\/www.gamapa.de\\\/pl\\\/doradcy\\\/dr-martin-minkner\\\/#primaryimage\"},\"thumbnailUrl\":\"https:\\\/\\\/www.gamapa.de\\\/wp-content\\\/uploads\\\/2025\\\/10\\\/Minkner_2.jpg\",\"datePublished\":\"2025-10-09T09:36:44+00:00\",\"dateModified\":\"2025-11-04T14:50:41+00:00\",\"description\":\"Dr Martin Minkner, adwokat specjalizuj\u0105cy si\u0119 w prawie w\u0142asno\u015bci przemys\u0142owej, wyr\u00f3\u017cniony tytu\u0142em \u201eBest Lawyers 2025 \u2013 Ones To Watch\u201d\",\"breadcrumb\":{\"@id\":\"https:\\\/\\\/www.gamapa.de\\\/pl\\\/doradcy\\\/dr-martin-minkner\\\/#breadcrumb\"},\"inLanguage\":\"pl-PL\",\"potentialAction\":[{\"@type\":\"ReadAction\",\"target\":[\"https:\\\/\\\/www.gamapa.de\\\/pl\\\/doradcy\\\/dr-martin-minkner\\\/\"]}]},{\"@type\":\"ImageObject\",\"inLanguage\":\"pl-PL\",\"@id\":\"https:\\\/\\\/www.gamapa.de\\\/pl\\\/doradcy\\\/dr-martin-minkner\\\/#primaryimage\",\"url\":\"https:\\\/\\\/www.gamapa.de\\\/wp-content\\\/uploads\\\/2025\\\/10\\\/Minkner_2.jpg\",\"contentUrl\":\"https:\\\/\\\/www.gamapa.de\\\/wp-content\\\/uploads\\\/2025\\\/10\\\/Minkner_2.jpg\",\"width\":1440,\"height\":859,\"caption\":\"Dr. Minkner\"},{\"@type\":\"BreadcrumbList\",\"@id\":\"https:\\\/\\\/www.gamapa.de\\\/pl\\\/doradcy\\\/dr-martin-minkner\\\/#breadcrumb\",\"itemListElement\":[{\"@type\":\"ListItem\",\"position\":1,\"name\":\"Startseite\",\"item\":\"https:\\\/\\\/www.gamapa.de\\\/pl\\\/\"},{\"@type\":\"ListItem\",\"position\":2,\"name\":\"Nasi specjali\u015bci\",\"item\":\"https:\\\/\\\/www.gamapa.de\\\/pl\\\/doradcy\\\/\"},{\"@type\":\"ListItem\",\"position\":3,\"name\":\"Dr. Martin Minkner\"}]},{\"@type\":\"WebSite\",\"@id\":\"https:\\\/\\\/www.gamapa.de\\\/pl\\\/#website\",\"url\":\"https:\\\/\\\/www.gamapa.de\\\/pl\\\/\",\"name\":\"GANTEF\u00dcHRER\",\"description\":\"Wirtschaftspr\u00fcfer, Steuerberater, Rechtsanw\u00e4lte\",\"publisher\":{\"@id\":\"https:\\\/\\\/www.gamapa.de\\\/pl\\\/#organization\"},\"potentialAction\":[{\"@type\":\"SearchAction\",\"target\":{\"@type\":\"EntryPoint\",\"urlTemplate\":\"https:\\\/\\\/www.gamapa.de\\\/pl\\\/?s={search_term_string}\"},\"query-input\":{\"@type\":\"PropertyValueSpecification\",\"valueRequired\":true,\"valueName\":\"search_term_string\"}}],\"inLanguage\":\"pl-PL\"},{\"@type\":\"Organization\",\"@id\":\"https:\\\/\\\/www.gamapa.de\\\/pl\\\/#organization\",\"name\":\"Gantef\u00fchrer Wirtschaftspr\u00fcfer, Steuerberater, Rechtsanw\u00e4lte\",\"url\":\"https:\\\/\\\/www.gamapa.de\\\/pl\\\/\",\"logo\":{\"@type\":\"ImageObject\",\"inLanguage\":\"pl-PL\",\"@id\":\"https:\\\/\\\/www.gamapa.de\\\/pl\\\/#\\\/schema\\\/logo\\\/image\\\/\",\"url\":\"https:\\\/\\\/www.gamapa.de\\\/wp-content\\\/uploads\\\/2026\\\/01\\\/Logo-Gantefuehrer.png\",\"contentUrl\":\"https:\\\/\\\/www.gamapa.de\\\/wp-content\\\/uploads\\\/2026\\\/01\\\/Logo-Gantefuehrer.png\",\"width\":767,\"height\":156,\"caption\":\"Gantef\u00fchrer Wirtschaftspr\u00fcfer, Steuerberater, Rechtsanw\u00e4lte\"},\"image\":{\"@id\":\"https:\\\/\\\/www.gamapa.de\\\/pl\\\/#\\\/schema\\\/logo\\\/image\\\/\"}}]}<\/script>\n<!-- \/ Yoast SEO plugin. -->","yoast_head_json":{"title":"Dr. Martin Minkner | Dr. Gantef\u00fchrer, Marquardt & Partner mbB","description":"Dr Martin Minkner, adwokat specjalizuj\u0105cy si\u0119 w prawie w\u0142asno\u015bci przemys\u0142owej, wyr\u00f3\u017cniony tytu\u0142em \u201eBest Lawyers 2025 \u2013 Ones To Watch\u201d","robots":{"index":"index","follow":"follow","max-snippet":"max-snippet:-1","max-image-preview":"max-image-preview:large","max-video-preview":"max-video-preview:-1"},"canonical":"https:\/\/www.gamapa.de\/pl\/doradcy\/dr-martin-minkner\/","og_locale":"pl_PL","og_type":"article","og_title":"Dr. Martin Minkner | Dr. Gantef\u00fchrer, Marquardt & Partner mbB","og_description":"Dr Martin Minkner, adwokat specjalizuj\u0105cy si\u0119 w prawie w\u0142asno\u015bci przemys\u0142owej, wyr\u00f3\u017cniony tytu\u0142em \u201eBest Lawyers 2025 \u2013 Ones To Watch\u201d","og_url":"https:\/\/www.gamapa.de\/pl\/doradcy\/dr-martin-minkner\/","og_site_name":"GANTEF\u00dcHRER","article_modified_time":"2025-11-04T14:50:41+00:00","og_image":[{"width":1440,"height":859,"url":"https:\/\/www.gamapa.de\/wp-content\/uploads\/2025\/10\/Minkner_2.jpg","type":"image\/jpeg"}],"twitter_card":"summary_large_image","twitter_misc":{"Szacowany czas czytania":"2 minuty"},"schema":{"@context":"https:\/\/schema.org","@graph":[{"@type":"WebPage","@id":"https:\/\/www.gamapa.de\/pl\/doradcy\/dr-martin-minkner\/","url":"https:\/\/www.gamapa.de\/pl\/doradcy\/dr-martin-minkner\/","name":"Dr. Martin Minkner | Dr. Gantef\u00fchrer, Marquardt & Partner mbB","isPartOf":{"@id":"https:\/\/www.gamapa.de\/pl\/#website"},"primaryImageOfPage":{"@id":"https:\/\/www.gamapa.de\/pl\/doradcy\/dr-martin-minkner\/#primaryimage"},"image":{"@id":"https:\/\/www.gamapa.de\/pl\/doradcy\/dr-martin-minkner\/#primaryimage"},"thumbnailUrl":"https:\/\/www.gamapa.de\/wp-content\/uploads\/2025\/10\/Minkner_2.jpg","datePublished":"2025-10-09T09:36:44+00:00","dateModified":"2025-11-04T14:50:41+00:00","description":"Dr Martin Minkner, adwokat specjalizuj\u0105cy si\u0119 w prawie w\u0142asno\u015bci przemys\u0142owej, wyr\u00f3\u017cniony tytu\u0142em \u201eBest Lawyers 2025 \u2013 Ones To Watch\u201d","breadcrumb":{"@id":"https:\/\/www.gamapa.de\/pl\/doradcy\/dr-martin-minkner\/#breadcrumb"},"inLanguage":"pl-PL","potentialAction":[{"@type":"ReadAction","target":["https:\/\/www.gamapa.de\/pl\/doradcy\/dr-martin-minkner\/"]}]},{"@type":"ImageObject","inLanguage":"pl-PL","@id":"https:\/\/www.gamapa.de\/pl\/doradcy\/dr-martin-minkner\/#primaryimage","url":"https:\/\/www.gamapa.de\/wp-content\/uploads\/2025\/10\/Minkner_2.jpg","contentUrl":"https:\/\/www.gamapa.de\/wp-content\/uploads\/2025\/10\/Minkner_2.jpg","width":1440,"height":859,"caption":"Dr. Minkner"},{"@type":"BreadcrumbList","@id":"https:\/\/www.gamapa.de\/pl\/doradcy\/dr-martin-minkner\/#breadcrumb","itemListElement":[{"@type":"ListItem","position":1,"name":"Startseite","item":"https:\/\/www.gamapa.de\/pl\/"},{"@type":"ListItem","position":2,"name":"Nasi specjali\u015bci","item":"https:\/\/www.gamapa.de\/pl\/doradcy\/"},{"@type":"ListItem","position":3,"name":"Dr. Martin Minkner"}]},{"@type":"WebSite","@id":"https:\/\/www.gamapa.de\/pl\/#website","url":"https:\/\/www.gamapa.de\/pl\/","name":"GANTEF\u00dcHRER","description":"Wirtschaftspr\u00fcfer, Steuerberater, Rechtsanw\u00e4lte","publisher":{"@id":"https:\/\/www.gamapa.de\/pl\/#organization"},"potentialAction":[{"@type":"SearchAction","target":{"@type":"EntryPoint","urlTemplate":"https:\/\/www.gamapa.de\/pl\/?s={search_term_string}"},"query-input":{"@type":"PropertyValueSpecification","valueRequired":true,"valueName":"search_term_string"}}],"inLanguage":"pl-PL"},{"@type":"Organization","@id":"https:\/\/www.gamapa.de\/pl\/#organization","name":"Gantef\u00fchrer Wirtschaftspr\u00fcfer, Steuerberater, Rechtsanw\u00e4lte","url":"https:\/\/www.gamapa.de\/pl\/","logo":{"@type":"ImageObject","inLanguage":"pl-PL","@id":"https:\/\/www.gamapa.de\/pl\/#\/schema\/logo\/image\/","url":"https:\/\/www.gamapa.de\/wp-content\/uploads\/2026\/01\/Logo-Gantefuehrer.png","contentUrl":"https:\/\/www.gamapa.de\/wp-content\/uploads\/2026\/01\/Logo-Gantefuehrer.png","width":767,"height":156,"caption":"Gantef\u00fchrer Wirtschaftspr\u00fcfer, Steuerberater, Rechtsanw\u00e4lte"},"image":{"@id":"https:\/\/www.gamapa.de\/pl\/#\/schema\/logo\/image\/"}}]}},"uagb_featured_image_src":{"full":["https:\/\/www.gamapa.de\/wp-content\/uploads\/2025\/10\/Minkner_2.jpg",1440,859,false],"thumbnail":["https:\/\/www.gamapa.de\/wp-content\/uploads\/2025\/10\/Minkner_2-150x150.jpg",150,150,true],"medium":["https:\/\/www.gamapa.de\/wp-content\/uploads\/2025\/10\/Minkner_2-600x358.jpg",600,358,true],"medium_large":["https:\/\/www.gamapa.de\/wp-content\/uploads\/2025\/10\/Minkner_2-768x458.jpg",580,346,true],"large":["https:\/\/www.gamapa.de\/wp-content\/uploads\/2025\/10\/Minkner_2.jpg",580,346,false],"gs-tiny":["https:\/\/www.gamapa.de\/wp-content\/uploads\/2025\/10\/Minkner_2-50x30.jpg",50,30,true],"xl":["https:\/\/www.gamapa.de\/wp-content\/uploads\/2025\/10\/Minkner_2.jpg",1440,859,false],"xxl":["https:\/\/www.gamapa.de\/wp-content\/uploads\/2025\/10\/Minkner_2.jpg",1440,859,false],"xxxl":["https:\/\/www.gamapa.de\/wp-content\/uploads\/2025\/10\/Minkner_2.jpg",1440,859,false],"xxxxl":["https:\/\/www.gamapa.de\/wp-content\/uploads\/2025\/10\/Minkner_2.jpg",1440,859,false],"xxxxxl":["https:\/\/www.gamapa.de\/wp-content\/uploads\/2025\/10\/Minkner_2.jpg",1440,859,false],"1536x1536":["https:\/\/www.gamapa.de\/wp-content\/uploads\/2025\/10\/Minkner_2.jpg",1440,859,false],"2048x2048":["https:\/\/www.gamapa.de\/wp-content\/uploads\/2025\/10\/Minkner_2.jpg",1440,859,false],"post-thumbnail":["https:\/\/www.gamapa.de\/wp-content\/uploads\/2025\/10\/Minkner_2.jpg",1440,859,false],"twentytwenty-fullscreen":["https:\/\/www.gamapa.de\/wp-content\/uploads\/2025\/10\/Minkner_2.jpg",1440,859,false],"theme-slug-single-post":["https:\/\/www.gamapa.de\/wp-content\/uploads\/2025\/10\/Minkner_2-1440x400.jpg",1440,400,true]},"uagb_author_info":{"display_name":"ninasenft","author_link":"https:\/\/www.gamapa.de\/pl\/author\/ninasenft\/"},"uagb_comment_info":0,"uagb_excerpt":"Specjalizacje Przebieg kariery zawodowej 2004-2011 Studia prawnicze na uniwersytetach w Heidelbergu, Ferrarze (W\u0142ochy) i M\u00fcnster 2011-2014 Doktorat z prawa na Uniwersytecie w M\u00fcnsterze z pobytem badawczym na Uniwersytecie w Bolonii 2014-2016 Sta\u017c prawniczy w Essen z praktyk\u0105 w ambasadzie niemieckiej w Bangkoku 2017-2018 Adwokat w Loschelder, K\u00f6ln 2018-2025 Adwokat i partner wynagrodzeniowy w Schmidt, von&hellip;","_links":{"self":[{"href":"https:\/\/www.gamapa.de\/pl\/wp-json\/wp\/v2\/pages\/21886","targetHints":{"allow":["GET"]}}],"collection":[{"href":"https:\/\/www.gamapa.de\/pl\/wp-json\/wp\/v2\/pages"}],"about":[{"href":"https:\/\/www.gamapa.de\/pl\/wp-json\/wp\/v2\/types\/page"}],"author":[{"embeddable":true,"href":"https:\/\/www.gamapa.de\/pl\/wp-json\/wp\/v2\/users\/11"}],"replies":[{"embeddable":true,"href":"https:\/\/www.gamapa.de\/pl\/wp-json\/wp\/v2\/comments?post=21886"}],"version-history":[{"count":9,"href":"https:\/\/www.gamapa.de\/pl\/wp-json\/wp\/v2\/pages\/21886\/revisions"}],"predecessor-version":[{"id":22217,"href":"https:\/\/www.gamapa.de\/pl\/wp-json\/wp\/v2\/pages\/21886\/revisions\/22217"}],"up":[{"embeddable":true,"href":"https:\/\/www.gamapa.de\/pl\/wp-json\/wp\/v2\/pages\/5643"}],"wp:featuredmedia":[{"embeddable":true,"href":"https:\/\/www.gamapa.de\/pl\/wp-json\/wp\/v2\/media\/22049"}],"wp:attachment":[{"href":"https:\/\/www.gamapa.de\/pl\/wp-json\/wp\/v2\/media?parent=21886"}],"curies":[{"name":"wp","href":"https:\/\/api.w.org\/{rel}","templated":true}]}}