

{"id":22471,"date":"2025-11-10T10:10:22","date_gmt":"2025-11-10T09:10:22","guid":{"rendered":"https:\/\/www.gamapa.de\/dziedziny-swiadczonych-uslug-doradczych\/doradztwo-prawne\/marken-design-und-urheberrecht\/"},"modified":"2025-11-13T17:45:44","modified_gmt":"2025-11-13T16:45:44","slug":"prawo-znaku-towarzyszczego-i-prawo-autorskie","status":"publish","type":"page","link":"https:\/\/www.gamapa.de\/pl\/dziedziny-swiadczonych-uslug-doradczych\/doradztwo-prawne\/prawo-znaku-towarzyszczego-i-prawo-autorskie\/","title":{"rendered":"Prawa do znak\u00f3w towarowych, wzor\u00f3w i prawa autorskie"},"content":{"rendered":"\n<h2 class=\"wp-block-heading\">Chronimy Twoj\u0105 w\u0142asno\u015b\u0107 intelektualn\u0105<\/h2>\n\n\n\n<p>Rozpoznawalno\u015b\u0107 zapewnia przewag\u0119. Chronimy Pa\u0144stwa marki, projekty i tre\u015bci kreatywne \u2013 od pomys\u0142u, poprzez rejestracj\u0119, a\u017c po monitorowanie i egzekwowanie praw na rynku.<\/p>\n\n\n\n<p>Dzi\u0119ki naszemu wieloletniemu do\u015bwiadczeniu w zakresie w\u0142asno\u015bci intelektualnej towarzyszymy Pa\u0144stwu na rynku krajowym i mi\u0119dzynarodowym \u2013 w spos\u00f3b pragmatyczny, skuteczny i praktyczny. W kwestiach podatkowych zwi\u0105zanych z w\u0142asno\u015bci\u0105 intelektualn\u0105 \u015bci\u015ble wsp\u00f3\u0142pracujemy z naszym dzia\u0142em podatkowym.<\/p>\n\n\n\n<h3 class=\"wp-block-heading\">Nasza oferta doradcza w zakresie prawa znak\u00f3w towarowych, wzor\u00f3w przemys\u0142owych i praw autorskich obejmuje:<\/h3>\n\n\n\n<ul class=\"wp-block-list\">\n<li>Doradztwo w zakresie rozwoju marki i strategii marki<\/li>\n\n\n\n<li>Badanie marki i rejestracja marki<\/li>\n\n\n\n<li>Monitorowanie i egzekwowanie praw do znak\u00f3w towarowych: monitorowanie, usuwanie znak\u00f3w towarowych z platform handlowych i medi\u00f3w spo\u0142eczno\u015bciowych, konfiskaty graniczne.<\/li>\n\n\n\n<li>Reprezentacja w post\u0119powaniach dotycz\u0105cych prawa znak\u00f3w towarowych przed Niemieckim Urz\u0119dem Patentowym i Znak\u00f3w Towarowych (DPMA), Europejskim Urz\u0119dem Znak\u00f3w Towarowych (EUIPO), \u015awiatow\u0105 Organizacj\u0105 W\u0142asno\u015bci Intelektualnej (WIPO) oraz Federalnym S\u0105dem Patentowym.<\/li>\n\n\n\n<li>Ochrona wzor\u00f3w przemys\u0142owych: badania, rejestracja i egzekwowanie praw.<\/li>\n\n\n\n<li>Prawo autorskie: doradztwo we wszystkich kwestiach zwi\u0105zanych z prawem autorskim<\/li>\n\n\n\n<li>Sporz\u0105dzanie um\u00f3w: umowy licencyjne i agencyjne, umowy o wy\u0142\u0105czeniu odpowiedzialno\u015bci<\/li>\n\n\n\n<li>Egzekwowanie i obrona pozas\u0105dowa i s\u0105dowa: doradztwo w zakresie roszcze\u0144 o zaniechanie, udzielenie informacji i odszkodowanie w drodze upomnienia oraz reprezentacja s\u0105dowa (strona aktywna i pasywna)<\/li>\n<\/ul>\n\n\n\n<p>Znajd\u017a <a href=\"https:\/\/www.gamapa.de\/pl\/doradcy\/\">tutaj<\/a> osob\u0119 kontaktow\u0105 w zakresie prawa znak\u00f3w towarowych, wzor\u00f3w przemys\u0142owych i praw autorskich.<\/p>\n","protected":false},"excerpt":{"rendered":"<p>Chronimy Twoj\u0105 w\u0142asno\u015b\u0107 intelektualn\u0105 Rozpoznawalno\u015b\u0107 zapewnia przewag\u0119. Chronimy Pa\u0144stwa marki, projekty i tre\u015bci kreatywne \u2013 od pomys\u0142u, poprzez rejestracj\u0119, a\u017c po monitorowanie i egzekwowanie praw na rynku. Dzi\u0119ki naszemu wieloletniemu do\u015bwiadczeniu w zakresie w\u0142asno\u015bci intelektualnej towarzyszymy Pa\u0144stwu na rynku krajowym i mi\u0119dzynarodowym \u2013 w spos\u00f3b pragmatyczny, skuteczny i praktyczny. W kwestiach podatkowych zwi\u0105zanych z w\u0142asno\u015bci\u0105 <a href=\"https:\/\/www.gamapa.de\/pl\/dziedziny-swiadczonych-uslug-doradczych\/doradztwo-prawne\/prawo-znaku-towarzyszczego-i-prawo-autorskie\/\">[\u2026]<\/a><\/p>\n","protected":false},"author":11,"featured_media":3881,"parent":5659,"menu_order":11,"comment_status":"closed","ping_status":"closed","template":"templates\/template-simple-site.php","meta":{"_acf_changed":false,"_uag_custom_page_level_css":"","footnotes":""},"class_list":["post-22471","page","type-page","status-publish","has-post-thumbnail","hentry"],"acf":[],"yoast_head":"<!-- This site is optimized with the Yoast SEO plugin v27.5 - https:\/\/yoast.com\/product\/yoast-seo-wordpress\/ -->\n<title>prawa do znak\u00f3w towarowych, wzor\u00f3w i praw autorskich | Dr. Gantef\u00fchrer, Marquardt und Partner<\/title>\n<meta name=\"description\" content=\"Ochrona prawna pomys\u0142\u00f3w: profesjonalne doradztwo w zakresie prawa znak\u00f3w towarowych, wzor\u00f3w przemys\u0142owych i praw autorskich, rejestracja i obrona. Um\u00f3w si\u0119 na spotkanie ju\u017c teraz.\" \/>\n<meta name=\"robots\" content=\"index, follow, max-snippet:-1, max-image-preview:large, max-video-preview:-1\" \/>\n<link rel=\"canonical\" href=\"https:\/\/www.gamapa.de\/pl\/dziedziny-swiadczonych-uslug-doradczych\/doradztwo-prawne\/prawo-znaku-towarzyszczego-i-prawo-autorskie\/\" \/>\n<meta property=\"og:locale\" content=\"pl_PL\" \/>\n<meta property=\"og:type\" content=\"article\" \/>\n<meta property=\"og:title\" content=\"prawa do znak\u00f3w towarowych, wzor\u00f3w i praw autorskich | Dr. Gantef\u00fchrer, Marquardt und Partner\" \/>\n<meta property=\"og:description\" content=\"Ochrona prawna pomys\u0142\u00f3w: profesjonalne doradztwo w zakresie prawa znak\u00f3w towarowych, wzor\u00f3w przemys\u0142owych i praw autorskich, rejestracja i obrona. Um\u00f3w si\u0119 na spotkanie ju\u017c teraz.\" \/>\n<meta property=\"og:url\" content=\"https:\/\/www.gamapa.de\/pl\/dziedziny-swiadczonych-uslug-doradczych\/doradztwo-prawne\/prawo-znaku-towarzyszczego-i-prawo-autorskie\/\" \/>\n<meta property=\"og:site_name\" content=\"GANTEF\u00dcHRER\" \/>\n<meta property=\"article:modified_time\" content=\"2025-11-13T16:45:44+00:00\" \/>\n<meta property=\"og:image\" content=\"https:\/\/www.gamapa.de\/wp-content\/uploads\/2020\/07\/U-Header-Rechtsgebiete-2-1-scaled.jpg\" \/>\n\t<meta property=\"og:image:width\" content=\"2560\" \/>\n\t<meta property=\"og:image:height\" content=\"764\" \/>\n\t<meta property=\"og:image:type\" content=\"image\/jpeg\" \/>\n<meta name=\"twitter:card\" content=\"summary_large_image\" \/>\n<meta name=\"twitter:label1\" content=\"Szacowany czas czytania\" \/>\n\t<meta name=\"twitter:data1\" content=\"2 minuty\" \/>\n<script type=\"application\/ld+json\" class=\"yoast-schema-graph\">{\"@context\":\"https:\\\/\\\/schema.org\",\"@graph\":[{\"@type\":\"WebPage\",\"@id\":\"https:\\\/\\\/www.gamapa.de\\\/pl\\\/dziedziny-swiadczonych-uslug-doradczych\\\/doradztwo-prawne\\\/prawo-znaku-towarzyszczego-i-prawo-autorskie\\\/\",\"url\":\"https:\\\/\\\/www.gamapa.de\\\/pl\\\/dziedziny-swiadczonych-uslug-doradczych\\\/doradztwo-prawne\\\/prawo-znaku-towarzyszczego-i-prawo-autorskie\\\/\",\"name\":\"prawa do znak\u00f3w towarowych, wzor\u00f3w i praw autorskich | Dr. Gantef\u00fchrer, Marquardt und Partner\",\"isPartOf\":{\"@id\":\"https:\\\/\\\/www.gamapa.de\\\/pl\\\/#website\"},\"primaryImageOfPage\":{\"@id\":\"https:\\\/\\\/www.gamapa.de\\\/pl\\\/dziedziny-swiadczonych-uslug-doradczych\\\/doradztwo-prawne\\\/prawo-znaku-towarzyszczego-i-prawo-autorskie\\\/#primaryimage\"},\"image\":{\"@id\":\"https:\\\/\\\/www.gamapa.de\\\/pl\\\/dziedziny-swiadczonych-uslug-doradczych\\\/doradztwo-prawne\\\/prawo-znaku-towarzyszczego-i-prawo-autorskie\\\/#primaryimage\"},\"thumbnailUrl\":\"https:\\\/\\\/www.gamapa.de\\\/wp-content\\\/uploads\\\/2020\\\/07\\\/U-Header-Rechtsgebiete-2-1-scaled.jpg\",\"datePublished\":\"2025-11-10T09:10:22+00:00\",\"dateModified\":\"2025-11-13T16:45:44+00:00\",\"description\":\"Ochrona prawna pomys\u0142\u00f3w: profesjonalne doradztwo w zakresie prawa znak\u00f3w towarowych, wzor\u00f3w przemys\u0142owych i praw autorskich, rejestracja i obrona. Um\u00f3w si\u0119 na spotkanie ju\u017c teraz.\",\"breadcrumb\":{\"@id\":\"https:\\\/\\\/www.gamapa.de\\\/pl\\\/dziedziny-swiadczonych-uslug-doradczych\\\/doradztwo-prawne\\\/prawo-znaku-towarzyszczego-i-prawo-autorskie\\\/#breadcrumb\"},\"inLanguage\":\"pl-PL\",\"potentialAction\":[{\"@type\":\"ReadAction\",\"target\":[\"https:\\\/\\\/www.gamapa.de\\\/pl\\\/dziedziny-swiadczonych-uslug-doradczych\\\/doradztwo-prawne\\\/prawo-znaku-towarzyszczego-i-prawo-autorskie\\\/\"]}]},{\"@type\":\"ImageObject\",\"inLanguage\":\"pl-PL\",\"@id\":\"https:\\\/\\\/www.gamapa.de\\\/pl\\\/dziedziny-swiadczonych-uslug-doradczych\\\/doradztwo-prawne\\\/prawo-znaku-towarzyszczego-i-prawo-autorskie\\\/#primaryimage\",\"url\":\"https:\\\/\\\/www.gamapa.de\\\/wp-content\\\/uploads\\\/2020\\\/07\\\/U-Header-Rechtsgebiete-2-1-scaled.jpg\",\"contentUrl\":\"https:\\\/\\\/www.gamapa.de\\\/wp-content\\\/uploads\\\/2020\\\/07\\\/U-Header-Rechtsgebiete-2-1-scaled.jpg\",\"width\":2560,\"height\":764,\"caption\":\"Anleger, Kunden und Gesch\u00e4ftspartner\"},{\"@type\":\"BreadcrumbList\",\"@id\":\"https:\\\/\\\/www.gamapa.de\\\/pl\\\/dziedziny-swiadczonych-uslug-doradczych\\\/doradztwo-prawne\\\/prawo-znaku-towarzyszczego-i-prawo-autorskie\\\/#breadcrumb\",\"itemListElement\":[{\"@type\":\"ListItem\",\"position\":1,\"name\":\"Startseite\",\"item\":\"https:\\\/\\\/www.gamapa.de\\\/pl\\\/\"},{\"@type\":\"ListItem\",\"position\":2,\"name\":\"Obszar konsultacji\",\"item\":\"https:\\\/\\\/www.gamapa.de\\\/pl\\\/dziedziny-swiadczonych-uslug-doradczych\\\/\"},{\"@type\":\"ListItem\",\"position\":3,\"name\":\"Doradztwo prawne\",\"item\":\"https:\\\/\\\/www.gamapa.de\\\/pl\\\/dziedziny-swiadczonych-uslug-doradczych\\\/doradztwo-prawne\\\/\"},{\"@type\":\"ListItem\",\"position\":4,\"name\":\"Prawa do znak\u00f3w towarowych, wzor\u00f3w i prawa autorskie\"}]},{\"@type\":\"WebSite\",\"@id\":\"https:\\\/\\\/www.gamapa.de\\\/pl\\\/#website\",\"url\":\"https:\\\/\\\/www.gamapa.de\\\/pl\\\/\",\"name\":\"GANTEF\u00dcHRER\",\"description\":\"Wirtschaftspr\u00fcfer, Steuerberater, Rechtsanw\u00e4lte\",\"publisher\":{\"@id\":\"https:\\\/\\\/www.gamapa.de\\\/pl\\\/#organization\"},\"potentialAction\":[{\"@type\":\"SearchAction\",\"target\":{\"@type\":\"EntryPoint\",\"urlTemplate\":\"https:\\\/\\\/www.gamapa.de\\\/pl\\\/?s={search_term_string}\"},\"query-input\":{\"@type\":\"PropertyValueSpecification\",\"valueRequired\":true,\"valueName\":\"search_term_string\"}}],\"inLanguage\":\"pl-PL\"},{\"@type\":\"Organization\",\"@id\":\"https:\\\/\\\/www.gamapa.de\\\/pl\\\/#organization\",\"name\":\"Gantef\u00fchrer Wirtschaftspr\u00fcfer, Steuerberater, Rechtsanw\u00e4lte\",\"url\":\"https:\\\/\\\/www.gamapa.de\\\/pl\\\/\",\"logo\":{\"@type\":\"ImageObject\",\"inLanguage\":\"pl-PL\",\"@id\":\"https:\\\/\\\/www.gamapa.de\\\/pl\\\/#\\\/schema\\\/logo\\\/image\\\/\",\"url\":\"https:\\\/\\\/www.gamapa.de\\\/wp-content\\\/uploads\\\/2026\\\/01\\\/Logo-Gantefuehrer.png\",\"contentUrl\":\"https:\\\/\\\/www.gamapa.de\\\/wp-content\\\/uploads\\\/2026\\\/01\\\/Logo-Gantefuehrer.png\",\"width\":767,\"height\":156,\"caption\":\"Gantef\u00fchrer Wirtschaftspr\u00fcfer, Steuerberater, Rechtsanw\u00e4lte\"},\"image\":{\"@id\":\"https:\\\/\\\/www.gamapa.de\\\/pl\\\/#\\\/schema\\\/logo\\\/image\\\/\"}}]}<\/script>\n<!-- \/ Yoast SEO plugin. -->","yoast_head_json":{"title":"prawa do znak\u00f3w towarowych, wzor\u00f3w i praw autorskich | Dr. Gantef\u00fchrer, Marquardt und Partner","description":"Ochrona prawna pomys\u0142\u00f3w: profesjonalne doradztwo w zakresie prawa znak\u00f3w towarowych, wzor\u00f3w przemys\u0142owych i praw autorskich, rejestracja i obrona. Um\u00f3w si\u0119 na spotkanie ju\u017c teraz.","robots":{"index":"index","follow":"follow","max-snippet":"max-snippet:-1","max-image-preview":"max-image-preview:large","max-video-preview":"max-video-preview:-1"},"canonical":"https:\/\/www.gamapa.de\/pl\/dziedziny-swiadczonych-uslug-doradczych\/doradztwo-prawne\/prawo-znaku-towarzyszczego-i-prawo-autorskie\/","og_locale":"pl_PL","og_type":"article","og_title":"prawa do znak\u00f3w towarowych, wzor\u00f3w i praw autorskich | Dr. Gantef\u00fchrer, Marquardt und Partner","og_description":"Ochrona prawna pomys\u0142\u00f3w: profesjonalne doradztwo w zakresie prawa znak\u00f3w towarowych, wzor\u00f3w przemys\u0142owych i praw autorskich, rejestracja i obrona. Um\u00f3w si\u0119 na spotkanie ju\u017c teraz.","og_url":"https:\/\/www.gamapa.de\/pl\/dziedziny-swiadczonych-uslug-doradczych\/doradztwo-prawne\/prawo-znaku-towarzyszczego-i-prawo-autorskie\/","og_site_name":"GANTEF\u00dcHRER","article_modified_time":"2025-11-13T16:45:44+00:00","og_image":[{"width":2560,"height":764,"url":"https:\/\/www.gamapa.de\/wp-content\/uploads\/2020\/07\/U-Header-Rechtsgebiete-2-1-scaled.jpg","type":"image\/jpeg"}],"twitter_card":"summary_large_image","twitter_misc":{"Szacowany czas czytania":"2 minuty"},"schema":{"@context":"https:\/\/schema.org","@graph":[{"@type":"WebPage","@id":"https:\/\/www.gamapa.de\/pl\/dziedziny-swiadczonych-uslug-doradczych\/doradztwo-prawne\/prawo-znaku-towarzyszczego-i-prawo-autorskie\/","url":"https:\/\/www.gamapa.de\/pl\/dziedziny-swiadczonych-uslug-doradczych\/doradztwo-prawne\/prawo-znaku-towarzyszczego-i-prawo-autorskie\/","name":"prawa do znak\u00f3w towarowych, wzor\u00f3w i praw autorskich | Dr. Gantef\u00fchrer, Marquardt und Partner","isPartOf":{"@id":"https:\/\/www.gamapa.de\/pl\/#website"},"primaryImageOfPage":{"@id":"https:\/\/www.gamapa.de\/pl\/dziedziny-swiadczonych-uslug-doradczych\/doradztwo-prawne\/prawo-znaku-towarzyszczego-i-prawo-autorskie\/#primaryimage"},"image":{"@id":"https:\/\/www.gamapa.de\/pl\/dziedziny-swiadczonych-uslug-doradczych\/doradztwo-prawne\/prawo-znaku-towarzyszczego-i-prawo-autorskie\/#primaryimage"},"thumbnailUrl":"https:\/\/www.gamapa.de\/wp-content\/uploads\/2020\/07\/U-Header-Rechtsgebiete-2-1-scaled.jpg","datePublished":"2025-11-10T09:10:22+00:00","dateModified":"2025-11-13T16:45:44+00:00","description":"Ochrona prawna pomys\u0142\u00f3w: profesjonalne doradztwo w zakresie prawa znak\u00f3w towarowych, wzor\u00f3w przemys\u0142owych i praw autorskich, rejestracja i obrona. Um\u00f3w si\u0119 na spotkanie ju\u017c teraz.","breadcrumb":{"@id":"https:\/\/www.gamapa.de\/pl\/dziedziny-swiadczonych-uslug-doradczych\/doradztwo-prawne\/prawo-znaku-towarzyszczego-i-prawo-autorskie\/#breadcrumb"},"inLanguage":"pl-PL","potentialAction":[{"@type":"ReadAction","target":["https:\/\/www.gamapa.de\/pl\/dziedziny-swiadczonych-uslug-doradczych\/doradztwo-prawne\/prawo-znaku-towarzyszczego-i-prawo-autorskie\/"]}]},{"@type":"ImageObject","inLanguage":"pl-PL","@id":"https:\/\/www.gamapa.de\/pl\/dziedziny-swiadczonych-uslug-doradczych\/doradztwo-prawne\/prawo-znaku-towarzyszczego-i-prawo-autorskie\/#primaryimage","url":"https:\/\/www.gamapa.de\/wp-content\/uploads\/2020\/07\/U-Header-Rechtsgebiete-2-1-scaled.jpg","contentUrl":"https:\/\/www.gamapa.de\/wp-content\/uploads\/2020\/07\/U-Header-Rechtsgebiete-2-1-scaled.jpg","width":2560,"height":764,"caption":"Anleger, Kunden und Gesch\u00e4ftspartner"},{"@type":"BreadcrumbList","@id":"https:\/\/www.gamapa.de\/pl\/dziedziny-swiadczonych-uslug-doradczych\/doradztwo-prawne\/prawo-znaku-towarzyszczego-i-prawo-autorskie\/#breadcrumb","itemListElement":[{"@type":"ListItem","position":1,"name":"Startseite","item":"https:\/\/www.gamapa.de\/pl\/"},{"@type":"ListItem","position":2,"name":"Obszar konsultacji","item":"https:\/\/www.gamapa.de\/pl\/dziedziny-swiadczonych-uslug-doradczych\/"},{"@type":"ListItem","position":3,"name":"Doradztwo prawne","item":"https:\/\/www.gamapa.de\/pl\/dziedziny-swiadczonych-uslug-doradczych\/doradztwo-prawne\/"},{"@type":"ListItem","position":4,"name":"Prawa do znak\u00f3w towarowych, wzor\u00f3w i prawa autorskie"}]},{"@type":"WebSite","@id":"https:\/\/www.gamapa.de\/pl\/#website","url":"https:\/\/www.gamapa.de\/pl\/","name":"GANTEF\u00dcHRER","description":"Wirtschaftspr\u00fcfer, Steuerberater, Rechtsanw\u00e4lte","publisher":{"@id":"https:\/\/www.gamapa.de\/pl\/#organization"},"potentialAction":[{"@type":"SearchAction","target":{"@type":"EntryPoint","urlTemplate":"https:\/\/www.gamapa.de\/pl\/?s={search_term_string}"},"query-input":{"@type":"PropertyValueSpecification","valueRequired":true,"valueName":"search_term_string"}}],"inLanguage":"pl-PL"},{"@type":"Organization","@id":"https:\/\/www.gamapa.de\/pl\/#organization","name":"Gantef\u00fchrer Wirtschaftspr\u00fcfer, Steuerberater, Rechtsanw\u00e4lte","url":"https:\/\/www.gamapa.de\/pl\/","logo":{"@type":"ImageObject","inLanguage":"pl-PL","@id":"https:\/\/www.gamapa.de\/pl\/#\/schema\/logo\/image\/","url":"https:\/\/www.gamapa.de\/wp-content\/uploads\/2026\/01\/Logo-Gantefuehrer.png","contentUrl":"https:\/\/www.gamapa.de\/wp-content\/uploads\/2026\/01\/Logo-Gantefuehrer.png","width":767,"height":156,"caption":"Gantef\u00fchrer Wirtschaftspr\u00fcfer, Steuerberater, Rechtsanw\u00e4lte"},"image":{"@id":"https:\/\/www.gamapa.de\/pl\/#\/schema\/logo\/image\/"}}]}},"uagb_featured_image_src":{"full":["https:\/\/www.gamapa.de\/wp-content\/uploads\/2020\/07\/U-Header-Rechtsgebiete-2-1-scaled.jpg",2560,764,false],"thumbnail":["https:\/\/www.gamapa.de\/wp-content\/uploads\/2020\/07\/U-Header-Rechtsgebiete-2-1-150x150.jpg",150,150,true],"medium":["https:\/\/www.gamapa.de\/wp-content\/uploads\/2020\/07\/U-Header-Rechtsgebiete-2-1-600x179.jpg",600,179,true],"medium_large":["https:\/\/www.gamapa.de\/wp-content\/uploads\/2020\/07\/U-Header-Rechtsgebiete-2-1-768x229.jpg",580,173,true],"large":["https:\/\/www.gamapa.de\/wp-content\/uploads\/2020\/07\/U-Header-Rechtsgebiete-2-1-scaled.jpg",580,173,false],"gs-tiny":["https:\/\/www.gamapa.de\/wp-content\/uploads\/2020\/07\/U-Header-Rechtsgebiete-2-1-scaled.jpg",50,15,false],"xl":["https:\/\/www.gamapa.de\/wp-content\/uploads\/2020\/07\/U-Header-Rechtsgebiete-2-1-scaled.jpg",1600,478,false],"xxl":["https:\/\/www.gamapa.de\/wp-content\/uploads\/2020\/07\/U-Header-Rechtsgebiete-2-1-scaled.jpg",2200,657,false],"xxxl":["https:\/\/www.gamapa.de\/wp-content\/uploads\/2020\/07\/U-Header-Rechtsgebiete-2-1-scaled.jpg",2560,764,false],"xxxxl":["https:\/\/www.gamapa.de\/wp-content\/uploads\/2020\/07\/U-Header-Rechtsgebiete-2-1-scaled.jpg",2560,764,false],"xxxxxl":["https:\/\/www.gamapa.de\/wp-content\/uploads\/2020\/07\/U-Header-Rechtsgebiete-2-1-scaled.jpg",2560,764,false],"1536x1536":["https:\/\/www.gamapa.de\/wp-content\/uploads\/2020\/07\/U-Header-Rechtsgebiete-2-1-1536x458.jpg",1536,458,true],"2048x2048":["https:\/\/www.gamapa.de\/wp-content\/uploads\/2020\/07\/U-Header-Rechtsgebiete-2-1-2048x611.jpg",2048,611,true],"post-thumbnail":["https:\/\/www.gamapa.de\/wp-content\/uploads\/2020\/07\/U-Header-Rechtsgebiete-2-1-scaled.jpg",2560,764,false],"twentytwenty-fullscreen":["https:\/\/www.gamapa.de\/wp-content\/uploads\/2020\/07\/U-Header-Rechtsgebiete-2-1-scaled.jpg",2560,764,false],"theme-slug-single-post":["https:\/\/www.gamapa.de\/wp-content\/uploads\/2020\/07\/U-Header-Rechtsgebiete-2-1-1600x400.jpg",1600,400,true]},"uagb_author_info":{"display_name":"ninasenft","author_link":"https:\/\/www.gamapa.de\/pl\/author\/ninasenft\/"},"uagb_comment_info":0,"uagb_excerpt":"Chronimy Twoj\u0105 w\u0142asno\u015b\u0107 intelektualn\u0105 Rozpoznawalno\u015b\u0107 zapewnia przewag\u0119. Chronimy Pa\u0144stwa marki, projekty i tre\u015bci kreatywne \u2013 od pomys\u0142u, poprzez rejestracj\u0119, a\u017c po monitorowanie i egzekwowanie praw na rynku. Dzi\u0119ki naszemu wieloletniemu do\u015bwiadczeniu w zakresie w\u0142asno\u015bci intelektualnej towarzyszymy Pa\u0144stwu na rynku krajowym i mi\u0119dzynarodowym \u2013 w spos\u00f3b pragmatyczny, skuteczny i praktyczny. W kwestiach podatkowych zwi\u0105zanych z w\u0142asno\u015bci\u0105&hellip;","_links":{"self":[{"href":"https:\/\/www.gamapa.de\/pl\/wp-json\/wp\/v2\/pages\/22471","targetHints":{"allow":["GET"]}}],"collection":[{"href":"https:\/\/www.gamapa.de\/pl\/wp-json\/wp\/v2\/pages"}],"about":[{"href":"https:\/\/www.gamapa.de\/pl\/wp-json\/wp\/v2\/types\/page"}],"author":[{"embeddable":true,"href":"https:\/\/www.gamapa.de\/pl\/wp-json\/wp\/v2\/users\/11"}],"replies":[{"embeddable":true,"href":"https:\/\/www.gamapa.de\/pl\/wp-json\/wp\/v2\/comments?post=22471"}],"version-history":[{"count":3,"href":"https:\/\/www.gamapa.de\/pl\/wp-json\/wp\/v2\/pages\/22471\/revisions"}],"predecessor-version":[{"id":22506,"href":"https:\/\/www.gamapa.de\/pl\/wp-json\/wp\/v2\/pages\/22471\/revisions\/22506"}],"up":[{"embeddable":true,"href":"https:\/\/www.gamapa.de\/pl\/wp-json\/wp\/v2\/pages\/5659"}],"wp:featuredmedia":[{"embeddable":true,"href":"https:\/\/www.gamapa.de\/pl\/wp-json\/wp\/v2\/media\/3881"}],"wp:attachment":[{"href":"https:\/\/www.gamapa.de\/pl\/wp-json\/wp\/v2\/media?parent=22471"}],"curies":[{"name":"wp","href":"https:\/\/api.w.org\/{rel}","templated":true}]}}