

{"id":22595,"date":"2022-01-18T15:59:58","date_gmt":"2022-01-18T14:59:58","guid":{"rendered":"https:\/\/www.gamapa.de\/dziedziny-swiadczonych-uslug-doradczych\/mediation\/"},"modified":"2025-11-18T15:08:45","modified_gmt":"2025-11-18T14:08:45","slug":"mediacja","status":"publish","type":"page","link":"https:\/\/www.gamapa.de\/pl\/dziedziny-swiadczonych-uslug-doradczych\/mediacja\/","title":{"rendered":"Mediacja"},"content":{"rendered":"\n<h2 class=\"wp-block-heading inhalt\">Pozas\u0105dowe i szybkie rozstrzyganie spor\u00f3w<\/h2>\n\n\n\n<p class=\"inhalt\">Tematyka mediacji jest wszechobecna w codziennym \u017cyciu. Konflikty pojawiaj\u0105 si\u0119 wsz\u0119dzie i codziennie, poniewa\u017c spotykaj\u0105 si\u0119 ze sob\u0105 r\u00f3\u017cni ludzie o r\u00f3\u017cnych interesach i potrzebach. W sferze prywatnej r\u00f3\u017cnice zda\u0144 cz\u0119sto pojawiaj\u0105 si\u0119 w sporach rodzinnych lub sporach spadkowych. W sferze biznesowej spory mog\u0105 pojawia\u0107 si\u0119 na poziomie sp\u00f3\u0142ki mi\u0119dzy wsp\u00f3lnikami, na poziomie hierarchicznym mi\u0119dzy prze\u0142o\u017conymi a pracownikami lub na tym samym poziomie mi\u0119dzy pracownikami. Ponadto cz\u0119sto dochodzi do spor\u00f3w w ramach planowania sukcesji w przedsi\u0119biorstwie lub w ramach relacji z klientami.<\/p>\n\n\n\n<p>Konflikty zazwyczaj kosztuj\u0105 zaanga\u017cowane strony du\u017co czasu, cierpliwo\u015bci i nerw\u00f3w, a ponadto s\u0105 cz\u0119sto do\u015b\u0107 kosztowne.<\/p>\n\n\n\n<p>Cz\u0119sto strony konfliktu widz\u0105 jedyne wyj\u015bcie w postaci post\u0119powania s\u0105dowego. Jednak w takim przypadku wygrywa tylko jedna strona \u2013 o ile w og\u00f3le \u2013 a to, kt\u00f3ra to b\u0119dzie strona, jest zazwyczaj niepewne i nie da si\u0119 tego zaplanowa\u0107. Przyczyny sporu nie s\u0105 w tym przypadku wyja\u015bniane ani rozwi\u0105zywane.<\/p>\n\n\n\n<p>Zatrudniaj\u0105c mediatora, stwarzaj\u0105 Pa\u0144stwo mo\u017cliwo\u015b\u0107 szybkiego, skutecznego i dostosowanego do indywidualnych potrzeb rozwi\u0105zania konfliktu. Procedura mediacyjna stanowi realn\u0105 alternatyw\u0119 dla czasoch\u0142onnych i kosztownych post\u0119powa\u0144 s\u0105dowych, poniewa\u017c strony samodzielnie znajduj\u0105 odpowiednie dla siebie rozwi\u0105zanie swojego problemu.<\/p>\n\n\n\n<div style=\"height:40px\" aria-hidden=\"true\" class=\"wp-block-spacer\"><\/div>\n\n\n\n<div class=\"wp-block-pb-accordion-item c-accordion__item js-accordion-item no-js medi\" data-initially-open=\"false\" data-click-to-close=\"true\" data-auto-close=\"true\" data-scroll=\"false\" data-scroll-offset=\"0\"><h2 id=\"at-225950\" class=\"c-accordion__title js-accordion-controller\" role=\"button\">Czym jest mediacja?<\/h2><div id=\"ac-225950\" class=\"c-accordion__content\">\n<p>Mediacja jest pozas\u0105dow\u0105, uregulowan\u0105 prawnie i ustrukturyzowan\u0105 procedur\u0105 rozwi\u0105zywania konflikt\u00f3w, w ramach kt\u00f3rej strony, z pomoc\u0105 niezale\u017cnego i bezstronnego mediatora, dobrowolnie i na w\u0142asn\u0105 odpowiedzialno\u015b\u0107 d\u0105\u017c\u0105 do polubownego rozwi\u0105zania konfliktu.<\/p>\n\n\n\n<p>Celem mediacji jest osi\u0105gni\u0119cie tzw. rozwi\u0105zania korzystnego dla wszystkich stron: zamiast decyzji podj\u0119tej przez osob\u0119 trzeci\u0105, wsp\u00f3lnie z drug\u0105 stron\u0105, pod kierunkiem neutralnej osoby trzeciej, czyli mediatora, opracowuj\u0105 Pa\u0144stwo rozwi\u0105zanie odpowiednie dla obu stron. W tym procesie uwzgl\u0119dnia si\u0119 i okre\u015bla interesy i potrzeby zaanga\u017cowanych os\u00f3b, tak aby mog\u0142o doj\u015b\u0107 do wzajemnego zrozumienia, bez zaniedbywania i pomijania w\u0142asnych spraw. Opracowane rozwi\u0105zanie jest nast\u0119pnie zapisywane w wi\u0105\u017c\u0105cej, przysz\u0142o\u015bciowej umowie \u2013 poza s\u0105dem i bez drogi prawnej.<\/p>\n<\/div><\/div>\n\n\n\n<div class=\"wp-block-pb-accordion-item c-accordion__item js-accordion-item no-js medi\" data-initially-open=\"false\" data-click-to-close=\"true\" data-auto-close=\"true\" data-scroll=\"false\" data-scroll-offset=\"0\"><h2 id=\"at-225951\" class=\"c-accordion__title js-accordion-controller\" role=\"button\">Dla kogo mediacja jest sensownym rozwi\u0105zaniem?<\/h2><div id=\"ac-225951\" class=\"c-accordion__content\">\n<p>Z do\u015bwiadczenia mo\u017cemy stwierdzi\u0107, \u017ce zasadniczo wszystkie konflikty mo\u017cna podda\u0107 mediacji, nawet w przypadkach, gdy atmosfera jest bardzo napi\u0119ta z powodu znacznych r\u00f3\u017cnic, uraz\u00f3w i r\u00f3\u017cnych incydent\u00f3w, a na pierwszy rzut oka polubowne porozumienie wydaje si\u0119 niemo\u017cliwe.<\/p>\n\n\n\n<p>Przeprowadzenie post\u0119powania mediacyjnego jest szczeg\u00f3lnie wskazane, gdy:<\/p>\n\n\n\n<ul class=\"wp-block-list\">\n<li>mi\u0119dzy stronami \u201enic ju\u017c nie dzia\u0142a\u201d, rozmowy kr\u0119c\u0105 si\u0119 w k\u00f3\u0142ko lub nie jest ju\u017c mo\u017cliwa jasna i konstruktywna komunikacja<\/li>\n\n\n\n<li>spory s\u0105 bardzo z\u0142o\u017cone i zagmatwane; nie ma ju\u017c jasno\u015bci<\/li>\n\n\n\n<li>konflikt ma silny charakter emocjonalny<\/li>\n\n\n\n<li>nie mo\u017cna lub nie nale\u017cy rezygnowa\u0107 z przysz\u0142ych kontakt\u00f3w lub wsp\u00f3\u0142pracy, a zatem chodzi o utrzymanie relacji<\/li>\n\n\n\n<li>nale\u017cy znale\u017a\u0107 szybkie i niebiurokratyczne rozwi\u0105zanie<\/li>\n\n\n\n<li>nale\u017cy zachowa\u0107 jak najwi\u0119ksz\u0105 poufno\u015b\u0107<\/li>\n\n\n\n<li>nale\u017cy utrzyma\u0107 niskie koszty (konfliktu)<\/li>\n<\/ul>\n\n\n\n<p>Mediacja nie ma sensu, je\u015bli strony nie wyra\u017caj\u0105 dobrowolnej zgody na udzia\u0142 w mediacji. W takim przypadku zalecane mo\u017ce by\u0107 jednak jednostronne doradztwo tylko jednej ze stron w celu wypracowania sposobu post\u0119powania w przysz\u0142o\u015bci. Mediacja nie jest oczywi\u015bcie panaceum. Uczestnicy musz\u0105 dobrowolnie i samodzielnie podj\u0105\u0107 udzia\u0142 w mediacji. Powinna r\u00f3wnie\u017c istnie\u0107 zasadnicza gotowo\u015b\u0107 do osi\u0105gni\u0119cia porozumienia. Je\u015bli te warunki s\u0105 spe\u0142nione, nic nie stoi na przeszkodzie, aby w ramach mediacji znale\u017a\u0107 indywidualne rozwi\u0105zanie.<\/p>\n<\/div><\/div>\n\n\n\n<h3 class=\"wp-block-heading\">Osoby kontaktowe:<\/h3>\n\n\n\n<div class=\"wp-block-columns is-layout-flex wp-container-core-columns-is-layout-9d6595d7 wp-block-columns-is-layout-flex\">\n<div class=\"wp-block-column is-layout-flow wp-block-column-is-layout-flow\">\n<figure class=\"wp-block-image size-full\"><a href=\"https:\/\/www.gamapa.de\/pl\/doradcy\/vera-niedermeyer-adwokat-mediator-partner\/\"><img loading=\"lazy\" decoding=\"async\" width=\"600\" height=\"389\" src=\"https:\/\/www.gamapa.de\/wp-content\/uploads\/2020\/08\/Niedermeyer-600x389-1.jpg\" alt=\"\" class=\"wp-image-8135\"\/><\/a><figcaption class=\"wp-element-caption\">Vera Niedermeyer<\/figcaption><\/figure>\n<\/div>\n\n\n\n<div class=\"wp-block-column 2-5rem is-layout-flow wp-block-column-is-layout-flow\">\n<figure class=\"wp-block-image size-full\"><a href=\"https:\/\/www.gamapa.de\/pl\/doradcy\/antje-stosch-adwokat-radca-prawny-specjalista-ds-prawa-rodzinnego\/\"><img loading=\"lazy\" decoding=\"async\" width=\"600\" height=\"389\" src=\"https:\/\/www.gamapa.de\/wp-content\/uploads\/2021\/10\/Antje-Stosch_1.jpg\" alt=\"\" class=\"wp-image-9442\"\/><\/a><figcaption class=\"wp-element-caption\">Antje Stosch<\/figcaption><\/figure>\n<\/div>\n<\/div>\n\n\n\n<div class=\"wp-block-columns is-layout-flex wp-container-core-columns-is-layout-9d6595d7 wp-block-columns-is-layout-flex\">\n<div class=\"wp-block-column is-layout-flow wp-block-column-is-layout-flow\">\n<figure class=\"wp-block-image size-full\"><a href=\"https:\/\/www.gamapa.de\/pl\/doradcy\/eva-schmitz-doradca-podatkowy\/\"><img loading=\"lazy\" decoding=\"async\" width=\"600\" height=\"389\" src=\"https:\/\/www.gamapa.de\/wp-content\/uploads\/2022\/02\/Schmitz_1.jpg\" alt=\"Eva Schmitz\" class=\"wp-image-12284\"\/><\/a><figcaption class=\"wp-element-caption\">Eva Schmitz<\/figcaption><\/figure>\n<\/div>\n\n\n\n<div class=\"wp-block-column is-layout-flow wp-block-column-is-layout-flow\">\n<figure class=\"wp-block-image size-full\"><a href=\"https:\/\/www.gamapa.de\/pl\/doradcy\/daniel-troost-doradca-podatkowy-partner\/\"><img loading=\"lazy\" decoding=\"async\" width=\"600\" height=\"389\" src=\"https:\/\/www.gamapa.de\/wp-content\/uploads\/2022\/11\/Troost_1.jpg\" alt=\"\" class=\"wp-image-13723\"\/><\/a><figcaption class=\"wp-element-caption\">Daniel Troost<\/figcaption><\/figure>\n<\/div>\n<\/div>\n\n\n\n<div style=\"height:40px\" aria-hidden=\"true\" class=\"wp-block-spacer\"><\/div>\n\n\n\n<div class=\"wp-block-columns is-layout-flex wp-container-core-columns-is-layout-9d6595d7 wp-block-columns-is-layout-flex\">\n<div class=\"wp-block-column breites-raster med is-layout-flow wp-block-column-is-layout-flow\">\n<div class=\"wp-block-button\"><a class=\"wp-block-button__link has-background wp-element-button\" href=\"https:\/\/www.gamapa.de\/pl\/dziedziny-swiadczonych-uslug-doradczych\/mediacja\/mediacja-gospodarcza\/\" style=\"background-color:#003565\">Mediacja gospodarcza<\/a><\/div>\n<\/div>\n\n\n\n<div class=\"wp-block-column med is-layout-flow wp-block-column-is-layout-flow\">\n<div class=\"wp-block-button\"><a class=\"wp-block-button__link has-background wp-element-button\" href=\"https:\/\/www.gamapa.de\/pl\/dziedziny-swiadczonych-uslug-doradczych\/mediacja\/mediacja-w-sferze-prywatnej\/\" style=\"background-color:#003565\">Mediacja w sferze prywatnej<\/a><\/div>\n<\/div>\n\n\n\n<div class=\"wp-block-column med is-layout-flow wp-block-column-is-layout-flow\">\n<div class=\"wp-block-button\"><a class=\"wp-block-button__link has-background wp-element-button\" href=\"https:\/\/www.gamapa.de\/pl\/dziedziny-swiadczonych-uslug-doradczych\/mediacja\/przypadki-praktyczne-jako-przyklady\/\" style=\"background-color:#003565\">Przypadki praktyczne jako przyk\u0142ady<\/a><\/div>\n<\/div>\n<\/div>\n\n\n\n<div class=\"wp-block-columns is-layout-flex wp-container-core-columns-is-layout-9d6595d7 wp-block-columns-is-layout-flex\"><\/div>\n","protected":false},"excerpt":{"rendered":"<p>Pozas\u0105dowe i szybkie rozstrzyganie spor\u00f3w Tematyka mediacji jest wszechobecna w codziennym \u017cyciu. Konflikty pojawiaj\u0105 si\u0119 wsz\u0119dzie i codziennie, poniewa\u017c spotykaj\u0105 si\u0119 ze sob\u0105 r\u00f3\u017cni ludzie o r\u00f3\u017cnych interesach i potrzebach. W sferze prywatnej r\u00f3\u017cnice zda\u0144 cz\u0119sto pojawiaj\u0105 si\u0119 w sporach rodzinnych lub sporach spadkowych. W sferze biznesowej spory mog\u0105 pojawia\u0107 si\u0119 na poziomie sp\u00f3\u0142ki mi\u0119dzy <a href=\"https:\/\/www.gamapa.de\/pl\/dziedziny-swiadczonych-uslug-doradczych\/mediacja\/\">[\u2026]<\/a><\/p>\n","protected":false},"author":1,"featured_media":12068,"parent":5808,"menu_order":6,"comment_status":"closed","ping_status":"closed","template":"","meta":{"_acf_changed":false,"_uag_custom_page_level_css":"","footnotes":""},"class_list":["post-22595","page","type-page","status-publish","has-post-thumbnail","hentry"],"acf":[],"yoast_head":"<!-- This site is optimized with the Yoast SEO plugin v27.3 - https:\/\/yoast.com\/product\/yoast-seo-wordpress\/ -->\n<title>Mediacja | Dr. Gantef\u00fchrer Marquardt und Partner<\/title>\n<meta name=\"description\" content=\"Pomagamy Pa\u0144stwu w szybkim, skutecznym i indywidualnie dostosowanym do Pa\u0144stwa potrzeb rozwi\u0105zywaniu konflikt\u00f3w.\" \/>\n<meta name=\"robots\" content=\"index, follow, max-snippet:-1, max-image-preview:large, max-video-preview:-1\" \/>\n<link rel=\"canonical\" href=\"https:\/\/www.gamapa.de\/pl\/dziedziny-swiadczonych-uslug-doradczych\/mediacja\/\" \/>\n<meta property=\"og:locale\" content=\"pl_PL\" \/>\n<meta property=\"og:type\" content=\"article\" \/>\n<meta property=\"og:title\" content=\"Mediacja | Dr. Gantef\u00fchrer Marquardt und Partner\" \/>\n<meta property=\"og:description\" content=\"Pomagamy Pa\u0144stwu w szybkim, skutecznym i indywidualnie dostosowanym do Pa\u0144stwa potrzeb rozwi\u0105zywaniu konflikt\u00f3w.\" \/>\n<meta property=\"og:url\" content=\"https:\/\/www.gamapa.de\/pl\/dziedziny-swiadczonych-uslug-doradczych\/mediacja\/\" \/>\n<meta property=\"og:site_name\" content=\"GANTEF\u00dcHRER\" \/>\n<meta property=\"article:modified_time\" content=\"2025-11-18T14:08:45+00:00\" \/>\n<meta property=\"og:image\" content=\"https:\/\/www.gamapa.de\/wp-content\/uploads\/2022\/02\/Mediation-2-scaled.jpg\" \/>\n\t<meta property=\"og:image:width\" content=\"2560\" \/>\n\t<meta property=\"og:image:height\" content=\"764\" \/>\n\t<meta property=\"og:image:type\" content=\"image\/jpeg\" \/>\n<meta name=\"twitter:card\" content=\"summary_large_image\" \/>\n<meta name=\"twitter:label1\" content=\"Szacowany czas czytania\" \/>\n\t<meta name=\"twitter:data1\" content=\"4 minuty\" \/>\n<script type=\"application\/ld+json\" class=\"yoast-schema-graph\">{\"@context\":\"https:\\\/\\\/schema.org\",\"@graph\":[{\"@type\":\"WebPage\",\"@id\":\"https:\\\/\\\/www.gamapa.de\\\/pl\\\/dziedziny-swiadczonych-uslug-doradczych\\\/mediacja\\\/\",\"url\":\"https:\\\/\\\/www.gamapa.de\\\/pl\\\/dziedziny-swiadczonych-uslug-doradczych\\\/mediacja\\\/\",\"name\":\"Mediacja | Dr. Gantef\u00fchrer Marquardt und Partner\",\"isPartOf\":{\"@id\":\"https:\\\/\\\/www.gamapa.de\\\/pl\\\/#website\"},\"primaryImageOfPage\":{\"@id\":\"https:\\\/\\\/www.gamapa.de\\\/pl\\\/dziedziny-swiadczonych-uslug-doradczych\\\/mediacja\\\/#primaryimage\"},\"image\":{\"@id\":\"https:\\\/\\\/www.gamapa.de\\\/pl\\\/dziedziny-swiadczonych-uslug-doradczych\\\/mediacja\\\/#primaryimage\"},\"thumbnailUrl\":\"https:\\\/\\\/www.gamapa.de\\\/wp-content\\\/uploads\\\/2022\\\/02\\\/Mediation-2-scaled.jpg\",\"datePublished\":\"2022-01-18T14:59:58+00:00\",\"dateModified\":\"2025-11-18T14:08:45+00:00\",\"description\":\"Pomagamy Pa\u0144stwu w szybkim, skutecznym i indywidualnie dostosowanym do Pa\u0144stwa potrzeb rozwi\u0105zywaniu konflikt\u00f3w.\",\"breadcrumb\":{\"@id\":\"https:\\\/\\\/www.gamapa.de\\\/pl\\\/dziedziny-swiadczonych-uslug-doradczych\\\/mediacja\\\/#breadcrumb\"},\"inLanguage\":\"pl-PL\",\"potentialAction\":[{\"@type\":\"ReadAction\",\"target\":[\"https:\\\/\\\/www.gamapa.de\\\/pl\\\/dziedziny-swiadczonych-uslug-doradczych\\\/mediacja\\\/\"]}]},{\"@type\":\"ImageObject\",\"inLanguage\":\"pl-PL\",\"@id\":\"https:\\\/\\\/www.gamapa.de\\\/pl\\\/dziedziny-swiadczonych-uslug-doradczych\\\/mediacja\\\/#primaryimage\",\"url\":\"https:\\\/\\\/www.gamapa.de\\\/wp-content\\\/uploads\\\/2022\\\/02\\\/Mediation-2-scaled.jpg\",\"contentUrl\":\"https:\\\/\\\/www.gamapa.de\\\/wp-content\\\/uploads\\\/2022\\\/02\\\/Mediation-2-scaled.jpg\",\"width\":2560,\"height\":764,\"caption\":\"Mediation-2\"},{\"@type\":\"BreadcrumbList\",\"@id\":\"https:\\\/\\\/www.gamapa.de\\\/pl\\\/dziedziny-swiadczonych-uslug-doradczych\\\/mediacja\\\/#breadcrumb\",\"itemListElement\":[{\"@type\":\"ListItem\",\"position\":1,\"name\":\"Startseite\",\"item\":\"https:\\\/\\\/www.gamapa.de\\\/pl\\\/\"},{\"@type\":\"ListItem\",\"position\":2,\"name\":\"Obszar konsultacji\",\"item\":\"https:\\\/\\\/www.gamapa.de\\\/pl\\\/dziedziny-swiadczonych-uslug-doradczych\\\/\"},{\"@type\":\"ListItem\",\"position\":3,\"name\":\"Mediacja\"}]},{\"@type\":\"WebSite\",\"@id\":\"https:\\\/\\\/www.gamapa.de\\\/pl\\\/#website\",\"url\":\"https:\\\/\\\/www.gamapa.de\\\/pl\\\/\",\"name\":\"GANTEF\u00dcHRER\",\"description\":\"Wirtschaftspr\u00fcfer, Steuerberater, Rechtsanw\u00e4lte\",\"publisher\":{\"@id\":\"https:\\\/\\\/www.gamapa.de\\\/pl\\\/#organization\"},\"potentialAction\":[{\"@type\":\"SearchAction\",\"target\":{\"@type\":\"EntryPoint\",\"urlTemplate\":\"https:\\\/\\\/www.gamapa.de\\\/pl\\\/?s={search_term_string}\"},\"query-input\":{\"@type\":\"PropertyValueSpecification\",\"valueRequired\":true,\"valueName\":\"search_term_string\"}}],\"inLanguage\":\"pl-PL\"},{\"@type\":\"Organization\",\"@id\":\"https:\\\/\\\/www.gamapa.de\\\/pl\\\/#organization\",\"name\":\"Gantef\u00fchrer Wirtschaftspr\u00fcfer, Steuerberater, Rechtsanw\u00e4lte\",\"url\":\"https:\\\/\\\/www.gamapa.de\\\/pl\\\/\",\"logo\":{\"@type\":\"ImageObject\",\"inLanguage\":\"pl-PL\",\"@id\":\"https:\\\/\\\/www.gamapa.de\\\/pl\\\/#\\\/schema\\\/logo\\\/image\\\/\",\"url\":\"https:\\\/\\\/www.gamapa.de\\\/wp-content\\\/uploads\\\/2026\\\/01\\\/Logo-Gantefuehrer.png\",\"contentUrl\":\"https:\\\/\\\/www.gamapa.de\\\/wp-content\\\/uploads\\\/2026\\\/01\\\/Logo-Gantefuehrer.png\",\"width\":767,\"height\":156,\"caption\":\"Gantef\u00fchrer Wirtschaftspr\u00fcfer, Steuerberater, Rechtsanw\u00e4lte\"},\"image\":{\"@id\":\"https:\\\/\\\/www.gamapa.de\\\/pl\\\/#\\\/schema\\\/logo\\\/image\\\/\"}}]}<\/script>\n<!-- \/ Yoast SEO plugin. -->","yoast_head_json":{"title":"Mediacja | Dr. Gantef\u00fchrer Marquardt und Partner","description":"Pomagamy Pa\u0144stwu w szybkim, skutecznym i indywidualnie dostosowanym do Pa\u0144stwa potrzeb rozwi\u0105zywaniu konflikt\u00f3w.","robots":{"index":"index","follow":"follow","max-snippet":"max-snippet:-1","max-image-preview":"max-image-preview:large","max-video-preview":"max-video-preview:-1"},"canonical":"https:\/\/www.gamapa.de\/pl\/dziedziny-swiadczonych-uslug-doradczych\/mediacja\/","og_locale":"pl_PL","og_type":"article","og_title":"Mediacja | Dr. Gantef\u00fchrer Marquardt und Partner","og_description":"Pomagamy Pa\u0144stwu w szybkim, skutecznym i indywidualnie dostosowanym do Pa\u0144stwa potrzeb rozwi\u0105zywaniu konflikt\u00f3w.","og_url":"https:\/\/www.gamapa.de\/pl\/dziedziny-swiadczonych-uslug-doradczych\/mediacja\/","og_site_name":"GANTEF\u00dcHRER","article_modified_time":"2025-11-18T14:08:45+00:00","og_image":[{"width":2560,"height":764,"url":"https:\/\/www.gamapa.de\/wp-content\/uploads\/2022\/02\/Mediation-2-scaled.jpg","type":"image\/jpeg"}],"twitter_card":"summary_large_image","twitter_misc":{"Szacowany czas czytania":"4 minuty"},"schema":{"@context":"https:\/\/schema.org","@graph":[{"@type":"WebPage","@id":"https:\/\/www.gamapa.de\/pl\/dziedziny-swiadczonych-uslug-doradczych\/mediacja\/","url":"https:\/\/www.gamapa.de\/pl\/dziedziny-swiadczonych-uslug-doradczych\/mediacja\/","name":"Mediacja | Dr. Gantef\u00fchrer Marquardt und Partner","isPartOf":{"@id":"https:\/\/www.gamapa.de\/pl\/#website"},"primaryImageOfPage":{"@id":"https:\/\/www.gamapa.de\/pl\/dziedziny-swiadczonych-uslug-doradczych\/mediacja\/#primaryimage"},"image":{"@id":"https:\/\/www.gamapa.de\/pl\/dziedziny-swiadczonych-uslug-doradczych\/mediacja\/#primaryimage"},"thumbnailUrl":"https:\/\/www.gamapa.de\/wp-content\/uploads\/2022\/02\/Mediation-2-scaled.jpg","datePublished":"2022-01-18T14:59:58+00:00","dateModified":"2025-11-18T14:08:45+00:00","description":"Pomagamy Pa\u0144stwu w szybkim, skutecznym i indywidualnie dostosowanym do Pa\u0144stwa potrzeb rozwi\u0105zywaniu konflikt\u00f3w.","breadcrumb":{"@id":"https:\/\/www.gamapa.de\/pl\/dziedziny-swiadczonych-uslug-doradczych\/mediacja\/#breadcrumb"},"inLanguage":"pl-PL","potentialAction":[{"@type":"ReadAction","target":["https:\/\/www.gamapa.de\/pl\/dziedziny-swiadczonych-uslug-doradczych\/mediacja\/"]}]},{"@type":"ImageObject","inLanguage":"pl-PL","@id":"https:\/\/www.gamapa.de\/pl\/dziedziny-swiadczonych-uslug-doradczych\/mediacja\/#primaryimage","url":"https:\/\/www.gamapa.de\/wp-content\/uploads\/2022\/02\/Mediation-2-scaled.jpg","contentUrl":"https:\/\/www.gamapa.de\/wp-content\/uploads\/2022\/02\/Mediation-2-scaled.jpg","width":2560,"height":764,"caption":"Mediation-2"},{"@type":"BreadcrumbList","@id":"https:\/\/www.gamapa.de\/pl\/dziedziny-swiadczonych-uslug-doradczych\/mediacja\/#breadcrumb","itemListElement":[{"@type":"ListItem","position":1,"name":"Startseite","item":"https:\/\/www.gamapa.de\/pl\/"},{"@type":"ListItem","position":2,"name":"Obszar konsultacji","item":"https:\/\/www.gamapa.de\/pl\/dziedziny-swiadczonych-uslug-doradczych\/"},{"@type":"ListItem","position":3,"name":"Mediacja"}]},{"@type":"WebSite","@id":"https:\/\/www.gamapa.de\/pl\/#website","url":"https:\/\/www.gamapa.de\/pl\/","name":"GANTEF\u00dcHRER","description":"Wirtschaftspr\u00fcfer, Steuerberater, Rechtsanw\u00e4lte","publisher":{"@id":"https:\/\/www.gamapa.de\/pl\/#organization"},"potentialAction":[{"@type":"SearchAction","target":{"@type":"EntryPoint","urlTemplate":"https:\/\/www.gamapa.de\/pl\/?s={search_term_string}"},"query-input":{"@type":"PropertyValueSpecification","valueRequired":true,"valueName":"search_term_string"}}],"inLanguage":"pl-PL"},{"@type":"Organization","@id":"https:\/\/www.gamapa.de\/pl\/#organization","name":"Gantef\u00fchrer Wirtschaftspr\u00fcfer, Steuerberater, Rechtsanw\u00e4lte","url":"https:\/\/www.gamapa.de\/pl\/","logo":{"@type":"ImageObject","inLanguage":"pl-PL","@id":"https:\/\/www.gamapa.de\/pl\/#\/schema\/logo\/image\/","url":"https:\/\/www.gamapa.de\/wp-content\/uploads\/2026\/01\/Logo-Gantefuehrer.png","contentUrl":"https:\/\/www.gamapa.de\/wp-content\/uploads\/2026\/01\/Logo-Gantefuehrer.png","width":767,"height":156,"caption":"Gantef\u00fchrer Wirtschaftspr\u00fcfer, Steuerberater, Rechtsanw\u00e4lte"},"image":{"@id":"https:\/\/www.gamapa.de\/pl\/#\/schema\/logo\/image\/"}}]}},"uagb_featured_image_src":{"full":["https:\/\/www.gamapa.de\/wp-content\/uploads\/2022\/02\/Mediation-2-scaled.jpg",2560,764,false],"thumbnail":["https:\/\/www.gamapa.de\/wp-content\/uploads\/2022\/02\/Mediation-2-150x150.jpg",150,150,true],"medium":["https:\/\/www.gamapa.de\/wp-content\/uploads\/2022\/02\/Mediation-2-600x179.jpg",600,179,true],"medium_large":["https:\/\/www.gamapa.de\/wp-content\/uploads\/2022\/02\/Mediation-2-768x229.jpg",580,173,true],"large":["https:\/\/www.gamapa.de\/wp-content\/uploads\/2022\/02\/Mediation-2-scaled.jpg",580,173,false],"gs-tiny":["https:\/\/www.gamapa.de\/wp-content\/uploads\/2022\/02\/Mediation-2-scaled.jpg",50,15,false],"xl":["https:\/\/www.gamapa.de\/wp-content\/uploads\/2022\/02\/Mediation-2-1600x477.jpg",1600,477,true],"xxl":["https:\/\/www.gamapa.de\/wp-content\/uploads\/2022\/02\/Mediation-2-2200x656.jpg",2200,656,true],"xxxl":["https:\/\/www.gamapa.de\/wp-content\/uploads\/2022\/02\/Mediation-2-2800x835.jpg",2800,835,true],"xxxxl":["https:\/\/www.gamapa.de\/wp-content\/uploads\/2022\/02\/Mediation-2-scaled.jpg",2560,764,false],"xxxxxl":["https:\/\/www.gamapa.de\/wp-content\/uploads\/2022\/02\/Mediation-2-scaled.jpg",2560,764,false],"1536x1536":["https:\/\/www.gamapa.de\/wp-content\/uploads\/2022\/02\/Mediation-2-1536x458.jpg",1536,458,true],"2048x2048":["https:\/\/www.gamapa.de\/wp-content\/uploads\/2022\/02\/Mediation-2-2048x611.jpg",2048,611,true],"post-thumbnail":["https:\/\/www.gamapa.de\/wp-content\/uploads\/2022\/02\/Mediation-2-scaled.jpg",2560,764,false],"twentytwenty-fullscreen":["https:\/\/www.gamapa.de\/wp-content\/uploads\/2022\/02\/Mediation-2-scaled.jpg",2560,764,false],"theme-slug-single-post":["https:\/\/www.gamapa.de\/wp-content\/uploads\/2022\/02\/Mediation-2-1600x400.jpg",1600,400,true]},"uagb_author_info":{"display_name":"linda","author_link":"https:\/\/www.gamapa.de\/pl\/author\/linda\/"},"uagb_comment_info":0,"uagb_excerpt":"Pozas\u0105dowe i szybkie rozstrzyganie spor\u00f3w Tematyka mediacji jest wszechobecna w codziennym \u017cyciu. Konflikty pojawiaj\u0105 si\u0119 wsz\u0119dzie i codziennie, poniewa\u017c spotykaj\u0105 si\u0119 ze sob\u0105 r\u00f3\u017cni ludzie o r\u00f3\u017cnych interesach i potrzebach. W sferze prywatnej r\u00f3\u017cnice zda\u0144 cz\u0119sto pojawiaj\u0105 si\u0119 w sporach rodzinnych lub sporach spadkowych. W sferze biznesowej spory mog\u0105 pojawia\u0107 si\u0119 na poziomie sp\u00f3\u0142ki mi\u0119dzy&hellip;","_links":{"self":[{"href":"https:\/\/www.gamapa.de\/pl\/wp-json\/wp\/v2\/pages\/22595","targetHints":{"allow":["GET"]}}],"collection":[{"href":"https:\/\/www.gamapa.de\/pl\/wp-json\/wp\/v2\/pages"}],"about":[{"href":"https:\/\/www.gamapa.de\/pl\/wp-json\/wp\/v2\/types\/page"}],"author":[{"embeddable":true,"href":"https:\/\/www.gamapa.de\/pl\/wp-json\/wp\/v2\/users\/1"}],"replies":[{"embeddable":true,"href":"https:\/\/www.gamapa.de\/pl\/wp-json\/wp\/v2\/comments?post=22595"}],"version-history":[{"count":12,"href":"https:\/\/www.gamapa.de\/pl\/wp-json\/wp\/v2\/pages\/22595\/revisions"}],"predecessor-version":[{"id":22625,"href":"https:\/\/www.gamapa.de\/pl\/wp-json\/wp\/v2\/pages\/22595\/revisions\/22625"}],"up":[{"embeddable":true,"href":"https:\/\/www.gamapa.de\/pl\/wp-json\/wp\/v2\/pages\/5808"}],"wp:featuredmedia":[{"embeddable":true,"href":"https:\/\/www.gamapa.de\/pl\/wp-json\/wp\/v2\/media\/12068"}],"wp:attachment":[{"href":"https:\/\/www.gamapa.de\/pl\/wp-json\/wp\/v2\/media?parent=22595"}],"curies":[{"name":"wp","href":"https:\/\/api.w.org\/{rel}","templated":true}]}}