

{"id":22597,"date":"2022-01-18T17:28:04","date_gmt":"2022-01-18T16:28:04","guid":{"rendered":"https:\/\/www.gamapa.de\/dziedziny-swiadczonych-uslug-doradczych\/mediation\/mediation-im-privaten-bereich\/"},"modified":"2026-01-19T16:39:28","modified_gmt":"2026-01-19T15:39:28","slug":"mediacja-w-sferze-prywatnej","status":"publish","type":"page","link":"https:\/\/www.gamapa.de\/pl\/dziedziny-swiadczonych-uslug-doradczych\/mediacja\/mediacja-w-sferze-prywatnej\/","title":{"rendered":"Mediacja w sferze prywatnej"},"content":{"rendered":"\n<p>W sferze prywatnej istnieje szereg potencjalnych obszar\u00f3w konfliktowych, w kt\u00f3rych mediacja mo\u017ce by\u0107 przydatna w celu polubownego rozwi\u0105zania spor\u00f3w. Cz\u0119sto chodzi tu o utrzymanie relacji w systemie rodzinnym i stworzenie wsp\u00f3lnego, przysz\u0142o\u015bciowego rozwi\u0105zania, aby ponownie m\u00f3c lepiej i bardziej swobodnie ze sob\u0105 wsp\u00f3\u0142pracowa\u0107.<\/p>\n\n\n\n<h2 class=\"wp-block-heading\">W szczeg\u00f3lno\u015bci w sferze prywatnej chodzi o po\u015brednictwo<\/h2>\n\n\n\n<ul class=\"wp-block-list\">\n<li>w sytuacjach separacji i rozwodu oraz we wszystkich zwi\u0105zanych z tym sprawach wymagaj\u0105cych uregulowania<\/li>\n\n\n\n<li>w konfliktach pokoleniowych, zw\u0142aszcza mi\u0119dzy rodzicami a dzie\u0107mi, np. w przypadku planowania sukcesji<\/li>\n\n\n\n<li>we wszystkich konfliktach w przedsi\u0119biorstwach rodzinnych<\/li>\n\n\n\n<li>w sporach spadkowych w rodzinie<\/li>\n<\/ul>\n\n\n\n<h2 class=\"wp-block-heading\">Twoje korzy\u015bci<\/h2>\n\n\n\n<ul class=\"wp-block-list\">\n<li>zapewnia bezpieczne warunki do rozmowy nawet na trudne tematy<\/li>\n\n\n\n<li>szybkie, niebiurokratyczne i poufne rozwi\u0105zania bez konieczno\u015bci podejmowania krok\u00f3w prawnych<\/li>\n\n\n\n<li>strony wykorzystuj\u0105 swoj\u0105 energi\u0119 w pozytywny spos\u00f3b, aby znale\u017a\u0107 wsp\u00f3lne rozwi\u0105zanie (pozytywne wykorzystanie zasob\u00f3w)<\/li>\n\n\n\n<li>zapewnia jasno\u015b\u0107 w konflikcie<\/li>\n\n\n\n<li>wzmocnienie samodzielnego poszukiwania rozwi\u0105za\u0144 przez wszystkie zaanga\u017cowane strony<\/li>\n\n\n\n<li>wysoka akceptacja i przejrzysto\u015b\u0107 w\u015br\u00f3d wszystkich zaanga\u017cowanych stron<\/li>\n\n\n\n<li>utrzymanie relacji<\/li>\n\n\n\n<li>poprawa komunikacji mi\u0119dzy sob\u0105<\/li>\n\n\n\n<li>harmonijne \u017cycie rodzinne<\/li>\n\n\n\n<li>niskie koszty procedury rozwi\u0105zywania konflikt\u00f3w<\/li>\n\n\n\n<li>wi\u0105\u017c\u0105ce, przysz\u0142o\u015bciowe porozumienie, kt\u00f3re obowi\u0105zuje wszystkich<\/li>\n<\/ul>\n\n\n\n<p>W kontek\u015bcie konflikt\u00f3w rodzinnych mediator stara si\u0119 pe\u0142ni\u0107 rol\u0119 neutralnej osoby trzeciej, po\u015brednicz\u0105c mi\u0119dzy stronami i przejmuj\u0105c odpowiedzialno\u015b\u0107 za kszta\u0142towanie procesu rozm\u00f3w, nie podejmuj\u0105c jednak autorytarnych decyzji. Ponadto mediator dysponuje licznymi metodami i technikami kszta\u0142towania poszczeg\u00f3lnych etap\u00f3w procesu, aby konflikt m\u00f3g\u0142 zosta\u0107 rozwi\u0105zany w najlepszy mo\u017cliwy spos\u00f3b i zgodnie z interesami wszystkich cz\u0142onk\u00f3w rodziny.<\/p>\n","protected":false},"excerpt":{"rendered":"<p>W sferze prywatnej istnieje szereg potencjalnych obszar\u00f3w konfliktowych, w kt\u00f3rych mediacja mo\u017ce by\u0107 przydatna w celu polubownego rozwi\u0105zania spor\u00f3w. Cz\u0119sto chodzi tu o utrzymanie relacji w systemie rodzinnym i stworzenie wsp\u00f3lnego, przysz\u0142o\u015bciowego rozwi\u0105zania, aby ponownie m\u00f3c lepiej i bardziej swobodnie ze sob\u0105 wsp\u00f3\u0142pracowa\u0107. W szczeg\u00f3lno\u015bci w sferze prywatnej chodzi o po\u015brednictwo Twoje korzy\u015bci W kontek\u015bcie <a href=\"https:\/\/www.gamapa.de\/pl\/dziedziny-swiadczonych-uslug-doradczych\/mediacja\/mediacja-w-sferze-prywatnej\/\">[\u2026]<\/a><\/p>\n","protected":false},"author":1,"featured_media":12207,"parent":22595,"menu_order":0,"comment_status":"closed","ping_status":"closed","template":"templates\/template-simple-site.php","meta":{"_acf_changed":false,"_uag_custom_page_level_css":"","footnotes":""},"class_list":["post-22597","page","type-page","status-publish","has-post-thumbnail","hentry"],"acf":[],"yoast_head":"<!-- This site is optimized with the Yoast SEO plugin v27.3 - https:\/\/yoast.com\/product\/yoast-seo-wordpress\/ -->\n<title>Mediacja w sferze prywatnej | Dr. Gantef\u00fchrer<\/title>\n<meta name=\"description\" content=\"Pomagamy Pa\u0144stwu w wypracowaniu polubownego, przysz\u0142o\u015bciowego rozwi\u0105zania, kt\u00f3re uwzgl\u0119dnia potrzeby wszystkich zainteresowanych stron.\" \/>\n<meta name=\"robots\" content=\"index, follow, max-snippet:-1, max-image-preview:large, max-video-preview:-1\" \/>\n<link rel=\"canonical\" href=\"https:\/\/www.gamapa.de\/pl\/dziedziny-swiadczonych-uslug-doradczych\/mediacja\/mediacja-w-sferze-prywatnej\/\" \/>\n<meta property=\"og:locale\" content=\"pl_PL\" \/>\n<meta property=\"og:type\" content=\"article\" \/>\n<meta property=\"og:title\" content=\"Mediacja w sferze prywatnej | Dr. Gantef\u00fchrer\" \/>\n<meta property=\"og:description\" content=\"Pomagamy Pa\u0144stwu w wypracowaniu polubownego, przysz\u0142o\u015bciowego rozwi\u0105zania, kt\u00f3re uwzgl\u0119dnia potrzeby wszystkich zainteresowanych stron.\" \/>\n<meta property=\"og:url\" content=\"https:\/\/www.gamapa.de\/pl\/dziedziny-swiadczonych-uslug-doradczych\/mediacja\/mediacja-w-sferze-prywatnej\/\" \/>\n<meta property=\"og:site_name\" content=\"GANTEF\u00dcHRER\" \/>\n<meta property=\"article:modified_time\" content=\"2026-01-19T15:39:28+00:00\" \/>\n<meta property=\"og:image\" content=\"https:\/\/www.gamapa.de\/wp-content\/uploads\/2022\/02\/Mediation-im-privaten-Bereich-3-scaled.jpg\" \/>\n\t<meta property=\"og:image:width\" content=\"2560\" \/>\n\t<meta property=\"og:image:height\" content=\"764\" \/>\n\t<meta property=\"og:image:type\" content=\"image\/jpeg\" \/>\n<meta name=\"twitter:card\" content=\"summary_large_image\" \/>\n<meta name=\"twitter:label1\" content=\"Szacowany czas czytania\" \/>\n\t<meta name=\"twitter:data1\" content=\"2 minuty\" \/>\n<script type=\"application\/ld+json\" class=\"yoast-schema-graph\">{\"@context\":\"https:\\\/\\\/schema.org\",\"@graph\":[{\"@type\":\"WebPage\",\"@id\":\"https:\\\/\\\/www.gamapa.de\\\/pl\\\/dziedziny-swiadczonych-uslug-doradczych\\\/mediacja\\\/mediacja-w-sferze-prywatnej\\\/\",\"url\":\"https:\\\/\\\/www.gamapa.de\\\/pl\\\/dziedziny-swiadczonych-uslug-doradczych\\\/mediacja\\\/mediacja-w-sferze-prywatnej\\\/\",\"name\":\"Mediacja w sferze prywatnej | Dr. Gantef\u00fchrer\",\"isPartOf\":{\"@id\":\"https:\\\/\\\/www.gamapa.de\\\/pl\\\/#website\"},\"primaryImageOfPage\":{\"@id\":\"https:\\\/\\\/www.gamapa.de\\\/pl\\\/dziedziny-swiadczonych-uslug-doradczych\\\/mediacja\\\/mediacja-w-sferze-prywatnej\\\/#primaryimage\"},\"image\":{\"@id\":\"https:\\\/\\\/www.gamapa.de\\\/pl\\\/dziedziny-swiadczonych-uslug-doradczych\\\/mediacja\\\/mediacja-w-sferze-prywatnej\\\/#primaryimage\"},\"thumbnailUrl\":\"https:\\\/\\\/www.gamapa.de\\\/wp-content\\\/uploads\\\/2022\\\/02\\\/Mediation-im-privaten-Bereich-3-scaled.jpg\",\"datePublished\":\"2022-01-18T16:28:04+00:00\",\"dateModified\":\"2026-01-19T15:39:28+00:00\",\"description\":\"Pomagamy Pa\u0144stwu w wypracowaniu polubownego, przysz\u0142o\u015bciowego rozwi\u0105zania, kt\u00f3re uwzgl\u0119dnia potrzeby wszystkich zainteresowanych stron.\",\"breadcrumb\":{\"@id\":\"https:\\\/\\\/www.gamapa.de\\\/pl\\\/dziedziny-swiadczonych-uslug-doradczych\\\/mediacja\\\/mediacja-w-sferze-prywatnej\\\/#breadcrumb\"},\"inLanguage\":\"pl-PL\",\"potentialAction\":[{\"@type\":\"ReadAction\",\"target\":[\"https:\\\/\\\/www.gamapa.de\\\/pl\\\/dziedziny-swiadczonych-uslug-doradczych\\\/mediacja\\\/mediacja-w-sferze-prywatnej\\\/\"]}]},{\"@type\":\"ImageObject\",\"inLanguage\":\"pl-PL\",\"@id\":\"https:\\\/\\\/www.gamapa.de\\\/pl\\\/dziedziny-swiadczonych-uslug-doradczych\\\/mediacja\\\/mediacja-w-sferze-prywatnej\\\/#primaryimage\",\"url\":\"https:\\\/\\\/www.gamapa.de\\\/wp-content\\\/uploads\\\/2022\\\/02\\\/Mediation-im-privaten-Bereich-3-scaled.jpg\",\"contentUrl\":\"https:\\\/\\\/www.gamapa.de\\\/wp-content\\\/uploads\\\/2022\\\/02\\\/Mediation-im-privaten-Bereich-3-scaled.jpg\",\"width\":2560,\"height\":764,\"caption\":\"Mediation im privaten Bereich\"},{\"@type\":\"BreadcrumbList\",\"@id\":\"https:\\\/\\\/www.gamapa.de\\\/pl\\\/dziedziny-swiadczonych-uslug-doradczych\\\/mediacja\\\/mediacja-w-sferze-prywatnej\\\/#breadcrumb\",\"itemListElement\":[{\"@type\":\"ListItem\",\"position\":1,\"name\":\"Startseite\",\"item\":\"https:\\\/\\\/www.gamapa.de\\\/pl\\\/\"},{\"@type\":\"ListItem\",\"position\":2,\"name\":\"Obszar konsultacji\",\"item\":\"https:\\\/\\\/www.gamapa.de\\\/pl\\\/dziedziny-swiadczonych-uslug-doradczych\\\/\"},{\"@type\":\"ListItem\",\"position\":3,\"name\":\"Mediacja\",\"item\":\"https:\\\/\\\/www.gamapa.de\\\/pl\\\/dziedziny-swiadczonych-uslug-doradczych\\\/mediacja\\\/\"},{\"@type\":\"ListItem\",\"position\":4,\"name\":\"Mediacja w sferze prywatnej\"}]},{\"@type\":\"WebSite\",\"@id\":\"https:\\\/\\\/www.gamapa.de\\\/pl\\\/#website\",\"url\":\"https:\\\/\\\/www.gamapa.de\\\/pl\\\/\",\"name\":\"GANTEF\u00dcHRER\",\"description\":\"Wirtschaftspr\u00fcfer, Steuerberater, Rechtsanw\u00e4lte\",\"publisher\":{\"@id\":\"https:\\\/\\\/www.gamapa.de\\\/pl\\\/#organization\"},\"potentialAction\":[{\"@type\":\"SearchAction\",\"target\":{\"@type\":\"EntryPoint\",\"urlTemplate\":\"https:\\\/\\\/www.gamapa.de\\\/pl\\\/?s={search_term_string}\"},\"query-input\":{\"@type\":\"PropertyValueSpecification\",\"valueRequired\":true,\"valueName\":\"search_term_string\"}}],\"inLanguage\":\"pl-PL\"},{\"@type\":\"Organization\",\"@id\":\"https:\\\/\\\/www.gamapa.de\\\/pl\\\/#organization\",\"name\":\"Gantef\u00fchrer Wirtschaftspr\u00fcfer, Steuerberater, Rechtsanw\u00e4lte\",\"url\":\"https:\\\/\\\/www.gamapa.de\\\/pl\\\/\",\"logo\":{\"@type\":\"ImageObject\",\"inLanguage\":\"pl-PL\",\"@id\":\"https:\\\/\\\/www.gamapa.de\\\/pl\\\/#\\\/schema\\\/logo\\\/image\\\/\",\"url\":\"https:\\\/\\\/www.gamapa.de\\\/wp-content\\\/uploads\\\/2026\\\/01\\\/Logo-Gantefuehrer.png\",\"contentUrl\":\"https:\\\/\\\/www.gamapa.de\\\/wp-content\\\/uploads\\\/2026\\\/01\\\/Logo-Gantefuehrer.png\",\"width\":767,\"height\":156,\"caption\":\"Gantef\u00fchrer Wirtschaftspr\u00fcfer, Steuerberater, Rechtsanw\u00e4lte\"},\"image\":{\"@id\":\"https:\\\/\\\/www.gamapa.de\\\/pl\\\/#\\\/schema\\\/logo\\\/image\\\/\"}}]}<\/script>\n<!-- \/ Yoast SEO plugin. -->","yoast_head_json":{"title":"Mediacja w sferze prywatnej | Dr. Gantef\u00fchrer","description":"Pomagamy Pa\u0144stwu w wypracowaniu polubownego, przysz\u0142o\u015bciowego rozwi\u0105zania, kt\u00f3re uwzgl\u0119dnia potrzeby wszystkich zainteresowanych stron.","robots":{"index":"index","follow":"follow","max-snippet":"max-snippet:-1","max-image-preview":"max-image-preview:large","max-video-preview":"max-video-preview:-1"},"canonical":"https:\/\/www.gamapa.de\/pl\/dziedziny-swiadczonych-uslug-doradczych\/mediacja\/mediacja-w-sferze-prywatnej\/","og_locale":"pl_PL","og_type":"article","og_title":"Mediacja w sferze prywatnej | Dr. Gantef\u00fchrer","og_description":"Pomagamy Pa\u0144stwu w wypracowaniu polubownego, przysz\u0142o\u015bciowego rozwi\u0105zania, kt\u00f3re uwzgl\u0119dnia potrzeby wszystkich zainteresowanych stron.","og_url":"https:\/\/www.gamapa.de\/pl\/dziedziny-swiadczonych-uslug-doradczych\/mediacja\/mediacja-w-sferze-prywatnej\/","og_site_name":"GANTEF\u00dcHRER","article_modified_time":"2026-01-19T15:39:28+00:00","og_image":[{"width":2560,"height":764,"url":"https:\/\/www.gamapa.de\/wp-content\/uploads\/2022\/02\/Mediation-im-privaten-Bereich-3-scaled.jpg","type":"image\/jpeg"}],"twitter_card":"summary_large_image","twitter_misc":{"Szacowany czas czytania":"2 minuty"},"schema":{"@context":"https:\/\/schema.org","@graph":[{"@type":"WebPage","@id":"https:\/\/www.gamapa.de\/pl\/dziedziny-swiadczonych-uslug-doradczych\/mediacja\/mediacja-w-sferze-prywatnej\/","url":"https:\/\/www.gamapa.de\/pl\/dziedziny-swiadczonych-uslug-doradczych\/mediacja\/mediacja-w-sferze-prywatnej\/","name":"Mediacja w sferze prywatnej | Dr. Gantef\u00fchrer","isPartOf":{"@id":"https:\/\/www.gamapa.de\/pl\/#website"},"primaryImageOfPage":{"@id":"https:\/\/www.gamapa.de\/pl\/dziedziny-swiadczonych-uslug-doradczych\/mediacja\/mediacja-w-sferze-prywatnej\/#primaryimage"},"image":{"@id":"https:\/\/www.gamapa.de\/pl\/dziedziny-swiadczonych-uslug-doradczych\/mediacja\/mediacja-w-sferze-prywatnej\/#primaryimage"},"thumbnailUrl":"https:\/\/www.gamapa.de\/wp-content\/uploads\/2022\/02\/Mediation-im-privaten-Bereich-3-scaled.jpg","datePublished":"2022-01-18T16:28:04+00:00","dateModified":"2026-01-19T15:39:28+00:00","description":"Pomagamy Pa\u0144stwu w wypracowaniu polubownego, przysz\u0142o\u015bciowego rozwi\u0105zania, kt\u00f3re uwzgl\u0119dnia potrzeby wszystkich zainteresowanych stron.","breadcrumb":{"@id":"https:\/\/www.gamapa.de\/pl\/dziedziny-swiadczonych-uslug-doradczych\/mediacja\/mediacja-w-sferze-prywatnej\/#breadcrumb"},"inLanguage":"pl-PL","potentialAction":[{"@type":"ReadAction","target":["https:\/\/www.gamapa.de\/pl\/dziedziny-swiadczonych-uslug-doradczych\/mediacja\/mediacja-w-sferze-prywatnej\/"]}]},{"@type":"ImageObject","inLanguage":"pl-PL","@id":"https:\/\/www.gamapa.de\/pl\/dziedziny-swiadczonych-uslug-doradczych\/mediacja\/mediacja-w-sferze-prywatnej\/#primaryimage","url":"https:\/\/www.gamapa.de\/wp-content\/uploads\/2022\/02\/Mediation-im-privaten-Bereich-3-scaled.jpg","contentUrl":"https:\/\/www.gamapa.de\/wp-content\/uploads\/2022\/02\/Mediation-im-privaten-Bereich-3-scaled.jpg","width":2560,"height":764,"caption":"Mediation im privaten Bereich"},{"@type":"BreadcrumbList","@id":"https:\/\/www.gamapa.de\/pl\/dziedziny-swiadczonych-uslug-doradczych\/mediacja\/mediacja-w-sferze-prywatnej\/#breadcrumb","itemListElement":[{"@type":"ListItem","position":1,"name":"Startseite","item":"https:\/\/www.gamapa.de\/pl\/"},{"@type":"ListItem","position":2,"name":"Obszar konsultacji","item":"https:\/\/www.gamapa.de\/pl\/dziedziny-swiadczonych-uslug-doradczych\/"},{"@type":"ListItem","position":3,"name":"Mediacja","item":"https:\/\/www.gamapa.de\/pl\/dziedziny-swiadczonych-uslug-doradczych\/mediacja\/"},{"@type":"ListItem","position":4,"name":"Mediacja w sferze prywatnej"}]},{"@type":"WebSite","@id":"https:\/\/www.gamapa.de\/pl\/#website","url":"https:\/\/www.gamapa.de\/pl\/","name":"GANTEF\u00dcHRER","description":"Wirtschaftspr\u00fcfer, Steuerberater, Rechtsanw\u00e4lte","publisher":{"@id":"https:\/\/www.gamapa.de\/pl\/#organization"},"potentialAction":[{"@type":"SearchAction","target":{"@type":"EntryPoint","urlTemplate":"https:\/\/www.gamapa.de\/pl\/?s={search_term_string}"},"query-input":{"@type":"PropertyValueSpecification","valueRequired":true,"valueName":"search_term_string"}}],"inLanguage":"pl-PL"},{"@type":"Organization","@id":"https:\/\/www.gamapa.de\/pl\/#organization","name":"Gantef\u00fchrer Wirtschaftspr\u00fcfer, Steuerberater, Rechtsanw\u00e4lte","url":"https:\/\/www.gamapa.de\/pl\/","logo":{"@type":"ImageObject","inLanguage":"pl-PL","@id":"https:\/\/www.gamapa.de\/pl\/#\/schema\/logo\/image\/","url":"https:\/\/www.gamapa.de\/wp-content\/uploads\/2026\/01\/Logo-Gantefuehrer.png","contentUrl":"https:\/\/www.gamapa.de\/wp-content\/uploads\/2026\/01\/Logo-Gantefuehrer.png","width":767,"height":156,"caption":"Gantef\u00fchrer Wirtschaftspr\u00fcfer, Steuerberater, Rechtsanw\u00e4lte"},"image":{"@id":"https:\/\/www.gamapa.de\/pl\/#\/schema\/logo\/image\/"}}]}},"uagb_featured_image_src":{"full":["https:\/\/www.gamapa.de\/wp-content\/uploads\/2022\/02\/Mediation-im-privaten-Bereich-3-scaled.jpg",2560,764,false],"thumbnail":["https:\/\/www.gamapa.de\/wp-content\/uploads\/2022\/02\/Mediation-im-privaten-Bereich-3-150x150.jpg",150,150,true],"medium":["https:\/\/www.gamapa.de\/wp-content\/uploads\/2022\/02\/Mediation-im-privaten-Bereich-3-600x179.jpg",600,179,true],"medium_large":["https:\/\/www.gamapa.de\/wp-content\/uploads\/2022\/02\/Mediation-im-privaten-Bereich-3-768x229.jpg",580,173,true],"large":["https:\/\/www.gamapa.de\/wp-content\/uploads\/2022\/02\/Mediation-im-privaten-Bereich-3-scaled.jpg",580,173,false],"gs-tiny":["https:\/\/www.gamapa.de\/wp-content\/uploads\/2022\/02\/Mediation-im-privaten-Bereich-3-scaled.jpg",50,15,false],"xl":["https:\/\/www.gamapa.de\/wp-content\/uploads\/2022\/02\/Mediation-im-privaten-Bereich-3-1600x477.jpg",1600,477,true],"xxl":["https:\/\/www.gamapa.de\/wp-content\/uploads\/2022\/02\/Mediation-im-privaten-Bereich-3-2200x656.jpg",2200,656,true],"xxxl":["https:\/\/www.gamapa.de\/wp-content\/uploads\/2022\/02\/Mediation-im-privaten-Bereich-3-2800x835.jpg",2800,835,true],"xxxxl":["https:\/\/www.gamapa.de\/wp-content\/uploads\/2022\/02\/Mediation-im-privaten-Bereich-3-scaled.jpg",2560,764,false],"xxxxxl":["https:\/\/www.gamapa.de\/wp-content\/uploads\/2022\/02\/Mediation-im-privaten-Bereich-3-scaled.jpg",2560,764,false],"1536x1536":["https:\/\/www.gamapa.de\/wp-content\/uploads\/2022\/02\/Mediation-im-privaten-Bereich-3-1536x458.jpg",1536,458,true],"2048x2048":["https:\/\/www.gamapa.de\/wp-content\/uploads\/2022\/02\/Mediation-im-privaten-Bereich-3-2048x611.jpg",2048,611,true],"post-thumbnail":["https:\/\/www.gamapa.de\/wp-content\/uploads\/2022\/02\/Mediation-im-privaten-Bereich-3-scaled.jpg",2560,764,false],"twentytwenty-fullscreen":["https:\/\/www.gamapa.de\/wp-content\/uploads\/2022\/02\/Mediation-im-privaten-Bereich-3-scaled.jpg",2560,764,false],"theme-slug-single-post":["https:\/\/www.gamapa.de\/wp-content\/uploads\/2022\/02\/Mediation-im-privaten-Bereich-3-1600x400.jpg",1600,400,true]},"uagb_author_info":{"display_name":"linda","author_link":"https:\/\/www.gamapa.de\/pl\/author\/linda\/"},"uagb_comment_info":0,"uagb_excerpt":"W sferze prywatnej istnieje szereg potencjalnych obszar\u00f3w konfliktowych, w kt\u00f3rych mediacja mo\u017ce by\u0107 przydatna w celu polubownego rozwi\u0105zania spor\u00f3w. Cz\u0119sto chodzi tu o utrzymanie relacji w systemie rodzinnym i stworzenie wsp\u00f3lnego, przysz\u0142o\u015bciowego rozwi\u0105zania, aby ponownie m\u00f3c lepiej i bardziej swobodnie ze sob\u0105 wsp\u00f3\u0142pracowa\u0107. W szczeg\u00f3lno\u015bci w sferze prywatnej chodzi o po\u015brednictwo Twoje korzy\u015bci W kontek\u015bcie&hellip;","_links":{"self":[{"href":"https:\/\/www.gamapa.de\/pl\/wp-json\/wp\/v2\/pages\/22597","targetHints":{"allow":["GET"]}}],"collection":[{"href":"https:\/\/www.gamapa.de\/pl\/wp-json\/wp\/v2\/pages"}],"about":[{"href":"https:\/\/www.gamapa.de\/pl\/wp-json\/wp\/v2\/types\/page"}],"author":[{"embeddable":true,"href":"https:\/\/www.gamapa.de\/pl\/wp-json\/wp\/v2\/users\/1"}],"replies":[{"embeddable":true,"href":"https:\/\/www.gamapa.de\/pl\/wp-json\/wp\/v2\/comments?post=22597"}],"version-history":[{"count":3,"href":"https:\/\/www.gamapa.de\/pl\/wp-json\/wp\/v2\/pages\/22597\/revisions"}],"predecessor-version":[{"id":23656,"href":"https:\/\/www.gamapa.de\/pl\/wp-json\/wp\/v2\/pages\/22597\/revisions\/23656"}],"up":[{"embeddable":true,"href":"https:\/\/www.gamapa.de\/pl\/wp-json\/wp\/v2\/pages\/22595"}],"wp:featuredmedia":[{"embeddable":true,"href":"https:\/\/www.gamapa.de\/pl\/wp-json\/wp\/v2\/media\/12207"}],"wp:attachment":[{"href":"https:\/\/www.gamapa.de\/pl\/wp-json\/wp\/v2\/media?parent=22597"}],"curies":[{"name":"wp","href":"https:\/\/api.w.org\/{rel}","templated":true}]}}