

{"id":22600,"date":"2022-01-18T17:21:20","date_gmt":"2022-01-18T16:21:20","guid":{"rendered":"https:\/\/www.gamapa.de\/dziedziny-swiadczonych-uslug-doradczych\/mediation\/wirtschaftsmediation\/"},"modified":"2026-01-19T16:40:04","modified_gmt":"2026-01-19T15:40:04","slug":"mediacja-gospodarcza","status":"publish","type":"page","link":"https:\/\/www.gamapa.de\/pl\/dziedziny-swiadczonych-uslug-doradczych\/mediacja\/mediacja-gospodarcza\/","title":{"rendered":"Mediacja gospodarcza"},"content":{"rendered":"\n<p>Mediacja gospodarcza ma ogromny potencja\u0142. Konflikty w gospodarce pojawiaj\u0105 si\u0119 codziennie i s\u0105 nieuniknione, poniewa\u017c spotykaj\u0105 si\u0119 ludzie o r\u00f3\u017cnych interesach. W wielu przypadkach zapewnia to pozytywny potencja\u0142 zmian i dalszy rozw\u00f3j przedsi\u0119biorstwa. Je\u015bli jednak strony konfliktu nie s\u0105 w stanie znale\u017a\u0107 rozwi\u0105zania opartego na interesach, w zale\u017cno\u015bci od znaczenia sporu i stopnia eskalacji mo\u017ce to prowadzi\u0107 do znacznej utraty warto\u015bci ekonomicznej i uniemo\u017cliwi\u0107 tworzenie warto\u015bci dodanej.<\/p>\n\n\n\n<p>Op\u00f3\u017anienia w realizacji projekt\u00f3w, konfrontacyjne nastroje w zespo\u0142ach, nieko\u0144cz\u0105ce si\u0119 dyskusje w godzinach pracy, ograniczenia w komunikacji, zabieganie o zwolennik\u00f3w, odk\u0142adanie nadrz\u0119dnych wsp\u00f3lnych cel\u00f3w, blokowanie decyzji, unikanie wsp\u00f3\u0142pracy, absencje chorobowe, niepotrzebne restrukturyzacje, utrata jako\u015bci, niezadowoleni klienci, spadek obrot\u00f3w, fluktuacja pracownik\u00f3w, utrata wizerunku firmy, wysokie koszty prawne i wiele innych konsekwencji zwi\u0105zanych z sporami sprawiaj\u0105, \u017ce koszty konfliktu szybko osi\u0105gaj\u0105 ogromn\u0105 skal\u0119.<\/p>\n\n\n\n<p>W rachunku zysk\u00f3w i strat nie uwzgl\u0119dniono koszt\u00f3w konflikt\u00f3w. Gdyby tak by\u0142o, wsp\u00f3lnicy i dyrektorzy przedsi\u0119biorstwa zdaliby sobie spraw\u0119, jak ogromne mog\u0105 by\u0107 tego rodzaju koszty.<\/p>\n\n\n\n<p>W\u0142a\u015bnie koszty konflikt\u00f3w w obszarze przedsi\u0119biorczo\u015bci staj\u0105 si\u0119 istotnym czynnikiem kosztowym w przedsi\u0119biorstwie. Wed\u0142ug badania koszt\u00f3w konflikt\u00f3w przeprowadzonego przez du\u017c\u0105 firm\u0119 audytorsk\u0105, potencja\u0142 oszcz\u0119dno\u015bci dla ka\u017cdego przedsi\u0119biorstwa wynosz\u0105cy 15-20% koszt\u00f3w osobowych mo\u017cna osi\u0105gn\u0105\u0107 poprzez wyja\u015bnienie konflikt\u00f3w. Koszty konflikt\u00f3w obejmuj\u0105 wszystkie koszty, kt\u00f3re mo\u017cna bezpo\u015brednio okre\u015bli\u0107, na przyk\u0142ad koszty rozwi\u0105zania stosunku pracy lub rekrutacji nowego pracownika. Do tego dochodz\u0105 wszystkie mo\u017cliwe do oszacowania wydatki, na przyk\u0142ad zwi\u0105zane z utrat\u0105 mo\u017cliwo\u015bci biznesowych lub fluktuacj\u0105 klient\u00f3w, na przyk\u0142ad dlatego, \u017ce pracownicy odpowiedzialni za te zadania byli zaj\u0119ci konfliktem.<\/p>\n\n\n\n<p>Obszary zastosowania mediacji gospodarczej obejmuj\u0105 mi\u0119dzy innymi:<\/p>\n\n\n\n<div style=\"height:30px\" aria-hidden=\"true\" class=\"wp-block-spacer\"><\/div>\n\n\n\n<h3 class=\"wp-block-heading low\">Konflikty mi\u0119dzy wsp\u00f3lnikami:<\/h3>\n\n\n\n<ul class=\"wp-block-list\">\n<li>w ramach planowania sukcesji<\/li>\n\n\n\n<li>z powodu r\u00f3\u017cnych cel\u00f3w dla przedsi\u0119biorstwa<\/li>\n\n\n\n<li>utrata zaufania<\/li>\n<\/ul>\n\n\n\n<h3 class=\"wp-block-heading low\">Konflikty w przedsi\u0119biorstwie:<\/h3>\n\n\n\n<ul class=\"wp-block-list\">\n<li>mi\u0119dzy pracodawc\u0105 a pracownikiem (pracownikami)<\/li>\n\n\n\n<li>mi\u0119dzy kierownictwem a rad\u0105 zak\u0142adow\u0105<\/li>\n\n\n\n<li>mi\u0119dzy wsp\u00f3\u0142pracownikami<\/li>\n<\/ul>\n\n\n\n<h3 class=\"wp-block-heading low\">Konflikty w relacjach biznesowych:<\/h3>\n\n\n\n<ul class=\"wp-block-list\">\n<li>mi\u0119dzy przedsi\u0119biorstwami a dostawcami<\/li>\n\n\n\n<li>mi\u0119dzy przedsi\u0119biorstwami a klientami<\/li>\n<\/ul>\n\n\n\n<h3 class=\"wp-block-heading low\">Konflikty mi\u0119dzy przedsi\u0119biorstwami a organami publicznymi\/s\u0105siednimi przedsi\u0119biorstwami:<\/h3>\n\n\n\n<ul class=\"wp-block-list\">\n<li>\u015arodowisko, emisje, op\u0142aty itp.<\/li>\n\n\n\n<li>Spory z innymi przedsi\u0119biorstwami wszelkiego rodzaju<\/li>\n<\/ul>\n\n\n\n<p>Dzi\u0119ki celowemu zastosowaniu mediacji gospodarczej mo\u017cna trwale poprawi\u0107 atmosfer\u0119 w przedsi\u0119biorstwie, zwi\u0119kszy\u0107 zadowolenie pracownik\u00f3w i obni\u017cy\u0107 koszty zwi\u0105zane z konfliktami.<\/p>\n\n\n\n<p>Mediacja gospodarcza jest zatem coraz cz\u0119\u015bciej stosowana jako preferowana forma rozstrzygania spor\u00f3w.<\/p>\n\n\n\n<div style=\"height:40px\" aria-hidden=\"true\" class=\"wp-block-spacer\"><\/div>\n\n\n\n<h2 class=\"wp-block-heading low\">Twoje korzy\u015bci:<\/h2>\n\n\n\n<ul class=\"wp-block-list\">\n<li>zapewnia bezpieczne warunki do rozmowy nawet na trudne tematy<\/li>\n\n\n\n<li>szybkie, niebiurokratyczne i poufne rozwi\u0105zania bez konieczno\u015bci podejmowania krok\u00f3w prawnych<\/li>\n\n\n\n<li>zapewnia jasno\u015b\u0107 w konflikcie<\/li>\n\n\n\n<li>wzmacnia samodzielne poszukiwanie rozwi\u0105za\u0144 przez wszystkie zaanga\u017cowane strony<\/li>\n\n\n\n<li>wysoki poziom akceptacji i przejrzysto\u015bci w\u015br\u00f3d wszystkich zaanga\u017cowanych stron<\/li>\n\n\n\n<li>utrzymanie relacji<\/li>\n\n\n\n<li>popraw\u0119 komunikacji mi\u0119dzy sob\u0105<\/li>\n\n\n\n<li>koncentruje si\u0119 na kwestiach merytorycznych<\/li>\n\n\n\n<li>koncentruje si\u0119 na rozwi\u0105zaniach opartych na interesach, korzystnych dla wszystkich stron<\/li>\n\n\n\n<li>zmniejsza koszty konfliktu<\/li>\n\n\n\n<li>zwi\u0119ksza produktywno\u015b\u0107<\/li>\n\n\n\n<li>rozpoznaje potencja\u0142 i potrzeb\u0119 zmian<\/li>\n\n\n\n<li>zwi\u0119ksza lojalno\u015b\u0107 dobrych pracownik\u00f3w<\/li>\n\n\n\n<li>jest zorientowany na rozwi\u0105zania i zapewnia trwa\u0142e wyniki<\/li>\n\n\n\n<li>jest wi\u0105\u017c\u0105cym, przysz\u0142o\u015bciowym porozumieniem, kt\u00f3re obowi\u0105zuje wszystkich<\/li>\n<\/ul>\n","protected":false},"excerpt":{"rendered":"<p>Mediacja gospodarcza ma ogromny potencja\u0142. Konflikty w gospodarce pojawiaj\u0105 si\u0119 codziennie i s\u0105 nieuniknione, poniewa\u017c spotykaj\u0105 si\u0119 ludzie o r\u00f3\u017cnych interesach. W wielu przypadkach zapewnia to pozytywny potencja\u0142 zmian i dalszy rozw\u00f3j przedsi\u0119biorstwa. Je\u015bli jednak strony konfliktu nie s\u0105 w stanie znale\u017a\u0107 rozwi\u0105zania opartego na interesach, w zale\u017cno\u015bci od znaczenia sporu i stopnia eskalacji mo\u017ce <a href=\"https:\/\/www.gamapa.de\/pl\/dziedziny-swiadczonych-uslug-doradczych\/mediacja\/mediacja-gospodarcza\/\">[\u2026]<\/a><\/p>\n","protected":false},"author":1,"featured_media":12075,"parent":22595,"menu_order":2,"comment_status":"closed","ping_status":"closed","template":"templates\/template-simple-site.php","meta":{"_acf_changed":false,"_uag_custom_page_level_css":"","footnotes":""},"class_list":["post-22600","page","type-page","status-publish","has-post-thumbnail","hentry"],"acf":[],"yoast_head":"<!-- This site is optimized with the Yoast SEO plugin v27.3 - https:\/\/yoast.com\/product\/yoast-seo-wordpress\/ -->\n<title>Mediacja gospodarcza | Dr. Gantef\u00fchrer, Marquardt und Partner<\/title>\n<meta name=\"description\" content=\"Jako neutralny mediator pomagamy Pa\u0144stwu samodzielnie i na w\u0142asn\u0105 odpowiedzialno\u015b\u0107 rozwi\u0105zywa\u0107 konflikty w Pa\u0144stwa przedsi\u0119biorstwie.\" \/>\n<meta name=\"robots\" content=\"index, follow, max-snippet:-1, max-image-preview:large, max-video-preview:-1\" \/>\n<link rel=\"canonical\" href=\"https:\/\/www.gamapa.de\/pl\/dziedziny-swiadczonych-uslug-doradczych\/mediacja\/mediacja-gospodarcza\/\" \/>\n<meta property=\"og:locale\" content=\"pl_PL\" \/>\n<meta property=\"og:type\" content=\"article\" \/>\n<meta property=\"og:title\" content=\"Mediacja gospodarcza | Dr. Gantef\u00fchrer, Marquardt und Partner\" \/>\n<meta property=\"og:description\" content=\"Jako neutralny mediator pomagamy Pa\u0144stwu samodzielnie i na w\u0142asn\u0105 odpowiedzialno\u015b\u0107 rozwi\u0105zywa\u0107 konflikty w Pa\u0144stwa przedsi\u0119biorstwie.\" \/>\n<meta property=\"og:url\" content=\"https:\/\/www.gamapa.de\/pl\/dziedziny-swiadczonych-uslug-doradczych\/mediacja\/mediacja-gospodarcza\/\" \/>\n<meta property=\"og:site_name\" content=\"GANTEF\u00dcHRER\" \/>\n<meta property=\"article:modified_time\" content=\"2026-01-19T15:40:04+00:00\" \/>\n<meta property=\"og:image\" content=\"https:\/\/www.gamapa.de\/wp-content\/uploads\/2022\/02\/Wirtschaftsmediation-scaled.jpg\" \/>\n\t<meta property=\"og:image:width\" content=\"2560\" \/>\n\t<meta property=\"og:image:height\" content=\"764\" \/>\n\t<meta property=\"og:image:type\" content=\"image\/jpeg\" \/>\n<meta name=\"twitter:card\" content=\"summary_large_image\" \/>\n<meta name=\"twitter:label1\" content=\"Szacowany czas czytania\" \/>\n\t<meta name=\"twitter:data1\" content=\"3 minuty\" \/>\n<script type=\"application\/ld+json\" class=\"yoast-schema-graph\">{\"@context\":\"https:\\\/\\\/schema.org\",\"@graph\":[{\"@type\":\"WebPage\",\"@id\":\"https:\\\/\\\/www.gamapa.de\\\/pl\\\/dziedziny-swiadczonych-uslug-doradczych\\\/mediacja\\\/mediacja-gospodarcza\\\/\",\"url\":\"https:\\\/\\\/www.gamapa.de\\\/pl\\\/dziedziny-swiadczonych-uslug-doradczych\\\/mediacja\\\/mediacja-gospodarcza\\\/\",\"name\":\"Mediacja gospodarcza | Dr. Gantef\u00fchrer, Marquardt und Partner\",\"isPartOf\":{\"@id\":\"https:\\\/\\\/www.gamapa.de\\\/pl\\\/#website\"},\"primaryImageOfPage\":{\"@id\":\"https:\\\/\\\/www.gamapa.de\\\/pl\\\/dziedziny-swiadczonych-uslug-doradczych\\\/mediacja\\\/mediacja-gospodarcza\\\/#primaryimage\"},\"image\":{\"@id\":\"https:\\\/\\\/www.gamapa.de\\\/pl\\\/dziedziny-swiadczonych-uslug-doradczych\\\/mediacja\\\/mediacja-gospodarcza\\\/#primaryimage\"},\"thumbnailUrl\":\"https:\\\/\\\/www.gamapa.de\\\/wp-content\\\/uploads\\\/2022\\\/02\\\/Wirtschaftsmediation-scaled.jpg\",\"datePublished\":\"2022-01-18T16:21:20+00:00\",\"dateModified\":\"2026-01-19T15:40:04+00:00\",\"description\":\"Jako neutralny mediator pomagamy Pa\u0144stwu samodzielnie i na w\u0142asn\u0105 odpowiedzialno\u015b\u0107 rozwi\u0105zywa\u0107 konflikty w Pa\u0144stwa przedsi\u0119biorstwie.\",\"breadcrumb\":{\"@id\":\"https:\\\/\\\/www.gamapa.de\\\/pl\\\/dziedziny-swiadczonych-uslug-doradczych\\\/mediacja\\\/mediacja-gospodarcza\\\/#breadcrumb\"},\"inLanguage\":\"pl-PL\",\"potentialAction\":[{\"@type\":\"ReadAction\",\"target\":[\"https:\\\/\\\/www.gamapa.de\\\/pl\\\/dziedziny-swiadczonych-uslug-doradczych\\\/mediacja\\\/mediacja-gospodarcza\\\/\"]}]},{\"@type\":\"ImageObject\",\"inLanguage\":\"pl-PL\",\"@id\":\"https:\\\/\\\/www.gamapa.de\\\/pl\\\/dziedziny-swiadczonych-uslug-doradczych\\\/mediacja\\\/mediacja-gospodarcza\\\/#primaryimage\",\"url\":\"https:\\\/\\\/www.gamapa.de\\\/wp-content\\\/uploads\\\/2022\\\/02\\\/Wirtschaftsmediation-scaled.jpg\",\"contentUrl\":\"https:\\\/\\\/www.gamapa.de\\\/wp-content\\\/uploads\\\/2022\\\/02\\\/Wirtschaftsmediation-scaled.jpg\",\"width\":2560,\"height\":764,\"caption\":\"Wirtschaftsmediation\"},{\"@type\":\"BreadcrumbList\",\"@id\":\"https:\\\/\\\/www.gamapa.de\\\/pl\\\/dziedziny-swiadczonych-uslug-doradczych\\\/mediacja\\\/mediacja-gospodarcza\\\/#breadcrumb\",\"itemListElement\":[{\"@type\":\"ListItem\",\"position\":1,\"name\":\"Startseite\",\"item\":\"https:\\\/\\\/www.gamapa.de\\\/pl\\\/\"},{\"@type\":\"ListItem\",\"position\":2,\"name\":\"Obszar konsultacji\",\"item\":\"https:\\\/\\\/www.gamapa.de\\\/pl\\\/dziedziny-swiadczonych-uslug-doradczych\\\/\"},{\"@type\":\"ListItem\",\"position\":3,\"name\":\"Mediacja\",\"item\":\"https:\\\/\\\/www.gamapa.de\\\/pl\\\/dziedziny-swiadczonych-uslug-doradczych\\\/mediacja\\\/\"},{\"@type\":\"ListItem\",\"position\":4,\"name\":\"Mediacja gospodarcza\"}]},{\"@type\":\"WebSite\",\"@id\":\"https:\\\/\\\/www.gamapa.de\\\/pl\\\/#website\",\"url\":\"https:\\\/\\\/www.gamapa.de\\\/pl\\\/\",\"name\":\"GANTEF\u00dcHRER\",\"description\":\"Wirtschaftspr\u00fcfer, Steuerberater, Rechtsanw\u00e4lte\",\"publisher\":{\"@id\":\"https:\\\/\\\/www.gamapa.de\\\/pl\\\/#organization\"},\"potentialAction\":[{\"@type\":\"SearchAction\",\"target\":{\"@type\":\"EntryPoint\",\"urlTemplate\":\"https:\\\/\\\/www.gamapa.de\\\/pl\\\/?s={search_term_string}\"},\"query-input\":{\"@type\":\"PropertyValueSpecification\",\"valueRequired\":true,\"valueName\":\"search_term_string\"}}],\"inLanguage\":\"pl-PL\"},{\"@type\":\"Organization\",\"@id\":\"https:\\\/\\\/www.gamapa.de\\\/pl\\\/#organization\",\"name\":\"Gantef\u00fchrer Wirtschaftspr\u00fcfer, Steuerberater, Rechtsanw\u00e4lte\",\"url\":\"https:\\\/\\\/www.gamapa.de\\\/pl\\\/\",\"logo\":{\"@type\":\"ImageObject\",\"inLanguage\":\"pl-PL\",\"@id\":\"https:\\\/\\\/www.gamapa.de\\\/pl\\\/#\\\/schema\\\/logo\\\/image\\\/\",\"url\":\"https:\\\/\\\/www.gamapa.de\\\/wp-content\\\/uploads\\\/2026\\\/01\\\/Logo-Gantefuehrer.png\",\"contentUrl\":\"https:\\\/\\\/www.gamapa.de\\\/wp-content\\\/uploads\\\/2026\\\/01\\\/Logo-Gantefuehrer.png\",\"width\":767,\"height\":156,\"caption\":\"Gantef\u00fchrer Wirtschaftspr\u00fcfer, Steuerberater, Rechtsanw\u00e4lte\"},\"image\":{\"@id\":\"https:\\\/\\\/www.gamapa.de\\\/pl\\\/#\\\/schema\\\/logo\\\/image\\\/\"}}]}<\/script>\n<!-- \/ Yoast SEO plugin. -->","yoast_head_json":{"title":"Mediacja gospodarcza | Dr. Gantef\u00fchrer, Marquardt und Partner","description":"Jako neutralny mediator pomagamy Pa\u0144stwu samodzielnie i na w\u0142asn\u0105 odpowiedzialno\u015b\u0107 rozwi\u0105zywa\u0107 konflikty w Pa\u0144stwa przedsi\u0119biorstwie.","robots":{"index":"index","follow":"follow","max-snippet":"max-snippet:-1","max-image-preview":"max-image-preview:large","max-video-preview":"max-video-preview:-1"},"canonical":"https:\/\/www.gamapa.de\/pl\/dziedziny-swiadczonych-uslug-doradczych\/mediacja\/mediacja-gospodarcza\/","og_locale":"pl_PL","og_type":"article","og_title":"Mediacja gospodarcza | Dr. Gantef\u00fchrer, Marquardt und Partner","og_description":"Jako neutralny mediator pomagamy Pa\u0144stwu samodzielnie i na w\u0142asn\u0105 odpowiedzialno\u015b\u0107 rozwi\u0105zywa\u0107 konflikty w Pa\u0144stwa przedsi\u0119biorstwie.","og_url":"https:\/\/www.gamapa.de\/pl\/dziedziny-swiadczonych-uslug-doradczych\/mediacja\/mediacja-gospodarcza\/","og_site_name":"GANTEF\u00dcHRER","article_modified_time":"2026-01-19T15:40:04+00:00","og_image":[{"width":2560,"height":764,"url":"https:\/\/www.gamapa.de\/wp-content\/uploads\/2022\/02\/Wirtschaftsmediation-scaled.jpg","type":"image\/jpeg"}],"twitter_card":"summary_large_image","twitter_misc":{"Szacowany czas czytania":"3 minuty"},"schema":{"@context":"https:\/\/schema.org","@graph":[{"@type":"WebPage","@id":"https:\/\/www.gamapa.de\/pl\/dziedziny-swiadczonych-uslug-doradczych\/mediacja\/mediacja-gospodarcza\/","url":"https:\/\/www.gamapa.de\/pl\/dziedziny-swiadczonych-uslug-doradczych\/mediacja\/mediacja-gospodarcza\/","name":"Mediacja gospodarcza | Dr. Gantef\u00fchrer, Marquardt und Partner","isPartOf":{"@id":"https:\/\/www.gamapa.de\/pl\/#website"},"primaryImageOfPage":{"@id":"https:\/\/www.gamapa.de\/pl\/dziedziny-swiadczonych-uslug-doradczych\/mediacja\/mediacja-gospodarcza\/#primaryimage"},"image":{"@id":"https:\/\/www.gamapa.de\/pl\/dziedziny-swiadczonych-uslug-doradczych\/mediacja\/mediacja-gospodarcza\/#primaryimage"},"thumbnailUrl":"https:\/\/www.gamapa.de\/wp-content\/uploads\/2022\/02\/Wirtschaftsmediation-scaled.jpg","datePublished":"2022-01-18T16:21:20+00:00","dateModified":"2026-01-19T15:40:04+00:00","description":"Jako neutralny mediator pomagamy Pa\u0144stwu samodzielnie i na w\u0142asn\u0105 odpowiedzialno\u015b\u0107 rozwi\u0105zywa\u0107 konflikty w Pa\u0144stwa przedsi\u0119biorstwie.","breadcrumb":{"@id":"https:\/\/www.gamapa.de\/pl\/dziedziny-swiadczonych-uslug-doradczych\/mediacja\/mediacja-gospodarcza\/#breadcrumb"},"inLanguage":"pl-PL","potentialAction":[{"@type":"ReadAction","target":["https:\/\/www.gamapa.de\/pl\/dziedziny-swiadczonych-uslug-doradczych\/mediacja\/mediacja-gospodarcza\/"]}]},{"@type":"ImageObject","inLanguage":"pl-PL","@id":"https:\/\/www.gamapa.de\/pl\/dziedziny-swiadczonych-uslug-doradczych\/mediacja\/mediacja-gospodarcza\/#primaryimage","url":"https:\/\/www.gamapa.de\/wp-content\/uploads\/2022\/02\/Wirtschaftsmediation-scaled.jpg","contentUrl":"https:\/\/www.gamapa.de\/wp-content\/uploads\/2022\/02\/Wirtschaftsmediation-scaled.jpg","width":2560,"height":764,"caption":"Wirtschaftsmediation"},{"@type":"BreadcrumbList","@id":"https:\/\/www.gamapa.de\/pl\/dziedziny-swiadczonych-uslug-doradczych\/mediacja\/mediacja-gospodarcza\/#breadcrumb","itemListElement":[{"@type":"ListItem","position":1,"name":"Startseite","item":"https:\/\/www.gamapa.de\/pl\/"},{"@type":"ListItem","position":2,"name":"Obszar konsultacji","item":"https:\/\/www.gamapa.de\/pl\/dziedziny-swiadczonych-uslug-doradczych\/"},{"@type":"ListItem","position":3,"name":"Mediacja","item":"https:\/\/www.gamapa.de\/pl\/dziedziny-swiadczonych-uslug-doradczych\/mediacja\/"},{"@type":"ListItem","position":4,"name":"Mediacja gospodarcza"}]},{"@type":"WebSite","@id":"https:\/\/www.gamapa.de\/pl\/#website","url":"https:\/\/www.gamapa.de\/pl\/","name":"GANTEF\u00dcHRER","description":"Wirtschaftspr\u00fcfer, Steuerberater, Rechtsanw\u00e4lte","publisher":{"@id":"https:\/\/www.gamapa.de\/pl\/#organization"},"potentialAction":[{"@type":"SearchAction","target":{"@type":"EntryPoint","urlTemplate":"https:\/\/www.gamapa.de\/pl\/?s={search_term_string}"},"query-input":{"@type":"PropertyValueSpecification","valueRequired":true,"valueName":"search_term_string"}}],"inLanguage":"pl-PL"},{"@type":"Organization","@id":"https:\/\/www.gamapa.de\/pl\/#organization","name":"Gantef\u00fchrer Wirtschaftspr\u00fcfer, Steuerberater, Rechtsanw\u00e4lte","url":"https:\/\/www.gamapa.de\/pl\/","logo":{"@type":"ImageObject","inLanguage":"pl-PL","@id":"https:\/\/www.gamapa.de\/pl\/#\/schema\/logo\/image\/","url":"https:\/\/www.gamapa.de\/wp-content\/uploads\/2026\/01\/Logo-Gantefuehrer.png","contentUrl":"https:\/\/www.gamapa.de\/wp-content\/uploads\/2026\/01\/Logo-Gantefuehrer.png","width":767,"height":156,"caption":"Gantef\u00fchrer Wirtschaftspr\u00fcfer, Steuerberater, Rechtsanw\u00e4lte"},"image":{"@id":"https:\/\/www.gamapa.de\/pl\/#\/schema\/logo\/image\/"}}]}},"uagb_featured_image_src":{"full":["https:\/\/www.gamapa.de\/wp-content\/uploads\/2022\/02\/Wirtschaftsmediation-scaled.jpg",2560,764,false],"thumbnail":["https:\/\/www.gamapa.de\/wp-content\/uploads\/2022\/02\/Wirtschaftsmediation-150x150.jpg",150,150,true],"medium":["https:\/\/www.gamapa.de\/wp-content\/uploads\/2022\/02\/Wirtschaftsmediation-600x179.jpg",600,179,true],"medium_large":["https:\/\/www.gamapa.de\/wp-content\/uploads\/2022\/02\/Wirtschaftsmediation-768x229.jpg",580,173,true],"large":["https:\/\/www.gamapa.de\/wp-content\/uploads\/2022\/02\/Wirtschaftsmediation-scaled.jpg",580,173,false],"gs-tiny":["https:\/\/www.gamapa.de\/wp-content\/uploads\/2022\/02\/Wirtschaftsmediation-scaled.jpg",50,15,false],"xl":["https:\/\/www.gamapa.de\/wp-content\/uploads\/2022\/02\/Wirtschaftsmediation-1600x477.jpg",1600,477,true],"xxl":["https:\/\/www.gamapa.de\/wp-content\/uploads\/2022\/02\/Wirtschaftsmediation-2200x656.jpg",2200,656,true],"xxxl":["https:\/\/www.gamapa.de\/wp-content\/uploads\/2022\/02\/Wirtschaftsmediation-2800x835.jpg",2800,835,true],"xxxxl":["https:\/\/www.gamapa.de\/wp-content\/uploads\/2022\/02\/Wirtschaftsmediation-scaled.jpg",2560,764,false],"xxxxxl":["https:\/\/www.gamapa.de\/wp-content\/uploads\/2022\/02\/Wirtschaftsmediation-scaled.jpg",2560,764,false],"1536x1536":["https:\/\/www.gamapa.de\/wp-content\/uploads\/2022\/02\/Wirtschaftsmediation-1536x458.jpg",1536,458,true],"2048x2048":["https:\/\/www.gamapa.de\/wp-content\/uploads\/2022\/02\/Wirtschaftsmediation-2048x611.jpg",2048,611,true],"post-thumbnail":["https:\/\/www.gamapa.de\/wp-content\/uploads\/2022\/02\/Wirtschaftsmediation-scaled.jpg",2560,764,false],"twentytwenty-fullscreen":["https:\/\/www.gamapa.de\/wp-content\/uploads\/2022\/02\/Wirtschaftsmediation-scaled.jpg",2560,764,false],"theme-slug-single-post":["https:\/\/www.gamapa.de\/wp-content\/uploads\/2022\/02\/Wirtschaftsmediation-1600x400.jpg",1600,400,true]},"uagb_author_info":{"display_name":"linda","author_link":"https:\/\/www.gamapa.de\/pl\/author\/linda\/"},"uagb_comment_info":0,"uagb_excerpt":"Mediacja gospodarcza ma ogromny potencja\u0142. Konflikty w gospodarce pojawiaj\u0105 si\u0119 codziennie i s\u0105 nieuniknione, poniewa\u017c spotykaj\u0105 si\u0119 ludzie o r\u00f3\u017cnych interesach. W wielu przypadkach zapewnia to pozytywny potencja\u0142 zmian i dalszy rozw\u00f3j przedsi\u0119biorstwa. Je\u015bli jednak strony konfliktu nie s\u0105 w stanie znale\u017a\u0107 rozwi\u0105zania opartego na interesach, w zale\u017cno\u015bci od znaczenia sporu i stopnia eskalacji mo\u017ce&hellip;","_links":{"self":[{"href":"https:\/\/www.gamapa.de\/pl\/wp-json\/wp\/v2\/pages\/22600","targetHints":{"allow":["GET"]}}],"collection":[{"href":"https:\/\/www.gamapa.de\/pl\/wp-json\/wp\/v2\/pages"}],"about":[{"href":"https:\/\/www.gamapa.de\/pl\/wp-json\/wp\/v2\/types\/page"}],"author":[{"embeddable":true,"href":"https:\/\/www.gamapa.de\/pl\/wp-json\/wp\/v2\/users\/1"}],"replies":[{"embeddable":true,"href":"https:\/\/www.gamapa.de\/pl\/wp-json\/wp\/v2\/comments?post=22600"}],"version-history":[{"count":3,"href":"https:\/\/www.gamapa.de\/pl\/wp-json\/wp\/v2\/pages\/22600\/revisions"}],"predecessor-version":[{"id":23657,"href":"https:\/\/www.gamapa.de\/pl\/wp-json\/wp\/v2\/pages\/22600\/revisions\/23657"}],"up":[{"embeddable":true,"href":"https:\/\/www.gamapa.de\/pl\/wp-json\/wp\/v2\/pages\/22595"}],"wp:featuredmedia":[{"embeddable":true,"href":"https:\/\/www.gamapa.de\/pl\/wp-json\/wp\/v2\/media\/12075"}],"wp:attachment":[{"href":"https:\/\/www.gamapa.de\/pl\/wp-json\/wp\/v2\/media?parent=22600"}],"curies":[{"name":"wp","href":"https:\/\/api.w.org\/{rel}","templated":true}]}}