

{"id":22603,"date":"2022-01-18T17:38:50","date_gmt":"2022-01-18T16:38:50","guid":{"rendered":"https:\/\/www.gamapa.de\/dziedziny-swiadczonych-uslug-doradczych\/mediation\/praxisfaelle-als-fallbeispiele\/"},"modified":"2026-01-19T16:38:48","modified_gmt":"2026-01-19T15:38:48","slug":"przypadki-praktyczne-jako-przyklady","status":"publish","type":"page","link":"https:\/\/www.gamapa.de\/pl\/dziedziny-swiadczonych-uslug-doradczych\/mediacja\/przypadki-praktyczne-jako-przyklady\/","title":{"rendered":"Przypadki praktyczne jako przyk\u0142ady"},"content":{"rendered":"\n<h3 class=\"wp-block-heading\">a. Zmiana pokoleniowa<\/h3>\n\n\n\n<p>W odnosz\u0105cej sukcesy \u015bredniej wielko\u015bci firmie za\u0142o\u017cyciel i starszy szef przekaza\u0142 zarz\u0105dzanie i udzia\u0142y w sp\u00f3\u0142ce swojemu synowi. Starszy chce cieszy\u0107 si\u0119 now\u0105 wolno\u015bci\u0105 na polu golfowym i podczas podr\u00f3\u017cy. M\u0142odszy ma odt\u0105d samodzielnie prowadzi\u0107 dzia\u0142alno\u015b\u0107. Jednak starszy od samego pocz\u0105tku ingeruje w zarz\u0105dzanie synem. Syn uwa\u017ca to za przeszkadzaj\u0105ce i protekcjonalne. Spory mi\u0119dzy ojcem a synem nasilaj\u0105 si\u0119, gro\u017c\u0105c eskalacj\u0105, a syn nie chce ju\u017c prowadzi\u0107 dzia\u0142alno\u015bci firmy i rozwa\u017ca wycofanie si\u0119 z kierowania ni\u0105.<\/p>\n\n\n\n<p>Zgodnie z zaleceniem doradcy podatkowego firmy dochodzi do mediacji do\u015bwiadczonego mediatora gospodarczego. W ramach mediacji wszystkie sporne kwestie mi\u0119dzy ojcem a synem zostaj\u0105 rozwi\u0105zane po wymianie pogl\u0105d\u00f3w i opracowaniu mo\u017cliwych rozwi\u0105za\u0144. Ostatecznie junior pozostaje dyrektorem zarz\u0105dzaj\u0105cym i samodzielnie kontynuuje dzia\u0142alno\u015b\u0107 firmy, odnosz\u0105c sukcesy. Ojciec mo\u017ce wreszcie w pe\u0142ni cieszy\u0107 si\u0119 swoj\u0105 wolno\u015bci\u0105. Pok\u00f3j w firmie i rodzinie zostaje przywr\u00f3cony.<\/p>\n\n\n\n<h3 class=\"wp-block-heading\">b. Fuzja<\/h3>\n\n\n\n<p>Dw\u00f3ch dealer\u00f3w samochodowych chce si\u0119 po\u0142\u0105czy\u0107, poniewa\u017c ich salony znajduj\u0105 si\u0119 w odleg\u0142o\u015bci kilku kilometr\u00f3w od siebie, a obie lokalizacje \u2013 kt\u00f3re osi\u0105gaj\u0105 zyski \u2013 sprzedaj\u0105 t\u0119 sam\u0105 mark\u0119 samochod\u00f3w. Grono klient\u00f3w jest zbyt ma\u0142e, aby dwa salony mog\u0142y generowa\u0107 dobre wyniki finansowe. R\u00f3wnie\u017c producent samochod\u00f3w domaga si\u0119 po\u0142\u0105czenia ze wzgl\u0119d\u00f3w ekonomicznych.<\/p>\n\n\n\n<p>Konflikt szybko si\u0119 ujawnia, poniewa\u017c obaj w\u0142a\u015bciciele salon\u00f3w samochodowych domagaj\u0105 si\u0119 wy\u0142\u0105cznej pozycji dyrektora zarz\u0105dzaj\u0105cego, co \u2013 jak pokazuje p\u00f3\u017aniejsza mediacja \u2013 wynika z r\u00f3\u017cnych powod\u00f3w i interes\u00f3w. W trakcie mediacji udaje si\u0119 wypracowa\u0107 rozwi\u0105zania, kt\u00f3re pozwalaj\u0105 wszystkim stronom wyj\u015b\u0107 z konfliktu jako zwyci\u0119zcy. Stanowiska dyrektor\u00f3w zarz\u0105dzaj\u0105cych zosta\u0142y podzielone zgodnie z interesami i mocnymi stronami, zorientowane na sukces.<\/p>\n\n\n\n<h3 class=\"wp-block-heading\">c. Fluktuacja kadr<\/h3>\n\n\n\n<p>W jednej z firm od pewnego czasu coraz wi\u0119cej pracownik\u00f3w sk\u0142ada wypowiedzenia. Przyczyny tego zjawiska nie s\u0105 jasne dla kierownictwa. Otwarta rozmowa z personelem r\u00f3wnie\u017c nie przynosi kierownictwu \u017cadnych korzy\u015bci. Fluktuacja kadr powoduje ogromny stres i niepok\u00f3j w firmie. Pozostali pracownicy musz\u0105 wyr\u00f3wna\u0107 brak brakuj\u0105cych pracownik\u00f3w, co powoduje wzrost niezadowolenia r\u00f3wnie\u017c w\u015br\u00f3d tych pracownik\u00f3w. Grozi to kolejn\u0105 fal\u0105 wypowiedze\u0144. Obecna sytuacja w pracy znacznie utrudnia zatrudnienie nowych pracownik\u00f3w. Koszty konfliktu s\u0105 wysokie: zatrudnienie headhuntera, czas po\u015bwi\u0119cony na rozmowy kwalifikacyjne, niezadowolony personel, spadek wydajno\u015bci, utrata przychod\u00f3w, czas potrzebny na wdro\u017cenie nowych pracownik\u00f3w, wi\u0119kszy stres i niepok\u00f3j w firmie, kolejne odej\u015bcia.<\/p>\n\n\n\n<p>Kierownictwo dowiaduje si\u0119 o mo\u017cliwo\u015bci mediacji od partnera biznesowego i zatrudnia mediatora gospodarczego. W trakcie kilku rozm\u00f3w mediator mo\u017ce w poufnej atmosferze odkry\u0107 przyczyny fali odej\u015b\u0107 pracownik\u00f3w i dzi\u0119ki samodzielnie opracowanym rozwi\u0105zaniom zatrzyma\u0107 t\u0119 fal\u0119, tak aby firma mog\u0142a ponownie z optymizmem patrze\u0107 w przysz\u0142o\u015b\u0107.<\/p>\n","protected":false},"excerpt":{"rendered":"<p>a. Zmiana pokoleniowa W odnosz\u0105cej sukcesy \u015bredniej wielko\u015bci firmie za\u0142o\u017cyciel i starszy szef przekaza\u0142 zarz\u0105dzanie i udzia\u0142y w sp\u00f3\u0142ce swojemu synowi. Starszy chce cieszy\u0107 si\u0119 now\u0105 wolno\u015bci\u0105 na polu golfowym i podczas podr\u00f3\u017cy. M\u0142odszy ma odt\u0105d samodzielnie prowadzi\u0107 dzia\u0142alno\u015b\u0107. Jednak starszy od samego pocz\u0105tku ingeruje w zarz\u0105dzanie synem. Syn uwa\u017ca to za przeszkadzaj\u0105ce i protekcjonalne. <a href=\"https:\/\/www.gamapa.de\/pl\/dziedziny-swiadczonych-uslug-doradczych\/mediacja\/przypadki-praktyczne-jako-przyklady\/\">[\u2026]<\/a><\/p>\n","protected":false},"author":1,"featured_media":12278,"parent":22595,"menu_order":4,"comment_status":"closed","ping_status":"closed","template":"templates\/template-simple-site.php","meta":{"_acf_changed":false,"_uag_custom_page_level_css":"","footnotes":""},"class_list":["post-22603","page","type-page","status-publish","has-post-thumbnail","hentry"],"acf":[],"yoast_head":"<!-- This site is optimized with the Yoast SEO plugin v27.3 - https:\/\/yoast.com\/product\/yoast-seo-wordpress\/ -->\n<title>Przypadki praktyczne jako przyk\u0142ady | Dr. Gantef\u00fchrer<\/title>\n<meta name=\"description\" content=\"Przypadki praktyczne i przyk\u0142ady \u2013 np. mediacja w ramach zmiany pokoleniowej. Skorzystaj z porad naszych ekspert\u00f3w\" \/>\n<meta name=\"robots\" content=\"index, follow, max-snippet:-1, max-image-preview:large, max-video-preview:-1\" \/>\n<link rel=\"canonical\" href=\"https:\/\/www.gamapa.de\/pl\/dziedziny-swiadczonych-uslug-doradczych\/mediacja\/przypadki-praktyczne-jako-przyklady\/\" \/>\n<meta property=\"og:locale\" content=\"pl_PL\" \/>\n<meta property=\"og:type\" content=\"article\" \/>\n<meta property=\"og:title\" content=\"Przypadki praktyczne jako przyk\u0142ady | Dr. Gantef\u00fchrer\" \/>\n<meta property=\"og:description\" content=\"Przypadki praktyczne i przyk\u0142ady \u2013 np. mediacja w ramach zmiany pokoleniowej. Skorzystaj z porad naszych ekspert\u00f3w\" \/>\n<meta property=\"og:url\" content=\"https:\/\/www.gamapa.de\/pl\/dziedziny-swiadczonych-uslug-doradczych\/mediacja\/przypadki-praktyczne-jako-przyklady\/\" \/>\n<meta property=\"og:site_name\" content=\"GANTEF\u00dcHRER\" \/>\n<meta property=\"article:modified_time\" content=\"2026-01-19T15:38:48+00:00\" \/>\n<meta property=\"og:image\" content=\"https:\/\/www.gamapa.de\/wp-content\/uploads\/2022\/02\/Mediation-Fallbeispiele-1-scaled.jpg\" \/>\n\t<meta property=\"og:image:width\" content=\"2560\" \/>\n\t<meta property=\"og:image:height\" content=\"764\" \/>\n\t<meta property=\"og:image:type\" content=\"image\/jpeg\" \/>\n<meta name=\"twitter:card\" content=\"summary_large_image\" \/>\n<meta name=\"twitter:label1\" content=\"Szacowany czas czytania\" \/>\n\t<meta name=\"twitter:data1\" content=\"3 minuty\" \/>\n<script type=\"application\/ld+json\" class=\"yoast-schema-graph\">{\"@context\":\"https:\\\/\\\/schema.org\",\"@graph\":[{\"@type\":\"WebPage\",\"@id\":\"https:\\\/\\\/www.gamapa.de\\\/pl\\\/dziedziny-swiadczonych-uslug-doradczych\\\/mediacja\\\/przypadki-praktyczne-jako-przyklady\\\/\",\"url\":\"https:\\\/\\\/www.gamapa.de\\\/pl\\\/dziedziny-swiadczonych-uslug-doradczych\\\/mediacja\\\/przypadki-praktyczne-jako-przyklady\\\/\",\"name\":\"Przypadki praktyczne jako przyk\u0142ady | Dr. Gantef\u00fchrer\",\"isPartOf\":{\"@id\":\"https:\\\/\\\/www.gamapa.de\\\/pl\\\/#website\"},\"primaryImageOfPage\":{\"@id\":\"https:\\\/\\\/www.gamapa.de\\\/pl\\\/dziedziny-swiadczonych-uslug-doradczych\\\/mediacja\\\/przypadki-praktyczne-jako-przyklady\\\/#primaryimage\"},\"image\":{\"@id\":\"https:\\\/\\\/www.gamapa.de\\\/pl\\\/dziedziny-swiadczonych-uslug-doradczych\\\/mediacja\\\/przypadki-praktyczne-jako-przyklady\\\/#primaryimage\"},\"thumbnailUrl\":\"https:\\\/\\\/www.gamapa.de\\\/wp-content\\\/uploads\\\/2022\\\/02\\\/Mediation-Fallbeispiele-1-scaled.jpg\",\"datePublished\":\"2022-01-18T16:38:50+00:00\",\"dateModified\":\"2026-01-19T15:38:48+00:00\",\"description\":\"Przypadki praktyczne i przyk\u0142ady \u2013 np. mediacja w ramach zmiany pokoleniowej. Skorzystaj z porad naszych ekspert\u00f3w\",\"breadcrumb\":{\"@id\":\"https:\\\/\\\/www.gamapa.de\\\/pl\\\/dziedziny-swiadczonych-uslug-doradczych\\\/mediacja\\\/przypadki-praktyczne-jako-przyklady\\\/#breadcrumb\"},\"inLanguage\":\"pl-PL\",\"potentialAction\":[{\"@type\":\"ReadAction\",\"target\":[\"https:\\\/\\\/www.gamapa.de\\\/pl\\\/dziedziny-swiadczonych-uslug-doradczych\\\/mediacja\\\/przypadki-praktyczne-jako-przyklady\\\/\"]}]},{\"@type\":\"ImageObject\",\"inLanguage\":\"pl-PL\",\"@id\":\"https:\\\/\\\/www.gamapa.de\\\/pl\\\/dziedziny-swiadczonych-uslug-doradczych\\\/mediacja\\\/przypadki-praktyczne-jako-przyklady\\\/#primaryimage\",\"url\":\"https:\\\/\\\/www.gamapa.de\\\/wp-content\\\/uploads\\\/2022\\\/02\\\/Mediation-Fallbeispiele-1-scaled.jpg\",\"contentUrl\":\"https:\\\/\\\/www.gamapa.de\\\/wp-content\\\/uploads\\\/2022\\\/02\\\/Mediation-Fallbeispiele-1-scaled.jpg\",\"width\":2560,\"height\":764,\"caption\":\"Mediation Fallbeispiele\"},{\"@type\":\"BreadcrumbList\",\"@id\":\"https:\\\/\\\/www.gamapa.de\\\/pl\\\/dziedziny-swiadczonych-uslug-doradczych\\\/mediacja\\\/przypadki-praktyczne-jako-przyklady\\\/#breadcrumb\",\"itemListElement\":[{\"@type\":\"ListItem\",\"position\":1,\"name\":\"Startseite\",\"item\":\"https:\\\/\\\/www.gamapa.de\\\/pl\\\/\"},{\"@type\":\"ListItem\",\"position\":2,\"name\":\"Obszar konsultacji\",\"item\":\"https:\\\/\\\/www.gamapa.de\\\/pl\\\/dziedziny-swiadczonych-uslug-doradczych\\\/\"},{\"@type\":\"ListItem\",\"position\":3,\"name\":\"Mediacja\",\"item\":\"https:\\\/\\\/www.gamapa.de\\\/pl\\\/dziedziny-swiadczonych-uslug-doradczych\\\/mediacja\\\/\"},{\"@type\":\"ListItem\",\"position\":4,\"name\":\"Przypadki praktyczne jako przyk\u0142ady\"}]},{\"@type\":\"WebSite\",\"@id\":\"https:\\\/\\\/www.gamapa.de\\\/pl\\\/#website\",\"url\":\"https:\\\/\\\/www.gamapa.de\\\/pl\\\/\",\"name\":\"GANTEF\u00dcHRER\",\"description\":\"Wirtschaftspr\u00fcfer, Steuerberater, Rechtsanw\u00e4lte\",\"publisher\":{\"@id\":\"https:\\\/\\\/www.gamapa.de\\\/pl\\\/#organization\"},\"potentialAction\":[{\"@type\":\"SearchAction\",\"target\":{\"@type\":\"EntryPoint\",\"urlTemplate\":\"https:\\\/\\\/www.gamapa.de\\\/pl\\\/?s={search_term_string}\"},\"query-input\":{\"@type\":\"PropertyValueSpecification\",\"valueRequired\":true,\"valueName\":\"search_term_string\"}}],\"inLanguage\":\"pl-PL\"},{\"@type\":\"Organization\",\"@id\":\"https:\\\/\\\/www.gamapa.de\\\/pl\\\/#organization\",\"name\":\"Gantef\u00fchrer Wirtschaftspr\u00fcfer, Steuerberater, Rechtsanw\u00e4lte\",\"url\":\"https:\\\/\\\/www.gamapa.de\\\/pl\\\/\",\"logo\":{\"@type\":\"ImageObject\",\"inLanguage\":\"pl-PL\",\"@id\":\"https:\\\/\\\/www.gamapa.de\\\/pl\\\/#\\\/schema\\\/logo\\\/image\\\/\",\"url\":\"https:\\\/\\\/www.gamapa.de\\\/wp-content\\\/uploads\\\/2026\\\/01\\\/Logo-Gantefuehrer.png\",\"contentUrl\":\"https:\\\/\\\/www.gamapa.de\\\/wp-content\\\/uploads\\\/2026\\\/01\\\/Logo-Gantefuehrer.png\",\"width\":767,\"height\":156,\"caption\":\"Gantef\u00fchrer Wirtschaftspr\u00fcfer, Steuerberater, Rechtsanw\u00e4lte\"},\"image\":{\"@id\":\"https:\\\/\\\/www.gamapa.de\\\/pl\\\/#\\\/schema\\\/logo\\\/image\\\/\"}}]}<\/script>\n<!-- \/ Yoast SEO plugin. -->","yoast_head_json":{"title":"Przypadki praktyczne jako przyk\u0142ady | Dr. Gantef\u00fchrer","description":"Przypadki praktyczne i przyk\u0142ady \u2013 np. mediacja w ramach zmiany pokoleniowej. Skorzystaj z porad naszych ekspert\u00f3w","robots":{"index":"index","follow":"follow","max-snippet":"max-snippet:-1","max-image-preview":"max-image-preview:large","max-video-preview":"max-video-preview:-1"},"canonical":"https:\/\/www.gamapa.de\/pl\/dziedziny-swiadczonych-uslug-doradczych\/mediacja\/przypadki-praktyczne-jako-przyklady\/","og_locale":"pl_PL","og_type":"article","og_title":"Przypadki praktyczne jako przyk\u0142ady | Dr. Gantef\u00fchrer","og_description":"Przypadki praktyczne i przyk\u0142ady \u2013 np. mediacja w ramach zmiany pokoleniowej. Skorzystaj z porad naszych ekspert\u00f3w","og_url":"https:\/\/www.gamapa.de\/pl\/dziedziny-swiadczonych-uslug-doradczych\/mediacja\/przypadki-praktyczne-jako-przyklady\/","og_site_name":"GANTEF\u00dcHRER","article_modified_time":"2026-01-19T15:38:48+00:00","og_image":[{"width":2560,"height":764,"url":"https:\/\/www.gamapa.de\/wp-content\/uploads\/2022\/02\/Mediation-Fallbeispiele-1-scaled.jpg","type":"image\/jpeg"}],"twitter_card":"summary_large_image","twitter_misc":{"Szacowany czas czytania":"3 minuty"},"schema":{"@context":"https:\/\/schema.org","@graph":[{"@type":"WebPage","@id":"https:\/\/www.gamapa.de\/pl\/dziedziny-swiadczonych-uslug-doradczych\/mediacja\/przypadki-praktyczne-jako-przyklady\/","url":"https:\/\/www.gamapa.de\/pl\/dziedziny-swiadczonych-uslug-doradczych\/mediacja\/przypadki-praktyczne-jako-przyklady\/","name":"Przypadki praktyczne jako przyk\u0142ady | Dr. Gantef\u00fchrer","isPartOf":{"@id":"https:\/\/www.gamapa.de\/pl\/#website"},"primaryImageOfPage":{"@id":"https:\/\/www.gamapa.de\/pl\/dziedziny-swiadczonych-uslug-doradczych\/mediacja\/przypadki-praktyczne-jako-przyklady\/#primaryimage"},"image":{"@id":"https:\/\/www.gamapa.de\/pl\/dziedziny-swiadczonych-uslug-doradczych\/mediacja\/przypadki-praktyczne-jako-przyklady\/#primaryimage"},"thumbnailUrl":"https:\/\/www.gamapa.de\/wp-content\/uploads\/2022\/02\/Mediation-Fallbeispiele-1-scaled.jpg","datePublished":"2022-01-18T16:38:50+00:00","dateModified":"2026-01-19T15:38:48+00:00","description":"Przypadki praktyczne i przyk\u0142ady \u2013 np. mediacja w ramach zmiany pokoleniowej. Skorzystaj z porad naszych ekspert\u00f3w","breadcrumb":{"@id":"https:\/\/www.gamapa.de\/pl\/dziedziny-swiadczonych-uslug-doradczych\/mediacja\/przypadki-praktyczne-jako-przyklady\/#breadcrumb"},"inLanguage":"pl-PL","potentialAction":[{"@type":"ReadAction","target":["https:\/\/www.gamapa.de\/pl\/dziedziny-swiadczonych-uslug-doradczych\/mediacja\/przypadki-praktyczne-jako-przyklady\/"]}]},{"@type":"ImageObject","inLanguage":"pl-PL","@id":"https:\/\/www.gamapa.de\/pl\/dziedziny-swiadczonych-uslug-doradczych\/mediacja\/przypadki-praktyczne-jako-przyklady\/#primaryimage","url":"https:\/\/www.gamapa.de\/wp-content\/uploads\/2022\/02\/Mediation-Fallbeispiele-1-scaled.jpg","contentUrl":"https:\/\/www.gamapa.de\/wp-content\/uploads\/2022\/02\/Mediation-Fallbeispiele-1-scaled.jpg","width":2560,"height":764,"caption":"Mediation Fallbeispiele"},{"@type":"BreadcrumbList","@id":"https:\/\/www.gamapa.de\/pl\/dziedziny-swiadczonych-uslug-doradczych\/mediacja\/przypadki-praktyczne-jako-przyklady\/#breadcrumb","itemListElement":[{"@type":"ListItem","position":1,"name":"Startseite","item":"https:\/\/www.gamapa.de\/pl\/"},{"@type":"ListItem","position":2,"name":"Obszar konsultacji","item":"https:\/\/www.gamapa.de\/pl\/dziedziny-swiadczonych-uslug-doradczych\/"},{"@type":"ListItem","position":3,"name":"Mediacja","item":"https:\/\/www.gamapa.de\/pl\/dziedziny-swiadczonych-uslug-doradczych\/mediacja\/"},{"@type":"ListItem","position":4,"name":"Przypadki praktyczne jako przyk\u0142ady"}]},{"@type":"WebSite","@id":"https:\/\/www.gamapa.de\/pl\/#website","url":"https:\/\/www.gamapa.de\/pl\/","name":"GANTEF\u00dcHRER","description":"Wirtschaftspr\u00fcfer, Steuerberater, Rechtsanw\u00e4lte","publisher":{"@id":"https:\/\/www.gamapa.de\/pl\/#organization"},"potentialAction":[{"@type":"SearchAction","target":{"@type":"EntryPoint","urlTemplate":"https:\/\/www.gamapa.de\/pl\/?s={search_term_string}"},"query-input":{"@type":"PropertyValueSpecification","valueRequired":true,"valueName":"search_term_string"}}],"inLanguage":"pl-PL"},{"@type":"Organization","@id":"https:\/\/www.gamapa.de\/pl\/#organization","name":"Gantef\u00fchrer Wirtschaftspr\u00fcfer, Steuerberater, Rechtsanw\u00e4lte","url":"https:\/\/www.gamapa.de\/pl\/","logo":{"@type":"ImageObject","inLanguage":"pl-PL","@id":"https:\/\/www.gamapa.de\/pl\/#\/schema\/logo\/image\/","url":"https:\/\/www.gamapa.de\/wp-content\/uploads\/2026\/01\/Logo-Gantefuehrer.png","contentUrl":"https:\/\/www.gamapa.de\/wp-content\/uploads\/2026\/01\/Logo-Gantefuehrer.png","width":767,"height":156,"caption":"Gantef\u00fchrer Wirtschaftspr\u00fcfer, Steuerberater, Rechtsanw\u00e4lte"},"image":{"@id":"https:\/\/www.gamapa.de\/pl\/#\/schema\/logo\/image\/"}}]}},"uagb_featured_image_src":{"full":["https:\/\/www.gamapa.de\/wp-content\/uploads\/2022\/02\/Mediation-Fallbeispiele-1-scaled.jpg",2560,764,false],"thumbnail":["https:\/\/www.gamapa.de\/wp-content\/uploads\/2022\/02\/Mediation-Fallbeispiele-1-150x150.jpg",150,150,true],"medium":["https:\/\/www.gamapa.de\/wp-content\/uploads\/2022\/02\/Mediation-Fallbeispiele-1-600x179.jpg",600,179,true],"medium_large":["https:\/\/www.gamapa.de\/wp-content\/uploads\/2022\/02\/Mediation-Fallbeispiele-1-768x229.jpg",580,173,true],"large":["https:\/\/www.gamapa.de\/wp-content\/uploads\/2022\/02\/Mediation-Fallbeispiele-1-scaled.jpg",580,173,false],"gs-tiny":["https:\/\/www.gamapa.de\/wp-content\/uploads\/2022\/02\/Mediation-Fallbeispiele-1-scaled.jpg",50,15,false],"xl":["https:\/\/www.gamapa.de\/wp-content\/uploads\/2022\/02\/Mediation-Fallbeispiele-1-1600x477.jpg",1600,477,true],"xxl":["https:\/\/www.gamapa.de\/wp-content\/uploads\/2022\/02\/Mediation-Fallbeispiele-1-2200x656.jpg",2200,656,true],"xxxl":["https:\/\/www.gamapa.de\/wp-content\/uploads\/2022\/02\/Mediation-Fallbeispiele-1-2800x835.jpg",2800,835,true],"xxxxl":["https:\/\/www.gamapa.de\/wp-content\/uploads\/2022\/02\/Mediation-Fallbeispiele-1-scaled.jpg",2560,764,false],"xxxxxl":["https:\/\/www.gamapa.de\/wp-content\/uploads\/2022\/02\/Mediation-Fallbeispiele-1-scaled.jpg",2560,764,false],"1536x1536":["https:\/\/www.gamapa.de\/wp-content\/uploads\/2022\/02\/Mediation-Fallbeispiele-1-1536x458.jpg",1536,458,true],"2048x2048":["https:\/\/www.gamapa.de\/wp-content\/uploads\/2022\/02\/Mediation-Fallbeispiele-1-2048x611.jpg",2048,611,true],"post-thumbnail":["https:\/\/www.gamapa.de\/wp-content\/uploads\/2022\/02\/Mediation-Fallbeispiele-1-scaled.jpg",2560,764,false],"twentytwenty-fullscreen":["https:\/\/www.gamapa.de\/wp-content\/uploads\/2022\/02\/Mediation-Fallbeispiele-1-scaled.jpg",2560,764,false],"theme-slug-single-post":["https:\/\/www.gamapa.de\/wp-content\/uploads\/2022\/02\/Mediation-Fallbeispiele-1-1600x400.jpg",1600,400,true]},"uagb_author_info":{"display_name":"linda","author_link":"https:\/\/www.gamapa.de\/pl\/author\/linda\/"},"uagb_comment_info":0,"uagb_excerpt":"a. Zmiana pokoleniowa W odnosz\u0105cej sukcesy \u015bredniej wielko\u015bci firmie za\u0142o\u017cyciel i starszy szef przekaza\u0142 zarz\u0105dzanie i udzia\u0142y w sp\u00f3\u0142ce swojemu synowi. Starszy chce cieszy\u0107 si\u0119 now\u0105 wolno\u015bci\u0105 na polu golfowym i podczas podr\u00f3\u017cy. M\u0142odszy ma odt\u0105d samodzielnie prowadzi\u0107 dzia\u0142alno\u015b\u0107. Jednak starszy od samego pocz\u0105tku ingeruje w zarz\u0105dzanie synem. Syn uwa\u017ca to za przeszkadzaj\u0105ce i protekcjonalne.&hellip;","_links":{"self":[{"href":"https:\/\/www.gamapa.de\/pl\/wp-json\/wp\/v2\/pages\/22603","targetHints":{"allow":["GET"]}}],"collection":[{"href":"https:\/\/www.gamapa.de\/pl\/wp-json\/wp\/v2\/pages"}],"about":[{"href":"https:\/\/www.gamapa.de\/pl\/wp-json\/wp\/v2\/types\/page"}],"author":[{"embeddable":true,"href":"https:\/\/www.gamapa.de\/pl\/wp-json\/wp\/v2\/users\/1"}],"replies":[{"embeddable":true,"href":"https:\/\/www.gamapa.de\/pl\/wp-json\/wp\/v2\/comments?post=22603"}],"version-history":[{"count":3,"href":"https:\/\/www.gamapa.de\/pl\/wp-json\/wp\/v2\/pages\/22603\/revisions"}],"predecessor-version":[{"id":23655,"href":"https:\/\/www.gamapa.de\/pl\/wp-json\/wp\/v2\/pages\/22603\/revisions\/23655"}],"up":[{"embeddable":true,"href":"https:\/\/www.gamapa.de\/pl\/wp-json\/wp\/v2\/pages\/22595"}],"wp:featuredmedia":[{"embeddable":true,"href":"https:\/\/www.gamapa.de\/pl\/wp-json\/wp\/v2\/media\/12278"}],"wp:attachment":[{"href":"https:\/\/www.gamapa.de\/pl\/wp-json\/wp\/v2\/media?parent=22603"}],"curies":[{"name":"wp","href":"https:\/\/api.w.org\/{rel}","templated":true}]}}