

{"id":22686,"date":"2025-12-15T14:31:44","date_gmt":"2025-12-15T13:31:44","guid":{"rendered":"https:\/\/www.gamapa.de\/?page_id=22686"},"modified":"2025-12-15T14:31:46","modified_gmt":"2025-12-15T13:31:46","slug":"aljoscha-frank","status":"publish","type":"page","link":"https:\/\/www.gamapa.de\/pl\/doradcy\/aljoscha-frank\/","title":{"rendered":"Aljoscha Frank"},"content":{"rendered":"\n<h3 class=\"wp-block-heading\">Specjalizacje<\/h3>\n\n\n\n<ul class=\"wp-block-list\">\n<li>Badanie sprawozda\u0144 finansowych i skonsolidowanych sprawozda\u0144 finansowych (HGB\/IFRS)<\/li>\n\n\n\n<li>Sporz\u0105dzanie sprawozda\u0144 finansowych i skonsolidowanych sprawozda\u0144 finansowych (HGB)<\/li>\n\n\n\n<li>Analiza danych z rocznych sprawozda\u0144 finansowych<\/li>\n\n\n\n<li>Badania MaBV<\/li>\n\n\n\n<li>Przegl\u0105dy kontrolne<\/li>\n<\/ul>\n\n\n\n<h3 class=\"wp-block-heading\">Przebieg kariery zawodowej<\/h3>\n\n\n\n<figure class=\"wp-block-table tablist\"><table><tbody><tr><td>2013-2016<\/td><td>Kszta\u0142cenie na stanowisko asystenta podatkowego<\/td><\/tr><tr><td>2016-2019<\/td><td>Studia licencjackie na kierunku ekonomia na Uniwersytecie w Bielefeldzie<\/td><\/tr><tr><td>2019-2025<\/td><td>Asystent bieg\u0142ego rewidenta\/Kierownik ds. audytu w Dr. Gantef\u00fchrer, Marquardt und Partner mbB<\/td><\/tr><tr><td>2025<\/td><td>Uzyskanie uprawnie\u0144 bieg\u0142ego rewidenta<\/td><\/tr><tr><td>od 2025<\/td><td>Bieg\u0142y rewident w Dr. Gantef\u00fchrer, Marquardt und Partner mbB<\/td><\/tr><tr><td>od 2025<\/td><td>Dyrektor zarz\u0105dzaj\u0105cy w GaMa GmbH Wirtschaftspr\u00fcfungsgesellschaft<\/td><\/tr><\/tbody><\/table><\/figure>\n\n\n\n<h3 class=\"wp-block-heading\">Obs\u0142ugiwane bran\u017ce<\/h3>\n\n\n\n<ul class=\"wp-block-list\">\n<li>\u015arednie przedsi\u0119biorstwa<\/li>\n\n\n\n<li>Mi\u0119dzynarodowe grupy korporacyjne<\/li>\n\n\n\n<li>Dostawcy us\u0142ug IT<\/li>\n\n\n\n<li>Agencje pracy tymczasowej<\/li>\n\n\n\n<li>Dostawcy cz\u0119\u015bci samochodowych<\/li>\n\n\n\n<li>Operatorzy klub\u00f3w fitness<\/li>\n<\/ul>\n\n\n\n<div class=\"wp-block-buttons is-layout-flex wp-block-buttons-is-layout-flex\">\n<div class=\"wp-block-button zurueck\"><a class=\"wp-block-button__link wp-element-button\" href=\"https:\/\/www.gamapa.de\/pl\/doradcy\/\">Zur\u00fcck<\/a><\/div>\n<\/div>\n","protected":false},"excerpt":{"rendered":"<p>Specjalizacje Przebieg kariery zawodowej 2013-2016 Kszta\u0142cenie na stanowisko asystenta podatkowego 2016-2019 Studia licencjackie na kierunku ekonomia na Uniwersytecie w Bielefeldzie 2019-2025 Asystent bieg\u0142ego rewidenta\/Kierownik ds. audytu w Dr. Gantef\u00fchrer, Marquardt und Partner mbB 2025 Uzyskanie uprawnie\u0144 bieg\u0142ego rewidenta od 2025 Bieg\u0142y rewident w Dr. Gantef\u00fchrer, Marquardt und Partner mbB od 2025 Dyrektor zarz\u0105dzaj\u0105cy w GaMa <a href=\"https:\/\/www.gamapa.de\/pl\/doradcy\/aljoscha-frank\/\">[\u2026]<\/a><\/p>\n","protected":false},"author":11,"featured_media":23060,"parent":5643,"menu_order":2,"comment_status":"closed","ping_status":"closed","template":"templates\/template-Profil.php","meta":{"_acf_changed":false,"_uag_custom_page_level_css":"","footnotes":""},"class_list":["post-22686","page","type-page","status-publish","has-post-thumbnail","hentry"],"acf":[],"yoast_head":"<!-- This site is optimized with the Yoast SEO plugin v27.5 - https:\/\/yoast.com\/product\/yoast-seo-wordpress\/ -->\n<title>Aljoscha Frank | Dr. Gantef\u00fchrer, Marquardt &amp; Partner mbB<\/title>\n<meta name=\"description\" content=\"Aljoscha Frank, Wirtschaftspr\u00fcfer bei Gantef\u00fchrer\" \/>\n<meta name=\"robots\" content=\"index, follow, max-snippet:-1, max-image-preview:large, max-video-preview:-1\" \/>\n<link rel=\"canonical\" href=\"https:\/\/www.gamapa.de\/pl\/doradcy\/aljoscha-frank\/\" \/>\n<meta property=\"og:locale\" content=\"pl_PL\" \/>\n<meta property=\"og:type\" content=\"article\" \/>\n<meta property=\"og:title\" content=\"Aljoscha Frank | Dr. Gantef\u00fchrer, Marquardt &amp; Partner mbB\" \/>\n<meta property=\"og:description\" content=\"Aljoscha Frank, Wirtschaftspr\u00fcfer bei Gantef\u00fchrer\" \/>\n<meta property=\"og:url\" content=\"https:\/\/www.gamapa.de\/pl\/doradcy\/aljoscha-frank\/\" \/>\n<meta property=\"og:site_name\" content=\"GANTEF\u00dcHRER\" \/>\n<meta property=\"article:modified_time\" content=\"2025-12-15T13:31:46+00:00\" \/>\n<meta property=\"og:image\" content=\"https:\/\/www.gamapa.de\/wp-content\/uploads\/2025\/12\/Frank-klein-neu.jpg\" \/>\n\t<meta property=\"og:image:width\" content=\"1000\" \/>\n\t<meta property=\"og:image:height\" content=\"596\" \/>\n\t<meta property=\"og:image:type\" content=\"image\/jpeg\" \/>\n<meta name=\"twitter:card\" content=\"summary_large_image\" \/>\n<meta name=\"twitter:label1\" content=\"Szacowany czas czytania\" \/>\n\t<meta name=\"twitter:data1\" content=\"1 minuta\" \/>\n<script type=\"application\/ld+json\" class=\"yoast-schema-graph\">{\"@context\":\"https:\\\/\\\/schema.org\",\"@graph\":[{\"@type\":\"WebPage\",\"@id\":\"https:\\\/\\\/www.gamapa.de\\\/pl\\\/doradcy\\\/aljoscha-frank\\\/\",\"url\":\"https:\\\/\\\/www.gamapa.de\\\/pl\\\/doradcy\\\/aljoscha-frank\\\/\",\"name\":\"Aljoscha Frank | Dr. Gantef\u00fchrer, Marquardt & Partner mbB\",\"isPartOf\":{\"@id\":\"https:\\\/\\\/www.gamapa.de\\\/pl\\\/#website\"},\"primaryImageOfPage\":{\"@id\":\"https:\\\/\\\/www.gamapa.de\\\/pl\\\/doradcy\\\/aljoscha-frank\\\/#primaryimage\"},\"image\":{\"@id\":\"https:\\\/\\\/www.gamapa.de\\\/pl\\\/doradcy\\\/aljoscha-frank\\\/#primaryimage\"},\"thumbnailUrl\":\"https:\\\/\\\/www.gamapa.de\\\/wp-content\\\/uploads\\\/2025\\\/12\\\/Frank-klein-neu.jpg\",\"datePublished\":\"2025-12-15T13:31:44+00:00\",\"dateModified\":\"2025-12-15T13:31:46+00:00\",\"description\":\"Aljoscha Frank, Wirtschaftspr\u00fcfer bei Gantef\u00fchrer\",\"breadcrumb\":{\"@id\":\"https:\\\/\\\/www.gamapa.de\\\/pl\\\/doradcy\\\/aljoscha-frank\\\/#breadcrumb\"},\"inLanguage\":\"pl-PL\",\"potentialAction\":[{\"@type\":\"ReadAction\",\"target\":[\"https:\\\/\\\/www.gamapa.de\\\/pl\\\/doradcy\\\/aljoscha-frank\\\/\"]}]},{\"@type\":\"ImageObject\",\"inLanguage\":\"pl-PL\",\"@id\":\"https:\\\/\\\/www.gamapa.de\\\/pl\\\/doradcy\\\/aljoscha-frank\\\/#primaryimage\",\"url\":\"https:\\\/\\\/www.gamapa.de\\\/wp-content\\\/uploads\\\/2025\\\/12\\\/Frank-klein-neu.jpg\",\"contentUrl\":\"https:\\\/\\\/www.gamapa.de\\\/wp-content\\\/uploads\\\/2025\\\/12\\\/Frank-klein-neu.jpg\",\"width\":1000,\"height\":596,\"caption\":\"Aljoscha Frank Arbeitssituation\"},{\"@type\":\"BreadcrumbList\",\"@id\":\"https:\\\/\\\/www.gamapa.de\\\/pl\\\/doradcy\\\/aljoscha-frank\\\/#breadcrumb\",\"itemListElement\":[{\"@type\":\"ListItem\",\"position\":1,\"name\":\"Startseite\",\"item\":\"https:\\\/\\\/www.gamapa.de\\\/pl\\\/\"},{\"@type\":\"ListItem\",\"position\":2,\"name\":\"Nasi specjali\u015bci\",\"item\":\"https:\\\/\\\/www.gamapa.de\\\/pl\\\/doradcy\\\/\"},{\"@type\":\"ListItem\",\"position\":3,\"name\":\"Aljoscha Frank\"}]},{\"@type\":\"WebSite\",\"@id\":\"https:\\\/\\\/www.gamapa.de\\\/pl\\\/#website\",\"url\":\"https:\\\/\\\/www.gamapa.de\\\/pl\\\/\",\"name\":\"GANTEF\u00dcHRER\",\"description\":\"Wirtschaftspr\u00fcfer, Steuerberater, Rechtsanw\u00e4lte\",\"publisher\":{\"@id\":\"https:\\\/\\\/www.gamapa.de\\\/pl\\\/#organization\"},\"potentialAction\":[{\"@type\":\"SearchAction\",\"target\":{\"@type\":\"EntryPoint\",\"urlTemplate\":\"https:\\\/\\\/www.gamapa.de\\\/pl\\\/?s={search_term_string}\"},\"query-input\":{\"@type\":\"PropertyValueSpecification\",\"valueRequired\":true,\"valueName\":\"search_term_string\"}}],\"inLanguage\":\"pl-PL\"},{\"@type\":\"Organization\",\"@id\":\"https:\\\/\\\/www.gamapa.de\\\/pl\\\/#organization\",\"name\":\"Gantef\u00fchrer Wirtschaftspr\u00fcfer, Steuerberater, Rechtsanw\u00e4lte\",\"url\":\"https:\\\/\\\/www.gamapa.de\\\/pl\\\/\",\"logo\":{\"@type\":\"ImageObject\",\"inLanguage\":\"pl-PL\",\"@id\":\"https:\\\/\\\/www.gamapa.de\\\/pl\\\/#\\\/schema\\\/logo\\\/image\\\/\",\"url\":\"https:\\\/\\\/www.gamapa.de\\\/wp-content\\\/uploads\\\/2026\\\/01\\\/Logo-Gantefuehrer.png\",\"contentUrl\":\"https:\\\/\\\/www.gamapa.de\\\/wp-content\\\/uploads\\\/2026\\\/01\\\/Logo-Gantefuehrer.png\",\"width\":767,\"height\":156,\"caption\":\"Gantef\u00fchrer Wirtschaftspr\u00fcfer, Steuerberater, Rechtsanw\u00e4lte\"},\"image\":{\"@id\":\"https:\\\/\\\/www.gamapa.de\\\/pl\\\/#\\\/schema\\\/logo\\\/image\\\/\"}}]}<\/script>\n<!-- \/ Yoast SEO plugin. -->","yoast_head_json":{"title":"Aljoscha Frank | Dr. Gantef\u00fchrer, Marquardt & Partner mbB","description":"Aljoscha Frank, Wirtschaftspr\u00fcfer bei Gantef\u00fchrer","robots":{"index":"index","follow":"follow","max-snippet":"max-snippet:-1","max-image-preview":"max-image-preview:large","max-video-preview":"max-video-preview:-1"},"canonical":"https:\/\/www.gamapa.de\/pl\/doradcy\/aljoscha-frank\/","og_locale":"pl_PL","og_type":"article","og_title":"Aljoscha Frank | Dr. Gantef\u00fchrer, Marquardt & Partner mbB","og_description":"Aljoscha Frank, Wirtschaftspr\u00fcfer bei Gantef\u00fchrer","og_url":"https:\/\/www.gamapa.de\/pl\/doradcy\/aljoscha-frank\/","og_site_name":"GANTEF\u00dcHRER","article_modified_time":"2025-12-15T13:31:46+00:00","og_image":[{"width":1000,"height":596,"url":"https:\/\/www.gamapa.de\/wp-content\/uploads\/2025\/12\/Frank-klein-neu.jpg","type":"image\/jpeg"}],"twitter_card":"summary_large_image","twitter_misc":{"Szacowany czas czytania":"1 minuta"},"schema":{"@context":"https:\/\/schema.org","@graph":[{"@type":"WebPage","@id":"https:\/\/www.gamapa.de\/pl\/doradcy\/aljoscha-frank\/","url":"https:\/\/www.gamapa.de\/pl\/doradcy\/aljoscha-frank\/","name":"Aljoscha Frank | Dr. Gantef\u00fchrer, Marquardt & Partner mbB","isPartOf":{"@id":"https:\/\/www.gamapa.de\/pl\/#website"},"primaryImageOfPage":{"@id":"https:\/\/www.gamapa.de\/pl\/doradcy\/aljoscha-frank\/#primaryimage"},"image":{"@id":"https:\/\/www.gamapa.de\/pl\/doradcy\/aljoscha-frank\/#primaryimage"},"thumbnailUrl":"https:\/\/www.gamapa.de\/wp-content\/uploads\/2025\/12\/Frank-klein-neu.jpg","datePublished":"2025-12-15T13:31:44+00:00","dateModified":"2025-12-15T13:31:46+00:00","description":"Aljoscha Frank, Wirtschaftspr\u00fcfer bei Gantef\u00fchrer","breadcrumb":{"@id":"https:\/\/www.gamapa.de\/pl\/doradcy\/aljoscha-frank\/#breadcrumb"},"inLanguage":"pl-PL","potentialAction":[{"@type":"ReadAction","target":["https:\/\/www.gamapa.de\/pl\/doradcy\/aljoscha-frank\/"]}]},{"@type":"ImageObject","inLanguage":"pl-PL","@id":"https:\/\/www.gamapa.de\/pl\/doradcy\/aljoscha-frank\/#primaryimage","url":"https:\/\/www.gamapa.de\/wp-content\/uploads\/2025\/12\/Frank-klein-neu.jpg","contentUrl":"https:\/\/www.gamapa.de\/wp-content\/uploads\/2025\/12\/Frank-klein-neu.jpg","width":1000,"height":596,"caption":"Aljoscha Frank Arbeitssituation"},{"@type":"BreadcrumbList","@id":"https:\/\/www.gamapa.de\/pl\/doradcy\/aljoscha-frank\/#breadcrumb","itemListElement":[{"@type":"ListItem","position":1,"name":"Startseite","item":"https:\/\/www.gamapa.de\/pl\/"},{"@type":"ListItem","position":2,"name":"Nasi specjali\u015bci","item":"https:\/\/www.gamapa.de\/pl\/doradcy\/"},{"@type":"ListItem","position":3,"name":"Aljoscha Frank"}]},{"@type":"WebSite","@id":"https:\/\/www.gamapa.de\/pl\/#website","url":"https:\/\/www.gamapa.de\/pl\/","name":"GANTEF\u00dcHRER","description":"Wirtschaftspr\u00fcfer, Steuerberater, Rechtsanw\u00e4lte","publisher":{"@id":"https:\/\/www.gamapa.de\/pl\/#organization"},"potentialAction":[{"@type":"SearchAction","target":{"@type":"EntryPoint","urlTemplate":"https:\/\/www.gamapa.de\/pl\/?s={search_term_string}"},"query-input":{"@type":"PropertyValueSpecification","valueRequired":true,"valueName":"search_term_string"}}],"inLanguage":"pl-PL"},{"@type":"Organization","@id":"https:\/\/www.gamapa.de\/pl\/#organization","name":"Gantef\u00fchrer Wirtschaftspr\u00fcfer, Steuerberater, Rechtsanw\u00e4lte","url":"https:\/\/www.gamapa.de\/pl\/","logo":{"@type":"ImageObject","inLanguage":"pl-PL","@id":"https:\/\/www.gamapa.de\/pl\/#\/schema\/logo\/image\/","url":"https:\/\/www.gamapa.de\/wp-content\/uploads\/2026\/01\/Logo-Gantefuehrer.png","contentUrl":"https:\/\/www.gamapa.de\/wp-content\/uploads\/2026\/01\/Logo-Gantefuehrer.png","width":767,"height":156,"caption":"Gantef\u00fchrer Wirtschaftspr\u00fcfer, Steuerberater, Rechtsanw\u00e4lte"},"image":{"@id":"https:\/\/www.gamapa.de\/pl\/#\/schema\/logo\/image\/"}}]}},"uagb_featured_image_src":{"full":["https:\/\/www.gamapa.de\/wp-content\/uploads\/2025\/12\/Frank-klein-neu.jpg",1000,596,false],"thumbnail":["https:\/\/www.gamapa.de\/wp-content\/uploads\/2025\/12\/Frank-klein-neu-150x150.jpg",150,150,true],"medium":["https:\/\/www.gamapa.de\/wp-content\/uploads\/2025\/12\/Frank-klein-neu-600x358.jpg",600,358,true],"medium_large":["https:\/\/www.gamapa.de\/wp-content\/uploads\/2025\/12\/Frank-klein-neu-768x458.jpg",580,346,true],"large":["https:\/\/www.gamapa.de\/wp-content\/uploads\/2025\/12\/Frank-klein-neu.jpg",580,346,false],"gs-tiny":["https:\/\/www.gamapa.de\/wp-content\/uploads\/2025\/12\/Frank-klein-neu-50x30.jpg",50,30,true],"xl":["https:\/\/www.gamapa.de\/wp-content\/uploads\/2025\/12\/Frank-klein-neu.jpg",1000,596,false],"xxl":["https:\/\/www.gamapa.de\/wp-content\/uploads\/2025\/12\/Frank-klein-neu.jpg",1000,596,false],"xxxl":["https:\/\/www.gamapa.de\/wp-content\/uploads\/2025\/12\/Frank-klein-neu.jpg",1000,596,false],"xxxxl":["https:\/\/www.gamapa.de\/wp-content\/uploads\/2025\/12\/Frank-klein-neu.jpg",1000,596,false],"xxxxxl":["https:\/\/www.gamapa.de\/wp-content\/uploads\/2025\/12\/Frank-klein-neu.jpg",1000,596,false],"1536x1536":["https:\/\/www.gamapa.de\/wp-content\/uploads\/2025\/12\/Frank-klein-neu.jpg",1000,596,false],"2048x2048":["https:\/\/www.gamapa.de\/wp-content\/uploads\/2025\/12\/Frank-klein-neu.jpg",1000,596,false],"post-thumbnail":["https:\/\/www.gamapa.de\/wp-content\/uploads\/2025\/12\/Frank-klein-neu.jpg",1000,596,false],"twentytwenty-fullscreen":["https:\/\/www.gamapa.de\/wp-content\/uploads\/2025\/12\/Frank-klein-neu.jpg",1000,596,false],"theme-slug-single-post":["https:\/\/www.gamapa.de\/wp-content\/uploads\/2025\/12\/Frank-klein-neu-1000x400.jpg",1000,400,true]},"uagb_author_info":{"display_name":"ninasenft","author_link":"https:\/\/www.gamapa.de\/pl\/author\/ninasenft\/"},"uagb_comment_info":0,"uagb_excerpt":"Specjalizacje Przebieg kariery zawodowej 2013-2016 Kszta\u0142cenie na stanowisko asystenta podatkowego 2016-2019 Studia licencjackie na kierunku ekonomia na Uniwersytecie w Bielefeldzie 2019-2025 Asystent bieg\u0142ego rewidenta\/Kierownik ds. audytu w Dr. Gantef\u00fchrer, Marquardt und Partner mbB 2025 Uzyskanie uprawnie\u0144 bieg\u0142ego rewidenta od 2025 Bieg\u0142y rewident w Dr. Gantef\u00fchrer, Marquardt und Partner mbB od 2025 Dyrektor zarz\u0105dzaj\u0105cy w GaMa&hellip;","_links":{"self":[{"href":"https:\/\/www.gamapa.de\/pl\/wp-json\/wp\/v2\/pages\/22686","targetHints":{"allow":["GET"]}}],"collection":[{"href":"https:\/\/www.gamapa.de\/pl\/wp-json\/wp\/v2\/pages"}],"about":[{"href":"https:\/\/www.gamapa.de\/pl\/wp-json\/wp\/v2\/types\/page"}],"author":[{"embeddable":true,"href":"https:\/\/www.gamapa.de\/pl\/wp-json\/wp\/v2\/users\/11"}],"replies":[{"embeddable":true,"href":"https:\/\/www.gamapa.de\/pl\/wp-json\/wp\/v2\/comments?post=22686"}],"version-history":[{"count":2,"href":"https:\/\/www.gamapa.de\/pl\/wp-json\/wp\/v2\/pages\/22686\/revisions"}],"predecessor-version":[{"id":22694,"href":"https:\/\/www.gamapa.de\/pl\/wp-json\/wp\/v2\/pages\/22686\/revisions\/22694"}],"up":[{"embeddable":true,"href":"https:\/\/www.gamapa.de\/pl\/wp-json\/wp\/v2\/pages\/5643"}],"wp:featuredmedia":[{"embeddable":true,"href":"https:\/\/www.gamapa.de\/pl\/wp-json\/wp\/v2\/media\/23060"}],"wp:attachment":[{"href":"https:\/\/www.gamapa.de\/pl\/wp-json\/wp\/v2\/media?parent=22686"}],"curies":[{"name":"wp","href":"https:\/\/api.w.org\/{rel}","templated":true}]}}