

{"id":22876,"date":"2025-12-03T19:24:44","date_gmt":"2025-12-03T18:24:44","guid":{"rendered":"https:\/\/www.gamapa.de\/doradcy\/jan-eltzschig-ll-m\/"},"modified":"2026-01-21T16:52:40","modified_gmt":"2026-01-21T15:52:40","slug":"jan-eltzschig-ll-m","status":"publish","type":"page","link":"https:\/\/www.gamapa.de\/pl\/doradcy\/jan-eltzschig-ll-m\/","title":{"rendered":"Jan Eltzschig, LL.M."},"content":{"rendered":"\n<h3 class=\"wp-block-heading\">Specjalizacje<\/h3>\n\n\n\n<ul class=\"wp-block-list\">\n<li>Prawo sp\u00f3\u0142ek (sp\u00f3\u0142ki osobowe i kapita\u0142owe)<\/li>\n\n\n\n<li>Transakcje przedsi\u0119biorstw\/fuzje i przej\u0119cia, krajowe i mi\u0119dzynarodowe<\/li>\n\n\n\n<li>Wsp\u00f3lne przedsi\u0119wzi\u0119cia, kooperacje, inwestycje (finansowe i strategiczne), przeniesienia portfela<\/li>\n\n\n\n<li>Strukturyzacja i (re)organizacja grup<\/li>\n\n\n\n<li>Doradztwo dla zarz\u0105d\u00f3w i rad nadzorczych (w tym wsp\u00f3\u0142decydowanie przedsi\u0119biorstw i zgodno\u015b\u0107 z przepisami)<\/li>\n<\/ul>\n\n\n\n<h3 class=\"wp-block-heading\">Przebieg kariery zawodowej<\/h3>\n\n\n\n<figure class=\"wp-block-table tablist\"><table><tbody><tr><td>1995-2002<\/td><td>Studia prawnicze na Uniwersytecie w Kolonii oraz na Universit\u00e9 de Paris I (Paris I\/Sorbonne)<\/td><\/tr><tr><td>2002-2007<\/td><td>Pracownik naukowy, Uniwersytet w Kolonii<\/td><\/tr><tr><td>2005-2007<\/td><td>Sta\u017c prawniczy w Kolonii<\/td><\/tr><tr><td>2007-2013<\/td><td>Prawnik w Cleary, Gottlieb, Steen &amp; Hamilton w Kolonii i Frankfurcie<\/td><\/tr><tr><td>2013-2021<\/td><td>Adwokat w DLA Piper w Kolonii (od 2015 r. jako partner)<\/td><\/tr><tr><td>2021-2023<\/td><td>Adwokat i partner w Herbert Smith Freehills, D\u00fcsseldorf<\/td><\/tr><tr><td>2023-2025<\/td><td>Adwokat i partner w kancelarii Advant Beiten, D\u00fcsseldorf<\/td><\/tr><tr><td>od 2025<\/td><td>Adwokat i partner w Dr. Gantef\u00fchrer, Marquardt &amp; Partner<\/td><\/tr><\/tbody><\/table><\/figure>\n\n\n\n<h3 class=\"wp-block-heading\">Obs\u0142ugiwane bran\u017ce<\/h3>\n\n\n\n<ul class=\"wp-block-list\">\n<li>Sektor ubezpieczeniowy i finansowy<\/li>\n\n\n\n<li>Przemys\u0142\/produkcja<\/li>\n\n\n\n<li>Sektor opieki zdrowotnej<\/li>\n\n\n\n<li>\u015arednie i rodzinne przedsi\u0119biorstwa<\/li>\n\n\n\n<li>Obrona<\/li>\n\n\n\n<li>Motoryzacja<\/li>\n\n\n\n<li>Chemia<\/li>\n<\/ul>\n\n\n\n<h3 class=\"wp-block-heading\">Auszeichnungen<\/h3>\n\n\n\n<ul class=\"wp-block-list\">\n<li>JUVE (2020 i 2021): Zalecany adwokat<\/li>\n\n\n\n<li>Legal 500 Deutschland (2021): Zalecany adwokat<\/li>\n\n\n\n<li>Handelsblatt Best Lawyers (2022 i 2025): Zalecany adwokat<\/li>\n<\/ul>\n\n\n\n<h3 class=\"wp-block-heading\">Wybrane transakcje<\/h3>\n\n\n\n<ul class=\"wp-block-list\">\n<li>Mi\u0119dzynarodowa grupa przedsi\u0119biorstw (opieka zdrowotna): doradztwo w zakresie z\u0142o\u017conej struktury grupy i potencjalnej reorganizacji korporacyjnej (ponad 100 podmiot\u00f3w prawnych wchodz\u0105cych w sk\u0142ad grupy, ze szczeg\u00f3lnym uwzgl\u0119dnieniem aspekt\u00f3w prawa sp\u00f3\u0142ek, prawa pracy, prawa podatkowego i prawa nadzorczego)*<\/li>\n\n\n\n<li>\u015aredniej wielko\u015bci niemieckie przedsi\u0119biorstwa w kilku transakcjach dotycz\u0105cych sprzeda\u017cy udzia\u0142\u00f3w i rozdzielenia z\u0142o\u017conych struktur udzia\u0142owych w sektorze us\u0142ug energetycznych*<\/li>\n\n\n\n<li>Mi\u0119dzynarodowa grupa przedsi\u0119biorstw (obrona) w r\u00f3\u017cnych kwestiach dotycz\u0105cych strukturyzacji niemieckiej grupy przedsi\u0119biorstw oraz prawa sp\u00f3\u0142ek*<\/li>\n\n\n\n<li>Mi\u0119dzynarodowa grupa przedsi\u0119biorstw (chemia, przemys\u0142) w wielu niemieckich i mi\u0119dzynarodowych sprawach dotycz\u0105cych prawa sp\u00f3\u0142ek i transakcji*<\/li>\n\n\n\n<li>Gothaer Versicherungsgruppe: w zakresie r\u00f3\u017cnych krajowych i mi\u0119dzynarodowych udzia\u0142\u00f3w w przedsi\u0119biorstwach i inwestycjach (kapita\u0142 w\u0142asny i mezzanine), m.in. w dziedzinie energii odnawialnej (onshore\/offshore) oraz us\u0142ug mobilno\u015bciowych*<\/li>\n\n\n\n<li>TilT Gruppe: w zakresie mniejszo\u015bciowego udzia\u0142u w niemieckiej grupie przedsi\u0119biorstw zajmuj\u0105cej si\u0119 energi\u0105 odnawialn\u0105*<\/li>\n\n\n\n<li>Steadfast Group: przy nabyciu wi\u0119kszo\u015bciowego udzia\u0142u w globalnej sieci unisonSteadfast*<\/li>\n\n\n\n<li>Verivox: przy nabyciu dzia\u0142alno\u015bci brokerskiej GetSafe, w tym internetowej platformy handlowej i obs\u0142ugi klienta*<\/li>\n\n\n\n<li>Grupa Baloise: przy sprzeda\u017cy udzia\u0142u w Deutscher Ring Bausparkasse AG na rzecz BAWAG oraz przy sprzeda\u017cy portfela run-off i dzia\u0142alno\u015bci niemieckiego oddzia\u0142u Basler Leben AG na rzecz Frankfurter Leben-Gruppe*<\/li>\n<\/ul>\n\n\n\n<p><sub>* Mandaty przed rozpocz\u0119ciem pracy w Gantef\u00fchrer<\/sub><\/p>\n\n\n\n<div class=\"wp-block-buttons is-layout-flex wp-block-buttons-is-layout-flex\">\n<div class=\"wp-block-button zurueck\"><a class=\"wp-block-button__link wp-element-button\" href=\"https:\/\/www.gamapa.de\/pl\/doradcy\/\">wstecz<\/a><\/div>\n<\/div>\n","protected":false},"excerpt":{"rendered":"<p>Specjalizacje Przebieg kariery zawodowej 1995-2002 Studia prawnicze na Uniwersytecie w Kolonii oraz na Universit\u00e9 de Paris I (Paris I\/Sorbonne) 2002-2007 Pracownik naukowy, Uniwersytet w Kolonii 2005-2007 Sta\u017c prawniczy w Kolonii 2007-2013 Prawnik w Cleary, Gottlieb, Steen &amp; Hamilton w Kolonii i Frankfurcie 2013-2021 Adwokat w DLA Piper w Kolonii (od 2015 r. jako partner) 2021-2023 <a href=\"https:\/\/www.gamapa.de\/pl\/doradcy\/jan-eltzschig-ll-m\/\">[\u2026]<\/a><\/p>\n","protected":false},"author":11,"featured_media":23119,"parent":5643,"menu_order":3,"comment_status":"closed","ping_status":"closed","template":"templates\/template-Profil.php","meta":{"_acf_changed":false,"_uag_custom_page_level_css":"","footnotes":""},"class_list":["post-22876","page","type-page","status-publish","has-post-thumbnail","hentry"],"acf":[],"yoast_head":"<!-- This site is optimized with the Yoast SEO plugin v27.5 - https:\/\/yoast.com\/product\/yoast-seo-wordpress\/ -->\n<title>Jan Eltzschig LL.M. | Dr. Gantef\u00fchrer, Marquardt &amp; Partner mbB<\/title>\n<meta name=\"description\" content=\"Jan Eltzschig doradza przedsi\u0119biorstwom w zakresie prywatnych transakcji fuzji i przej\u0119\u0107 oraz kwestii zwi\u0105zanych z prawem sp\u00f3\u0142ek, wnosz\u0105c bogate do\u015bwiadczenie w zakresie transakcji krajowych i mi\u0119dzynarodowych oraz z\u0142o\u017conych reorganizacji.\" \/>\n<meta name=\"robots\" content=\"index, follow, max-snippet:-1, max-image-preview:large, max-video-preview:-1\" \/>\n<link rel=\"canonical\" href=\"https:\/\/www.gamapa.de\/pl\/doradcy\/jan-eltzschig-ll-m\/\" \/>\n<meta property=\"og:locale\" content=\"pl_PL\" \/>\n<meta property=\"og:type\" content=\"article\" \/>\n<meta property=\"og:title\" content=\"Jan Eltzschig LL.M. | Dr. Gantef\u00fchrer, Marquardt &amp; Partner mbB\" \/>\n<meta property=\"og:description\" content=\"Jan Eltzschig doradza przedsi\u0119biorstwom w zakresie prywatnych transakcji fuzji i przej\u0119\u0107 oraz kwestii zwi\u0105zanych z prawem sp\u00f3\u0142ek, wnosz\u0105c bogate do\u015bwiadczenie w zakresie transakcji krajowych i mi\u0119dzynarodowych oraz z\u0142o\u017conych reorganizacji.\" \/>\n<meta property=\"og:url\" content=\"https:\/\/www.gamapa.de\/pl\/doradcy\/jan-eltzschig-ll-m\/\" \/>\n<meta property=\"og:site_name\" content=\"GANTEF\u00dcHRER\" \/>\n<meta property=\"article:modified_time\" content=\"2026-01-21T15:52:40+00:00\" \/>\n<meta property=\"og:image\" content=\"https:\/\/www.gamapa.de\/wp-content\/uploads\/2025\/12\/Eltzschig-2.jpg\" \/>\n\t<meta property=\"og:image:width\" content=\"1700\" \/>\n\t<meta property=\"og:image:height\" content=\"1014\" \/>\n\t<meta property=\"og:image:type\" content=\"image\/jpeg\" \/>\n<meta name=\"twitter:card\" content=\"summary_large_image\" \/>\n<meta name=\"twitter:label1\" content=\"Szacowany czas czytania\" \/>\n\t<meta name=\"twitter:data1\" content=\"3 minuty\" \/>\n<script type=\"application\/ld+json\" class=\"yoast-schema-graph\">{\"@context\":\"https:\\\/\\\/schema.org\",\"@graph\":[{\"@type\":\"WebPage\",\"@id\":\"https:\\\/\\\/www.gamapa.de\\\/pl\\\/doradcy\\\/jan-eltzschig-ll-m\\\/\",\"url\":\"https:\\\/\\\/www.gamapa.de\\\/pl\\\/doradcy\\\/jan-eltzschig-ll-m\\\/\",\"name\":\"Jan Eltzschig LL.M. | Dr. Gantef\u00fchrer, Marquardt & Partner mbB\",\"isPartOf\":{\"@id\":\"https:\\\/\\\/www.gamapa.de\\\/pl\\\/#website\"},\"primaryImageOfPage\":{\"@id\":\"https:\\\/\\\/www.gamapa.de\\\/pl\\\/doradcy\\\/jan-eltzschig-ll-m\\\/#primaryimage\"},\"image\":{\"@id\":\"https:\\\/\\\/www.gamapa.de\\\/pl\\\/doradcy\\\/jan-eltzschig-ll-m\\\/#primaryimage\"},\"thumbnailUrl\":\"https:\\\/\\\/www.gamapa.de\\\/wp-content\\\/uploads\\\/2025\\\/12\\\/Eltzschig-2.jpg\",\"datePublished\":\"2025-12-03T18:24:44+00:00\",\"dateModified\":\"2026-01-21T15:52:40+00:00\",\"description\":\"Jan Eltzschig doradza przedsi\u0119biorstwom w zakresie prywatnych transakcji fuzji i przej\u0119\u0107 oraz kwestii zwi\u0105zanych z prawem sp\u00f3\u0142ek, wnosz\u0105c bogate do\u015bwiadczenie w zakresie transakcji krajowych i mi\u0119dzynarodowych oraz z\u0142o\u017conych reorganizacji.\",\"breadcrumb\":{\"@id\":\"https:\\\/\\\/www.gamapa.de\\\/pl\\\/doradcy\\\/jan-eltzschig-ll-m\\\/#breadcrumb\"},\"inLanguage\":\"pl-PL\",\"potentialAction\":[{\"@type\":\"ReadAction\",\"target\":[\"https:\\\/\\\/www.gamapa.de\\\/pl\\\/doradcy\\\/jan-eltzschig-ll-m\\\/\"]}]},{\"@type\":\"ImageObject\",\"inLanguage\":\"pl-PL\",\"@id\":\"https:\\\/\\\/www.gamapa.de\\\/pl\\\/doradcy\\\/jan-eltzschig-ll-m\\\/#primaryimage\",\"url\":\"https:\\\/\\\/www.gamapa.de\\\/wp-content\\\/uploads\\\/2025\\\/12\\\/Eltzschig-2.jpg\",\"contentUrl\":\"https:\\\/\\\/www.gamapa.de\\\/wp-content\\\/uploads\\\/2025\\\/12\\\/Eltzschig-2.jpg\",\"width\":1700,\"height\":1014,\"caption\":\"Jan Eltzschig am Laptop\"},{\"@type\":\"BreadcrumbList\",\"@id\":\"https:\\\/\\\/www.gamapa.de\\\/pl\\\/doradcy\\\/jan-eltzschig-ll-m\\\/#breadcrumb\",\"itemListElement\":[{\"@type\":\"ListItem\",\"position\":1,\"name\":\"Startseite\",\"item\":\"https:\\\/\\\/www.gamapa.de\\\/pl\\\/\"},{\"@type\":\"ListItem\",\"position\":2,\"name\":\"Nasi specjali\u015bci\",\"item\":\"https:\\\/\\\/www.gamapa.de\\\/pl\\\/doradcy\\\/\"},{\"@type\":\"ListItem\",\"position\":3,\"name\":\"Jan Eltzschig, LL.M.\"}]},{\"@type\":\"WebSite\",\"@id\":\"https:\\\/\\\/www.gamapa.de\\\/pl\\\/#website\",\"url\":\"https:\\\/\\\/www.gamapa.de\\\/pl\\\/\",\"name\":\"GANTEF\u00dcHRER\",\"description\":\"Wirtschaftspr\u00fcfer, Steuerberater, Rechtsanw\u00e4lte\",\"publisher\":{\"@id\":\"https:\\\/\\\/www.gamapa.de\\\/pl\\\/#organization\"},\"potentialAction\":[{\"@type\":\"SearchAction\",\"target\":{\"@type\":\"EntryPoint\",\"urlTemplate\":\"https:\\\/\\\/www.gamapa.de\\\/pl\\\/?s={search_term_string}\"},\"query-input\":{\"@type\":\"PropertyValueSpecification\",\"valueRequired\":true,\"valueName\":\"search_term_string\"}}],\"inLanguage\":\"pl-PL\"},{\"@type\":\"Organization\",\"@id\":\"https:\\\/\\\/www.gamapa.de\\\/pl\\\/#organization\",\"name\":\"Gantef\u00fchrer Wirtschaftspr\u00fcfer, Steuerberater, Rechtsanw\u00e4lte\",\"url\":\"https:\\\/\\\/www.gamapa.de\\\/pl\\\/\",\"logo\":{\"@type\":\"ImageObject\",\"inLanguage\":\"pl-PL\",\"@id\":\"https:\\\/\\\/www.gamapa.de\\\/pl\\\/#\\\/schema\\\/logo\\\/image\\\/\",\"url\":\"https:\\\/\\\/www.gamapa.de\\\/wp-content\\\/uploads\\\/2026\\\/01\\\/Logo-Gantefuehrer.png\",\"contentUrl\":\"https:\\\/\\\/www.gamapa.de\\\/wp-content\\\/uploads\\\/2026\\\/01\\\/Logo-Gantefuehrer.png\",\"width\":767,\"height\":156,\"caption\":\"Gantef\u00fchrer Wirtschaftspr\u00fcfer, Steuerberater, Rechtsanw\u00e4lte\"},\"image\":{\"@id\":\"https:\\\/\\\/www.gamapa.de\\\/pl\\\/#\\\/schema\\\/logo\\\/image\\\/\"}}]}<\/script>\n<!-- \/ Yoast SEO plugin. -->","yoast_head_json":{"title":"Jan Eltzschig LL.M. | Dr. Gantef\u00fchrer, Marquardt & Partner mbB","description":"Jan Eltzschig doradza przedsi\u0119biorstwom w zakresie prywatnych transakcji fuzji i przej\u0119\u0107 oraz kwestii zwi\u0105zanych z prawem sp\u00f3\u0142ek, wnosz\u0105c bogate do\u015bwiadczenie w zakresie transakcji krajowych i mi\u0119dzynarodowych oraz z\u0142o\u017conych reorganizacji.","robots":{"index":"index","follow":"follow","max-snippet":"max-snippet:-1","max-image-preview":"max-image-preview:large","max-video-preview":"max-video-preview:-1"},"canonical":"https:\/\/www.gamapa.de\/pl\/doradcy\/jan-eltzschig-ll-m\/","og_locale":"pl_PL","og_type":"article","og_title":"Jan Eltzschig LL.M. | Dr. Gantef\u00fchrer, Marquardt & Partner mbB","og_description":"Jan Eltzschig doradza przedsi\u0119biorstwom w zakresie prywatnych transakcji fuzji i przej\u0119\u0107 oraz kwestii zwi\u0105zanych z prawem sp\u00f3\u0142ek, wnosz\u0105c bogate do\u015bwiadczenie w zakresie transakcji krajowych i mi\u0119dzynarodowych oraz z\u0142o\u017conych reorganizacji.","og_url":"https:\/\/www.gamapa.de\/pl\/doradcy\/jan-eltzschig-ll-m\/","og_site_name":"GANTEF\u00dcHRER","article_modified_time":"2026-01-21T15:52:40+00:00","og_image":[{"width":1700,"height":1014,"url":"https:\/\/www.gamapa.de\/wp-content\/uploads\/2025\/12\/Eltzschig-2.jpg","type":"image\/jpeg"}],"twitter_card":"summary_large_image","twitter_misc":{"Szacowany czas czytania":"3 minuty"},"schema":{"@context":"https:\/\/schema.org","@graph":[{"@type":"WebPage","@id":"https:\/\/www.gamapa.de\/pl\/doradcy\/jan-eltzschig-ll-m\/","url":"https:\/\/www.gamapa.de\/pl\/doradcy\/jan-eltzschig-ll-m\/","name":"Jan Eltzschig LL.M. | Dr. Gantef\u00fchrer, Marquardt & Partner mbB","isPartOf":{"@id":"https:\/\/www.gamapa.de\/pl\/#website"},"primaryImageOfPage":{"@id":"https:\/\/www.gamapa.de\/pl\/doradcy\/jan-eltzschig-ll-m\/#primaryimage"},"image":{"@id":"https:\/\/www.gamapa.de\/pl\/doradcy\/jan-eltzschig-ll-m\/#primaryimage"},"thumbnailUrl":"https:\/\/www.gamapa.de\/wp-content\/uploads\/2025\/12\/Eltzschig-2.jpg","datePublished":"2025-12-03T18:24:44+00:00","dateModified":"2026-01-21T15:52:40+00:00","description":"Jan Eltzschig doradza przedsi\u0119biorstwom w zakresie prywatnych transakcji fuzji i przej\u0119\u0107 oraz kwestii zwi\u0105zanych z prawem sp\u00f3\u0142ek, wnosz\u0105c bogate do\u015bwiadczenie w zakresie transakcji krajowych i mi\u0119dzynarodowych oraz z\u0142o\u017conych reorganizacji.","breadcrumb":{"@id":"https:\/\/www.gamapa.de\/pl\/doradcy\/jan-eltzschig-ll-m\/#breadcrumb"},"inLanguage":"pl-PL","potentialAction":[{"@type":"ReadAction","target":["https:\/\/www.gamapa.de\/pl\/doradcy\/jan-eltzschig-ll-m\/"]}]},{"@type":"ImageObject","inLanguage":"pl-PL","@id":"https:\/\/www.gamapa.de\/pl\/doradcy\/jan-eltzschig-ll-m\/#primaryimage","url":"https:\/\/www.gamapa.de\/wp-content\/uploads\/2025\/12\/Eltzschig-2.jpg","contentUrl":"https:\/\/www.gamapa.de\/wp-content\/uploads\/2025\/12\/Eltzschig-2.jpg","width":1700,"height":1014,"caption":"Jan Eltzschig am Laptop"},{"@type":"BreadcrumbList","@id":"https:\/\/www.gamapa.de\/pl\/doradcy\/jan-eltzschig-ll-m\/#breadcrumb","itemListElement":[{"@type":"ListItem","position":1,"name":"Startseite","item":"https:\/\/www.gamapa.de\/pl\/"},{"@type":"ListItem","position":2,"name":"Nasi specjali\u015bci","item":"https:\/\/www.gamapa.de\/pl\/doradcy\/"},{"@type":"ListItem","position":3,"name":"Jan Eltzschig, LL.M."}]},{"@type":"WebSite","@id":"https:\/\/www.gamapa.de\/pl\/#website","url":"https:\/\/www.gamapa.de\/pl\/","name":"GANTEF\u00dcHRER","description":"Wirtschaftspr\u00fcfer, Steuerberater, Rechtsanw\u00e4lte","publisher":{"@id":"https:\/\/www.gamapa.de\/pl\/#organization"},"potentialAction":[{"@type":"SearchAction","target":{"@type":"EntryPoint","urlTemplate":"https:\/\/www.gamapa.de\/pl\/?s={search_term_string}"},"query-input":{"@type":"PropertyValueSpecification","valueRequired":true,"valueName":"search_term_string"}}],"inLanguage":"pl-PL"},{"@type":"Organization","@id":"https:\/\/www.gamapa.de\/pl\/#organization","name":"Gantef\u00fchrer Wirtschaftspr\u00fcfer, Steuerberater, Rechtsanw\u00e4lte","url":"https:\/\/www.gamapa.de\/pl\/","logo":{"@type":"ImageObject","inLanguage":"pl-PL","@id":"https:\/\/www.gamapa.de\/pl\/#\/schema\/logo\/image\/","url":"https:\/\/www.gamapa.de\/wp-content\/uploads\/2026\/01\/Logo-Gantefuehrer.png","contentUrl":"https:\/\/www.gamapa.de\/wp-content\/uploads\/2026\/01\/Logo-Gantefuehrer.png","width":767,"height":156,"caption":"Gantef\u00fchrer Wirtschaftspr\u00fcfer, Steuerberater, Rechtsanw\u00e4lte"},"image":{"@id":"https:\/\/www.gamapa.de\/pl\/#\/schema\/logo\/image\/"}}]}},"uagb_featured_image_src":{"full":["https:\/\/www.gamapa.de\/wp-content\/uploads\/2025\/12\/Eltzschig-2.jpg",1700,1014,false],"thumbnail":["https:\/\/www.gamapa.de\/wp-content\/uploads\/2025\/12\/Eltzschig-2-150x150.jpg",150,150,true],"medium":["https:\/\/www.gamapa.de\/wp-content\/uploads\/2025\/12\/Eltzschig-2-600x358.jpg",600,358,true],"medium_large":["https:\/\/www.gamapa.de\/wp-content\/uploads\/2025\/12\/Eltzschig-2-768x458.jpg",580,346,true],"large":["https:\/\/www.gamapa.de\/wp-content\/uploads\/2025\/12\/Eltzschig-2.jpg",580,346,false],"gs-tiny":["https:\/\/www.gamapa.de\/wp-content\/uploads\/2025\/12\/Eltzschig-2-50x30.jpg",50,30,true],"xl":["https:\/\/www.gamapa.de\/wp-content\/uploads\/2025\/12\/Eltzschig-2-1600x954.jpg",1600,954,true],"xxl":["https:\/\/www.gamapa.de\/wp-content\/uploads\/2025\/12\/Eltzschig-2.jpg",1700,1014,false],"xxxl":["https:\/\/www.gamapa.de\/wp-content\/uploads\/2025\/12\/Eltzschig-2.jpg",1700,1014,false],"xxxxl":["https:\/\/www.gamapa.de\/wp-content\/uploads\/2025\/12\/Eltzschig-2.jpg",1700,1014,false],"xxxxxl":["https:\/\/www.gamapa.de\/wp-content\/uploads\/2025\/12\/Eltzschig-2.jpg",1700,1014,false],"1536x1536":["https:\/\/www.gamapa.de\/wp-content\/uploads\/2025\/12\/Eltzschig-2-1536x916.jpg",1536,916,true],"2048x2048":["https:\/\/www.gamapa.de\/wp-content\/uploads\/2025\/12\/Eltzschig-2.jpg",1700,1014,false],"post-thumbnail":["https:\/\/www.gamapa.de\/wp-content\/uploads\/2025\/12\/Eltzschig-2.jpg",1700,1014,false],"twentytwenty-fullscreen":["https:\/\/www.gamapa.de\/wp-content\/uploads\/2025\/12\/Eltzschig-2.jpg",1700,1014,false],"theme-slug-single-post":["https:\/\/www.gamapa.de\/wp-content\/uploads\/2025\/12\/Eltzschig-2-1600x400.jpg",1600,400,true]},"uagb_author_info":{"display_name":"ninasenft","author_link":"https:\/\/www.gamapa.de\/pl\/author\/ninasenft\/"},"uagb_comment_info":0,"uagb_excerpt":"Specjalizacje Przebieg kariery zawodowej 1995-2002 Studia prawnicze na Uniwersytecie w Kolonii oraz na Universit\u00e9 de Paris I (Paris I\/Sorbonne) 2002-2007 Pracownik naukowy, Uniwersytet w Kolonii 2005-2007 Sta\u017c prawniczy w Kolonii 2007-2013 Prawnik w Cleary, Gottlieb, Steen &amp; Hamilton w Kolonii i Frankfurcie 2013-2021 Adwokat w DLA Piper w Kolonii (od 2015 r. jako partner) 2021-2023&hellip;","_links":{"self":[{"href":"https:\/\/www.gamapa.de\/pl\/wp-json\/wp\/v2\/pages\/22876","targetHints":{"allow":["GET"]}}],"collection":[{"href":"https:\/\/www.gamapa.de\/pl\/wp-json\/wp\/v2\/pages"}],"about":[{"href":"https:\/\/www.gamapa.de\/pl\/wp-json\/wp\/v2\/types\/page"}],"author":[{"embeddable":true,"href":"https:\/\/www.gamapa.de\/pl\/wp-json\/wp\/v2\/users\/11"}],"replies":[{"embeddable":true,"href":"https:\/\/www.gamapa.de\/pl\/wp-json\/wp\/v2\/comments?post=22876"}],"version-history":[{"count":3,"href":"https:\/\/www.gamapa.de\/pl\/wp-json\/wp\/v2\/pages\/22876\/revisions"}],"predecessor-version":[{"id":23816,"href":"https:\/\/www.gamapa.de\/pl\/wp-json\/wp\/v2\/pages\/22876\/revisions\/23816"}],"up":[{"embeddable":true,"href":"https:\/\/www.gamapa.de\/pl\/wp-json\/wp\/v2\/pages\/5643"}],"wp:featuredmedia":[{"embeddable":true,"href":"https:\/\/www.gamapa.de\/pl\/wp-json\/wp\/v2\/media\/23119"}],"wp:attachment":[{"href":"https:\/\/www.gamapa.de\/pl\/wp-json\/wp\/v2\/media?parent=22876"}],"curies":[{"name":"wp","href":"https:\/\/api.w.org\/{rel}","templated":true}]}}