

{"id":23528,"date":"2022-11-11T18:19:54","date_gmt":"2022-11-11T17:19:54","guid":{"rendered":"https:\/\/www.gamapa.de\/dziedziny-swiadczonych-uslug-doradczych\/doradztwo-podatkowe\/versicherungswirtschaft\/"},"modified":"2026-01-16T22:19:37","modified_gmt":"2026-01-16T21:19:37","slug":"branza-ubezpieczeniowa","status":"publish","type":"page","link":"https:\/\/www.gamapa.de\/pl\/dziedziny-swiadczonych-uslug-doradczych\/doradztwo-podatkowe\/branza-ubezpieczeniowa\/","title":{"rendered":"Bran\u017ca ubezpieczeniowa"},"content":{"rendered":"\n<p>Im Spannungsfeld von aufsichtsrechtlicher und steuerlicher Regulierung einerseits und den sich ver\u00e4ndernden Marktbedingungen durch neue Wettbewerber mit innovativen Gesch\u00e4ftsmodellen, einem ver\u00e4nderten Kundenverhalten und geopolitischer Verschiebungen andererseits stehen Unternehmen der Versicherungsbranche vor den vielleicht gravierendsten Ver\u00e4nderungen der letzten Jahrzehnte.<\/p>\n\n\n\n<p>Dabei fordern insbesondere sich versch\u00e4rfende steuerlichen Melde- und Compliance-Pflichten, sowie die Ausgestaltung eines nachhaltigen Gesch\u00e4ftsmodells die Unternehmen heraus.&nbsp;&nbsp;<br><br>Wir beraten alle Akteure der Versicherungsbranche gleicherma\u00dfen mit tiefgreifendem Know-how und in der besonderen interdisziplin\u00e4ren Zusammenarbeit unseres Hauses. Unabh\u00e4ngig davon, ob Versicherungsunternehmen, Vermittler oder Einrichtungen der betrieblichen Altersversorgung (EbAV)<strong>.<\/strong><\/p>\n\n\n\n<h3 class=\"wp-block-heading\">Unsere Beratungsfelder:<\/h3>\n\n\n\n<ul class=\"wp-block-list\">\n<li>Erstellung von Steuererkl\u00e4rungen und -berechnungen<\/li>\n\n\n\n<li>Nationale und internationale Fragen des Unternehmenssteuerrechts von Unternehmen der Versicherungswirtschaft (u.a. zum Thema Steuerbilanzierung)<\/li>\n\n\n\n<li>Steuerliche Beratung der Versicherungsbranche im Hinblick auf indirekte Steuern (Versicherung- und Feuerschutzsteuer, Umsatzsteuer)<\/li>\n\n\n\n<li>Produktsteuerrecht insbesondere bei der Entwicklung neuer Versicherungsl\u00f6sungen (u.a. zu Fragen des Kapitalertragsteuerrechts)<\/li>\n\n\n\n<li>Begleitung von steuerlichen Betriebspr\u00fcfungen und Verhandlungen mit den Finanzbeh\u00f6rden der L\u00e4nder und des Bundes<\/li>\n\n\n\n<li>Steuerliche Beratung im Umfeld der Kapitalanlagestrategien unter Ber\u00fccksichtigung des Investmentsteuer- und Au\u00dfensteuerrechts<\/li>\n\n\n\n<li>Beratung im Rahmen der Optimierung von Steuerfunktionen unter Ber\u00fccksichtigung der aufsichtsrechtlichen Vorgaben der MaGo und der Erwartungshaltung von Finanzbeh\u00f6rden.<\/li>\n\n\n\n<li>Zertifizierung von Tax Compliance Management Systemen nach IDW PS 980<\/li>\n\n\n\n<li>\u00dcbernahme der Aufgaben und Verantwortlichkeiten einer Steuerabteilung durch Auslagerung<\/li>\n\n\n\n<li>Erstellung von Steuerreports im Rahmen der Rechnungslegung und aufsichtsrechtlichen Regelungen nach Solvency II<\/li>\n\n\n\n<li>\u00dcbernahme von T\u00e4tigkeiten der Internen Revision im Rahmen des Co-Sourcings bei Pr\u00fcfungen steuerlicher Prozesse<\/li>\n\n\n\n<li>Erbringung von steuerlichen Due Diligence Leistungen<\/li>\n\n\n\n<li>Begleitung und Durchf\u00fchrung von au\u00dfergerichtlichen und gerichtlichen Rechtsbehelfsverfahren insbesondere in Fragen des Versicherungsteuerrechts<\/li>\n\n\n\n<li>Unterst\u00fctzung bei der Verkn\u00fcpfung von Nachhaltigkeitsaspekten und steuerlichen Rahmenbedingungen in den Unternehmen insbesondere vor dem Hintergrund von Meldepflichten gegen\u00fcber Kunden, Investoren und Beh\u00f6rden<\/li>\n<\/ul>\n\n\n\n<h3 class=\"wp-block-heading\">Ihre Ansprechpartner:<\/h3>\n\n\n\n<div class=\"wp-block-columns is-layout-flex wp-container-core-columns-is-layout-9d6595d7 wp-block-columns-is-layout-flex\">\n<div class=\"wp-block-column is-layout-flow wp-block-column-is-layout-flow\">\n<figure class=\"wp-block-image size-large\"><img loading=\"lazy\" decoding=\"async\" width=\"2400\" height=\"1600\" src=\"https:\/\/www.gamapa.de\/wp-content\/uploads\/2022\/11\/HW_7302-2400x1600.jpg\" alt=\"\" class=\"wp-image-13660\" srcset=\"https:\/\/www.gamapa.de\/wp-content\/uploads\/2022\/11\/HW_7302-2400x1600.jpg 2400w, https:\/\/www.gamapa.de\/wp-content\/uploads\/2022\/11\/HW_7302-600x400.jpg 600w, https:\/\/www.gamapa.de\/wp-content\/uploads\/2022\/11\/HW_7302-768x512.jpg 768w, https:\/\/www.gamapa.de\/wp-content\/uploads\/2022\/11\/HW_7302-1600x1067.jpg 1600w, https:\/\/www.gamapa.de\/wp-content\/uploads\/2022\/11\/HW_7302-1536x1024.jpg 1536w, https:\/\/www.gamapa.de\/wp-content\/uploads\/2022\/11\/HW_7302-2048x1365.jpg 2048w\" sizes=\"auto, (max-width: 2400px) 100vw, 2400px\" \/><\/figure>\n\n\n\n<p><a href=\"https:\/\/www.gamapa.de\/pl\/doradcy\/daniel-troost-doradca-podatkowy-partner\/\" target=\"_blank\" rel=\"noreferrer noopener\"><strong>Daniel Troost<\/strong><\/a><\/p>\n<\/div>\n\n\n\n<div class=\"wp-block-column is-layout-flow wp-block-column-is-layout-flow\">\n<figure class=\"wp-block-image size-large\"><img loading=\"lazy\" decoding=\"async\" width=\"2400\" height=\"1600\" src=\"https:\/\/www.gamapa.de\/wp-content\/uploads\/2022\/11\/HW_7568-2400x1600.jpg\" alt=\"\" class=\"wp-image-13665\" srcset=\"https:\/\/www.gamapa.de\/wp-content\/uploads\/2022\/11\/HW_7568-2400x1600.jpg 2400w, https:\/\/www.gamapa.de\/wp-content\/uploads\/2022\/11\/HW_7568-600x400.jpg 600w, https:\/\/www.gamapa.de\/wp-content\/uploads\/2022\/11\/HW_7568-768x512.jpg 768w, https:\/\/www.gamapa.de\/wp-content\/uploads\/2022\/11\/HW_7568-1600x1067.jpg 1600w, https:\/\/www.gamapa.de\/wp-content\/uploads\/2022\/11\/HW_7568-1536x1024.jpg 1536w, https:\/\/www.gamapa.de\/wp-content\/uploads\/2022\/11\/HW_7568-2048x1365.jpg 2048w\" sizes=\"auto, (max-width: 2400px) 100vw, 2400px\" \/><\/figure>\n\n\n\n<p><a href=\"https:\/\/www.gamapa.de\/pl\/doradcy\/birgit-voss-doradca-podatkowy-adwokat-radca-prawny\/\" target=\"_blank\" rel=\"noreferrer noopener\"><strong>Birgit Vo\u00df<\/strong><\/a><\/p>\n<\/div>\n<\/div>\n","protected":false},"excerpt":{"rendered":"<p>Im Spannungsfeld von aufsichtsrechtlicher und steuerlicher Regulierung einerseits und den sich ver\u00e4ndernden Marktbedingungen durch neue Wettbewerber mit innovativen Gesch\u00e4ftsmodellen, einem ver\u00e4nderten Kundenverhalten und geopolitischer Verschiebungen andererseits stehen Unternehmen der Versicherungsbranche vor den vielleicht gravierendsten Ver\u00e4nderungen der letzten Jahrzehnte. Dabei fordern insbesondere sich versch\u00e4rfende steuerlichen Melde- und Compliance-Pflichten, sowie die Ausgestaltung eines nachhaltigen Gesch\u00e4ftsmodells die Unternehmen <a href=\"https:\/\/www.gamapa.de\/pl\/dziedziny-swiadczonych-uslug-doradczych\/doradztwo-podatkowe\/branza-ubezpieczeniowa\/\">[\u2026]<\/a><\/p>\n","protected":false},"author":1,"featured_media":13630,"parent":5655,"menu_order":9,"comment_status":"closed","ping_status":"closed","template":"templates\/template-simple-site.php","meta":{"_acf_changed":false,"_uag_custom_page_level_css":"","footnotes":""},"class_list":["post-23528","page","type-page","status-publish","has-post-thumbnail","hentry"],"acf":[],"yoast_head":"<!-- This site is optimized with the Yoast SEO plugin v27.3 - https:\/\/yoast.com\/product\/yoast-seo-wordpress\/ -->\n<title>Bran\u017ca ubezpieczeniowa - GANTEF\u00dcHRER<\/title>\n<meta name=\"robots\" content=\"index, follow, max-snippet:-1, max-image-preview:large, max-video-preview:-1\" \/>\n<link rel=\"canonical\" href=\"https:\/\/www.gamapa.de\/pl\/dziedziny-swiadczonych-uslug-doradczych\/doradztwo-podatkowe\/branza-ubezpieczeniowa\/\" \/>\n<meta property=\"og:locale\" content=\"pl_PL\" \/>\n<meta property=\"og:type\" content=\"article\" \/>\n<meta property=\"og:title\" content=\"Bran\u017ca ubezpieczeniowa - GANTEF\u00dcHRER\" \/>\n<meta property=\"og:description\" content=\"Im Spannungsfeld von aufsichtsrechtlicher und steuerlicher Regulierung einerseits und den sich ver\u00e4ndernden Marktbedingungen durch neue Wettbewerber mit innovativen Gesch\u00e4ftsmodellen, einem ver\u00e4nderten Kundenverhalten und geopolitischer Verschiebungen andererseits stehen Unternehmen der Versicherungsbranche vor den vielleicht gravierendsten Ver\u00e4nderungen der letzten Jahrzehnte. Dabei fordern insbesondere sich versch\u00e4rfende steuerlichen Melde- und Compliance-Pflichten, sowie die Ausgestaltung eines nachhaltigen Gesch\u00e4ftsmodells die Unternehmen [\u2026]\" \/>\n<meta property=\"og:url\" content=\"https:\/\/www.gamapa.de\/pl\/dziedziny-swiadczonych-uslug-doradczych\/doradztwo-podatkowe\/branza-ubezpieczeniowa\/\" \/>\n<meta property=\"og:site_name\" content=\"GANTEF\u00dcHRER\" \/>\n<meta property=\"article:modified_time\" content=\"2026-01-16T21:19:37+00:00\" \/>\n<meta property=\"og:image\" content=\"https:\/\/www.gamapa.de\/wp-content\/uploads\/2022\/11\/Header-Versicherungswirtschaft-2-scaled.jpg\" \/>\n\t<meta property=\"og:image:width\" content=\"2560\" \/>\n\t<meta property=\"og:image:height\" content=\"764\" \/>\n\t<meta property=\"og:image:type\" content=\"image\/jpeg\" \/>\n<meta name=\"twitter:card\" content=\"summary_large_image\" \/>\n<meta name=\"twitter:label1\" content=\"Szacowany czas czytania\" \/>\n\t<meta name=\"twitter:data1\" content=\"3 minuty\" \/>\n<script type=\"application\/ld+json\" class=\"yoast-schema-graph\">{\"@context\":\"https:\\\/\\\/schema.org\",\"@graph\":[{\"@type\":\"WebPage\",\"@id\":\"https:\\\/\\\/www.gamapa.de\\\/pl\\\/dziedziny-swiadczonych-uslug-doradczych\\\/doradztwo-podatkowe\\\/branza-ubezpieczeniowa\\\/\",\"url\":\"https:\\\/\\\/www.gamapa.de\\\/pl\\\/dziedziny-swiadczonych-uslug-doradczych\\\/doradztwo-podatkowe\\\/branza-ubezpieczeniowa\\\/\",\"name\":\"Bran\u017ca ubezpieczeniowa - GANTEF\u00dcHRER\",\"isPartOf\":{\"@id\":\"https:\\\/\\\/www.gamapa.de\\\/pl\\\/#website\"},\"primaryImageOfPage\":{\"@id\":\"https:\\\/\\\/www.gamapa.de\\\/pl\\\/dziedziny-swiadczonych-uslug-doradczych\\\/doradztwo-podatkowe\\\/branza-ubezpieczeniowa\\\/#primaryimage\"},\"image\":{\"@id\":\"https:\\\/\\\/www.gamapa.de\\\/pl\\\/dziedziny-swiadczonych-uslug-doradczych\\\/doradztwo-podatkowe\\\/branza-ubezpieczeniowa\\\/#primaryimage\"},\"thumbnailUrl\":\"https:\\\/\\\/www.gamapa.de\\\/wp-content\\\/uploads\\\/2022\\\/11\\\/Header-Versicherungswirtschaft-2-scaled.jpg\",\"datePublished\":\"2022-11-11T17:19:54+00:00\",\"dateModified\":\"2026-01-16T21:19:37+00:00\",\"breadcrumb\":{\"@id\":\"https:\\\/\\\/www.gamapa.de\\\/pl\\\/dziedziny-swiadczonych-uslug-doradczych\\\/doradztwo-podatkowe\\\/branza-ubezpieczeniowa\\\/#breadcrumb\"},\"inLanguage\":\"pl-PL\",\"potentialAction\":[{\"@type\":\"ReadAction\",\"target\":[\"https:\\\/\\\/www.gamapa.de\\\/pl\\\/dziedziny-swiadczonych-uslug-doradczych\\\/doradztwo-podatkowe\\\/branza-ubezpieczeniowa\\\/\"]}]},{\"@type\":\"ImageObject\",\"inLanguage\":\"pl-PL\",\"@id\":\"https:\\\/\\\/www.gamapa.de\\\/pl\\\/dziedziny-swiadczonych-uslug-doradczych\\\/doradztwo-podatkowe\\\/branza-ubezpieczeniowa\\\/#primaryimage\",\"url\":\"https:\\\/\\\/www.gamapa.de\\\/wp-content\\\/uploads\\\/2022\\\/11\\\/Header-Versicherungswirtschaft-2-scaled.jpg\",\"contentUrl\":\"https:\\\/\\\/www.gamapa.de\\\/wp-content\\\/uploads\\\/2022\\\/11\\\/Header-Versicherungswirtschaft-2-scaled.jpg\",\"width\":2560,\"height\":764,\"caption\":\"Versicherungswirtschaft\"},{\"@type\":\"BreadcrumbList\",\"@id\":\"https:\\\/\\\/www.gamapa.de\\\/pl\\\/dziedziny-swiadczonych-uslug-doradczych\\\/doradztwo-podatkowe\\\/branza-ubezpieczeniowa\\\/#breadcrumb\",\"itemListElement\":[{\"@type\":\"ListItem\",\"position\":1,\"name\":\"Startseite\",\"item\":\"https:\\\/\\\/www.gamapa.de\\\/pl\\\/\"},{\"@type\":\"ListItem\",\"position\":2,\"name\":\"Obszar konsultacji\",\"item\":\"https:\\\/\\\/www.gamapa.de\\\/pl\\\/dziedziny-swiadczonych-uslug-doradczych\\\/\"},{\"@type\":\"ListItem\",\"position\":3,\"name\":\"Doradztwo podatkowe\",\"item\":\"https:\\\/\\\/www.gamapa.de\\\/pl\\\/dziedziny-swiadczonych-uslug-doradczych\\\/doradztwo-podatkowe\\\/\"},{\"@type\":\"ListItem\",\"position\":4,\"name\":\"Bran\u017ca ubezpieczeniowa\"}]},{\"@type\":\"WebSite\",\"@id\":\"https:\\\/\\\/www.gamapa.de\\\/pl\\\/#website\",\"url\":\"https:\\\/\\\/www.gamapa.de\\\/pl\\\/\",\"name\":\"GANTEF\u00dcHRER\",\"description\":\"Wirtschaftspr\u00fcfer, Steuerberater, Rechtsanw\u00e4lte\",\"publisher\":{\"@id\":\"https:\\\/\\\/www.gamapa.de\\\/pl\\\/#organization\"},\"potentialAction\":[{\"@type\":\"SearchAction\",\"target\":{\"@type\":\"EntryPoint\",\"urlTemplate\":\"https:\\\/\\\/www.gamapa.de\\\/pl\\\/?s={search_term_string}\"},\"query-input\":{\"@type\":\"PropertyValueSpecification\",\"valueRequired\":true,\"valueName\":\"search_term_string\"}}],\"inLanguage\":\"pl-PL\"},{\"@type\":\"Organization\",\"@id\":\"https:\\\/\\\/www.gamapa.de\\\/pl\\\/#organization\",\"name\":\"Gantef\u00fchrer Wirtschaftspr\u00fcfer, Steuerberater, Rechtsanw\u00e4lte\",\"url\":\"https:\\\/\\\/www.gamapa.de\\\/pl\\\/\",\"logo\":{\"@type\":\"ImageObject\",\"inLanguage\":\"pl-PL\",\"@id\":\"https:\\\/\\\/www.gamapa.de\\\/pl\\\/#\\\/schema\\\/logo\\\/image\\\/\",\"url\":\"https:\\\/\\\/www.gamapa.de\\\/wp-content\\\/uploads\\\/2026\\\/01\\\/Logo-Gantefuehrer.png\",\"contentUrl\":\"https:\\\/\\\/www.gamapa.de\\\/wp-content\\\/uploads\\\/2026\\\/01\\\/Logo-Gantefuehrer.png\",\"width\":767,\"height\":156,\"caption\":\"Gantef\u00fchrer Wirtschaftspr\u00fcfer, Steuerberater, Rechtsanw\u00e4lte\"},\"image\":{\"@id\":\"https:\\\/\\\/www.gamapa.de\\\/pl\\\/#\\\/schema\\\/logo\\\/image\\\/\"}}]}<\/script>\n<!-- \/ Yoast SEO plugin. -->","yoast_head_json":{"title":"Bran\u017ca ubezpieczeniowa - GANTEF\u00dcHRER","robots":{"index":"index","follow":"follow","max-snippet":"max-snippet:-1","max-image-preview":"max-image-preview:large","max-video-preview":"max-video-preview:-1"},"canonical":"https:\/\/www.gamapa.de\/pl\/dziedziny-swiadczonych-uslug-doradczych\/doradztwo-podatkowe\/branza-ubezpieczeniowa\/","og_locale":"pl_PL","og_type":"article","og_title":"Bran\u017ca ubezpieczeniowa - GANTEF\u00dcHRER","og_description":"Im Spannungsfeld von aufsichtsrechtlicher und steuerlicher Regulierung einerseits und den sich ver\u00e4ndernden Marktbedingungen durch neue Wettbewerber mit innovativen Gesch\u00e4ftsmodellen, einem ver\u00e4nderten Kundenverhalten und geopolitischer Verschiebungen andererseits stehen Unternehmen der Versicherungsbranche vor den vielleicht gravierendsten Ver\u00e4nderungen der letzten Jahrzehnte. Dabei fordern insbesondere sich versch\u00e4rfende steuerlichen Melde- und Compliance-Pflichten, sowie die Ausgestaltung eines nachhaltigen Gesch\u00e4ftsmodells die Unternehmen [\u2026]","og_url":"https:\/\/www.gamapa.de\/pl\/dziedziny-swiadczonych-uslug-doradczych\/doradztwo-podatkowe\/branza-ubezpieczeniowa\/","og_site_name":"GANTEF\u00dcHRER","article_modified_time":"2026-01-16T21:19:37+00:00","og_image":[{"width":2560,"height":764,"url":"https:\/\/www.gamapa.de\/wp-content\/uploads\/2022\/11\/Header-Versicherungswirtschaft-2-scaled.jpg","type":"image\/jpeg"}],"twitter_card":"summary_large_image","twitter_misc":{"Szacowany czas czytania":"3 minuty"},"schema":{"@context":"https:\/\/schema.org","@graph":[{"@type":"WebPage","@id":"https:\/\/www.gamapa.de\/pl\/dziedziny-swiadczonych-uslug-doradczych\/doradztwo-podatkowe\/branza-ubezpieczeniowa\/","url":"https:\/\/www.gamapa.de\/pl\/dziedziny-swiadczonych-uslug-doradczych\/doradztwo-podatkowe\/branza-ubezpieczeniowa\/","name":"Bran\u017ca ubezpieczeniowa - GANTEF\u00dcHRER","isPartOf":{"@id":"https:\/\/www.gamapa.de\/pl\/#website"},"primaryImageOfPage":{"@id":"https:\/\/www.gamapa.de\/pl\/dziedziny-swiadczonych-uslug-doradczych\/doradztwo-podatkowe\/branza-ubezpieczeniowa\/#primaryimage"},"image":{"@id":"https:\/\/www.gamapa.de\/pl\/dziedziny-swiadczonych-uslug-doradczych\/doradztwo-podatkowe\/branza-ubezpieczeniowa\/#primaryimage"},"thumbnailUrl":"https:\/\/www.gamapa.de\/wp-content\/uploads\/2022\/11\/Header-Versicherungswirtschaft-2-scaled.jpg","datePublished":"2022-11-11T17:19:54+00:00","dateModified":"2026-01-16T21:19:37+00:00","breadcrumb":{"@id":"https:\/\/www.gamapa.de\/pl\/dziedziny-swiadczonych-uslug-doradczych\/doradztwo-podatkowe\/branza-ubezpieczeniowa\/#breadcrumb"},"inLanguage":"pl-PL","potentialAction":[{"@type":"ReadAction","target":["https:\/\/www.gamapa.de\/pl\/dziedziny-swiadczonych-uslug-doradczych\/doradztwo-podatkowe\/branza-ubezpieczeniowa\/"]}]},{"@type":"ImageObject","inLanguage":"pl-PL","@id":"https:\/\/www.gamapa.de\/pl\/dziedziny-swiadczonych-uslug-doradczych\/doradztwo-podatkowe\/branza-ubezpieczeniowa\/#primaryimage","url":"https:\/\/www.gamapa.de\/wp-content\/uploads\/2022\/11\/Header-Versicherungswirtschaft-2-scaled.jpg","contentUrl":"https:\/\/www.gamapa.de\/wp-content\/uploads\/2022\/11\/Header-Versicherungswirtschaft-2-scaled.jpg","width":2560,"height":764,"caption":"Versicherungswirtschaft"},{"@type":"BreadcrumbList","@id":"https:\/\/www.gamapa.de\/pl\/dziedziny-swiadczonych-uslug-doradczych\/doradztwo-podatkowe\/branza-ubezpieczeniowa\/#breadcrumb","itemListElement":[{"@type":"ListItem","position":1,"name":"Startseite","item":"https:\/\/www.gamapa.de\/pl\/"},{"@type":"ListItem","position":2,"name":"Obszar konsultacji","item":"https:\/\/www.gamapa.de\/pl\/dziedziny-swiadczonych-uslug-doradczych\/"},{"@type":"ListItem","position":3,"name":"Doradztwo podatkowe","item":"https:\/\/www.gamapa.de\/pl\/dziedziny-swiadczonych-uslug-doradczych\/doradztwo-podatkowe\/"},{"@type":"ListItem","position":4,"name":"Bran\u017ca ubezpieczeniowa"}]},{"@type":"WebSite","@id":"https:\/\/www.gamapa.de\/pl\/#website","url":"https:\/\/www.gamapa.de\/pl\/","name":"GANTEF\u00dcHRER","description":"Wirtschaftspr\u00fcfer, Steuerberater, Rechtsanw\u00e4lte","publisher":{"@id":"https:\/\/www.gamapa.de\/pl\/#organization"},"potentialAction":[{"@type":"SearchAction","target":{"@type":"EntryPoint","urlTemplate":"https:\/\/www.gamapa.de\/pl\/?s={search_term_string}"},"query-input":{"@type":"PropertyValueSpecification","valueRequired":true,"valueName":"search_term_string"}}],"inLanguage":"pl-PL"},{"@type":"Organization","@id":"https:\/\/www.gamapa.de\/pl\/#organization","name":"Gantef\u00fchrer Wirtschaftspr\u00fcfer, Steuerberater, Rechtsanw\u00e4lte","url":"https:\/\/www.gamapa.de\/pl\/","logo":{"@type":"ImageObject","inLanguage":"pl-PL","@id":"https:\/\/www.gamapa.de\/pl\/#\/schema\/logo\/image\/","url":"https:\/\/www.gamapa.de\/wp-content\/uploads\/2026\/01\/Logo-Gantefuehrer.png","contentUrl":"https:\/\/www.gamapa.de\/wp-content\/uploads\/2026\/01\/Logo-Gantefuehrer.png","width":767,"height":156,"caption":"Gantef\u00fchrer Wirtschaftspr\u00fcfer, Steuerberater, Rechtsanw\u00e4lte"},"image":{"@id":"https:\/\/www.gamapa.de\/pl\/#\/schema\/logo\/image\/"}}]}},"uagb_featured_image_src":{"full":["https:\/\/www.gamapa.de\/wp-content\/uploads\/2022\/11\/Header-Versicherungswirtschaft-2-scaled.jpg",2560,764,false],"thumbnail":["https:\/\/www.gamapa.de\/wp-content\/uploads\/2022\/11\/Header-Versicherungswirtschaft-2-150x150.jpg",150,150,true],"medium":["https:\/\/www.gamapa.de\/wp-content\/uploads\/2022\/11\/Header-Versicherungswirtschaft-2-600x179.jpg",600,179,true],"medium_large":["https:\/\/www.gamapa.de\/wp-content\/uploads\/2022\/11\/Header-Versicherungswirtschaft-2-768x229.jpg",580,173,true],"large":["https:\/\/www.gamapa.de\/wp-content\/uploads\/2022\/11\/Header-Versicherungswirtschaft-2-scaled.jpg",580,173,false],"gs-tiny":["https:\/\/www.gamapa.de\/wp-content\/uploads\/2022\/11\/Header-Versicherungswirtschaft-2-scaled.jpg",50,15,false],"xl":["https:\/\/www.gamapa.de\/wp-content\/uploads\/2022\/11\/Header-Versicherungswirtschaft-2-1600x477.jpg",1600,477,true],"xxl":["https:\/\/www.gamapa.de\/wp-content\/uploads\/2022\/11\/Header-Versicherungswirtschaft-2-2200x656.jpg",2200,656,true],"xxxl":["https:\/\/www.gamapa.de\/wp-content\/uploads\/2022\/11\/Header-Versicherungswirtschaft-2-2800x835.jpg",2800,835,true],"xxxxl":["https:\/\/www.gamapa.de\/wp-content\/uploads\/2022\/11\/Header-Versicherungswirtschaft-2-scaled.jpg",2560,764,false],"xxxxxl":["https:\/\/www.gamapa.de\/wp-content\/uploads\/2022\/11\/Header-Versicherungswirtschaft-2-scaled.jpg",2560,764,false],"1536x1536":["https:\/\/www.gamapa.de\/wp-content\/uploads\/2022\/11\/Header-Versicherungswirtschaft-2-1536x458.jpg",1536,458,true],"2048x2048":["https:\/\/www.gamapa.de\/wp-content\/uploads\/2022\/11\/Header-Versicherungswirtschaft-2-2048x611.jpg",2048,611,true],"post-thumbnail":["https:\/\/www.gamapa.de\/wp-content\/uploads\/2022\/11\/Header-Versicherungswirtschaft-2-scaled.jpg",2560,764,false],"twentytwenty-fullscreen":["https:\/\/www.gamapa.de\/wp-content\/uploads\/2022\/11\/Header-Versicherungswirtschaft-2-scaled.jpg",2560,764,false],"theme-slug-single-post":["https:\/\/www.gamapa.de\/wp-content\/uploads\/2022\/11\/Header-Versicherungswirtschaft-2-1600x400.jpg",1600,400,true]},"uagb_author_info":{"display_name":"linda","author_link":"https:\/\/www.gamapa.de\/pl\/author\/linda\/"},"uagb_comment_info":0,"uagb_excerpt":"Im Spannungsfeld von aufsichtsrechtlicher und steuerlicher Regulierung einerseits und den sich ver\u00e4ndernden Marktbedingungen durch neue Wettbewerber mit innovativen Gesch\u00e4ftsmodellen, einem ver\u00e4nderten Kundenverhalten und geopolitischer Verschiebungen andererseits stehen Unternehmen der Versicherungsbranche vor den vielleicht gravierendsten Ver\u00e4nderungen der letzten Jahrzehnte. Dabei fordern insbesondere sich versch\u00e4rfende steuerlichen Melde- und Compliance-Pflichten, sowie die Ausgestaltung eines nachhaltigen Gesch\u00e4ftsmodells die Unternehmen&hellip;","_links":{"self":[{"href":"https:\/\/www.gamapa.de\/pl\/wp-json\/wp\/v2\/pages\/23528","targetHints":{"allow":["GET"]}}],"collection":[{"href":"https:\/\/www.gamapa.de\/pl\/wp-json\/wp\/v2\/pages"}],"about":[{"href":"https:\/\/www.gamapa.de\/pl\/wp-json\/wp\/v2\/types\/page"}],"author":[{"embeddable":true,"href":"https:\/\/www.gamapa.de\/pl\/wp-json\/wp\/v2\/users\/1"}],"replies":[{"embeddable":true,"href":"https:\/\/www.gamapa.de\/pl\/wp-json\/wp\/v2\/comments?post=23528"}],"version-history":[{"count":2,"href":"https:\/\/www.gamapa.de\/pl\/wp-json\/wp\/v2\/pages\/23528\/revisions"}],"predecessor-version":[{"id":23535,"href":"https:\/\/www.gamapa.de\/pl\/wp-json\/wp\/v2\/pages\/23528\/revisions\/23535"}],"up":[{"embeddable":true,"href":"https:\/\/www.gamapa.de\/pl\/wp-json\/wp\/v2\/pages\/5655"}],"wp:featuredmedia":[{"embeddable":true,"href":"https:\/\/www.gamapa.de\/pl\/wp-json\/wp\/v2\/media\/13630"}],"wp:attachment":[{"href":"https:\/\/www.gamapa.de\/pl\/wp-json\/wp\/v2\/media?parent=23528"}],"curies":[{"name":"wp","href":"https:\/\/api.w.org\/{rel}","templated":true}]}}